{"id":7448,"date":"2020-05-29T00:17:10","date_gmt":"2020-05-29T00:17:10","guid":{"rendered":"https:\/\/isf.fo\/?page_id=7448"},"modified":"2020-07-03T21:56:06","modified_gmt":"2020-07-03T21:56:06","slug":"rorsla","status":"publish","type":"page","link":"http:\/\/isf.fo\/en\/rorsla\/","title":{"rendered":"R\u00f8rsla \u00ed F\u00f8royum"},"content":{"rendered":"<h6 class=\"p1\"><img decoding=\"async\" class=\"alignnone wp-image-7600 lazyload\" data-src=\"https:\/\/d21ockg4ri0hhk.cloudfront.net\/wp-content\/uploads\/2020\/07\/30192804\/Vitja_fjallatoppar_facebook-700x367.png\" alt=\"\" width=\"900\" height=\"471\" data-srcset=\"http:\/\/d21ockg4ri0hhk.cloudfront.net\/wp-content\/uploads\/2020\/07\/30192804\/Vitja_fjallatoppar_facebook-700x367.png 700w, http:\/\/d21ockg4ri0hhk.cloudfront.net\/wp-content\/uploads\/2020\/07\/30192804\/Vitja_fjallatoppar_facebook-300x157.png 300w, http:\/\/d21ockg4ri0hhk.cloudfront.net\/wp-content\/uploads\/2020\/07\/30192804\/Vitja_fjallatoppar_facebook-768x402.png 768w, http:\/\/d21ockg4ri0hhk.cloudfront.net\/wp-content\/uploads\/2020\/07\/30192804\/Vitja_fjallatoppar_facebook-24x13.png 24w, http:\/\/d21ockg4ri0hhk.cloudfront.net\/wp-content\/uploads\/2020\/07\/30192804\/Vitja_fjallatoppar_facebook-36x19.png 36w, http:\/\/d21ockg4ri0hhk.cloudfront.net\/wp-content\/uploads\/2020\/07\/30192804\/Vitja_fjallatoppar_facebook-48x25.png 48w, http:\/\/d21ockg4ri0hhk.cloudfront.net\/wp-content\/uploads\/2020\/07\/30192804\/Vitja_fjallatoppar_facebook.png 1201w\" data-sizes=\"(max-width: 900px) 100vw, 900px\" src=\"data:image\/svg+xml;base64,PHN2ZyB3aWR0aD0iMSIgaGVpZ2h0PSIxIiB4bWxucz0iaHR0cDovL3d3dy53My5vcmcvMjAwMC9zdmciPjwvc3ZnPg==\" style=\"--smush-placeholder-width: 900px; --smush-placeholder-aspect-ratio: 900\/471;\" \/><\/h6>\n<p class=\"p2\"><span class=\"s1\">\u00cdSF og F\u00f3lkaheilsur\u00e1\u00f0i\u00f0 fara n\u00fa undir n\u00fdggja avbj\u00f3\u00f0ing fyri<span class=\"Apple-converted-space\">\u00a0 <\/span>at f\u00e1a f\u00f8royingar at r\u00f8ra seg, \u00ed allan juli m\u00e1na\u00f0a kunnu f\u00f8royingar vitja fjallatoppar og luttaka \u00ed kappingini um eitt vikuskifti \u00ed Mykinesi, sum endar vi\u00f0 eini rundfer\u00f0 kring F\u00f8royar vi\u00f0 tyrluni.<\/span><\/p>\n<p class=\"p2\"><span class=\"s1\">R\u00f8rsla \u00ed F\u00f8royum er kapping fyri familjur, bindiklubbar, vinf\u00f3lk, starvsfelagar og a\u00f0rar b\u00f3lkar.<\/span><\/p>\n<p class=\"p2\"><span class=\"s1\">\u00c1taki\u00f0 ver\u00f0ur avgreitt \u00ed samstarvi vi\u00f0 Sona og P\u00f3l Sundskar\u00f0.<\/span><\/p>\n<p>&nbsp;<\/p>\n<h3>Kekki\u00f0 inn \u00e1 Sona appini<\/h3>\n<p class=\"p1\"><span class=\"s1\">Fyri at vera vi\u00f0 \u00ed kappingini, skulu tit vitja fimm ymiskar fjalltoppar \u00ed juli og skr\u00e1seta t\u00farin \u00e1 Sona appini. <\/span><\/p>\n<p class=\"p1\"><span class=\"s1\">Fyri at skr\u00e1seta er ney\u00f0ugt, at t\u00fa ert innrita\u00f0\/ur \u00e1 Sona og hevur lokalitet tendra\u00f0 \u00e1 telefonini. Ta\u00f0 er umr\u00e1\u00f0andi, at t\u00fa kekkar inni \u00e1 Sona appini. <\/span><\/p>\n<p class=\"p1\"><span class=\"s1\">\u00d8ll, i\u00f0 hava kekka\u00f0 inn \u00ed<span class=\"Apple-converted-space\">\u00a0 <\/span>juii, eru vi\u00f0 \u00ed einum lutakasti um<strong> 5.000 kr. til at fer\u00f0ast \u00ed egnum landi<\/strong>, og tey sum vitja 5 fjallatoppar eru vi\u00f0 \u00ed kappingini um st\u00f3ra h\u00f8vu\u00f0svinningin, i\u00f0 ver\u00f0ur latin \u00ed august.<\/span><\/p>\n<p class=\"p1\"><span class=\"s1\">Enn ber eisini til at ganga 5 bygdag\u00f8tur og kekka inn fyri at vera vi\u00f0 \u00ed kappingini. <\/span><\/p>\n<p><strong><a href=\"https:\/\/hikewithpol.fo\/products?x=3&amp;_ProductFilterIds=7:192\"><img decoding=\"async\" class=\"alignleft wp-image-7509 lazyload\" data-src=\"https:\/\/d21ockg4ri0hhk.cloudfront.net\/wp-content\/uploads\/2020\/06\/30192815\/RGB_pos%400.5.png\" alt=\"\" width=\"100\" height=\"112\" data-srcset=\"http:\/\/d21ockg4ri0hhk.cloudfront.net\/wp-content\/uploads\/2020\/06\/30192815\/RGB_pos%400.5.png 199w, http:\/\/d21ockg4ri0hhk.cloudfront.net\/wp-content\/uploads\/2020\/06\/30192815\/RGB_pos%400.5-21x24.png 21w, http:\/\/d21ockg4ri0hhk.cloudfront.net\/wp-content\/uploads\/2020\/06\/30192815\/RGB_pos%400.5-32x36.png 32w, http:\/\/d21ockg4ri0hhk.cloudfront.net\/wp-content\/uploads\/2020\/06\/30192815\/RGB_pos%400.5-43x48.png 43w\" data-sizes=\"(max-width: 100px) 100vw, 100px\" src=\"data:image\/svg+xml;base64,PHN2ZyB3aWR0aD0iMSIgaGVpZ2h0PSIxIiB4bWxucz0iaHR0cDovL3d3dy53My5vcmcvMjAwMC9zdmciPjwvc3ZnPg==\" style=\"--smush-placeholder-width: 100px; --smush-placeholder-aspect-ratio: 100\/112;\" \/><\/a><\/strong><\/p>\n<p class=\"p1\"><span class=\"s1\">Fjallat\u00fararnir og bygdag\u00f8turnar eru allar v\u00edstar \u00e1 heimas\u00ed\u00f0uni<\/span><strong>\u00a0<a href=\"https:\/\/hikewithpol.fo\/products?x=3&amp;_ProductFilterIds=7:192\" target=\"_blank\" rel=\"noopener noreferrer\">http:\/\/pol.fo\u00a0<\/a><\/strong><\/p>\n<p class=\"p4\">Seinni \u00ed summar koma tv\u00e6r a\u00f0rar avbj\u00f3\u00f0ingar vi\u00f0 g\u00f3\u00f0um vinningum og m\u00f8guleika fyri at kappast um h\u00f8vu\u00f0svinningin.<\/p>\n<p>Vit hava eisini saman vi\u00f0 P\u00f3l Sundskar\u00f0 sett nakrar t\u00farar saman til teirra, i\u00f0 ikki megna fjallat\u00farar ella bygdag\u00f8tur. <a href=\"https:\/\/isf.fo\/en\/rorsla-fyri-oll-i-foroyum\/\">Les meira um ta\u00f0 her<\/a><\/p>\n<h2><img decoding=\"async\" class=\"alignnone wp-image-7458 lazyload\" data-src=\"https:\/\/d21ockg4ri0hhk.cloudfront.net\/wp-content\/uploads\/2020\/05\/30192822\/Gangid_vid_Tyrla-1-300x169.png\" alt=\"\" width=\"796\" height=\"448\" data-srcset=\"http:\/\/d21ockg4ri0hhk.cloudfront.net\/wp-content\/uploads\/2020\/05\/30192822\/Gangid_vid_Tyrla-1-300x169.png 300w, http:\/\/d21ockg4ri0hhk.cloudfront.net\/wp-content\/uploads\/2020\/05\/30192822\/Gangid_vid_Tyrla-1-700x394.png 700w, http:\/\/d21ockg4ri0hhk.cloudfront.net\/wp-content\/uploads\/2020\/05\/30192822\/Gangid_vid_Tyrla-1-768x432.png 768w, http:\/\/d21ockg4ri0hhk.cloudfront.net\/wp-content\/uploads\/2020\/05\/30192822\/Gangid_vid_Tyrla-1-24x14.png 24w, http:\/\/d21ockg4ri0hhk.cloudfront.net\/wp-content\/uploads\/2020\/05\/30192822\/Gangid_vid_Tyrla-1-36x20.png 36w, http:\/\/d21ockg4ri0hhk.cloudfront.net\/wp-content\/uploads\/2020\/05\/30192822\/Gangid_vid_Tyrla-1-48x27.png 48w, http:\/\/d21ockg4ri0hhk.cloudfront.net\/wp-content\/uploads\/2020\/05\/30192822\/Gangid_vid_Tyrla-1.png 801w\" data-sizes=\"(max-width: 796px) 100vw, 796px\" src=\"data:image\/svg+xml;base64,PHN2ZyB3aWR0aD0iMSIgaGVpZ2h0PSIxIiB4bWxucz0iaHR0cDovL3d3dy53My5vcmcvMjAwMC9zdmciPjwvc3ZnPg==\" style=\"--smush-placeholder-width: 796px; --smush-placeholder-aspect-ratio: 796\/448;\" \/><\/h2>\n<h2>H\u00f8vu\u00f0svinningurin<\/h2>\n<p>H\u00f8vu\u00f0svinningurin er eitt vikuskifti \u00ed Mykinesi fyri fimm f\u00f3lk, vi\u00f0 \u00f8llum \u00edrokna\u00f0um.<\/p>\n<p>Tit fl\u00fagva vi\u00f0 tyrluni \u00far V\u00e1gum fr\u00edggjadagin 7. august, og lenda \u00ed Mykinesi, har tit b\u00fagva \u00ed hugnaligu \u00e1 Lonini Guesthouse, har Oda fr\u00e1 GoLocal fer at vera um tykkum alt vikuskifti\u00f0.<\/p>\n<p>Tit gista \u00ed hugnaligum k\u00f8mrum undir v\u00e6\u00f0ingini \u00ed s\u00f8guliga gistingarh\u00fasinum. \u00c1 skr\u00e1nni er g\u00f3\u00f0ur f\u00f8royskur matur, s\u00f3lseturt\u00farur vi\u00f0 fer\u00f0alei\u00f0ara at hyggja at lundum og t\u00farur ni\u00f0an \u00e1 Kn\u00fak vi\u00f0 fer\u00f0alei\u00f0ara. Nj\u00f3ti\u00f0 hugnaligu bygdina og fri\u00f0in um kv\u00f8ldi\u00f0 vi\u00f0 \u00e1artutli og fuglasongi.\u00a0 Alt vikuskifti\u00f0 f\u00e1a tit lekran heimagj\u00f8rdan mat.<\/p>\n<p>Tyrlan kemur aftur eftir tykkum sunnudagin 9. august..\u00a0 \u00c1 veg heim aftur fl\u00fagva tit vi\u00f0 tyrluni til allar oyggjar \u00e1 rutunetinum hj\u00e1 tyrluni. Umbor\u00f0 \u00e1 tyrluni f\u00e1a tit \u00e1bit og okkurt fyri tostan.<\/p>\n<p><img decoding=\"async\" class=\"alignnone wp-image-7459 lazyload\" data-src=\"https:\/\/d21ockg4ri0hhk.cloudfront.net\/wp-content\/uploads\/2020\/05\/30192821\/Gangid_vid_Tyrla-copy-300x169.png\" alt=\"\" width=\"804\" height=\"453\" data-srcset=\"http:\/\/d21ockg4ri0hhk.cloudfront.net\/wp-content\/uploads\/2020\/05\/30192821\/Gangid_vid_Tyrla-copy-300x169.png 300w, http:\/\/d21ockg4ri0hhk.cloudfront.net\/wp-content\/uploads\/2020\/05\/30192821\/Gangid_vid_Tyrla-copy-700x394.png 700w, http:\/\/d21ockg4ri0hhk.cloudfront.net\/wp-content\/uploads\/2020\/05\/30192821\/Gangid_vid_Tyrla-copy-768x432.png 768w, http:\/\/d21ockg4ri0hhk.cloudfront.net\/wp-content\/uploads\/2020\/05\/30192821\/Gangid_vid_Tyrla-copy-24x14.png 24w, http:\/\/d21ockg4ri0hhk.cloudfront.net\/wp-content\/uploads\/2020\/05\/30192821\/Gangid_vid_Tyrla-copy-36x20.png 36w, http:\/\/d21ockg4ri0hhk.cloudfront.net\/wp-content\/uploads\/2020\/05\/30192821\/Gangid_vid_Tyrla-copy-48x27.png 48w, http:\/\/d21ockg4ri0hhk.cloudfront.net\/wp-content\/uploads\/2020\/05\/30192821\/Gangid_vid_Tyrla-copy.png 801w\" data-sizes=\"(max-width: 804px) 100vw, 804px\" src=\"data:image\/svg+xml;base64,PHN2ZyB3aWR0aD0iMSIgaGVpZ2h0PSIxIiB4bWxucz0iaHR0cDovL3d3dy53My5vcmcvMjAwMC9zdmciPjwvc3ZnPg==\" style=\"--smush-placeholder-width: 804px; --smush-placeholder-aspect-ratio: 804\/453;\" \/><\/p>\n<p>&nbsp;<\/p>","protected":false},"excerpt":{"rendered":"<p>\u00cdSF og F\u00f3lkaheilsur\u00e1\u00f0i\u00f0 fara n\u00fa undir n\u00fdggja avbj\u00f3\u00f0ing fyri\u00a0 at f\u00e1a f\u00f8royingar at r\u00f8ra seg, \u00ed allan juli m\u00e1na\u00f0a kunnu [&hellip;]<\/p>\n","protected":false},"author":6,"featured_media":0,"parent":0,"menu_order":13,"comment_status":"closed","ping_status":"closed","template":"","meta":{"_acf_changed":false,"_relevanssi_hide_post":"","_relevanssi_hide_content":"","_relevanssi_pin_for_all":"","_relevanssi_pin_keywords":"","_relevanssi_unpin_keywords":"","_relevanssi_related_keywords":"","_relevanssi_related_include_ids":"","_relevanssi_related_exclude_ids":"","_relevanssi_related_no_append":"","_relevanssi_related_not_related":"","_relevanssi_related_posts":"","_relevanssi_noindex_reason":"","inline_featured_image":false,"footnotes":""},"class_list":["post-7448","page","type-page","status-publish","hentry"],"acf":[],"yoast_head":"<!-- This site is optimized with the Yoast SEO plugin v27.6 - https:\/\/yoast.com\/product\/yoast-seo-wordpress\/ -->\n<title>R\u00f8rsla \u00ed F\u00f8royum - \u00cdtr\u00f3ttasamband F\u00f8roya<\/title>\n<meta name=\"robots\" content=\"index, follow, max-snippet:-1, max-image-preview:large, max-video-preview:-1\" \/>\n<link rel=\"canonical\" href=\"https:\/\/isf.fo\/en\/rorsla\/\" \/>\n<meta property=\"og:locale\" content=\"en_US\" \/>\n<meta property=\"og:type\" content=\"article\" \/>\n<meta property=\"og:title\" content=\"R\u00f8rsla \u00ed F\u00f8royum - \u00cdtr\u00f3ttasamband F\u00f8roya\" \/>\n<meta property=\"og:description\" content=\"\u00cdSF og F\u00f3lkaheilsur\u00e1\u00f0i\u00f0 fara n\u00fa undir n\u00fdggja avbj\u00f3\u00f0ing fyri\u00a0 at f\u00e1a f\u00f8royingar at r\u00f8ra seg, \u00ed allan juli m\u00e1na\u00f0a kunnu [&hellip;]\" \/>\n<meta property=\"og:url\" content=\"https:\/\/isf.fo\/en\/rorsla\/\" \/>\n<meta property=\"og:site_name\" content=\"\u00cdtr\u00f3ttasamband F\u00f8roya\" \/>\n<meta property=\"article:publisher\" content=\"https:\/\/www.facebook.com\/itrottasambandid\" \/>\n<meta property=\"article:modified_time\" content=\"2020-07-03T21:56:06+00:00\" \/>\n<meta property=\"og:image\" content=\"https:\/\/isf.fo\/wp-content\/uploads\/2020\/07\/Vitja_fjallatoppar_facebook-700x367.png\" \/>\n<meta name=\"twitter:card\" content=\"summary_large_image\" \/>\n<meta name=\"twitter:label1\" content=\"Est. reading time\" \/>\n\t<meta name=\"twitter:data1\" content=\"2 minutes\" \/>\n<script type=\"application\/ld+json\" class=\"yoast-schema-graph\">{\"@context\":\"https:\\\/\\\/schema.org\",\"@graph\":[{\"@type\":\"WebPage\",\"@id\":\"https:\\\/\\\/isf.fo\\\/rorsla\\\/\",\"url\":\"https:\\\/\\\/isf.fo\\\/rorsla\\\/\",\"name\":\"R\u00f8rsla \u00ed F\u00f8royum - \u00cdtr\u00f3ttasamband F\u00f8roya\",\"isPartOf\":{\"@id\":\"https:\\\/\\\/isf.fo\\\/#website\"},\"primaryImageOfPage\":{\"@id\":\"https:\\\/\\\/isf.fo\\\/rorsla\\\/#primaryimage\"},\"image\":{\"@id\":\"https:\\\/\\\/isf.fo\\\/rorsla\\\/#primaryimage\"},\"thumbnailUrl\":\"https:\\\/\\\/isf.fo\\\/wp-content\\\/uploads\\\/2020\\\/07\\\/Vitja_fjallatoppar_facebook-700x367.png\",\"datePublished\":\"2020-05-29T00:17:10+00:00\",\"dateModified\":\"2020-07-03T21:56:06+00:00\",\"breadcrumb\":{\"@id\":\"https:\\\/\\\/isf.fo\\\/rorsla\\\/#breadcrumb\"},\"inLanguage\":\"en-US\",\"potentialAction\":[{\"@type\":\"ReadAction\",\"target\":[\"https:\\\/\\\/isf.fo\\\/rorsla\\\/\"]}]},{\"@type\":\"ImageObject\",\"inLanguage\":\"en-US\",\"@id\":\"https:\\\/\\\/isf.fo\\\/rorsla\\\/#primaryimage\",\"url\":\"https:\\\/\\\/isf.fo\\\/wp-content\\\/uploads\\\/2020\\\/07\\\/Vitja_fjallatoppar_facebook-700x367.png\",\"contentUrl\":\"https:\\\/\\\/isf.fo\\\/wp-content\\\/uploads\\\/2020\\\/07\\\/Vitja_fjallatoppar_facebook-700x367.png\"},{\"@type\":\"BreadcrumbList\",\"@id\":\"https:\\\/\\\/isf.fo\\\/rorsla\\\/#breadcrumb\",\"itemListElement\":[{\"@type\":\"ListItem\",\"position\":1,\"name\":\"Home\",\"item\":\"https:\\\/\\\/isf.fo\\\/\"},{\"@type\":\"ListItem\",\"position\":2,\"name\":\"R\u00f8rsla \u00ed F\u00f8royum\"}]},{\"@type\":\"WebSite\",\"@id\":\"https:\\\/\\\/isf.fo\\\/#website\",\"url\":\"https:\\\/\\\/isf.fo\\\/\",\"name\":\"\u00cdtr\u00f3ttasamband F\u00f8roya\",\"description\":\"\",\"publisher\":{\"@id\":\"https:\\\/\\\/isf.fo\\\/#organization\"},\"potentialAction\":[{\"@type\":\"SearchAction\",\"target\":{\"@type\":\"EntryPoint\",\"urlTemplate\":\"https:\\\/\\\/isf.fo\\\/?s={search_term_string}\"},\"query-input\":{\"@type\":\"PropertyValueSpecification\",\"valueRequired\":true,\"valueName\":\"search_term_string\"}}],\"inLanguage\":\"en-US\"},{\"@type\":\"Organization\",\"@id\":\"https:\\\/\\\/isf.fo\\\/#organization\",\"name\":\"\u00cdtr\u00f3ttasamband F\u00f8roya\",\"url\":\"https:\\\/\\\/isf.fo\\\/\",\"logo\":{\"@type\":\"ImageObject\",\"inLanguage\":\"en-US\",\"@id\":\"https:\\\/\\\/isf.fo\\\/#\\\/schema\\\/logo\\\/image\\\/\",\"url\":\"https:\\\/\\\/isf.fo\\\/wp-content\\\/uploads\\\/2025\\\/06\\\/ISF_Olympic-Committee-logo.png\",\"contentUrl\":\"https:\\\/\\\/isf.fo\\\/wp-content\\\/uploads\\\/2025\\\/06\\\/ISF_Olympic-Committee-logo.png\",\"width\":618,\"height\":121,\"caption\":\"\u00cdtr\u00f3ttasamband F\u00f8roya\"},\"image\":{\"@id\":\"https:\\\/\\\/isf.fo\\\/#\\\/schema\\\/logo\\\/image\\\/\"},\"sameAs\":[\"https:\\\/\\\/www.facebook.com\\\/itrottasambandid\"]}]}<\/script>\n<!-- \/ Yoast SEO plugin. -->","yoast_head_json":{"title":"R\u00f8rsla \u00ed F\u00f8royum - \u00cdtr\u00f3ttasamband F\u00f8roya","robots":{"index":"index","follow":"follow","max-snippet":"max-snippet:-1","max-image-preview":"max-image-preview:large","max-video-preview":"max-video-preview:-1"},"canonical":"https:\/\/isf.fo\/en\/rorsla\/","og_locale":"en_US","og_type":"article","og_title":"R\u00f8rsla \u00ed F\u00f8royum - \u00cdtr\u00f3ttasamband F\u00f8roya","og_description":"\u00cdSF og F\u00f3lkaheilsur\u00e1\u00f0i\u00f0 fara n\u00fa undir n\u00fdggja avbj\u00f3\u00f0ing fyri\u00a0 at f\u00e1a f\u00f8royingar at r\u00f8ra seg, \u00ed allan juli m\u00e1na\u00f0a kunnu [&hellip;]","og_url":"https:\/\/isf.fo\/en\/rorsla\/","og_site_name":"\u00cdtr\u00f3ttasamband F\u00f8roya","article_publisher":"https:\/\/www.facebook.com\/itrottasambandid","article_modified_time":"2020-07-03T21:56:06+00:00","og_image":[{"url":"https:\/\/isf.fo\/wp-content\/uploads\/2020\/07\/Vitja_fjallatoppar_facebook-700x367.png","type":"","width":"","height":""}],"twitter_card":"summary_large_image","twitter_misc":{"Est. reading time":"2 minutes"},"schema":{"@context":"https:\/\/schema.org","@graph":[{"@type":"WebPage","@id":"https:\/\/isf.fo\/rorsla\/","url":"https:\/\/isf.fo\/rorsla\/","name":"R\u00f8rsla \u00ed F\u00f8royum - \u00cdtr\u00f3ttasamband F\u00f8roya","isPartOf":{"@id":"https:\/\/isf.fo\/#website"},"primaryImageOfPage":{"@id":"https:\/\/isf.fo\/rorsla\/#primaryimage"},"image":{"@id":"https:\/\/isf.fo\/rorsla\/#primaryimage"},"thumbnailUrl":"https:\/\/isf.fo\/wp-content\/uploads\/2020\/07\/Vitja_fjallatoppar_facebook-700x367.png","datePublished":"2020-05-29T00:17:10+00:00","dateModified":"2020-07-03T21:56:06+00:00","breadcrumb":{"@id":"https:\/\/isf.fo\/rorsla\/#breadcrumb"},"inLanguage":"en-US","potentialAction":[{"@type":"ReadAction","target":["https:\/\/isf.fo\/rorsla\/"]}]},{"@type":"ImageObject","inLanguage":"en-US","@id":"https:\/\/isf.fo\/rorsla\/#primaryimage","url":"https:\/\/isf.fo\/wp-content\/uploads\/2020\/07\/Vitja_fjallatoppar_facebook-700x367.png","contentUrl":"https:\/\/isf.fo\/wp-content\/uploads\/2020\/07\/Vitja_fjallatoppar_facebook-700x367.png"},{"@type":"BreadcrumbList","@id":"https:\/\/isf.fo\/rorsla\/#breadcrumb","itemListElement":[{"@type":"ListItem","position":1,"name":"Home","item":"https:\/\/isf.fo\/"},{"@type":"ListItem","position":2,"name":"R\u00f8rsla \u00ed F\u00f8royum"}]},{"@type":"WebSite","@id":"https:\/\/isf.fo\/#website","url":"https:\/\/isf.fo\/","name":"\u00cdtr\u00f3ttasamband F\u00f8roya","description":"","publisher":{"@id":"https:\/\/isf.fo\/#organization"},"potentialAction":[{"@type":"SearchAction","target":{"@type":"EntryPoint","urlTemplate":"https:\/\/isf.fo\/?s={search_term_string}"},"query-input":{"@type":"PropertyValueSpecification","valueRequired":true,"valueName":"search_term_string"}}],"inLanguage":"en-US"},{"@type":"Organization","@id":"https:\/\/isf.fo\/#organization","name":"\u00cdtr\u00f3ttasamband F\u00f8roya","url":"https:\/\/isf.fo\/","logo":{"@type":"ImageObject","inLanguage":"en-US","@id":"https:\/\/isf.fo\/#\/schema\/logo\/image\/","url":"https:\/\/isf.fo\/wp-content\/uploads\/2025\/06\/ISF_Olympic-Committee-logo.png","contentUrl":"https:\/\/isf.fo\/wp-content\/uploads\/2025\/06\/ISF_Olympic-Committee-logo.png","width":618,"height":121,"caption":"\u00cdtr\u00f3ttasamband F\u00f8roya"},"image":{"@id":"https:\/\/isf.fo\/#\/schema\/logo\/image\/"},"sameAs":["https:\/\/www.facebook.com\/itrottasambandid"]}]}},"_links":{"self":[{"href":"http:\/\/isf.fo\/en\/wp-json\/wp\/v2\/pages\/7448","targetHints":{"allow":["GET"]}}],"collection":[{"href":"http:\/\/isf.fo\/en\/wp-json\/wp\/v2\/pages"}],"about":[{"href":"http:\/\/isf.fo\/en\/wp-json\/wp\/v2\/types\/page"}],"author":[{"embeddable":true,"href":"http:\/\/isf.fo\/en\/wp-json\/wp\/v2\/users\/6"}],"replies":[{"embeddable":true,"href":"http:\/\/isf.fo\/en\/wp-json\/wp\/v2\/comments?post=7448"}],"version-history":[{"count":38,"href":"http:\/\/isf.fo\/en\/wp-json\/wp\/v2\/pages\/7448\/revisions"}],"predecessor-version":[{"id":7608,"href":"http:\/\/isf.fo\/en\/wp-json\/wp\/v2\/pages\/7448\/revisions\/7608"}],"wp:attachment":[{"href":"http:\/\/isf.fo\/en\/wp-json\/wp\/v2\/media?parent=7448"}],"curies":[{"name":"wp","href":"https:\/\/api.w.org\/{rel}","templated":true}]}}