{"id":10258,"date":"2022-11-06T14:31:34","date_gmt":"2022-11-06T14:31:34","guid":{"rendered":"https:\/\/isf.fo\/tilfar\/fyribyrging-2\/"},"modified":"2026-01-14T11:45:13","modified_gmt":"2026-01-14T11:45:13","slug":"fyribyrging-2","status":"publish","type":"page","link":"https:\/\/isf.fo\/en\/fyribyrging-2\/","title":{"rendered":"Tak v\u00e6l \u00edm\u00f3ti (faldari og plakat)"},"content":{"rendered":"<p>\u00cdSF hevur lati\u00f0 gj\u00f8rt tilfar um g\u00f3\u00f0u m\u00f3tt\u00f8kuna. Ein faldara og eina plakat, sum \u00f8ll \u00edtr\u00f3ttafelag kunnu f\u00e1a at hanga upp eitt sj\u00f3nligt sta\u00f0, har tey vanliga venja.<\/p>\n<p>\u00c1taki\u00f0 varpar lj\u00f3s \u00e1 t\u00fddningin at taka v\u00e6l \u00edm\u00f3ti n\u00fdggjum limum, solei\u00f0is, at tey f\u00e1a hug at koma aftur.<\/p>\n<p>\u00d8ll kunnu vera vi\u00f0 til at geva n\u00fdggjum \u00ed\u00f0karum ein kenslu av at kenna seg v\u00e6l \u00ed felagsskapinum \u2013 venjarar, hj\u00e1lparf\u00f3lk, foreldur og nevndarlimir.<\/p>\n<h2>Bo\u00f0skapurin er, at sm\u00e1ar ger\u00f0ir gera allan munin!<\/h2>\n<p>Ongant\u00ed\u00f0 betri, um, tit alla t\u00ed\u00f0ina hava ta\u00f0 \u00ed huga, at \u00ed tykkara felag skulu \u00f8ll kenna seg v\u00e6l \u2013 b\u00e6\u00f0i n\u00fdggir og royndir limir.<\/p>\n<p>Plakatin er \u00ed g\u00f3\u00f0ari g\u00f3\u00f0sku \u00ed A2 st\u00f8dd, og tit eru \u00f8ll v\u00e6lkomin \u00e1 skrivstovuna \u00e1 Fr\u00e6lsinum 30 eftir einum ella fleiri eint\u00f8kum. Ella skriva til til isf@isf.fo<\/p>\n<p>Tey, sum ynskja ta\u00f0, kunnu f\u00e1a plakatina sum pdf-f\u00edlu, kunnu taka hana ni\u00f0ur her.<\/p>\n<p><strong>Tak faldaran ni\u00f0ur <a href=\"https:\/\/isf.fo\/wp-content\/uploads\/2026\/01\/FURISFA5Faldari-Web-CMYK.pdf\" rel=\"attachment wp-att-13338\">HER<\/a><br \/>\nTak plakatina ni\u00f0ur <\/strong><a href=\"https:\/\/isf.fo\/wp-content\/uploads\/2025\/06\/Opid-hus-plakat_PRENT.pdf\" target=\"_blank\" rel=\"noopener\"><strong>HER<\/strong><\/a><\/p>\n<div id='gallery-1' class='gallery galleryid-10258 gallery-columns-3 gallery-size-thumbnail'><figure class='gallery-item'>\n\t\t\t<div class='gallery-icon landscape'>\n\t\t\t\t<a href='https:\/\/isf.fo\/wp-content\/uploads\/2025\/08\/7.png'><img decoding=\"async\" width=\"150\" height=\"150\" data-src=\"https:\/\/isf.fo\/wp-content\/uploads\/2025\/08\/7-150x150.png\" class=\"attachment-thumbnail size-thumbnail lazyload\" alt=\"\" data-srcset=\"https:\/\/isf.fo\/wp-content\/uploads\/2025\/08\/7-150x150.png 150w, https:\/\/isf.fo\/wp-content\/uploads\/2025\/08\/7-300x300.png 300w, https:\/\/isf.fo\/wp-content\/uploads\/2025\/08\/7-700x700.png 700w, https:\/\/isf.fo\/wp-content\/uploads\/2025\/08\/7-768x768.png 768w, https:\/\/isf.fo\/wp-content\/uploads\/2025\/08\/7-12x12.png 12w, https:\/\/isf.fo\/wp-content\/uploads\/2025\/08\/7-24x24.png 24w, https:\/\/isf.fo\/wp-content\/uploads\/2025\/08\/7-36x36.png 36w, https:\/\/isf.fo\/wp-content\/uploads\/2025\/08\/7-48x48.png 48w, https:\/\/isf.fo\/wp-content\/uploads\/2025\/08\/7.png 1080w\" data-sizes=\"(max-width: 150px) 100vw, 150px\" src=\"data:image\/svg+xml;base64,PHN2ZyB3aWR0aD0iMSIgaGVpZ2h0PSIxIiB4bWxucz0iaHR0cDovL3d3dy53My5vcmcvMjAwMC9zdmciPjwvc3ZnPg==\" style=\"--smush-placeholder-width: 150px; --smush-placeholder-aspect-ratio: 150\/150;\" \/><\/a>\n\t\t\t<\/div><\/figure><figure class='gallery-item'>\n\t\t\t<div class='gallery-icon landscape'>\n\t\t\t\t<a href='https:\/\/isf.fo\/wp-content\/uploads\/2025\/08\/8.png'><img decoding=\"async\" width=\"150\" height=\"150\" data-src=\"https:\/\/isf.fo\/wp-content\/uploads\/2025\/08\/8-150x150.png\" class=\"attachment-thumbnail size-thumbnail lazyload\" alt=\"\" data-srcset=\"https:\/\/isf.fo\/wp-content\/uploads\/2025\/08\/8-150x150.png 150w, https:\/\/isf.fo\/wp-content\/uploads\/2025\/08\/8-300x300.png 300w, https:\/\/isf.fo\/wp-content\/uploads\/2025\/08\/8-700x700.png 700w, https:\/\/isf.fo\/wp-content\/uploads\/2025\/08\/8-768x768.png 768w, https:\/\/isf.fo\/wp-content\/uploads\/2025\/08\/8-12x12.png 12w, https:\/\/isf.fo\/wp-content\/uploads\/2025\/08\/8-24x24.png 24w, https:\/\/isf.fo\/wp-content\/uploads\/2025\/08\/8-36x36.png 36w, https:\/\/isf.fo\/wp-content\/uploads\/2025\/08\/8-48x48.png 48w, https:\/\/isf.fo\/wp-content\/uploads\/2025\/08\/8.png 1080w\" data-sizes=\"(max-width: 150px) 100vw, 150px\" src=\"data:image\/svg+xml;base64,PHN2ZyB3aWR0aD0iMSIgaGVpZ2h0PSIxIiB4bWxucz0iaHR0cDovL3d3dy53My5vcmcvMjAwMC9zdmciPjwvc3ZnPg==\" style=\"--smush-placeholder-width: 150px; --smush-placeholder-aspect-ratio: 150\/150;\" \/><\/a>\n\t\t\t<\/div><\/figure><figure class='gallery-item'>\n\t\t\t<div class='gallery-icon landscape'>\n\t\t\t\t<a href='https:\/\/isf.fo\/wp-content\/uploads\/2025\/08\/9.png'><img decoding=\"async\" width=\"150\" height=\"150\" data-src=\"https:\/\/isf.fo\/wp-content\/uploads\/2025\/08\/9-150x150.png\" class=\"attachment-thumbnail size-thumbnail lazyload\" alt=\"\" data-srcset=\"https:\/\/isf.fo\/wp-content\/uploads\/2025\/08\/9-150x150.png 150w, https:\/\/isf.fo\/wp-content\/uploads\/2025\/08\/9-300x300.png 300w, https:\/\/isf.fo\/wp-content\/uploads\/2025\/08\/9-700x700.png 700w, https:\/\/isf.fo\/wp-content\/uploads\/2025\/08\/9-768x768.png 768w, https:\/\/isf.fo\/wp-content\/uploads\/2025\/08\/9-12x12.png 12w, https:\/\/isf.fo\/wp-content\/uploads\/2025\/08\/9-24x24.png 24w, https:\/\/isf.fo\/wp-content\/uploads\/2025\/08\/9-36x36.png 36w, https:\/\/isf.fo\/wp-content\/uploads\/2025\/08\/9-48x48.png 48w, https:\/\/isf.fo\/wp-content\/uploads\/2025\/08\/9.png 1080w\" data-sizes=\"(max-width: 150px) 100vw, 150px\" src=\"data:image\/svg+xml;base64,PHN2ZyB3aWR0aD0iMSIgaGVpZ2h0PSIxIiB4bWxucz0iaHR0cDovL3d3dy53My5vcmcvMjAwMC9zdmciPjwvc3ZnPg==\" style=\"--smush-placeholder-width: 150px; --smush-placeholder-aspect-ratio: 150\/150;\" \/><\/a>\n\t\t\t<\/div><\/figure><figure class='gallery-item'>\n\t\t\t<div class='gallery-icon landscape'>\n\t\t\t\t<a href='https:\/\/isf.fo\/wp-content\/uploads\/2025\/08\/10.png'><img decoding=\"async\" width=\"150\" height=\"150\" data-src=\"https:\/\/isf.fo\/wp-content\/uploads\/2025\/08\/10-150x150.png\" class=\"attachment-thumbnail size-thumbnail lazyload\" alt=\"\" data-srcset=\"https:\/\/isf.fo\/wp-content\/uploads\/2025\/08\/10-150x150.png 150w, https:\/\/isf.fo\/wp-content\/uploads\/2025\/08\/10-300x300.png 300w, https:\/\/isf.fo\/wp-content\/uploads\/2025\/08\/10-700x700.png 700w, https:\/\/isf.fo\/wp-content\/uploads\/2025\/08\/10-768x768.png 768w, https:\/\/isf.fo\/wp-content\/uploads\/2025\/08\/10-12x12.png 12w, https:\/\/isf.fo\/wp-content\/uploads\/2025\/08\/10-24x24.png 24w, https:\/\/isf.fo\/wp-content\/uploads\/2025\/08\/10-36x36.png 36w, https:\/\/isf.fo\/wp-content\/uploads\/2025\/08\/10-48x48.png 48w, https:\/\/isf.fo\/wp-content\/uploads\/2025\/08\/10.png 1080w\" data-sizes=\"(max-width: 150px) 100vw, 150px\" src=\"data:image\/svg+xml;base64,PHN2ZyB3aWR0aD0iMSIgaGVpZ2h0PSIxIiB4bWxucz0iaHR0cDovL3d3dy53My5vcmcvMjAwMC9zdmciPjwvc3ZnPg==\" style=\"--smush-placeholder-width: 150px; --smush-placeholder-aspect-ratio: 150\/150;\" \/><\/a>\n\t\t\t<\/div><\/figure><figure class='gallery-item'>\n\t\t\t<div class='gallery-icon landscape'>\n\t\t\t\t<a href='https:\/\/isf.fo\/wp-content\/uploads\/2025\/08\/11.png'><img decoding=\"async\" width=\"150\" height=\"150\" data-src=\"https:\/\/isf.fo\/wp-content\/uploads\/2025\/08\/11-150x150.png\" class=\"attachment-thumbnail size-thumbnail lazyload\" alt=\"\" data-srcset=\"https:\/\/isf.fo\/wp-content\/uploads\/2025\/08\/11-150x150.png 150w, https:\/\/isf.fo\/wp-content\/uploads\/2025\/08\/11-300x300.png 300w, https:\/\/isf.fo\/wp-content\/uploads\/2025\/08\/11-700x700.png 700w, https:\/\/isf.fo\/wp-content\/uploads\/2025\/08\/11-768x768.png 768w, https:\/\/isf.fo\/wp-content\/uploads\/2025\/08\/11-12x12.png 12w, https:\/\/isf.fo\/wp-content\/uploads\/2025\/08\/11-24x24.png 24w, https:\/\/isf.fo\/wp-content\/uploads\/2025\/08\/11-36x36.png 36w, https:\/\/isf.fo\/wp-content\/uploads\/2025\/08\/11-48x48.png 48w, https:\/\/isf.fo\/wp-content\/uploads\/2025\/08\/11.png 1080w\" data-sizes=\"(max-width: 150px) 100vw, 150px\" src=\"data:image\/svg+xml;base64,PHN2ZyB3aWR0aD0iMSIgaGVpZ2h0PSIxIiB4bWxucz0iaHR0cDovL3d3dy53My5vcmcvMjAwMC9zdmciPjwvc3ZnPg==\" style=\"--smush-placeholder-width: 150px; --smush-placeholder-aspect-ratio: 150\/150;\" \/><\/a>\n\t\t\t<\/div><\/figure><figure class='gallery-item'>\n\t\t\t<div class='gallery-icon landscape'>\n\t\t\t\t<a href='https:\/\/isf.fo\/wp-content\/uploads\/2025\/08\/12.png'><img decoding=\"async\" width=\"150\" height=\"150\" data-src=\"https:\/\/isf.fo\/wp-content\/uploads\/2025\/08\/12-150x150.png\" class=\"attachment-thumbnail size-thumbnail lazyload\" alt=\"\" data-srcset=\"https:\/\/isf.fo\/wp-content\/uploads\/2025\/08\/12-150x150.png 150w, https:\/\/isf.fo\/wp-content\/uploads\/2025\/08\/12-300x300.png 300w, https:\/\/isf.fo\/wp-content\/uploads\/2025\/08\/12-700x700.png 700w, https:\/\/isf.fo\/wp-content\/uploads\/2025\/08\/12-768x768.png 768w, https:\/\/isf.fo\/wp-content\/uploads\/2025\/08\/12-12x12.png 12w, https:\/\/isf.fo\/wp-content\/uploads\/2025\/08\/12-24x24.png 24w, https:\/\/isf.fo\/wp-content\/uploads\/2025\/08\/12-36x36.png 36w, https:\/\/isf.fo\/wp-content\/uploads\/2025\/08\/12-48x48.png 48w, https:\/\/isf.fo\/wp-content\/uploads\/2025\/08\/12.png 1080w\" data-sizes=\"(max-width: 150px) 100vw, 150px\" src=\"data:image\/svg+xml;base64,PHN2ZyB3aWR0aD0iMSIgaGVpZ2h0PSIxIiB4bWxucz0iaHR0cDovL3d3dy53My5vcmcvMjAwMC9zdmciPjwvc3ZnPg==\" style=\"--smush-placeholder-width: 150px; --smush-placeholder-aspect-ratio: 150\/150;\" \/><\/a>\n\t\t\t<\/div><\/figure><figure class='gallery-item'>\n\t\t\t<div class='gallery-icon landscape'>\n\t\t\t\t<a href='https:\/\/isf.fo\/wp-content\/uploads\/2025\/08\/13.png'><img decoding=\"async\" width=\"150\" height=\"150\" data-src=\"https:\/\/isf.fo\/wp-content\/uploads\/2025\/08\/13-150x150.png\" class=\"attachment-thumbnail size-thumbnail lazyload\" alt=\"\" data-srcset=\"https:\/\/isf.fo\/wp-content\/uploads\/2025\/08\/13-150x150.png 150w, https:\/\/isf.fo\/wp-content\/uploads\/2025\/08\/13-300x300.png 300w, https:\/\/isf.fo\/wp-content\/uploads\/2025\/08\/13-700x700.png 700w, https:\/\/isf.fo\/wp-content\/uploads\/2025\/08\/13-768x768.png 768w, https:\/\/isf.fo\/wp-content\/uploads\/2025\/08\/13-12x12.png 12w, https:\/\/isf.fo\/wp-content\/uploads\/2025\/08\/13-24x24.png 24w, https:\/\/isf.fo\/wp-content\/uploads\/2025\/08\/13-36x36.png 36w, https:\/\/isf.fo\/wp-content\/uploads\/2025\/08\/13-48x48.png 48w, https:\/\/isf.fo\/wp-content\/uploads\/2025\/08\/13.png 1080w\" data-sizes=\"(max-width: 150px) 100vw, 150px\" src=\"data:image\/svg+xml;base64,PHN2ZyB3aWR0aD0iMSIgaGVpZ2h0PSIxIiB4bWxucz0iaHR0cDovL3d3dy53My5vcmcvMjAwMC9zdmciPjwvc3ZnPg==\" style=\"--smush-placeholder-width: 150px; --smush-placeholder-aspect-ratio: 150\/150;\" \/><\/a>\n\t\t\t<\/div><\/figure><figure class='gallery-item'>\n\t\t\t<div class='gallery-icon landscape'>\n\t\t\t\t<a href='https:\/\/isf.fo\/wp-content\/uploads\/2025\/08\/14.png'><img decoding=\"async\" width=\"150\" height=\"150\" data-src=\"https:\/\/isf.fo\/wp-content\/uploads\/2025\/08\/14-150x150.png\" class=\"attachment-thumbnail size-thumbnail lazyload\" alt=\"\" data-srcset=\"https:\/\/isf.fo\/wp-content\/uploads\/2025\/08\/14-150x150.png 150w, https:\/\/isf.fo\/wp-content\/uploads\/2025\/08\/14-300x300.png 300w, https:\/\/isf.fo\/wp-content\/uploads\/2025\/08\/14-700x700.png 700w, https:\/\/isf.fo\/wp-content\/uploads\/2025\/08\/14-768x768.png 768w, https:\/\/isf.fo\/wp-content\/uploads\/2025\/08\/14-12x12.png 12w, https:\/\/isf.fo\/wp-content\/uploads\/2025\/08\/14-24x24.png 24w, https:\/\/isf.fo\/wp-content\/uploads\/2025\/08\/14-36x36.png 36w, https:\/\/isf.fo\/wp-content\/uploads\/2025\/08\/14-48x48.png 48w, https:\/\/isf.fo\/wp-content\/uploads\/2025\/08\/14.png 1080w\" data-sizes=\"(max-width: 150px) 100vw, 150px\" src=\"data:image\/svg+xml;base64,PHN2ZyB3aWR0aD0iMSIgaGVpZ2h0PSIxIiB4bWxucz0iaHR0cDovL3d3dy53My5vcmcvMjAwMC9zdmciPjwvc3ZnPg==\" style=\"--smush-placeholder-width: 150px; --smush-placeholder-aspect-ratio: 150\/150;\" \/><\/a>\n\t\t\t<\/div><\/figure><figure class='gallery-item'>\n\t\t\t<div class='gallery-icon landscape'>\n\t\t\t\t<a href='https:\/\/isf.fo\/wp-content\/uploads\/2025\/08\/15.png'><img decoding=\"async\" width=\"150\" height=\"150\" data-src=\"https:\/\/isf.fo\/wp-content\/uploads\/2025\/08\/15-150x150.png\" class=\"attachment-thumbnail size-thumbnail lazyload\" alt=\"\" data-srcset=\"https:\/\/isf.fo\/wp-content\/uploads\/2025\/08\/15-150x150.png 150w, https:\/\/isf.fo\/wp-content\/uploads\/2025\/08\/15-300x300.png 300w, https:\/\/isf.fo\/wp-content\/uploads\/2025\/08\/15-700x700.png 700w, https:\/\/isf.fo\/wp-content\/uploads\/2025\/08\/15-768x768.png 768w, https:\/\/isf.fo\/wp-content\/uploads\/2025\/08\/15-12x12.png 12w, https:\/\/isf.fo\/wp-content\/uploads\/2025\/08\/15-24x24.png 24w, https:\/\/isf.fo\/wp-content\/uploads\/2025\/08\/15-36x36.png 36w, https:\/\/isf.fo\/wp-content\/uploads\/2025\/08\/15-48x48.png 48w, https:\/\/isf.fo\/wp-content\/uploads\/2025\/08\/15.png 1080w\" data-sizes=\"(max-width: 150px) 100vw, 150px\" src=\"data:image\/svg+xml;base64,PHN2ZyB3aWR0aD0iMSIgaGVpZ2h0PSIxIiB4bWxucz0iaHR0cDovL3d3dy53My5vcmcvMjAwMC9zdmciPjwvc3ZnPg==\" style=\"--smush-placeholder-width: 150px; --smush-placeholder-aspect-ratio: 150\/150;\" \/><\/a>\n\t\t\t<\/div><\/figure>\n\t\t<\/div>\n\n<p>Leita t\u00e6r g\u00f3\u00f0 r\u00e1\u00f0 um trivna ella spyr \u00ed r\u00e1\u00f0gevingini: <strong><a href=\"https:\/\/www.trygguritrottur.fo\/\">TRYGGUR \u00cdTR\u00d3TTUR<\/a><\/strong><\/p>\n<p>Les eisini meira um g\u00f3\u00f0an atbur\u00f0 \u00ed \u00edtr\u00f3tti <a href=\"https:\/\/isf.fo\/wp-content\/uploads\/2025\/06\/godur_atburdur.pdf\" target=\"_blank\" rel=\"noopener\"><strong>HER<\/strong><\/a><\/p>\n<p>Les meira um g\u00f3\u00f0a felagsskapin \u00ed \u00e6tlanini hj\u00e1 \u00cdSF fyri 2022-26: &#8220;<em><a href=\"https:\/\/isf.fo\/wp-content\/uploads\/2025\/06\/2022-19-05-Strategi-faldari-isf-2022-einkultsidur-1.pdf\" target=\"_blank\" rel=\"noopener\">Together towards common goals<\/a>&#8220;<\/em><\/p>","protected":false},"excerpt":{"rendered":"<p>\u00cdSF hevur lati\u00f0 gj\u00f8rt tilfar um g\u00f3\u00f0u m\u00f3tt\u00f8kuna. Ein faldara og eina plakat, sum \u00f8ll \u00edtr\u00f3ttafelag kunnu f\u00e1a at hanga [&hellip;]<\/p>\n","protected":false},"author":6,"featured_media":12784,"parent":0,"menu_order":23,"comment_status":"closed","ping_status":"closed","template":"","meta":{"_acf_changed":false,"_relevanssi_hide_post":"","_relevanssi_hide_content":"","_relevanssi_pin_for_all":"","_relevanssi_pin_keywords":"","_relevanssi_unpin_keywords":"","_relevanssi_related_keywords":"","_relevanssi_related_include_ids":"","_relevanssi_related_exclude_ids":"","_relevanssi_related_no_append":"","_relevanssi_related_not_related":"","_relevanssi_related_posts":"","_relevanssi_noindex_reason":"","inline_featured_image":false,"footnotes":""},"class_list":["post-10258","page","type-page","status-publish","has-post-thumbnail","hentry"],"acf":[],"yoast_head":"<!-- This site is optimized with the Yoast SEO plugin v27.3 - https:\/\/yoast.com\/product\/yoast-seo-wordpress\/ -->\n<title>Tak v\u00e6l \u00edm\u00f3ti (faldari og plakat) - \u00cdtr\u00f3ttasamband F\u00f8roya<\/title>\n<meta name=\"robots\" content=\"index, follow, max-snippet:-1, max-image-preview:large, max-video-preview:-1\" \/>\n<link rel=\"canonical\" href=\"https:\/\/isf.fo\/en\/fyribyrging-2\/\" \/>\n<meta property=\"og:locale\" content=\"en_US\" \/>\n<meta property=\"og:type\" content=\"article\" \/>\n<meta property=\"og:title\" content=\"Tak v\u00e6l \u00edm\u00f3ti (faldari og plakat) - \u00cdtr\u00f3ttasamband F\u00f8roya\" \/>\n<meta property=\"og:description\" content=\"\u00cdSF hevur lati\u00f0 gj\u00f8rt tilfar um g\u00f3\u00f0u m\u00f3tt\u00f8kuna. Ein faldara og eina plakat, sum \u00f8ll \u00edtr\u00f3ttafelag kunnu f\u00e1a at hanga [&hellip;]\" \/>\n<meta property=\"og:url\" content=\"https:\/\/isf.fo\/en\/fyribyrging-2\/\" \/>\n<meta property=\"og:site_name\" content=\"\u00cdtr\u00f3ttasamband F\u00f8roya\" \/>\n<meta property=\"article:publisher\" content=\"https:\/\/www.facebook.com\/itrottasambandid\" \/>\n<meta property=\"article:modified_time\" content=\"2026-01-14T11:45:13+00:00\" \/>\n<meta property=\"og:image\" content=\"https:\/\/isf.fo\/wp-content\/uploads\/2025\/06\/Skaermbillede-2022-03-25-kl.-14.33.39-2048x1158-1.webp\" \/>\n\t<meta property=\"og:image:width\" content=\"2048\" \/>\n\t<meta property=\"og:image:height\" content=\"1158\" \/>\n\t<meta property=\"og:image:type\" content=\"image\/webp\" \/>\n<meta name=\"twitter:card\" content=\"summary_large_image\" \/>\n<meta name=\"twitter:label1\" content=\"Est. reading time\" \/>\n\t<meta name=\"twitter:data1\" content=\"2 minutes\" \/>\n<script type=\"application\/ld+json\" class=\"yoast-schema-graph\">{\"@context\":\"https:\\\/\\\/schema.org\",\"@graph\":[{\"@type\":\"WebPage\",\"@id\":\"https:\\\/\\\/isf.fo\\\/fyribyrging-2\\\/\",\"url\":\"https:\\\/\\\/isf.fo\\\/fyribyrging-2\\\/\",\"name\":\"Tak v\u00e6l \u00edm\u00f3ti (faldari og plakat) - \u00cdtr\u00f3ttasamband F\u00f8roya\",\"isPartOf\":{\"@id\":\"https:\\\/\\\/isf.fo\\\/#website\"},\"primaryImageOfPage\":{\"@id\":\"https:\\\/\\\/isf.fo\\\/fyribyrging-2\\\/#primaryimage\"},\"image\":{\"@id\":\"https:\\\/\\\/isf.fo\\\/fyribyrging-2\\\/#primaryimage\"},\"thumbnailUrl\":\"https:\\\/\\\/isf.fo\\\/wp-content\\\/uploads\\\/2025\\\/06\\\/Skaermbillede-2022-03-25-kl.-14.33.39-2048x1158-1.webp\",\"datePublished\":\"2022-11-06T14:31:34+00:00\",\"dateModified\":\"2026-01-14T11:45:13+00:00\",\"breadcrumb\":{\"@id\":\"https:\\\/\\\/isf.fo\\\/fyribyrging-2\\\/#breadcrumb\"},\"inLanguage\":\"en-US\",\"potentialAction\":[{\"@type\":\"ReadAction\",\"target\":[\"https:\\\/\\\/isf.fo\\\/fyribyrging-2\\\/\"]}]},{\"@type\":\"ImageObject\",\"inLanguage\":\"en-US\",\"@id\":\"https:\\\/\\\/isf.fo\\\/fyribyrging-2\\\/#primaryimage\",\"url\":\"https:\\\/\\\/isf.fo\\\/wp-content\\\/uploads\\\/2025\\\/06\\\/Skaermbillede-2022-03-25-kl.-14.33.39-2048x1158-1.webp\",\"contentUrl\":\"https:\\\/\\\/isf.fo\\\/wp-content\\\/uploads\\\/2025\\\/06\\\/Skaermbillede-2022-03-25-kl.-14.33.39-2048x1158-1.webp\",\"width\":2048,\"height\":1158},{\"@type\":\"BreadcrumbList\",\"@id\":\"https:\\\/\\\/isf.fo\\\/fyribyrging-2\\\/#breadcrumb\",\"itemListElement\":[{\"@type\":\"ListItem\",\"position\":1,\"name\":\"Home\",\"item\":\"https:\\\/\\\/isf.fo\\\/\"},{\"@type\":\"ListItem\",\"position\":2,\"name\":\"Tak v\u00e6l \u00edm\u00f3ti (faldari og plakat)\"}]},{\"@type\":\"WebSite\",\"@id\":\"https:\\\/\\\/isf.fo\\\/#website\",\"url\":\"https:\\\/\\\/isf.fo\\\/\",\"name\":\"\u00cdtr\u00f3ttasamband F\u00f8roya\",\"description\":\"\",\"publisher\":{\"@id\":\"https:\\\/\\\/isf.fo\\\/#organization\"},\"potentialAction\":[{\"@type\":\"SearchAction\",\"target\":{\"@type\":\"EntryPoint\",\"urlTemplate\":\"https:\\\/\\\/isf.fo\\\/?s={search_term_string}\"},\"query-input\":{\"@type\":\"PropertyValueSpecification\",\"valueRequired\":true,\"valueName\":\"search_term_string\"}}],\"inLanguage\":\"en-US\"},{\"@type\":\"Organization\",\"@id\":\"https:\\\/\\\/isf.fo\\\/#organization\",\"name\":\"\u00cdtr\u00f3ttasamband F\u00f8roya\",\"url\":\"https:\\\/\\\/isf.fo\\\/\",\"logo\":{\"@type\":\"ImageObject\",\"inLanguage\":\"en-US\",\"@id\":\"https:\\\/\\\/isf.fo\\\/#\\\/schema\\\/logo\\\/image\\\/\",\"url\":\"https:\\\/\\\/isf.fo\\\/wp-content\\\/uploads\\\/2025\\\/06\\\/ISF_Olympic-Committee-logo.png\",\"contentUrl\":\"https:\\\/\\\/isf.fo\\\/wp-content\\\/uploads\\\/2025\\\/06\\\/ISF_Olympic-Committee-logo.png\",\"width\":618,\"height\":121,\"caption\":\"\u00cdtr\u00f3ttasamband F\u00f8roya\"},\"image\":{\"@id\":\"https:\\\/\\\/isf.fo\\\/#\\\/schema\\\/logo\\\/image\\\/\"},\"sameAs\":[\"https:\\\/\\\/www.facebook.com\\\/itrottasambandid\"]}]}<\/script>\n<!-- \/ Yoast SEO plugin. -->","yoast_head_json":{"title":"Tak v\u00e6l \u00edm\u00f3ti (faldari og plakat) - \u00cdtr\u00f3ttasamband F\u00f8roya","robots":{"index":"index","follow":"follow","max-snippet":"max-snippet:-1","max-image-preview":"max-image-preview:large","max-video-preview":"max-video-preview:-1"},"canonical":"https:\/\/isf.fo\/en\/fyribyrging-2\/","og_locale":"en_US","og_type":"article","og_title":"Tak v\u00e6l \u00edm\u00f3ti (faldari og plakat) - \u00cdtr\u00f3ttasamband F\u00f8roya","og_description":"\u00cdSF hevur lati\u00f0 gj\u00f8rt tilfar um g\u00f3\u00f0u m\u00f3tt\u00f8kuna. Ein faldara og eina plakat, sum \u00f8ll \u00edtr\u00f3ttafelag kunnu f\u00e1a at hanga [&hellip;]","og_url":"https:\/\/isf.fo\/en\/fyribyrging-2\/","og_site_name":"\u00cdtr\u00f3ttasamband F\u00f8roya","article_publisher":"https:\/\/www.facebook.com\/itrottasambandid","article_modified_time":"2026-01-14T11:45:13+00:00","og_image":[{"width":2048,"height":1158,"url":"https:\/\/isf.fo\/wp-content\/uploads\/2025\/06\/Skaermbillede-2022-03-25-kl.-14.33.39-2048x1158-1.webp","type":"image\/webp"}],"twitter_card":"summary_large_image","twitter_misc":{"Est. reading time":"2 minutes"},"schema":{"@context":"https:\/\/schema.org","@graph":[{"@type":"WebPage","@id":"https:\/\/isf.fo\/fyribyrging-2\/","url":"https:\/\/isf.fo\/fyribyrging-2\/","name":"Tak v\u00e6l \u00edm\u00f3ti (faldari og plakat) - \u00cdtr\u00f3ttasamband F\u00f8roya","isPartOf":{"@id":"https:\/\/isf.fo\/#website"},"primaryImageOfPage":{"@id":"https:\/\/isf.fo\/fyribyrging-2\/#primaryimage"},"image":{"@id":"https:\/\/isf.fo\/fyribyrging-2\/#primaryimage"},"thumbnailUrl":"https:\/\/isf.fo\/wp-content\/uploads\/2025\/06\/Skaermbillede-2022-03-25-kl.-14.33.39-2048x1158-1.webp","datePublished":"2022-11-06T14:31:34+00:00","dateModified":"2026-01-14T11:45:13+00:00","breadcrumb":{"@id":"https:\/\/isf.fo\/fyribyrging-2\/#breadcrumb"},"inLanguage":"en-US","potentialAction":[{"@type":"ReadAction","target":["https:\/\/isf.fo\/fyribyrging-2\/"]}]},{"@type":"ImageObject","inLanguage":"en-US","@id":"https:\/\/isf.fo\/fyribyrging-2\/#primaryimage","url":"https:\/\/isf.fo\/wp-content\/uploads\/2025\/06\/Skaermbillede-2022-03-25-kl.-14.33.39-2048x1158-1.webp","contentUrl":"https:\/\/isf.fo\/wp-content\/uploads\/2025\/06\/Skaermbillede-2022-03-25-kl.-14.33.39-2048x1158-1.webp","width":2048,"height":1158},{"@type":"BreadcrumbList","@id":"https:\/\/isf.fo\/fyribyrging-2\/#breadcrumb","itemListElement":[{"@type":"ListItem","position":1,"name":"Home","item":"https:\/\/isf.fo\/"},{"@type":"ListItem","position":2,"name":"Tak v\u00e6l \u00edm\u00f3ti (faldari og plakat)"}]},{"@type":"WebSite","@id":"https:\/\/isf.fo\/#website","url":"https:\/\/isf.fo\/","name":"\u00cdtr\u00f3ttasamband F\u00f8roya","description":"","publisher":{"@id":"https:\/\/isf.fo\/#organization"},"potentialAction":[{"@type":"SearchAction","target":{"@type":"EntryPoint","urlTemplate":"https:\/\/isf.fo\/?s={search_term_string}"},"query-input":{"@type":"PropertyValueSpecification","valueRequired":true,"valueName":"search_term_string"}}],"inLanguage":"en-US"},{"@type":"Organization","@id":"https:\/\/isf.fo\/#organization","name":"\u00cdtr\u00f3ttasamband F\u00f8roya","url":"https:\/\/isf.fo\/","logo":{"@type":"ImageObject","inLanguage":"en-US","@id":"https:\/\/isf.fo\/#\/schema\/logo\/image\/","url":"https:\/\/isf.fo\/wp-content\/uploads\/2025\/06\/ISF_Olympic-Committee-logo.png","contentUrl":"https:\/\/isf.fo\/wp-content\/uploads\/2025\/06\/ISF_Olympic-Committee-logo.png","width":618,"height":121,"caption":"\u00cdtr\u00f3ttasamband F\u00f8roya"},"image":{"@id":"https:\/\/isf.fo\/#\/schema\/logo\/image\/"},"sameAs":["https:\/\/www.facebook.com\/itrottasambandid"]}]}},"_links":{"self":[{"href":"https:\/\/isf.fo\/en\/wp-json\/wp\/v2\/pages\/10258","targetHints":{"allow":["GET"]}}],"collection":[{"href":"https:\/\/isf.fo\/en\/wp-json\/wp\/v2\/pages"}],"about":[{"href":"https:\/\/isf.fo\/en\/wp-json\/wp\/v2\/types\/page"}],"author":[{"embeddable":true,"href":"https:\/\/isf.fo\/en\/wp-json\/wp\/v2\/users\/6"}],"replies":[{"embeddable":true,"href":"https:\/\/isf.fo\/en\/wp-json\/wp\/v2\/comments?post=10258"}],"version-history":[{"count":8,"href":"https:\/\/isf.fo\/en\/wp-json\/wp\/v2\/pages\/10258\/revisions"}],"predecessor-version":[{"id":13339,"href":"https:\/\/isf.fo\/en\/wp-json\/wp\/v2\/pages\/10258\/revisions\/13339"}],"wp:featuredmedia":[{"embeddable":true,"href":"https:\/\/isf.fo\/en\/wp-json\/wp\/v2\/media\/12784"}],"wp:attachment":[{"href":"https:\/\/isf.fo\/en\/wp-json\/wp\/v2\/media?parent=10258"}],"curies":[{"name":"wp","href":"https:\/\/api.w.org\/{rel}","templated":true}]}}