{"id":1055,"date":"2009-07-16T22:13:31","date_gmt":"2009-07-16T21:13:31","guid":{"rendered":"https:\/\/isf.fo\/?page_id=1055"},"modified":"2016-12-03T23:11:02","modified_gmt":"2016-12-03T23:11:02","slug":"starvsfolk","status":"publish","type":"page","link":"https:\/\/isf.fo\/en\/bygnadur\/starvsfolk\/","title":{"rendered":"Staff"},"content":{"rendered":"<style>\t\t\t\/*  div wrapped around entire staff list  *\/\r\n\t\t\tdiv.staff-member-listing {\r\n\t\t\t}\r\n\t\t\t\/*  div wrapped around each staff member  *\/\r\n\t\t\tdiv.staff-member {\r\n\t\t\t\tpadding-bottom: 2em;\r\n\t\t\t\tborder-bottom: thin dotted #aaa;\r\n\t\t\t}\r\n\t\t\t\/*  &quot;Even&quot; staff member  *\/\r\n\t\t\tdiv.staff-member.even {\r\nmargin-top: 2em;\r\n\t\t\t}\r\n\t\t\t\/*  &quot;Odd&quot; staff member  *\/\r\n\t\t\tdiv.staff-member.odd {\r\n\t\t\t\tmargin-top: 2em;\r\n\t\t\t}\r\n\t\t\t\/*  Last staff member  *\/\r\n\t\t\tdiv.staff-member.last {\r\n\t\t\t\tpadding-bottom: 0;\r\n\t\t\t\tborder: none;\r\n\t\t\t}\r\n\t\t\t\/*  Wrap around staff info  *\/\r\n\t\t\t.staff-member-info-wrap {\r\n\t\t\t}\r\n\t\t\t\/*  [staff-bio-formatted]  *\/\r\n\t\t\tdiv.staff-member-bio {\r\n\t\t\t}\r\n\t\t\t\/*  p tags within [staff-bio-formatted]  *\/\r\n\t\t\tdiv.staff-member-bio p {\r\n\t\t\t}\r\n\t\t\t\/*  [staff-photo]  *\/\r\n\t\t\timg.staff-member-photo {\r\n\t\t\t}\r\n\t\t\t\/*  [staff-email-link]  *\/\r\n\t\t\t.staff-member-email {\r\ndisplay:block;\r\n\t\t\t}\r\n\t\t\t\/*  [staff-name-formatted]  *\/\r\n\t\t\tdiv.staff-member-listing h3.staff-member-name {\r\n\t\t\t\tmargin: 0;\r\n\t\t\t}\r\n\t\t\t\/*  [staff-position-formatted]  *\/\r\n\t\t\tdiv.staff-member-listing h4.staff-member-position {\r\n\t\t\t\tmargin: 0;\r\n\t\t\t\tfont-style: italic;\r\n\t\t\t}\r\n\t\t\t\/* Clearfix for div.staff-member *\/\r\n\t\t\tdiv.staff-member:after {\r\n\t\t\t\tcontent: &quot;&quot;;\r\n\t\t\t\tdisplay: block;\r\n\t\t\t\tclear: both;\r\n\t\t\t}\r\n\t\t\t\/* Clearfix for &lt;= IE7 *\/\r\n\t\t\t* html div.staff-member { height: 1%; }\r\n\t\t\tdiv.staff-member { display: block; }\r\n\t\t<\/style><div class=\"staff-member-listing starvsfolk\"><div class=\"staff-member even \">\r\n<div class=\"col-lg-3 col-md-4 col-sm-5 col-xs-3\">\r\n\t\t\t<img decoding=\"async\" class=\"staff-member-photo lazyload\" data-src=\"https:\/\/isf.fo\/wp-content\/uploads\/2017\/02\/2026-05-08-mynd-Marita.jpeg\" alt=\"Marita Debess Magnussen : A\u00f0alskrivari\" src=\"data:image\/svg+xml;base64,PHN2ZyB3aWR0aD0iMSIgaGVpZ2h0PSIxIiB4bWxucz0iaHR0cDovL3d3dy53My5vcmcvMjAwMC9zdmciPjwvc3ZnPg==\" style=\"--smush-placeholder-width: 725px; --smush-placeholder-aspect-ratio: 725\/850;\">\r\n<\/div>\r\n\t\t\t<div class=\"staff-member-info-wrap col-lg-9 col-md-8 col-sm-7 col-xs-9\">\r\n\t\t\t\t<h3 class=\"staff-member-name\">Marita Debess Magnussen<\/h3>\r\n\t\t\t\t<h4 class=\"staff-member-position\">A\u00f0alskrivari<\/h4>\r\n\t\t\t\t\r\n915136\r\n\t\t\t\t<a class=\"staff-member-email\" href=\"mailto:mari&#116;a&#064;&#105;s&#102;&#046;f&#111;\" title=\"Email Marita Debess Magnussen\">m&#097;rita&#064;i&#115;f.&#102;o<\/a>\r\n\t\t\t<\/div>\r\n\t\t<\/div> <!-- Close staff-member --><div class=\"staff-member odd \">\r\n<div class=\"col-lg-3 col-md-4 col-sm-5 col-xs-3\">\r\n\t\t\t<img decoding=\"async\" class=\"staff-member-photo lazyload\" data-src=\"https:\/\/isf.fo\/wp-content\/uploads\/2025\/06\/Finnbjorg_RED.webp\" alt=\"Finnbj\u00f8rg Nattestad : Skrivstovuf\u00f3lk\" src=\"data:image\/svg+xml;base64,PHN2ZyB3aWR0aD0iMSIgaGVpZ2h0PSIxIiB4bWxucz0iaHR0cDovL3d3dy53My5vcmcvMjAwMC9zdmciPjwvc3ZnPg==\" style=\"--smush-placeholder-width: 699px; --smush-placeholder-aspect-ratio: 699\/699;\">\r\n<\/div>\r\n\t\t\t<div class=\"staff-member-info-wrap col-lg-9 col-md-8 col-sm-7 col-xs-9\">\r\n\t\t\t\t<h3 class=\"staff-member-name\">Finnbj\u00f8rg Nattestad<\/h3>\r\n\t\t\t\t<h4 class=\"staff-member-position\">Skrivstovuf\u00f3lk<\/h4>\r\n\t\t\t\t\r\n221747\r\n\t\t\t\t<a class=\"staff-member-email\" href=\"mailto:f&#105;nnbj&#111;&#114;&#103;&#064;&#105;&#115;f&#046;&#102;&#111;\" title=\"Email Finnbj\u00f8rg Nattestad\">fi&#110;&#110;b&#106;org&#064;&#105;sf&#046;&#102;&#111;<\/a>\r\n\t\t\t<\/div>\r\n\t\t<\/div> <!-- Close staff-member --><div class=\"staff-member even \">\r\n<div class=\"col-lg-3 col-md-4 col-sm-5 col-xs-3\">\r\n\t\t\t<img decoding=\"async\" class=\"staff-member-photo lazyload\" data-src=\"https:\/\/isf.fo\/wp-content\/uploads\/2025\/06\/Andras_RED.webp\" alt=\"Andras Nols\u00f8e : \u00cdtr\u00f3ttar\u00e1\u00f0gevi\" src=\"data:image\/svg+xml;base64,PHN2ZyB3aWR0aD0iMSIgaGVpZ2h0PSIxIiB4bWxucz0iaHR0cDovL3d3dy53My5vcmcvMjAwMC9zdmciPjwvc3ZnPg==\" style=\"--smush-placeholder-width: 648px; --smush-placeholder-aspect-ratio: 648\/648;\">\r\n<\/div>\r\n\t\t\t<div class=\"staff-member-info-wrap col-lg-9 col-md-8 col-sm-7 col-xs-9\">\r\n\t\t\t\t<h3 class=\"staff-member-name\">Andras Nols\u00f8e<\/h3>\r\n\t\t\t\t<h4 class=\"staff-member-position\">\u00cdtr\u00f3ttar\u00e1\u00f0gevi<\/h4>\r\n\t\t\t\t\r\n221563\r\n\t\t\t\t<a class=\"staff-member-email\" href=\"mailto:&#097;&#110;dra&#115;&#064;&#105;&#115;f.fo\" title=\"Email Andras Nols\u00f8e\">&#097;nd&#114;&#097;s&#064;&#105;sf&#046;&#102;&#111;<\/a>\r\n\t\t\t<\/div>\r\n\t\t<\/div> <!-- Close staff-member --><div class=\"staff-member odd \">\r\n<div class=\"col-lg-3 col-md-4 col-sm-5 col-xs-3\">\r\n\t\t\t<img decoding=\"async\" class=\"staff-member-photo lazyload\" data-src=\"https:\/\/isf.fo\/wp-content\/uploads\/2025\/06\/Katrin_RED.webp\" alt=\"Katrin Dam \u00e1 Neystab\u00f8 : \u00cdtr\u00f3ttar\u00e1\u00f0gevi breiddar\u00edtr\u00f3ttur\" src=\"data:image\/svg+xml;base64,PHN2ZyB3aWR0aD0iMSIgaGVpZ2h0PSIxIiB4bWxucz0iaHR0cDovL3d3dy53My5vcmcvMjAwMC9zdmciPjwvc3ZnPg==\" style=\"--smush-placeholder-width: 600px; --smush-placeholder-aspect-ratio: 600\/600;\">\r\n<\/div>\r\n\t\t\t<div class=\"staff-member-info-wrap col-lg-9 col-md-8 col-sm-7 col-xs-9\">\r\n\t\t\t\t<h3 class=\"staff-member-name\">Katrin Dam \u00e1 Neystab\u00f8<\/h3>\r\n\t\t\t\t<h4 class=\"staff-member-position\">\u00cdtr\u00f3ttar\u00e1\u00f0gevi breiddar\u00edtr\u00f3ttur<\/h4>\r\n\t\t\t\t\r\n218820\r\n\t\t\t\t<a class=\"staff-member-email\" href=\"mailto:&#107;&#097;tri&#110;&#064;&#105;&#115;&#102;.&#102;o\" title=\"Email Katrin Dam \u00e1 Neystab\u00f8\">k&#097;&#116;ri&#110;&#064;is&#102;.fo<\/a>\r\n\t\t\t<\/div>\r\n\t\t<\/div> <!-- Close staff-member --><div class=\"staff-member even \">\r\n<div class=\"col-lg-3 col-md-4 col-sm-5 col-xs-3\">\r\n\t\t\t<img decoding=\"async\" class=\"staff-member-photo lazyload\" data-src=\"https:\/\/isf.fo\/wp-content\/uploads\/2024\/05\/SolbySH.jpg\" alt=\"Solby A. Christiansd\u00f3ttir : Samskipari Oyggjaleikir 2027\" src=\"data:image\/svg+xml;base64,PHN2ZyB3aWR0aD0iMSIgaGVpZ2h0PSIxIiB4bWxucz0iaHR0cDovL3d3dy53My5vcmcvMjAwMC9zdmciPjwvc3ZnPg==\" style=\"--smush-placeholder-width: 559px; --smush-placeholder-aspect-ratio: 559\/574;\">\r\n<\/div>\r\n\t\t\t<div class=\"staff-member-info-wrap col-lg-9 col-md-8 col-sm-7 col-xs-9\">\r\n\t\t\t\t<h3 class=\"staff-member-name\">Solby A. Christiansd\u00f3ttir<\/h3>\r\n\t\t\t\t<h4 class=\"staff-member-position\">Samskipari Oyggjaleikir 2027<\/h4>\r\n\t\t\t\t\r\n220120\r\n\t\t\t\t<a class=\"staff-member-email\" href=\"mailto:sol&#098;y&#064;&#102;a&#114;o&#101;&#105;s&#108;a&#110;&#100;&#115;2&#055;.&#102;&#111;\" title=\"Email Solby A. Christiansd\u00f3ttir\">s&#111;&#108;&#098;y&#064;f&#097;roei&#115;&#108;&#097;&#110;d&#115;27&#046;&#102;&#111;<\/a>\r\n\t\t\t<\/div>\r\n\t\t<\/div> <!-- Close staff-member --><div class=\"staff-member odd  last\">\r\n<div class=\"col-lg-3 col-md-4 col-sm-5 col-xs-3\">\r\n\t\t\t<img decoding=\"async\" class=\"staff-member-photo lazyload\" data-src=\"https:\/\/isf.fo\/wp-content\/uploads\/2024\/09\/SignarSH.jpg\" alt=\"Signar Hilmarsson : Samskipari \u00darval og Sk\u00falaleikir\" src=\"data:image\/svg+xml;base64,PHN2ZyB3aWR0aD0iMSIgaGVpZ2h0PSIxIiB4bWxucz0iaHR0cDovL3d3dy53My5vcmcvMjAwMC9zdmciPjwvc3ZnPg==\" style=\"--smush-placeholder-width: 800px; --smush-placeholder-aspect-ratio: 800\/800;\">\r\n<\/div>\r\n\t\t\t<div class=\"staff-member-info-wrap col-lg-9 col-md-8 col-sm-7 col-xs-9\">\r\n\t\t\t\t<h3 class=\"staff-member-name\">Signar Hilmarsson<\/h3>\r\n\t\t\t\t<h4 class=\"staff-member-position\">Samskipari \u00darval og Sk\u00falaleikir<\/h4>\r\n\t\t\t\t\r\n599779\r\n\t\t\t\t<a class=\"staff-member-email\" href=\"mailto:s&#105;g&#110;ar&#064;&#105;&#115;&#102;&#046;&#102;&#111;\" title=\"Email Signar Hilmarsson\">s&#105;&#103;&#110;&#097;r&#064;is&#102;&#046;&#102;o<\/a>\r\n\t\t\t<\/div>\r\n\t\t<\/div> <!-- Close staff-member --><\/div> <!-- Close staff-member-listing -->\n","protected":false},"excerpt":{"rendered":"","protected":false},"author":6,"featured_media":0,"parent":402,"menu_order":4,"comment_status":"open","ping_status":"closed","template":"","meta":{"_acf_changed":false,"_relevanssi_hide_post":"","_relevanssi_hide_content":"","_relevanssi_pin_for_all":"","_relevanssi_pin_keywords":"","_relevanssi_unpin_keywords":"","_relevanssi_related_keywords":"","_relevanssi_related_include_ids":"","_relevanssi_related_exclude_ids":"","_relevanssi_related_no_append":"","_relevanssi_related_not_related":"","_relevanssi_related_posts":"","_relevanssi_noindex_reason":"","inline_featured_image":false,"footnotes":""},"class_list":["post-1055","page","type-page","status-publish","hentry"],"acf":[],"yoast_head":"<!-- This site is optimized with the Yoast SEO plugin v27.5 - https:\/\/yoast.com\/product\/yoast-seo-wordpress\/ -->\n<title>Starvsf\u00f3lk - \u00cdtr\u00f3ttasamband F\u00f8roya<\/title>\n<meta name=\"robots\" content=\"index, follow, max-snippet:-1, max-image-preview:large, max-video-preview:-1\" \/>\n<link rel=\"canonical\" href=\"https:\/\/isf.fo\/en\/bygnadur\/starvsfolk\/\" \/>\n<meta property=\"og:locale\" content=\"en_US\" \/>\n<meta property=\"og:type\" content=\"article\" \/>\n<meta property=\"og:title\" content=\"Starvsf\u00f3lk - \u00cdtr\u00f3ttasamband F\u00f8roya\" \/>\n<meta property=\"og:url\" content=\"https:\/\/isf.fo\/en\/bygnadur\/starvsfolk\/\" \/>\n<meta property=\"og:site_name\" content=\"\u00cdtr\u00f3ttasamband F\u00f8roya\" \/>\n<meta property=\"article:publisher\" content=\"https:\/\/www.facebook.com\/itrottasambandid\" \/>\n<meta property=\"article:modified_time\" content=\"2016-12-03T23:11:02+00:00\" \/>\n<meta name=\"twitter:card\" content=\"summary_large_image\" \/>\n<script type=\"application\/ld+json\" class=\"yoast-schema-graph\">{\"@context\":\"https:\\\/\\\/schema.org\",\"@graph\":[{\"@type\":\"WebPage\",\"@id\":\"https:\\\/\\\/isf.fo\\\/bygnadur\\\/starvsfolk\\\/\",\"url\":\"https:\\\/\\\/isf.fo\\\/bygnadur\\\/starvsfolk\\\/\",\"name\":\"Starvsf\u00f3lk - \u00cdtr\u00f3ttasamband F\u00f8roya\",\"isPartOf\":{\"@id\":\"https:\\\/\\\/isf.fo\\\/#website\"},\"datePublished\":\"2009-07-16T21:13:31+00:00\",\"dateModified\":\"2016-12-03T23:11:02+00:00\",\"breadcrumb\":{\"@id\":\"https:\\\/\\\/isf.fo\\\/bygnadur\\\/starvsfolk\\\/#breadcrumb\"},\"inLanguage\":\"en-US\",\"potentialAction\":[{\"@type\":\"ReadAction\",\"target\":[\"https:\\\/\\\/isf.fo\\\/bygnadur\\\/starvsfolk\\\/\"]}]},{\"@type\":\"BreadcrumbList\",\"@id\":\"https:\\\/\\\/isf.fo\\\/bygnadur\\\/starvsfolk\\\/#breadcrumb\",\"itemListElement\":[{\"@type\":\"ListItem\",\"position\":1,\"name\":\"Home\",\"item\":\"https:\\\/\\\/isf.fo\\\/\"},{\"@type\":\"ListItem\",\"position\":2,\"name\":\"Bygna\u00f0ur\",\"item\":\"https:\\\/\\\/isf.fo\\\/bygnadur\\\/\"},{\"@type\":\"ListItem\",\"position\":3,\"name\":\"Starvsf\u00f3lk\"}]},{\"@type\":\"WebSite\",\"@id\":\"https:\\\/\\\/isf.fo\\\/#website\",\"url\":\"https:\\\/\\\/isf.fo\\\/\",\"name\":\"\u00cdtr\u00f3ttasamband F\u00f8roya\",\"description\":\"\",\"publisher\":{\"@id\":\"https:\\\/\\\/isf.fo\\\/#organization\"},\"potentialAction\":[{\"@type\":\"SearchAction\",\"target\":{\"@type\":\"EntryPoint\",\"urlTemplate\":\"https:\\\/\\\/isf.fo\\\/?s={search_term_string}\"},\"query-input\":{\"@type\":\"PropertyValueSpecification\",\"valueRequired\":true,\"valueName\":\"search_term_string\"}}],\"inLanguage\":\"en-US\"},{\"@type\":\"Organization\",\"@id\":\"https:\\\/\\\/isf.fo\\\/#organization\",\"name\":\"\u00cdtr\u00f3ttasamband F\u00f8roya\",\"url\":\"https:\\\/\\\/isf.fo\\\/\",\"logo\":{\"@type\":\"ImageObject\",\"inLanguage\":\"en-US\",\"@id\":\"https:\\\/\\\/isf.fo\\\/#\\\/schema\\\/logo\\\/image\\\/\",\"url\":\"https:\\\/\\\/isf.fo\\\/wp-content\\\/uploads\\\/2025\\\/06\\\/ISF_Olympic-Committee-logo.png\",\"contentUrl\":\"https:\\\/\\\/isf.fo\\\/wp-content\\\/uploads\\\/2025\\\/06\\\/ISF_Olympic-Committee-logo.png\",\"width\":618,\"height\":121,\"caption\":\"\u00cdtr\u00f3ttasamband F\u00f8roya\"},\"image\":{\"@id\":\"https:\\\/\\\/isf.fo\\\/#\\\/schema\\\/logo\\\/image\\\/\"},\"sameAs\":[\"https:\\\/\\\/www.facebook.com\\\/itrottasambandid\"]}]}<\/script>\n<!-- \/ Yoast SEO plugin. -->","yoast_head_json":{"title":"Starvsf\u00f3lk - \u00cdtr\u00f3ttasamband F\u00f8roya","robots":{"index":"index","follow":"follow","max-snippet":"max-snippet:-1","max-image-preview":"max-image-preview:large","max-video-preview":"max-video-preview:-1"},"canonical":"https:\/\/isf.fo\/en\/bygnadur\/starvsfolk\/","og_locale":"en_US","og_type":"article","og_title":"Starvsf\u00f3lk - \u00cdtr\u00f3ttasamband F\u00f8roya","og_url":"https:\/\/isf.fo\/en\/bygnadur\/starvsfolk\/","og_site_name":"\u00cdtr\u00f3ttasamband F\u00f8roya","article_publisher":"https:\/\/www.facebook.com\/itrottasambandid","article_modified_time":"2016-12-03T23:11:02+00:00","twitter_card":"summary_large_image","schema":{"@context":"https:\/\/schema.org","@graph":[{"@type":"WebPage","@id":"https:\/\/isf.fo\/bygnadur\/starvsfolk\/","url":"https:\/\/isf.fo\/bygnadur\/starvsfolk\/","name":"Starvsf\u00f3lk - \u00cdtr\u00f3ttasamband F\u00f8roya","isPartOf":{"@id":"https:\/\/isf.fo\/#website"},"datePublished":"2009-07-16T21:13:31+00:00","dateModified":"2016-12-03T23:11:02+00:00","breadcrumb":{"@id":"https:\/\/isf.fo\/bygnadur\/starvsfolk\/#breadcrumb"},"inLanguage":"en-US","potentialAction":[{"@type":"ReadAction","target":["https:\/\/isf.fo\/bygnadur\/starvsfolk\/"]}]},{"@type":"BreadcrumbList","@id":"https:\/\/isf.fo\/bygnadur\/starvsfolk\/#breadcrumb","itemListElement":[{"@type":"ListItem","position":1,"name":"Home","item":"https:\/\/isf.fo\/"},{"@type":"ListItem","position":2,"name":"Bygna\u00f0ur","item":"https:\/\/isf.fo\/bygnadur\/"},{"@type":"ListItem","position":3,"name":"Starvsf\u00f3lk"}]},{"@type":"WebSite","@id":"https:\/\/isf.fo\/#website","url":"https:\/\/isf.fo\/","name":"\u00cdtr\u00f3ttasamband F\u00f8roya","description":"","publisher":{"@id":"https:\/\/isf.fo\/#organization"},"potentialAction":[{"@type":"SearchAction","target":{"@type":"EntryPoint","urlTemplate":"https:\/\/isf.fo\/?s={search_term_string}"},"query-input":{"@type":"PropertyValueSpecification","valueRequired":true,"valueName":"search_term_string"}}],"inLanguage":"en-US"},{"@type":"Organization","@id":"https:\/\/isf.fo\/#organization","name":"\u00cdtr\u00f3ttasamband F\u00f8roya","url":"https:\/\/isf.fo\/","logo":{"@type":"ImageObject","inLanguage":"en-US","@id":"https:\/\/isf.fo\/#\/schema\/logo\/image\/","url":"https:\/\/isf.fo\/wp-content\/uploads\/2025\/06\/ISF_Olympic-Committee-logo.png","contentUrl":"https:\/\/isf.fo\/wp-content\/uploads\/2025\/06\/ISF_Olympic-Committee-logo.png","width":618,"height":121,"caption":"\u00cdtr\u00f3ttasamband F\u00f8roya"},"image":{"@id":"https:\/\/isf.fo\/#\/schema\/logo\/image\/"},"sameAs":["https:\/\/www.facebook.com\/itrottasambandid"]}]}},"_links":{"self":[{"href":"https:\/\/isf.fo\/en\/wp-json\/wp\/v2\/pages\/1055","targetHints":{"allow":["GET"]}}],"collection":[{"href":"https:\/\/isf.fo\/en\/wp-json\/wp\/v2\/pages"}],"about":[{"href":"https:\/\/isf.fo\/en\/wp-json\/wp\/v2\/types\/page"}],"author":[{"embeddable":true,"href":"https:\/\/isf.fo\/en\/wp-json\/wp\/v2\/users\/6"}],"replies":[{"embeddable":true,"href":"https:\/\/isf.fo\/en\/wp-json\/wp\/v2\/comments?post=1055"}],"version-history":[{"count":1,"href":"https:\/\/isf.fo\/en\/wp-json\/wp\/v2\/pages\/1055\/revisions"}],"predecessor-version":[{"id":4488,"href":"https:\/\/isf.fo\/en\/wp-json\/wp\/v2\/pages\/1055\/revisions\/4488"}],"up":[{"embeddable":true,"href":"https:\/\/isf.fo\/en\/wp-json\/wp\/v2\/pages\/402"}],"wp:attachment":[{"href":"https:\/\/isf.fo\/en\/wp-json\/wp\/v2\/media?parent=1055"}],"curies":[{"name":"wp","href":"https:\/\/api.w.org\/{rel}","templated":true}]}}