{"id":1090,"date":"2009-08-24T13:11:32","date_gmt":"2009-08-24T12:11:32","guid":{"rendered":"https:\/\/isf.fo\/?page_id=1090"},"modified":"2025-12-05T10:50:48","modified_gmt":"2025-12-05T10:50:48","slug":"skattur-og-mvg","status":"publish","type":"page","link":"https:\/\/isf.fo\/en\/tilfar\/skattur-og-mvg\/","title":{"rendered":"Skattur og mvg"},"content":{"rendered":"<ul>\n<li><a href=\"https:\/\/logir.fo\/Kunngerd\/10-fra-27-01-2021-um-meirvirdisgjald-fyri-ikki-vinnuligt-og-almannagagnligt-fritidarvirksemi#:~:text=27.%20januar%202021-,Nr,-.%2010\">Skattur og mvg <em>(dagf\u00f8rt august 2023)<\/em><\/a><\/li>\n<li><a href=\"https:\/\/www.taks.fo\/fo\/borgari\/fradrattur\/itrottafradrattur\/\">\u00cdtr\u00f3ttafr\u00e1dr\u00e1ttur<\/a><\/li>\n<li><a href=\"https:\/\/www.taks.fo\/fo\/taks\/tidindi\/nu-faa-itrottafelog-lutfalsligan-fradrattarraett-fyri-mvg-av-t-d-itrottautgerd\/\" target=\"_blank\" rel=\"noopener noreferrer\">\u00cdtr\u00f3ttarfel\u00f8g lutfalsligan fr\u00e1dr\u00e1ttarr\u00e6tt fyri mvg <em>(dagf\u00f8rt september 2018)<\/em><\/a><\/li>\n<li><a href=\"https:\/\/www.taks.fo\/fo\/vinna\/skattur\/skattafraelsi\">Kunnger\u00f0 um skattafr\u00e6lsi<\/a><\/li>\n<li><a href=\"https:\/\/www.taks.fo\/fo\/log\/logir\/dupult-husarhald-l-l-um-studul-til\/\">Ums\u00f3kn um stu\u00f0ul til dupult h\u00fasarhald<\/a><\/li>\n<li><a href=\"https:\/\/www.taks.fo\/fo\/log\/rundskriv\/nr-1-2016-gavur-fra-arbeidsgevara\/\">Rundskriv vi\u00f0v. g\u00e1vum fr\u00e1 arbei\u00f0sgevara<\/a><\/li>\n<li><a href=\"https:\/\/taks.cdn.fo\/media\/1938\/v01-skr\u00e1setingarskjal-til-vinnuskr\u00e1nna-161220.pdf?s=5Yrnkhknbc6vaTXl_Pu3BDPa7b8\">Skr\u00e1setingarskjal til vinnuskr\u00e1nna (V-tal)<\/a><\/li>\n<li><a href=\"https:\/\/www.taks.fo\/fo\/vinna\/mvg\/at-lata-inn-mvg-uppgerd\/\">MVG-uppger\u00f0<\/a><\/li>\n<li><a href=\"https:\/\/logir.fo\/Kunngerd\/136-fra-17-06-1993-um-fritoku-fyri-at-rinda-avgjald-sambaert-logtingslog-um-meirvirdisgjald-fyri#:~:text=17.%20juni%201993-,Nr,-.%20136\">Ums\u00f3kn um fr\u00edt\u00f8ku fyri MVG \u00ed sambandi vi\u00f0 v\u00e6lgerandi tilt\u00f8k<\/a><\/li>\n<li><a href=\"https:\/\/www.taks.fo\/fo\/vinna\/mvg\/lat-mvg-uppgerdina-inn-a-vinnuglugganum\">Lat MVG-uppger\u00f0 inn vi\u00f0 Vinnuglugganum &#8211; ums\u00f3kn<\/a><\/li>\n<\/ul>\n\n\n<p><\/p>","protected":false},"excerpt":{"rendered":"<p>Skattur og mvg (dagf\u00f8rt august 2023) \u00cdtr\u00f3ttafr\u00e1dr\u00e1ttur \u00cdtr\u00f3ttarfel\u00f8g lutfalsligan fr\u00e1dr\u00e1ttarr\u00e6tt fyri mvg (dagf\u00f8rt september 2018) Kunnger\u00f0 um skattafr\u00e6lsi Ums\u00f3kn um [&hellip;]<\/p>","protected":false},"author":6,"featured_media":0,"parent":422,"menu_order":6,"comment_status":"closed","ping_status":"closed","template":"","meta":{"_acf_changed":false,"_relevanssi_hide_post":"","_relevanssi_hide_content":"","_relevanssi_pin_for_all":"","_relevanssi_pin_keywords":"","_relevanssi_unpin_keywords":"","_relevanssi_related_keywords":"","_relevanssi_related_include_ids":"","_relevanssi_related_exclude_ids":"","_relevanssi_related_no_append":"","_relevanssi_related_not_related":"","_relevanssi_related_posts":"","_relevanssi_noindex_reason":"","inline_featured_image":false,"footnotes":""},"class_list":["post-1090","page","type-page","status-publish","hentry"],"acf":[],"yoast_head":"<!-- This site is optimized with the Yoast SEO plugin v26.6 - https:\/\/yoast.com\/wordpress\/plugins\/seo\/ -->\n<title>Skattur og mvg - \u00cdtr\u00f3ttasamband F\u00f8roya<\/title>\n<meta name=\"robots\" content=\"index, follow, max-snippet:-1, max-image-preview:large, max-video-preview:-1\" \/>\n<link rel=\"canonical\" href=\"https:\/\/isf.fo\/en\/tilfar\/skattur-og-mvg\/\" \/>\n<meta property=\"og:locale\" content=\"en_US\" \/>\n<meta property=\"og:type\" content=\"article\" \/>\n<meta property=\"og:title\" content=\"Skattur og mvg - \u00cdtr\u00f3ttasamband F\u00f8roya\" \/>\n<meta property=\"og:description\" content=\"Skattur og mvg (dagf\u00f8rt august 2023) \u00cdtr\u00f3ttafr\u00e1dr\u00e1ttur \u00cdtr\u00f3ttarfel\u00f8g lutfalsligan fr\u00e1dr\u00e1ttarr\u00e6tt fyri mvg (dagf\u00f8rt september 2018) Kunnger\u00f0 um skattafr\u00e6lsi Ums\u00f3kn um [&hellip;]\" \/>\n<meta property=\"og:url\" content=\"https:\/\/isf.fo\/en\/tilfar\/skattur-og-mvg\/\" \/>\n<meta property=\"og:site_name\" content=\"\u00cdtr\u00f3ttasamband F\u00f8roya\" \/>\n<meta property=\"article:publisher\" content=\"https:\/\/www.facebook.com\/itrottasambandid\" \/>\n<meta property=\"article:modified_time\" content=\"2025-12-05T10:50:48+00:00\" \/>\n<meta name=\"twitter:card\" content=\"summary_large_image\" \/>\n<meta name=\"twitter:label1\" content=\"Est. reading time\" \/>\n\t<meta name=\"twitter:data1\" content=\"1 minute\" \/>\n<script type=\"application\/ld+json\" class=\"yoast-schema-graph\">{\"@context\":\"https:\/\/schema.org\",\"@graph\":[{\"@type\":\"WebPage\",\"@id\":\"https:\/\/isf.fo\/tilfar\/skattur-og-mvg\/\",\"url\":\"https:\/\/isf.fo\/tilfar\/skattur-og-mvg\/\",\"name\":\"Skattur og mvg - \u00cdtr\u00f3ttasamband F\u00f8roya\",\"isPartOf\":{\"@id\":\"https:\/\/isf.fo\/#website\"},\"datePublished\":\"2009-08-24T12:11:32+00:00\",\"dateModified\":\"2025-12-05T10:50:48+00:00\",\"breadcrumb\":{\"@id\":\"https:\/\/isf.fo\/tilfar\/skattur-og-mvg\/#breadcrumb\"},\"inLanguage\":\"en-US\",\"potentialAction\":[{\"@type\":\"ReadAction\",\"target\":[\"https:\/\/isf.fo\/tilfar\/skattur-og-mvg\/\"]}]},{\"@type\":\"BreadcrumbList\",\"@id\":\"https:\/\/isf.fo\/tilfar\/skattur-og-mvg\/#breadcrumb\",\"itemListElement\":[{\"@type\":\"ListItem\",\"position\":1,\"name\":\"Home\",\"item\":\"https:\/\/isf.fo\/\"},{\"@type\":\"ListItem\",\"position\":2,\"name\":\"Tilfar\",\"item\":\"https:\/\/isf.fo\/tilfar\/\"},{\"@type\":\"ListItem\",\"position\":3,\"name\":\"Skattur og mvg\"}]},{\"@type\":\"WebSite\",\"@id\":\"https:\/\/isf.fo\/#website\",\"url\":\"https:\/\/isf.fo\/\",\"name\":\"\u00cdtr\u00f3ttasamband F\u00f8roya\",\"description\":\"\",\"publisher\":{\"@id\":\"https:\/\/isf.fo\/#organization\"},\"potentialAction\":[{\"@type\":\"SearchAction\",\"target\":{\"@type\":\"EntryPoint\",\"urlTemplate\":\"https:\/\/isf.fo\/?s={search_term_string}\"},\"query-input\":{\"@type\":\"PropertyValueSpecification\",\"valueRequired\":true,\"valueName\":\"search_term_string\"}}],\"inLanguage\":\"en-US\"},{\"@type\":\"Organization\",\"@id\":\"https:\/\/isf.fo\/#organization\",\"name\":\"\u00cdtr\u00f3ttasamband F\u00f8roya\",\"url\":\"https:\/\/isf.fo\/\",\"logo\":{\"@type\":\"ImageObject\",\"inLanguage\":\"en-US\",\"@id\":\"https:\/\/isf.fo\/#\/schema\/logo\/image\/\",\"url\":\"https:\/\/isf.fo\/wp-content\/uploads\/2025\/06\/ISF_Olympic-Committee-logo.png\",\"contentUrl\":\"https:\/\/isf.fo\/wp-content\/uploads\/2025\/06\/ISF_Olympic-Committee-logo.png\",\"width\":618,\"height\":121,\"caption\":\"\u00cdtr\u00f3ttasamband F\u00f8roya\"},\"image\":{\"@id\":\"https:\/\/isf.fo\/#\/schema\/logo\/image\/\"},\"sameAs\":[\"https:\/\/www.facebook.com\/itrottasambandid\"]}]}<\/script>\n<!-- \/ Yoast SEO plugin. -->","yoast_head_json":{"title":"Skattur og mvg - \u00cdtr\u00f3ttasamband F\u00f8roya","robots":{"index":"index","follow":"follow","max-snippet":"max-snippet:-1","max-image-preview":"max-image-preview:large","max-video-preview":"max-video-preview:-1"},"canonical":"https:\/\/isf.fo\/en\/tilfar\/skattur-og-mvg\/","og_locale":"en_US","og_type":"article","og_title":"Skattur og mvg - \u00cdtr\u00f3ttasamband F\u00f8roya","og_description":"Skattur og mvg (dagf\u00f8rt august 2023) \u00cdtr\u00f3ttafr\u00e1dr\u00e1ttur \u00cdtr\u00f3ttarfel\u00f8g lutfalsligan fr\u00e1dr\u00e1ttarr\u00e6tt fyri mvg (dagf\u00f8rt september 2018) Kunnger\u00f0 um skattafr\u00e6lsi Ums\u00f3kn um [&hellip;]","og_url":"https:\/\/isf.fo\/en\/tilfar\/skattur-og-mvg\/","og_site_name":"\u00cdtr\u00f3ttasamband F\u00f8roya","article_publisher":"https:\/\/www.facebook.com\/itrottasambandid","article_modified_time":"2025-12-05T10:50:48+00:00","twitter_card":"summary_large_image","twitter_misc":{"Est. reading time":"1 minute"},"schema":{"@context":"https:\/\/schema.org","@graph":[{"@type":"WebPage","@id":"https:\/\/isf.fo\/tilfar\/skattur-og-mvg\/","url":"https:\/\/isf.fo\/tilfar\/skattur-og-mvg\/","name":"Skattur og mvg - \u00cdtr\u00f3ttasamband F\u00f8roya","isPartOf":{"@id":"https:\/\/isf.fo\/#website"},"datePublished":"2009-08-24T12:11:32+00:00","dateModified":"2025-12-05T10:50:48+00:00","breadcrumb":{"@id":"https:\/\/isf.fo\/tilfar\/skattur-og-mvg\/#breadcrumb"},"inLanguage":"en-US","potentialAction":[{"@type":"ReadAction","target":["https:\/\/isf.fo\/tilfar\/skattur-og-mvg\/"]}]},{"@type":"BreadcrumbList","@id":"https:\/\/isf.fo\/tilfar\/skattur-og-mvg\/#breadcrumb","itemListElement":[{"@type":"ListItem","position":1,"name":"Home","item":"https:\/\/isf.fo\/"},{"@type":"ListItem","position":2,"name":"Tilfar","item":"https:\/\/isf.fo\/tilfar\/"},{"@type":"ListItem","position":3,"name":"Skattur og mvg"}]},{"@type":"WebSite","@id":"https:\/\/isf.fo\/#website","url":"https:\/\/isf.fo\/","name":"\u00cdtr\u00f3ttasamband F\u00f8roya","description":"","publisher":{"@id":"https:\/\/isf.fo\/#organization"},"potentialAction":[{"@type":"SearchAction","target":{"@type":"EntryPoint","urlTemplate":"https:\/\/isf.fo\/?s={search_term_string}"},"query-input":{"@type":"PropertyValueSpecification","valueRequired":true,"valueName":"search_term_string"}}],"inLanguage":"en-US"},{"@type":"Organization","@id":"https:\/\/isf.fo\/#organization","name":"\u00cdtr\u00f3ttasamband F\u00f8roya","url":"https:\/\/isf.fo\/","logo":{"@type":"ImageObject","inLanguage":"en-US","@id":"https:\/\/isf.fo\/#\/schema\/logo\/image\/","url":"https:\/\/isf.fo\/wp-content\/uploads\/2025\/06\/ISF_Olympic-Committee-logo.png","contentUrl":"https:\/\/isf.fo\/wp-content\/uploads\/2025\/06\/ISF_Olympic-Committee-logo.png","width":618,"height":121,"caption":"\u00cdtr\u00f3ttasamband F\u00f8roya"},"image":{"@id":"https:\/\/isf.fo\/#\/schema\/logo\/image\/"},"sameAs":["https:\/\/www.facebook.com\/itrottasambandid"]}]}},"_links":{"self":[{"href":"https:\/\/isf.fo\/en\/wp-json\/wp\/v2\/pages\/1090","targetHints":{"allow":["GET"]}}],"collection":[{"href":"https:\/\/isf.fo\/en\/wp-json\/wp\/v2\/pages"}],"about":[{"href":"https:\/\/isf.fo\/en\/wp-json\/wp\/v2\/types\/page"}],"author":[{"embeddable":true,"href":"https:\/\/isf.fo\/en\/wp-json\/wp\/v2\/users\/6"}],"replies":[{"embeddable":true,"href":"https:\/\/isf.fo\/en\/wp-json\/wp\/v2\/comments?post=1090"}],"version-history":[{"count":13,"href":"https:\/\/isf.fo\/en\/wp-json\/wp\/v2\/pages\/1090\/revisions"}],"predecessor-version":[{"id":13295,"href":"https:\/\/isf.fo\/en\/wp-json\/wp\/v2\/pages\/1090\/revisions\/13295"}],"up":[{"embeddable":true,"href":"https:\/\/isf.fo\/en\/wp-json\/wp\/v2\/pages\/422"}],"wp:attachment":[{"href":"https:\/\/isf.fo\/en\/wp-json\/wp\/v2\/media?parent=1090"}],"curies":[{"name":"wp","href":"https:\/\/api.w.org\/{rel}","templated":true}]}}