{"id":11463,"date":"2009-11-04T12:13:32","date_gmt":"2024-05-15T12:32:31","guid":{"rendered":"https:\/\/isf.fo\/logir\/reglugerd-fyri-urval-2\/"},"modified":"2025-03-25T23:46:05","modified_gmt":"2025-03-25T23:46:05","slug":"reglugerd-fyri-breiddarpulju","status":"publish","type":"page","link":"https:\/\/isf.fo\/en\/logir\/reglugerd-fyri-breiddarpulju\/","title":{"rendered":"Regluger\u00f0 fyri Breiddarpulju"},"content":{"rendered":"<h1 style=\"text-align: center;\"><b>S\u00f8k f\u00edgging til eina verk\u00e6tlan <\/b><b><a href=\"https:\/\/docs.google.com\/forms\/d\/e\/1FAIpQLSclNP0eFabKzEMQYtWnDyQCdKgsCvfsPj9zSJx0MdjJLw8-uA\/viewform?usp=sf_link\">her<\/a>.<\/b><\/h1>\n<h4>\u00a0<\/h4>\n<h4><b>Endam\u00e1li\u00f0 vi\u00f0 breiddarpuljuni er at f\u00e1a fleiri virkin \u00ed f\u00f8royska \u00edtr\u00f3ttafelagsskapinum<\/b><\/h4>\n<p><span style=\"font-weight: 400;\">Vi\u00f0 breiddarpuljuni ynskja vit \u00ed felag at vaksa um \u00edtr\u00f3ttah\u00f3pin og \u00e1ram\u00e1li\u00f0, i\u00f0 f\u00f3lk eru virkin.<\/span><span style=\"font-weight: 400;\"><br \/><\/span><span style=\"font-weight: 400;\">Fleiri b\u00f8rn skulu luttaka, og tey ungu skulu tr\u00edvast longur \u00ed felagsskapinum. Tey vaksnu skulu eisini f\u00e1a fj\u00f8lbroyttari m\u00f8guleikar at vera virkin \u00ed einum \u00edtr\u00f3ttafelagsskapi.<\/span><span style=\"font-weight: 400;\"><br \/><\/span><span style=\"font-weight: 400;\">Felagsskapurin og r\u00f8rslutilbo\u00f0ini skulu vera vi\u00f0komandi fyri allar aldrar, solei\u00f0is at vit kunnu vera virkin alt l\u00edvi\u00f0.<\/span><\/p>\n<h4><b>Hvat ber til at s\u00f8kja f\u00edgging til?<\/b><\/h4>\n<p><img decoding=\"async\" class=\"aligncenter  wp-image-11468 lazyload\" data-src=\"https:\/\/isf.fo\/wp-content\/uploads\/2024\/05\/Breiddarpulja-4-700x175.png\" alt=\"\" width=\"872\" height=\"218\" data-srcset=\"https:\/\/isf.fo\/wp-content\/uploads\/2024\/05\/Breiddarpulja-4-700x175.png 700w, https:\/\/isf.fo\/wp-content\/uploads\/2024\/05\/Breiddarpulja-4-300x75.png 300w, https:\/\/isf.fo\/wp-content\/uploads\/2024\/05\/Breiddarpulja-4-768x192.png 768w, https:\/\/isf.fo\/wp-content\/uploads\/2024\/05\/Breiddarpulja-4-1536x384.png 1536w, https:\/\/isf.fo\/wp-content\/uploads\/2024\/05\/Breiddarpulja-4-18x5.png 18w, https:\/\/isf.fo\/wp-content\/uploads\/2024\/05\/Breiddarpulja-4-24x6.png 24w, https:\/\/isf.fo\/wp-content\/uploads\/2024\/05\/Breiddarpulja-4-36x9.png 36w, https:\/\/isf.fo\/wp-content\/uploads\/2024\/05\/Breiddarpulja-4-48x12.png 48w, https:\/\/isf.fo\/wp-content\/uploads\/2024\/05\/Breiddarpulja-4.png 1800w\" data-sizes=\"(max-width: 872px) 100vw, 872px\" src=\"data:image\/svg+xml;base64,PHN2ZyB3aWR0aD0iMSIgaGVpZ2h0PSIxIiB4bWxucz0iaHR0cDovL3d3dy53My5vcmcvMjAwMC9zdmciPjwvc3ZnPg==\" style=\"--smush-placeholder-width: 872px; --smush-placeholder-aspect-ratio: 872\/218;\" \/><\/p>\n<p><span style=\"font-weight: 400;\">Til ber at s\u00f8kja f\u00edgging til\u00a0 verk\u00e6tlanir \u00ed F\u00f8royum, sum tit tr\u00fagva upp\u00e1 kunnu <\/span><i><span style=\"font-weight: 400;\">styrkja<\/span><\/i><span style=\"font-weight: 400;\"> breiddina, <\/span><i><span style=\"font-weight: 400;\">v\u00ed\u00f0ka<\/span><\/i><span style=\"font-weight: 400;\"> tykkara virksemi\u00f0 og\/ella <\/span><i><span style=\"font-weight: 400;\">menna<\/span><\/i><span style=\"font-weight: 400;\"> tykkara sj\u00e1lvbodna felagsskap.<\/span><\/p>\n<h4><b>D\u00f8mi kunnu vera verk\u00e6tlanir, sum:<\/b><\/h4>\n<ul>\n<li style=\"font-weight: 400;\" aria-level=\"1\"><span style=\"font-weight: 400;\">f\u00e1a fleiri vi\u00f0 (b\u00e6\u00f0i \u00ed\u00f0karar og sj\u00e1lvbo\u00f0in)<\/span><\/li>\n<li style=\"font-weight: 400;\" aria-level=\"1\"><span style=\"font-weight: 400;\">halda fleiri til longri \u00ed felagsskapinum<\/span><\/li>\n<li style=\"font-weight: 400;\" aria-level=\"1\"><span style=\"font-weight: 400;\">bj\u00f3\u00f0a r\u00f8rslu alt l\u00edvi\u00f0<\/span><\/li>\n<li style=\"font-weight: 400;\" aria-level=\"1\"><span style=\"font-weight: 400;\">skapa sosialan trivna\u00f0 \u00ed felagsskapinum<\/span><\/li>\n<li style=\"font-weight: 400;\" aria-level=\"1\"><span style=\"font-weight: 400;\">fj\u00f8lga um tykkara sj\u00e1lvbodnu<\/span><\/li>\n<li style=\"font-weight: 400;\" aria-level=\"1\"><span style=\"font-weight: 400;\">v\u00ed\u00f0ka aktivitetirnar hj\u00e1 felagnum\/sambandinum<\/span><\/li>\n<li style=\"font-weight: 400;\" aria-level=\"1\"><span style=\"font-weight: 400;\">v\u00ed\u00f0ka m\u00e1lb\u00f3lkin hj\u00e1 felagnum\/sambandinum<\/span><\/li>\n<li style=\"font-weight: 400;\" aria-level=\"1\"><span style=\"font-weight: 400;\">gera felagsskapin sj\u00f3nligari \u00ed samfelagnum<\/span><\/li>\n<li style=\"font-weight: 400;\" aria-level=\"1\"><span style=\"font-weight: 400;\">leggja upp til inklusj\u00f3n<\/span><\/li>\n<li style=\"font-weight: 400;\" aria-level=\"1\"><span style=\"font-weight: 400;\">eru integrati\u00f3nsfremjandi<\/span><\/li>\n<li style=\"font-weight: 400;\" aria-level=\"1\"><span style=\"font-weight: 400;\">fevna tv\u00f8rtur um \u00edtr\u00f3ttagreinar: felags venjingar ella tilt\u00f8k (t.d. ska\u00f0afyribyrging, rennivenjing, styrkivenjing, sinnisvenjing, vitan um kost og kropp osfr.)<\/span><\/li>\n<\/ul>\n<h4><b>Hv\u00f8r kann s\u00f8kja?<\/b><\/h4>\n<ul>\n<li style=\"font-weight: 400;\" aria-level=\"1\"><span style=\"font-weight: 400;\">\u00cdtr\u00f3ttasambond og \u00edtr\u00f3ttafel\u00f8g. <\/span><\/li>\n<li style=\"font-weight: 400;\" aria-level=\"1\"><span style=\"font-weight: 400;\">Fleiri fel\u00f8g\/sambond kunnu s\u00f8kja saman.<\/span><\/li>\n<\/ul>\n<h4><b>N\u00e6r ber til at s\u00f8kja?<\/b><\/h4>\n<ul>\n<li style=\"font-weight: 400;\" aria-level=\"1\"><span style=\"font-weight: 400;\">Ta\u00f0 ber til at s\u00f8kja alt \u00e1ri\u00f0\u00a0<\/span><\/li>\n<li style=\"font-weight: 400;\" aria-level=\"1\"><span style=\"font-weight: 400;\">Ums\u00f3knarsvar innan 6 vikur<\/span><b>\u00a0\u00a0<\/b><\/li>\n<\/ul>\n<h4><b>Hvussu s\u00f8kir mann?<\/b><\/h4>\n<ul>\n<li style=\"font-weight: 400;\" aria-level=\"1\"><span style=\"font-weight: 400;\">Svara talgilda ums\u00f3knarskjalinum \u00e1 vi\u00f0 at tr\u00fdsta \u00e1 leinkjuna ovast \u00e1 hesi s\u00ed\u00f0u<\/span><span style=\"font-weight: 400;\">.\u00a0\u00a0\u00a0\u00a0\u00a0\u00a0\u00a0\u00a0\u00a0<\/span><\/li>\n<\/ul>\n<h4><b>Hvussu n\u00f3gv og hvussu ofta?<\/b><\/h4>\n<ul>\n<li style=\"font-weight: 400;\" aria-level=\"1\"><span style=\"font-weight: 400;\">S\u00f8kjast kann upp til 30.000 kr.\u00a0<\/span><\/li>\n<li style=\"font-weight: 400;\" aria-level=\"1\"><span style=\"font-weight: 400;\">Ta\u00f0 er m\u00f8guligt at s\u00f8kja saman vi\u00f0 \u00f8\u00f0rum fel\u00f8gum og sambondum.\u00a0<\/span><\/li>\n<li style=\"font-weight: 400;\" aria-level=\"1\"><span style=\"font-weight: 400;\">Um fleiri s\u00f8kja saman, kann s\u00f8kjast upp til 50.000 kr.\u00a0<\/span><\/li>\n<li style=\"font-weight: 400;\" aria-level=\"1\"><span style=\"font-weight: 400;\">Eitt endam\u00e1l pr. ums\u00f3kn.<\/span><\/li>\n<li style=\"font-weight: 400;\" aria-level=\"1\"><span style=\"font-weight: 400;\">Ein ums\u00f3kn pr. \u00e1r pr. felag\/samband.<\/span><\/li>\n<li style=\"font-weight: 400;\" aria-level=\"1\"><span style=\"font-weight: 400;\">Tv\u00e6r ums\u00f3knir pr. \u00e1r pr. felag\/samband, um s\u00f8kt ver\u00f0ur saman vi\u00f0 \u00f8\u00f0rum.<\/span><\/li>\n<li style=\"font-weight: 400;\" aria-level=\"1\"><span style=\"font-weight: 400;\">Ta\u00f0 er m\u00f8guligt at s\u00f8kja saman vi\u00f0 fel\u00f8gum\/sambonum, sum umbo\u00f0a a\u00f0ra \u00edtr\u00f3ttagrein enn tykkara egnu.<\/span><\/li>\n<li style=\"font-weight: 400;\" aria-level=\"1\"><span style=\"font-weight: 400;\">Peningurin skal br\u00fakast innan 12 m\u00e1na\u00f0ir, og \u00fatrei\u00f0slur skulu skjalpr\u00f3gvast.<\/span><\/li>\n<\/ul>\n<h4><b>Hvat kann mann <\/b><span style=\"text-decoration: underline;\"><b>IKKI<\/b><\/span><b> s\u00f8kja pengar til?<\/b><\/h4>\n<ul>\n<li style=\"font-weight: 400;\" aria-level=\"1\"><span style=\"font-weight: 400;\">Verk\u00e6tlanir, sum eru \u00ed gongd ella eru lidnar<\/span><\/li>\n<li style=\"font-weight: 400;\" aria-level=\"1\"><span style=\"font-weight: 400;\">\u00darvalsarbei\u00f0i<\/span><\/li>\n<li style=\"font-weight: 400;\" aria-level=\"1\"><span style=\"font-weight: 400;\">Vanligan rakstur og fastsett starvsf\u00f3lk<\/span><\/li>\n<li style=\"font-weight: 400;\" aria-level=\"1\"><span style=\"font-weight: 400;\">Limagjald<\/span><\/li>\n<li style=\"font-weight: 400;\" aria-level=\"1\"><span style=\"font-weight: 400;\">Afturvendandi tilt\u00f8k<\/span><\/li>\n<li style=\"font-weight: 400;\" aria-level=\"1\"><span style=\"font-weight: 400;\">Innsavningartilt\u00f8k<\/span><\/li>\n<li aria-level=\"1\">\u00datrei\u00f0slur til fer\u00f0ing<\/li>\n<li aria-level=\"1\">Virksemi uttanlands<\/li>\n<li aria-level=\"1\">Sum \u00fatgangspunkt skal talan ikki vera um egingjald<\/li>\n<\/ul>\n<h4><b>Kr\u00f8v fyri tilluting\u00a0<\/b><\/h4>\n<ul>\n<li style=\"font-weight: 400;\" aria-level=\"1\"><span style=\"font-weight: 400;\">Peningurin skal:<\/span>\n<ul>\n<li style=\"font-weight: 400;\" aria-level=\"2\"><span style=\"font-weight: 400;\">skapa virksemi<\/span><\/li>\n<li style=\"font-weight: 400;\" aria-level=\"2\"><span style=\"font-weight: 400;\">eggja fleiri f\u00f8royingar til r\u00f8rslu- og \u00edtr\u00f3ttavirksemi<\/span><\/li>\n<li style=\"font-weight: 400;\" aria-level=\"2\"><span style=\"font-weight: 400;\">eggja fleiri f\u00f8royingar til sj\u00e1lvbo\u00f0i\u00f0 virksemi<\/span><\/li>\n<li style=\"font-weight: 400;\" aria-level=\"2\"><span style=\"font-weight: 400;\">vera vi\u00f0 til at skapa n\u00fdmenning \u00ed fel\u00f8gum<\/span><\/li>\n<li style=\"font-weight: 400;\" aria-level=\"2\"><span style=\"font-weight: 400;\">br\u00fakast til ymisk endam\u00e1l og virksemi<\/span><\/li>\n<li style=\"font-weight: 400;\" aria-level=\"2\"><span style=\"font-weight: 400;\">br\u00fakast \u00ed n\u00f3gvum ymiskum fel\u00f8gum (heldur enn f\u00e6rri)<\/span><\/li>\n<li style=\"font-weight: 400;\" aria-level=\"2\"><span style=\"font-weight: 400;\">br\u00fakast kring alt landi\u00f0<\/span><\/li>\n<li style=\"font-weight: 400;\" aria-level=\"2\"><span style=\"font-weight: 400;\">vera vi\u00f0 til at gera \u00edtr\u00f3ttavirksemi sj\u00f3nligari<\/span><\/li>\n<\/ul>\n<\/li>\n<\/ul>\n<h4><b>Mannagongd fyr vi\u00f0ger\u00f0 av ums\u00f3knum<\/b><\/h4>\n<ul>\n<li style=\"font-weight: 400;\" aria-level=\"1\"><span style=\"font-weight: 400;\">Skrivstovan hj\u00e1 \u00cdSF f\u00e6r ums\u00f3knirnar og v\u00e1ttar fyri m\u00f3tt\u00f8ku.<\/span><\/li>\n<li style=\"font-weight: 400;\" aria-level=\"2\"><span style=\"font-weight: 400;\">Um formellu kr\u00f8vini eru fylgd, ver\u00f0ur vi\u00f0komandi samband kunna\u00f0.<\/span><\/li>\n<li style=\"font-weight: 400;\" aria-level=\"2\"><span style=\"font-weight: 400;\">Sambandi\u00f0 hevur 7 daga hoyringsfreist, \u00e1\u00f0renn ungd\u00f3ms- og menningarnevndin vi\u00f0ger\u00f0 ums\u00f3knina.<\/span><\/li>\n<li style=\"font-weight: 400;\" aria-level=\"2\"><span style=\"font-weight: 400;\">Um sambandi\u00f0 ikki hevur gj\u00f8rt vart vi\u00f0 seg, fer ums\u00f3knin v\u00ed\u00f0ari til vi\u00f0ger\u00f0.<\/span><\/li>\n<li style=\"font-weight: 400;\" aria-level=\"2\"><span style=\"font-weight: 400;\">Ungd\u00f3ms- og menningarnevndin hj\u00e1 \u00cdSF hevur \u00ed mesta lagi\u00f0 5 vikur at vi\u00f0gera ums\u00f3knina.<\/span><\/li>\n<li style=\"font-weight: 400;\" aria-level=\"2\"><span style=\"font-weight: 400;\">Ver\u00f0ur ums\u00f3knin gingin \u00e1 m\u00f8ti, ver\u00f0a ums\u00f8kjari og m\u00f8guliga sambond kunna\u00f0.<\/span><\/li>\n<li style=\"font-weight: 400;\" aria-level=\"2\"><span style=\"font-weight: 400;\">Peningurin skal br\u00fakast innan 12 m\u00e1na\u00f0ir, og \u00fatrei\u00f0slur skulu skjalpr\u00f3gvast.<\/span><\/li>\n<li style=\"font-weight: 400;\" aria-level=\"2\"><span style=\"font-weight: 400;\">Um ta\u00f0 ikki er m\u00f8guligt at skjalpr\u00f3gva \u00fatrei\u00f0slur, skal felag senda peningin aftur til puljuna.<\/span><\/li>\n<li style=\"font-weight: 400;\" aria-level=\"2\"><span style=\"font-weight: 400;\">Eftir at verk\u00e6tlanin er gj\u00f8gnumf\u00f8rd, skal ein stuttur eftirmetingar frymill \u00fatfyllast.<\/span><\/li>\n<\/ul>\n\n\n<div style=\"height:100px\" aria-hidden=\"true\" class=\"wp-block-spacer\"><\/div>","protected":false},"excerpt":{"rendered":"<p>S\u00f8k f\u00edgging til eina verk\u00e6tlan her. \u00a0 Endam\u00e1li\u00f0 vi\u00f0 breiddarpuljuni er at f\u00e1a fleiri virkin \u00ed f\u00f8royska \u00edtr\u00f3ttafelagsskapinum Vi\u00f0 breiddarpuljuni [&hellip;]<\/p>\n","protected":false},"author":6,"featured_media":11466,"parent":405,"menu_order":9,"comment_status":"closed","ping_status":"closed","template":"","meta":{"_acf_changed":false,"_relevanssi_hide_post":"","_relevanssi_hide_content":"","_relevanssi_pin_for_all":"","_relevanssi_pin_keywords":"","_relevanssi_unpin_keywords":"","_relevanssi_related_keywords":"","_relevanssi_related_include_ids":"","_relevanssi_related_exclude_ids":"","_relevanssi_related_no_append":"","_relevanssi_related_not_related":"","_relevanssi_related_posts":"","_relevanssi_noindex_reason":"","inline_featured_image":false,"footnotes":""},"class_list":["post-11463","page","type-page","status-publish","has-post-thumbnail","hentry"],"acf":[],"yoast_head":"<!-- This site is optimized with the Yoast SEO plugin v27.5 - https:\/\/yoast.com\/product\/yoast-seo-wordpress\/ -->\n<title>Regluger\u00f0 fyri Breiddarpulju - \u00cdtr\u00f3ttasamband F\u00f8roya<\/title>\n<meta name=\"robots\" content=\"index, follow, max-snippet:-1, max-image-preview:large, max-video-preview:-1\" \/>\n<link rel=\"canonical\" href=\"https:\/\/isf.fo\/en\/logir\/reglugerd-fyri-breiddarpulju\/\" \/>\n<meta property=\"og:locale\" content=\"en_US\" \/>\n<meta property=\"og:type\" content=\"article\" \/>\n<meta property=\"og:title\" content=\"Regluger\u00f0 fyri Breiddarpulju - \u00cdtr\u00f3ttasamband F\u00f8roya\" \/>\n<meta property=\"og:description\" content=\"S\u00f8k f\u00edgging til eina verk\u00e6tlan her. \u00a0 Endam\u00e1li\u00f0 vi\u00f0 breiddarpuljuni er at f\u00e1a fleiri virkin \u00ed f\u00f8royska \u00edtr\u00f3ttafelagsskapinum Vi\u00f0 breiddarpuljuni [&hellip;]\" \/>\n<meta property=\"og:url\" content=\"https:\/\/isf.fo\/en\/logir\/reglugerd-fyri-breiddarpulju\/\" \/>\n<meta property=\"og:site_name\" content=\"\u00cdtr\u00f3ttasamband F\u00f8roya\" \/>\n<meta property=\"article:publisher\" content=\"https:\/\/www.facebook.com\/itrottasambandid\" \/>\n<meta property=\"article:modified_time\" content=\"2025-03-25T23:46:05+00:00\" \/>\n<meta property=\"og:image\" content=\"https:\/\/isf.fo\/wp-content\/uploads\/2024\/05\/1.png\" \/>\n\t<meta property=\"og:image:width\" content=\"1200\" \/>\n\t<meta property=\"og:image:height\" content=\"300\" \/>\n\t<meta property=\"og:image:type\" content=\"image\/png\" \/>\n<meta name=\"twitter:card\" content=\"summary_large_image\" \/>\n<meta name=\"twitter:label1\" content=\"Est. reading time\" \/>\n\t<meta name=\"twitter:data1\" content=\"4 minutes\" \/>\n<script type=\"application\/ld+json\" class=\"yoast-schema-graph\">{\"@context\":\"https:\\\/\\\/schema.org\",\"@graph\":[{\"@type\":\"WebPage\",\"@id\":\"https:\\\/\\\/isf.fo\\\/logir\\\/reglugerd-fyri-breiddarpulju\\\/\",\"url\":\"https:\\\/\\\/isf.fo\\\/logir\\\/reglugerd-fyri-breiddarpulju\\\/\",\"name\":\"Regluger\u00f0 fyri Breiddarpulju - \u00cdtr\u00f3ttasamband F\u00f8roya\",\"isPartOf\":{\"@id\":\"https:\\\/\\\/isf.fo\\\/#website\"},\"primaryImageOfPage\":{\"@id\":\"https:\\\/\\\/isf.fo\\\/logir\\\/reglugerd-fyri-breiddarpulju\\\/#primaryimage\"},\"image\":{\"@id\":\"https:\\\/\\\/isf.fo\\\/logir\\\/reglugerd-fyri-breiddarpulju\\\/#primaryimage\"},\"thumbnailUrl\":\"https:\\\/\\\/isf.fo\\\/wp-content\\\/uploads\\\/2024\\\/05\\\/1.png\",\"datePublished\":\"2024-05-15T12:32:31+00:00\",\"dateModified\":\"2025-03-25T23:46:05+00:00\",\"breadcrumb\":{\"@id\":\"https:\\\/\\\/isf.fo\\\/logir\\\/reglugerd-fyri-breiddarpulju\\\/#breadcrumb\"},\"inLanguage\":\"en-US\",\"potentialAction\":[{\"@type\":\"ReadAction\",\"target\":[\"https:\\\/\\\/isf.fo\\\/logir\\\/reglugerd-fyri-breiddarpulju\\\/\"]}]},{\"@type\":\"ImageObject\",\"inLanguage\":\"en-US\",\"@id\":\"https:\\\/\\\/isf.fo\\\/logir\\\/reglugerd-fyri-breiddarpulju\\\/#primaryimage\",\"url\":\"https:\\\/\\\/isf.fo\\\/wp-content\\\/uploads\\\/2024\\\/05\\\/1.png\",\"contentUrl\":\"https:\\\/\\\/isf.fo\\\/wp-content\\\/uploads\\\/2024\\\/05\\\/1.png\",\"width\":1200,\"height\":300},{\"@type\":\"BreadcrumbList\",\"@id\":\"https:\\\/\\\/isf.fo\\\/logir\\\/reglugerd-fyri-breiddarpulju\\\/#breadcrumb\",\"itemListElement\":[{\"@type\":\"ListItem\",\"position\":1,\"name\":\"Home\",\"item\":\"https:\\\/\\\/isf.fo\\\/\"},{\"@type\":\"ListItem\",\"position\":2,\"name\":\"L\u00f3gir\",\"item\":\"https:\\\/\\\/isf.fo\\\/logir\\\/\"},{\"@type\":\"ListItem\",\"position\":3,\"name\":\"Regluger\u00f0 fyri Breiddarpulju\"}]},{\"@type\":\"WebSite\",\"@id\":\"https:\\\/\\\/isf.fo\\\/#website\",\"url\":\"https:\\\/\\\/isf.fo\\\/\",\"name\":\"\u00cdtr\u00f3ttasamband F\u00f8roya\",\"description\":\"\",\"publisher\":{\"@id\":\"https:\\\/\\\/isf.fo\\\/#organization\"},\"potentialAction\":[{\"@type\":\"SearchAction\",\"target\":{\"@type\":\"EntryPoint\",\"urlTemplate\":\"https:\\\/\\\/isf.fo\\\/?s={search_term_string}\"},\"query-input\":{\"@type\":\"PropertyValueSpecification\",\"valueRequired\":true,\"valueName\":\"search_term_string\"}}],\"inLanguage\":\"en-US\"},{\"@type\":\"Organization\",\"@id\":\"https:\\\/\\\/isf.fo\\\/#organization\",\"name\":\"\u00cdtr\u00f3ttasamband F\u00f8roya\",\"url\":\"https:\\\/\\\/isf.fo\\\/\",\"logo\":{\"@type\":\"ImageObject\",\"inLanguage\":\"en-US\",\"@id\":\"https:\\\/\\\/isf.fo\\\/#\\\/schema\\\/logo\\\/image\\\/\",\"url\":\"https:\\\/\\\/isf.fo\\\/wp-content\\\/uploads\\\/2025\\\/06\\\/ISF_Olympic-Committee-logo.png\",\"contentUrl\":\"https:\\\/\\\/isf.fo\\\/wp-content\\\/uploads\\\/2025\\\/06\\\/ISF_Olympic-Committee-logo.png\",\"width\":618,\"height\":121,\"caption\":\"\u00cdtr\u00f3ttasamband F\u00f8roya\"},\"image\":{\"@id\":\"https:\\\/\\\/isf.fo\\\/#\\\/schema\\\/logo\\\/image\\\/\"},\"sameAs\":[\"https:\\\/\\\/www.facebook.com\\\/itrottasambandid\"]}]}<\/script>\n<!-- \/ Yoast SEO plugin. -->","yoast_head_json":{"title":"Regluger\u00f0 fyri Breiddarpulju - \u00cdtr\u00f3ttasamband F\u00f8roya","robots":{"index":"index","follow":"follow","max-snippet":"max-snippet:-1","max-image-preview":"max-image-preview:large","max-video-preview":"max-video-preview:-1"},"canonical":"https:\/\/isf.fo\/en\/logir\/reglugerd-fyri-breiddarpulju\/","og_locale":"en_US","og_type":"article","og_title":"Regluger\u00f0 fyri Breiddarpulju - \u00cdtr\u00f3ttasamband F\u00f8roya","og_description":"S\u00f8k f\u00edgging til eina verk\u00e6tlan her. \u00a0 Endam\u00e1li\u00f0 vi\u00f0 breiddarpuljuni er at f\u00e1a fleiri virkin \u00ed f\u00f8royska \u00edtr\u00f3ttafelagsskapinum Vi\u00f0 breiddarpuljuni [&hellip;]","og_url":"https:\/\/isf.fo\/en\/logir\/reglugerd-fyri-breiddarpulju\/","og_site_name":"\u00cdtr\u00f3ttasamband F\u00f8roya","article_publisher":"https:\/\/www.facebook.com\/itrottasambandid","article_modified_time":"2025-03-25T23:46:05+00:00","og_image":[{"width":1200,"height":300,"url":"https:\/\/isf.fo\/wp-content\/uploads\/2024\/05\/1.png","type":"image\/png"}],"twitter_card":"summary_large_image","twitter_misc":{"Est. reading time":"4 minutes"},"schema":{"@context":"https:\/\/schema.org","@graph":[{"@type":"WebPage","@id":"https:\/\/isf.fo\/logir\/reglugerd-fyri-breiddarpulju\/","url":"https:\/\/isf.fo\/logir\/reglugerd-fyri-breiddarpulju\/","name":"Regluger\u00f0 fyri Breiddarpulju - \u00cdtr\u00f3ttasamband F\u00f8roya","isPartOf":{"@id":"https:\/\/isf.fo\/#website"},"primaryImageOfPage":{"@id":"https:\/\/isf.fo\/logir\/reglugerd-fyri-breiddarpulju\/#primaryimage"},"image":{"@id":"https:\/\/isf.fo\/logir\/reglugerd-fyri-breiddarpulju\/#primaryimage"},"thumbnailUrl":"https:\/\/isf.fo\/wp-content\/uploads\/2024\/05\/1.png","datePublished":"2024-05-15T12:32:31+00:00","dateModified":"2025-03-25T23:46:05+00:00","breadcrumb":{"@id":"https:\/\/isf.fo\/logir\/reglugerd-fyri-breiddarpulju\/#breadcrumb"},"inLanguage":"en-US","potentialAction":[{"@type":"ReadAction","target":["https:\/\/isf.fo\/logir\/reglugerd-fyri-breiddarpulju\/"]}]},{"@type":"ImageObject","inLanguage":"en-US","@id":"https:\/\/isf.fo\/logir\/reglugerd-fyri-breiddarpulju\/#primaryimage","url":"https:\/\/isf.fo\/wp-content\/uploads\/2024\/05\/1.png","contentUrl":"https:\/\/isf.fo\/wp-content\/uploads\/2024\/05\/1.png","width":1200,"height":300},{"@type":"BreadcrumbList","@id":"https:\/\/isf.fo\/logir\/reglugerd-fyri-breiddarpulju\/#breadcrumb","itemListElement":[{"@type":"ListItem","position":1,"name":"Home","item":"https:\/\/isf.fo\/"},{"@type":"ListItem","position":2,"name":"L\u00f3gir","item":"https:\/\/isf.fo\/logir\/"},{"@type":"ListItem","position":3,"name":"Regluger\u00f0 fyri Breiddarpulju"}]},{"@type":"WebSite","@id":"https:\/\/isf.fo\/#website","url":"https:\/\/isf.fo\/","name":"\u00cdtr\u00f3ttasamband F\u00f8roya","description":"","publisher":{"@id":"https:\/\/isf.fo\/#organization"},"potentialAction":[{"@type":"SearchAction","target":{"@type":"EntryPoint","urlTemplate":"https:\/\/isf.fo\/?s={search_term_string}"},"query-input":{"@type":"PropertyValueSpecification","valueRequired":true,"valueName":"search_term_string"}}],"inLanguage":"en-US"},{"@type":"Organization","@id":"https:\/\/isf.fo\/#organization","name":"\u00cdtr\u00f3ttasamband F\u00f8roya","url":"https:\/\/isf.fo\/","logo":{"@type":"ImageObject","inLanguage":"en-US","@id":"https:\/\/isf.fo\/#\/schema\/logo\/image\/","url":"https:\/\/isf.fo\/wp-content\/uploads\/2025\/06\/ISF_Olympic-Committee-logo.png","contentUrl":"https:\/\/isf.fo\/wp-content\/uploads\/2025\/06\/ISF_Olympic-Committee-logo.png","width":618,"height":121,"caption":"\u00cdtr\u00f3ttasamband F\u00f8roya"},"image":{"@id":"https:\/\/isf.fo\/#\/schema\/logo\/image\/"},"sameAs":["https:\/\/www.facebook.com\/itrottasambandid"]}]}},"_links":{"self":[{"href":"https:\/\/isf.fo\/en\/wp-json\/wp\/v2\/pages\/11463","targetHints":{"allow":["GET"]}}],"collection":[{"href":"https:\/\/isf.fo\/en\/wp-json\/wp\/v2\/pages"}],"about":[{"href":"https:\/\/isf.fo\/en\/wp-json\/wp\/v2\/types\/page"}],"author":[{"embeddable":true,"href":"https:\/\/isf.fo\/en\/wp-json\/wp\/v2\/users\/6"}],"replies":[{"embeddable":true,"href":"https:\/\/isf.fo\/en\/wp-json\/wp\/v2\/comments?post=11463"}],"version-history":[{"count":19,"href":"https:\/\/isf.fo\/en\/wp-json\/wp\/v2\/pages\/11463\/revisions"}],"predecessor-version":[{"id":12443,"href":"https:\/\/isf.fo\/en\/wp-json\/wp\/v2\/pages\/11463\/revisions\/12443"}],"up":[{"embeddable":true,"href":"https:\/\/isf.fo\/en\/wp-json\/wp\/v2\/pages\/405"}],"wp:featuredmedia":[{"embeddable":true,"href":"https:\/\/isf.fo\/en\/wp-json\/wp\/v2\/media\/11466"}],"wp:attachment":[{"href":"https:\/\/isf.fo\/en\/wp-json\/wp\/v2\/media?parent=11463"}],"curies":[{"name":"wp","href":"https:\/\/api.w.org\/{rel}","templated":true}]}}