{"id":11724,"date":"2024-08-16T11:14:44","date_gmt":"2024-08-16T11:14:44","guid":{"rendered":"https:\/\/isf.fo\/?page_id=11724"},"modified":"2025-06-25T14:35:40","modified_gmt":"2025-06-25T14:35:40","slug":"urval","status":"publish","type":"page","link":"https:\/\/isf.fo\/en\/urval\/","title":{"rendered":"\u00darval"},"content":{"rendered":"<div class=\"wp-block-columns is-layout-flex wp-container-core-columns-is-layout-9d6595d7 wp-block-columns-is-layout-flex\">\n<div class=\"wp-block-column is-layout-flow wp-block-column-is-layout-flow\" style=\"flex-basis:100%\"><\/div>\n<\/div>\n\n\n\n<figure class=\"wp-block-image size-full\"><img decoding=\"async\" src=\"https:\/\/isf.fo\/wp-content\/uploads\/2025\/06\/Merkid.avif\" alt=\"\" class=\"wp-image-12884\"\/><\/figure>\n\n\n\n<p><\/p>\n\n\n\n<h2 class=\"wp-block-heading\"><em>\u00darval kempar fyri f\u00f8roysk \u00farvals\u00edtr\u00f3ttarf\u00f3lk, so at tey kunnu kempa fyri F\u00f8royar<\/em>.<\/h2>\n\n\n\n<div style=\"height:33px\" aria-hidden=\"true\" class=\"wp-block-spacer\"><\/div>\n\n\n\n<h2 class=\"wp-block-heading\">Ein n\u00fdggj stu\u00f0ulsskipan<\/h2>\n\n\n\n<div style=\"height:36px\" aria-hidden=\"true\" class=\"wp-block-spacer\"><\/div>\n\n\n\n<p>Strategiin hj\u00e1 \u00cdSF 2022-2026, \u201c\u00cd felag fram \u00edm\u00f3ti felags m\u00e1lum\u201d, bleiv vi\u00f0tikin \u00e1 a\u00f0alfundi \u00ed mai 2022. Eitt av \u00e1t\u00f8kunum \u00ed strategiini var at endursko\u00f0a regluger\u00f0ina fyri \u00darval. \u00cd sambandi vi\u00f0 endursko\u00f0anina bleiv ein arbei\u00f0sb\u00f3lkur settur. \u00cd b\u00f3lkinum s\u00f3tu Elin H. Joensen (forseti), Magnus Tausen (varaforseti), H\u00e1vard Vatnhamar (starvsnevndin og \u00ed\u00f0karanevndin), P\u00e1ll Isholm (nevndin \u00ed \u00darvali) og Petur Mitt\u00fan (umsitingin \u00ed \u00cdSF). Harumframt bleiv Signar Hilmarsson settur sum verk\u00e6tlanarlei\u00f0ari.<\/p>\n\n\n\n<p><br>Arbei\u00f0sb\u00f3lkurin hev\u00f0i til uppg\u00e1vu at endursko\u00f0a verandi \u00farvalsregluger\u00f0. Endursko\u00f0anin skuldi hava fyrilit fyri menningarm\u00f8guleikum og vera \u00ed samsvari vi\u00f0 n\u00fat\u00ed\u00f0ar \u00farvals\u00edtr\u00f3ttin \u00ed F\u00f8royum. Ein partur av \u00edtr\u00f3ttinum, sum hevur veri\u00f0 \u00ed st\u00f8\u00f0ugari menning seinnu \u00e1rini. <br>Eldra \u00farvalsregluger\u00f0in, i\u00f0 hevur veri\u00f0 galdandi s\u00ed\u00f0an 2014, hev\u00f0i eina tr\u00edb\u00fdtta stu\u00f0ulsskipan, har strong kr\u00f8v um \u00edtr\u00f3ttalig avrik v\u00f3r\u00f0u sett til b\u00f3lk 1, i\u00f0 fekk 80 % av stu\u00f0linum. B\u00f3lkur 2 hev\u00f0i v\u00e6l linari kr\u00f8v og fekk 20 % av stu\u00f0linum, me\u00f0an b\u00f3lkur 3 fekk 100.000 kr. at br\u00faka til menningartilt\u00f8k fyri ung \u00edtr\u00f3ttarf\u00f3lk vi\u00f0 g\u00f3\u00f0um avrikum og \u00e1gr\u00fdtni.<br>N\u00fdggja regluger\u00f0in byggir \u00e1 grundarlagi\u00f0 \u00ed eldru regluger\u00f0ini, \u00e1 stu\u00f0ulsskipanir hj\u00e1 grannalondum, \u00e1 gransking innan \u00farvals\u00edtr\u00f3ttin (eitt n\u00fa SPLISS) og \u00e1 st\u00f8\u00f0una hj\u00e1 f\u00f8royska \u00farvals\u00edtr\u00f3ttinum. Stu\u00f0ulin fr\u00e1 \u00darvali ver\u00f0ur skipa\u00f0ur \u00ed eina stu\u00f0ulsskipan vi\u00f0 fimm stigum, har hv\u00f8rt stig hevur ymiskar treytir til \u00edtr\u00f3ttarlig avrik og fyrisiting. Kr\u00f8v ver\u00f0a sett b\u00e6\u00f0i til \u00ed\u00f0karar og til avvar\u00f0andi samband. \u00d8ll sambond, i\u00f0 samstarva vi\u00f0 \u00darval, kunnu kalla seg eitt \u00farvalssamband og skulu sj\u00e1lvi \u00ed minsta lagi f\u00edggja 25 % av egnum \u00farvalsvirksemi, og \u00darval f\u00edggjar \u00ed mesta lagi 75 %. Sum naka\u00f0 n\u00fdtt er peningurin ikki oyramerktur til j\u00fast ta\u00f0 \u00edtr\u00f3ttarf\u00f3lki\u00f0 ella li\u00f0i\u00f0, i\u00f0 hevur loki\u00f0 kr\u00f8vini, men til sambandi\u00f0 at br\u00faka til s\u00edtt \u00farvalsvirksemi. Eisini ver\u00f0ur m\u00f8guligt at br\u00faka 15 % av samla\u00f0a stu\u00f0linum til \u00fatger\u00f0, i\u00f0 beinlei\u00f0is ver\u00f0ur n\u00fdtt av \u00farvals\u00ed\u00f0karum ella \u00ed \u00farvalsvirkseminum hj\u00e1 sambandinum. Aftur at stu\u00f0linum til \u00farvalssambond fer \u00darval at skipa fyri regluligum menningartilt\u00f8kum fyri \u00edtr\u00f3ttarf\u00f3lk vi\u00f0 g\u00f3\u00f0um avrikum og \u00e1gr\u00fdtni. Hesi tilt\u00f8k mi\u00f0a eftir \u00edtr\u00f3ttaligari menning og eftir at skapa samstarv, sparring og felagsskap millum \u00edtr\u00f3ttargreinar. \u00d8ll sambond hava m\u00f8guleika at tekna \u00ed\u00f0karar og venjarar til hesi menningartilt\u00f8k.<\/p>\n\n\n\n<p><br>Sum partur av hesi n\u00fdggju stu\u00f0ulsskipan skal ein \u00farvalsmi\u00f0st\u00f8\u00f0 setast \u00e1 stovn. Hendan mi\u00f0st\u00f8\u00f0 fer at vera undir st\u00f8\u00f0ugari menning komandi \u00e1rini, treyta\u00f0 av at j\u00e1ttanin til \u00darval veksur. Fyrsta stig \u00ed hesari tilgongd er at seta ein \u00farvalssamskipara, sum skal leggja eina \u00e6tlan fyri mi\u00f0st\u00f8\u00f0ina. \u00darvalssamskiparin skal hava vi\u00f0komandi h\u00e6gri \u00fatb\u00fagving innan \u00edtr\u00f3tt og skal virka eftir n\u00fdggju stu\u00f0ulsskipanini, samskipa tey \u00e1t\u00f8k og tilt\u00f8k, i\u00f0 eru partur av hesi skipan og vera \u00e1byrgdarf\u00f3lk, i\u00f0 skal standa fyri samstarvinum millum \u00darval og \u00farvalssambond. M\u00e1li\u00f0 er, at mi\u00f0st\u00f8\u00f0in fer \u00ed gongd \u00ed 2025. \u00cd fyrstu atl\u00f8gu fer mi\u00f0st\u00f8\u00f0in at virka sum vitanardepil innan \u00farvals\u00edtr\u00f3ttin \u00ed F\u00f8royum. Eitt n\u00fa fer \u00darval at samla l\u00e6kna, fysioterapi, \u00edtr\u00f3ttars\u00e1larfr\u00f8\u00f0i, kostr\u00e1\u00f0geving, kropsliga venjing, sinnisvenjing, r\u00e1\u00f0geving og l\u00edknandi t\u00e6nastur. Sum j\u00e1ttanin til \u00darval veksur, ver\u00f0ur \u00farvalsmi\u00f0st\u00f8\u00f0in eisini ein venjingarmi\u00f0st\u00f8\u00f0, sum skapar karmar hj\u00e1 \u00farvals\u00ed\u00f0karum tv\u00f8rtur um greinar at hittast, samstarva og sparra.<br>Sum partur av \u00farvalsvirkseminum mi\u00f0ar \u00cdSF eftir at seta eina serstaka j\u00e1ttan upp \u00e1 200.000 kr. av til l\u00f8n til \u00farvals\u00ed\u00f0karar. \u00darvals\u00ed\u00f0karar kunnu s\u00f8kja um l\u00f8narstu\u00f0ul av hesi j\u00e1ttan. L\u00f8narstu\u00f0ulin skal hj\u00e1lpa \u00ed\u00f0karum \u00ed teirra gerandisdegi, so at teir kunnu br\u00faka meira t\u00ed\u00f0 til s\u00edn \u00edtr\u00f3tt og minni t\u00ed\u00f0 upp \u00e1 arbei\u00f0i \u00ed eitt t\u00ed\u00f0arskei\u00f0, serliga upp undir kappingar, i\u00f0 krevja st\u00f3rar venjingarmongdir og fyrireiking. Hesin l\u00f8narstu\u00f0ul er treyta\u00f0ur av, at j\u00e1ttanin til \u00darval veksur.<\/p>\n\n\n\n<p><br>Eisini hevur \u00cdSF v\u00edst \u00e1, at verandi fyrisiting av n\u00e6mingum \u00e1 mi\u00f0n\u00e1mi, sum f\u00e1ast vi\u00f0 \u00farvalsvirksemi, ikki er n\u00f8ktandi. Verandi skipan hevur \u00e1seting um, at n\u00e6mingur kann vera 10 dagar burtur fr\u00e1 undirv\u00edsing. \u00cdSF metir, at t\u00f8rvur er \u00e1 at f\u00e1a eina skipan, har n\u00e6mingurin fylgir undirv\u00edsingini, h\u00f3ast hann er burtur fr\u00e1 sk\u00falagongdini vegna \u00edtr\u00f3tt. \u00cd hesum sambandi bleiv ein royndar- og menningar\u00e6tlan sett \u00ed verk \u00e1 sumri 2023. Sk\u00falarnir skipa eitt \u00cdSF-tilbo\u00f0, so at \u00ed\u00f0karin kann samskipa sk\u00falagongd og \u00edtr\u00f3tt. Kravi\u00f0 er, at \u00ed\u00f0karin fylgir undirv\u00edsingini og f\u00e6r m\u00f8guleika at gj\u00f8gnumf\u00f8ra gymnasialt mi\u00f0n\u00e1m \u00e1 sama stigi sum onnur. Tilbo\u00f0i\u00f0 ver\u00f0ur skipa\u00f0 sum eitt samstarv millum n\u00e6ming, sk\u00fala og \u00cdSF\/sersambondini.<\/p>\n\n\n\n<p><br>N\u00fdggja \u00farvalsskipanin er ein st\u00f3r broyting fr\u00e1 verandi \u00farvalsskipan, i\u00f0 krevur tillagingar \u00ed \u00farvalsvirkseminum hj\u00e1 \u00darvali og hj\u00e1 sambondunum. Vi\u00f0 fyrivarni fyri at \u00darval ella sambondini vilja broyta partar av regluger\u00f0ini, eftir at hon er vi\u00f0tikin, skal regluger\u00f0in eftirmetast, eftir at hon hevur veri\u00f0 \u00ed gildi \u00ed tvey \u00e1r. Skipanin bleiv vi\u00f0tikin \u00e1 a\u00f0alfundi 4. mai 2024 og skal eftirmetast \u00e1 a\u00f0alfundi 2026.<\/p>\n\n\n\n<div style=\"height:33px\" aria-hidden=\"true\" class=\"wp-block-spacer\"><\/div>\n\n\n\n<p>Regluger\u00f0 fyri \u00darval<\/p>\n\n\n\n<div data-wp-interactive=\"core\/file\" class=\"wp-block-file\"><object data-wp-bind--hidden=\"!state.hasPdfPreview\" hidden class=\"wp-block-file__embed\" data=\"https:\/\/isf.fo\/wp-content\/uploads\/2024\/08\/Reglugerd-fyri-Urval.pdf\" type=\"application\/pdf\" style=\"width:100%;height:1230px\" aria-label=\"Embed of Reglugerd-fyri-Urval.\"><\/object><a id=\"wp-block-file--media-989769a6-0f8d-4fba-a145-b4c34d941c51\" href=\"https:\/\/isf.fo\/wp-content\/uploads\/2024\/08\/Reglugerd-fyri-Urval.pdf\">Reglugerd-fyri-Urval<\/a><a href=\"https:\/\/isf.fo\/wp-content\/uploads\/2024\/08\/Reglugerd-fyri-Urval.pdf\" class=\"wp-block-file__button wp-element-button\" download aria-describedby=\"wp-block-file--media-989769a6-0f8d-4fba-a145-b4c34d941c51\">Download<\/a><\/div>\n\n\n\n<p><\/p>\n\n\n\n<p>Ums\u00f3knarbla\u00f0<\/p>\n\n\n\n<div data-wp-interactive=\"core\/file\" class=\"wp-block-file\"><object data-wp-bind--hidden=\"!state.hasPdfPreview\" hidden class=\"wp-block-file__embed\" data=\"https:\/\/isf.fo\/wp-content\/uploads\/2024\/10\/Urval-Umsoknarblad.pdf\" type=\"application\/pdf\" style=\"width:100%;height:1210px\" aria-label=\"Embed of Urval-Umsoknarblad.\"><\/object><a id=\"wp-block-file--media-f3a2ed45-8d98-4079-9468-128527fd22ee\" href=\"https:\/\/isf.fo\/wp-content\/uploads\/2024\/10\/Urval-Umsoknarblad.pdf\">Urval-Umsoknarblad<\/a><a href=\"https:\/\/isf.fo\/wp-content\/uploads\/2024\/10\/Urval-Umsoknarblad.pdf\" class=\"wp-block-file__button wp-element-button\" download aria-describedby=\"wp-block-file--media-f3a2ed45-8d98-4079-9468-128527fd22ee\">Download<\/a><\/div>","protected":false},"excerpt":{"rendered":"<p>\u00darval kempar fyri f\u00f8roysk \u00farvals\u00edtr\u00f3ttarf\u00f3lk, so at tey kunnu kempa fyri F\u00f8royar. Ein n\u00fdggj stu\u00f0ulsskipan Strategiin hj\u00e1 \u00cdSF 2022-2026, \u201c\u00cd [&hellip;]<\/p>\n","protected":false},"author":17,"featured_media":0,"parent":0,"menu_order":3,"comment_status":"closed","ping_status":"closed","template":"","meta":{"_acf_changed":false,"_relevanssi_hide_post":"","_relevanssi_hide_content":"","_relevanssi_pin_for_all":"","_relevanssi_pin_keywords":"","_relevanssi_unpin_keywords":"","_relevanssi_related_keywords":"","_relevanssi_related_include_ids":"","_relevanssi_related_exclude_ids":"","_relevanssi_related_no_append":"","_relevanssi_related_not_related":"","_relevanssi_related_posts":"","_relevanssi_noindex_reason":"","inline_featured_image":false,"footnotes":""},"class_list":["post-11724","page","type-page","status-publish","hentry"],"acf":[],"yoast_head":"<!-- This site is optimized with the Yoast SEO plugin v27.5 - https:\/\/yoast.com\/product\/yoast-seo-wordpress\/ -->\n<title>\u00darval - \u00cdtr\u00f3ttasamband F\u00f8roya<\/title>\n<meta name=\"robots\" content=\"index, follow, max-snippet:-1, max-image-preview:large, max-video-preview:-1\" \/>\n<link rel=\"canonical\" href=\"https:\/\/isf.fo\/en\/urval\/\" \/>\n<meta property=\"og:locale\" content=\"en_US\" \/>\n<meta property=\"og:type\" content=\"article\" \/>\n<meta property=\"og:title\" content=\"\u00darval - \u00cdtr\u00f3ttasamband F\u00f8roya\" \/>\n<meta property=\"og:description\" content=\"\u00darval kempar fyri f\u00f8roysk \u00farvals\u00edtr\u00f3ttarf\u00f3lk, so at tey kunnu kempa fyri F\u00f8royar. Ein n\u00fdggj stu\u00f0ulsskipan Strategiin hj\u00e1 \u00cdSF 2022-2026, \u201c\u00cd [&hellip;]\" \/>\n<meta property=\"og:url\" content=\"https:\/\/isf.fo\/en\/urval\/\" \/>\n<meta property=\"og:site_name\" content=\"\u00cdtr\u00f3ttasamband F\u00f8roya\" \/>\n<meta property=\"article:publisher\" content=\"https:\/\/www.facebook.com\/itrottasambandid\" \/>\n<meta property=\"article:modified_time\" content=\"2025-06-25T14:35:40+00:00\" \/>\n<meta name=\"twitter:card\" content=\"summary_large_image\" \/>\n<meta name=\"twitter:label1\" content=\"Est. reading time\" \/>\n\t<meta name=\"twitter:data1\" content=\"5 minutes\" \/>\n<script type=\"application\/ld+json\" class=\"yoast-schema-graph\">{\"@context\":\"https:\\\/\\\/schema.org\",\"@graph\":[{\"@type\":\"WebPage\",\"@id\":\"https:\\\/\\\/isf.fo\\\/urval\\\/\",\"url\":\"https:\\\/\\\/isf.fo\\\/urval\\\/\",\"name\":\"\u00darval - \u00cdtr\u00f3ttasamband F\u00f8roya\",\"isPartOf\":{\"@id\":\"https:\\\/\\\/isf.fo\\\/#website\"},\"primaryImageOfPage\":{\"@id\":\"https:\\\/\\\/isf.fo\\\/urval\\\/#primaryimage\"},\"image\":{\"@id\":\"https:\\\/\\\/isf.fo\\\/urval\\\/#primaryimage\"},\"thumbnailUrl\":\"https:\\\/\\\/isf.fo\\\/wp-content\\\/uploads\\\/2025\\\/06\\\/Merkid.avif\",\"datePublished\":\"2024-08-16T11:14:44+00:00\",\"dateModified\":\"2025-06-25T14:35:40+00:00\",\"breadcrumb\":{\"@id\":\"https:\\\/\\\/isf.fo\\\/urval\\\/#breadcrumb\"},\"inLanguage\":\"en-US\",\"potentialAction\":[{\"@type\":\"ReadAction\",\"target\":[\"https:\\\/\\\/isf.fo\\\/urval\\\/\"]}]},{\"@type\":\"ImageObject\",\"inLanguage\":\"en-US\",\"@id\":\"https:\\\/\\\/isf.fo\\\/urval\\\/#primaryimage\",\"url\":\"https:\\\/\\\/isf.fo\\\/wp-content\\\/uploads\\\/2025\\\/06\\\/Merkid.avif\",\"contentUrl\":\"https:\\\/\\\/isf.fo\\\/wp-content\\\/uploads\\\/2025\\\/06\\\/Merkid.avif\"},{\"@type\":\"BreadcrumbList\",\"@id\":\"https:\\\/\\\/isf.fo\\\/urval\\\/#breadcrumb\",\"itemListElement\":[{\"@type\":\"ListItem\",\"position\":1,\"name\":\"Home\",\"item\":\"https:\\\/\\\/isf.fo\\\/\"},{\"@type\":\"ListItem\",\"position\":2,\"name\":\"\u00darval\"}]},{\"@type\":\"WebSite\",\"@id\":\"https:\\\/\\\/isf.fo\\\/#website\",\"url\":\"https:\\\/\\\/isf.fo\\\/\",\"name\":\"\u00cdtr\u00f3ttasamband F\u00f8roya\",\"description\":\"\",\"publisher\":{\"@id\":\"https:\\\/\\\/isf.fo\\\/#organization\"},\"potentialAction\":[{\"@type\":\"SearchAction\",\"target\":{\"@type\":\"EntryPoint\",\"urlTemplate\":\"https:\\\/\\\/isf.fo\\\/?s={search_term_string}\"},\"query-input\":{\"@type\":\"PropertyValueSpecification\",\"valueRequired\":true,\"valueName\":\"search_term_string\"}}],\"inLanguage\":\"en-US\"},{\"@type\":\"Organization\",\"@id\":\"https:\\\/\\\/isf.fo\\\/#organization\",\"name\":\"\u00cdtr\u00f3ttasamband F\u00f8roya\",\"url\":\"https:\\\/\\\/isf.fo\\\/\",\"logo\":{\"@type\":\"ImageObject\",\"inLanguage\":\"en-US\",\"@id\":\"https:\\\/\\\/isf.fo\\\/#\\\/schema\\\/logo\\\/image\\\/\",\"url\":\"https:\\\/\\\/isf.fo\\\/wp-content\\\/uploads\\\/2025\\\/06\\\/ISF_Olympic-Committee-logo.png\",\"contentUrl\":\"https:\\\/\\\/isf.fo\\\/wp-content\\\/uploads\\\/2025\\\/06\\\/ISF_Olympic-Committee-logo.png\",\"width\":618,\"height\":121,\"caption\":\"\u00cdtr\u00f3ttasamband F\u00f8roya\"},\"image\":{\"@id\":\"https:\\\/\\\/isf.fo\\\/#\\\/schema\\\/logo\\\/image\\\/\"},\"sameAs\":[\"https:\\\/\\\/www.facebook.com\\\/itrottasambandid\"]}]}<\/script>\n<!-- \/ Yoast SEO plugin. -->","yoast_head_json":{"title":"\u00darval - \u00cdtr\u00f3ttasamband F\u00f8roya","robots":{"index":"index","follow":"follow","max-snippet":"max-snippet:-1","max-image-preview":"max-image-preview:large","max-video-preview":"max-video-preview:-1"},"canonical":"https:\/\/isf.fo\/en\/urval\/","og_locale":"en_US","og_type":"article","og_title":"\u00darval - \u00cdtr\u00f3ttasamband F\u00f8roya","og_description":"\u00darval kempar fyri f\u00f8roysk \u00farvals\u00edtr\u00f3ttarf\u00f3lk, so at tey kunnu kempa fyri F\u00f8royar. Ein n\u00fdggj stu\u00f0ulsskipan Strategiin hj\u00e1 \u00cdSF 2022-2026, \u201c\u00cd [&hellip;]","og_url":"https:\/\/isf.fo\/en\/urval\/","og_site_name":"\u00cdtr\u00f3ttasamband F\u00f8roya","article_publisher":"https:\/\/www.facebook.com\/itrottasambandid","article_modified_time":"2025-06-25T14:35:40+00:00","twitter_card":"summary_large_image","twitter_misc":{"Est. reading time":"5 minutes"},"schema":{"@context":"https:\/\/schema.org","@graph":[{"@type":"WebPage","@id":"https:\/\/isf.fo\/urval\/","url":"https:\/\/isf.fo\/urval\/","name":"\u00darval - \u00cdtr\u00f3ttasamband F\u00f8roya","isPartOf":{"@id":"https:\/\/isf.fo\/#website"},"primaryImageOfPage":{"@id":"https:\/\/isf.fo\/urval\/#primaryimage"},"image":{"@id":"https:\/\/isf.fo\/urval\/#primaryimage"},"thumbnailUrl":"https:\/\/isf.fo\/wp-content\/uploads\/2025\/06\/Merkid.avif","datePublished":"2024-08-16T11:14:44+00:00","dateModified":"2025-06-25T14:35:40+00:00","breadcrumb":{"@id":"https:\/\/isf.fo\/urval\/#breadcrumb"},"inLanguage":"en-US","potentialAction":[{"@type":"ReadAction","target":["https:\/\/isf.fo\/urval\/"]}]},{"@type":"ImageObject","inLanguage":"en-US","@id":"https:\/\/isf.fo\/urval\/#primaryimage","url":"https:\/\/isf.fo\/wp-content\/uploads\/2025\/06\/Merkid.avif","contentUrl":"https:\/\/isf.fo\/wp-content\/uploads\/2025\/06\/Merkid.avif"},{"@type":"BreadcrumbList","@id":"https:\/\/isf.fo\/urval\/#breadcrumb","itemListElement":[{"@type":"ListItem","position":1,"name":"Home","item":"https:\/\/isf.fo\/"},{"@type":"ListItem","position":2,"name":"\u00darval"}]},{"@type":"WebSite","@id":"https:\/\/isf.fo\/#website","url":"https:\/\/isf.fo\/","name":"\u00cdtr\u00f3ttasamband F\u00f8roya","description":"","publisher":{"@id":"https:\/\/isf.fo\/#organization"},"potentialAction":[{"@type":"SearchAction","target":{"@type":"EntryPoint","urlTemplate":"https:\/\/isf.fo\/?s={search_term_string}"},"query-input":{"@type":"PropertyValueSpecification","valueRequired":true,"valueName":"search_term_string"}}],"inLanguage":"en-US"},{"@type":"Organization","@id":"https:\/\/isf.fo\/#organization","name":"\u00cdtr\u00f3ttasamband F\u00f8roya","url":"https:\/\/isf.fo\/","logo":{"@type":"ImageObject","inLanguage":"en-US","@id":"https:\/\/isf.fo\/#\/schema\/logo\/image\/","url":"https:\/\/isf.fo\/wp-content\/uploads\/2025\/06\/ISF_Olympic-Committee-logo.png","contentUrl":"https:\/\/isf.fo\/wp-content\/uploads\/2025\/06\/ISF_Olympic-Committee-logo.png","width":618,"height":121,"caption":"\u00cdtr\u00f3ttasamband F\u00f8roya"},"image":{"@id":"https:\/\/isf.fo\/#\/schema\/logo\/image\/"},"sameAs":["https:\/\/www.facebook.com\/itrottasambandid"]}]}},"_links":{"self":[{"href":"https:\/\/isf.fo\/en\/wp-json\/wp\/v2\/pages\/11724","targetHints":{"allow":["GET"]}}],"collection":[{"href":"https:\/\/isf.fo\/en\/wp-json\/wp\/v2\/pages"}],"about":[{"href":"https:\/\/isf.fo\/en\/wp-json\/wp\/v2\/types\/page"}],"author":[{"embeddable":true,"href":"https:\/\/isf.fo\/en\/wp-json\/wp\/v2\/users\/17"}],"replies":[{"embeddable":true,"href":"https:\/\/isf.fo\/en\/wp-json\/wp\/v2\/comments?post=11724"}],"version-history":[{"count":17,"href":"https:\/\/isf.fo\/en\/wp-json\/wp\/v2\/pages\/11724\/revisions"}],"predecessor-version":[{"id":12891,"href":"https:\/\/isf.fo\/en\/wp-json\/wp\/v2\/pages\/11724\/revisions\/12891"}],"wp:attachment":[{"href":"https:\/\/isf.fo\/en\/wp-json\/wp\/v2\/media?parent=11724"}],"curies":[{"name":"wp","href":"https:\/\/api.w.org\/{rel}","templated":true}]}}