{"id":12611,"date":"2025-06-04T12:00:35","date_gmt":"2025-06-04T12:00:35","guid":{"rendered":"https:\/\/isf.fo\/logir\/reglugerd-altjoda-ungdomskappingar\/"},"modified":"2025-10-28T12:11:25","modified_gmt":"2025-10-28T12:11:25","slug":"reglugerd-altjoda-ungdomskappingar","status":"publish","type":"page","link":"https:\/\/isf.fo\/en\/logir\/reglugerd-altjoda-ungdomskappingar\/","title":{"rendered":"Regluger\u00f0 altj\u00f3\u00f0a ungd\u00f3mskappingar uttanlands"},"content":{"rendered":"<p>Hendan regluger\u00f0 vi\u00f0ger\u00f0 treytir fyri at f\u00e1a peningaligan stu\u00f0ul til at luttaka \u00ed altj\u00f3\u00f0a ungd\u00f3mskappingum uttanlands.<\/p>\n\n\n\n<p>Upph\u00e6ddin, sum ver\u00f0ur sett av til stu\u00f0ul til altj\u00f3\u00f0a ungd\u00f3mskappingar uttanlands, er partur av samla\u00f0a b\u00fdtinum, sum f\u00edggjarnevndin ger og leggur fyri a\u00f0alfundin til g\u00f3\u00f0kenningar.<\/p>\n\n\n\n<p>Stu\u00f0ul kann s\u00f8kjast til altj\u00f3\u00f0a ungd\u00f3mskappingar, sum sambond undir \u00cdSF luttaka \u00ed uttanlands.<\/p>\n\n\n\n<ul class=\"wp-block-list\">\n<li>Talan skal ver\u00f0a um altj\u00f3\u00f0a kapping, sum er fyriskipa\u00f0 og g\u00f3\u00f0kend av altj\u00f3\u00f0a sambandi<\/li>\n\n\n\n<li>Fyriskipa\u00f0a kappingin skal ver\u00f0a U16 kapping ella eldri<\/li>\n\n\n\n<li>S\u00f8kjast kann um stu\u00f0ul til fer\u00f0ing, uppihald og mat<\/li>\n\n\n\n<li>F\u00edggjar\u00e6tlan fyri lutt\u00f8kuna skal fylgja vi\u00f0 ums\u00f3knini<\/li>\n\n\n\n<li>Freistin at lata ums\u00f3kn inn er 15. november \u00e1ri\u00f0 fyri<\/li>\n\n\n\n<li>Uppger\u00f0 vi\u00f0 skjalpr\u00f3gvum fyri \u00fatrei\u00f0slurnar skal innlatast \u00cdSF seinast tveir m\u00e1na\u00f0ir eftir, at kappingin hevur veri\u00f0<\/li>\n\n\n\n<li>Starvsnevndin tekur endaliga avger\u00f0 um, hv\u00f8rjar ums\u00f3knir ver\u00f0a j\u00e1tta\u00f0ar.<\/li>\n<\/ul>\n\n\n\n<p><strong>Mannagongd fyri vi\u00f0ger\u00f0 av ums\u00f3knum<\/strong>:<\/p>\n\n\n\n<ul class=\"wp-block-list\">\n<li>Skrivstovan hj\u00e1 \u00cdSF f\u00e6r ums\u00f3knirnar og v\u00e1ttar fyri m\u00f3tt\u00f8ku<\/li>\n\n\n\n<li>Um formellu kr\u00f8vini eru fylgd, ver\u00f0ur ums\u00f3knin vi\u00f0gj\u00f8rd av skrivstovuni<\/li>\n\n\n\n<li>Eftir ums\u00f3kanarfreistina <strong>15. november<\/strong> ger skrivstovan innstilling til starvsnevnd \u00cdSF. T\u00e1 starvsnevndin hevur tiki\u00f0 avger\u00f0, ver\u00f0ur sambandi\u00f0 kunna\u00f0 um avger\u00f0ina skj\u00f3tast m\u00f8guligt.<\/li>\n<\/ul>\n\n\n\n<p><em>Samtykt \u00e1 starvsnevndarfundi 1. apr\u00edl 2025<\/em><\/p>\n\n\n\n<ul class=\"wp-block-list\">\n<li><strong><em><a href=\"https:\/\/isf.fo\/wp-content\/uploads\/2025\/10\/2025-10-27-Altjoda-ungdomskappingar-reglugerd.pdf\">Regluger\u00f0 sum pdf<\/a><\/em><\/strong><\/li>\n\n\n\n<li><strong><em><a href=\"https:\/\/isf.fo\/wp-content\/uploads\/2025\/10\/Skjal_til-UMSOKN_Altjoda_Ungdomskappingar_uttanlands.xlsx\">Ums\u00f3knarbla\u00f0 til Altj\u00f3\u00f0a Ungd\u00f3mskappingar<\/a><\/em><\/strong><\/li>\n\n\n\n<li><strong><a href=\"https:\/\/isf.fo\/wp-content\/uploads\/2025\/10\/Skjal_til-UPPGERD_Altjoda_Ungdomskappingar_uttanlands.xlsx\"><em>Skjal til uppger\u00f0 Altj\u00f3\u00f0a Ungd\u00f3mskappingar<\/em><\/a><\/strong><\/li>\n\n\n\n<li><strong><em><a href=\"https:\/\/isf.fo\/wp-content\/uploads\/2025\/10\/2025-10-27-Vegleiding-til-uppgerd-Altjoda-Ungdomskappingar.pdf\">Veglei\u00f0ing til uppger\u00f0<\/a><\/em><\/strong><\/li>\n<\/ul>\n\n\n\n<p><\/p>","protected":false},"excerpt":{"rendered":"<p>Hendan regluger\u00f0 vi\u00f0ger\u00f0 treytir fyri at f\u00e1a peningaligan stu\u00f0ul til at luttaka \u00ed altj\u00f3\u00f0a ungd\u00f3mskappingum uttanlands. Upph\u00e6ddin, sum ver\u00f0ur sett [&hellip;]<\/p>\n","protected":false},"author":7,"featured_media":0,"parent":405,"menu_order":17,"comment_status":"closed","ping_status":"closed","template":"","meta":{"_acf_changed":false,"_relevanssi_hide_post":"","_relevanssi_hide_content":"","_relevanssi_pin_for_all":"","_relevanssi_pin_keywords":"","_relevanssi_unpin_keywords":"","_relevanssi_related_keywords":"","_relevanssi_related_include_ids":"","_relevanssi_related_exclude_ids":"","_relevanssi_related_no_append":"","_relevanssi_related_not_related":"","_relevanssi_related_posts":"","_relevanssi_noindex_reason":"","inline_featured_image":false,"footnotes":""},"class_list":["post-12611","page","type-page","status-publish","hentry"],"acf":[],"yoast_head":"<!-- This site is optimized with the Yoast SEO plugin v27.3 - https:\/\/yoast.com\/product\/yoast-seo-wordpress\/ -->\n<title>Regluger\u00f0 altj\u00f3\u00f0a ungd\u00f3mskappingar uttanlands - \u00cdtr\u00f3ttasamband F\u00f8roya<\/title>\n<meta name=\"robots\" content=\"index, follow, max-snippet:-1, max-image-preview:large, max-video-preview:-1\" \/>\n<link rel=\"canonical\" href=\"https:\/\/isf.fo\/en\/logir\/reglugerd-altjoda-ungdomskappingar\/\" \/>\n<meta property=\"og:locale\" content=\"en_US\" \/>\n<meta property=\"og:type\" content=\"article\" \/>\n<meta property=\"og:title\" content=\"Regluger\u00f0 altj\u00f3\u00f0a ungd\u00f3mskappingar uttanlands - \u00cdtr\u00f3ttasamband F\u00f8roya\" \/>\n<meta property=\"og:description\" content=\"Hendan regluger\u00f0 vi\u00f0ger\u00f0 treytir fyri at f\u00e1a peningaligan stu\u00f0ul til at luttaka \u00ed altj\u00f3\u00f0a ungd\u00f3mskappingum uttanlands. Upph\u00e6ddin, sum ver\u00f0ur sett [&hellip;]\" \/>\n<meta property=\"og:url\" content=\"https:\/\/isf.fo\/en\/logir\/reglugerd-altjoda-ungdomskappingar\/\" \/>\n<meta property=\"og:site_name\" content=\"\u00cdtr\u00f3ttasamband F\u00f8roya\" \/>\n<meta property=\"article:publisher\" content=\"https:\/\/www.facebook.com\/itrottasambandid\" \/>\n<meta property=\"article:modified_time\" content=\"2025-10-28T12:11:25+00:00\" \/>\n<meta name=\"twitter:card\" content=\"summary_large_image\" \/>\n<meta name=\"twitter:label1\" content=\"Est. reading time\" \/>\n\t<meta name=\"twitter:data1\" content=\"2 minutes\" \/>\n<script type=\"application\/ld+json\" class=\"yoast-schema-graph\">{\"@context\":\"https:\\\/\\\/schema.org\",\"@graph\":[{\"@type\":\"WebPage\",\"@id\":\"https:\\\/\\\/isf.fo\\\/logir\\\/reglugerd-altjoda-ungdomskappingar\\\/\",\"url\":\"https:\\\/\\\/isf.fo\\\/logir\\\/reglugerd-altjoda-ungdomskappingar\\\/\",\"name\":\"Regluger\u00f0 altj\u00f3\u00f0a ungd\u00f3mskappingar uttanlands - \u00cdtr\u00f3ttasamband F\u00f8roya\",\"isPartOf\":{\"@id\":\"https:\\\/\\\/isf.fo\\\/#website\"},\"datePublished\":\"2025-06-04T12:00:35+00:00\",\"dateModified\":\"2025-10-28T12:11:25+00:00\",\"breadcrumb\":{\"@id\":\"https:\\\/\\\/isf.fo\\\/logir\\\/reglugerd-altjoda-ungdomskappingar\\\/#breadcrumb\"},\"inLanguage\":\"en-US\",\"potentialAction\":[{\"@type\":\"ReadAction\",\"target\":[\"https:\\\/\\\/isf.fo\\\/logir\\\/reglugerd-altjoda-ungdomskappingar\\\/\"]}]},{\"@type\":\"BreadcrumbList\",\"@id\":\"https:\\\/\\\/isf.fo\\\/logir\\\/reglugerd-altjoda-ungdomskappingar\\\/#breadcrumb\",\"itemListElement\":[{\"@type\":\"ListItem\",\"position\":1,\"name\":\"Home\",\"item\":\"https:\\\/\\\/isf.fo\\\/\"},{\"@type\":\"ListItem\",\"position\":2,\"name\":\"L\u00f3gir\",\"item\":\"https:\\\/\\\/isf.fo\\\/logir\\\/\"},{\"@type\":\"ListItem\",\"position\":3,\"name\":\"Regluger\u00f0 altj\u00f3\u00f0a ungd\u00f3mskappingar uttanlands\"}]},{\"@type\":\"WebSite\",\"@id\":\"https:\\\/\\\/isf.fo\\\/#website\",\"url\":\"https:\\\/\\\/isf.fo\\\/\",\"name\":\"\u00cdtr\u00f3ttasamband F\u00f8roya\",\"description\":\"\",\"publisher\":{\"@id\":\"https:\\\/\\\/isf.fo\\\/#organization\"},\"potentialAction\":[{\"@type\":\"SearchAction\",\"target\":{\"@type\":\"EntryPoint\",\"urlTemplate\":\"https:\\\/\\\/isf.fo\\\/?s={search_term_string}\"},\"query-input\":{\"@type\":\"PropertyValueSpecification\",\"valueRequired\":true,\"valueName\":\"search_term_string\"}}],\"inLanguage\":\"en-US\"},{\"@type\":\"Organization\",\"@id\":\"https:\\\/\\\/isf.fo\\\/#organization\",\"name\":\"\u00cdtr\u00f3ttasamband F\u00f8roya\",\"url\":\"https:\\\/\\\/isf.fo\\\/\",\"logo\":{\"@type\":\"ImageObject\",\"inLanguage\":\"en-US\",\"@id\":\"https:\\\/\\\/isf.fo\\\/#\\\/schema\\\/logo\\\/image\\\/\",\"url\":\"https:\\\/\\\/isf.fo\\\/wp-content\\\/uploads\\\/2025\\\/06\\\/ISF_Olympic-Committee-logo.png\",\"contentUrl\":\"https:\\\/\\\/isf.fo\\\/wp-content\\\/uploads\\\/2025\\\/06\\\/ISF_Olympic-Committee-logo.png\",\"width\":618,\"height\":121,\"caption\":\"\u00cdtr\u00f3ttasamband F\u00f8roya\"},\"image\":{\"@id\":\"https:\\\/\\\/isf.fo\\\/#\\\/schema\\\/logo\\\/image\\\/\"},\"sameAs\":[\"https:\\\/\\\/www.facebook.com\\\/itrottasambandid\"]}]}<\/script>\n<!-- \/ Yoast SEO plugin. -->","yoast_head_json":{"title":"Regluger\u00f0 altj\u00f3\u00f0a ungd\u00f3mskappingar uttanlands - \u00cdtr\u00f3ttasamband F\u00f8roya","robots":{"index":"index","follow":"follow","max-snippet":"max-snippet:-1","max-image-preview":"max-image-preview:large","max-video-preview":"max-video-preview:-1"},"canonical":"https:\/\/isf.fo\/en\/logir\/reglugerd-altjoda-ungdomskappingar\/","og_locale":"en_US","og_type":"article","og_title":"Regluger\u00f0 altj\u00f3\u00f0a ungd\u00f3mskappingar uttanlands - \u00cdtr\u00f3ttasamband F\u00f8roya","og_description":"Hendan regluger\u00f0 vi\u00f0ger\u00f0 treytir fyri at f\u00e1a peningaligan stu\u00f0ul til at luttaka \u00ed altj\u00f3\u00f0a ungd\u00f3mskappingum uttanlands. Upph\u00e6ddin, sum ver\u00f0ur sett [&hellip;]","og_url":"https:\/\/isf.fo\/en\/logir\/reglugerd-altjoda-ungdomskappingar\/","og_site_name":"\u00cdtr\u00f3ttasamband F\u00f8roya","article_publisher":"https:\/\/www.facebook.com\/itrottasambandid","article_modified_time":"2025-10-28T12:11:25+00:00","twitter_card":"summary_large_image","twitter_misc":{"Est. reading time":"2 minutes"},"schema":{"@context":"https:\/\/schema.org","@graph":[{"@type":"WebPage","@id":"https:\/\/isf.fo\/logir\/reglugerd-altjoda-ungdomskappingar\/","url":"https:\/\/isf.fo\/logir\/reglugerd-altjoda-ungdomskappingar\/","name":"Regluger\u00f0 altj\u00f3\u00f0a ungd\u00f3mskappingar uttanlands - \u00cdtr\u00f3ttasamband F\u00f8roya","isPartOf":{"@id":"https:\/\/isf.fo\/#website"},"datePublished":"2025-06-04T12:00:35+00:00","dateModified":"2025-10-28T12:11:25+00:00","breadcrumb":{"@id":"https:\/\/isf.fo\/logir\/reglugerd-altjoda-ungdomskappingar\/#breadcrumb"},"inLanguage":"en-US","potentialAction":[{"@type":"ReadAction","target":["https:\/\/isf.fo\/logir\/reglugerd-altjoda-ungdomskappingar\/"]}]},{"@type":"BreadcrumbList","@id":"https:\/\/isf.fo\/logir\/reglugerd-altjoda-ungdomskappingar\/#breadcrumb","itemListElement":[{"@type":"ListItem","position":1,"name":"Home","item":"https:\/\/isf.fo\/"},{"@type":"ListItem","position":2,"name":"L\u00f3gir","item":"https:\/\/isf.fo\/logir\/"},{"@type":"ListItem","position":3,"name":"Regluger\u00f0 altj\u00f3\u00f0a ungd\u00f3mskappingar uttanlands"}]},{"@type":"WebSite","@id":"https:\/\/isf.fo\/#website","url":"https:\/\/isf.fo\/","name":"\u00cdtr\u00f3ttasamband F\u00f8roya","description":"","publisher":{"@id":"https:\/\/isf.fo\/#organization"},"potentialAction":[{"@type":"SearchAction","target":{"@type":"EntryPoint","urlTemplate":"https:\/\/isf.fo\/?s={search_term_string}"},"query-input":{"@type":"PropertyValueSpecification","valueRequired":true,"valueName":"search_term_string"}}],"inLanguage":"en-US"},{"@type":"Organization","@id":"https:\/\/isf.fo\/#organization","name":"\u00cdtr\u00f3ttasamband F\u00f8roya","url":"https:\/\/isf.fo\/","logo":{"@type":"ImageObject","inLanguage":"en-US","@id":"https:\/\/isf.fo\/#\/schema\/logo\/image\/","url":"https:\/\/isf.fo\/wp-content\/uploads\/2025\/06\/ISF_Olympic-Committee-logo.png","contentUrl":"https:\/\/isf.fo\/wp-content\/uploads\/2025\/06\/ISF_Olympic-Committee-logo.png","width":618,"height":121,"caption":"\u00cdtr\u00f3ttasamband F\u00f8roya"},"image":{"@id":"https:\/\/isf.fo\/#\/schema\/logo\/image\/"},"sameAs":["https:\/\/www.facebook.com\/itrottasambandid"]}]}},"_links":{"self":[{"href":"https:\/\/isf.fo\/en\/wp-json\/wp\/v2\/pages\/12611","targetHints":{"allow":["GET"]}}],"collection":[{"href":"https:\/\/isf.fo\/en\/wp-json\/wp\/v2\/pages"}],"about":[{"href":"https:\/\/isf.fo\/en\/wp-json\/wp\/v2\/types\/page"}],"author":[{"embeddable":true,"href":"https:\/\/isf.fo\/en\/wp-json\/wp\/v2\/users\/7"}],"replies":[{"embeddable":true,"href":"https:\/\/isf.fo\/en\/wp-json\/wp\/v2\/comments?post=12611"}],"version-history":[{"count":4,"href":"https:\/\/isf.fo\/en\/wp-json\/wp\/v2\/pages\/12611\/revisions"}],"predecessor-version":[{"id":13121,"href":"https:\/\/isf.fo\/en\/wp-json\/wp\/v2\/pages\/12611\/revisions\/13121"}],"up":[{"embeddable":true,"href":"https:\/\/isf.fo\/en\/wp-json\/wp\/v2\/pages\/405"}],"wp:attachment":[{"href":"https:\/\/isf.fo\/en\/wp-json\/wp\/v2\/media?parent=12611"}],"curies":[{"name":"wp","href":"https:\/\/api.w.org\/{rel}","templated":true}]}}