{"id":12870,"date":"2025-06-25T14:04:20","date_gmt":"2025-06-25T14:04:20","guid":{"rendered":"https:\/\/isf.fo\/?page_id=12870"},"modified":"2025-06-25T14:04:20","modified_gmt":"2025-06-25T14:04:20","slug":"urvalsidkarar-royndir-og-provtokur","status":"publish","type":"page","link":"https:\/\/isf.fo\/en\/urvalsidkarar-royndir-og-provtokur\/","title":{"rendered":"\u00darvals\u00ed\u00f0karar &#8211; Royndir og Pr\u00f3vt\u00f8kur"},"content":{"rendered":"<h2 class=\"wp-block-heading\">\u00darvals\u00ed\u00f0karar &#8211; Royndir og Pr\u00f3vt\u00f8kur<\/h2>\n\n\n\n<h3 class=\"wp-block-heading\">Flyta royndir ella \u00edtr\u00f3tt<\/h3>\n\n\n\n<div style=\"height:36px\" aria-hidden=\"true\" class=\"wp-block-spacer\"><\/div>\n\n\n\n<p><strong>Flyta \u00edtr\u00f3ttin<\/strong><br>\u00cdtr\u00f3tturin skal hyggja at um ta\u00f0 er m\u00f8guligt at tann \u00ed\u00f0karin\/n\u00e6mingurin sum skal til roynd, kann leggja<br>fer\u00f0ingina solei\u00f0is til r\u00e6ttis at ta\u00f0 ikki \u00e1virkar royndir ella pr\u00f3vt\u00f8kur.<br><\/p>\n\n\n\n<p><strong>Flyta pr\u00f3vt\u00f8kur<\/strong><br>N\u00e6mingurin setur seg \u00ed samband vi\u00f0 \u00cdSF-veglei\u00f0aran \u00e1 sk\u00falanum, sum s\u00ed\u00f0ani s\u00f8kir um at flyta pr\u00f3vt\u00f8kuna<br>hj\u00e1 pr\u00f3vstovuni, solei\u00f0is at n\u00e6mingurin ikki skal til roynd ta\u00f0 t\u00ed\u00f0arskei\u00f0i landsli\u00f0i er burtur. Hetta skal<br>avgrei\u00f0ast \u00e1\u00f0renn 15. apr\u00edl. Skema fyri pr\u00f3vt\u00f8kur ver\u00f0ur alment 15. mai.<br>Flyting av pr\u00f3vt\u00f8ku er ikki alt\u00ed\u00f0 m\u00f8gulig.<br><\/p>\n\n\n\n<p><strong>Flyta \u00e1rsroyndir<\/strong><br>N\u00e6mingurin setur seg \u00ed samband vi\u00f0 \u00cdSF-veglei\u00f0aran \u00e1 sk\u00falanum, sum s\u00ed\u00f0ani kannar m\u00f8guleikan at tillaga<br>royndirnar solei\u00f0is at n\u00e6mingurin ikki skal til roynd ta\u00f0 t\u00ed\u00f0arskei\u00f0i landsli\u00f0i er burtur. Hetta skal avgrei\u00f0ast \u00e1\u00f0renn 8. mai. Flyting av \u00e1rsroynd er ikki alt\u00ed\u00f0 m\u00f8gulig.<br><\/p>\n\n\n\n<p>Um einki ber til at flyta: So kunnu a\u00f0rar loysnir, t.d. sj\u00fakraroynd ella online roynd, hugsast.<\/p>\n\n\n\n<div style=\"height:24px\" aria-hidden=\"true\" class=\"wp-block-spacer\"><\/div>\n\n\n\n<h3 class=\"wp-block-heading\">A\u00f0rir m\u00f8guleikar<\/h3>\n\n\n\n<p><strong>Sj\u00fakraroynd <\/strong>er ein m\u00f8guleiki, um t\u00fa ert burtur vi\u00f0 landsli\u00f0num t\u00e1 vanliga royndin er. Sig sk\u00falanum fr\u00e1 \u00ed<br>g\u00f3\u00f0ari t\u00ed\u00f0 \u2013 l\u00e6knav\u00e1ttan er ikki kravd, og hetta \u00e1virkar ikki h\u00fagvu ella v\u00ed\u00f0ari lesna\u00f0, t\u00f3 ver\u00f0ur endaliga<br>pr\u00f3gvi\u00f0 ikki \u00fatskriva\u00f0 fyrr enn sj\u00fakrapr\u00f3vt\u00f8kan er avgreidd.<br><\/p>\n\n\n\n<p><strong>Online royndir<\/strong> kunnu eisini bera til, men krevja g\u00f3\u00f0ar umst\u00f8\u00f0ur, trygt internet og samskipan millum<br>sk\u00falan og \u00edtr\u00f3ttin. Ta\u00f0 veldst um hv\u00f8rja roynd og hv\u00f8rjar tekniskar treytir eru. Set teg \u00ed samband vi\u00f0 \u00cdSFveglei\u00f0aran \u00e1 sk\u00falan \u00ed g\u00f3\u00f0ari t\u00ed\u00f0.<\/p>\n\n\n\n<div style=\"height:43px\" aria-hidden=\"true\" class=\"wp-block-spacer\"><\/div>\n\n\n\n<div data-wp-interactive=\"core\/file\" class=\"wp-block-file\"><object data-wp-bind--hidden=\"!state.hasPdfPreview\" hidden class=\"wp-block-file__embed\" data=\"https:\/\/isf.fo\/wp-content\/uploads\/2025\/06\/Urvalsidkarar-Royndir-og-Provtokur.pdf\" type=\"application\/pdf\" style=\"width:100%;height:1130px\" aria-label=\"Embed of \u00darvals\u00ed\u00f0karar - Royndir og Pr\u00f3vt\u00f8kur.\"><\/object><a id=\"wp-block-file--media-dd9b7ff1-afa1-4bbb-a717-a8065517a0ea\" href=\"https:\/\/isf.fo\/wp-content\/uploads\/2025\/06\/Urvalsidkarar-Royndir-og-Provtokur.pdf\">\u00darvals\u00ed\u00f0karar &#8211; Royndir og Pr\u00f3vt\u00f8kur<\/a><a href=\"https:\/\/isf.fo\/wp-content\/uploads\/2025\/06\/Urvalsidkarar-Royndir-og-Provtokur.pdf\" class=\"wp-block-file__button wp-element-button\" download aria-describedby=\"wp-block-file--media-dd9b7ff1-afa1-4bbb-a717-a8065517a0ea\">Download<\/a><\/div>","protected":false},"excerpt":{"rendered":"<p>\u00darvals\u00ed\u00f0karar &#8211; Royndir og Pr\u00f3vt\u00f8kur Flyta royndir ella \u00edtr\u00f3tt Flyta \u00edtr\u00f3ttin\u00cdtr\u00f3tturin skal hyggja at um ta\u00f0 er m\u00f8guligt at tann [&hellip;]<\/p>\n","protected":false},"author":17,"featured_media":12875,"parent":0,"menu_order":1,"comment_status":"closed","ping_status":"closed","template":"","meta":{"_acf_changed":false,"_relevanssi_hide_post":"","_relevanssi_hide_content":"","_relevanssi_pin_for_all":"","_relevanssi_pin_keywords":"","_relevanssi_unpin_keywords":"","_relevanssi_related_keywords":"","_relevanssi_related_include_ids":"","_relevanssi_related_exclude_ids":"","_relevanssi_related_no_append":"","_relevanssi_related_not_related":"","_relevanssi_related_posts":"","_relevanssi_noindex_reason":"","inline_featured_image":false,"footnotes":""},"class_list":["post-12870","page","type-page","status-publish","has-post-thumbnail","hentry"],"acf":[],"yoast_head":"<!-- This site is optimized with the Yoast SEO plugin v27.5 - https:\/\/yoast.com\/product\/yoast-seo-wordpress\/ -->\n<title>\u00darvals\u00ed\u00f0karar - Royndir og Pr\u00f3vt\u00f8kur - \u00cdtr\u00f3ttasamband F\u00f8roya<\/title>\n<meta name=\"robots\" content=\"index, follow, max-snippet:-1, max-image-preview:large, max-video-preview:-1\" \/>\n<link rel=\"canonical\" href=\"https:\/\/isf.fo\/en\/urvalsidkarar-royndir-og-provtokur\/\" \/>\n<meta property=\"og:locale\" content=\"en_US\" \/>\n<meta property=\"og:type\" content=\"article\" \/>\n<meta property=\"og:title\" content=\"\u00darvals\u00ed\u00f0karar - Royndir og Pr\u00f3vt\u00f8kur - \u00cdtr\u00f3ttasamband F\u00f8roya\" \/>\n<meta property=\"og:description\" content=\"\u00darvals\u00ed\u00f0karar &#8211; Royndir og Pr\u00f3vt\u00f8kur Flyta royndir ella \u00edtr\u00f3tt Flyta \u00edtr\u00f3ttin\u00cdtr\u00f3tturin skal hyggja at um ta\u00f0 er m\u00f8guligt at tann [&hellip;]\" \/>\n<meta property=\"og:url\" content=\"https:\/\/isf.fo\/en\/urvalsidkarar-royndir-og-provtokur\/\" \/>\n<meta property=\"og:site_name\" content=\"\u00cdtr\u00f3ttasamband F\u00f8roya\" \/>\n<meta property=\"article:publisher\" content=\"https:\/\/www.facebook.com\/itrottasambandid\" \/>\n<meta property=\"og:image\" content=\"https:\/\/isf.fo\/wp-content\/uploads\/2025\/06\/5-top-tips-on-how-to-approach-your-exam.png\" \/>\n\t<meta property=\"og:image:width\" content=\"1280\" \/>\n\t<meta property=\"og:image:height\" content=\"574\" \/>\n\t<meta property=\"og:image:type\" content=\"image\/png\" \/>\n<meta name=\"twitter:card\" content=\"summary_large_image\" \/>\n<meta name=\"twitter:label1\" content=\"Est. reading time\" \/>\n\t<meta name=\"twitter:data1\" content=\"2 minutes\" \/>\n<script type=\"application\/ld+json\" class=\"yoast-schema-graph\">{\"@context\":\"https:\\\/\\\/schema.org\",\"@graph\":[{\"@type\":\"WebPage\",\"@id\":\"https:\\\/\\\/isf.fo\\\/urvalsidkarar-royndir-og-provtokur\\\/\",\"url\":\"https:\\\/\\\/isf.fo\\\/urvalsidkarar-royndir-og-provtokur\\\/\",\"name\":\"\u00darvals\u00ed\u00f0karar - Royndir og Pr\u00f3vt\u00f8kur - \u00cdtr\u00f3ttasamband F\u00f8roya\",\"isPartOf\":{\"@id\":\"https:\\\/\\\/isf.fo\\\/#website\"},\"primaryImageOfPage\":{\"@id\":\"https:\\\/\\\/isf.fo\\\/urvalsidkarar-royndir-og-provtokur\\\/#primaryimage\"},\"image\":{\"@id\":\"https:\\\/\\\/isf.fo\\\/urvalsidkarar-royndir-og-provtokur\\\/#primaryimage\"},\"thumbnailUrl\":\"https:\\\/\\\/isf.fo\\\/wp-content\\\/uploads\\\/2025\\\/06\\\/5-top-tips-on-how-to-approach-your-exam.png\",\"datePublished\":\"2025-06-25T14:04:20+00:00\",\"breadcrumb\":{\"@id\":\"https:\\\/\\\/isf.fo\\\/urvalsidkarar-royndir-og-provtokur\\\/#breadcrumb\"},\"inLanguage\":\"en-US\",\"potentialAction\":[{\"@type\":\"ReadAction\",\"target\":[\"https:\\\/\\\/isf.fo\\\/urvalsidkarar-royndir-og-provtokur\\\/\"]}]},{\"@type\":\"ImageObject\",\"inLanguage\":\"en-US\",\"@id\":\"https:\\\/\\\/isf.fo\\\/urvalsidkarar-royndir-og-provtokur\\\/#primaryimage\",\"url\":\"https:\\\/\\\/isf.fo\\\/wp-content\\\/uploads\\\/2025\\\/06\\\/5-top-tips-on-how-to-approach-your-exam.png\",\"contentUrl\":\"https:\\\/\\\/isf.fo\\\/wp-content\\\/uploads\\\/2025\\\/06\\\/5-top-tips-on-how-to-approach-your-exam.png\",\"width\":1280,\"height\":574},{\"@type\":\"BreadcrumbList\",\"@id\":\"https:\\\/\\\/isf.fo\\\/urvalsidkarar-royndir-og-provtokur\\\/#breadcrumb\",\"itemListElement\":[{\"@type\":\"ListItem\",\"position\":1,\"name\":\"Home\",\"item\":\"https:\\\/\\\/isf.fo\\\/\"},{\"@type\":\"ListItem\",\"position\":2,\"name\":\"\u00darvals\u00ed\u00f0karar &#8211; Royndir og Pr\u00f3vt\u00f8kur\"}]},{\"@type\":\"WebSite\",\"@id\":\"https:\\\/\\\/isf.fo\\\/#website\",\"url\":\"https:\\\/\\\/isf.fo\\\/\",\"name\":\"\u00cdtr\u00f3ttasamband F\u00f8roya\",\"description\":\"\",\"publisher\":{\"@id\":\"https:\\\/\\\/isf.fo\\\/#organization\"},\"potentialAction\":[{\"@type\":\"SearchAction\",\"target\":{\"@type\":\"EntryPoint\",\"urlTemplate\":\"https:\\\/\\\/isf.fo\\\/?s={search_term_string}\"},\"query-input\":{\"@type\":\"PropertyValueSpecification\",\"valueRequired\":true,\"valueName\":\"search_term_string\"}}],\"inLanguage\":\"en-US\"},{\"@type\":\"Organization\",\"@id\":\"https:\\\/\\\/isf.fo\\\/#organization\",\"name\":\"\u00cdtr\u00f3ttasamband F\u00f8roya\",\"url\":\"https:\\\/\\\/isf.fo\\\/\",\"logo\":{\"@type\":\"ImageObject\",\"inLanguage\":\"en-US\",\"@id\":\"https:\\\/\\\/isf.fo\\\/#\\\/schema\\\/logo\\\/image\\\/\",\"url\":\"https:\\\/\\\/isf.fo\\\/wp-content\\\/uploads\\\/2025\\\/06\\\/ISF_Olympic-Committee-logo.png\",\"contentUrl\":\"https:\\\/\\\/isf.fo\\\/wp-content\\\/uploads\\\/2025\\\/06\\\/ISF_Olympic-Committee-logo.png\",\"width\":618,\"height\":121,\"caption\":\"\u00cdtr\u00f3ttasamband F\u00f8roya\"},\"image\":{\"@id\":\"https:\\\/\\\/isf.fo\\\/#\\\/schema\\\/logo\\\/image\\\/\"},\"sameAs\":[\"https:\\\/\\\/www.facebook.com\\\/itrottasambandid\"]}]}<\/script>\n<!-- \/ Yoast SEO plugin. -->","yoast_head_json":{"title":"\u00darvals\u00ed\u00f0karar - Royndir og Pr\u00f3vt\u00f8kur - \u00cdtr\u00f3ttasamband F\u00f8roya","robots":{"index":"index","follow":"follow","max-snippet":"max-snippet:-1","max-image-preview":"max-image-preview:large","max-video-preview":"max-video-preview:-1"},"canonical":"https:\/\/isf.fo\/en\/urvalsidkarar-royndir-og-provtokur\/","og_locale":"en_US","og_type":"article","og_title":"\u00darvals\u00ed\u00f0karar - Royndir og Pr\u00f3vt\u00f8kur - \u00cdtr\u00f3ttasamband F\u00f8roya","og_description":"\u00darvals\u00ed\u00f0karar &#8211; Royndir og Pr\u00f3vt\u00f8kur Flyta royndir ella \u00edtr\u00f3tt Flyta \u00edtr\u00f3ttin\u00cdtr\u00f3tturin skal hyggja at um ta\u00f0 er m\u00f8guligt at tann [&hellip;]","og_url":"https:\/\/isf.fo\/en\/urvalsidkarar-royndir-og-provtokur\/","og_site_name":"\u00cdtr\u00f3ttasamband F\u00f8roya","article_publisher":"https:\/\/www.facebook.com\/itrottasambandid","og_image":[{"width":1280,"height":574,"url":"https:\/\/isf.fo\/wp-content\/uploads\/2025\/06\/5-top-tips-on-how-to-approach-your-exam.png","type":"image\/png"}],"twitter_card":"summary_large_image","twitter_misc":{"Est. reading time":"2 minutes"},"schema":{"@context":"https:\/\/schema.org","@graph":[{"@type":"WebPage","@id":"https:\/\/isf.fo\/urvalsidkarar-royndir-og-provtokur\/","url":"https:\/\/isf.fo\/urvalsidkarar-royndir-og-provtokur\/","name":"\u00darvals\u00ed\u00f0karar - Royndir og Pr\u00f3vt\u00f8kur - \u00cdtr\u00f3ttasamband F\u00f8roya","isPartOf":{"@id":"https:\/\/isf.fo\/#website"},"primaryImageOfPage":{"@id":"https:\/\/isf.fo\/urvalsidkarar-royndir-og-provtokur\/#primaryimage"},"image":{"@id":"https:\/\/isf.fo\/urvalsidkarar-royndir-og-provtokur\/#primaryimage"},"thumbnailUrl":"https:\/\/isf.fo\/wp-content\/uploads\/2025\/06\/5-top-tips-on-how-to-approach-your-exam.png","datePublished":"2025-06-25T14:04:20+00:00","breadcrumb":{"@id":"https:\/\/isf.fo\/urvalsidkarar-royndir-og-provtokur\/#breadcrumb"},"inLanguage":"en-US","potentialAction":[{"@type":"ReadAction","target":["https:\/\/isf.fo\/urvalsidkarar-royndir-og-provtokur\/"]}]},{"@type":"ImageObject","inLanguage":"en-US","@id":"https:\/\/isf.fo\/urvalsidkarar-royndir-og-provtokur\/#primaryimage","url":"https:\/\/isf.fo\/wp-content\/uploads\/2025\/06\/5-top-tips-on-how-to-approach-your-exam.png","contentUrl":"https:\/\/isf.fo\/wp-content\/uploads\/2025\/06\/5-top-tips-on-how-to-approach-your-exam.png","width":1280,"height":574},{"@type":"BreadcrumbList","@id":"https:\/\/isf.fo\/urvalsidkarar-royndir-og-provtokur\/#breadcrumb","itemListElement":[{"@type":"ListItem","position":1,"name":"Home","item":"https:\/\/isf.fo\/"},{"@type":"ListItem","position":2,"name":"\u00darvals\u00ed\u00f0karar &#8211; Royndir og Pr\u00f3vt\u00f8kur"}]},{"@type":"WebSite","@id":"https:\/\/isf.fo\/#website","url":"https:\/\/isf.fo\/","name":"\u00cdtr\u00f3ttasamband F\u00f8roya","description":"","publisher":{"@id":"https:\/\/isf.fo\/#organization"},"potentialAction":[{"@type":"SearchAction","target":{"@type":"EntryPoint","urlTemplate":"https:\/\/isf.fo\/?s={search_term_string}"},"query-input":{"@type":"PropertyValueSpecification","valueRequired":true,"valueName":"search_term_string"}}],"inLanguage":"en-US"},{"@type":"Organization","@id":"https:\/\/isf.fo\/#organization","name":"\u00cdtr\u00f3ttasamband F\u00f8roya","url":"https:\/\/isf.fo\/","logo":{"@type":"ImageObject","inLanguage":"en-US","@id":"https:\/\/isf.fo\/#\/schema\/logo\/image\/","url":"https:\/\/isf.fo\/wp-content\/uploads\/2025\/06\/ISF_Olympic-Committee-logo.png","contentUrl":"https:\/\/isf.fo\/wp-content\/uploads\/2025\/06\/ISF_Olympic-Committee-logo.png","width":618,"height":121,"caption":"\u00cdtr\u00f3ttasamband F\u00f8roya"},"image":{"@id":"https:\/\/isf.fo\/#\/schema\/logo\/image\/"},"sameAs":["https:\/\/www.facebook.com\/itrottasambandid"]}]}},"_links":{"self":[{"href":"https:\/\/isf.fo\/en\/wp-json\/wp\/v2\/pages\/12870","targetHints":{"allow":["GET"]}}],"collection":[{"href":"https:\/\/isf.fo\/en\/wp-json\/wp\/v2\/pages"}],"about":[{"href":"https:\/\/isf.fo\/en\/wp-json\/wp\/v2\/types\/page"}],"author":[{"embeddable":true,"href":"https:\/\/isf.fo\/en\/wp-json\/wp\/v2\/users\/17"}],"replies":[{"embeddable":true,"href":"https:\/\/isf.fo\/en\/wp-json\/wp\/v2\/comments?post=12870"}],"version-history":[{"count":3,"href":"https:\/\/isf.fo\/en\/wp-json\/wp\/v2\/pages\/12870\/revisions"}],"predecessor-version":[{"id":12874,"href":"https:\/\/isf.fo\/en\/wp-json\/wp\/v2\/pages\/12870\/revisions\/12874"}],"wp:featuredmedia":[{"embeddable":true,"href":"https:\/\/isf.fo\/en\/wp-json\/wp\/v2\/media\/12875"}],"wp:attachment":[{"href":"https:\/\/isf.fo\/en\/wp-json\/wp\/v2\/media?parent=12870"}],"curies":[{"name":"wp","href":"https:\/\/api.w.org\/{rel}","templated":true}]}}