{"id":1296,"date":"2010-01-04T12:12:32","date_gmt":"2010-01-04T11:12:32","guid":{"rendered":"https:\/\/isf.fo\/?page_id=1296"},"modified":"2017-03-31T15:21:05","modified_gmt":"2017-03-31T15:21:05","slug":"todi-jonsson","status":"publish","type":"page","link":"https:\/\/isf.fo\/en\/itrotturin-eg\/todi-jonsson\/","title":{"rendered":"Todi J\u00f3nsson"},"content":{"rendered":"<h2>Vit sparka\u00f0u hv\u00f8nn dag og ofta til langt \u00fat \u00e1 n\u00e1ttina<\/h2>\n<p><a href=\"https:\/\/d21ockg4ri0hhk.cloudfront.net\/wp-content\/uploads\/2010\/01\/30193201\/Todi2.jpg\" rel=\"attachment wp-att-5392\"><img decoding=\"async\" class=\"alignright wp-image-5392 size-medium lazyload\" data-src=\"https:\/\/d21ockg4ri0hhk.cloudfront.net\/wp-content\/uploads\/2010\/01\/30193201\/Todi2-300x173.jpg\" alt=\"\" width=\"300\" height=\"173\" data-srcset=\"https:\/\/d21ockg4ri0hhk.cloudfront.net\/wp-content\/uploads\/2010\/01\/30193201\/Todi2-300x173.jpg 300w, https:\/\/d21ockg4ri0hhk.cloudfront.net\/wp-content\/uploads\/2010\/01\/30193201\/Todi2.jpg 600w\" data-sizes=\"(max-width: 300px) 100vw, 300px\" src=\"data:image\/svg+xml;base64,PHN2ZyB3aWR0aD0iMSIgaGVpZ2h0PSIxIiB4bWxucz0iaHR0cDovL3d3dy53My5vcmcvMjAwMC9zdmciPjwvc3ZnPg==\" style=\"--smush-placeholder-width: 300px; --smush-placeholder-aspect-ratio: 300\/173;\" \/><\/a><\/p>\n<p><strong>Todi J\u00f3nson ver\u00f0ur av mongum mettur at vera F\u00f8roya besti f\u00f3tb\u00f3ltssp\u00e6lari nakrant\u00ed\u00f0. Hann sp\u00e6ldi 45 dystir vi\u00f0 besta landsli\u00f0num, og skora\u00f0i 9 m\u00e1l. Eftir uppv\u00f8ksturin \u00ed K\u00cd, sp\u00e6ldi Todi vi\u00f0 B36, Lyngby Boldklub, FC K\u00f8benhavn og IK Start. \u00cd fj\u00f8r sp\u00e6ldi hann aftur nakrar dystir fyri besta li\u00f0i\u00f0 hj\u00e1 K\u00cd. Todi hevur roynt seg sum f\u00f3tb\u00f3ltsstj\u00f3ri \u00ed Danmark, t\u00e1 hann umskipa\u00f0i Fremad Amager til FC Amager, men henda royndin miseydna\u00f0ist orsaka av f\u00edggjarkreppuni, sum rakti allan heim. <\/strong><\/p>\n<p><strong>\u00cd dag bj\u00f3\u00f0ar Todi Jonson seg fram sum pers\u00f3nligur mennari fyri yngri f\u00f3tb\u00f3ltsleikarar \u00ed fyrit\u00f8kuni Todi Fodboldcoaching<\/strong><\/p>\n<p><em>Hvat gert t\u00fa fyri at halda teg \u00ed form?<\/em><br \/>\n\u201dEin vanlig vika hj\u00e1 m\u00e6r s\u00e6r n\u00f8kulunda solei\u00f0is \u00fat: Sp\u00e6li ein dyst vi\u00f0 FCK oldboys, 2-3 fer\u00f0ir \u00ed fitness sentur, har eg renni intervallir og styrkivenji. Somulei\u00f0is venji eg eisini dreingirnar \u00ed Todi fodboldcoaching, og har fara nakrir t\u00edmar \u00e1 degnum.\u201d<\/p>\n<p><em>Ert t\u00fa limur \u00ed \u00edtr\u00f3ttarfelag?<\/em><br \/>\n\u201dEg eri limur \u00ed KB (Kj\u00f8benhavns Boldklub, red.), sum er undir FC K\u00f8benhavn\u201d<\/p>\n<p><em>\u00cd\u00f0ka\u00f0i t\u00fa \u00edtr\u00f3tt sum barn?<\/em><br \/>\n\u201dSum barn \u00ed\u00f0ka\u00f0i eg sera n\u00f3gv. Um summari\u00f0 sp\u00e6ldi eg\u00a0 f\u00f3tb\u00f3lt, b\u00e6\u00f0i vi\u00f0 K\u00cd og \u00ed fr\u00edt\u00ed\u00f0ini. Eg sp\u00e6ldi f\u00f3tb\u00f3lt n\u00e6stan hv\u00f8nn dag \u2013 sum oftast \u00e1 v\u00f8llinum \u00ed Klaksv\u00edk. Annars hev\u00f0i n\u00e6stan hv\u00f8r b\u00fdarpartur s\u00edn egna l\u00edtla v\u00f8ll, og har sp\u00e6ldi eg eisini. Ta\u00f0 var ikki \u00f3vanligt, at eg um summari\u00f0 sp\u00e6ldi til langt \u00fat \u00e1 n\u00e1ttina. Um vetrin leikti eg b\u00e6\u00f0i flogb\u00f3lt og hondb\u00f3lt.\u201d<\/p>\n<p><em>Hv\u00f8nn t\u00fddning hevur \u00edtr\u00f3ttur og r\u00f8rsla fyri teg og samfelagi\u00f0?<\/em><br \/>\n\u201dR\u00f8rsla hevur sera st\u00f3ran t\u00fddning fyri b\u00f8rn og ung og teirra menning b\u00e6\u00f0i sosialt og likamliga.<br \/>\nFyri F\u00f8royar og f\u00f8royingar hevur r\u00f8rsla t\u00fddning fyri generellu f\u00f3lkaheilsuna. Eisini hevur ta\u00f0 ein kolossalt st\u00f3ran t\u00fddning \u2013 brandingm\u00e6ssiga fyri F\u00f8royar \u2013 at vit sum f\u00f8royingar gera vart vi\u00f0 okkum uttanlands. Her skulu vit ver\u00f0a betur til at menna talentini \u00ed F\u00f8royum, og betur til at gera br\u00fak av teimum kompetencum og teirri vitan, sum a\u00f0rir f\u00f8royingar f\u00e1a uttanlands.\u201d<\/p>","protected":false},"excerpt":{"rendered":"<p>Vit sparka\u00f0u hv\u00f8nn dag og ofta til langt \u00fat \u00e1 n\u00e1ttina Todi J\u00f3nson ver\u00f0ur av mongum mettur at vera F\u00f8roya [&hellip;]<\/p>\n","protected":false},"author":6,"featured_media":0,"parent":1251,"menu_order":9,"comment_status":"open","ping_status":"closed","template":"","meta":{"_acf_changed":false,"_relevanssi_hide_post":"","_relevanssi_hide_content":"","_relevanssi_pin_for_all":"","_relevanssi_pin_keywords":"","_relevanssi_unpin_keywords":"","_relevanssi_related_keywords":"","_relevanssi_related_include_ids":"","_relevanssi_related_exclude_ids":"","_relevanssi_related_no_append":"","_relevanssi_related_not_related":"","_relevanssi_related_posts":"","_relevanssi_noindex_reason":"","inline_featured_image":false,"footnotes":""},"class_list":["post-1296","page","type-page","status-publish","hentry"],"acf":[],"yoast_head":"<!-- This site is optimized with the Yoast SEO plugin v27.3 - https:\/\/yoast.com\/product\/yoast-seo-wordpress\/ -->\n<title>Todi J\u00f3nsson - \u00cdtr\u00f3ttasamband F\u00f8roya<\/title>\n<meta name=\"robots\" content=\"index, follow, max-snippet:-1, max-image-preview:large, max-video-preview:-1\" \/>\n<link rel=\"canonical\" href=\"https:\/\/isf.fo\/en\/itrotturin-eg\/todi-jonsson\/\" \/>\n<meta property=\"og:locale\" content=\"en_US\" \/>\n<meta property=\"og:type\" content=\"article\" \/>\n<meta property=\"og:title\" content=\"Todi J\u00f3nsson - \u00cdtr\u00f3ttasamband F\u00f8roya\" \/>\n<meta property=\"og:description\" content=\"Vit sparka\u00f0u hv\u00f8nn dag og ofta til langt \u00fat \u00e1 n\u00e1ttina Todi J\u00f3nson ver\u00f0ur av mongum mettur at vera F\u00f8roya [&hellip;]\" \/>\n<meta property=\"og:url\" content=\"https:\/\/isf.fo\/en\/itrotturin-eg\/todi-jonsson\/\" \/>\n<meta property=\"og:site_name\" content=\"\u00cdtr\u00f3ttasamband F\u00f8roya\" \/>\n<meta property=\"article:publisher\" content=\"https:\/\/www.facebook.com\/itrottasambandid\" \/>\n<meta property=\"article:modified_time\" content=\"2017-03-31T15:21:05+00:00\" \/>\n<meta property=\"og:image\" content=\"https:\/\/isf.fo\/wp-content\/uploads\/2010\/01\/Todi2-300x173.jpg\" \/>\n<meta name=\"twitter:card\" content=\"summary_large_image\" \/>\n<meta name=\"twitter:label1\" content=\"Est. reading time\" \/>\n\t<meta name=\"twitter:data1\" content=\"2 minutes\" \/>\n<script type=\"application\/ld+json\" class=\"yoast-schema-graph\">{\"@context\":\"https:\\\/\\\/schema.org\",\"@graph\":[{\"@type\":\"WebPage\",\"@id\":\"https:\\\/\\\/isf.fo\\\/itrotturin-eg\\\/todi-jonsson\\\/\",\"url\":\"https:\\\/\\\/isf.fo\\\/itrotturin-eg\\\/todi-jonsson\\\/\",\"name\":\"Todi J\u00f3nsson - \u00cdtr\u00f3ttasamband F\u00f8roya\",\"isPartOf\":{\"@id\":\"https:\\\/\\\/isf.fo\\\/#website\"},\"primaryImageOfPage\":{\"@id\":\"https:\\\/\\\/isf.fo\\\/itrotturin-eg\\\/todi-jonsson\\\/#primaryimage\"},\"image\":{\"@id\":\"https:\\\/\\\/isf.fo\\\/itrotturin-eg\\\/todi-jonsson\\\/#primaryimage\"},\"thumbnailUrl\":\"https:\\\/\\\/isf.fo\\\/wp-content\\\/uploads\\\/2010\\\/01\\\/Todi2-300x173.jpg\",\"datePublished\":\"2010-01-04T11:12:32+00:00\",\"dateModified\":\"2017-03-31T15:21:05+00:00\",\"breadcrumb\":{\"@id\":\"https:\\\/\\\/isf.fo\\\/itrotturin-eg\\\/todi-jonsson\\\/#breadcrumb\"},\"inLanguage\":\"en-US\",\"potentialAction\":[{\"@type\":\"ReadAction\",\"target\":[\"https:\\\/\\\/isf.fo\\\/itrotturin-eg\\\/todi-jonsson\\\/\"]}]},{\"@type\":\"ImageObject\",\"inLanguage\":\"en-US\",\"@id\":\"https:\\\/\\\/isf.fo\\\/itrotturin-eg\\\/todi-jonsson\\\/#primaryimage\",\"url\":\"https:\\\/\\\/isf.fo\\\/wp-content\\\/uploads\\\/2010\\\/01\\\/Todi2-300x173.jpg\",\"contentUrl\":\"https:\\\/\\\/isf.fo\\\/wp-content\\\/uploads\\\/2010\\\/01\\\/Todi2-300x173.jpg\"},{\"@type\":\"BreadcrumbList\",\"@id\":\"https:\\\/\\\/isf.fo\\\/itrotturin-eg\\\/todi-jonsson\\\/#breadcrumb\",\"itemListElement\":[{\"@type\":\"ListItem\",\"position\":1,\"name\":\"Home\",\"item\":\"https:\\\/\\\/isf.fo\\\/\"},{\"@type\":\"ListItem\",\"position\":2,\"name\":\"\u00cdtr\u00f3tturin &#038; eg\",\"item\":\"https:\\\/\\\/isf.fo\\\/itrotturin-eg\\\/\"},{\"@type\":\"ListItem\",\"position\":3,\"name\":\"Todi J\u00f3nsson\"}]},{\"@type\":\"WebSite\",\"@id\":\"https:\\\/\\\/isf.fo\\\/#website\",\"url\":\"https:\\\/\\\/isf.fo\\\/\",\"name\":\"\u00cdtr\u00f3ttasamband F\u00f8roya\",\"description\":\"\",\"publisher\":{\"@id\":\"https:\\\/\\\/isf.fo\\\/#organization\"},\"potentialAction\":[{\"@type\":\"SearchAction\",\"target\":{\"@type\":\"EntryPoint\",\"urlTemplate\":\"https:\\\/\\\/isf.fo\\\/?s={search_term_string}\"},\"query-input\":{\"@type\":\"PropertyValueSpecification\",\"valueRequired\":true,\"valueName\":\"search_term_string\"}}],\"inLanguage\":\"en-US\"},{\"@type\":\"Organization\",\"@id\":\"https:\\\/\\\/isf.fo\\\/#organization\",\"name\":\"\u00cdtr\u00f3ttasamband F\u00f8roya\",\"url\":\"https:\\\/\\\/isf.fo\\\/\",\"logo\":{\"@type\":\"ImageObject\",\"inLanguage\":\"en-US\",\"@id\":\"https:\\\/\\\/isf.fo\\\/#\\\/schema\\\/logo\\\/image\\\/\",\"url\":\"https:\\\/\\\/isf.fo\\\/wp-content\\\/uploads\\\/2025\\\/06\\\/ISF_Olympic-Committee-logo.png\",\"contentUrl\":\"https:\\\/\\\/isf.fo\\\/wp-content\\\/uploads\\\/2025\\\/06\\\/ISF_Olympic-Committee-logo.png\",\"width\":618,\"height\":121,\"caption\":\"\u00cdtr\u00f3ttasamband F\u00f8roya\"},\"image\":{\"@id\":\"https:\\\/\\\/isf.fo\\\/#\\\/schema\\\/logo\\\/image\\\/\"},\"sameAs\":[\"https:\\\/\\\/www.facebook.com\\\/itrottasambandid\"]}]}<\/script>\n<!-- \/ Yoast SEO plugin. -->","yoast_head_json":{"title":"Todi J\u00f3nsson - \u00cdtr\u00f3ttasamband F\u00f8roya","robots":{"index":"index","follow":"follow","max-snippet":"max-snippet:-1","max-image-preview":"max-image-preview:large","max-video-preview":"max-video-preview:-1"},"canonical":"https:\/\/isf.fo\/en\/itrotturin-eg\/todi-jonsson\/","og_locale":"en_US","og_type":"article","og_title":"Todi J\u00f3nsson - \u00cdtr\u00f3ttasamband F\u00f8roya","og_description":"Vit sparka\u00f0u hv\u00f8nn dag og ofta til langt \u00fat \u00e1 n\u00e1ttina Todi J\u00f3nson ver\u00f0ur av mongum mettur at vera F\u00f8roya [&hellip;]","og_url":"https:\/\/isf.fo\/en\/itrotturin-eg\/todi-jonsson\/","og_site_name":"\u00cdtr\u00f3ttasamband F\u00f8roya","article_publisher":"https:\/\/www.facebook.com\/itrottasambandid","article_modified_time":"2017-03-31T15:21:05+00:00","og_image":[{"url":"https:\/\/isf.fo\/wp-content\/uploads\/2010\/01\/Todi2-300x173.jpg","type":"","width":"","height":""}],"twitter_card":"summary_large_image","twitter_misc":{"Est. reading time":"2 minutes"},"schema":{"@context":"https:\/\/schema.org","@graph":[{"@type":"WebPage","@id":"https:\/\/isf.fo\/itrotturin-eg\/todi-jonsson\/","url":"https:\/\/isf.fo\/itrotturin-eg\/todi-jonsson\/","name":"Todi J\u00f3nsson - \u00cdtr\u00f3ttasamband F\u00f8roya","isPartOf":{"@id":"https:\/\/isf.fo\/#website"},"primaryImageOfPage":{"@id":"https:\/\/isf.fo\/itrotturin-eg\/todi-jonsson\/#primaryimage"},"image":{"@id":"https:\/\/isf.fo\/itrotturin-eg\/todi-jonsson\/#primaryimage"},"thumbnailUrl":"https:\/\/isf.fo\/wp-content\/uploads\/2010\/01\/Todi2-300x173.jpg","datePublished":"2010-01-04T11:12:32+00:00","dateModified":"2017-03-31T15:21:05+00:00","breadcrumb":{"@id":"https:\/\/isf.fo\/itrotturin-eg\/todi-jonsson\/#breadcrumb"},"inLanguage":"en-US","potentialAction":[{"@type":"ReadAction","target":["https:\/\/isf.fo\/itrotturin-eg\/todi-jonsson\/"]}]},{"@type":"ImageObject","inLanguage":"en-US","@id":"https:\/\/isf.fo\/itrotturin-eg\/todi-jonsson\/#primaryimage","url":"https:\/\/isf.fo\/wp-content\/uploads\/2010\/01\/Todi2-300x173.jpg","contentUrl":"https:\/\/isf.fo\/wp-content\/uploads\/2010\/01\/Todi2-300x173.jpg"},{"@type":"BreadcrumbList","@id":"https:\/\/isf.fo\/itrotturin-eg\/todi-jonsson\/#breadcrumb","itemListElement":[{"@type":"ListItem","position":1,"name":"Home","item":"https:\/\/isf.fo\/"},{"@type":"ListItem","position":2,"name":"\u00cdtr\u00f3tturin &#038; eg","item":"https:\/\/isf.fo\/itrotturin-eg\/"},{"@type":"ListItem","position":3,"name":"Todi J\u00f3nsson"}]},{"@type":"WebSite","@id":"https:\/\/isf.fo\/#website","url":"https:\/\/isf.fo\/","name":"\u00cdtr\u00f3ttasamband F\u00f8roya","description":"","publisher":{"@id":"https:\/\/isf.fo\/#organization"},"potentialAction":[{"@type":"SearchAction","target":{"@type":"EntryPoint","urlTemplate":"https:\/\/isf.fo\/?s={search_term_string}"},"query-input":{"@type":"PropertyValueSpecification","valueRequired":true,"valueName":"search_term_string"}}],"inLanguage":"en-US"},{"@type":"Organization","@id":"https:\/\/isf.fo\/#organization","name":"\u00cdtr\u00f3ttasamband F\u00f8roya","url":"https:\/\/isf.fo\/","logo":{"@type":"ImageObject","inLanguage":"en-US","@id":"https:\/\/isf.fo\/#\/schema\/logo\/image\/","url":"https:\/\/isf.fo\/wp-content\/uploads\/2025\/06\/ISF_Olympic-Committee-logo.png","contentUrl":"https:\/\/isf.fo\/wp-content\/uploads\/2025\/06\/ISF_Olympic-Committee-logo.png","width":618,"height":121,"caption":"\u00cdtr\u00f3ttasamband F\u00f8roya"},"image":{"@id":"https:\/\/isf.fo\/#\/schema\/logo\/image\/"},"sameAs":["https:\/\/www.facebook.com\/itrottasambandid"]}]}},"_links":{"self":[{"href":"https:\/\/isf.fo\/en\/wp-json\/wp\/v2\/pages\/1296","targetHints":{"allow":["GET"]}}],"collection":[{"href":"https:\/\/isf.fo\/en\/wp-json\/wp\/v2\/pages"}],"about":[{"href":"https:\/\/isf.fo\/en\/wp-json\/wp\/v2\/types\/page"}],"author":[{"embeddable":true,"href":"https:\/\/isf.fo\/en\/wp-json\/wp\/v2\/users\/6"}],"replies":[{"embeddable":true,"href":"https:\/\/isf.fo\/en\/wp-json\/wp\/v2\/comments?post=1296"}],"version-history":[{"count":8,"href":"https:\/\/isf.fo\/en\/wp-json\/wp\/v2\/pages\/1296\/revisions"}],"predecessor-version":[{"id":5398,"href":"https:\/\/isf.fo\/en\/wp-json\/wp\/v2\/pages\/1296\/revisions\/5398"}],"up":[{"embeddable":true,"href":"https:\/\/isf.fo\/en\/wp-json\/wp\/v2\/pages\/1251"}],"wp:attachment":[{"href":"https:\/\/isf.fo\/en\/wp-json\/wp\/v2\/media?parent=1296"}],"curies":[{"name":"wp","href":"https:\/\/api.w.org\/{rel}","templated":true}]}}