{"id":1312,"date":"2010-01-18T14:31:36","date_gmt":"2010-01-18T13:31:36","guid":{"rendered":"https:\/\/isf.fo\/?page_id=1312"},"modified":"2020-05-27T12:13:03","modified_gmt":"2020-05-27T12:13:03","slug":"utbugvingarskipan-hja-isf","status":"publish","type":"page","link":"https:\/\/isf.fo\/en\/utbugving\/utbugvingarskipan-hja-isf\/","title":{"rendered":"\u00datb\u00fagvingarskipan hj\u00e1 \u00cdSF"},"content":{"rendered":"<p><strong><span style=\"text-decoration: underline;\">Venjara\u00fatb\u00fagvingar<\/span><\/strong><\/p>\n<p>\u00cdtr\u00f3ttasamband F\u00f8roya skipar \u00ed samstarvi vi\u00f0 Danska \u00cdtr\u00f3ttasambandi\u00f0 fyri venjara\u00fatb\u00fagvingum. Skipanin er \u00e1 4 stigum og \u00cdSF bj\u00f3\u00f0ar venjarum, at taka\u00f0 fyrsta stig, sum eru grundleggjandi venjaraskei\u00f0.<\/p>\n<p>\u00c6tlanin er eisini at hava stig 2, sum eisini eru grundleggjandi venjaraskei\u00f0. Stig 3 og 4, diplomvenjari og akademivenjari, kunnu takast \u00ed Danmark.<\/p>\n<p>Ni\u00f0anfyri s\u00e6st danska \u00fatb\u00fagvingarskipanin:<\/p>\n<p>&nbsp;<\/p>\n<p><a href=\"https:\/\/d21ockg4ri0hhk.cloudfront.net\/wp-content\/uploads\/2010\/01\/30193140\/dif1.jpeg\" rel=\"attachment wp-att-5478\"><img decoding=\"async\" class=\"size-medium wp-image-5478 alignnone lazyload\" data-src=\"https:\/\/d21ockg4ri0hhk.cloudfront.net\/wp-content\/uploads\/2010\/01\/30193140\/dif1-300x242.jpeg\" alt=\"\" width=\"300\" height=\"242\" data-srcset=\"https:\/\/d21ockg4ri0hhk.cloudfront.net\/wp-content\/uploads\/2010\/01\/30193140\/dif1-300x242.jpeg 300w, https:\/\/d21ockg4ri0hhk.cloudfront.net\/wp-content\/uploads\/2010\/01\/30193140\/dif1.jpeg 500w\" data-sizes=\"(max-width: 300px) 100vw, 300px\" src=\"data:image\/svg+xml;base64,PHN2ZyB3aWR0aD0iMSIgaGVpZ2h0PSIxIiB4bWxucz0iaHR0cDovL3d3dy53My5vcmcvMjAwMC9zdmciPjwvc3ZnPg==\" style=\"--smush-placeholder-width: 300px; --smush-placeholder-aspect-ratio: 300\/242;\" \/><\/a><\/p>\n<p>&nbsp;<\/p>\n<p><strong><span style=\"text-decoration: underline;\">Venjari 1 \u2013 Stig 1<\/span><\/strong><\/p>\n<p>Fyrsta stig fevnir um tvey skei\u00f0: <a href=\"https:\/\/isf.fo\/en\/?page_id=1316\">\u201d\u00cdtr\u00f3ttur fyri b\u00f8rn og ung\u201d<\/a> og <a href=\"https:\/\/isf.fo\/en\/?page_id=1318\">\u201d\u00cdtr\u00f3ttur, venjing og ska\u00f0ar\u201d<\/a><\/p>\n<p>S\u00ed skei\u00f0l\u00fdsingar undir sl\u00f3\u00f0unum.<\/p>\n<div style=\"position: absolute; top: 1482px; left: -1293px;\">homework help<\/div>\n<p><strong><span style=\"text-decoration: underline;\">Evropeisk skipan<\/span><\/strong><\/p>\n<p>\u00datb\u00fagvingarskipanin er evropeisk og \u00ed samsvar vi\u00f0 ENSSEE, The European Network of Sports Science, Education and Employment. Hetta merkir, at \u00fab\u00fagvingin kann n\u00fdtast \u00ed \u00f8llum ES-londum, og at \u00fatb\u00fagvingarstigini kunnu flytast til a\u00f0rar \u00fatb\u00fagvingar innan ES-lond.<\/p>\n<p>&nbsp;<\/p>\n<p><strong><span style=\"text-decoration: underline;\">M\u00e1lb\u00f3lkur<\/span><\/strong><\/p>\n<p>Venjara\u00fatb\u00fagvingin er \u00e6tla\u00f0 teimum, sum ynskja at f\u00f8rleikamenna seg \u00ed at vera venjari. Hetta kunnu vera \u00ed\u00f0kandi, virkandi venjarar, hj\u00e1lparf\u00f3lk ella foreldur, sum ynskja at gerast betri venjarar.<\/p>\n<p><strong><span style=\"text-decoration: underline;\">M\u00e1lsetningur<\/span><\/strong><\/p>\n<p>M\u00e1li\u00f0 vi\u00f0, at \u00cdSF bj\u00f3\u00f0ar felags \u00edtr\u00f3ttat\u00e1st\u00f8\u00f0iliga \u00fatb\u00fagving, er, at sersambondini vi\u00f0 hesum hava m\u00f8guleika at bj\u00f3\u00f0a limunum \u00e1 skei\u00f0. Hetta gevur eisini m\u00f8guleika fyri at hava skei\u00f0, h\u00f3ast lutt\u00f8kan \u00far hv\u00f8rjum einst\u00f8kum sersambandi ikki er so st\u00f3r. Sostatt kunnu skei\u00f0ini vera reglulig.<\/p>\n<p>M\u00e1li\u00f0 er somulei\u00f0is at l\u00e6tta um hj\u00e1 sersambondunum, solei\u00f0is at tey kunnu n\u00fdta s\u00edna orku til at skipa fyri skei\u00f0um um teknik o.a., sum er serligt fyri teirra \u00edtr\u00f3ttargrein.<\/p>\n<p>&nbsp;<\/p>\n<p>\u00cd st\u00f8rri h\u00f8pi er m\u00e1lsetningurin at \u00fatb\u00fagva venjarar og harvi\u00f0 tryggja g\u00f3\u00f0skuna \u00e1 tilbo\u00f0unum, sum sersambondini bj\u00f3\u00f0a teirra \u00ed\u00f0karum. \u00cd framt\u00ed\u00f0ini er ynskiligt vi\u00f0 fleiri g\u00f3\u00f0um og hugkveikjandi venjarum.<\/p>","protected":false},"excerpt":{"rendered":"<p>Venjara\u00fatb\u00fagvingar \u00cdtr\u00f3ttasamband F\u00f8roya skipar \u00ed samstarvi vi\u00f0 Danska \u00cdtr\u00f3ttasambandi\u00f0 fyri venjara\u00fatb\u00fagvingum. Skipanin er \u00e1 4 stigum og \u00cdSF bj\u00f3\u00f0ar venjarum, [&hellip;]<\/p>\n","protected":false},"author":6,"featured_media":0,"parent":1246,"menu_order":0,"comment_status":"open","ping_status":"closed","template":"","meta":{"_acf_changed":false,"_relevanssi_hide_post":"","_relevanssi_hide_content":"","_relevanssi_pin_for_all":"","_relevanssi_pin_keywords":"","_relevanssi_unpin_keywords":"","_relevanssi_related_keywords":"","_relevanssi_related_include_ids":"","_relevanssi_related_exclude_ids":"","_relevanssi_related_no_append":"","_relevanssi_related_not_related":"","_relevanssi_related_posts":"","_relevanssi_noindex_reason":"","inline_featured_image":false,"footnotes":""},"class_list":["post-1312","page","type-page","status-publish","hentry"],"acf":[],"yoast_head":"<!-- This site is optimized with the Yoast SEO plugin v27.3 - https:\/\/yoast.com\/product\/yoast-seo-wordpress\/ -->\n<title>\u00datb\u00fagvingarskipan hj\u00e1 \u00cdSF - \u00cdtr\u00f3ttasamband F\u00f8roya<\/title>\n<meta name=\"robots\" content=\"index, follow, max-snippet:-1, max-image-preview:large, max-video-preview:-1\" \/>\n<link rel=\"canonical\" href=\"https:\/\/isf.fo\/en\/utbugving\/utbugvingarskipan-hja-isf\/\" \/>\n<meta property=\"og:locale\" content=\"en_US\" \/>\n<meta property=\"og:type\" content=\"article\" \/>\n<meta property=\"og:title\" content=\"\u00datb\u00fagvingarskipan hj\u00e1 \u00cdSF - \u00cdtr\u00f3ttasamband F\u00f8roya\" \/>\n<meta property=\"og:description\" content=\"Venjara\u00fatb\u00fagvingar \u00cdtr\u00f3ttasamband F\u00f8roya skipar \u00ed samstarvi vi\u00f0 Danska \u00cdtr\u00f3ttasambandi\u00f0 fyri venjara\u00fatb\u00fagvingum. Skipanin er \u00e1 4 stigum og \u00cdSF bj\u00f3\u00f0ar venjarum, [&hellip;]\" \/>\n<meta property=\"og:url\" content=\"https:\/\/isf.fo\/en\/utbugving\/utbugvingarskipan-hja-isf\/\" \/>\n<meta property=\"og:site_name\" content=\"\u00cdtr\u00f3ttasamband F\u00f8roya\" \/>\n<meta property=\"article:publisher\" content=\"https:\/\/www.facebook.com\/itrottasambandid\" \/>\n<meta property=\"article:modified_time\" content=\"2020-05-27T12:13:03+00:00\" \/>\n<meta property=\"og:image\" content=\"https:\/\/isf.fo\/wp-content\/uploads\/2010\/01\/dif1-300x242.jpeg\" \/>\n<meta name=\"twitter:card\" content=\"summary_large_image\" \/>\n<meta name=\"twitter:label1\" content=\"Est. reading time\" \/>\n\t<meta name=\"twitter:data1\" content=\"2 minutes\" \/>\n<script type=\"application\/ld+json\" class=\"yoast-schema-graph\">{\"@context\":\"https:\\\/\\\/schema.org\",\"@graph\":[{\"@type\":\"WebPage\",\"@id\":\"https:\\\/\\\/isf.fo\\\/utbugving\\\/utbugvingarskipan-hja-isf\\\/\",\"url\":\"https:\\\/\\\/isf.fo\\\/utbugving\\\/utbugvingarskipan-hja-isf\\\/\",\"name\":\"\u00datb\u00fagvingarskipan hj\u00e1 \u00cdSF - \u00cdtr\u00f3ttasamband F\u00f8roya\",\"isPartOf\":{\"@id\":\"https:\\\/\\\/isf.fo\\\/#website\"},\"primaryImageOfPage\":{\"@id\":\"https:\\\/\\\/isf.fo\\\/utbugving\\\/utbugvingarskipan-hja-isf\\\/#primaryimage\"},\"image\":{\"@id\":\"https:\\\/\\\/isf.fo\\\/utbugving\\\/utbugvingarskipan-hja-isf\\\/#primaryimage\"},\"thumbnailUrl\":\"https:\\\/\\\/isf.fo\\\/wp-content\\\/uploads\\\/2010\\\/01\\\/dif1-300x242.jpeg\",\"datePublished\":\"2010-01-18T13:31:36+00:00\",\"dateModified\":\"2020-05-27T12:13:03+00:00\",\"breadcrumb\":{\"@id\":\"https:\\\/\\\/isf.fo\\\/utbugving\\\/utbugvingarskipan-hja-isf\\\/#breadcrumb\"},\"inLanguage\":\"en-US\",\"potentialAction\":[{\"@type\":\"ReadAction\",\"target\":[\"https:\\\/\\\/isf.fo\\\/utbugving\\\/utbugvingarskipan-hja-isf\\\/\"]}]},{\"@type\":\"ImageObject\",\"inLanguage\":\"en-US\",\"@id\":\"https:\\\/\\\/isf.fo\\\/utbugving\\\/utbugvingarskipan-hja-isf\\\/#primaryimage\",\"url\":\"https:\\\/\\\/isf.fo\\\/wp-content\\\/uploads\\\/2010\\\/01\\\/dif1-300x242.jpeg\",\"contentUrl\":\"https:\\\/\\\/isf.fo\\\/wp-content\\\/uploads\\\/2010\\\/01\\\/dif1-300x242.jpeg\"},{\"@type\":\"BreadcrumbList\",\"@id\":\"https:\\\/\\\/isf.fo\\\/utbugving\\\/utbugvingarskipan-hja-isf\\\/#breadcrumb\",\"itemListElement\":[{\"@type\":\"ListItem\",\"position\":1,\"name\":\"Home\",\"item\":\"https:\\\/\\\/isf.fo\\\/\"},{\"@type\":\"ListItem\",\"position\":2,\"name\":\"\u00datb\u00fagving\",\"item\":\"https:\\\/\\\/isf.fo\\\/utbugving\\\/\"},{\"@type\":\"ListItem\",\"position\":3,\"name\":\"\u00datb\u00fagvingarskipan hj\u00e1 \u00cdSF\"}]},{\"@type\":\"WebSite\",\"@id\":\"https:\\\/\\\/isf.fo\\\/#website\",\"url\":\"https:\\\/\\\/isf.fo\\\/\",\"name\":\"\u00cdtr\u00f3ttasamband F\u00f8roya\",\"description\":\"\",\"publisher\":{\"@id\":\"https:\\\/\\\/isf.fo\\\/#organization\"},\"potentialAction\":[{\"@type\":\"SearchAction\",\"target\":{\"@type\":\"EntryPoint\",\"urlTemplate\":\"https:\\\/\\\/isf.fo\\\/?s={search_term_string}\"},\"query-input\":{\"@type\":\"PropertyValueSpecification\",\"valueRequired\":true,\"valueName\":\"search_term_string\"}}],\"inLanguage\":\"en-US\"},{\"@type\":\"Organization\",\"@id\":\"https:\\\/\\\/isf.fo\\\/#organization\",\"name\":\"\u00cdtr\u00f3ttasamband F\u00f8roya\",\"url\":\"https:\\\/\\\/isf.fo\\\/\",\"logo\":{\"@type\":\"ImageObject\",\"inLanguage\":\"en-US\",\"@id\":\"https:\\\/\\\/isf.fo\\\/#\\\/schema\\\/logo\\\/image\\\/\",\"url\":\"https:\\\/\\\/isf.fo\\\/wp-content\\\/uploads\\\/2025\\\/06\\\/ISF_Olympic-Committee-logo.png\",\"contentUrl\":\"https:\\\/\\\/isf.fo\\\/wp-content\\\/uploads\\\/2025\\\/06\\\/ISF_Olympic-Committee-logo.png\",\"width\":618,\"height\":121,\"caption\":\"\u00cdtr\u00f3ttasamband F\u00f8roya\"},\"image\":{\"@id\":\"https:\\\/\\\/isf.fo\\\/#\\\/schema\\\/logo\\\/image\\\/\"},\"sameAs\":[\"https:\\\/\\\/www.facebook.com\\\/itrottasambandid\"]}]}<\/script>\n<!-- \/ Yoast SEO plugin. -->","yoast_head_json":{"title":"\u00datb\u00fagvingarskipan hj\u00e1 \u00cdSF - \u00cdtr\u00f3ttasamband F\u00f8roya","robots":{"index":"index","follow":"follow","max-snippet":"max-snippet:-1","max-image-preview":"max-image-preview:large","max-video-preview":"max-video-preview:-1"},"canonical":"https:\/\/isf.fo\/en\/utbugving\/utbugvingarskipan-hja-isf\/","og_locale":"en_US","og_type":"article","og_title":"\u00datb\u00fagvingarskipan hj\u00e1 \u00cdSF - \u00cdtr\u00f3ttasamband F\u00f8roya","og_description":"Venjara\u00fatb\u00fagvingar \u00cdtr\u00f3ttasamband F\u00f8roya skipar \u00ed samstarvi vi\u00f0 Danska \u00cdtr\u00f3ttasambandi\u00f0 fyri venjara\u00fatb\u00fagvingum. Skipanin er \u00e1 4 stigum og \u00cdSF bj\u00f3\u00f0ar venjarum, [&hellip;]","og_url":"https:\/\/isf.fo\/en\/utbugving\/utbugvingarskipan-hja-isf\/","og_site_name":"\u00cdtr\u00f3ttasamband F\u00f8roya","article_publisher":"https:\/\/www.facebook.com\/itrottasambandid","article_modified_time":"2020-05-27T12:13:03+00:00","og_image":[{"url":"https:\/\/isf.fo\/wp-content\/uploads\/2010\/01\/dif1-300x242.jpeg","type":"","width":"","height":""}],"twitter_card":"summary_large_image","twitter_misc":{"Est. reading time":"2 minutes"},"schema":{"@context":"https:\/\/schema.org","@graph":[{"@type":"WebPage","@id":"https:\/\/isf.fo\/utbugving\/utbugvingarskipan-hja-isf\/","url":"https:\/\/isf.fo\/utbugving\/utbugvingarskipan-hja-isf\/","name":"\u00datb\u00fagvingarskipan hj\u00e1 \u00cdSF - \u00cdtr\u00f3ttasamband F\u00f8roya","isPartOf":{"@id":"https:\/\/isf.fo\/#website"},"primaryImageOfPage":{"@id":"https:\/\/isf.fo\/utbugving\/utbugvingarskipan-hja-isf\/#primaryimage"},"image":{"@id":"https:\/\/isf.fo\/utbugving\/utbugvingarskipan-hja-isf\/#primaryimage"},"thumbnailUrl":"https:\/\/isf.fo\/wp-content\/uploads\/2010\/01\/dif1-300x242.jpeg","datePublished":"2010-01-18T13:31:36+00:00","dateModified":"2020-05-27T12:13:03+00:00","breadcrumb":{"@id":"https:\/\/isf.fo\/utbugving\/utbugvingarskipan-hja-isf\/#breadcrumb"},"inLanguage":"en-US","potentialAction":[{"@type":"ReadAction","target":["https:\/\/isf.fo\/utbugving\/utbugvingarskipan-hja-isf\/"]}]},{"@type":"ImageObject","inLanguage":"en-US","@id":"https:\/\/isf.fo\/utbugving\/utbugvingarskipan-hja-isf\/#primaryimage","url":"https:\/\/isf.fo\/wp-content\/uploads\/2010\/01\/dif1-300x242.jpeg","contentUrl":"https:\/\/isf.fo\/wp-content\/uploads\/2010\/01\/dif1-300x242.jpeg"},{"@type":"BreadcrumbList","@id":"https:\/\/isf.fo\/utbugving\/utbugvingarskipan-hja-isf\/#breadcrumb","itemListElement":[{"@type":"ListItem","position":1,"name":"Home","item":"https:\/\/isf.fo\/"},{"@type":"ListItem","position":2,"name":"\u00datb\u00fagving","item":"https:\/\/isf.fo\/utbugving\/"},{"@type":"ListItem","position":3,"name":"\u00datb\u00fagvingarskipan hj\u00e1 \u00cdSF"}]},{"@type":"WebSite","@id":"https:\/\/isf.fo\/#website","url":"https:\/\/isf.fo\/","name":"\u00cdtr\u00f3ttasamband F\u00f8roya","description":"","publisher":{"@id":"https:\/\/isf.fo\/#organization"},"potentialAction":[{"@type":"SearchAction","target":{"@type":"EntryPoint","urlTemplate":"https:\/\/isf.fo\/?s={search_term_string}"},"query-input":{"@type":"PropertyValueSpecification","valueRequired":true,"valueName":"search_term_string"}}],"inLanguage":"en-US"},{"@type":"Organization","@id":"https:\/\/isf.fo\/#organization","name":"\u00cdtr\u00f3ttasamband F\u00f8roya","url":"https:\/\/isf.fo\/","logo":{"@type":"ImageObject","inLanguage":"en-US","@id":"https:\/\/isf.fo\/#\/schema\/logo\/image\/","url":"https:\/\/isf.fo\/wp-content\/uploads\/2025\/06\/ISF_Olympic-Committee-logo.png","contentUrl":"https:\/\/isf.fo\/wp-content\/uploads\/2025\/06\/ISF_Olympic-Committee-logo.png","width":618,"height":121,"caption":"\u00cdtr\u00f3ttasamband F\u00f8roya"},"image":{"@id":"https:\/\/isf.fo\/#\/schema\/logo\/image\/"},"sameAs":["https:\/\/www.facebook.com\/itrottasambandid"]}]}},"_links":{"self":[{"href":"https:\/\/isf.fo\/en\/wp-json\/wp\/v2\/pages\/1312","targetHints":{"allow":["GET"]}}],"collection":[{"href":"https:\/\/isf.fo\/en\/wp-json\/wp\/v2\/pages"}],"about":[{"href":"https:\/\/isf.fo\/en\/wp-json\/wp\/v2\/types\/page"}],"author":[{"embeddable":true,"href":"https:\/\/isf.fo\/en\/wp-json\/wp\/v2\/users\/6"}],"replies":[{"embeddable":true,"href":"https:\/\/isf.fo\/en\/wp-json\/wp\/v2\/comments?post=1312"}],"version-history":[{"count":4,"href":"https:\/\/isf.fo\/en\/wp-json\/wp\/v2\/pages\/1312\/revisions"}],"predecessor-version":[{"id":7439,"href":"https:\/\/isf.fo\/en\/wp-json\/wp\/v2\/pages\/1312\/revisions\/7439"}],"up":[{"embeddable":true,"href":"https:\/\/isf.fo\/en\/wp-json\/wp\/v2\/pages\/1246"}],"wp:attachment":[{"href":"https:\/\/isf.fo\/en\/wp-json\/wp\/v2\/media?parent=1312"}],"curies":[{"name":"wp","href":"https:\/\/api.w.org\/{rel}","templated":true}]}}