{"id":1318,"date":"2010-01-18T14:37:32","date_gmt":"2010-01-18T13:37:32","guid":{"rendered":"https:\/\/isf.fo\/?page_id=1318"},"modified":"2010-01-18T14:37:32","modified_gmt":"2010-01-18T13:37:32","slug":"stig-1-skei%c3%b0-um-itrott-venjing-og-ska%c3%b0ar","status":"publish","type":"page","link":"https:\/\/isf.fo\/en\/utbugving\/stig-1-skei%c3%b0-um-itrott-venjing-og-ska%c3%b0ar\/","title":{"rendered":"Stig 1: \u00cdtr\u00f3ttur, venjing og ska\u00f0ar"},"content":{"rendered":"<p><strong>Innihald<\/strong><br \/>\nVenjing, hv\u00ed og hvussu, upphiting, anatomi og fysiologi, venjingarprinsippir, undirv\u00edsingarprinsippir, \u00edtr\u00f3ttarska\u00f0ar, trygd og \u00e1byrgd.<\/p>\n<p>Ongin pr\u00f3vt\u00f8ka er, men kravt ver\u00f0ur, at uppm\u00f8tingin er 100%. Eftir loki\u00f0 skei\u00f0 f\u00e6rt t\u00fa eitt lutt\u00f8kubr\u00e6v.<\/p>\n<p>Skei\u00f0i\u00f0 er ein partur av venjara\u00fatb\u00fagvingini hj\u00e1 DIF, Danska \u00cdtr\u00f3ttasambandinum. M\u00f8guleiki er sostatt at byggja v\u00ed\u00f0ari upp\u00e1 skei\u00f0i\u00f0.<\/p>\n<p><strong>M\u00e1lb\u00f3lkur<\/strong><br \/>\nVenjarir, hj\u00e1lparf\u00f3lk, lei\u00f0arar og \u00edtr\u00f3ttarf\u00f3lk.<\/p>\n<p><strong>Hvat f\u00e6rt t\u00fa burtur\u00far <\/strong><br \/>\n\u00c1 skei\u00f0num f\u00e6rt t\u00fa vitan um, hvussu likami\u00f0 virkar, og hvat ein m\u00e1 taka h\u00e6dd fyri \u00ed samband vi\u00f0 venjing. T\u00fa f\u00e6rt grundleggjandi vitan um venjing og fysiologi. Eisini f\u00e6rt t\u00fa vitan um, hvussu ein st\u00f3rur partur av \u00edtr\u00f3ttarska\u00f0um kunnu fyribyrgjast og um t\u00fddningin av r\u00e6ttari upptrening, um ska\u00f0in er hendur.<br \/>\nLuttakararnir l\u00e6ra eisini at gera eina r\u00e6tta RICE-vi\u00f0ger\u00f0.<\/p>\n<p><strong>Lutt\u00f8kukrav:<\/strong><br \/>\nKrav er, at luttakararnir hava luttiki\u00f0 \u00e1 skei\u00f0num \u201c\u00cdtr\u00f3ttur fyri b\u00f8rn og ung\u201d<\/p>\n<p><strong>Lutt\u00f8kugjald <\/strong><br \/>\nKostna\u00f0urin fyri skei\u00f0i er 400 kr. \u00cdrokna\u00f0 er fr\u00e1l\u00e6rutilfar, matur og evt. gisting \u00ed FSF-h\u00fasinum.<\/p>\n<p><strong>Tilmelding<\/strong><br \/>\nTilmelding er ney\u00f0ug, send ein teldupost til <a href=\"mailto:skrivstovan@isf\">skrivstovan@isf<\/a>\u00a0ella \u00e1 tlf. 312606 ella 280706<\/p>\n<p>Meiri f\u00e6st at vita fr\u00e1 \u00cdSF skrivstovuni tlf.: 312606 ella fr\u00e1 Jarvin \u00e1\u00a0telduposti\u00a0<a href=\"mailto:jfh@isf.fo\">jfh@isf.fo<\/a> \u00a0ella \u00e1 tlf.: 280706<\/p>\n<p>T\u00ed\u00f0 og sta\u00f0 fyri n\u00e6sta skei\u00f0 ver\u00f0ur l\u00fdst \u00ed kalendaranum \u00e1 www.isf.fo<\/p>","protected":false},"excerpt":{"rendered":"<p>Innihald Venjing, hv\u00ed og hvussu, upphiting, anatomi og fysiologi, venjingarprinsippir, undirv\u00edsingarprinsippir, \u00edtr\u00f3ttarska\u00f0ar, trygd og \u00e1byrgd. Ongin pr\u00f3vt\u00f8ka er, men kravt [&hellip;]<\/p>\n","protected":false},"author":6,"featured_media":0,"parent":1246,"menu_order":2,"comment_status":"open","ping_status":"open","template":"","meta":{"_acf_changed":false,"_relevanssi_hide_post":"","_relevanssi_hide_content":"","_relevanssi_pin_for_all":"","_relevanssi_pin_keywords":"","_relevanssi_unpin_keywords":"","_relevanssi_related_keywords":"","_relevanssi_related_include_ids":"","_relevanssi_related_exclude_ids":"","_relevanssi_related_no_append":"","_relevanssi_related_not_related":"","_relevanssi_related_posts":"","_relevanssi_noindex_reason":"","inline_featured_image":false,"footnotes":""},"class_list":["post-1318","page","type-page","status-publish","hentry"],"acf":[],"yoast_head":"<!-- This site is optimized with the Yoast SEO plugin v27.3 - https:\/\/yoast.com\/product\/yoast-seo-wordpress\/ -->\n<title>Stig 1: \u00cdtr\u00f3ttur, venjing og ska\u00f0ar - \u00cdtr\u00f3ttasamband F\u00f8roya<\/title>\n<meta name=\"robots\" content=\"index, follow, max-snippet:-1, max-image-preview:large, max-video-preview:-1\" \/>\n<link rel=\"canonical\" href=\"https:\/\/isf.fo\/en\/utbugving\/stig-1-skei\u00f0-um-itrott-venjing-og-ska\u00f0ar\/\" \/>\n<meta property=\"og:locale\" content=\"en_US\" \/>\n<meta property=\"og:type\" content=\"article\" \/>\n<meta property=\"og:title\" content=\"Stig 1: \u00cdtr\u00f3ttur, venjing og ska\u00f0ar - \u00cdtr\u00f3ttasamband F\u00f8roya\" \/>\n<meta property=\"og:description\" content=\"Innihald Venjing, hv\u00ed og hvussu, upphiting, anatomi og fysiologi, venjingarprinsippir, undirv\u00edsingarprinsippir, \u00edtr\u00f3ttarska\u00f0ar, trygd og \u00e1byrgd. Ongin pr\u00f3vt\u00f8ka er, men kravt [&hellip;]\" \/>\n<meta property=\"og:url\" content=\"https:\/\/isf.fo\/en\/utbugving\/stig-1-skei\u00f0-um-itrott-venjing-og-ska\u00f0ar\/\" \/>\n<meta property=\"og:site_name\" content=\"\u00cdtr\u00f3ttasamband F\u00f8roya\" \/>\n<meta property=\"article:publisher\" content=\"https:\/\/www.facebook.com\/itrottasambandid\" \/>\n<meta name=\"twitter:card\" content=\"summary_large_image\" \/>\n<meta name=\"twitter:label1\" content=\"Est. reading time\" \/>\n\t<meta name=\"twitter:data1\" content=\"1 minute\" \/>\n<script type=\"application\/ld+json\" class=\"yoast-schema-graph\">{\"@context\":\"https:\\\/\\\/schema.org\",\"@graph\":[{\"@type\":\"WebPage\",\"@id\":\"https:\\\/\\\/isf.fo\\\/utbugving\\\/stig-1-skei%c3%b0-um-itrott-venjing-og-ska%c3%b0ar\\\/\",\"url\":\"https:\\\/\\\/isf.fo\\\/utbugving\\\/stig-1-skei%c3%b0-um-itrott-venjing-og-ska%c3%b0ar\\\/\",\"name\":\"Stig 1: \u00cdtr\u00f3ttur, venjing og ska\u00f0ar - \u00cdtr\u00f3ttasamband F\u00f8roya\",\"isPartOf\":{\"@id\":\"https:\\\/\\\/isf.fo\\\/#website\"},\"datePublished\":\"2010-01-18T13:37:32+00:00\",\"breadcrumb\":{\"@id\":\"https:\\\/\\\/isf.fo\\\/utbugving\\\/stig-1-skei%c3%b0-um-itrott-venjing-og-ska%c3%b0ar\\\/#breadcrumb\"},\"inLanguage\":\"en-US\",\"potentialAction\":[{\"@type\":\"ReadAction\",\"target\":[\"https:\\\/\\\/isf.fo\\\/utbugving\\\/stig-1-skei%c3%b0-um-itrott-venjing-og-ska%c3%b0ar\\\/\"]}]},{\"@type\":\"BreadcrumbList\",\"@id\":\"https:\\\/\\\/isf.fo\\\/utbugving\\\/stig-1-skei%c3%b0-um-itrott-venjing-og-ska%c3%b0ar\\\/#breadcrumb\",\"itemListElement\":[{\"@type\":\"ListItem\",\"position\":1,\"name\":\"Home\",\"item\":\"https:\\\/\\\/isf.fo\\\/\"},{\"@type\":\"ListItem\",\"position\":2,\"name\":\"\u00datb\u00fagving\",\"item\":\"https:\\\/\\\/isf.fo\\\/utbugving\\\/\"},{\"@type\":\"ListItem\",\"position\":3,\"name\":\"Stig 1: \u00cdtr\u00f3ttur, venjing og ska\u00f0ar\"}]},{\"@type\":\"WebSite\",\"@id\":\"https:\\\/\\\/isf.fo\\\/#website\",\"url\":\"https:\\\/\\\/isf.fo\\\/\",\"name\":\"\u00cdtr\u00f3ttasamband F\u00f8roya\",\"description\":\"\",\"publisher\":{\"@id\":\"https:\\\/\\\/isf.fo\\\/#organization\"},\"potentialAction\":[{\"@type\":\"SearchAction\",\"target\":{\"@type\":\"EntryPoint\",\"urlTemplate\":\"https:\\\/\\\/isf.fo\\\/?s={search_term_string}\"},\"query-input\":{\"@type\":\"PropertyValueSpecification\",\"valueRequired\":true,\"valueName\":\"search_term_string\"}}],\"inLanguage\":\"en-US\"},{\"@type\":\"Organization\",\"@id\":\"https:\\\/\\\/isf.fo\\\/#organization\",\"name\":\"\u00cdtr\u00f3ttasamband F\u00f8roya\",\"url\":\"https:\\\/\\\/isf.fo\\\/\",\"logo\":{\"@type\":\"ImageObject\",\"inLanguage\":\"en-US\",\"@id\":\"https:\\\/\\\/isf.fo\\\/#\\\/schema\\\/logo\\\/image\\\/\",\"url\":\"https:\\\/\\\/isf.fo\\\/wp-content\\\/uploads\\\/2025\\\/06\\\/ISF_Olympic-Committee-logo.png\",\"contentUrl\":\"https:\\\/\\\/isf.fo\\\/wp-content\\\/uploads\\\/2025\\\/06\\\/ISF_Olympic-Committee-logo.png\",\"width\":618,\"height\":121,\"caption\":\"\u00cdtr\u00f3ttasamband F\u00f8roya\"},\"image\":{\"@id\":\"https:\\\/\\\/isf.fo\\\/#\\\/schema\\\/logo\\\/image\\\/\"},\"sameAs\":[\"https:\\\/\\\/www.facebook.com\\\/itrottasambandid\"]}]}<\/script>\n<!-- \/ Yoast SEO plugin. -->","yoast_head_json":{"title":"Stig 1: \u00cdtr\u00f3ttur, venjing og ska\u00f0ar - \u00cdtr\u00f3ttasamband F\u00f8roya","robots":{"index":"index","follow":"follow","max-snippet":"max-snippet:-1","max-image-preview":"max-image-preview:large","max-video-preview":"max-video-preview:-1"},"canonical":"https:\/\/isf.fo\/en\/utbugving\/stig-1-skei\u00f0-um-itrott-venjing-og-ska\u00f0ar\/","og_locale":"en_US","og_type":"article","og_title":"Stig 1: \u00cdtr\u00f3ttur, venjing og ska\u00f0ar - \u00cdtr\u00f3ttasamband F\u00f8roya","og_description":"Innihald Venjing, hv\u00ed og hvussu, upphiting, anatomi og fysiologi, venjingarprinsippir, undirv\u00edsingarprinsippir, \u00edtr\u00f3ttarska\u00f0ar, trygd og \u00e1byrgd. Ongin pr\u00f3vt\u00f8ka er, men kravt [&hellip;]","og_url":"https:\/\/isf.fo\/en\/utbugving\/stig-1-skei\u00f0-um-itrott-venjing-og-ska\u00f0ar\/","og_site_name":"\u00cdtr\u00f3ttasamband F\u00f8roya","article_publisher":"https:\/\/www.facebook.com\/itrottasambandid","twitter_card":"summary_large_image","twitter_misc":{"Est. reading time":"1 minute"},"schema":{"@context":"https:\/\/schema.org","@graph":[{"@type":"WebPage","@id":"https:\/\/isf.fo\/utbugving\/stig-1-skei%c3%b0-um-itrott-venjing-og-ska%c3%b0ar\/","url":"https:\/\/isf.fo\/utbugving\/stig-1-skei%c3%b0-um-itrott-venjing-og-ska%c3%b0ar\/","name":"Stig 1: \u00cdtr\u00f3ttur, venjing og ska\u00f0ar - \u00cdtr\u00f3ttasamband F\u00f8roya","isPartOf":{"@id":"https:\/\/isf.fo\/#website"},"datePublished":"2010-01-18T13:37:32+00:00","breadcrumb":{"@id":"https:\/\/isf.fo\/utbugving\/stig-1-skei%c3%b0-um-itrott-venjing-og-ska%c3%b0ar\/#breadcrumb"},"inLanguage":"en-US","potentialAction":[{"@type":"ReadAction","target":["https:\/\/isf.fo\/utbugving\/stig-1-skei%c3%b0-um-itrott-venjing-og-ska%c3%b0ar\/"]}]},{"@type":"BreadcrumbList","@id":"https:\/\/isf.fo\/utbugving\/stig-1-skei%c3%b0-um-itrott-venjing-og-ska%c3%b0ar\/#breadcrumb","itemListElement":[{"@type":"ListItem","position":1,"name":"Home","item":"https:\/\/isf.fo\/"},{"@type":"ListItem","position":2,"name":"\u00datb\u00fagving","item":"https:\/\/isf.fo\/utbugving\/"},{"@type":"ListItem","position":3,"name":"Stig 1: \u00cdtr\u00f3ttur, venjing og ska\u00f0ar"}]},{"@type":"WebSite","@id":"https:\/\/isf.fo\/#website","url":"https:\/\/isf.fo\/","name":"\u00cdtr\u00f3ttasamband F\u00f8roya","description":"","publisher":{"@id":"https:\/\/isf.fo\/#organization"},"potentialAction":[{"@type":"SearchAction","target":{"@type":"EntryPoint","urlTemplate":"https:\/\/isf.fo\/?s={search_term_string}"},"query-input":{"@type":"PropertyValueSpecification","valueRequired":true,"valueName":"search_term_string"}}],"inLanguage":"en-US"},{"@type":"Organization","@id":"https:\/\/isf.fo\/#organization","name":"\u00cdtr\u00f3ttasamband F\u00f8roya","url":"https:\/\/isf.fo\/","logo":{"@type":"ImageObject","inLanguage":"en-US","@id":"https:\/\/isf.fo\/#\/schema\/logo\/image\/","url":"https:\/\/isf.fo\/wp-content\/uploads\/2025\/06\/ISF_Olympic-Committee-logo.png","contentUrl":"https:\/\/isf.fo\/wp-content\/uploads\/2025\/06\/ISF_Olympic-Committee-logo.png","width":618,"height":121,"caption":"\u00cdtr\u00f3ttasamband F\u00f8roya"},"image":{"@id":"https:\/\/isf.fo\/#\/schema\/logo\/image\/"},"sameAs":["https:\/\/www.facebook.com\/itrottasambandid"]}]}},"_links":{"self":[{"href":"https:\/\/isf.fo\/en\/wp-json\/wp\/v2\/pages\/1318","targetHints":{"allow":["GET"]}}],"collection":[{"href":"https:\/\/isf.fo\/en\/wp-json\/wp\/v2\/pages"}],"about":[{"href":"https:\/\/isf.fo\/en\/wp-json\/wp\/v2\/types\/page"}],"author":[{"embeddable":true,"href":"https:\/\/isf.fo\/en\/wp-json\/wp\/v2\/users\/6"}],"replies":[{"embeddable":true,"href":"https:\/\/isf.fo\/en\/wp-json\/wp\/v2\/comments?post=1318"}],"version-history":[{"count":1,"href":"https:\/\/isf.fo\/en\/wp-json\/wp\/v2\/pages\/1318\/revisions"}],"predecessor-version":[{"id":5322,"href":"https:\/\/isf.fo\/en\/wp-json\/wp\/v2\/pages\/1318\/revisions\/5322"}],"up":[{"embeddable":true,"href":"https:\/\/isf.fo\/en\/wp-json\/wp\/v2\/pages\/1246"}],"wp:attachment":[{"href":"https:\/\/isf.fo\/en\/wp-json\/wp\/v2\/media?parent=1318"}],"curies":[{"name":"wp","href":"https:\/\/api.w.org\/{rel}","templated":true}]}}