{"id":13247,"date":"2025-11-14T11:25:16","date_gmt":"2025-11-14T11:25:16","guid":{"rendered":"https:\/\/isf.fo\/?page_id=13247"},"modified":"2025-12-11T14:40:17","modified_gmt":"2025-12-11T14:40:17","slug":"urvalstaenastur","status":"publish","type":"page","link":"https:\/\/isf.fo\/en\/urvalstaenastur\/","title":{"rendered":"\u00darvalst\u00e6nastur"},"content":{"rendered":"<figure class=\"wp-block-image size-large\"><img decoding=\"async\" width=\"700\" height=\"466\" src=\"https:\/\/isf.fo\/wp-content\/uploads\/2025\/11\/Urvalstaenastur-700x466.avif\" alt=\"\" class=\"wp-image-13249\" srcset=\"https:\/\/isf.fo\/wp-content\/uploads\/2025\/11\/Urvalstaenastur-700x466.avif 700w, https:\/\/isf.fo\/wp-content\/uploads\/2025\/11\/Urvalstaenastur-300x200.avif 300w, https:\/\/isf.fo\/wp-content\/uploads\/2025\/11\/Urvalstaenastur-18x12.avif 18w, https:\/\/isf.fo\/wp-content\/uploads\/2025\/11\/Urvalstaenastur-24x16.avif 24w, https:\/\/isf.fo\/wp-content\/uploads\/2025\/11\/Urvalstaenastur-36x24.avif 36w, https:\/\/isf.fo\/wp-content\/uploads\/2025\/11\/Urvalstaenastur-48x32.avif 48w, https:\/\/isf.fo\/wp-content\/uploads\/2025\/11\/Urvalstaenastur-272x182.avif 272w, https:\/\/isf.fo\/wp-content\/uploads\/2025\/11\/Urvalstaenastur.avif 740w\" sizes=\"(max-width: 700px) 100vw, 700px\" \/><\/figure>\n\n\n\n<div style=\"height:20px\" aria-hidden=\"true\" class=\"wp-block-spacer\"><\/div>\n\n\n\n<p>Lei\u00f0reglur<\/p>\n\n\n\n<h1 class=\"wp-block-heading\"><strong>\u00darvalst\u00e6nastur<\/strong><\/h1>\n\n\n\n<p><strong>\u00darvalst\u00e6nastur<\/strong> hava til endam\u00e1ls at veita dygdarg\u00f3\u00f0an og fakliga grunda\u00f0an stu\u00f0ul til sambond og menningarsambond innan \u00farvals\u00edtr\u00f3tt. Endam\u00e1li\u00f0 er at styrkja menning og avrik hj\u00e1 f\u00f8royskum \u00edtr\u00f3ttaf\u00f3lki, vi\u00f0 at veita teimum&nbsp; f\u00f8randi vitan innan \u00f8kir, i\u00f0 hava beinlei\u00f0is \u00e1virkan \u00e1 \u00edtr\u00f3ttaligu \u00farslitini \u2014 so sum fyribyrging og vi\u00f0ger\u00f0 av ska\u00f0um, kropsliga- og sinnisvenjing, kost og heilsu.<\/p>\n\n\n\n<p><strong>\u00darvalst\u00e6nasturnar fevna um:<\/strong><\/p>\n\n\n\n<p>\u00cdtr\u00f3ttarl\u00e6kna, \u00edtr\u00f3ttarfysioterapi, \u00edtr\u00f3ttars\u00e1larfr\u00f8\u00f0i, kropsliga venjing og kostr\u00e1\u00f0geving.<\/p>\n\n\n\n<p>\u00darvalst\u00e6nasturnar eru \u00e6tla\u00f0ar at stu\u00f0la dagligu menningini av \u00ed\u00f0karum, vi\u00f0 serligum denti \u00e1 ska\u00f0afyribyrging, ska\u00f0avi\u00f0ger\u00f0, kropsliga venjing, sinnisvenjing og kost. T\u00e6nasturnar eru ikki \u00e6tla\u00f0ar til venjingarlegur ella kappingar.<\/p>\n\n\n\n<div style=\"height:60px\" aria-hidden=\"true\" class=\"wp-block-spacer\"><\/div>\n\n\n\n<h2 class=\"wp-block-heading\"><strong>Gjalding og stu\u00f0ul til \u00farvalst\u00e6nastur<\/strong><\/h2>\n\n\n\n<p>\u00darval f\u00edggjar helvtina av kostna\u00f0inum fyri t\u00e6r t\u00e6nastur, sum ver\u00f0a veittar \u00edgj\u00f8gnum skipanina. Hetta merkir, at sambondini sj\u00e1lvi gjalda fyri t\u00e6nasturnar \u00ed fyrstu atl\u00f8gu og kunnu s\u00ed\u00f0an f\u00e1a endurgjald fr\u00e1 \u00darval, so leingi sum j\u00e1ttanin er t\u00f8k. T\u00e1 j\u00e1ttanin er br\u00fakt, kann sambandi\u00f0 framhaldandi gera n\u00fdtslu av t\u00e6nastunum, men uttan r\u00e6tt til endurgjald.<\/p>\n\n\n\n<p><strong>Mannagongd<\/strong><\/p>\n\n\n\n<ul class=\"wp-block-list\">\n<li>Sambandi\u00f0 avtalar og rindar beinlei\u00f0is vi\u00f0 veitara.<\/li>\n\n\n\n<li>Sambandi\u00f0 sendir <strong>uppger\u00f0 <\/strong>til \u00darval fyri endurgjald. Hetta kann gerast hv\u00f8nn kvartal.&nbsp;<\/li>\n\n\n\n<li>\u00darval rindar upp til 50% av kostna\u00f0inum, so leingi sum j\u00e1ttanin er t\u00f8k.<\/li>\n\n\n\n<li>\u00datrei\u00f0slur til \u00farvalst\u00e6nastur skulu s\u00edggjast aftur \u00ed <strong>\u00farvalsrokniskapinum hj\u00e1 sambandinum<\/strong>.<\/li>\n<\/ul>\n\n\n\n<p><strong>J\u00e1ttan, i\u00f0 ikki ver\u00f0ur br\u00fakt, fellur burtur vi\u00f0 \u00e1rsenda<\/strong> og ver\u00f0ur l\u00f8gd aftur \u00ed felags puljuna fyri eftirfylgjandi \u00e1r.<\/p>\n\n\n\n<p>T\u00e1 j\u00e1ttanin er uppi, ver\u00f0ur hetta fr\u00e1bo\u00f0a\u00f0, og endurgjald f\u00e6st ikki fyri t\u00e6nastur eftir ta\u00f0.<\/p>\n\n\n\n<div style=\"height:60px\" aria-hidden=\"true\" class=\"wp-block-spacer\"><\/div>\n\n\n\n<h2 class=\"wp-block-heading\"><strong>Ra\u00f0festing<\/strong><\/h2>\n\n\n\n<p>\u00darvals\u00edtr\u00f3ttarf\u00f3lk hj\u00e1 sambondum, sum f\u00e1a stu\u00f0ul fr\u00e1 \u00darval, hava fyrstu ra\u00f0festing til hesar t\u00e6nastur, hetta eru A-landsli\u00f0 ella bestu einstaklingar \u00ed eini \u00edtr\u00f3ttagrein.<\/p>\n\n\n\n<p>\u00cdtr\u00f3ttarf\u00f3lk, sum ikki eru partur av \u00darval, kunnu eisini br\u00faka t\u00e6nasturnar \u2013 t\u00f3 uttan nakran stu\u00f0ul fr\u00e1 \u00darval.&nbsp;<\/p>\n\n\n\n<div style=\"height:60px\" aria-hidden=\"true\" class=\"wp-block-spacer\"><\/div>\n\n\n\n<h2 class=\"wp-block-heading\"><strong>Serfr\u00f8\u00f0ingatoymi\u00f0<\/strong><\/h2>\n\n\n\n<p>Serfr\u00f8\u00f0ingatoymi\u00f0 hj\u00e1 \u00darval fevnir um n\u00f8kur av mest royndu og fakliga f\u00f8randi serfr\u00f8\u00f0ingunum innan \u00edtr\u00f3ttarfysioterapi, \u00edtr\u00f3ttal\u00e6knafr\u00f8\u00f0i, kostr\u00e1\u00f0geving, sinnisvenjing og kropsliga venjing. Hetta toymi\u00f0 er sett saman fyri at tryggja \u00farvals\u00edtr\u00f3ttaf\u00f3lkum dygdarg\u00f3\u00f0an, samanhangandi og fakliga grunda\u00f0an stu\u00f0ul. Ta\u00f0 ver\u00f0ur m\u00e6lt til, at sambond og \u00ed\u00f0karar &#8211; \u00ed mest m\u00f8guligan mun &#8211; n\u00fdta teir mest royndu og kompetentu serfr\u00f8\u00f0ingarnar, solei\u00f0is at vit tryggja best m\u00f8gulig \u00farslit og h\u00e6gsta fakliga stig \u00ed arbei\u00f0inum.<\/p>\n\n\n\n<p>Um eitt samband heldur, at listin ikki fevnir um allar vi\u00f0komandi t\u00e6nastur ella serfr\u00f8\u00f0ingar, kann ta\u00f0 senda inn eitt uppskot um at f\u00e1a vi\u00f0komandi pers\u00f3nar ella t\u00e6nastur lagdar afturat listanum. Serfr\u00f8\u00f0ingar eru eisini v\u00e6lkomnir at s\u00f8kja um at koma \u00e1 listan. Hetta skal sendast til \u00farvalssamskiparan \u00e1 signar@isf.fo.<strong><br><\/strong><\/p>\n\n\n\n<div style=\"height:40px\" aria-hidden=\"true\" class=\"wp-block-spacer\"><\/div>\n\n\n\n<h3 class=\"wp-block-heading\"><strong>\u00cdtr\u00f3ttafysioterapi og kropslig vi\u00f0ger\u00f0<\/strong><\/h3>\n\n\n\n<ul class=\"wp-block-list\">\n<li><strong>Bjartur Thomsen<\/strong>\n<ul class=\"wp-block-list\">\n<li>Autorisera\u00f0ur fysioterapeutur, kropslig venjing og testing<strong>. <\/strong>B\u00fasitandi \u00ed Aalborg, har hann lesur kandidat \u00ed muskuloskeletal fysioterapi; serfr\u00f8\u00f0ingur \u00ed \u00edtr\u00f3ttafysioterapi, styrkivenjing, endurvenjing og performance-r\u00e1\u00f0geving til \u00farvals- og ungd\u00f3msleikarar.<\/li>\n\n\n\n<li>bjartur(kurla)nb.fo<\/li>\n<\/ul>\n<\/li>\n<\/ul>\n\n\n\n<ul class=\"wp-block-list\">\n<li><strong>Brian Fossabr\u00fagv<\/strong>\n<ul class=\"wp-block-list\">\n<li>Autorisera\u00f0ur og royndur fysioterapeutur vi\u00f0 22 \u00e1ra starvsroyndum innan \u00edtr\u00f3ttarfysioterapi, serligur innan kn\u00e6ska\u00f0ar, vi\u00f0 brei\u00f0ari roynd \u00ed vi\u00f0ger\u00f0, endurvenjing og fyribyrging hj\u00e1 \u00ed\u00f0karum \u00far hondb\u00f3lti, f\u00f3tb\u00f3lti, fr\u00e6lsum \u00edtr\u00f3tti og \u00f8\u00f0rum greinum.<\/li>\n\n\n\n<li>brian(kurla)fysio.fo<\/li>\n<\/ul>\n<\/li>\n<\/ul>\n\n\n\n<ul class=\"wp-block-list\">\n<li><strong>J\u00f3an Magnus Lamhauge Dalb\u00f8<\/strong>\n<ul class=\"wp-block-list\">\n<li>Autorisera\u00f0ur fysioterapeutur og parteigari \u00ed Havnar Fysioterapi vi\u00f0 sergrein innan \u00edtr\u00f3ttarfysioterapi, kn\u00e6-, aksla-, mjadna- og \u00f8klaska\u00f0ar, vi\u00f0ger\u00f0 samb\u00e6rt MDT og GLAD, og brei\u00f0um royndum fr\u00e1 f\u00f8royskum \u00farvals\u00edtr\u00f3tti.<\/li>\n\n\n\n<li>joanmagnus(kurla)fysioterapi.fo<\/li>\n<\/ul>\n<\/li>\n<\/ul>\n\n\n\n<ul class=\"wp-block-list\">\n<li><strong>J\u00f3han E. Heimustovu<\/strong>\n<ul class=\"wp-block-list\">\n<li>Autorisera\u00f0ur fysioterapeutur og master \u00ed sport science vi\u00f0 sergrein innan \u00edtr\u00f3ttarfysioterapi, endurvenjing og performance-optimering, vi\u00f0 royndum sum venjari og fysioterapeutur hj\u00e1 \u00farvals\u00edtr\u00f3ttarf\u00f3lki og li\u00f0um \u00ed F\u00f8royum.<\/li>\n\n\n\n<li>johan(kurla)fysioklinikk.fo<\/li>\n<\/ul>\n<\/li>\n<\/ul>\n\n\n\n<ul class=\"wp-block-list\">\n<li><strong>Kl\u00e6mint Isaksen<\/strong>\n<ul class=\"wp-block-list\">\n<li>Autorisera\u00f0ur fysioterapeutur, Dip.MDT og Cert. Clinician, vi\u00f0 dr\u00fagvum royndum innan muskuloskeletal og \u00edtr\u00f3ttarfysioterapi, serliga \u00ed \u00fatgreinan, vi\u00f0ger\u00f0 og endurvenjing av samansettum \u00edtr\u00f3ttarska\u00f0um hj\u00e1 \u00farvals\u00ed\u00f0karum.<\/li>\n\n\n\n<li>klaemint(kurla)fysioterapi.fo<\/li>\n<\/ul>\n<\/li>\n<\/ul>\n\n\n\n<ul class=\"wp-block-list\">\n<li><strong>Niklas Reginsson<\/strong>\n<ul class=\"wp-block-list\">\n<li>Autorisera\u00f0ur fysioterapeutur og lei\u00f0ari \u00e1 NB Fysioterapi vi\u00f0 sergrein innan \u00edtr\u00f3ttarfysioterapi, \u00fatgreining, vi\u00f0ger\u00f0 og endurvenjing av \u00edtr\u00f3ttarska\u00f0um, vi\u00f0 brei\u00f0um royndum fr\u00e1 f\u00f8royskum \u00farvals\u00edtr\u00f3tti.<\/li>\n\n\n\n<li>niklas(kurla)nb.fo<\/li>\n<\/ul>\n<\/li>\n<\/ul>\n\n\n\n<ul class=\"wp-block-list\">\n<li><strong>Durita Rouch<\/strong>\n<ul class=\"wp-block-list\">\n<li>Autorisera\u00f0ur fysioterapeutur vi\u00f0 bachelor \u00ed heilsuv\u00edsindum og \u00fatb\u00fagving fr\u00e1 Fysioterapeutsk\u00falanum \u00ed Keypmannahavn, vi\u00f0 meira enn 20 \u00e1ra royndum innan \u00farvals\u00edtr\u00f3tt, diagnostisering, manuellari vi\u00f0ger\u00f0 og endurvenjing av \u00edtr\u00f3ttarska\u00f0um.<\/li>\n\n\n\n<li>drouch1(kurla)hotmail.com<\/li>\n<\/ul>\n<\/li>\n<\/ul>\n\n\n\n<ul class=\"wp-block-list\">\n<li><strong>Karina Ottosen<\/strong>\n<ul class=\"wp-block-list\">\n<li>Autorisera\u00f0ur fysioterapeutur og master \u00ed osteopati. Bj\u00f3\u00f0ar manuella vi\u00f0ger\u00f0 til fysiskar \u00fatfordringar ella sum fyribyrging. Karina hevur royndir sum \u00farvals\u00ed\u00f0kari \u00ed triathlon og hevur n\u00fa s\u00edtt virksemi \u00e1 privatklinikk \u00e1 Frederiksberg.<\/li>\n\n\n\n<li>karina.ottosen(kurla)gmail.com<\/li>\n<\/ul>\n<\/li>\n<\/ul>\n\n\n\n<ul class=\"wp-block-list\">\n<li><strong>Hildur Enni<\/strong>\n<ul class=\"wp-block-list\">\n<li>Autorisera\u00f0ur fysioterapeutur og master \u00ed osteopati. Bj\u00f3\u00f0ar manuella vi\u00f0ger\u00f0 til fysiskar \u00fatfordringar ella sum fyribyrging. Hildur er eigari av &#8220;ernast &#8211; fysioterapi og osteopati&#8221; og hevur royndir vi\u00f0 at arbei\u00f0a vi\u00f0 \u00edtr\u00f3ttaf\u00f3lki\u00f0. <\/li>\n\n\n\n<li>ernast(kurla)ernast.fo<\/li>\n<\/ul>\n<\/li>\n<\/ul>\n\n\n\n<h3 class=\"wp-block-heading\"><strong>\u00cdtr\u00f3ttal\u00e6knar<\/strong><\/h3>\n\n\n\n<ul class=\"wp-block-list\">\n<li><strong>J\u00f3n Clementsen<\/strong>\n<ul class=\"wp-block-list\">\n<li>Serl\u00e6kni \u00ed ortopedkirurgi vi\u00f0 sergrein innan \u00edtr\u00f3ttarska\u00f0ar og artroskopiska kirurgi, diploml\u00e6kni \u00ed \u00edtr\u00f3ttamedicin og fyrrver\u00f0andi l\u00e6kni hj\u00e1 A-landsli\u00f0num hj\u00e1 monnum \u00ed f\u00f3tb\u00f3lti.<\/li>\n\n\n\n<li>jonclementsen(kurla)gmail.com<\/li>\n<\/ul>\n<\/li>\n<\/ul>\n\n\n\n<ul class=\"wp-block-list\">\n<li><strong>Katrin Rubek Nielsen<\/strong>\n<ul class=\"wp-block-list\">\n<li>Serl\u00e6kni \u00ed almen medicin og diploml\u00e6kni \u00ed \u00edtr\u00f3ttamedicin, autorisera\u00f0ur fysioterapeutur, vi\u00f0 brei\u00f0um fakligum grundarlagi og dr\u00fagvum royndum innan \u00fatgreining og vi\u00f0ger\u00f0 av \u00edtr\u00f3ttarska\u00f0um.<\/li>\n\n\n\n<li>katrin(kurla)doktorrubek.fo<\/li>\n<\/ul>\n<\/li>\n<\/ul>\n\n\n\n<div style=\"height:40px\" aria-hidden=\"true\" class=\"wp-block-spacer\"><\/div>\n\n\n\n<h3 class=\"wp-block-heading\"><strong>Sinnisvenjing<\/strong><\/h3>\n\n\n\n<ul class=\"wp-block-list\">\n<li><strong>Jens \u00e1 Skipag\u00f8tu<\/strong>\n<ul class=\"wp-block-list\">\n<li>Mentalur venjari og kognitivur s\u00e1larheilsur\u00e1\u00f0gevi, i\u00f0 bj\u00f3\u00f0ar framl\u00f8gur, undirv\u00edsing, verkstovur og einstaklingasamr\u00f8\u00f0ur til \u00edtr\u00f3ttarf\u00f3lk, li\u00f0 og venjarar.<\/li>\n\n\n\n<li>jens(kurla)hsf.fo<\/li>\n<\/ul>\n<\/li>\n<\/ul>\n\n\n\n<ul class=\"wp-block-list\">\n<li><strong>Ey\u00f0v\u00f8r Klakstein<\/strong>\n<ul class=\"wp-block-list\">\n<li>S\u00e1larfr\u00f8\u00f0iligur r\u00e1\u00f0gevi, vi\u00f0 sergrein innan \u00edtr\u00f3ttars\u00e1larfr\u00f8\u00f0i, i\u00f0 bj\u00f3\u00f0ar framl\u00f8gur, undirv\u00edsing, verkstovur og einstaklingasamr\u00f8\u00f0ur til \u00edtr\u00f3ttarf\u00f3lk, li\u00f0 og venjarar.<\/li>\n\n\n\n<li>info(kurla)mente.fo<\/li>\n<\/ul>\n<\/li>\n<\/ul>\n\n\n\n<ul class=\"wp-block-list\">\n<li><strong>Kristian Eli Andersen<\/strong>\n<ul class=\"wp-block-list\">\n<li>Autorisera\u00f0ur kliniskur s\u00e1larfr\u00f8\u00f0ingur vi\u00f0 sergrein \u00ed kognitivari, metakognitivari og ACT-terapi, vi\u00f0 dr\u00fagvum royndum innan avrikss\u00e1larfr\u00f8\u00f0i, mentalari venjing og r\u00e1\u00f0geving til \u00farvals\u00edtr\u00f3ttarf\u00f3lk, li\u00f0 og venjarar.<\/li>\n\n\n\n<li>kristian(kurla)metakognitiv.fo<\/li>\n<\/ul>\n<\/li>\n<\/ul>\n\n\n\n<div style=\"height:40px\" aria-hidden=\"true\" class=\"wp-block-spacer\"><\/div>\n\n\n\n<h3 class=\"wp-block-heading\"><strong>Kropslig venjing<\/strong><\/h3>\n\n\n\n<ul class=\"wp-block-list\">\n<li><strong>P\u00f3l Hendrikkur Andreasen<\/strong>\n<ul class=\"wp-block-list\">\n<li>Fysiskur venjari vi\u00f0 bachelor innan sports rehabilitering, vi\u00f0 sergrein \u00ed styrki-, endurvenjingar- og performancevenjing til \u00edtr\u00f3ttarf\u00f3lk.<\/li>\n\n\n\n<li>ph(kurla)hsf.fo<\/li>\n<\/ul>\n<\/li>\n<\/ul>\n\n\n\n<ul class=\"wp-block-list\">\n<li><strong>Toni Dam<\/strong>\n<ul class=\"wp-block-list\">\n<li>Fysiskur venjari og autorisera\u00f0ur kostr\u00e1\u00f0gevi, EuropeActive-g\u00f3\u00f0kendur (EREPS 4) pers\u00f3nligur venjari og fitnessinstrukt\u00f8r, vi\u00f0 sergrein innan styrkivenjing, r\u00f3gving og heilsumenning hj\u00e1 einstaklingum og \u00ed\u00f0karum.<\/li>\n\n\n\n<li>post(kurla)toni.fo<\/li>\n<\/ul>\n<\/li>\n<\/ul>\n\n\n\n<ul class=\"wp-block-list\">\n<li><strong>S\u00f8lv\u00e1 Jansd\u00f3ttir Joensen<\/strong>\n<ul class=\"wp-block-list\">\n<li>Yrkisbachelor \u00ed f\u00f8\u00f0slu og heilsu, Pers\u00f3nligur venjari og vana- og ov\u00e1tsveglei\u00f0ari, sergrein \u00ed sportsern\u00e6ring og heilsuvanum hj\u00e1 \u00edtr\u00f3ttarf\u00f3lki og li\u00f0um.<\/li>\n\n\n\n<li>solva(kurla)solva.fo<\/li>\n<\/ul>\n<\/li>\n<\/ul>\n\n\n\n<div style=\"height:40px\" aria-hidden=\"true\" class=\"wp-block-spacer\"><\/div>\n\n\n\n<h3 class=\"wp-block-heading\"><strong>Kostr\u00e1\u00f0geving<\/strong><\/h3>\n\n\n\n<ul class=\"wp-block-list\">\n<li><strong>Toni Dam<\/strong>\n<ul class=\"wp-block-list\">\n<li>Fysiskur venjari og autorisera\u00f0ur kostr\u00e1\u00f0gevi, EuropeActive-g\u00f3\u00f0kendur (EREPS 4) pers\u00f3nligur venjari og fitnessinstrukt\u00f8r, vi\u00f0 sergrein innan styrkivenjing, r\u00f3gving og heilsumenning hj\u00e1 einstaklingum og \u00ed\u00f0karum.<\/li>\n\n\n\n<li>post(kurla)toni.fo<\/li>\n<\/ul>\n<\/li>\n<\/ul>\n\n\n\n<ul class=\"wp-block-list\">\n<li><strong>S\u00f8lv\u00e1 Jansd\u00f3ttir Joensen<\/strong>\n<ul class=\"wp-block-list\">\n<li>Yrkisbachelor \u00ed f\u00f8\u00f0slu og heilsu, Pers\u00f3nligur venjari og vana- og ov\u00e1tsveglei\u00f0ari, sergrein \u00ed sportsern\u00e6ring og heilsuvanum hj\u00e1 \u00edtr\u00f3ttarf\u00f3lki og li\u00f0um.<\/li>\n\n\n\n<li>solva(kurla)solva.fo<\/li>\n<\/ul>\n<\/li>\n<\/ul>\n\n\n\n<div style=\"height:100px\" aria-hidden=\"true\" class=\"wp-block-spacer\"><\/div>\n\n\n\n<p>*Teldupostadressur hj\u00e1 veitarum eru skriva\u00f0ar vi\u00f0 (kurla) \u00ed sta\u00f0in fyri (@), hetta fyri at for\u00f0a sj\u00e1lvvirkandi innsavnan av uppl\u00fdsingum \u00e1 netinum.<\/p>\n\n\n\n<p><strong>Fyri n\u00e6rri veglei\u00f0ing ella spurningar, seti\u00f0 tykkum \u00ed samband vi\u00f0 \u00farvalssamskiparan \u00e1 <\/strong><a href=\"mailto:signar@isf.fo\"><strong>signar@isf.fo<\/strong><\/a><strong>.<\/strong><\/p>\n\n\n\n<p><\/p>","protected":false},"excerpt":{"rendered":"<p>Lei\u00f0reglur \u00darvalst\u00e6nastur \u00darvalst\u00e6nastur hava til endam\u00e1ls at veita dygdarg\u00f3\u00f0an og fakliga grunda\u00f0an stu\u00f0ul til sambond og menningarsambond innan \u00farvals\u00edtr\u00f3tt. Endam\u00e1li\u00f0 [&hellip;]<\/p>\n","protected":false},"author":17,"featured_media":0,"parent":0,"menu_order":0,"comment_status":"closed","ping_status":"closed","template":"","meta":{"_acf_changed":false,"_relevanssi_hide_post":"","_relevanssi_hide_content":"","_relevanssi_pin_for_all":"","_relevanssi_pin_keywords":"","_relevanssi_unpin_keywords":"","_relevanssi_related_keywords":"","_relevanssi_related_include_ids":"","_relevanssi_related_exclude_ids":"","_relevanssi_related_no_append":"","_relevanssi_related_not_related":"","_relevanssi_related_posts":"","_relevanssi_noindex_reason":"","inline_featured_image":false,"footnotes":""},"class_list":["post-13247","page","type-page","status-publish","hentry"],"acf":[],"yoast_head":"<!-- This site is optimized with the Yoast SEO plugin v27.5 - https:\/\/yoast.com\/product\/yoast-seo-wordpress\/ -->\n<title>\u00darvalst\u00e6nastur - \u00cdtr\u00f3ttasamband F\u00f8roya<\/title>\n<meta name=\"description\" content=\"\u00darvalst\u00e6nastur veita fakliga grunda\u00f0an stu\u00f0ul til \u00farvals\u00edtr\u00f3tt \u00ed F\u00f8royum \u2013 innan fysioterapi, \u00edtr\u00f3ttal\u00e6kna, s\u00e1larfr\u00f8\u00f0i, venjing og kost.\" \/>\n<meta name=\"robots\" content=\"index, follow, max-snippet:-1, max-image-preview:large, max-video-preview:-1\" \/>\n<link rel=\"canonical\" href=\"https:\/\/isf.fo\/en\/urvalstaenastur\/\" \/>\n<meta property=\"og:locale\" content=\"en_US\" \/>\n<meta property=\"og:type\" content=\"article\" \/>\n<meta property=\"og:title\" content=\"\u00darvalst\u00e6nastur - \u00cdtr\u00f3ttasamband F\u00f8roya\" \/>\n<meta property=\"og:description\" content=\"\u00darvalst\u00e6nastur veita fakliga grunda\u00f0an stu\u00f0ul til \u00farvals\u00edtr\u00f3tt \u00ed F\u00f8royum \u2013 innan fysioterapi, \u00edtr\u00f3ttal\u00e6kna, s\u00e1larfr\u00f8\u00f0i, venjing og kost.\" \/>\n<meta property=\"og:url\" content=\"https:\/\/isf.fo\/en\/urvalstaenastur\/\" \/>\n<meta property=\"og:site_name\" content=\"\u00cdtr\u00f3ttasamband F\u00f8roya\" \/>\n<meta property=\"article:publisher\" content=\"https:\/\/www.facebook.com\/itrottasambandid\" \/>\n<meta property=\"article:modified_time\" content=\"2025-12-11T14:40:17+00:00\" \/>\n<meta name=\"twitter:card\" content=\"summary_large_image\" \/>\n<meta name=\"twitter:label1\" content=\"Est. reading time\" \/>\n\t<meta name=\"twitter:data1\" content=\"6 minutes\" \/>\n<script type=\"application\/ld+json\" class=\"yoast-schema-graph\">{\"@context\":\"https:\\\/\\\/schema.org\",\"@graph\":[{\"@type\":\"WebPage\",\"@id\":\"https:\\\/\\\/isf.fo\\\/urvalstaenastur\\\/\",\"url\":\"https:\\\/\\\/isf.fo\\\/urvalstaenastur\\\/\",\"name\":\"\u00darvalst\u00e6nastur - \u00cdtr\u00f3ttasamband F\u00f8roya\",\"isPartOf\":{\"@id\":\"https:\\\/\\\/isf.fo\\\/#website\"},\"primaryImageOfPage\":{\"@id\":\"https:\\\/\\\/isf.fo\\\/urvalstaenastur\\\/#primaryimage\"},\"image\":{\"@id\":\"https:\\\/\\\/isf.fo\\\/urvalstaenastur\\\/#primaryimage\"},\"thumbnailUrl\":\"https:\\\/\\\/isf.fo\\\/wp-content\\\/uploads\\\/2025\\\/11\\\/Urvalstaenastur-700x466.avif\",\"datePublished\":\"2025-11-14T11:25:16+00:00\",\"dateModified\":\"2025-12-11T14:40:17+00:00\",\"description\":\"\u00darvalst\u00e6nastur veita fakliga grunda\u00f0an stu\u00f0ul til \u00farvals\u00edtr\u00f3tt \u00ed F\u00f8royum \u2013 innan fysioterapi, \u00edtr\u00f3ttal\u00e6kna, s\u00e1larfr\u00f8\u00f0i, venjing og kost.\",\"breadcrumb\":{\"@id\":\"https:\\\/\\\/isf.fo\\\/urvalstaenastur\\\/#breadcrumb\"},\"inLanguage\":\"en-US\",\"potentialAction\":[{\"@type\":\"ReadAction\",\"target\":[\"https:\\\/\\\/isf.fo\\\/urvalstaenastur\\\/\"]}]},{\"@type\":\"ImageObject\",\"inLanguage\":\"en-US\",\"@id\":\"https:\\\/\\\/isf.fo\\\/urvalstaenastur\\\/#primaryimage\",\"url\":\"https:\\\/\\\/isf.fo\\\/wp-content\\\/uploads\\\/2025\\\/11\\\/Urvalstaenastur-700x466.avif\",\"contentUrl\":\"https:\\\/\\\/isf.fo\\\/wp-content\\\/uploads\\\/2025\\\/11\\\/Urvalstaenastur-700x466.avif\"},{\"@type\":\"BreadcrumbList\",\"@id\":\"https:\\\/\\\/isf.fo\\\/urvalstaenastur\\\/#breadcrumb\",\"itemListElement\":[{\"@type\":\"ListItem\",\"position\":1,\"name\":\"Home\",\"item\":\"https:\\\/\\\/isf.fo\\\/\"},{\"@type\":\"ListItem\",\"position\":2,\"name\":\"\u00darvalst\u00e6nastur\"}]},{\"@type\":\"WebSite\",\"@id\":\"https:\\\/\\\/isf.fo\\\/#website\",\"url\":\"https:\\\/\\\/isf.fo\\\/\",\"name\":\"\u00cdtr\u00f3ttasamband F\u00f8roya\",\"description\":\"\",\"publisher\":{\"@id\":\"https:\\\/\\\/isf.fo\\\/#organization\"},\"potentialAction\":[{\"@type\":\"SearchAction\",\"target\":{\"@type\":\"EntryPoint\",\"urlTemplate\":\"https:\\\/\\\/isf.fo\\\/?s={search_term_string}\"},\"query-input\":{\"@type\":\"PropertyValueSpecification\",\"valueRequired\":true,\"valueName\":\"search_term_string\"}}],\"inLanguage\":\"en-US\"},{\"@type\":\"Organization\",\"@id\":\"https:\\\/\\\/isf.fo\\\/#organization\",\"name\":\"\u00cdtr\u00f3ttasamband F\u00f8roya\",\"url\":\"https:\\\/\\\/isf.fo\\\/\",\"logo\":{\"@type\":\"ImageObject\",\"inLanguage\":\"en-US\",\"@id\":\"https:\\\/\\\/isf.fo\\\/#\\\/schema\\\/logo\\\/image\\\/\",\"url\":\"https:\\\/\\\/isf.fo\\\/wp-content\\\/uploads\\\/2025\\\/06\\\/ISF_Olympic-Committee-logo.png\",\"contentUrl\":\"https:\\\/\\\/isf.fo\\\/wp-content\\\/uploads\\\/2025\\\/06\\\/ISF_Olympic-Committee-logo.png\",\"width\":618,\"height\":121,\"caption\":\"\u00cdtr\u00f3ttasamband F\u00f8roya\"},\"image\":{\"@id\":\"https:\\\/\\\/isf.fo\\\/#\\\/schema\\\/logo\\\/image\\\/\"},\"sameAs\":[\"https:\\\/\\\/www.facebook.com\\\/itrottasambandid\"]}]}<\/script>\n<!-- \/ Yoast SEO plugin. -->","yoast_head_json":{"title":"\u00darvalst\u00e6nastur - \u00cdtr\u00f3ttasamband F\u00f8roya","description":"\u00darvalst\u00e6nastur veita fakliga grunda\u00f0an stu\u00f0ul til \u00farvals\u00edtr\u00f3tt \u00ed F\u00f8royum \u2013 innan fysioterapi, \u00edtr\u00f3ttal\u00e6kna, s\u00e1larfr\u00f8\u00f0i, venjing og kost.","robots":{"index":"index","follow":"follow","max-snippet":"max-snippet:-1","max-image-preview":"max-image-preview:large","max-video-preview":"max-video-preview:-1"},"canonical":"https:\/\/isf.fo\/en\/urvalstaenastur\/","og_locale":"en_US","og_type":"article","og_title":"\u00darvalst\u00e6nastur - \u00cdtr\u00f3ttasamband F\u00f8roya","og_description":"\u00darvalst\u00e6nastur veita fakliga grunda\u00f0an stu\u00f0ul til \u00farvals\u00edtr\u00f3tt \u00ed F\u00f8royum \u2013 innan fysioterapi, \u00edtr\u00f3ttal\u00e6kna, s\u00e1larfr\u00f8\u00f0i, venjing og kost.","og_url":"https:\/\/isf.fo\/en\/urvalstaenastur\/","og_site_name":"\u00cdtr\u00f3ttasamband F\u00f8roya","article_publisher":"https:\/\/www.facebook.com\/itrottasambandid","article_modified_time":"2025-12-11T14:40:17+00:00","twitter_card":"summary_large_image","twitter_misc":{"Est. reading time":"6 minutes"},"schema":{"@context":"https:\/\/schema.org","@graph":[{"@type":"WebPage","@id":"https:\/\/isf.fo\/urvalstaenastur\/","url":"https:\/\/isf.fo\/urvalstaenastur\/","name":"\u00darvalst\u00e6nastur - \u00cdtr\u00f3ttasamband F\u00f8roya","isPartOf":{"@id":"https:\/\/isf.fo\/#website"},"primaryImageOfPage":{"@id":"https:\/\/isf.fo\/urvalstaenastur\/#primaryimage"},"image":{"@id":"https:\/\/isf.fo\/urvalstaenastur\/#primaryimage"},"thumbnailUrl":"https:\/\/isf.fo\/wp-content\/uploads\/2025\/11\/Urvalstaenastur-700x466.avif","datePublished":"2025-11-14T11:25:16+00:00","dateModified":"2025-12-11T14:40:17+00:00","description":"\u00darvalst\u00e6nastur veita fakliga grunda\u00f0an stu\u00f0ul til \u00farvals\u00edtr\u00f3tt \u00ed F\u00f8royum \u2013 innan fysioterapi, \u00edtr\u00f3ttal\u00e6kna, s\u00e1larfr\u00f8\u00f0i, venjing og kost.","breadcrumb":{"@id":"https:\/\/isf.fo\/urvalstaenastur\/#breadcrumb"},"inLanguage":"en-US","potentialAction":[{"@type":"ReadAction","target":["https:\/\/isf.fo\/urvalstaenastur\/"]}]},{"@type":"ImageObject","inLanguage":"en-US","@id":"https:\/\/isf.fo\/urvalstaenastur\/#primaryimage","url":"https:\/\/isf.fo\/wp-content\/uploads\/2025\/11\/Urvalstaenastur-700x466.avif","contentUrl":"https:\/\/isf.fo\/wp-content\/uploads\/2025\/11\/Urvalstaenastur-700x466.avif"},{"@type":"BreadcrumbList","@id":"https:\/\/isf.fo\/urvalstaenastur\/#breadcrumb","itemListElement":[{"@type":"ListItem","position":1,"name":"Home","item":"https:\/\/isf.fo\/"},{"@type":"ListItem","position":2,"name":"\u00darvalst\u00e6nastur"}]},{"@type":"WebSite","@id":"https:\/\/isf.fo\/#website","url":"https:\/\/isf.fo\/","name":"\u00cdtr\u00f3ttasamband F\u00f8roya","description":"","publisher":{"@id":"https:\/\/isf.fo\/#organization"},"potentialAction":[{"@type":"SearchAction","target":{"@type":"EntryPoint","urlTemplate":"https:\/\/isf.fo\/?s={search_term_string}"},"query-input":{"@type":"PropertyValueSpecification","valueRequired":true,"valueName":"search_term_string"}}],"inLanguage":"en-US"},{"@type":"Organization","@id":"https:\/\/isf.fo\/#organization","name":"\u00cdtr\u00f3ttasamband F\u00f8roya","url":"https:\/\/isf.fo\/","logo":{"@type":"ImageObject","inLanguage":"en-US","@id":"https:\/\/isf.fo\/#\/schema\/logo\/image\/","url":"https:\/\/isf.fo\/wp-content\/uploads\/2025\/06\/ISF_Olympic-Committee-logo.png","contentUrl":"https:\/\/isf.fo\/wp-content\/uploads\/2025\/06\/ISF_Olympic-Committee-logo.png","width":618,"height":121,"caption":"\u00cdtr\u00f3ttasamband F\u00f8roya"},"image":{"@id":"https:\/\/isf.fo\/#\/schema\/logo\/image\/"},"sameAs":["https:\/\/www.facebook.com\/itrottasambandid"]}]}},"_links":{"self":[{"href":"https:\/\/isf.fo\/en\/wp-json\/wp\/v2\/pages\/13247","targetHints":{"allow":["GET"]}}],"collection":[{"href":"https:\/\/isf.fo\/en\/wp-json\/wp\/v2\/pages"}],"about":[{"href":"https:\/\/isf.fo\/en\/wp-json\/wp\/v2\/types\/page"}],"author":[{"embeddable":true,"href":"https:\/\/isf.fo\/en\/wp-json\/wp\/v2\/users\/17"}],"replies":[{"embeddable":true,"href":"https:\/\/isf.fo\/en\/wp-json\/wp\/v2\/comments?post=13247"}],"version-history":[{"count":18,"href":"https:\/\/isf.fo\/en\/wp-json\/wp\/v2\/pages\/13247\/revisions"}],"predecessor-version":[{"id":13298,"href":"https:\/\/isf.fo\/en\/wp-json\/wp\/v2\/pages\/13247\/revisions\/13298"}],"wp:attachment":[{"href":"https:\/\/isf.fo\/en\/wp-json\/wp\/v2\/media?parent=13247"}],"curies":[{"name":"wp","href":"https:\/\/api.w.org\/{rel}","templated":true}]}}