{"id":1551,"date":"2010-08-29T13:37:21","date_gmt":"2010-08-29T12:37:21","guid":{"rendered":"https:\/\/isf.fo\/?page_id=1551"},"modified":"2017-03-31T15:22:11","modified_gmt":"2017-03-31T15:22:11","slug":"james-olsen","status":"publish","type":"page","link":"https:\/\/isf.fo\/en\/itrotturin-eg\/james-olsen\/","title":{"rendered":"James Olsen"},"content":{"rendered":"<p><a href=\"https:\/\/d21ockg4ri0hhk.cloudfront.net\/wp-content\/uploads\/2010\/08\/30193238\/james_forsida.jpg\" rel=\"attachment wp-att-4762\"><img decoding=\"async\" class=\"alignright size-medium wp-image-4762 lazyload\" data-src=\"https:\/\/d21ockg4ri0hhk.cloudfront.net\/wp-content\/uploads\/2010\/08\/30193238\/james_forsida-300x161.jpg\" alt=\"\" width=\"300\" height=\"161\" data-srcset=\"https:\/\/d21ockg4ri0hhk.cloudfront.net\/wp-content\/uploads\/2010\/08\/30193238\/james_forsida-300x161.jpg 300w, https:\/\/d21ockg4ri0hhk.cloudfront.net\/wp-content\/uploads\/2010\/08\/30193238\/james_forsida.jpg 400w\" data-sizes=\"(max-width: 300px) 100vw, 300px\" src=\"data:image\/svg+xml;base64,PHN2ZyB3aWR0aD0iMSIgaGVpZ2h0PSIxIiB4bWxucz0iaHR0cDovL3d3dy53My5vcmcvMjAwMC9zdmciPjwvc3ZnPg==\" style=\"--smush-placeholder-width: 300px; --smush-placeholder-aspect-ratio: 300\/161;\" \/><\/a><\/p>\n<p>Heimas\u00ed\u00f0an hj\u00e1 \u00cdSF setir kendum f\u00f3lki spurningar um \u00edtr\u00f3tt og r\u00f8rslu:<em><br \/>\n&#8211; Hvat gert t\u00fa fyri at halda teg \u00ed form?<\/em><em><br \/>\n&#8211; Ert t\u00fa limur \u00ed \u00edtr\u00f3ttarfelag?<br \/>\n<\/em><em>&#8211; \u00cd\u00f0ka\u00f0i t\u00fa \u00edtr\u00f3tt sum barn?<br \/>\n&#8211; Hv\u00f8nn t\u00fddning hevur \u00edtr\u00f3ttur og r\u00f8rsla fyri teg og samfelagi\u00f0?<\/em><\/p>\n<h2><strong>Sum vi\u00f0 t\u00f3nleiki kunnu vit ikki liva uttan \u00edtr\u00f3tt<\/strong><\/h2>\n<p><strong>Havnarma\u00f0urin James Olsen er kendur t\u00f3nleikari. Sum sangsolistur og sum trummusl\u00e1ari \u00ed m.a. Showmonnum, Chase, Papar og hj\u00e1 Erann DD. \u00c1 heysti 2008 fekk hann ein sokalla\u00f0an \u201dgastric bypass\u201d-skur\u00f0 vegna ovurvekt, og er s\u00ed\u00f0an l\u00e6tna\u00f0ur munandi<\/strong><\/p>\n<p>\u201cEg royni at ganga ein t\u00far av og \u00e1\u201d.<\/p>\n<p>\u201cNei, eg eri ikki limur \u00ed n\u00f8krum \u00edtr\u00f3ttafelag\u201d.<\/p>\n<p>\u201cJa, eg \u00ed\u00f0ka\u00f0i \u00edtr\u00f3tt sum barn. Sp\u00e6ldi f\u00f3tb\u00f3lt vi\u00f0 B36, og hondb\u00f3lt vi\u00f0 Kyndli eina t\u00ed\u00f0. Annars sp\u00e6ldi eg n\u00f3gv f\u00f3tb\u00f3lt saman vi\u00f0 vinum \u00ed grannalagnum\u201d.<\/p>\n<p>\u201cEg tr\u00fagvi, at \u00edtr\u00f3ttur er ein \u00f8giliga t\u00fddningarmikil partur av l\u00edvinum. Vegna ovurvekt havi eg ikki havt so n\u00f3gvar m\u00f8guleikar at \u00ed\u00f0ka \u00edtr\u00f3tt, men n\u00fa er betur, og er skal byrja aftur at r\u00f8ra meg, t\u00ed ta\u00f0 er l\u00edvsney\u00f0ugt fyri at halda kropp og s\u00e1l \u00ed javnst\u00f8\u00f0u.<\/p>\n<p>Ta\u00f0 er eisini sera umr\u00e1\u00f0andi fyri samfelagi\u00f0, at \u00edtr\u00f3ttur er til sta\u00f0ar fyri \u00f8ll \u2013 ikki bara fyri samanhaldi\u00f0.<\/p>\n<p>Akkur\u00e1t sum vi\u00f0 t\u00f3nleiki, kunnu vit ikki heldur liva uttan \u00edtr\u00f3tt\u201d.<\/p>","protected":false},"excerpt":{"rendered":"<p>Heimas\u00ed\u00f0an hj\u00e1 \u00cdSF setir kendum f\u00f3lki spurningar um \u00edtr\u00f3tt og r\u00f8rslu: &#8211; Hvat gert t\u00fa fyri at halda teg \u00ed [&hellip;]<\/p>\n","protected":false},"author":6,"featured_media":0,"parent":1251,"menu_order":11,"comment_status":"open","ping_status":"closed","template":"","meta":{"_acf_changed":false,"_relevanssi_hide_post":"","_relevanssi_hide_content":"","_relevanssi_pin_for_all":"","_relevanssi_pin_keywords":"","_relevanssi_unpin_keywords":"","_relevanssi_related_keywords":"","_relevanssi_related_include_ids":"","_relevanssi_related_exclude_ids":"","_relevanssi_related_no_append":"","_relevanssi_related_not_related":"","_relevanssi_related_posts":"","_relevanssi_noindex_reason":"","inline_featured_image":false,"footnotes":""},"class_list":["post-1551","page","type-page","status-publish","hentry"],"acf":[],"yoast_head":"<!-- This site is optimized with the Yoast SEO plugin v27.5 - https:\/\/yoast.com\/product\/yoast-seo-wordpress\/ -->\n<title>James Olsen - \u00cdtr\u00f3ttasamband F\u00f8roya<\/title>\n<meta name=\"robots\" content=\"index, follow, max-snippet:-1, max-image-preview:large, max-video-preview:-1\" \/>\n<link rel=\"canonical\" href=\"https:\/\/isf.fo\/en\/itrotturin-eg\/james-olsen\/\" \/>\n<meta property=\"og:locale\" content=\"en_US\" \/>\n<meta property=\"og:type\" content=\"article\" \/>\n<meta property=\"og:title\" content=\"James Olsen - \u00cdtr\u00f3ttasamband F\u00f8roya\" \/>\n<meta property=\"og:description\" content=\"Heimas\u00ed\u00f0an hj\u00e1 \u00cdSF setir kendum f\u00f3lki spurningar um \u00edtr\u00f3tt og r\u00f8rslu: &#8211; Hvat gert t\u00fa fyri at halda teg \u00ed [&hellip;]\" \/>\n<meta property=\"og:url\" content=\"https:\/\/isf.fo\/en\/itrotturin-eg\/james-olsen\/\" \/>\n<meta property=\"og:site_name\" content=\"\u00cdtr\u00f3ttasamband F\u00f8roya\" \/>\n<meta property=\"article:publisher\" content=\"https:\/\/www.facebook.com\/itrottasambandid\" \/>\n<meta property=\"article:modified_time\" content=\"2017-03-31T15:22:11+00:00\" \/>\n<meta property=\"og:image\" content=\"https:\/\/isf.fo\/wp-content\/uploads\/2010\/08\/james_forsida-300x161.jpg\" \/>\n<meta name=\"twitter:card\" content=\"summary_large_image\" \/>\n<meta name=\"twitter:label1\" content=\"Est. reading time\" \/>\n\t<meta name=\"twitter:data1\" content=\"1 minute\" \/>\n<script type=\"application\/ld+json\" class=\"yoast-schema-graph\">{\"@context\":\"https:\\\/\\\/schema.org\",\"@graph\":[{\"@type\":\"WebPage\",\"@id\":\"https:\\\/\\\/isf.fo\\\/itrotturin-eg\\\/james-olsen\\\/\",\"url\":\"https:\\\/\\\/isf.fo\\\/itrotturin-eg\\\/james-olsen\\\/\",\"name\":\"James Olsen - \u00cdtr\u00f3ttasamband F\u00f8roya\",\"isPartOf\":{\"@id\":\"https:\\\/\\\/isf.fo\\\/#website\"},\"primaryImageOfPage\":{\"@id\":\"https:\\\/\\\/isf.fo\\\/itrotturin-eg\\\/james-olsen\\\/#primaryimage\"},\"image\":{\"@id\":\"https:\\\/\\\/isf.fo\\\/itrotturin-eg\\\/james-olsen\\\/#primaryimage\"},\"thumbnailUrl\":\"https:\\\/\\\/isf.fo\\\/wp-content\\\/uploads\\\/2010\\\/08\\\/james_forsida-300x161.jpg\",\"datePublished\":\"2010-08-29T12:37:21+00:00\",\"dateModified\":\"2017-03-31T15:22:11+00:00\",\"breadcrumb\":{\"@id\":\"https:\\\/\\\/isf.fo\\\/itrotturin-eg\\\/james-olsen\\\/#breadcrumb\"},\"inLanguage\":\"en-US\",\"potentialAction\":[{\"@type\":\"ReadAction\",\"target\":[\"https:\\\/\\\/isf.fo\\\/itrotturin-eg\\\/james-olsen\\\/\"]}]},{\"@type\":\"ImageObject\",\"inLanguage\":\"en-US\",\"@id\":\"https:\\\/\\\/isf.fo\\\/itrotturin-eg\\\/james-olsen\\\/#primaryimage\",\"url\":\"https:\\\/\\\/isf.fo\\\/wp-content\\\/uploads\\\/2010\\\/08\\\/james_forsida-300x161.jpg\",\"contentUrl\":\"https:\\\/\\\/isf.fo\\\/wp-content\\\/uploads\\\/2010\\\/08\\\/james_forsida-300x161.jpg\"},{\"@type\":\"BreadcrumbList\",\"@id\":\"https:\\\/\\\/isf.fo\\\/itrotturin-eg\\\/james-olsen\\\/#breadcrumb\",\"itemListElement\":[{\"@type\":\"ListItem\",\"position\":1,\"name\":\"Home\",\"item\":\"https:\\\/\\\/isf.fo\\\/\"},{\"@type\":\"ListItem\",\"position\":2,\"name\":\"\u00cdtr\u00f3tturin &#038; eg\",\"item\":\"https:\\\/\\\/isf.fo\\\/itrotturin-eg\\\/\"},{\"@type\":\"ListItem\",\"position\":3,\"name\":\"James Olsen\"}]},{\"@type\":\"WebSite\",\"@id\":\"https:\\\/\\\/isf.fo\\\/#website\",\"url\":\"https:\\\/\\\/isf.fo\\\/\",\"name\":\"\u00cdtr\u00f3ttasamband F\u00f8roya\",\"description\":\"\",\"publisher\":{\"@id\":\"https:\\\/\\\/isf.fo\\\/#organization\"},\"potentialAction\":[{\"@type\":\"SearchAction\",\"target\":{\"@type\":\"EntryPoint\",\"urlTemplate\":\"https:\\\/\\\/isf.fo\\\/?s={search_term_string}\"},\"query-input\":{\"@type\":\"PropertyValueSpecification\",\"valueRequired\":true,\"valueName\":\"search_term_string\"}}],\"inLanguage\":\"en-US\"},{\"@type\":\"Organization\",\"@id\":\"https:\\\/\\\/isf.fo\\\/#organization\",\"name\":\"\u00cdtr\u00f3ttasamband F\u00f8roya\",\"url\":\"https:\\\/\\\/isf.fo\\\/\",\"logo\":{\"@type\":\"ImageObject\",\"inLanguage\":\"en-US\",\"@id\":\"https:\\\/\\\/isf.fo\\\/#\\\/schema\\\/logo\\\/image\\\/\",\"url\":\"https:\\\/\\\/isf.fo\\\/wp-content\\\/uploads\\\/2025\\\/06\\\/ISF_Olympic-Committee-logo.png\",\"contentUrl\":\"https:\\\/\\\/isf.fo\\\/wp-content\\\/uploads\\\/2025\\\/06\\\/ISF_Olympic-Committee-logo.png\",\"width\":618,\"height\":121,\"caption\":\"\u00cdtr\u00f3ttasamband F\u00f8roya\"},\"image\":{\"@id\":\"https:\\\/\\\/isf.fo\\\/#\\\/schema\\\/logo\\\/image\\\/\"},\"sameAs\":[\"https:\\\/\\\/www.facebook.com\\\/itrottasambandid\"]}]}<\/script>\n<!-- \/ Yoast SEO plugin. -->","yoast_head_json":{"title":"James Olsen - \u00cdtr\u00f3ttasamband F\u00f8roya","robots":{"index":"index","follow":"follow","max-snippet":"max-snippet:-1","max-image-preview":"max-image-preview:large","max-video-preview":"max-video-preview:-1"},"canonical":"https:\/\/isf.fo\/en\/itrotturin-eg\/james-olsen\/","og_locale":"en_US","og_type":"article","og_title":"James Olsen - \u00cdtr\u00f3ttasamband F\u00f8roya","og_description":"Heimas\u00ed\u00f0an hj\u00e1 \u00cdSF setir kendum f\u00f3lki spurningar um \u00edtr\u00f3tt og r\u00f8rslu: &#8211; Hvat gert t\u00fa fyri at halda teg \u00ed [&hellip;]","og_url":"https:\/\/isf.fo\/en\/itrotturin-eg\/james-olsen\/","og_site_name":"\u00cdtr\u00f3ttasamband F\u00f8roya","article_publisher":"https:\/\/www.facebook.com\/itrottasambandid","article_modified_time":"2017-03-31T15:22:11+00:00","og_image":[{"url":"https:\/\/isf.fo\/wp-content\/uploads\/2010\/08\/james_forsida-300x161.jpg","type":"","width":"","height":""}],"twitter_card":"summary_large_image","twitter_misc":{"Est. reading time":"1 minute"},"schema":{"@context":"https:\/\/schema.org","@graph":[{"@type":"WebPage","@id":"https:\/\/isf.fo\/itrotturin-eg\/james-olsen\/","url":"https:\/\/isf.fo\/itrotturin-eg\/james-olsen\/","name":"James Olsen - \u00cdtr\u00f3ttasamband F\u00f8roya","isPartOf":{"@id":"https:\/\/isf.fo\/#website"},"primaryImageOfPage":{"@id":"https:\/\/isf.fo\/itrotturin-eg\/james-olsen\/#primaryimage"},"image":{"@id":"https:\/\/isf.fo\/itrotturin-eg\/james-olsen\/#primaryimage"},"thumbnailUrl":"https:\/\/isf.fo\/wp-content\/uploads\/2010\/08\/james_forsida-300x161.jpg","datePublished":"2010-08-29T12:37:21+00:00","dateModified":"2017-03-31T15:22:11+00:00","breadcrumb":{"@id":"https:\/\/isf.fo\/itrotturin-eg\/james-olsen\/#breadcrumb"},"inLanguage":"en-US","potentialAction":[{"@type":"ReadAction","target":["https:\/\/isf.fo\/itrotturin-eg\/james-olsen\/"]}]},{"@type":"ImageObject","inLanguage":"en-US","@id":"https:\/\/isf.fo\/itrotturin-eg\/james-olsen\/#primaryimage","url":"https:\/\/isf.fo\/wp-content\/uploads\/2010\/08\/james_forsida-300x161.jpg","contentUrl":"https:\/\/isf.fo\/wp-content\/uploads\/2010\/08\/james_forsida-300x161.jpg"},{"@type":"BreadcrumbList","@id":"https:\/\/isf.fo\/itrotturin-eg\/james-olsen\/#breadcrumb","itemListElement":[{"@type":"ListItem","position":1,"name":"Home","item":"https:\/\/isf.fo\/"},{"@type":"ListItem","position":2,"name":"\u00cdtr\u00f3tturin &#038; eg","item":"https:\/\/isf.fo\/itrotturin-eg\/"},{"@type":"ListItem","position":3,"name":"James Olsen"}]},{"@type":"WebSite","@id":"https:\/\/isf.fo\/#website","url":"https:\/\/isf.fo\/","name":"\u00cdtr\u00f3ttasamband F\u00f8roya","description":"","publisher":{"@id":"https:\/\/isf.fo\/#organization"},"potentialAction":[{"@type":"SearchAction","target":{"@type":"EntryPoint","urlTemplate":"https:\/\/isf.fo\/?s={search_term_string}"},"query-input":{"@type":"PropertyValueSpecification","valueRequired":true,"valueName":"search_term_string"}}],"inLanguage":"en-US"},{"@type":"Organization","@id":"https:\/\/isf.fo\/#organization","name":"\u00cdtr\u00f3ttasamband F\u00f8roya","url":"https:\/\/isf.fo\/","logo":{"@type":"ImageObject","inLanguage":"en-US","@id":"https:\/\/isf.fo\/#\/schema\/logo\/image\/","url":"https:\/\/isf.fo\/wp-content\/uploads\/2025\/06\/ISF_Olympic-Committee-logo.png","contentUrl":"https:\/\/isf.fo\/wp-content\/uploads\/2025\/06\/ISF_Olympic-Committee-logo.png","width":618,"height":121,"caption":"\u00cdtr\u00f3ttasamband F\u00f8roya"},"image":{"@id":"https:\/\/isf.fo\/#\/schema\/logo\/image\/"},"sameAs":["https:\/\/www.facebook.com\/itrottasambandid"]}]}},"_links":{"self":[{"href":"https:\/\/isf.fo\/en\/wp-json\/wp\/v2\/pages\/1551","targetHints":{"allow":["GET"]}}],"collection":[{"href":"https:\/\/isf.fo\/en\/wp-json\/wp\/v2\/pages"}],"about":[{"href":"https:\/\/isf.fo\/en\/wp-json\/wp\/v2\/types\/page"}],"author":[{"embeddable":true,"href":"https:\/\/isf.fo\/en\/wp-json\/wp\/v2\/users\/6"}],"replies":[{"embeddable":true,"href":"https:\/\/isf.fo\/en\/wp-json\/wp\/v2\/comments?post=1551"}],"version-history":[{"count":2,"href":"https:\/\/isf.fo\/en\/wp-json\/wp\/v2\/pages\/1551\/revisions"}],"predecessor-version":[{"id":5399,"href":"https:\/\/isf.fo\/en\/wp-json\/wp\/v2\/pages\/1551\/revisions\/5399"}],"up":[{"embeddable":true,"href":"https:\/\/isf.fo\/en\/wp-json\/wp\/v2\/pages\/1251"}],"wp:attachment":[{"href":"https:\/\/isf.fo\/en\/wp-json\/wp\/v2\/media?parent=1551"}],"curies":[{"name":"wp","href":"https:\/\/api.w.org\/{rel}","templated":true}]}}