{"id":1645,"date":"2010-10-29T09:49:11","date_gmt":"2010-10-29T08:49:11","guid":{"rendered":"https:\/\/isf.fo\/?page_id=1645"},"modified":"2010-10-29T09:49:11","modified_gmt":"2010-10-29T08:49:11","slug":"finnur-jensen","status":"publish","type":"page","link":"https:\/\/isf.fo\/en\/itrotturin-eg\/finnur-jensen\/","title":{"rendered":"Finnur Jensen"},"content":{"rendered":"<p><em><a href=\"https:\/\/d21ockg4ri0hhk.cloudfront.net\/wp-content\/uploads\/2010\/10\/30193240\/finn_grein.jpg\"><img decoding=\"async\" class=\"alignnone size-full wp-image-1646 lazyload\" title=\"finn_grein\" data-src=\"https:\/\/d21ockg4ri0hhk.cloudfront.net\/wp-content\/uploads\/2010\/10\/30193240\/finn_grein.jpg\" alt=\"\" width=\"604\" height=\"347\" src=\"data:image\/svg+xml;base64,PHN2ZyB3aWR0aD0iMSIgaGVpZ2h0PSIxIiB4bWxucz0iaHR0cDovL3d3dy53My5vcmcvMjAwMC9zdmciPjwvc3ZnPg==\" style=\"--smush-placeholder-width: 604px; --smush-placeholder-aspect-ratio: 604\/347;\" \/><\/a><br \/>\n\u00cdtr\u00f3tturin &amp; Eg<br \/>\nHeimas\u00ed\u00f0an hj\u00e1 \u00cdSF setir kendum f\u00f3lki spurningar um \u00edtr\u00f3tt og r\u00f8rslu:<br \/>\n&#8211; Hvat gert t\u00fa fyri at halda teg \u00ed form?<br \/>\n&#8211; Ert t\u00fa limur \u00ed \u00edtr\u00f3ttarfelag?<br \/>\n&#8211; \u00cd\u00f0ka\u00f0i t\u00fa \u00edtr\u00f3tt sum barn?<br \/>\n&#8211; Hv\u00f8nn t\u00fddning hevur \u00edtr\u00f3ttur og r\u00f8rsla fyri teg og samfelagi\u00f0?<\/em><\/p>\n<h2>\u00cdtr\u00f3ttur er altavgerandi fyri v\u00e6lveruna og sj\u00e1lvsvir\u00f0i\u00f0<\/h2>\n<p><strong>Finnur Jensen lesur fj\u00f8lmi\u00f0lav\u00edsindi \u00ed \u00c5rhus, og er stundum at hoyra og s\u00edggja \u00ed Kringvarpi F\u00f8roya. Mest er hann t\u00f3 kendur sum ein av sangarunum \u00ed v\u00e6lumt\u00f3kta t\u00f3nleikab\u00f3lkinum P\u00e1ll Finnur P\u00e1ll<\/strong>.<\/p>\n<p>\u201c- Eg gangi \u00ed fitness nakrar fer\u00f0ir um vikuna, og renni javnan longri t\u00farar. T\u00fararnir eru t\u00edverri blivnir styttri, n\u00fa eg aftur eri byrja\u00f0ur at roykja\u201d.<\/p>\n<p>\u201c- Nei, eg eri ikki limur \u00ed \u00edtr\u00f3ttafelag \u00ed l\u00f8tuni. Havi veri\u00f0 limur \u00ed HB sum barn og seinni \u00ed \u00cdtr\u00f3ttarfelagnum Fram (FC Hoyv\u00edk) sum tann\u00e1ringur, t\u00ed vit fingu \u00f3keypis sodavatn eftir venjing. Ta\u00f0 ste\u00f0ga\u00f0i t\u00edverri, t\u00e1 ungd\u00f3msarbei\u00f0i\u00f0 hj\u00e1 Fram datt ni\u00f0urfyri; men \u00ed studentat\u00ed\u00f0ini vendi eg aftur til Fram \u2013 var t\u00f3 mest fastur beinkjaverkari hj\u00e1 4. deildarli\u00f0num\u201d.<\/p>\n<p>\u201c- Sum barn sp\u00e6ldi eg f\u00f3tb\u00f3lt og snodda\u00f0i til a\u00f0rar \u00edtr\u00f3ttargreinar, b\u00e6\u00f0i hondb\u00f3lt, flogb\u00f3lt og svimjing, men ta\u00f0 festi seg ongant\u00ed\u00f0. Var\u00f0 eisini tvungin at ganga til fimleik \u00ed sk\u00falanum. Ta\u00f0 var forferdiligt. \u00c1\u00f0renn hv\u00f8nn t\u00edma v\u00f3r\u00f0u vit settir \u00ed eina r\u00f8\u00f0 eftir h\u00e6dd \u2013 tann minsti fremst, og tann h\u00e6gsti aftast \u2013 at marsjera runt og syngja \u201c\u00c1 leikv\u00f8llum funnust \u00ed for\u00f0um\u201d nakrar fer\u00f0ir. Teir, i\u00f0 ikki dugdu at standa \u00e1 hondunum v\u00f3r\u00f0u mobba\u00f0ir. \u00cd so fascistiskt til m\u00edn smakk\u201d.<\/p>\n<p>\u201c- Fyri meg pers\u00f3nliga er \u00edtr\u00f3ttur og r\u00f8rsla altavgerandi fyri v\u00e6lveruna og serliga sj\u00e1lvsvir\u00f0i\u00f0. Samfelagsliga hevur ta\u00f0 n\u00f3gv at siga fyri samanhaldi\u00f0 millum ung og ikki minst eitt t\u00fddningarmiki\u00f0 standpunkt fyri serliga bygdirnar. Haldi t\u00f3 ikki, at \u00edtr\u00f3ttur hevur eitt so mentanarligt vir\u00f0i, sum fleiri vilja gera ta\u00f0 til\u201d.<\/p>","protected":false},"excerpt":{"rendered":"<p>\u00cdtr\u00f3tturin &amp; Eg Heimas\u00ed\u00f0an hj\u00e1 \u00cdSF setir kendum f\u00f3lki spurningar um \u00edtr\u00f3tt og r\u00f8rslu: &#8211; Hvat gert t\u00fa fyri at [&hellip;]<\/p>\n","protected":false},"author":6,"featured_media":0,"parent":1251,"menu_order":13,"comment_status":"open","ping_status":"closed","template":"","meta":{"_acf_changed":false,"_relevanssi_hide_post":"","_relevanssi_hide_content":"","_relevanssi_pin_for_all":"","_relevanssi_pin_keywords":"","_relevanssi_unpin_keywords":"","_relevanssi_related_keywords":"","_relevanssi_related_include_ids":"","_relevanssi_related_exclude_ids":"","_relevanssi_related_no_append":"","_relevanssi_related_not_related":"","_relevanssi_related_posts":"","_relevanssi_noindex_reason":"","inline_featured_image":false,"footnotes":""},"class_list":["post-1645","page","type-page","status-publish","hentry"],"acf":[],"yoast_head":"<!-- This site is optimized with the Yoast SEO plugin v27.5 - https:\/\/yoast.com\/product\/yoast-seo-wordpress\/ -->\n<title>Finnur Jensen - \u00cdtr\u00f3ttasamband F\u00f8roya<\/title>\n<meta name=\"robots\" content=\"index, follow, max-snippet:-1, max-image-preview:large, max-video-preview:-1\" \/>\n<link rel=\"canonical\" href=\"https:\/\/isf.fo\/en\/itrotturin-eg\/finnur-jensen\/\" \/>\n<meta property=\"og:locale\" content=\"en_US\" \/>\n<meta property=\"og:type\" content=\"article\" \/>\n<meta property=\"og:title\" content=\"Finnur Jensen - \u00cdtr\u00f3ttasamband F\u00f8roya\" \/>\n<meta property=\"og:description\" content=\"\u00cdtr\u00f3tturin &amp; Eg Heimas\u00ed\u00f0an hj\u00e1 \u00cdSF setir kendum f\u00f3lki spurningar um \u00edtr\u00f3tt og r\u00f8rslu: &#8211; Hvat gert t\u00fa fyri at [&hellip;]\" \/>\n<meta property=\"og:url\" content=\"https:\/\/isf.fo\/en\/itrotturin-eg\/finnur-jensen\/\" \/>\n<meta property=\"og:site_name\" content=\"\u00cdtr\u00f3ttasamband F\u00f8roya\" \/>\n<meta property=\"article:publisher\" content=\"https:\/\/www.facebook.com\/itrottasambandid\" \/>\n<meta property=\"og:image\" content=\"https:\/\/isf.fo\/wp-content\/uploads\/2010\/10\/finn_grein.jpg\" \/>\n<meta name=\"twitter:card\" content=\"summary_large_image\" \/>\n<meta name=\"twitter:label1\" content=\"Est. reading time\" \/>\n\t<meta name=\"twitter:data1\" content=\"2 minutes\" \/>\n<script type=\"application\/ld+json\" class=\"yoast-schema-graph\">{\"@context\":\"https:\\\/\\\/schema.org\",\"@graph\":[{\"@type\":\"WebPage\",\"@id\":\"https:\\\/\\\/isf.fo\\\/itrotturin-eg\\\/finnur-jensen\\\/\",\"url\":\"https:\\\/\\\/isf.fo\\\/itrotturin-eg\\\/finnur-jensen\\\/\",\"name\":\"Finnur Jensen - \u00cdtr\u00f3ttasamband F\u00f8roya\",\"isPartOf\":{\"@id\":\"https:\\\/\\\/isf.fo\\\/#website\"},\"primaryImageOfPage\":{\"@id\":\"https:\\\/\\\/isf.fo\\\/itrotturin-eg\\\/finnur-jensen\\\/#primaryimage\"},\"image\":{\"@id\":\"https:\\\/\\\/isf.fo\\\/itrotturin-eg\\\/finnur-jensen\\\/#primaryimage\"},\"thumbnailUrl\":\"https:\\\/\\\/isf.fo\\\/wp-content\\\/uploads\\\/2010\\\/10\\\/finn_grein.jpg\",\"datePublished\":\"2010-10-29T08:49:11+00:00\",\"breadcrumb\":{\"@id\":\"https:\\\/\\\/isf.fo\\\/itrotturin-eg\\\/finnur-jensen\\\/#breadcrumb\"},\"inLanguage\":\"en-US\",\"potentialAction\":[{\"@type\":\"ReadAction\",\"target\":[\"https:\\\/\\\/isf.fo\\\/itrotturin-eg\\\/finnur-jensen\\\/\"]}]},{\"@type\":\"ImageObject\",\"inLanguage\":\"en-US\",\"@id\":\"https:\\\/\\\/isf.fo\\\/itrotturin-eg\\\/finnur-jensen\\\/#primaryimage\",\"url\":\"https:\\\/\\\/isf.fo\\\/wp-content\\\/uploads\\\/2010\\\/10\\\/finn_grein.jpg\",\"contentUrl\":\"https:\\\/\\\/isf.fo\\\/wp-content\\\/uploads\\\/2010\\\/10\\\/finn_grein.jpg\"},{\"@type\":\"BreadcrumbList\",\"@id\":\"https:\\\/\\\/isf.fo\\\/itrotturin-eg\\\/finnur-jensen\\\/#breadcrumb\",\"itemListElement\":[{\"@type\":\"ListItem\",\"position\":1,\"name\":\"Home\",\"item\":\"https:\\\/\\\/isf.fo\\\/\"},{\"@type\":\"ListItem\",\"position\":2,\"name\":\"\u00cdtr\u00f3tturin &#038; eg\",\"item\":\"https:\\\/\\\/isf.fo\\\/itrotturin-eg\\\/\"},{\"@type\":\"ListItem\",\"position\":3,\"name\":\"Finnur Jensen\"}]},{\"@type\":\"WebSite\",\"@id\":\"https:\\\/\\\/isf.fo\\\/#website\",\"url\":\"https:\\\/\\\/isf.fo\\\/\",\"name\":\"\u00cdtr\u00f3ttasamband F\u00f8roya\",\"description\":\"\",\"publisher\":{\"@id\":\"https:\\\/\\\/isf.fo\\\/#organization\"},\"potentialAction\":[{\"@type\":\"SearchAction\",\"target\":{\"@type\":\"EntryPoint\",\"urlTemplate\":\"https:\\\/\\\/isf.fo\\\/?s={search_term_string}\"},\"query-input\":{\"@type\":\"PropertyValueSpecification\",\"valueRequired\":true,\"valueName\":\"search_term_string\"}}],\"inLanguage\":\"en-US\"},{\"@type\":\"Organization\",\"@id\":\"https:\\\/\\\/isf.fo\\\/#organization\",\"name\":\"\u00cdtr\u00f3ttasamband F\u00f8roya\",\"url\":\"https:\\\/\\\/isf.fo\\\/\",\"logo\":{\"@type\":\"ImageObject\",\"inLanguage\":\"en-US\",\"@id\":\"https:\\\/\\\/isf.fo\\\/#\\\/schema\\\/logo\\\/image\\\/\",\"url\":\"https:\\\/\\\/isf.fo\\\/wp-content\\\/uploads\\\/2025\\\/06\\\/ISF_Olympic-Committee-logo.png\",\"contentUrl\":\"https:\\\/\\\/isf.fo\\\/wp-content\\\/uploads\\\/2025\\\/06\\\/ISF_Olympic-Committee-logo.png\",\"width\":618,\"height\":121,\"caption\":\"\u00cdtr\u00f3ttasamband F\u00f8roya\"},\"image\":{\"@id\":\"https:\\\/\\\/isf.fo\\\/#\\\/schema\\\/logo\\\/image\\\/\"},\"sameAs\":[\"https:\\\/\\\/www.facebook.com\\\/itrottasambandid\"]}]}<\/script>\n<!-- \/ Yoast SEO plugin. -->","yoast_head_json":{"title":"Finnur Jensen - \u00cdtr\u00f3ttasamband F\u00f8roya","robots":{"index":"index","follow":"follow","max-snippet":"max-snippet:-1","max-image-preview":"max-image-preview:large","max-video-preview":"max-video-preview:-1"},"canonical":"https:\/\/isf.fo\/en\/itrotturin-eg\/finnur-jensen\/","og_locale":"en_US","og_type":"article","og_title":"Finnur Jensen - \u00cdtr\u00f3ttasamband F\u00f8roya","og_description":"\u00cdtr\u00f3tturin &amp; Eg Heimas\u00ed\u00f0an hj\u00e1 \u00cdSF setir kendum f\u00f3lki spurningar um \u00edtr\u00f3tt og r\u00f8rslu: &#8211; Hvat gert t\u00fa fyri at [&hellip;]","og_url":"https:\/\/isf.fo\/en\/itrotturin-eg\/finnur-jensen\/","og_site_name":"\u00cdtr\u00f3ttasamband F\u00f8roya","article_publisher":"https:\/\/www.facebook.com\/itrottasambandid","og_image":[{"url":"https:\/\/isf.fo\/wp-content\/uploads\/2010\/10\/finn_grein.jpg","type":"","width":"","height":""}],"twitter_card":"summary_large_image","twitter_misc":{"Est. reading time":"2 minutes"},"schema":{"@context":"https:\/\/schema.org","@graph":[{"@type":"WebPage","@id":"https:\/\/isf.fo\/itrotturin-eg\/finnur-jensen\/","url":"https:\/\/isf.fo\/itrotturin-eg\/finnur-jensen\/","name":"Finnur Jensen - \u00cdtr\u00f3ttasamband F\u00f8roya","isPartOf":{"@id":"https:\/\/isf.fo\/#website"},"primaryImageOfPage":{"@id":"https:\/\/isf.fo\/itrotturin-eg\/finnur-jensen\/#primaryimage"},"image":{"@id":"https:\/\/isf.fo\/itrotturin-eg\/finnur-jensen\/#primaryimage"},"thumbnailUrl":"https:\/\/isf.fo\/wp-content\/uploads\/2010\/10\/finn_grein.jpg","datePublished":"2010-10-29T08:49:11+00:00","breadcrumb":{"@id":"https:\/\/isf.fo\/itrotturin-eg\/finnur-jensen\/#breadcrumb"},"inLanguage":"en-US","potentialAction":[{"@type":"ReadAction","target":["https:\/\/isf.fo\/itrotturin-eg\/finnur-jensen\/"]}]},{"@type":"ImageObject","inLanguage":"en-US","@id":"https:\/\/isf.fo\/itrotturin-eg\/finnur-jensen\/#primaryimage","url":"https:\/\/isf.fo\/wp-content\/uploads\/2010\/10\/finn_grein.jpg","contentUrl":"https:\/\/isf.fo\/wp-content\/uploads\/2010\/10\/finn_grein.jpg"},{"@type":"BreadcrumbList","@id":"https:\/\/isf.fo\/itrotturin-eg\/finnur-jensen\/#breadcrumb","itemListElement":[{"@type":"ListItem","position":1,"name":"Home","item":"https:\/\/isf.fo\/"},{"@type":"ListItem","position":2,"name":"\u00cdtr\u00f3tturin &#038; eg","item":"https:\/\/isf.fo\/itrotturin-eg\/"},{"@type":"ListItem","position":3,"name":"Finnur Jensen"}]},{"@type":"WebSite","@id":"https:\/\/isf.fo\/#website","url":"https:\/\/isf.fo\/","name":"\u00cdtr\u00f3ttasamband F\u00f8roya","description":"","publisher":{"@id":"https:\/\/isf.fo\/#organization"},"potentialAction":[{"@type":"SearchAction","target":{"@type":"EntryPoint","urlTemplate":"https:\/\/isf.fo\/?s={search_term_string}"},"query-input":{"@type":"PropertyValueSpecification","valueRequired":true,"valueName":"search_term_string"}}],"inLanguage":"en-US"},{"@type":"Organization","@id":"https:\/\/isf.fo\/#organization","name":"\u00cdtr\u00f3ttasamband F\u00f8roya","url":"https:\/\/isf.fo\/","logo":{"@type":"ImageObject","inLanguage":"en-US","@id":"https:\/\/isf.fo\/#\/schema\/logo\/image\/","url":"https:\/\/isf.fo\/wp-content\/uploads\/2025\/06\/ISF_Olympic-Committee-logo.png","contentUrl":"https:\/\/isf.fo\/wp-content\/uploads\/2025\/06\/ISF_Olympic-Committee-logo.png","width":618,"height":121,"caption":"\u00cdtr\u00f3ttasamband F\u00f8roya"},"image":{"@id":"https:\/\/isf.fo\/#\/schema\/logo\/image\/"},"sameAs":["https:\/\/www.facebook.com\/itrottasambandid"]}]}},"_links":{"self":[{"href":"https:\/\/isf.fo\/en\/wp-json\/wp\/v2\/pages\/1645","targetHints":{"allow":["GET"]}}],"collection":[{"href":"https:\/\/isf.fo\/en\/wp-json\/wp\/v2\/pages"}],"about":[{"href":"https:\/\/isf.fo\/en\/wp-json\/wp\/v2\/types\/page"}],"author":[{"embeddable":true,"href":"https:\/\/isf.fo\/en\/wp-json\/wp\/v2\/users\/6"}],"replies":[{"embeddable":true,"href":"https:\/\/isf.fo\/en\/wp-json\/wp\/v2\/comments?post=1645"}],"version-history":[{"count":1,"href":"https:\/\/isf.fo\/en\/wp-json\/wp\/v2\/pages\/1645\/revisions"}],"predecessor-version":[{"id":5244,"href":"https:\/\/isf.fo\/en\/wp-json\/wp\/v2\/pages\/1645\/revisions\/5244"}],"up":[{"embeddable":true,"href":"https:\/\/isf.fo\/en\/wp-json\/wp\/v2\/pages\/1251"}],"wp:attachment":[{"href":"https:\/\/isf.fo\/en\/wp-json\/wp\/v2\/media?parent=1645"}],"curies":[{"name":"wp","href":"https:\/\/api.w.org\/{rel}","templated":true}]}}