{"id":2079,"date":"2011-08-25T11:03:50","date_gmt":"2011-08-25T10:03:50","guid":{"rendered":"https:\/\/isf.fo\/?page_id=2079"},"modified":"2011-08-25T11:03:50","modified_gmt":"2011-08-25T10:03:50","slug":"hanus-samuelsen","status":"publish","type":"page","link":"https:\/\/isf.fo\/en\/itrotturin-eg\/hanus-samuelsen\/","title":{"rendered":"Hanus Samuelsen"},"content":{"rendered":"<p><a href=\"https:\/\/d21ockg4ri0hhk.cloudfront.net\/wp-content\/uploads\/2011\/08\/30193247\/Hanus-Samuelsen.jpg\"><img decoding=\"async\" class=\"alignnone size-full wp-image-2077 lazyload\" title=\"Hanus Samuelsen\" data-src=\"https:\/\/d21ockg4ri0hhk.cloudfront.net\/wp-content\/uploads\/2011\/08\/30193247\/Hanus-Samuelsen.jpg\" alt=\"\" width=\"600\" height=\"345\" src=\"data:image\/svg+xml;base64,PHN2ZyB3aWR0aD0iMSIgaGVpZ2h0PSIxIiB4bWxucz0iaHR0cDovL3d3dy53My5vcmcvMjAwMC9zdmciPjwvc3ZnPg==\" style=\"--smush-placeholder-width: 600px; --smush-placeholder-aspect-ratio: 600\/345;\" \/><\/a><\/p>\n<p><em>\u00cdtr\u00f3tturin &amp; eg<\/em><\/p>\n<p>Heimas\u00ed\u00f0an hj\u00e1 \u00cdSF setir kendum f\u00f3lki spurningar um \u00edtr\u00f3tt og r\u00f8rslu:<br \/>\n<em>&#8211; Hvat gert t\u00fa fyri at halda teg \u00ed form?<\/em><br \/>\n<em>&#8211; Ert t\u00fa limur \u00ed \u00edtr\u00f3ttarfelag?<\/em><br \/>\n<em>&#8211; \u00cd\u00f0ka\u00f0i t\u00fa \u00edtr\u00f3tt sum barn?<\/em><br \/>\n<em>&#8211; Hv\u00f8nn t\u00fddning hevur \u00edtr\u00f3ttur og r\u00f8rsla fyri teg og samfelagi\u00f0?<\/em><\/p>\n<h2>Fari eg ikki \u00fat at renna, kenni eg meg ikki v\u00e6l<\/h2>\n<p><strong>N\u00f3gv hava s\u00e6\u00f0 Hanus Samuelsen runni\u00f0 \u00ed hugnaliga grannalagnum \u00ed Hoyv\u00edk<\/strong><\/p>\n<p>&#8220;Eg renni hv\u00f8nn morgun t\u00ed\u00f0liga \u00e1 lei\u00f0 ein t\u00edma.&#8221;<\/p>\n<p>&#8220;Nei.&#8221;<\/p>\n<p>&#8220;Nei.&#8221;<\/p>\n<p>&#8220;Fari eg ikki \u00fat at renna, kenni eg meg ikki v\u00e6l. Hoyrdi J\u00f3gvan R\u00f3in, yvirl\u00e6kna, halda fyrilestur \u00e1 arbei\u00f0spl\u00e1ssi m\u00ednum \u00ed Hoyd\u00f8lum fyrst \u00ed 80-\u00e1runum um t\u00fddnigin av at r\u00f8ra seg. Var hugtikin av fyrilestrinum. S\u00e1 yvirl\u00e6knan renna hv\u00f8nn morgun her \u00ed grannalagnum. So f\u00f3r eg eisini \u00fat ar renna og havi runni\u00f0 javnan s\u00ed\u00f0an.<\/p>\n<p>Ivist ikki \u00ed, at ta\u00f0 er vinningur fyri samfelagi\u00f0, at f\u00f3lk sum heild &#8211; eisini vit gomlu &#8211; r\u00f8ra okkum sum mest.&#8221;<\/p>","protected":false},"excerpt":{"rendered":"<p>\u00cdtr\u00f3tturin &amp; eg Heimas\u00ed\u00f0an hj\u00e1 \u00cdSF setir kendum f\u00f3lki spurningar um \u00edtr\u00f3tt og r\u00f8rslu: &#8211; Hvat gert t\u00fa fyri at [&hellip;]<\/p>\n","protected":false},"author":6,"featured_media":0,"parent":1251,"menu_order":16,"comment_status":"open","ping_status":"closed","template":"","meta":{"_acf_changed":false,"_relevanssi_hide_post":"","_relevanssi_hide_content":"","_relevanssi_pin_for_all":"","_relevanssi_pin_keywords":"","_relevanssi_unpin_keywords":"","_relevanssi_related_keywords":"","_relevanssi_related_include_ids":"","_relevanssi_related_exclude_ids":"","_relevanssi_related_no_append":"","_relevanssi_related_not_related":"","_relevanssi_related_posts":"","_relevanssi_noindex_reason":"","inline_featured_image":false,"footnotes":""},"class_list":["post-2079","page","type-page","status-publish","hentry"],"acf":[],"yoast_head":"<!-- This site is optimized with the Yoast SEO plugin v27.5 - https:\/\/yoast.com\/product\/yoast-seo-wordpress\/ -->\n<title>Hanus Samuelsen - \u00cdtr\u00f3ttasamband F\u00f8roya<\/title>\n<meta name=\"robots\" content=\"index, follow, max-snippet:-1, max-image-preview:large, max-video-preview:-1\" \/>\n<link rel=\"canonical\" href=\"https:\/\/isf.fo\/en\/itrotturin-eg\/hanus-samuelsen\/\" \/>\n<meta property=\"og:locale\" content=\"en_US\" \/>\n<meta property=\"og:type\" content=\"article\" \/>\n<meta property=\"og:title\" content=\"Hanus Samuelsen - \u00cdtr\u00f3ttasamband F\u00f8roya\" \/>\n<meta property=\"og:description\" content=\"\u00cdtr\u00f3tturin &amp; eg Heimas\u00ed\u00f0an hj\u00e1 \u00cdSF setir kendum f\u00f3lki spurningar um \u00edtr\u00f3tt og r\u00f8rslu: &#8211; Hvat gert t\u00fa fyri at [&hellip;]\" \/>\n<meta property=\"og:url\" content=\"https:\/\/isf.fo\/en\/itrotturin-eg\/hanus-samuelsen\/\" \/>\n<meta property=\"og:site_name\" content=\"\u00cdtr\u00f3ttasamband F\u00f8roya\" \/>\n<meta property=\"article:publisher\" content=\"https:\/\/www.facebook.com\/itrottasambandid\" \/>\n<meta property=\"og:image\" content=\"https:\/\/isf.fo\/wp-content\/uploads\/2011\/08\/Hanus-Samuelsen.jpg\" \/>\n<meta name=\"twitter:card\" content=\"summary_large_image\" \/>\n<meta name=\"twitter:label1\" content=\"Est. reading time\" \/>\n\t<meta name=\"twitter:data1\" content=\"1 minute\" \/>\n<script type=\"application\/ld+json\" class=\"yoast-schema-graph\">{\"@context\":\"https:\\\/\\\/schema.org\",\"@graph\":[{\"@type\":\"WebPage\",\"@id\":\"https:\\\/\\\/isf.fo\\\/itrotturin-eg\\\/hanus-samuelsen\\\/\",\"url\":\"https:\\\/\\\/isf.fo\\\/itrotturin-eg\\\/hanus-samuelsen\\\/\",\"name\":\"Hanus Samuelsen - \u00cdtr\u00f3ttasamband F\u00f8roya\",\"isPartOf\":{\"@id\":\"https:\\\/\\\/isf.fo\\\/#website\"},\"primaryImageOfPage\":{\"@id\":\"https:\\\/\\\/isf.fo\\\/itrotturin-eg\\\/hanus-samuelsen\\\/#primaryimage\"},\"image\":{\"@id\":\"https:\\\/\\\/isf.fo\\\/itrotturin-eg\\\/hanus-samuelsen\\\/#primaryimage\"},\"thumbnailUrl\":\"https:\\\/\\\/isf.fo\\\/wp-content\\\/uploads\\\/2011\\\/08\\\/Hanus-Samuelsen.jpg\",\"datePublished\":\"2011-08-25T10:03:50+00:00\",\"breadcrumb\":{\"@id\":\"https:\\\/\\\/isf.fo\\\/itrotturin-eg\\\/hanus-samuelsen\\\/#breadcrumb\"},\"inLanguage\":\"en-US\",\"potentialAction\":[{\"@type\":\"ReadAction\",\"target\":[\"https:\\\/\\\/isf.fo\\\/itrotturin-eg\\\/hanus-samuelsen\\\/\"]}]},{\"@type\":\"ImageObject\",\"inLanguage\":\"en-US\",\"@id\":\"https:\\\/\\\/isf.fo\\\/itrotturin-eg\\\/hanus-samuelsen\\\/#primaryimage\",\"url\":\"https:\\\/\\\/isf.fo\\\/wp-content\\\/uploads\\\/2011\\\/08\\\/Hanus-Samuelsen.jpg\",\"contentUrl\":\"https:\\\/\\\/isf.fo\\\/wp-content\\\/uploads\\\/2011\\\/08\\\/Hanus-Samuelsen.jpg\"},{\"@type\":\"BreadcrumbList\",\"@id\":\"https:\\\/\\\/isf.fo\\\/itrotturin-eg\\\/hanus-samuelsen\\\/#breadcrumb\",\"itemListElement\":[{\"@type\":\"ListItem\",\"position\":1,\"name\":\"Home\",\"item\":\"https:\\\/\\\/isf.fo\\\/\"},{\"@type\":\"ListItem\",\"position\":2,\"name\":\"\u00cdtr\u00f3tturin &#038; eg\",\"item\":\"https:\\\/\\\/isf.fo\\\/itrotturin-eg\\\/\"},{\"@type\":\"ListItem\",\"position\":3,\"name\":\"Hanus Samuelsen\"}]},{\"@type\":\"WebSite\",\"@id\":\"https:\\\/\\\/isf.fo\\\/#website\",\"url\":\"https:\\\/\\\/isf.fo\\\/\",\"name\":\"\u00cdtr\u00f3ttasamband F\u00f8roya\",\"description\":\"\",\"publisher\":{\"@id\":\"https:\\\/\\\/isf.fo\\\/#organization\"},\"potentialAction\":[{\"@type\":\"SearchAction\",\"target\":{\"@type\":\"EntryPoint\",\"urlTemplate\":\"https:\\\/\\\/isf.fo\\\/?s={search_term_string}\"},\"query-input\":{\"@type\":\"PropertyValueSpecification\",\"valueRequired\":true,\"valueName\":\"search_term_string\"}}],\"inLanguage\":\"en-US\"},{\"@type\":\"Organization\",\"@id\":\"https:\\\/\\\/isf.fo\\\/#organization\",\"name\":\"\u00cdtr\u00f3ttasamband F\u00f8roya\",\"url\":\"https:\\\/\\\/isf.fo\\\/\",\"logo\":{\"@type\":\"ImageObject\",\"inLanguage\":\"en-US\",\"@id\":\"https:\\\/\\\/isf.fo\\\/#\\\/schema\\\/logo\\\/image\\\/\",\"url\":\"https:\\\/\\\/isf.fo\\\/wp-content\\\/uploads\\\/2025\\\/06\\\/ISF_Olympic-Committee-logo.png\",\"contentUrl\":\"https:\\\/\\\/isf.fo\\\/wp-content\\\/uploads\\\/2025\\\/06\\\/ISF_Olympic-Committee-logo.png\",\"width\":618,\"height\":121,\"caption\":\"\u00cdtr\u00f3ttasamband F\u00f8roya\"},\"image\":{\"@id\":\"https:\\\/\\\/isf.fo\\\/#\\\/schema\\\/logo\\\/image\\\/\"},\"sameAs\":[\"https:\\\/\\\/www.facebook.com\\\/itrottasambandid\"]}]}<\/script>\n<!-- \/ Yoast SEO plugin. -->","yoast_head_json":{"title":"Hanus Samuelsen - \u00cdtr\u00f3ttasamband F\u00f8roya","robots":{"index":"index","follow":"follow","max-snippet":"max-snippet:-1","max-image-preview":"max-image-preview:large","max-video-preview":"max-video-preview:-1"},"canonical":"https:\/\/isf.fo\/en\/itrotturin-eg\/hanus-samuelsen\/","og_locale":"en_US","og_type":"article","og_title":"Hanus Samuelsen - \u00cdtr\u00f3ttasamband F\u00f8roya","og_description":"\u00cdtr\u00f3tturin &amp; eg Heimas\u00ed\u00f0an hj\u00e1 \u00cdSF setir kendum f\u00f3lki spurningar um \u00edtr\u00f3tt og r\u00f8rslu: &#8211; Hvat gert t\u00fa fyri at [&hellip;]","og_url":"https:\/\/isf.fo\/en\/itrotturin-eg\/hanus-samuelsen\/","og_site_name":"\u00cdtr\u00f3ttasamband F\u00f8roya","article_publisher":"https:\/\/www.facebook.com\/itrottasambandid","og_image":[{"url":"https:\/\/isf.fo\/wp-content\/uploads\/2011\/08\/Hanus-Samuelsen.jpg","type":"","width":"","height":""}],"twitter_card":"summary_large_image","twitter_misc":{"Est. reading time":"1 minute"},"schema":{"@context":"https:\/\/schema.org","@graph":[{"@type":"WebPage","@id":"https:\/\/isf.fo\/itrotturin-eg\/hanus-samuelsen\/","url":"https:\/\/isf.fo\/itrotturin-eg\/hanus-samuelsen\/","name":"Hanus Samuelsen - \u00cdtr\u00f3ttasamband F\u00f8roya","isPartOf":{"@id":"https:\/\/isf.fo\/#website"},"primaryImageOfPage":{"@id":"https:\/\/isf.fo\/itrotturin-eg\/hanus-samuelsen\/#primaryimage"},"image":{"@id":"https:\/\/isf.fo\/itrotturin-eg\/hanus-samuelsen\/#primaryimage"},"thumbnailUrl":"https:\/\/isf.fo\/wp-content\/uploads\/2011\/08\/Hanus-Samuelsen.jpg","datePublished":"2011-08-25T10:03:50+00:00","breadcrumb":{"@id":"https:\/\/isf.fo\/itrotturin-eg\/hanus-samuelsen\/#breadcrumb"},"inLanguage":"en-US","potentialAction":[{"@type":"ReadAction","target":["https:\/\/isf.fo\/itrotturin-eg\/hanus-samuelsen\/"]}]},{"@type":"ImageObject","inLanguage":"en-US","@id":"https:\/\/isf.fo\/itrotturin-eg\/hanus-samuelsen\/#primaryimage","url":"https:\/\/isf.fo\/wp-content\/uploads\/2011\/08\/Hanus-Samuelsen.jpg","contentUrl":"https:\/\/isf.fo\/wp-content\/uploads\/2011\/08\/Hanus-Samuelsen.jpg"},{"@type":"BreadcrumbList","@id":"https:\/\/isf.fo\/itrotturin-eg\/hanus-samuelsen\/#breadcrumb","itemListElement":[{"@type":"ListItem","position":1,"name":"Home","item":"https:\/\/isf.fo\/"},{"@type":"ListItem","position":2,"name":"\u00cdtr\u00f3tturin &#038; eg","item":"https:\/\/isf.fo\/itrotturin-eg\/"},{"@type":"ListItem","position":3,"name":"Hanus Samuelsen"}]},{"@type":"WebSite","@id":"https:\/\/isf.fo\/#website","url":"https:\/\/isf.fo\/","name":"\u00cdtr\u00f3ttasamband F\u00f8roya","description":"","publisher":{"@id":"https:\/\/isf.fo\/#organization"},"potentialAction":[{"@type":"SearchAction","target":{"@type":"EntryPoint","urlTemplate":"https:\/\/isf.fo\/?s={search_term_string}"},"query-input":{"@type":"PropertyValueSpecification","valueRequired":true,"valueName":"search_term_string"}}],"inLanguage":"en-US"},{"@type":"Organization","@id":"https:\/\/isf.fo\/#organization","name":"\u00cdtr\u00f3ttasamband F\u00f8roya","url":"https:\/\/isf.fo\/","logo":{"@type":"ImageObject","inLanguage":"en-US","@id":"https:\/\/isf.fo\/#\/schema\/logo\/image\/","url":"https:\/\/isf.fo\/wp-content\/uploads\/2025\/06\/ISF_Olympic-Committee-logo.png","contentUrl":"https:\/\/isf.fo\/wp-content\/uploads\/2025\/06\/ISF_Olympic-Committee-logo.png","width":618,"height":121,"caption":"\u00cdtr\u00f3ttasamband F\u00f8roya"},"image":{"@id":"https:\/\/isf.fo\/#\/schema\/logo\/image\/"},"sameAs":["https:\/\/www.facebook.com\/itrottasambandid"]}]}},"_links":{"self":[{"href":"https:\/\/isf.fo\/en\/wp-json\/wp\/v2\/pages\/2079","targetHints":{"allow":["GET"]}}],"collection":[{"href":"https:\/\/isf.fo\/en\/wp-json\/wp\/v2\/pages"}],"about":[{"href":"https:\/\/isf.fo\/en\/wp-json\/wp\/v2\/types\/page"}],"author":[{"embeddable":true,"href":"https:\/\/isf.fo\/en\/wp-json\/wp\/v2\/users\/6"}],"replies":[{"embeddable":true,"href":"https:\/\/isf.fo\/en\/wp-json\/wp\/v2\/comments?post=2079"}],"version-history":[{"count":1,"href":"https:\/\/isf.fo\/en\/wp-json\/wp\/v2\/pages\/2079\/revisions"}],"predecessor-version":[{"id":5247,"href":"https:\/\/isf.fo\/en\/wp-json\/wp\/v2\/pages\/2079\/revisions\/5247"}],"up":[{"embeddable":true,"href":"https:\/\/isf.fo\/en\/wp-json\/wp\/v2\/pages\/1251"}],"wp:attachment":[{"href":"https:\/\/isf.fo\/en\/wp-json\/wp\/v2\/media?parent=2079"}],"curies":[{"name":"wp","href":"https:\/\/api.w.org\/{rel}","templated":true}]}}