{"id":2567,"date":"2012-11-01T11:28:09","date_gmt":"2012-11-01T10:28:09","guid":{"rendered":"https:\/\/isf.fo\/?page_id=2567"},"modified":"2017-03-31T15:23:23","modified_gmt":"2017-03-31T15:23:23","slug":"niels-petersen","status":"publish","type":"page","link":"https:\/\/isf.fo\/en\/itrotturin-eg\/niels-petersen\/","title":{"rendered":"Niels Petersen"},"content":{"rendered":"<p><em><a href=\"https:\/\/d21ockg4ri0hhk.cloudfront.net\/wp-content\/uploads\/2009\/12\/30193202\/Niels-Petersen.jpg\" rel=\"attachment wp-att-5383\"><img decoding=\"async\" class=\"alignright size-medium wp-image-5383 lazyload\" data-src=\"https:\/\/d21ockg4ri0hhk.cloudfront.net\/wp-content\/uploads\/2009\/12\/30193202\/Niels-Petersen-300x173.jpg\" alt=\"\" width=\"300\" height=\"173\" data-srcset=\"https:\/\/d21ockg4ri0hhk.cloudfront.net\/wp-content\/uploads\/2009\/12\/30193202\/Niels-Petersen-300x173.jpg 300w, https:\/\/d21ockg4ri0hhk.cloudfront.net\/wp-content\/uploads\/2009\/12\/30193202\/Niels-Petersen.jpg 600w\" data-sizes=\"(max-width: 300px) 100vw, 300px\" src=\"data:image\/svg+xml;base64,PHN2ZyB3aWR0aD0iMSIgaGVpZ2h0PSIxIiB4bWxucz0iaHR0cDovL3d3dy53My5vcmcvMjAwMC9zdmciPjwvc3ZnPg==\" style=\"--smush-placeholder-width: 300px; --smush-placeholder-aspect-ratio: 300\/173;\" \/><\/a>Heimas\u00ed\u00f0an hj\u00e1 \u00cdSF setir kendum f\u00f3lki spurningar um \u00edtr\u00f3tt og r\u00f8rslu:<br \/>\nNiels Petersen, r\u00f8ddin handan TB-Studio, og \u00e1rsins elds\u00e1l 2012 samb\u00e6rt Venjarafelag F\u00f8roya<\/em><\/p>\n<p><strong>Hvat gert t\u00fa fyri at halda teg \u00ed form?<\/strong><br \/>\nOv l\u00edti\u00f0, m\u00e1 vist vera grei\u00f0asta svari\u00f0 \ud83d\ude42<\/p>\n<p>Ta\u00f0 er \u00ed \u00f8llum f\u00f8rum ta\u00f0 styttsta.<\/p>\n<p>Nei, ta\u00f0 ver\u00f0ur gj\u00f8rt alt ov l\u00edti\u00f0, um eg skal vera heilt erligur. Ein innandura f\u00f3tb\u00f3ltst\u00edma um vikuna um vetrarnar, ta\u00f0 er faktiskt ta\u00f0.<\/p>\n<p>Um sumrarnar er vanliga meira futtur \u00ed, og sum venjari hj\u00e1 fleiri li\u00f0um, umframt alt anna\u00f0 man r\u00f3tar seg inn \u00ed, so kemur eitt sindur burtur\u00far, t\u00e1 alt ver\u00f0ur talt saman.<\/p>\n<p><strong>Ert t\u00fa limur \u00ed \u00edtr\u00f3ttarfelag?<\/strong><br \/>\nJa, je eri limur \u00ed Tv\u00f8royrar B\u00f3ltfelag, og ta\u00f0 ver\u00f0i je, til m\u00edn doyggjandi dag. Felagi\u00f0 hevur ALT at siga fyri meg, og at t\u00e6na t\u00ed er ein sonn fr\u00f8\u00f0i.<\/p>\n<p>Havi veri\u00f0 \u00ed nevndararbei\u00f0i \u00ed umlei\u00f0 15 \u00e1r, og ta\u00f0 bl\u00edvur meira spennandi, fyri hv\u00f8rt \u00e1r sum gongur.<\/p>\n<p>Umframt nenvdararbei\u00f0i, havi eg eisini veri\u00f0 samskipari fyri felagi\u00f0, men flestu \u00e1rini eru farin vi\u00f0 vanligum nevndararbei\u00f0i, og ta\u00f0 einamest \u00ed ungd\u00f3msdeildini.<\/p>\n<p><strong>\u00cd\u00f0ka\u00f0i t\u00fa \u00edtr\u00f3tt sum barn?<\/strong><br \/>\nLongu \u00e1 heilt ungum \u00e1rum fekk man eyguni upp fyri b\u00f3ltsp\u00e6li, og so skj\u00f3tt motorikkurin loyvdi t\u00ed, fresa\u00f0i man runt \u00e1 leikv\u00f8llinum \u00e1 Sevm\u00fdri. Fr\u00e1 morgun til myrkurs sp\u00e6ldu okur b\u00f8rnini av Sevm\u00fdri og av Torvheyggi, og ta\u00f0 v\u00f3ru sera g\u00f3\u00f0ir dagar.<\/p>\n<p>Hugsi, at je m\u00e1 hava veri\u00f0 um 5-6 \u00e1r (t.e. \u00ed 1983-1984), t\u00e1 je byrja\u00f0i at sp\u00e6la f\u00f3tb\u00f3lt vi\u00f0 TB, og sp\u00e6ldi fram til 1998, t\u00e1 mj\u00f8dnin endaliga gav upp.<\/p>\n<p><strong>Hv\u00f8nn t\u00fddning hevur \u00edtr\u00f3ttur og r\u00f8rsla fyri teg og samfelagi\u00f0?<\/strong><br \/>\nUha, hatta var ein g\u00f3\u00f0ur spurningur, sum je kundi br\u00fakt m\u00e1na\u00f0ir til at svara.<\/p>\n<p>Fyri meg er \u00edtr\u00f3tturin sera sera t\u00fddningarmikil.<\/p>\n<p>\u00cdtr\u00f3ttur, og serliga f\u00f3tb\u00f3ltur hevur givi\u00f0 m\u00e6r sera n\u00f3gv gj\u00f8gnum \u00e1r og dag, og eg tosi um meira enn bert inni \u00e1 v\u00f8llinum til dystir. Allar venjingarnar og allar fer\u00f0irnar, serliga nor\u00f0ur um fj\u00f8r\u00f0. Samanhaldi\u00f0 vi\u00f0 li\u00f0felagar s\u00ednar og venjararnar, ta\u00f0 ver\u00f0ur ongant\u00ed\u00f0 gloymt, og je eigi \u00ed dag sera n\u00f3gvar og g\u00f3\u00f0ar vinir \u00ed \u00edtr\u00f3ttinum. Sosiali t\u00fddningurin er sostatt st\u00f3rur.<\/p>\n<p>Heilsuligi t\u00fddningurin er sj\u00e1lvandi eisini st\u00f3rur. Teir g\u00f3\u00f0u vanarnir, i\u00f0 lagdir ver\u00f0a \u00ed b\u00f8rnini, koma teimum, \u00ed flestum f\u00f8rum, at gagni seinni \u00ed l\u00edvinum. Meti eisini, at heilsuligi t\u00fddningurin bert er vaksin, hesi seinastu 30 \u00e1rini, t\u00ed \u00e1\u00f0renn ta\u00f0, var r\u00f8rsla ein n\u00f3gv st\u00f8rri partur av gerandisdegnum. T\u00e1 so teldurnar byrja\u00f0u at vinna frama, broyttist hetta fullkomuliga. \u00cd dag vil eg siga, at \u00edtr\u00f3ttur ella r\u00f8rsla er altumr\u00e1\u00f0andi, serliga hj\u00e1 b\u00f8rnum og ungum.<\/p>\n<p>Sum heild so taka \u00edtr\u00f3ttarfel\u00f8gini b\u00f8rnini undir s\u00ednar veingir, venja tey, menna tey og sleppa teimum s\u00ed\u00f0ani sterkari. Ta\u00f0 er fel\u00f8gunum at gagni, ta\u00f0 er \u00ed\u00f0karaunum at gagni, og ta\u00f0 kemur samfelagnum at gagni. Alt ta\u00f0 g\u00f3\u00f0a, i\u00f0 lagt ver\u00f0ur \u00ed beinini \u00e1 b\u00f8rnunum, kemur samfelagnum at gagni seinni \u00ed l\u00edvinum, so ja t\u00fddningurin er ovurhondst\u00f3rur.<\/p>\n<p>Ta\u00f0 er t\u00fddningarmiki\u00f0, at b\u00f8rnini sleppa at royna fleiri \u00edtr\u00f3ttargreinar gj\u00f8gnum barna\u00e1rini, og ta\u00f0 m\u00e1 til eina og hv\u00f8rja t\u00ed\u00f0 vi\u00f0m\u00e6last.<\/p>","protected":false},"excerpt":{"rendered":"<p>Heimas\u00ed\u00f0an hj\u00e1 \u00cdSF setir kendum f\u00f3lki spurningar um \u00edtr\u00f3tt og r\u00f8rslu: Niels Petersen, r\u00f8ddin handan TB-Studio, og \u00e1rsins elds\u00e1l 2012 [&hellip;]<\/p>\n","protected":false},"author":6,"featured_media":0,"parent":1251,"menu_order":20,"comment_status":"open","ping_status":"closed","template":"","meta":{"_acf_changed":false,"_relevanssi_hide_post":"","_relevanssi_hide_content":"","_relevanssi_pin_for_all":"","_relevanssi_pin_keywords":"","_relevanssi_unpin_keywords":"","_relevanssi_related_keywords":"","_relevanssi_related_include_ids":"","_relevanssi_related_exclude_ids":"","_relevanssi_related_no_append":"","_relevanssi_related_not_related":"","_relevanssi_related_posts":"","_relevanssi_noindex_reason":"","inline_featured_image":false,"footnotes":""},"class_list":["post-2567","page","type-page","status-publish","hentry"],"acf":[],"yoast_head":"<!-- This site is optimized with the Yoast SEO plugin v27.5 - https:\/\/yoast.com\/product\/yoast-seo-wordpress\/ -->\n<title>Niels Petersen - \u00cdtr\u00f3ttasamband F\u00f8roya<\/title>\n<meta name=\"robots\" content=\"index, follow, max-snippet:-1, max-image-preview:large, max-video-preview:-1\" \/>\n<link rel=\"canonical\" href=\"https:\/\/isf.fo\/en\/itrotturin-eg\/niels-petersen\/\" \/>\n<meta property=\"og:locale\" content=\"en_US\" \/>\n<meta property=\"og:type\" content=\"article\" \/>\n<meta property=\"og:title\" content=\"Niels Petersen - \u00cdtr\u00f3ttasamband F\u00f8roya\" \/>\n<meta property=\"og:description\" content=\"Heimas\u00ed\u00f0an hj\u00e1 \u00cdSF setir kendum f\u00f3lki spurningar um \u00edtr\u00f3tt og r\u00f8rslu: Niels Petersen, r\u00f8ddin handan TB-Studio, og \u00e1rsins elds\u00e1l 2012 [&hellip;]\" \/>\n<meta property=\"og:url\" content=\"https:\/\/isf.fo\/en\/itrotturin-eg\/niels-petersen\/\" \/>\n<meta property=\"og:site_name\" content=\"\u00cdtr\u00f3ttasamband F\u00f8roya\" \/>\n<meta property=\"article:publisher\" content=\"https:\/\/www.facebook.com\/itrottasambandid\" \/>\n<meta property=\"article:modified_time\" content=\"2017-03-31T15:23:23+00:00\" \/>\n<meta property=\"og:image\" content=\"https:\/\/isf.fo\/wp-content\/uploads\/2009\/12\/Niels-Petersen-300x173.jpg\" \/>\n<meta name=\"twitter:card\" content=\"summary_large_image\" \/>\n<meta name=\"twitter:label1\" content=\"Est. reading time\" \/>\n\t<meta name=\"twitter:data1\" content=\"3 minutes\" \/>\n<script type=\"application\/ld+json\" class=\"yoast-schema-graph\">{\"@context\":\"https:\\\/\\\/schema.org\",\"@graph\":[{\"@type\":\"WebPage\",\"@id\":\"https:\\\/\\\/isf.fo\\\/itrotturin-eg\\\/niels-petersen\\\/\",\"url\":\"https:\\\/\\\/isf.fo\\\/itrotturin-eg\\\/niels-petersen\\\/\",\"name\":\"Niels Petersen - \u00cdtr\u00f3ttasamband F\u00f8roya\",\"isPartOf\":{\"@id\":\"https:\\\/\\\/isf.fo\\\/#website\"},\"primaryImageOfPage\":{\"@id\":\"https:\\\/\\\/isf.fo\\\/itrotturin-eg\\\/niels-petersen\\\/#primaryimage\"},\"image\":{\"@id\":\"https:\\\/\\\/isf.fo\\\/itrotturin-eg\\\/niels-petersen\\\/#primaryimage\"},\"thumbnailUrl\":\"https:\\\/\\\/isf.fo\\\/wp-content\\\/uploads\\\/2009\\\/12\\\/Niels-Petersen-300x173.jpg\",\"datePublished\":\"2012-11-01T10:28:09+00:00\",\"dateModified\":\"2017-03-31T15:23:23+00:00\",\"breadcrumb\":{\"@id\":\"https:\\\/\\\/isf.fo\\\/itrotturin-eg\\\/niels-petersen\\\/#breadcrumb\"},\"inLanguage\":\"en-US\",\"potentialAction\":[{\"@type\":\"ReadAction\",\"target\":[\"https:\\\/\\\/isf.fo\\\/itrotturin-eg\\\/niels-petersen\\\/\"]}]},{\"@type\":\"ImageObject\",\"inLanguage\":\"en-US\",\"@id\":\"https:\\\/\\\/isf.fo\\\/itrotturin-eg\\\/niels-petersen\\\/#primaryimage\",\"url\":\"https:\\\/\\\/isf.fo\\\/wp-content\\\/uploads\\\/2009\\\/12\\\/Niels-Petersen-300x173.jpg\",\"contentUrl\":\"https:\\\/\\\/isf.fo\\\/wp-content\\\/uploads\\\/2009\\\/12\\\/Niels-Petersen-300x173.jpg\"},{\"@type\":\"BreadcrumbList\",\"@id\":\"https:\\\/\\\/isf.fo\\\/itrotturin-eg\\\/niels-petersen\\\/#breadcrumb\",\"itemListElement\":[{\"@type\":\"ListItem\",\"position\":1,\"name\":\"Home\",\"item\":\"https:\\\/\\\/isf.fo\\\/\"},{\"@type\":\"ListItem\",\"position\":2,\"name\":\"\u00cdtr\u00f3tturin &#038; eg\",\"item\":\"https:\\\/\\\/isf.fo\\\/itrotturin-eg\\\/\"},{\"@type\":\"ListItem\",\"position\":3,\"name\":\"Niels Petersen\"}]},{\"@type\":\"WebSite\",\"@id\":\"https:\\\/\\\/isf.fo\\\/#website\",\"url\":\"https:\\\/\\\/isf.fo\\\/\",\"name\":\"\u00cdtr\u00f3ttasamband F\u00f8roya\",\"description\":\"\",\"publisher\":{\"@id\":\"https:\\\/\\\/isf.fo\\\/#organization\"},\"potentialAction\":[{\"@type\":\"SearchAction\",\"target\":{\"@type\":\"EntryPoint\",\"urlTemplate\":\"https:\\\/\\\/isf.fo\\\/?s={search_term_string}\"},\"query-input\":{\"@type\":\"PropertyValueSpecification\",\"valueRequired\":true,\"valueName\":\"search_term_string\"}}],\"inLanguage\":\"en-US\"},{\"@type\":\"Organization\",\"@id\":\"https:\\\/\\\/isf.fo\\\/#organization\",\"name\":\"\u00cdtr\u00f3ttasamband F\u00f8roya\",\"url\":\"https:\\\/\\\/isf.fo\\\/\",\"logo\":{\"@type\":\"ImageObject\",\"inLanguage\":\"en-US\",\"@id\":\"https:\\\/\\\/isf.fo\\\/#\\\/schema\\\/logo\\\/image\\\/\",\"url\":\"https:\\\/\\\/isf.fo\\\/wp-content\\\/uploads\\\/2025\\\/06\\\/ISF_Olympic-Committee-logo.png\",\"contentUrl\":\"https:\\\/\\\/isf.fo\\\/wp-content\\\/uploads\\\/2025\\\/06\\\/ISF_Olympic-Committee-logo.png\",\"width\":618,\"height\":121,\"caption\":\"\u00cdtr\u00f3ttasamband F\u00f8roya\"},\"image\":{\"@id\":\"https:\\\/\\\/isf.fo\\\/#\\\/schema\\\/logo\\\/image\\\/\"},\"sameAs\":[\"https:\\\/\\\/www.facebook.com\\\/itrottasambandid\"]}]}<\/script>\n<!-- \/ Yoast SEO plugin. -->","yoast_head_json":{"title":"Niels Petersen - \u00cdtr\u00f3ttasamband F\u00f8roya","robots":{"index":"index","follow":"follow","max-snippet":"max-snippet:-1","max-image-preview":"max-image-preview:large","max-video-preview":"max-video-preview:-1"},"canonical":"https:\/\/isf.fo\/en\/itrotturin-eg\/niels-petersen\/","og_locale":"en_US","og_type":"article","og_title":"Niels Petersen - \u00cdtr\u00f3ttasamband F\u00f8roya","og_description":"Heimas\u00ed\u00f0an hj\u00e1 \u00cdSF setir kendum f\u00f3lki spurningar um \u00edtr\u00f3tt og r\u00f8rslu: Niels Petersen, r\u00f8ddin handan TB-Studio, og \u00e1rsins elds\u00e1l 2012 [&hellip;]","og_url":"https:\/\/isf.fo\/en\/itrotturin-eg\/niels-petersen\/","og_site_name":"\u00cdtr\u00f3ttasamband F\u00f8roya","article_publisher":"https:\/\/www.facebook.com\/itrottasambandid","article_modified_time":"2017-03-31T15:23:23+00:00","og_image":[{"url":"https:\/\/isf.fo\/wp-content\/uploads\/2009\/12\/Niels-Petersen-300x173.jpg","type":"","width":"","height":""}],"twitter_card":"summary_large_image","twitter_misc":{"Est. reading time":"3 minutes"},"schema":{"@context":"https:\/\/schema.org","@graph":[{"@type":"WebPage","@id":"https:\/\/isf.fo\/itrotturin-eg\/niels-petersen\/","url":"https:\/\/isf.fo\/itrotturin-eg\/niels-petersen\/","name":"Niels Petersen - \u00cdtr\u00f3ttasamband F\u00f8roya","isPartOf":{"@id":"https:\/\/isf.fo\/#website"},"primaryImageOfPage":{"@id":"https:\/\/isf.fo\/itrotturin-eg\/niels-petersen\/#primaryimage"},"image":{"@id":"https:\/\/isf.fo\/itrotturin-eg\/niels-petersen\/#primaryimage"},"thumbnailUrl":"https:\/\/isf.fo\/wp-content\/uploads\/2009\/12\/Niels-Petersen-300x173.jpg","datePublished":"2012-11-01T10:28:09+00:00","dateModified":"2017-03-31T15:23:23+00:00","breadcrumb":{"@id":"https:\/\/isf.fo\/itrotturin-eg\/niels-petersen\/#breadcrumb"},"inLanguage":"en-US","potentialAction":[{"@type":"ReadAction","target":["https:\/\/isf.fo\/itrotturin-eg\/niels-petersen\/"]}]},{"@type":"ImageObject","inLanguage":"en-US","@id":"https:\/\/isf.fo\/itrotturin-eg\/niels-petersen\/#primaryimage","url":"https:\/\/isf.fo\/wp-content\/uploads\/2009\/12\/Niels-Petersen-300x173.jpg","contentUrl":"https:\/\/isf.fo\/wp-content\/uploads\/2009\/12\/Niels-Petersen-300x173.jpg"},{"@type":"BreadcrumbList","@id":"https:\/\/isf.fo\/itrotturin-eg\/niels-petersen\/#breadcrumb","itemListElement":[{"@type":"ListItem","position":1,"name":"Home","item":"https:\/\/isf.fo\/"},{"@type":"ListItem","position":2,"name":"\u00cdtr\u00f3tturin &#038; eg","item":"https:\/\/isf.fo\/itrotturin-eg\/"},{"@type":"ListItem","position":3,"name":"Niels Petersen"}]},{"@type":"WebSite","@id":"https:\/\/isf.fo\/#website","url":"https:\/\/isf.fo\/","name":"\u00cdtr\u00f3ttasamband F\u00f8roya","description":"","publisher":{"@id":"https:\/\/isf.fo\/#organization"},"potentialAction":[{"@type":"SearchAction","target":{"@type":"EntryPoint","urlTemplate":"https:\/\/isf.fo\/?s={search_term_string}"},"query-input":{"@type":"PropertyValueSpecification","valueRequired":true,"valueName":"search_term_string"}}],"inLanguage":"en-US"},{"@type":"Organization","@id":"https:\/\/isf.fo\/#organization","name":"\u00cdtr\u00f3ttasamband F\u00f8roya","url":"https:\/\/isf.fo\/","logo":{"@type":"ImageObject","inLanguage":"en-US","@id":"https:\/\/isf.fo\/#\/schema\/logo\/image\/","url":"https:\/\/isf.fo\/wp-content\/uploads\/2025\/06\/ISF_Olympic-Committee-logo.png","contentUrl":"https:\/\/isf.fo\/wp-content\/uploads\/2025\/06\/ISF_Olympic-Committee-logo.png","width":618,"height":121,"caption":"\u00cdtr\u00f3ttasamband F\u00f8roya"},"image":{"@id":"https:\/\/isf.fo\/#\/schema\/logo\/image\/"},"sameAs":["https:\/\/www.facebook.com\/itrottasambandid"]}]}},"_links":{"self":[{"href":"https:\/\/isf.fo\/en\/wp-json\/wp\/v2\/pages\/2567","targetHints":{"allow":["GET"]}}],"collection":[{"href":"https:\/\/isf.fo\/en\/wp-json\/wp\/v2\/pages"}],"about":[{"href":"https:\/\/isf.fo\/en\/wp-json\/wp\/v2\/types\/page"}],"author":[{"embeddable":true,"href":"https:\/\/isf.fo\/en\/wp-json\/wp\/v2\/users\/6"}],"replies":[{"embeddable":true,"href":"https:\/\/isf.fo\/en\/wp-json\/wp\/v2\/comments?post=2567"}],"version-history":[{"count":2,"href":"https:\/\/isf.fo\/en\/wp-json\/wp\/v2\/pages\/2567\/revisions"}],"predecessor-version":[{"id":5400,"href":"https:\/\/isf.fo\/en\/wp-json\/wp\/v2\/pages\/2567\/revisions\/5400"}],"up":[{"embeddable":true,"href":"https:\/\/isf.fo\/en\/wp-json\/wp\/v2\/pages\/1251"}],"wp:attachment":[{"href":"https:\/\/isf.fo\/en\/wp-json\/wp\/v2\/media?parent=2567"}],"curies":[{"name":"wp","href":"https:\/\/api.w.org\/{rel}","templated":true}]}}