{"id":2618,"date":"2012-12-17T16:17:30","date_gmt":"2012-12-17T15:17:30","guid":{"rendered":"https:\/\/isf.fo\/?page_id=2618"},"modified":"2012-12-17T16:17:30","modified_gmt":"2012-12-17T15:17:30","slug":"maud-wang-hansen","status":"publish","type":"page","link":"https:\/\/isf.fo\/en\/itrotturin-eg\/maud-wang-hansen\/","title":{"rendered":"Maud Wang Hansen"},"content":{"rendered":"<p><a href=\"https:\/\/d21ockg4ri0hhk.cloudfront.net\/wp-content\/uploads\/2012\/12\/30193255\/Maud.jpg\"><img decoding=\"async\" data-src=\"https:\/\/d21ockg4ri0hhk.cloudfront.net\/wp-content\/uploads\/2012\/12\/30193255\/Maud.jpg\" alt=\"\" title=\"Maud\" width=\"600\" height=\"345\" class=\"alignnone size-full wp-image-2615 lazyload\" src=\"data:image\/svg+xml;base64,PHN2ZyB3aWR0aD0iMSIgaGVpZ2h0PSIxIiB4bWxucz0iaHR0cDovL3d3dy53My5vcmcvMjAwMC9zdmciPjwvc3ZnPg==\" style=\"--smush-placeholder-width: 600px; --smush-placeholder-aspect-ratio: 600\/345;\" \/><\/a><br \/>\n<em>Heimas\u00ed\u00f0an hj\u00e1 \u00cdSF setir kendum f\u00f3lki spurningar um \u00edtr\u00f3tt og r\u00f8rslu:<br \/>\nMaud Wang Hansen, forkvinna \u00ed F\u00f8roya Pedagogfelag.<\/em><\/p>\n<p><strong>Hvat gert t\u00fa fyri at halda teg \u00ed form?<\/strong><br \/>\nEg moti\u00f3ns- og styrkivenji fyri at halda eina \u00e1v\u00edsa javnv\u00e1g \u00ed kroppinum. Aftrat gangi eg t\u00farar &#8211; onkunt\u00ed\u00f0 powerwalk &#8211; men sum oftast bara ein g\u00f3\u00f0an langan t\u00far.<\/p>\n<p><strong>Ert t\u00fa limur \u00ed \u00edtr\u00f3ttarfelag?<\/strong><br \/>\nNei, ikki longur. Havi veri\u00f0 limur hj\u00e1 onkrari venjingarmi\u00f0st\u00f8\u00f0, men ta\u00f0 motiverar meg ov l\u00edti\u00f0 at venja sl\u00edk st\u00f8\u00f0, t\u00ed venji eg n\u00fa vi\u00f0 pes\u00f3nligum instrukt\u00f8ri.<\/p>\n<p><strong>\u00cd\u00f0ka\u00f0i t\u00fa \u00edtr\u00f3tt sum barn?<\/strong><br \/>\nJa, \u00ed st\u00f3ran mun. Eg sp\u00e6ldi hondb\u00f3lt \u00ed n\u00f3gv \u00e1r vi\u00f0 Kyndli &#8211; gavst \u00ed 1980. M.a. sp\u00e6ldu vit dystir \u00e1 uttandura v\u00f8llinum \u00ed Gundadali, ta\u00f0 var\u00f0 mangan hart fyri kn\u00f8ini.<\/p>\n<p>\u00cd 1981 og 1982 sp\u00e6ldi eg flogb\u00f3lt vi\u00f0 Fleyr og vi\u00f0 F\u00f8roya Studentask\u00fala. Vit vunnu alt tey b\u00e6\u00f0i \u00e1rini. \u00cd 1984 sp\u00e6ldi eg flogb\u00f3lt vi\u00f0 KFUM Ikast. Fimleikur var eisini fast \u00e1 skr\u00e1nni \u00ed fleiri \u00e1r. Sum barn, t\u00e1 \u00ed t\u00ed\u00f0ini, \u00ed\u00f0ka\u00f0i ein so n\u00f3gvan annan \u00f3skipa\u00f0an \u00edtr\u00f3tt, m.a. svumu vit \u00ed uttandur\u00f0a hylinum \u00ed Gundadali og skoyta\u00f0u \u00e1 ni\u00f0ara v\u00f8lli \u00ed Gundadali og sp\u00e6ldu b\u00f3lt av ymiskum slag.<\/p>\n<p><strong>Hv\u00f8nn t\u00fddning hevur \u00edtr\u00f3ttur og r\u00f8rsla fyri teg og samfelagi\u00f0?<\/strong><br \/>\n\u00cdtr\u00f3tt og r\u00f8rsla hevur st\u00f3ran t\u00fddning fyri sosialt samanhald og kropsligu styrkina hj\u00e1 hv\u00f8rjum einstakum borgara. At vera virkin \u00ed einum felag kann geva eina g\u00f3\u00f0a kenslu av at hoyra til, og serliga t\u00e1 ein vinnur, kennir ein seg sterka. Hinvegin haldi eg, at ta\u00f0 er ein \u00f3balansa millum \u00edtr\u00f3ttina og onnur kreativ og mentanarlig tilt\u00f8k fyri b\u00f8rn og ung. \u00d8ll eru ikki so kropsliga v\u00e6l fyri og koma ongant\u00ed\u00f0 at \u00ed\u00f0ka \u00edtr\u00f3tt \u00e1 skipa\u00f0u li\u00f0unum. Summi hava kanska ikki r\u00e1\u00f0 at ganga til \u00edtr\u00f3tt. Eg haldi, at samfelagi\u00f0 skuldi tryggja \u00f8llum b\u00f8rnum lutt\u00f8ku \u00ed t\u00f3nleikaligum, kreativum og \u00edtr\u00f3ttarligum tilt\u00f8kum uttan gjald og f\u00edggja hesi gj\u00f8gnum skattin. Eg haldi eisini, at ein m\u00f8guleiki skuldi veri\u00f0 fyri at skifta um kl\u00e6\u00f0ir og b\u00f3ltar ella a\u00f0ra \u00fatger\u00f0, so hv\u00f8rt sum b\u00f8rnini vaksa fr\u00e1 t\u00ed. Ta\u00f0 gevur atgongd fyri fleiri, sum \u00ed dag ikki hava r\u00e1\u00f0.<\/p>","protected":false},"excerpt":{"rendered":"<p>Heimas\u00ed\u00f0an hj\u00e1 \u00cdSF setir kendum f\u00f3lki spurningar um \u00edtr\u00f3tt og r\u00f8rslu: Maud Wang Hansen, forkvinna \u00ed F\u00f8roya Pedagogfelag. Hvat gert [&hellip;]<\/p>\n","protected":false},"author":6,"featured_media":0,"parent":1251,"menu_order":21,"comment_status":"open","ping_status":"closed","template":"","meta":{"_acf_changed":false,"_relevanssi_hide_post":"","_relevanssi_hide_content":"","_relevanssi_pin_for_all":"","_relevanssi_pin_keywords":"","_relevanssi_unpin_keywords":"","_relevanssi_related_keywords":"","_relevanssi_related_include_ids":"","_relevanssi_related_exclude_ids":"","_relevanssi_related_no_append":"","_relevanssi_related_not_related":"","_relevanssi_related_posts":"","_relevanssi_noindex_reason":"","inline_featured_image":false,"footnotes":""},"class_list":["post-2618","page","type-page","status-publish","hentry"],"acf":[],"yoast_head":"<!-- This site is optimized with the Yoast SEO plugin v27.5 - https:\/\/yoast.com\/product\/yoast-seo-wordpress\/ -->\n<title>Maud Wang Hansen - \u00cdtr\u00f3ttasamband F\u00f8roya<\/title>\n<meta name=\"robots\" content=\"index, follow, max-snippet:-1, max-image-preview:large, max-video-preview:-1\" \/>\n<link rel=\"canonical\" href=\"https:\/\/isf.fo\/en\/itrotturin-eg\/maud-wang-hansen\/\" \/>\n<meta property=\"og:locale\" content=\"en_US\" \/>\n<meta property=\"og:type\" content=\"article\" \/>\n<meta property=\"og:title\" content=\"Maud Wang Hansen - \u00cdtr\u00f3ttasamband F\u00f8roya\" \/>\n<meta property=\"og:description\" content=\"Heimas\u00ed\u00f0an hj\u00e1 \u00cdSF setir kendum f\u00f3lki spurningar um \u00edtr\u00f3tt og r\u00f8rslu: Maud Wang Hansen, forkvinna \u00ed F\u00f8roya Pedagogfelag. Hvat gert [&hellip;]\" \/>\n<meta property=\"og:url\" content=\"https:\/\/isf.fo\/en\/itrotturin-eg\/maud-wang-hansen\/\" \/>\n<meta property=\"og:site_name\" content=\"\u00cdtr\u00f3ttasamband F\u00f8roya\" \/>\n<meta property=\"article:publisher\" content=\"https:\/\/www.facebook.com\/itrottasambandid\" \/>\n<meta property=\"og:image\" content=\"https:\/\/isf.fo\/wp-content\/uploads\/2012\/12\/Maud.jpg\" \/>\n<meta name=\"twitter:card\" content=\"summary_large_image\" \/>\n<meta name=\"twitter:label1\" content=\"Est. reading time\" \/>\n\t<meta name=\"twitter:data1\" content=\"2 minutes\" \/>\n<script type=\"application\/ld+json\" class=\"yoast-schema-graph\">{\"@context\":\"https:\\\/\\\/schema.org\",\"@graph\":[{\"@type\":\"WebPage\",\"@id\":\"https:\\\/\\\/isf.fo\\\/itrotturin-eg\\\/maud-wang-hansen\\\/\",\"url\":\"https:\\\/\\\/isf.fo\\\/itrotturin-eg\\\/maud-wang-hansen\\\/\",\"name\":\"Maud Wang Hansen - \u00cdtr\u00f3ttasamband F\u00f8roya\",\"isPartOf\":{\"@id\":\"https:\\\/\\\/isf.fo\\\/#website\"},\"primaryImageOfPage\":{\"@id\":\"https:\\\/\\\/isf.fo\\\/itrotturin-eg\\\/maud-wang-hansen\\\/#primaryimage\"},\"image\":{\"@id\":\"https:\\\/\\\/isf.fo\\\/itrotturin-eg\\\/maud-wang-hansen\\\/#primaryimage\"},\"thumbnailUrl\":\"https:\\\/\\\/isf.fo\\\/wp-content\\\/uploads\\\/2012\\\/12\\\/Maud.jpg\",\"datePublished\":\"2012-12-17T15:17:30+00:00\",\"breadcrumb\":{\"@id\":\"https:\\\/\\\/isf.fo\\\/itrotturin-eg\\\/maud-wang-hansen\\\/#breadcrumb\"},\"inLanguage\":\"en-US\",\"potentialAction\":[{\"@type\":\"ReadAction\",\"target\":[\"https:\\\/\\\/isf.fo\\\/itrotturin-eg\\\/maud-wang-hansen\\\/\"]}]},{\"@type\":\"ImageObject\",\"inLanguage\":\"en-US\",\"@id\":\"https:\\\/\\\/isf.fo\\\/itrotturin-eg\\\/maud-wang-hansen\\\/#primaryimage\",\"url\":\"https:\\\/\\\/isf.fo\\\/wp-content\\\/uploads\\\/2012\\\/12\\\/Maud.jpg\",\"contentUrl\":\"https:\\\/\\\/isf.fo\\\/wp-content\\\/uploads\\\/2012\\\/12\\\/Maud.jpg\"},{\"@type\":\"BreadcrumbList\",\"@id\":\"https:\\\/\\\/isf.fo\\\/itrotturin-eg\\\/maud-wang-hansen\\\/#breadcrumb\",\"itemListElement\":[{\"@type\":\"ListItem\",\"position\":1,\"name\":\"Home\",\"item\":\"https:\\\/\\\/isf.fo\\\/\"},{\"@type\":\"ListItem\",\"position\":2,\"name\":\"\u00cdtr\u00f3tturin &#038; eg\",\"item\":\"https:\\\/\\\/isf.fo\\\/itrotturin-eg\\\/\"},{\"@type\":\"ListItem\",\"position\":3,\"name\":\"Maud Wang Hansen\"}]},{\"@type\":\"WebSite\",\"@id\":\"https:\\\/\\\/isf.fo\\\/#website\",\"url\":\"https:\\\/\\\/isf.fo\\\/\",\"name\":\"\u00cdtr\u00f3ttasamband F\u00f8roya\",\"description\":\"\",\"publisher\":{\"@id\":\"https:\\\/\\\/isf.fo\\\/#organization\"},\"potentialAction\":[{\"@type\":\"SearchAction\",\"target\":{\"@type\":\"EntryPoint\",\"urlTemplate\":\"https:\\\/\\\/isf.fo\\\/?s={search_term_string}\"},\"query-input\":{\"@type\":\"PropertyValueSpecification\",\"valueRequired\":true,\"valueName\":\"search_term_string\"}}],\"inLanguage\":\"en-US\"},{\"@type\":\"Organization\",\"@id\":\"https:\\\/\\\/isf.fo\\\/#organization\",\"name\":\"\u00cdtr\u00f3ttasamband F\u00f8roya\",\"url\":\"https:\\\/\\\/isf.fo\\\/\",\"logo\":{\"@type\":\"ImageObject\",\"inLanguage\":\"en-US\",\"@id\":\"https:\\\/\\\/isf.fo\\\/#\\\/schema\\\/logo\\\/image\\\/\",\"url\":\"https:\\\/\\\/isf.fo\\\/wp-content\\\/uploads\\\/2025\\\/06\\\/ISF_Olympic-Committee-logo.png\",\"contentUrl\":\"https:\\\/\\\/isf.fo\\\/wp-content\\\/uploads\\\/2025\\\/06\\\/ISF_Olympic-Committee-logo.png\",\"width\":618,\"height\":121,\"caption\":\"\u00cdtr\u00f3ttasamband F\u00f8roya\"},\"image\":{\"@id\":\"https:\\\/\\\/isf.fo\\\/#\\\/schema\\\/logo\\\/image\\\/\"},\"sameAs\":[\"https:\\\/\\\/www.facebook.com\\\/itrottasambandid\"]}]}<\/script>\n<!-- \/ Yoast SEO plugin. -->","yoast_head_json":{"title":"Maud Wang Hansen - \u00cdtr\u00f3ttasamband F\u00f8roya","robots":{"index":"index","follow":"follow","max-snippet":"max-snippet:-1","max-image-preview":"max-image-preview:large","max-video-preview":"max-video-preview:-1"},"canonical":"https:\/\/isf.fo\/en\/itrotturin-eg\/maud-wang-hansen\/","og_locale":"en_US","og_type":"article","og_title":"Maud Wang Hansen - \u00cdtr\u00f3ttasamband F\u00f8roya","og_description":"Heimas\u00ed\u00f0an hj\u00e1 \u00cdSF setir kendum f\u00f3lki spurningar um \u00edtr\u00f3tt og r\u00f8rslu: Maud Wang Hansen, forkvinna \u00ed F\u00f8roya Pedagogfelag. Hvat gert [&hellip;]","og_url":"https:\/\/isf.fo\/en\/itrotturin-eg\/maud-wang-hansen\/","og_site_name":"\u00cdtr\u00f3ttasamband F\u00f8roya","article_publisher":"https:\/\/www.facebook.com\/itrottasambandid","og_image":[{"url":"https:\/\/isf.fo\/wp-content\/uploads\/2012\/12\/Maud.jpg","type":"","width":"","height":""}],"twitter_card":"summary_large_image","twitter_misc":{"Est. reading time":"2 minutes"},"schema":{"@context":"https:\/\/schema.org","@graph":[{"@type":"WebPage","@id":"https:\/\/isf.fo\/itrotturin-eg\/maud-wang-hansen\/","url":"https:\/\/isf.fo\/itrotturin-eg\/maud-wang-hansen\/","name":"Maud Wang Hansen - \u00cdtr\u00f3ttasamband F\u00f8roya","isPartOf":{"@id":"https:\/\/isf.fo\/#website"},"primaryImageOfPage":{"@id":"https:\/\/isf.fo\/itrotturin-eg\/maud-wang-hansen\/#primaryimage"},"image":{"@id":"https:\/\/isf.fo\/itrotturin-eg\/maud-wang-hansen\/#primaryimage"},"thumbnailUrl":"https:\/\/isf.fo\/wp-content\/uploads\/2012\/12\/Maud.jpg","datePublished":"2012-12-17T15:17:30+00:00","breadcrumb":{"@id":"https:\/\/isf.fo\/itrotturin-eg\/maud-wang-hansen\/#breadcrumb"},"inLanguage":"en-US","potentialAction":[{"@type":"ReadAction","target":["https:\/\/isf.fo\/itrotturin-eg\/maud-wang-hansen\/"]}]},{"@type":"ImageObject","inLanguage":"en-US","@id":"https:\/\/isf.fo\/itrotturin-eg\/maud-wang-hansen\/#primaryimage","url":"https:\/\/isf.fo\/wp-content\/uploads\/2012\/12\/Maud.jpg","contentUrl":"https:\/\/isf.fo\/wp-content\/uploads\/2012\/12\/Maud.jpg"},{"@type":"BreadcrumbList","@id":"https:\/\/isf.fo\/itrotturin-eg\/maud-wang-hansen\/#breadcrumb","itemListElement":[{"@type":"ListItem","position":1,"name":"Home","item":"https:\/\/isf.fo\/"},{"@type":"ListItem","position":2,"name":"\u00cdtr\u00f3tturin &#038; eg","item":"https:\/\/isf.fo\/itrotturin-eg\/"},{"@type":"ListItem","position":3,"name":"Maud Wang Hansen"}]},{"@type":"WebSite","@id":"https:\/\/isf.fo\/#website","url":"https:\/\/isf.fo\/","name":"\u00cdtr\u00f3ttasamband F\u00f8roya","description":"","publisher":{"@id":"https:\/\/isf.fo\/#organization"},"potentialAction":[{"@type":"SearchAction","target":{"@type":"EntryPoint","urlTemplate":"https:\/\/isf.fo\/?s={search_term_string}"},"query-input":{"@type":"PropertyValueSpecification","valueRequired":true,"valueName":"search_term_string"}}],"inLanguage":"en-US"},{"@type":"Organization","@id":"https:\/\/isf.fo\/#organization","name":"\u00cdtr\u00f3ttasamband F\u00f8roya","url":"https:\/\/isf.fo\/","logo":{"@type":"ImageObject","inLanguage":"en-US","@id":"https:\/\/isf.fo\/#\/schema\/logo\/image\/","url":"https:\/\/isf.fo\/wp-content\/uploads\/2025\/06\/ISF_Olympic-Committee-logo.png","contentUrl":"https:\/\/isf.fo\/wp-content\/uploads\/2025\/06\/ISF_Olympic-Committee-logo.png","width":618,"height":121,"caption":"\u00cdtr\u00f3ttasamband F\u00f8roya"},"image":{"@id":"https:\/\/isf.fo\/#\/schema\/logo\/image\/"},"sameAs":["https:\/\/www.facebook.com\/itrottasambandid"]}]}},"_links":{"self":[{"href":"https:\/\/isf.fo\/en\/wp-json\/wp\/v2\/pages\/2618","targetHints":{"allow":["GET"]}}],"collection":[{"href":"https:\/\/isf.fo\/en\/wp-json\/wp\/v2\/pages"}],"about":[{"href":"https:\/\/isf.fo\/en\/wp-json\/wp\/v2\/types\/page"}],"author":[{"embeddable":true,"href":"https:\/\/isf.fo\/en\/wp-json\/wp\/v2\/users\/6"}],"replies":[{"embeddable":true,"href":"https:\/\/isf.fo\/en\/wp-json\/wp\/v2\/comments?post=2618"}],"version-history":[{"count":1,"href":"https:\/\/isf.fo\/en\/wp-json\/wp\/v2\/pages\/2618\/revisions"}],"predecessor-version":[{"id":5252,"href":"https:\/\/isf.fo\/en\/wp-json\/wp\/v2\/pages\/2618\/revisions\/5252"}],"up":[{"embeddable":true,"href":"https:\/\/isf.fo\/en\/wp-json\/wp\/v2\/pages\/1251"}],"wp:attachment":[{"href":"https:\/\/isf.fo\/en\/wp-json\/wp\/v2\/media?parent=2618"}],"curies":[{"name":"wp","href":"https:\/\/api.w.org\/{rel}","templated":true}]}}