{"id":2652,"date":"2013-01-03T09:17:19","date_gmt":"2013-01-03T08:17:19","guid":{"rendered":"https:\/\/isf.fo\/?page_id=2652"},"modified":"2013-01-03T09:17:19","modified_gmt":"2013-01-03T08:17:19","slug":"gunva-vid-keldu","status":"publish","type":"page","link":"https:\/\/isf.fo\/en\/itrotturin-eg\/gunva-vid-keldu\/","title":{"rendered":"Gunv\u00e1 vi\u00f0 Keldu"},"content":{"rendered":"<p><a href=\"https:\/\/isf.fo\/en\/?attachment_id=2647\" rel=\"attachment wp-att-2647\"><img decoding=\"async\" data-src=\"https:\/\/d21ockg4ri0hhk.cloudfront.net\/wp-content\/uploads\/2013\/01\/30193256\/gunva.jpg\" alt=\"gunva\" width=\"600\" height=\"345\" class=\"alignnone size-full wp-image-2647 lazyload\" src=\"data:image\/svg+xml;base64,PHN2ZyB3aWR0aD0iMSIgaGVpZ2h0PSIxIiB4bWxucz0iaHR0cDovL3d3dy53My5vcmcvMjAwMC9zdmciPjwvc3ZnPg==\" style=\"--smush-placeholder-width: 600px; --smush-placeholder-aspect-ratio: 600\/345;\" \/><\/a><br \/>\n<em>Heimas\u00ed\u00f0an hj\u00e1 \u00cdSF setir kendum f\u00f3lki spurningar um \u00edtr\u00f3tt og r\u00f8rslu:<br \/>\nGunv\u00e1 vi\u00f0 Keldu, fyrrverandi borgarstj\u00f3ri \u00ed Klaksv\u00edkar Kommunu.<\/em><\/p>\n<p><strong>Hvat gert t\u00fa fyri at halda teg \u00ed form?<\/strong><br \/>\nEg gangi langar t\u00farar. Ta\u00f0 hevur veri\u00f0 eitt sindur ringt at funni\u00f0 t\u00ed\u00f0ina til ta\u00f0, men n\u00fa \u00e6tli eg m\u00e6r at hava t\u00ed\u00f0 til ta\u00f0 anna\u00f0 hv\u00f8nn dag, um ikki hv\u00f8nn!<\/p>\n<p><strong>&#8211; Ert t\u00fa limur \u00ed \u00edtr\u00f3ttarfelag?<\/strong><br \/>\nEg eri limur \u00ed K\u00cd. Ta\u00f0 bleiv eg, t\u00e1 i\u00f0 eg gj\u00f8rdist forkvinna \u00ed Mentanarnevndini hj\u00e1 b\u00fdr\u00e1\u00f0num \u00ed 2005 \ud83d\ude42<\/p>\n<p><strong>&#8211; \u00cd\u00f0ka\u00f0i t\u00fa \u00edtr\u00f3tt sum barn?<\/strong><br \/>\nJa, eg \u00ed\u00f0ka\u00f0i n\u00f3gv ymiskt. \u00cd\u00f0ka\u00f0i fimleik vi\u00f0 Klaksv\u00edkar Fimleikarfelg, svam vi\u00f0 \u00c6gir, sp\u00e6ldi badminton \u00ed Badmintonfelagnum og sp\u00e6ldi flogb\u00f3lt vi\u00f0 Mj\u00f8lni. Ta\u00f0 var Mj\u00f8lnir sum vann \u00ed s\u00ed\u00f0sta enda, og var eg um 15 \u00e1r, t\u00e1 i\u00f0 eg gavst. Eg m\u00e1tti velja \u00edmillum \u00edtr\u00f3ttin og sangin\/t\u00f3nleikin. Sangurin\/t\u00f3nleikurin vann!<\/p>\n<p><strong>&#8211; Hv\u00f8nn t\u00fddning hevur \u00edtr\u00f3ttur og r\u00f8rsla fyri teg og samfelagi\u00f0?<\/strong><br \/>\n\u00cdtr\u00f3ttur og r\u00f8rsla hava alst\u00f3ran t\u00fddning fyri \u00f8ll. Eg havi ta\u00f0 n\u00f3gv betur, t\u00e1 i\u00f0 eg taki m\u00e6r t\u00ed\u00f0 til at r\u00f8ra meg. Eg haldi at ta\u00f0 er umr\u00e1\u00f0andi at finna ta\u00f0 sum t\u00e6r d\u00e1mar, so t\u00fa kanst halda \u00e1, og gera ta\u00f0 yvir longri t\u00ed\u00f0\/\u00e1r. At halda seg vi\u00f0l\u00edka vi\u00f0 venjing ella \u00edtr\u00f3tti ger, at t\u00fa ver\u00f0ur betur fyri fysiskt, og hetta ger at t\u00fa kanska eisini fyribyrgir sj\u00fakur og anna\u00f0, sum kann koma vi\u00f0 einum l\u00edvst\u00edli, sum ikki er so sunnur. Eg haldi at r\u00f8rsla og sunnur kostur er ney\u00f0ugt, fyri at vit kunnu hava eina g\u00f3\u00f0a l\u00edvsg\u00f3\u00f0sku.<\/p>\n<p>N\u00fa veit eg ikki um vit hava t\u00f8l fyri sl\u00edkum, men eg eri v\u00eds \u00ed, at \u00edtr\u00f3tturin er ein fyribyrging av l\u00edvst\u00edlssj\u00fakum. So vit gera \u00f8ll naka\u00f0 gott fyri samfelagi\u00f0, um vit \u00ed\u00f0ka ella bara halda okkum sj\u00e1lvi vi\u00f0l\u00edka.<\/p>","protected":false},"excerpt":{"rendered":"<p>Heimas\u00ed\u00f0an hj\u00e1 \u00cdSF setir kendum f\u00f3lki spurningar um \u00edtr\u00f3tt og r\u00f8rslu: Gunv\u00e1 vi\u00f0 Keldu, fyrrverandi borgarstj\u00f3ri \u00ed Klaksv\u00edkar Kommunu. Hvat [&hellip;]<\/p>\n","protected":false},"author":6,"featured_media":0,"parent":1251,"menu_order":22,"comment_status":"open","ping_status":"closed","template":"","meta":{"_acf_changed":false,"_relevanssi_hide_post":"","_relevanssi_hide_content":"","_relevanssi_pin_for_all":"","_relevanssi_pin_keywords":"","_relevanssi_unpin_keywords":"","_relevanssi_related_keywords":"","_relevanssi_related_include_ids":"","_relevanssi_related_exclude_ids":"","_relevanssi_related_no_append":"","_relevanssi_related_not_related":"","_relevanssi_related_posts":"","_relevanssi_noindex_reason":"","inline_featured_image":false,"footnotes":""},"class_list":["post-2652","page","type-page","status-publish","hentry"],"acf":[],"yoast_head":"<!-- This site is optimized with the Yoast SEO plugin v27.3 - https:\/\/yoast.com\/product\/yoast-seo-wordpress\/ -->\n<title>Gunv\u00e1 vi\u00f0 Keldu - \u00cdtr\u00f3ttasamband F\u00f8roya<\/title>\n<meta name=\"robots\" content=\"index, follow, max-snippet:-1, max-image-preview:large, max-video-preview:-1\" \/>\n<link rel=\"canonical\" href=\"https:\/\/isf.fo\/en\/itrotturin-eg\/gunva-vid-keldu\/\" \/>\n<meta property=\"og:locale\" content=\"en_US\" \/>\n<meta property=\"og:type\" content=\"article\" \/>\n<meta property=\"og:title\" content=\"Gunv\u00e1 vi\u00f0 Keldu - \u00cdtr\u00f3ttasamband F\u00f8roya\" \/>\n<meta property=\"og:description\" content=\"Heimas\u00ed\u00f0an hj\u00e1 \u00cdSF setir kendum f\u00f3lki spurningar um \u00edtr\u00f3tt og r\u00f8rslu: Gunv\u00e1 vi\u00f0 Keldu, fyrrverandi borgarstj\u00f3ri \u00ed Klaksv\u00edkar Kommunu. Hvat [&hellip;]\" \/>\n<meta property=\"og:url\" content=\"https:\/\/isf.fo\/en\/itrotturin-eg\/gunva-vid-keldu\/\" \/>\n<meta property=\"og:site_name\" content=\"\u00cdtr\u00f3ttasamband F\u00f8roya\" \/>\n<meta property=\"article:publisher\" content=\"https:\/\/www.facebook.com\/itrottasambandid\" \/>\n<meta property=\"og:image\" content=\"https:\/\/isf.fo\/wp-content\/uploads\/2013\/01\/gunva.jpg\" \/>\n<meta name=\"twitter:card\" content=\"summary_large_image\" \/>\n<meta name=\"twitter:label1\" content=\"Est. reading time\" \/>\n\t<meta name=\"twitter:data1\" content=\"2 minutes\" \/>\n<script type=\"application\/ld+json\" class=\"yoast-schema-graph\">{\"@context\":\"https:\\\/\\\/schema.org\",\"@graph\":[{\"@type\":\"WebPage\",\"@id\":\"https:\\\/\\\/isf.fo\\\/itrotturin-eg\\\/gunva-vid-keldu\\\/\",\"url\":\"https:\\\/\\\/isf.fo\\\/itrotturin-eg\\\/gunva-vid-keldu\\\/\",\"name\":\"Gunv\u00e1 vi\u00f0 Keldu - \u00cdtr\u00f3ttasamband F\u00f8roya\",\"isPartOf\":{\"@id\":\"https:\\\/\\\/isf.fo\\\/#website\"},\"primaryImageOfPage\":{\"@id\":\"https:\\\/\\\/isf.fo\\\/itrotturin-eg\\\/gunva-vid-keldu\\\/#primaryimage\"},\"image\":{\"@id\":\"https:\\\/\\\/isf.fo\\\/itrotturin-eg\\\/gunva-vid-keldu\\\/#primaryimage\"},\"thumbnailUrl\":\"https:\\\/\\\/isf.fo\\\/wp-content\\\/uploads\\\/2013\\\/01\\\/gunva.jpg\",\"datePublished\":\"2013-01-03T08:17:19+00:00\",\"breadcrumb\":{\"@id\":\"https:\\\/\\\/isf.fo\\\/itrotturin-eg\\\/gunva-vid-keldu\\\/#breadcrumb\"},\"inLanguage\":\"en-US\",\"potentialAction\":[{\"@type\":\"ReadAction\",\"target\":[\"https:\\\/\\\/isf.fo\\\/itrotturin-eg\\\/gunva-vid-keldu\\\/\"]}]},{\"@type\":\"ImageObject\",\"inLanguage\":\"en-US\",\"@id\":\"https:\\\/\\\/isf.fo\\\/itrotturin-eg\\\/gunva-vid-keldu\\\/#primaryimage\",\"url\":\"https:\\\/\\\/isf.fo\\\/wp-content\\\/uploads\\\/2013\\\/01\\\/gunva.jpg\",\"contentUrl\":\"https:\\\/\\\/isf.fo\\\/wp-content\\\/uploads\\\/2013\\\/01\\\/gunva.jpg\"},{\"@type\":\"BreadcrumbList\",\"@id\":\"https:\\\/\\\/isf.fo\\\/itrotturin-eg\\\/gunva-vid-keldu\\\/#breadcrumb\",\"itemListElement\":[{\"@type\":\"ListItem\",\"position\":1,\"name\":\"Home\",\"item\":\"https:\\\/\\\/isf.fo\\\/\"},{\"@type\":\"ListItem\",\"position\":2,\"name\":\"\u00cdtr\u00f3tturin &#038; eg\",\"item\":\"https:\\\/\\\/isf.fo\\\/itrotturin-eg\\\/\"},{\"@type\":\"ListItem\",\"position\":3,\"name\":\"Gunv\u00e1 vi\u00f0 Keldu\"}]},{\"@type\":\"WebSite\",\"@id\":\"https:\\\/\\\/isf.fo\\\/#website\",\"url\":\"https:\\\/\\\/isf.fo\\\/\",\"name\":\"\u00cdtr\u00f3ttasamband F\u00f8roya\",\"description\":\"\",\"publisher\":{\"@id\":\"https:\\\/\\\/isf.fo\\\/#organization\"},\"potentialAction\":[{\"@type\":\"SearchAction\",\"target\":{\"@type\":\"EntryPoint\",\"urlTemplate\":\"https:\\\/\\\/isf.fo\\\/?s={search_term_string}\"},\"query-input\":{\"@type\":\"PropertyValueSpecification\",\"valueRequired\":true,\"valueName\":\"search_term_string\"}}],\"inLanguage\":\"en-US\"},{\"@type\":\"Organization\",\"@id\":\"https:\\\/\\\/isf.fo\\\/#organization\",\"name\":\"\u00cdtr\u00f3ttasamband F\u00f8roya\",\"url\":\"https:\\\/\\\/isf.fo\\\/\",\"logo\":{\"@type\":\"ImageObject\",\"inLanguage\":\"en-US\",\"@id\":\"https:\\\/\\\/isf.fo\\\/#\\\/schema\\\/logo\\\/image\\\/\",\"url\":\"https:\\\/\\\/isf.fo\\\/wp-content\\\/uploads\\\/2025\\\/06\\\/ISF_Olympic-Committee-logo.png\",\"contentUrl\":\"https:\\\/\\\/isf.fo\\\/wp-content\\\/uploads\\\/2025\\\/06\\\/ISF_Olympic-Committee-logo.png\",\"width\":618,\"height\":121,\"caption\":\"\u00cdtr\u00f3ttasamband F\u00f8roya\"},\"image\":{\"@id\":\"https:\\\/\\\/isf.fo\\\/#\\\/schema\\\/logo\\\/image\\\/\"},\"sameAs\":[\"https:\\\/\\\/www.facebook.com\\\/itrottasambandid\"]}]}<\/script>\n<!-- \/ Yoast SEO plugin. -->","yoast_head_json":{"title":"Gunv\u00e1 vi\u00f0 Keldu - \u00cdtr\u00f3ttasamband F\u00f8roya","robots":{"index":"index","follow":"follow","max-snippet":"max-snippet:-1","max-image-preview":"max-image-preview:large","max-video-preview":"max-video-preview:-1"},"canonical":"https:\/\/isf.fo\/en\/itrotturin-eg\/gunva-vid-keldu\/","og_locale":"en_US","og_type":"article","og_title":"Gunv\u00e1 vi\u00f0 Keldu - \u00cdtr\u00f3ttasamband F\u00f8roya","og_description":"Heimas\u00ed\u00f0an hj\u00e1 \u00cdSF setir kendum f\u00f3lki spurningar um \u00edtr\u00f3tt og r\u00f8rslu: Gunv\u00e1 vi\u00f0 Keldu, fyrrverandi borgarstj\u00f3ri \u00ed Klaksv\u00edkar Kommunu. Hvat [&hellip;]","og_url":"https:\/\/isf.fo\/en\/itrotturin-eg\/gunva-vid-keldu\/","og_site_name":"\u00cdtr\u00f3ttasamband F\u00f8roya","article_publisher":"https:\/\/www.facebook.com\/itrottasambandid","og_image":[{"url":"https:\/\/isf.fo\/wp-content\/uploads\/2013\/01\/gunva.jpg","type":"","width":"","height":""}],"twitter_card":"summary_large_image","twitter_misc":{"Est. reading time":"2 minutes"},"schema":{"@context":"https:\/\/schema.org","@graph":[{"@type":"WebPage","@id":"https:\/\/isf.fo\/itrotturin-eg\/gunva-vid-keldu\/","url":"https:\/\/isf.fo\/itrotturin-eg\/gunva-vid-keldu\/","name":"Gunv\u00e1 vi\u00f0 Keldu - \u00cdtr\u00f3ttasamband F\u00f8roya","isPartOf":{"@id":"https:\/\/isf.fo\/#website"},"primaryImageOfPage":{"@id":"https:\/\/isf.fo\/itrotturin-eg\/gunva-vid-keldu\/#primaryimage"},"image":{"@id":"https:\/\/isf.fo\/itrotturin-eg\/gunva-vid-keldu\/#primaryimage"},"thumbnailUrl":"https:\/\/isf.fo\/wp-content\/uploads\/2013\/01\/gunva.jpg","datePublished":"2013-01-03T08:17:19+00:00","breadcrumb":{"@id":"https:\/\/isf.fo\/itrotturin-eg\/gunva-vid-keldu\/#breadcrumb"},"inLanguage":"en-US","potentialAction":[{"@type":"ReadAction","target":["https:\/\/isf.fo\/itrotturin-eg\/gunva-vid-keldu\/"]}]},{"@type":"ImageObject","inLanguage":"en-US","@id":"https:\/\/isf.fo\/itrotturin-eg\/gunva-vid-keldu\/#primaryimage","url":"https:\/\/isf.fo\/wp-content\/uploads\/2013\/01\/gunva.jpg","contentUrl":"https:\/\/isf.fo\/wp-content\/uploads\/2013\/01\/gunva.jpg"},{"@type":"BreadcrumbList","@id":"https:\/\/isf.fo\/itrotturin-eg\/gunva-vid-keldu\/#breadcrumb","itemListElement":[{"@type":"ListItem","position":1,"name":"Home","item":"https:\/\/isf.fo\/"},{"@type":"ListItem","position":2,"name":"\u00cdtr\u00f3tturin &#038; eg","item":"https:\/\/isf.fo\/itrotturin-eg\/"},{"@type":"ListItem","position":3,"name":"Gunv\u00e1 vi\u00f0 Keldu"}]},{"@type":"WebSite","@id":"https:\/\/isf.fo\/#website","url":"https:\/\/isf.fo\/","name":"\u00cdtr\u00f3ttasamband F\u00f8roya","description":"","publisher":{"@id":"https:\/\/isf.fo\/#organization"},"potentialAction":[{"@type":"SearchAction","target":{"@type":"EntryPoint","urlTemplate":"https:\/\/isf.fo\/?s={search_term_string}"},"query-input":{"@type":"PropertyValueSpecification","valueRequired":true,"valueName":"search_term_string"}}],"inLanguage":"en-US"},{"@type":"Organization","@id":"https:\/\/isf.fo\/#organization","name":"\u00cdtr\u00f3ttasamband F\u00f8roya","url":"https:\/\/isf.fo\/","logo":{"@type":"ImageObject","inLanguage":"en-US","@id":"https:\/\/isf.fo\/#\/schema\/logo\/image\/","url":"https:\/\/isf.fo\/wp-content\/uploads\/2025\/06\/ISF_Olympic-Committee-logo.png","contentUrl":"https:\/\/isf.fo\/wp-content\/uploads\/2025\/06\/ISF_Olympic-Committee-logo.png","width":618,"height":121,"caption":"\u00cdtr\u00f3ttasamband F\u00f8roya"},"image":{"@id":"https:\/\/isf.fo\/#\/schema\/logo\/image\/"},"sameAs":["https:\/\/www.facebook.com\/itrottasambandid"]}]}},"_links":{"self":[{"href":"https:\/\/isf.fo\/en\/wp-json\/wp\/v2\/pages\/2652","targetHints":{"allow":["GET"]}}],"collection":[{"href":"https:\/\/isf.fo\/en\/wp-json\/wp\/v2\/pages"}],"about":[{"href":"https:\/\/isf.fo\/en\/wp-json\/wp\/v2\/types\/page"}],"author":[{"embeddable":true,"href":"https:\/\/isf.fo\/en\/wp-json\/wp\/v2\/users\/6"}],"replies":[{"embeddable":true,"href":"https:\/\/isf.fo\/en\/wp-json\/wp\/v2\/comments?post=2652"}],"version-history":[{"count":1,"href":"https:\/\/isf.fo\/en\/wp-json\/wp\/v2\/pages\/2652\/revisions"}],"predecessor-version":[{"id":5253,"href":"https:\/\/isf.fo\/en\/wp-json\/wp\/v2\/pages\/2652\/revisions\/5253"}],"up":[{"embeddable":true,"href":"https:\/\/isf.fo\/en\/wp-json\/wp\/v2\/pages\/1251"}],"wp:attachment":[{"href":"https:\/\/isf.fo\/en\/wp-json\/wp\/v2\/media?parent=2652"}],"curies":[{"name":"wp","href":"https:\/\/api.w.org\/{rel}","templated":true}]}}