{"id":3010,"date":"2013-04-30T11:35:56","date_gmt":"2013-04-30T10:35:56","guid":{"rendered":"https:\/\/isf.fo\/?page_id=3010"},"modified":"2017-03-31T15:25:04","modified_gmt":"2017-03-31T15:25:04","slug":"john-william-joensen","status":"publish","type":"page","link":"https:\/\/isf.fo\/en\/itrotturin-eg\/john-william-joensen\/","title":{"rendered":"John William Joensen"},"content":{"rendered":"<p><em><a href=\"https:\/\/d21ockg4ri0hhk.cloudfront.net\/wp-content\/uploads\/2013\/04\/30193201\/john-william-joensen.jpg\" rel=\"attachment wp-att-5402\"><img decoding=\"async\" class=\"alignright size-medium wp-image-5402 lazyload\" data-src=\"https:\/\/d21ockg4ri0hhk.cloudfront.net\/wp-content\/uploads\/2013\/04\/30193201\/john-william-joensen-300x173.jpg\" alt=\"\" width=\"300\" height=\"173\" data-srcset=\"https:\/\/d21ockg4ri0hhk.cloudfront.net\/wp-content\/uploads\/2013\/04\/30193201\/john-william-joensen-300x173.jpg 300w, https:\/\/d21ockg4ri0hhk.cloudfront.net\/wp-content\/uploads\/2013\/04\/30193201\/john-william-joensen.jpg 640w\" data-sizes=\"(max-width: 300px) 100vw, 300px\" src=\"data:image\/svg+xml;base64,PHN2ZyB3aWR0aD0iMSIgaGVpZ2h0PSIxIiB4bWxucz0iaHR0cDovL3d3dy53My5vcmcvMjAwMC9zdmciPjwvc3ZnPg==\" style=\"--smush-placeholder-width: 300px; --smush-placeholder-aspect-ratio: 300\/173;\" \/><\/a>Heimas\u00ed\u00f0an hj\u00e1 \u00cdSF setir kendum f\u00f3lki spurningar um \u00edtr\u00f3tt og r\u00f8rslu:<br \/>\nHesa fer\u00f0 er gesturin John William Joensen, bla\u00f0stj\u00f3ri \u00e1 Nor\u00f0l\u00fdsinum<\/em><\/p>\n<p><strong>Hvat gert t\u00fa fyri at halda teg \u00ed form?<\/strong><br \/>\nEg haldi meg \u00ed form vi\u00f0 at hj\u00fakla um konu og b\u00f8rn. Eisini er ein vatnfl\u00f8ska fr\u00e1 F\u00f8roya Bj\u00f3r tryggur fylgisneyti!<\/p>\n<p><strong>Ert t\u00fa limur \u00ed \u00edtr\u00f3ttarfelag?\u2028<\/strong><br \/>\nHavi bara veri\u00f0 limur \u00ed K\u00cd og fari\u00f0 onganti\u00f0 av skifta felag, so leingi sum eg hava vit og skil.<\/p>\n<p><strong>\u00cd\u00f0ka\u00f0i t\u00fa \u00edtr\u00f3tt sum barn?<\/strong><br \/>\nHavi alt\u00ed\u00f0 sp\u00e6lt vi\u00f0 K\u00cd s\u00ed\u00f0ani pilta\u00e1rini og havi eisini sta\u00f0i\u00f0 n\u00f3gv \u00e1 sk\u00ed sum barn og ungur &#8211; t\u00f3 kavin vitjar ikki longur.<\/p>\n<p><strong>Hv\u00f8nn t\u00fddning hevur \u00edtr\u00f3ttur og r\u00f8rsla fyri teg og samfelagi\u00f0?<\/strong><br \/>\n\u00cdtr\u00f3ttur og r\u00f8rsla hava st\u00f3ran t\u00fddning fyri samfelagi\u00f0 &#8211; men eg haldi t\u00f3, at samfelagi\u00f0 \u00ed dag hevur st\u00f8rri t\u00f8rv \u00e1 at standa saman og geva s\u00e6r stundir til samveru. At fara \u00fat at renna er ikki gott fyri sosialu samveruna &#8211; har hevur ein hugnaligur biti saman vi\u00f0 familju og vinf\u00f3lki n\u00f3gv st\u00f8rri t\u00fddning.<\/p>\n<p>Var ta\u00f0 ikki fyri ta\u00f0 \u00cdSF og tey, sum gera \u00f3l\u00f8nt arbei\u00f0i, var einki samfelag! Um vit bara h\u00f8vdu ta\u00f0, sum f\u00f3lk hava fingi\u00f0 l\u00f8n fyri &#8211; so var sera l\u00edti\u00f0. Tr\u00fagvi, at f\u00f3lkatali\u00f0 \u00ed landinum hev\u00f0i veri\u00f0 helvtina minni, um vit ikki h\u00f8vdu f\u00f3lk sum gera \u00f3l\u00f8nt arbei\u00f0i.<\/p>\n<p>Tey 35 \u00e1rini, eg var aktivur \u00ed \u00edtr\u00f3ttarfelagskapi, fekk eg ongant\u00ed\u00f0 eina kr\u00f3nu, men ta\u00f0 besta er, at eg fekk h\u00f3pin av vinf\u00f3lkum og ein brei\u00f0an og samansettan vinaskara. Eisini hava eg uppliva\u00f0, hvussu st\u00f3ran mun gott ungd\u00f3msarbei\u00f0i ger. Ta\u00f0 mugu og skulu itr\u00f3ttarlei\u00f0arar leggja s\u00e6r \u00ed geyma, at ungd\u00f3msarbei\u00f0i er grundarlagi\u00f0 undir \u00farvals\u00edtr\u00f3tt &#8211; har hevur ta\u00f0 alst\u00f3ran t\u00fddning at halda hesi b\u00e6\u00f0i atskild!! Eingin m\u00e1 offra ungd\u00f3msarbei\u00f0i\u00f0 fyri eina medalju &#8211; hetta er mest grundleggjandi m\u00e1lsetningurin undir einum felag, sum vil vaksa og tr\u00edvast.<\/p>","protected":false},"excerpt":{"rendered":"<p>Heimas\u00ed\u00f0an hj\u00e1 \u00cdSF setir kendum f\u00f3lki spurningar um \u00edtr\u00f3tt og r\u00f8rslu: Hesa fer\u00f0 er gesturin John William Joensen, bla\u00f0stj\u00f3ri \u00e1 [&hellip;]<\/p>\n","protected":false},"author":6,"featured_media":0,"parent":1251,"menu_order":26,"comment_status":"open","ping_status":"closed","template":"","meta":{"_acf_changed":false,"_relevanssi_hide_post":"","_relevanssi_hide_content":"","_relevanssi_pin_for_all":"","_relevanssi_pin_keywords":"","_relevanssi_unpin_keywords":"","_relevanssi_related_keywords":"","_relevanssi_related_include_ids":"","_relevanssi_related_exclude_ids":"","_relevanssi_related_no_append":"","_relevanssi_related_not_related":"","_relevanssi_related_posts":"","_relevanssi_noindex_reason":"","inline_featured_image":false,"footnotes":""},"class_list":["post-3010","page","type-page","status-publish","hentry"],"acf":[],"yoast_head":"<!-- This site is optimized with the Yoast SEO plugin v27.5 - https:\/\/yoast.com\/product\/yoast-seo-wordpress\/ -->\n<title>John William Joensen - \u00cdtr\u00f3ttasamband F\u00f8roya<\/title>\n<meta name=\"robots\" content=\"index, follow, max-snippet:-1, max-image-preview:large, max-video-preview:-1\" \/>\n<link rel=\"canonical\" href=\"https:\/\/isf.fo\/en\/itrotturin-eg\/john-william-joensen\/\" \/>\n<meta property=\"og:locale\" content=\"en_US\" \/>\n<meta property=\"og:type\" content=\"article\" \/>\n<meta property=\"og:title\" content=\"John William Joensen - \u00cdtr\u00f3ttasamband F\u00f8roya\" \/>\n<meta property=\"og:description\" content=\"Heimas\u00ed\u00f0an hj\u00e1 \u00cdSF setir kendum f\u00f3lki spurningar um \u00edtr\u00f3tt og r\u00f8rslu: Hesa fer\u00f0 er gesturin John William Joensen, bla\u00f0stj\u00f3ri \u00e1 [&hellip;]\" \/>\n<meta property=\"og:url\" content=\"https:\/\/isf.fo\/en\/itrotturin-eg\/john-william-joensen\/\" \/>\n<meta property=\"og:site_name\" content=\"\u00cdtr\u00f3ttasamband F\u00f8roya\" \/>\n<meta property=\"article:publisher\" content=\"https:\/\/www.facebook.com\/itrottasambandid\" \/>\n<meta property=\"article:modified_time\" content=\"2017-03-31T15:25:04+00:00\" \/>\n<meta property=\"og:image\" content=\"https:\/\/isf.fo\/wp-content\/uploads\/2013\/04\/john-william-joensen-300x173.jpg\" \/>\n<meta name=\"twitter:card\" content=\"summary_large_image\" \/>\n<meta name=\"twitter:label1\" content=\"Est. reading time\" \/>\n\t<meta name=\"twitter:data1\" content=\"2 minutes\" \/>\n<script type=\"application\/ld+json\" class=\"yoast-schema-graph\">{\"@context\":\"https:\\\/\\\/schema.org\",\"@graph\":[{\"@type\":\"WebPage\",\"@id\":\"https:\\\/\\\/isf.fo\\\/itrotturin-eg\\\/john-william-joensen\\\/\",\"url\":\"https:\\\/\\\/isf.fo\\\/itrotturin-eg\\\/john-william-joensen\\\/\",\"name\":\"John William Joensen - \u00cdtr\u00f3ttasamband F\u00f8roya\",\"isPartOf\":{\"@id\":\"https:\\\/\\\/isf.fo\\\/#website\"},\"primaryImageOfPage\":{\"@id\":\"https:\\\/\\\/isf.fo\\\/itrotturin-eg\\\/john-william-joensen\\\/#primaryimage\"},\"image\":{\"@id\":\"https:\\\/\\\/isf.fo\\\/itrotturin-eg\\\/john-william-joensen\\\/#primaryimage\"},\"thumbnailUrl\":\"https:\\\/\\\/isf.fo\\\/wp-content\\\/uploads\\\/2013\\\/04\\\/john-william-joensen-300x173.jpg\",\"datePublished\":\"2013-04-30T10:35:56+00:00\",\"dateModified\":\"2017-03-31T15:25:04+00:00\",\"breadcrumb\":{\"@id\":\"https:\\\/\\\/isf.fo\\\/itrotturin-eg\\\/john-william-joensen\\\/#breadcrumb\"},\"inLanguage\":\"en-US\",\"potentialAction\":[{\"@type\":\"ReadAction\",\"target\":[\"https:\\\/\\\/isf.fo\\\/itrotturin-eg\\\/john-william-joensen\\\/\"]}]},{\"@type\":\"ImageObject\",\"inLanguage\":\"en-US\",\"@id\":\"https:\\\/\\\/isf.fo\\\/itrotturin-eg\\\/john-william-joensen\\\/#primaryimage\",\"url\":\"https:\\\/\\\/isf.fo\\\/wp-content\\\/uploads\\\/2013\\\/04\\\/john-william-joensen-300x173.jpg\",\"contentUrl\":\"https:\\\/\\\/isf.fo\\\/wp-content\\\/uploads\\\/2013\\\/04\\\/john-william-joensen-300x173.jpg\"},{\"@type\":\"BreadcrumbList\",\"@id\":\"https:\\\/\\\/isf.fo\\\/itrotturin-eg\\\/john-william-joensen\\\/#breadcrumb\",\"itemListElement\":[{\"@type\":\"ListItem\",\"position\":1,\"name\":\"Home\",\"item\":\"https:\\\/\\\/isf.fo\\\/\"},{\"@type\":\"ListItem\",\"position\":2,\"name\":\"\u00cdtr\u00f3tturin &#038; eg\",\"item\":\"https:\\\/\\\/isf.fo\\\/itrotturin-eg\\\/\"},{\"@type\":\"ListItem\",\"position\":3,\"name\":\"John William Joensen\"}]},{\"@type\":\"WebSite\",\"@id\":\"https:\\\/\\\/isf.fo\\\/#website\",\"url\":\"https:\\\/\\\/isf.fo\\\/\",\"name\":\"\u00cdtr\u00f3ttasamband F\u00f8roya\",\"description\":\"\",\"publisher\":{\"@id\":\"https:\\\/\\\/isf.fo\\\/#organization\"},\"potentialAction\":[{\"@type\":\"SearchAction\",\"target\":{\"@type\":\"EntryPoint\",\"urlTemplate\":\"https:\\\/\\\/isf.fo\\\/?s={search_term_string}\"},\"query-input\":{\"@type\":\"PropertyValueSpecification\",\"valueRequired\":true,\"valueName\":\"search_term_string\"}}],\"inLanguage\":\"en-US\"},{\"@type\":\"Organization\",\"@id\":\"https:\\\/\\\/isf.fo\\\/#organization\",\"name\":\"\u00cdtr\u00f3ttasamband F\u00f8roya\",\"url\":\"https:\\\/\\\/isf.fo\\\/\",\"logo\":{\"@type\":\"ImageObject\",\"inLanguage\":\"en-US\",\"@id\":\"https:\\\/\\\/isf.fo\\\/#\\\/schema\\\/logo\\\/image\\\/\",\"url\":\"https:\\\/\\\/isf.fo\\\/wp-content\\\/uploads\\\/2025\\\/06\\\/ISF_Olympic-Committee-logo.png\",\"contentUrl\":\"https:\\\/\\\/isf.fo\\\/wp-content\\\/uploads\\\/2025\\\/06\\\/ISF_Olympic-Committee-logo.png\",\"width\":618,\"height\":121,\"caption\":\"\u00cdtr\u00f3ttasamband F\u00f8roya\"},\"image\":{\"@id\":\"https:\\\/\\\/isf.fo\\\/#\\\/schema\\\/logo\\\/image\\\/\"},\"sameAs\":[\"https:\\\/\\\/www.facebook.com\\\/itrottasambandid\"]}]}<\/script>\n<!-- \/ Yoast SEO plugin. -->","yoast_head_json":{"title":"John William Joensen - \u00cdtr\u00f3ttasamband F\u00f8roya","robots":{"index":"index","follow":"follow","max-snippet":"max-snippet:-1","max-image-preview":"max-image-preview:large","max-video-preview":"max-video-preview:-1"},"canonical":"https:\/\/isf.fo\/en\/itrotturin-eg\/john-william-joensen\/","og_locale":"en_US","og_type":"article","og_title":"John William Joensen - \u00cdtr\u00f3ttasamband F\u00f8roya","og_description":"Heimas\u00ed\u00f0an hj\u00e1 \u00cdSF setir kendum f\u00f3lki spurningar um \u00edtr\u00f3tt og r\u00f8rslu: Hesa fer\u00f0 er gesturin John William Joensen, bla\u00f0stj\u00f3ri \u00e1 [&hellip;]","og_url":"https:\/\/isf.fo\/en\/itrotturin-eg\/john-william-joensen\/","og_site_name":"\u00cdtr\u00f3ttasamband F\u00f8roya","article_publisher":"https:\/\/www.facebook.com\/itrottasambandid","article_modified_time":"2017-03-31T15:25:04+00:00","og_image":[{"url":"https:\/\/isf.fo\/wp-content\/uploads\/2013\/04\/john-william-joensen-300x173.jpg","type":"","width":"","height":""}],"twitter_card":"summary_large_image","twitter_misc":{"Est. reading time":"2 minutes"},"schema":{"@context":"https:\/\/schema.org","@graph":[{"@type":"WebPage","@id":"https:\/\/isf.fo\/itrotturin-eg\/john-william-joensen\/","url":"https:\/\/isf.fo\/itrotturin-eg\/john-william-joensen\/","name":"John William Joensen - \u00cdtr\u00f3ttasamband F\u00f8roya","isPartOf":{"@id":"https:\/\/isf.fo\/#website"},"primaryImageOfPage":{"@id":"https:\/\/isf.fo\/itrotturin-eg\/john-william-joensen\/#primaryimage"},"image":{"@id":"https:\/\/isf.fo\/itrotturin-eg\/john-william-joensen\/#primaryimage"},"thumbnailUrl":"https:\/\/isf.fo\/wp-content\/uploads\/2013\/04\/john-william-joensen-300x173.jpg","datePublished":"2013-04-30T10:35:56+00:00","dateModified":"2017-03-31T15:25:04+00:00","breadcrumb":{"@id":"https:\/\/isf.fo\/itrotturin-eg\/john-william-joensen\/#breadcrumb"},"inLanguage":"en-US","potentialAction":[{"@type":"ReadAction","target":["https:\/\/isf.fo\/itrotturin-eg\/john-william-joensen\/"]}]},{"@type":"ImageObject","inLanguage":"en-US","@id":"https:\/\/isf.fo\/itrotturin-eg\/john-william-joensen\/#primaryimage","url":"https:\/\/isf.fo\/wp-content\/uploads\/2013\/04\/john-william-joensen-300x173.jpg","contentUrl":"https:\/\/isf.fo\/wp-content\/uploads\/2013\/04\/john-william-joensen-300x173.jpg"},{"@type":"BreadcrumbList","@id":"https:\/\/isf.fo\/itrotturin-eg\/john-william-joensen\/#breadcrumb","itemListElement":[{"@type":"ListItem","position":1,"name":"Home","item":"https:\/\/isf.fo\/"},{"@type":"ListItem","position":2,"name":"\u00cdtr\u00f3tturin &#038; eg","item":"https:\/\/isf.fo\/itrotturin-eg\/"},{"@type":"ListItem","position":3,"name":"John William Joensen"}]},{"@type":"WebSite","@id":"https:\/\/isf.fo\/#website","url":"https:\/\/isf.fo\/","name":"\u00cdtr\u00f3ttasamband F\u00f8roya","description":"","publisher":{"@id":"https:\/\/isf.fo\/#organization"},"potentialAction":[{"@type":"SearchAction","target":{"@type":"EntryPoint","urlTemplate":"https:\/\/isf.fo\/?s={search_term_string}"},"query-input":{"@type":"PropertyValueSpecification","valueRequired":true,"valueName":"search_term_string"}}],"inLanguage":"en-US"},{"@type":"Organization","@id":"https:\/\/isf.fo\/#organization","name":"\u00cdtr\u00f3ttasamband F\u00f8roya","url":"https:\/\/isf.fo\/","logo":{"@type":"ImageObject","inLanguage":"en-US","@id":"https:\/\/isf.fo\/#\/schema\/logo\/image\/","url":"https:\/\/isf.fo\/wp-content\/uploads\/2025\/06\/ISF_Olympic-Committee-logo.png","contentUrl":"https:\/\/isf.fo\/wp-content\/uploads\/2025\/06\/ISF_Olympic-Committee-logo.png","width":618,"height":121,"caption":"\u00cdtr\u00f3ttasamband F\u00f8roya"},"image":{"@id":"https:\/\/isf.fo\/#\/schema\/logo\/image\/"},"sameAs":["https:\/\/www.facebook.com\/itrottasambandid"]}]}},"_links":{"self":[{"href":"https:\/\/isf.fo\/en\/wp-json\/wp\/v2\/pages\/3010","targetHints":{"allow":["GET"]}}],"collection":[{"href":"https:\/\/isf.fo\/en\/wp-json\/wp\/v2\/pages"}],"about":[{"href":"https:\/\/isf.fo\/en\/wp-json\/wp\/v2\/types\/page"}],"author":[{"embeddable":true,"href":"https:\/\/isf.fo\/en\/wp-json\/wp\/v2\/users\/6"}],"replies":[{"embeddable":true,"href":"https:\/\/isf.fo\/en\/wp-json\/wp\/v2\/comments?post=3010"}],"version-history":[{"count":2,"href":"https:\/\/isf.fo\/en\/wp-json\/wp\/v2\/pages\/3010\/revisions"}],"predecessor-version":[{"id":5403,"href":"https:\/\/isf.fo\/en\/wp-json\/wp\/v2\/pages\/3010\/revisions\/5403"}],"up":[{"embeddable":true,"href":"https:\/\/isf.fo\/en\/wp-json\/wp\/v2\/pages\/1251"}],"wp:attachment":[{"href":"https:\/\/isf.fo\/en\/wp-json\/wp\/v2\/media?parent=3010"}],"curies":[{"name":"wp","href":"https:\/\/api.w.org\/{rel}","templated":true}]}}