{"id":3573,"date":"2014-03-12T16:45:24","date_gmt":"2014-03-12T15:45:24","guid":{"rendered":"https:\/\/isf.fo\/?page_id=3573"},"modified":"2024-02-09T12:44:51","modified_gmt":"2024-02-09T12:44:51","slug":"itrottaferdir-vid-ssl","status":"publish","type":"page","link":"https:\/\/isf.fo\/en\/tilfar\/itrottaferdir-vid-ssl\/","title":{"rendered":"\u00cdtr\u00f3ttafer\u00f0ir vi\u00f0 SSL"},"content":{"rendered":"<p><strong>1 N\u00fdtslan<\/strong><\/p>\n<p>1) Kort kunnu framyvir bert ver\u00f0a n\u00fdtt \u00e1 ferjum hj\u00e1 SSL, og \u00ed bussum hj\u00e1 Bygdalei\u00f0um \u00ed Su\u00f0uroy. Kortini kunnu n\u00fdtast til dystir, venjingarlegur, og landsli\u00f0svenjingar. Kortini kunnu ikki ver\u00f0a n\u00fdtt til vanligar venjingar.<\/p>\n<p>2) T\u00e1 eitt \u00edtr\u00f3ttarli\u00f0 kemur \u00ed bussin ella umbor\u00f0 \u00e1 skipi\u00f0, skal fer\u00f0alei\u00f0arin (korthavarin) ganga \u00e1 odda og lata bussf\u00f8rara korti\u00f0 og uppl\u00fdsa, hvussu n\u00f3gv fer\u00f0andi (vaksin\/b\u00f8rn) eru vi\u00f0 li\u00f0num. Bussf\u00f8rarin skr\u00e1setur fer\u00f0ingina. Hetta skal gerast hv\u00f8rja fer\u00f0, fer\u00f0ast ver\u00f0ur. Korti\u00f0 skal avgrei\u00f0ast, \u00e1\u00f0renn \u00edtr\u00f3ttarf\u00f3lkini fara inn \u00ed bussin.<\/p>\n<p>3) Korthavarin hevur m\u00f8guleikan at f\u00e1a kvittan, i\u00f0 v\u00edsir, hvussu n\u00f3gv fer\u00f0andi eru. Hendan kvittan skal goymast, so hon kann ver\u00f0a v\u00edst seinni \u00e1 fer\u00f0ini.<\/p>\n<p>4) Uttan kort skal rindast fyri fer\u00f0ina.<\/p>\n<p>5) Korti\u00f0 kann bert n\u00fdtast til pers\u00f3nsflutning.<\/p>\n<p><strong>2 B\u00edlegging av fer\u00f0um vi\u00f0 bussi (\u00ed Su\u00f0uroy)<\/strong><\/p>\n<p>1) Um 10 ella fleiri f\u00f3lk eru \u00ed fer\u00f0ali\u00f0num, skal pl\u00e1ss b\u00edleggjast hj\u00e1 Strandfaraskipum Landsins \u00ed seinasta lagi 2 yrkadagar undan ynsktu fr\u00e1fer\u00f0. SSL hevur skyldu at svara 1 yrkadag undan ynsktu fr\u00e1fer\u00f0. Felagi\u00f0 er bundi\u00f0 av hesi b\u00edlegging og heftir fyri meirkostna\u00f0inum. Avl\u00fdsast kann innan kl 15:00 dagin fyri \u00e1 bilegging@ssl.fo<\/p>\n<p>2) Fer\u00f0in skal b\u00edleggjast vi\u00f0 telduposti \u00e1 bilegging@ssl.fo ella vi\u00f0 at venda s\u00e6r til Farst\u00f8\u00f0ina \u00e1 tlf. 343000.<\/p>\n<p>3) SSL kannar, um pl\u00e1ss er fyri b\u00f3lkinum ynskta t\u00far. S\u00ed\u00f0an sendir SSL j\u00e1ttandi ella noktandi svar um teldupost.<\/p>\n<p>4) Um pl\u00e1sstrot er, kann SSL finna annan t\u00far til b\u00f3lkin. SSL kann \u00edm\u00f3ti eykagjaldi seta eyka flutning inn.<\/p>\n<p>5) Sum pr\u00f3gv fyri, at t\u00farurin er b\u00edlagdur, skal SSL v\u00e1ttan v\u00edsast fram innan fr\u00e1fer\u00f0. Um b\u00f3lkurin ikki hevur v\u00e1ttan, hevur f\u00f8rarin ikki skyldu at taka b\u00f3lkin vi\u00f0.<\/p>\n<p><strong>3 Um skipanina<\/strong><\/p>\n<p>1) Kortini til sersambond, d\u00f3marar og landsli\u00f0sleikarar ver\u00f0a \u00fatfl\u00fdggja\u00f0 sersambondunum, sum so \u00fatfl\u00fdggja tey til s\u00ednar limir.<\/p>\n<p>2) Treytin at fel\u00f8g f\u00e1a \u00fatfl\u00fdggja\u00f0 s\u00edni kort er, at tey hava s\u00edni limavi\u00f0urskifti vi\u00f0 avvarandi sersamband\/sersambond \u00ed lagi.<\/p>\n<p>3) Korti\u00f0 eru varandi. Ta\u00f0 merkir, at ta\u00f0 kann ver\u00f0a br\u00fakt \u00e1r eftir \u00e1r. Korti\u00f0 er elektroniskt og inniheldur eitt \u201cmicrochip\u201d. Hetta merkir, at korti\u00f0 skal handfarast varliga. Korti\u00f0 m\u00e1 ikki boyggjast ella leggjast n\u00e6r sterkum hita. Somulei\u00f0is kunnu sterk magnetfelt \u00e1virka korti\u00f0.<\/p>\n<p>4) Korti\u00f0 kostar 50 kr. Ver\u00f0ur kort burturmist ella oy\u00f0ilagt og t\u00ed m\u00e1 endurn\u00fdggjast, ver\u00f0a kravdar 1000 kr. \u00ed avgrei\u00f0slugjaldi fyri hv\u00f8rt korti\u00f0. Fel\u00f8gini rinda sj\u00e1lv hesa upph\u00e6dd.<\/p>\n<p>5) Um kort ver\u00f0ur misn\u00fdtt, ver\u00f0ur korti\u00f0 sperra\u00f0, og m\u00e1li\u00f0 ver\u00f0ur tiki\u00f0 upp til vi\u00f0ger\u00f0ar \u00ed starvsnevndini. Starvsnevndin hevur heimild at \u00e1leggja felagnum straff.<\/p>\n<p><strong>4 \u00datfl\u00fdggjanarmannagongd<\/strong><\/p>\n<p>1) Fel\u00f8gini b\u00edleggja kort um \u00cdSF. SSL sendir so fel\u00f8gunum kortini vi\u00f0 fr\u00e1bo\u00f0an til skrivstovuna hj\u00e1 \u00cdSF.<\/p>\n<p>2) Felagi\u00f0 letur m\u00f3ti kvittan \u00e1 serligt oy\u00f0ubla\u00f0 \u00e1byrgdarf\u00f3lkinum hj\u00e1 hv\u00f8rjum li\u00f0i eitt kort. Felagi\u00f0 hevur skyldu at goyma hesa kvittan.<\/p>\n<p>3) T\u00e1 kappingar\u00e1ri\u00f0 er li\u00f0ugt, skulu \u00e1byrgdarf\u00f3lkini lata felagnum kortini aftur \u00ed var\u00f0veitslu inntil n\u00e6sta kappingar\u00e1r, t\u00e1 sama \u00fatfl\u00fdggjanarmannagongd ver\u00f0ur fylgd.<\/p>\n<p><strong><em>Dagf\u00f8rt 6. februar 2024<\/em><\/strong><\/p>\n<p><em>Eru spurningar vi\u00f0v\u00edkjandi hesari skipan, kunnu tit venda tykkum til \u00cdSF \u00e1 tlf. 312606, ella senda ein teldupost til isf@isf.fo.<br \/>\n<\/em><\/p>\n<p><em>Ta\u00f0 kann taka upp til 14 dagar at f\u00e1a n\u00fdggj kort, so b\u00edleggi\u00f0 \u00ed g\u00f3\u00f0ari t\u00ed\u00f0.<\/em><\/p>\n<p><em><strong>B\u00edleggi\u00f0 kort her<\/strong><\/em>: <strong><a href=\"https:\/\/forms.gle\/UTxaaXfCopomHVua7\" target=\"_blank\" rel=\"noopener noreferrer\">HER<\/a><\/strong><\/p>","protected":false},"excerpt":{"rendered":"<p>1 N\u00fdtslan 1) Kort kunnu framyvir bert ver\u00f0a n\u00fdtt \u00e1 ferjum hj\u00e1 SSL, og \u00ed bussum hj\u00e1 Bygdalei\u00f0um \u00ed Su\u00f0uroy. [&hellip;]<\/p>\n","protected":false},"author":6,"featured_media":0,"parent":422,"menu_order":1,"comment_status":"closed","ping_status":"closed","template":"","meta":{"_acf_changed":false,"_relevanssi_hide_post":"","_relevanssi_hide_content":"","_relevanssi_pin_for_all":"","_relevanssi_pin_keywords":"","_relevanssi_unpin_keywords":"","_relevanssi_related_keywords":"","_relevanssi_related_include_ids":"","_relevanssi_related_exclude_ids":"","_relevanssi_related_no_append":"","_relevanssi_related_not_related":"","_relevanssi_related_posts":"","_relevanssi_noindex_reason":"","inline_featured_image":false,"footnotes":""},"class_list":["post-3573","page","type-page","status-publish","hentry"],"acf":[],"yoast_head":"<!-- This site is optimized with the Yoast SEO plugin v27.5 - https:\/\/yoast.com\/product\/yoast-seo-wordpress\/ -->\n<title>\u00cdtr\u00f3ttafer\u00f0ir vi\u00f0 SSL - \u00cdtr\u00f3ttasamband F\u00f8roya<\/title>\n<meta name=\"robots\" content=\"index, follow, max-snippet:-1, max-image-preview:large, max-video-preview:-1\" \/>\n<link rel=\"canonical\" href=\"https:\/\/isf.fo\/en\/tilfar\/itrottaferdir-vid-ssl\/\" \/>\n<meta property=\"og:locale\" content=\"en_US\" \/>\n<meta property=\"og:type\" content=\"article\" \/>\n<meta property=\"og:title\" content=\"\u00cdtr\u00f3ttafer\u00f0ir vi\u00f0 SSL - \u00cdtr\u00f3ttasamband F\u00f8roya\" \/>\n<meta property=\"og:description\" content=\"1 N\u00fdtslan 1) Kort kunnu framyvir bert ver\u00f0a n\u00fdtt \u00e1 ferjum hj\u00e1 SSL, og \u00ed bussum hj\u00e1 Bygdalei\u00f0um \u00ed Su\u00f0uroy. [&hellip;]\" \/>\n<meta property=\"og:url\" content=\"https:\/\/isf.fo\/en\/tilfar\/itrottaferdir-vid-ssl\/\" \/>\n<meta property=\"og:site_name\" content=\"\u00cdtr\u00f3ttasamband F\u00f8roya\" \/>\n<meta property=\"article:publisher\" content=\"https:\/\/www.facebook.com\/itrottasambandid\" \/>\n<meta property=\"article:modified_time\" content=\"2024-02-09T12:44:51+00:00\" \/>\n<meta name=\"twitter:card\" content=\"summary_large_image\" \/>\n<meta name=\"twitter:label1\" content=\"Est. reading time\" \/>\n\t<meta name=\"twitter:data1\" content=\"3 minutes\" \/>\n<script type=\"application\/ld+json\" class=\"yoast-schema-graph\">{\"@context\":\"https:\\\/\\\/schema.org\",\"@graph\":[{\"@type\":\"WebPage\",\"@id\":\"https:\\\/\\\/isf.fo\\\/tilfar\\\/itrottaferdir-vid-ssl\\\/\",\"url\":\"https:\\\/\\\/isf.fo\\\/tilfar\\\/itrottaferdir-vid-ssl\\\/\",\"name\":\"\u00cdtr\u00f3ttafer\u00f0ir vi\u00f0 SSL - \u00cdtr\u00f3ttasamband F\u00f8roya\",\"isPartOf\":{\"@id\":\"https:\\\/\\\/isf.fo\\\/#website\"},\"datePublished\":\"2014-03-12T15:45:24+00:00\",\"dateModified\":\"2024-02-09T12:44:51+00:00\",\"breadcrumb\":{\"@id\":\"https:\\\/\\\/isf.fo\\\/tilfar\\\/itrottaferdir-vid-ssl\\\/#breadcrumb\"},\"inLanguage\":\"en-US\",\"potentialAction\":[{\"@type\":\"ReadAction\",\"target\":[\"https:\\\/\\\/isf.fo\\\/tilfar\\\/itrottaferdir-vid-ssl\\\/\"]}]},{\"@type\":\"BreadcrumbList\",\"@id\":\"https:\\\/\\\/isf.fo\\\/tilfar\\\/itrottaferdir-vid-ssl\\\/#breadcrumb\",\"itemListElement\":[{\"@type\":\"ListItem\",\"position\":1,\"name\":\"Home\",\"item\":\"https:\\\/\\\/isf.fo\\\/\"},{\"@type\":\"ListItem\",\"position\":2,\"name\":\"Tilfar\",\"item\":\"https:\\\/\\\/isf.fo\\\/tilfar\\\/\"},{\"@type\":\"ListItem\",\"position\":3,\"name\":\"\u00cdtr\u00f3ttafer\u00f0ir vi\u00f0 SSL\"}]},{\"@type\":\"WebSite\",\"@id\":\"https:\\\/\\\/isf.fo\\\/#website\",\"url\":\"https:\\\/\\\/isf.fo\\\/\",\"name\":\"\u00cdtr\u00f3ttasamband F\u00f8roya\",\"description\":\"\",\"publisher\":{\"@id\":\"https:\\\/\\\/isf.fo\\\/#organization\"},\"potentialAction\":[{\"@type\":\"SearchAction\",\"target\":{\"@type\":\"EntryPoint\",\"urlTemplate\":\"https:\\\/\\\/isf.fo\\\/?s={search_term_string}\"},\"query-input\":{\"@type\":\"PropertyValueSpecification\",\"valueRequired\":true,\"valueName\":\"search_term_string\"}}],\"inLanguage\":\"en-US\"},{\"@type\":\"Organization\",\"@id\":\"https:\\\/\\\/isf.fo\\\/#organization\",\"name\":\"\u00cdtr\u00f3ttasamband F\u00f8roya\",\"url\":\"https:\\\/\\\/isf.fo\\\/\",\"logo\":{\"@type\":\"ImageObject\",\"inLanguage\":\"en-US\",\"@id\":\"https:\\\/\\\/isf.fo\\\/#\\\/schema\\\/logo\\\/image\\\/\",\"url\":\"https:\\\/\\\/isf.fo\\\/wp-content\\\/uploads\\\/2025\\\/06\\\/ISF_Olympic-Committee-logo.png\",\"contentUrl\":\"https:\\\/\\\/isf.fo\\\/wp-content\\\/uploads\\\/2025\\\/06\\\/ISF_Olympic-Committee-logo.png\",\"width\":618,\"height\":121,\"caption\":\"\u00cdtr\u00f3ttasamband F\u00f8roya\"},\"image\":{\"@id\":\"https:\\\/\\\/isf.fo\\\/#\\\/schema\\\/logo\\\/image\\\/\"},\"sameAs\":[\"https:\\\/\\\/www.facebook.com\\\/itrottasambandid\"]}]}<\/script>\n<!-- \/ Yoast SEO plugin. -->","yoast_head_json":{"title":"\u00cdtr\u00f3ttafer\u00f0ir vi\u00f0 SSL - \u00cdtr\u00f3ttasamband F\u00f8roya","robots":{"index":"index","follow":"follow","max-snippet":"max-snippet:-1","max-image-preview":"max-image-preview:large","max-video-preview":"max-video-preview:-1"},"canonical":"https:\/\/isf.fo\/en\/tilfar\/itrottaferdir-vid-ssl\/","og_locale":"en_US","og_type":"article","og_title":"\u00cdtr\u00f3ttafer\u00f0ir vi\u00f0 SSL - \u00cdtr\u00f3ttasamband F\u00f8roya","og_description":"1 N\u00fdtslan 1) Kort kunnu framyvir bert ver\u00f0a n\u00fdtt \u00e1 ferjum hj\u00e1 SSL, og \u00ed bussum hj\u00e1 Bygdalei\u00f0um \u00ed Su\u00f0uroy. [&hellip;]","og_url":"https:\/\/isf.fo\/en\/tilfar\/itrottaferdir-vid-ssl\/","og_site_name":"\u00cdtr\u00f3ttasamband F\u00f8roya","article_publisher":"https:\/\/www.facebook.com\/itrottasambandid","article_modified_time":"2024-02-09T12:44:51+00:00","twitter_card":"summary_large_image","twitter_misc":{"Est. reading time":"3 minutes"},"schema":{"@context":"https:\/\/schema.org","@graph":[{"@type":"WebPage","@id":"https:\/\/isf.fo\/tilfar\/itrottaferdir-vid-ssl\/","url":"https:\/\/isf.fo\/tilfar\/itrottaferdir-vid-ssl\/","name":"\u00cdtr\u00f3ttafer\u00f0ir vi\u00f0 SSL - \u00cdtr\u00f3ttasamband F\u00f8roya","isPartOf":{"@id":"https:\/\/isf.fo\/#website"},"datePublished":"2014-03-12T15:45:24+00:00","dateModified":"2024-02-09T12:44:51+00:00","breadcrumb":{"@id":"https:\/\/isf.fo\/tilfar\/itrottaferdir-vid-ssl\/#breadcrumb"},"inLanguage":"en-US","potentialAction":[{"@type":"ReadAction","target":["https:\/\/isf.fo\/tilfar\/itrottaferdir-vid-ssl\/"]}]},{"@type":"BreadcrumbList","@id":"https:\/\/isf.fo\/tilfar\/itrottaferdir-vid-ssl\/#breadcrumb","itemListElement":[{"@type":"ListItem","position":1,"name":"Home","item":"https:\/\/isf.fo\/"},{"@type":"ListItem","position":2,"name":"Tilfar","item":"https:\/\/isf.fo\/tilfar\/"},{"@type":"ListItem","position":3,"name":"\u00cdtr\u00f3ttafer\u00f0ir vi\u00f0 SSL"}]},{"@type":"WebSite","@id":"https:\/\/isf.fo\/#website","url":"https:\/\/isf.fo\/","name":"\u00cdtr\u00f3ttasamband F\u00f8roya","description":"","publisher":{"@id":"https:\/\/isf.fo\/#organization"},"potentialAction":[{"@type":"SearchAction","target":{"@type":"EntryPoint","urlTemplate":"https:\/\/isf.fo\/?s={search_term_string}"},"query-input":{"@type":"PropertyValueSpecification","valueRequired":true,"valueName":"search_term_string"}}],"inLanguage":"en-US"},{"@type":"Organization","@id":"https:\/\/isf.fo\/#organization","name":"\u00cdtr\u00f3ttasamband F\u00f8roya","url":"https:\/\/isf.fo\/","logo":{"@type":"ImageObject","inLanguage":"en-US","@id":"https:\/\/isf.fo\/#\/schema\/logo\/image\/","url":"https:\/\/isf.fo\/wp-content\/uploads\/2025\/06\/ISF_Olympic-Committee-logo.png","contentUrl":"https:\/\/isf.fo\/wp-content\/uploads\/2025\/06\/ISF_Olympic-Committee-logo.png","width":618,"height":121,"caption":"\u00cdtr\u00f3ttasamband F\u00f8roya"},"image":{"@id":"https:\/\/isf.fo\/#\/schema\/logo\/image\/"},"sameAs":["https:\/\/www.facebook.com\/itrottasambandid"]}]}},"_links":{"self":[{"href":"https:\/\/isf.fo\/en\/wp-json\/wp\/v2\/pages\/3573","targetHints":{"allow":["GET"]}}],"collection":[{"href":"https:\/\/isf.fo\/en\/wp-json\/wp\/v2\/pages"}],"about":[{"href":"https:\/\/isf.fo\/en\/wp-json\/wp\/v2\/types\/page"}],"author":[{"embeddable":true,"href":"https:\/\/isf.fo\/en\/wp-json\/wp\/v2\/users\/6"}],"replies":[{"embeddable":true,"href":"https:\/\/isf.fo\/en\/wp-json\/wp\/v2\/comments?post=3573"}],"version-history":[{"count":5,"href":"https:\/\/isf.fo\/en\/wp-json\/wp\/v2\/pages\/3573\/revisions"}],"predecessor-version":[{"id":11236,"href":"https:\/\/isf.fo\/en\/wp-json\/wp\/v2\/pages\/3573\/revisions\/11236"}],"up":[{"embeddable":true,"href":"https:\/\/isf.fo\/en\/wp-json\/wp\/v2\/pages\/422"}],"wp:attachment":[{"href":"https:\/\/isf.fo\/en\/wp-json\/wp\/v2\/media?parent=3573"}],"curies":[{"name":"wp","href":"https:\/\/api.w.org\/{rel}","templated":true}]}}