{"id":4063,"date":"2015-12-12T18:06:46","date_gmt":"2015-12-12T17:06:46","guid":{"rendered":"https:\/\/isf.fo\/?page_id=4063"},"modified":"2017-03-31T14:06:59","modified_gmt":"2017-03-31T14:06:59","slug":"jogvan-skorheim","status":"publish","type":"page","link":"https:\/\/isf.fo\/en\/itrotturin-eg\/jogvan-skorheim\/","title":{"rendered":"J\u00f3gvan Skorheim"},"content":{"rendered":"<p><em><strong><a href=\"https:\/\/d21ockg4ri0hhk.cloudfront.net\/wp-content\/uploads\/2015\/12\/30193311\/JS.jpg\" rel=\"attachment wp-att-4504\"><img decoding=\"async\" class=\"size-medium wp-image-4504 alignright lazyload\" data-src=\"https:\/\/d21ockg4ri0hhk.cloudfront.net\/wp-content\/uploads\/2015\/12\/30193311\/JS-300x300.jpg\" alt=\"\" width=\"300\" height=\"300\" data-srcset=\"https:\/\/d21ockg4ri0hhk.cloudfront.net\/wp-content\/uploads\/2015\/12\/30193311\/JS-300x300.jpg 300w, https:\/\/d21ockg4ri0hhk.cloudfront.net\/wp-content\/uploads\/2015\/12\/30193311\/JS-150x150.jpg 150w, https:\/\/d21ockg4ri0hhk.cloudfront.net\/wp-content\/uploads\/2015\/12\/30193311\/JS.jpg 416w\" data-sizes=\"(max-width: 300px) 100vw, 300px\" src=\"data:image\/svg+xml;base64,PHN2ZyB3aWR0aD0iMSIgaGVpZ2h0PSIxIiB4bWxucz0iaHR0cDovL3d3dy53My5vcmcvMjAwMC9zdmciPjwvc3ZnPg==\" style=\"--smush-placeholder-width: 300px; --smush-placeholder-aspect-ratio: 300\/300;\" \/><\/a><\/strong>Heimas\u00ed\u00f0an hj\u00e1 \u00cdSF setir kendum og minni kendum f\u00f3lki nakrar spurningar um \u00edtr\u00f3tt og r\u00f8rslu:<\/em><\/p>\n<p>J\u00f3gvan Skor\u00f0heim er borgarstj\u00f3ri \u00ed Klaksv\u00edkar kommunu.<\/p>\n<p><strong>\u2013 Hvat gert t\u00fa fyri at halda teg \u00ed form?<\/strong><br \/>\nM\u00e6r hevur alt\u00ed\u00f0 d\u00e1ma\u00f0 v\u00e6l at sp\u00e6lt flogb\u00f3lt, og eg havi sp\u00e6lt \u00ed Meistaradeildini vi\u00f0 Mj\u00f8lnir \u00ed Klaksv\u00edk, umframt eitt \u00e1r vi\u00f0 Fram \u00ed Havn.<\/p>\n<p>N\u00fa br\u00faki eg flestu vaknu t\u00edmarnar til arbei\u00f0i, men vi\u00f0 hv\u00f8rt taki eg sk\u00f3gvarnar fram aftur og sp\u00e6li dyst vi\u00f0 n\u00e6stbesta li\u00f0num hj\u00e1 Mj\u00f8lnir. Annars plagar d\u00f3tturin at vera r\u00f8sk at bi\u00f0ja meg koma s\u00fakklut\u00far um vikuskiftini, so t\u00e1 fara vit ofta ein g\u00f3\u00f0an t\u00far.<\/p>\n<p><strong>\u2013 Ert t\u00fa limur \u00ed \u00edtr\u00f3ttarfelag?<\/strong><br \/>\nEg eri \u00e1huga\u00f0ur \u00ed n\u00e6rum \u00f8llum \u00edtrotti, men flogb\u00f3ltur og f\u00f3tb\u00f3ltur hava alt\u00ed\u00f0 veri\u00f0 \u2018m\u00ednar\u2019 \u00edtrottargreinar. So eg eri limur \u00ed Mj\u00f8lnir og K\u00cd.<\/p>\n<p><strong>\u2013 \u00cd\u00f0ka\u00f0i t\u00fa \u00edtr\u00f3tt sum barn?<\/strong><br \/>\nSum barn sp\u00e6ldi eg f\u00f3tb\u00f3lt summarh\u00e1lvuna og flogb\u00f3lt vetrarh\u00e1lvuna. \u00cd f\u00f3tb\u00f3lti var eg m\u00e1lma\u00f0ur, \u00edme\u00f0an eg var mi\u00f0sp\u00e6lari \u00ed flogb\u00f3lti.<\/p>\n<p><strong>\u2013 Hv\u00f8nn t\u00fddning hevur \u00edtr\u00f3ttur og r\u00f8rsla fyri teg og samfelagi\u00f0?<\/strong><br \/>\nSera st\u00f3ran t\u00fddning. \u00cdgj\u00f8gnum arbei\u00f0i\u00f0 siti eg n\u00f3gvar t\u00edmar hv\u00f8nn dag, so ta\u00f0 hevur st\u00f3ran t\u00fddning, at eg vi\u00f0 hv\u00f8rt komi \u00fat og r\u00f8ri meg eitt sindur &#8211; ta\u00f0 tr\u00fagvi eg er galdandi fyri tey flestu.<\/p>\n<p>Samfelagsliga hevur ta\u00f0 risast\u00f3ran t\u00fddning fyri trivna\u00f0in, at borgarar hava umst\u00f8\u00f0ur at \u00ed\u00f0ka \u00edtrott, ta\u00f0 s\u00edggja vit \u00ed \u00f8llum f\u00f8rum \u00ed Klaksv\u00edkar kommunu. T\u00ed arbei\u00f0a vit eisini vi\u00f0 at realisera rennibreytina, sum eisini fer at innibera ein eyka f\u00f3tb\u00f3ltsv\u00f8ll. Harafturat hava vit seinnu \u00e1rini ra\u00f0fest svimjih\u00f8llina og \u00edtrottardepilin \u00ed Klaksv\u00edk sera h\u00f8gt, fyri at tryggja g\u00f3\u00f0ar karmar til \u00edtrott og r\u00f8rslu sum heild. Ta\u00f0 tykjast borgararnir hj\u00e1 okkum at vera gla\u00f0ir fyri, so ta\u00f0 hevur heilt sikkurt st\u00f3ran t\u00fddning.<\/p>","protected":false},"excerpt":{"rendered":"<p>Heimas\u00ed\u00f0an hj\u00e1 \u00cdSF setir kendum og minni kendum f\u00f3lki nakrar spurningar um \u00edtr\u00f3tt og r\u00f8rslu: J\u00f3gvan Skor\u00f0heim er borgarstj\u00f3ri \u00ed [&hellip;]<\/p>\n","protected":false},"author":6,"featured_media":0,"parent":1251,"menu_order":29,"comment_status":"closed","ping_status":"closed","template":"","meta":{"_acf_changed":false,"_relevanssi_hide_post":"","_relevanssi_hide_content":"","_relevanssi_pin_for_all":"","_relevanssi_pin_keywords":"","_relevanssi_unpin_keywords":"","_relevanssi_related_keywords":"","_relevanssi_related_include_ids":"","_relevanssi_related_exclude_ids":"","_relevanssi_related_no_append":"","_relevanssi_related_not_related":"","_relevanssi_related_posts":"","_relevanssi_noindex_reason":"","inline_featured_image":false,"footnotes":""},"class_list":["post-4063","page","type-page","status-publish","hentry"],"acf":[],"yoast_head":"<!-- This site is optimized with the Yoast SEO plugin v27.5 - https:\/\/yoast.com\/product\/yoast-seo-wordpress\/ -->\n<title>J\u00f3gvan Skorheim - \u00cdtr\u00f3ttasamband F\u00f8roya<\/title>\n<meta name=\"robots\" content=\"index, follow, max-snippet:-1, max-image-preview:large, max-video-preview:-1\" \/>\n<link rel=\"canonical\" href=\"https:\/\/isf.fo\/en\/itrotturin-eg\/jogvan-skorheim\/\" \/>\n<meta property=\"og:locale\" content=\"en_US\" \/>\n<meta property=\"og:type\" content=\"article\" \/>\n<meta property=\"og:title\" content=\"J\u00f3gvan Skorheim - \u00cdtr\u00f3ttasamband F\u00f8roya\" \/>\n<meta property=\"og:description\" content=\"Heimas\u00ed\u00f0an hj\u00e1 \u00cdSF setir kendum og minni kendum f\u00f3lki nakrar spurningar um \u00edtr\u00f3tt og r\u00f8rslu: J\u00f3gvan Skor\u00f0heim er borgarstj\u00f3ri \u00ed [&hellip;]\" \/>\n<meta property=\"og:url\" content=\"https:\/\/isf.fo\/en\/itrotturin-eg\/jogvan-skorheim\/\" \/>\n<meta property=\"og:site_name\" content=\"\u00cdtr\u00f3ttasamband F\u00f8roya\" \/>\n<meta property=\"article:publisher\" content=\"https:\/\/www.facebook.com\/itrottasambandid\" \/>\n<meta property=\"article:modified_time\" content=\"2017-03-31T14:06:59+00:00\" \/>\n<meta property=\"og:image\" content=\"https:\/\/isf.fo\/wp-content\/uploads\/2015\/12\/JS-300x300.jpg\" \/>\n<meta name=\"twitter:card\" content=\"summary_large_image\" \/>\n<meta name=\"twitter:label1\" content=\"Est. reading time\" \/>\n\t<meta name=\"twitter:data1\" content=\"2 minutes\" \/>\n<script type=\"application\/ld+json\" class=\"yoast-schema-graph\">{\"@context\":\"https:\\\/\\\/schema.org\",\"@graph\":[{\"@type\":\"WebPage\",\"@id\":\"https:\\\/\\\/isf.fo\\\/itrotturin-eg\\\/jogvan-skorheim\\\/\",\"url\":\"https:\\\/\\\/isf.fo\\\/itrotturin-eg\\\/jogvan-skorheim\\\/\",\"name\":\"J\u00f3gvan Skorheim - \u00cdtr\u00f3ttasamband F\u00f8roya\",\"isPartOf\":{\"@id\":\"https:\\\/\\\/isf.fo\\\/#website\"},\"primaryImageOfPage\":{\"@id\":\"https:\\\/\\\/isf.fo\\\/itrotturin-eg\\\/jogvan-skorheim\\\/#primaryimage\"},\"image\":{\"@id\":\"https:\\\/\\\/isf.fo\\\/itrotturin-eg\\\/jogvan-skorheim\\\/#primaryimage\"},\"thumbnailUrl\":\"https:\\\/\\\/isf.fo\\\/wp-content\\\/uploads\\\/2015\\\/12\\\/JS-300x300.jpg\",\"datePublished\":\"2015-12-12T17:06:46+00:00\",\"dateModified\":\"2017-03-31T14:06:59+00:00\",\"breadcrumb\":{\"@id\":\"https:\\\/\\\/isf.fo\\\/itrotturin-eg\\\/jogvan-skorheim\\\/#breadcrumb\"},\"inLanguage\":\"en-US\",\"potentialAction\":[{\"@type\":\"ReadAction\",\"target\":[\"https:\\\/\\\/isf.fo\\\/itrotturin-eg\\\/jogvan-skorheim\\\/\"]}]},{\"@type\":\"ImageObject\",\"inLanguage\":\"en-US\",\"@id\":\"https:\\\/\\\/isf.fo\\\/itrotturin-eg\\\/jogvan-skorheim\\\/#primaryimage\",\"url\":\"https:\\\/\\\/isf.fo\\\/wp-content\\\/uploads\\\/2015\\\/12\\\/JS-300x300.jpg\",\"contentUrl\":\"https:\\\/\\\/isf.fo\\\/wp-content\\\/uploads\\\/2015\\\/12\\\/JS-300x300.jpg\"},{\"@type\":\"BreadcrumbList\",\"@id\":\"https:\\\/\\\/isf.fo\\\/itrotturin-eg\\\/jogvan-skorheim\\\/#breadcrumb\",\"itemListElement\":[{\"@type\":\"ListItem\",\"position\":1,\"name\":\"Home\",\"item\":\"https:\\\/\\\/isf.fo\\\/\"},{\"@type\":\"ListItem\",\"position\":2,\"name\":\"\u00cdtr\u00f3tturin &#038; eg\",\"item\":\"https:\\\/\\\/isf.fo\\\/itrotturin-eg\\\/\"},{\"@type\":\"ListItem\",\"position\":3,\"name\":\"J\u00f3gvan Skorheim\"}]},{\"@type\":\"WebSite\",\"@id\":\"https:\\\/\\\/isf.fo\\\/#website\",\"url\":\"https:\\\/\\\/isf.fo\\\/\",\"name\":\"\u00cdtr\u00f3ttasamband F\u00f8roya\",\"description\":\"\",\"publisher\":{\"@id\":\"https:\\\/\\\/isf.fo\\\/#organization\"},\"potentialAction\":[{\"@type\":\"SearchAction\",\"target\":{\"@type\":\"EntryPoint\",\"urlTemplate\":\"https:\\\/\\\/isf.fo\\\/?s={search_term_string}\"},\"query-input\":{\"@type\":\"PropertyValueSpecification\",\"valueRequired\":true,\"valueName\":\"search_term_string\"}}],\"inLanguage\":\"en-US\"},{\"@type\":\"Organization\",\"@id\":\"https:\\\/\\\/isf.fo\\\/#organization\",\"name\":\"\u00cdtr\u00f3ttasamband F\u00f8roya\",\"url\":\"https:\\\/\\\/isf.fo\\\/\",\"logo\":{\"@type\":\"ImageObject\",\"inLanguage\":\"en-US\",\"@id\":\"https:\\\/\\\/isf.fo\\\/#\\\/schema\\\/logo\\\/image\\\/\",\"url\":\"https:\\\/\\\/isf.fo\\\/wp-content\\\/uploads\\\/2025\\\/06\\\/ISF_Olympic-Committee-logo.png\",\"contentUrl\":\"https:\\\/\\\/isf.fo\\\/wp-content\\\/uploads\\\/2025\\\/06\\\/ISF_Olympic-Committee-logo.png\",\"width\":618,\"height\":121,\"caption\":\"\u00cdtr\u00f3ttasamband F\u00f8roya\"},\"image\":{\"@id\":\"https:\\\/\\\/isf.fo\\\/#\\\/schema\\\/logo\\\/image\\\/\"},\"sameAs\":[\"https:\\\/\\\/www.facebook.com\\\/itrottasambandid\"]}]}<\/script>\n<!-- \/ Yoast SEO plugin. -->","yoast_head_json":{"title":"J\u00f3gvan Skorheim - \u00cdtr\u00f3ttasamband F\u00f8roya","robots":{"index":"index","follow":"follow","max-snippet":"max-snippet:-1","max-image-preview":"max-image-preview:large","max-video-preview":"max-video-preview:-1"},"canonical":"https:\/\/isf.fo\/en\/itrotturin-eg\/jogvan-skorheim\/","og_locale":"en_US","og_type":"article","og_title":"J\u00f3gvan Skorheim - \u00cdtr\u00f3ttasamband F\u00f8roya","og_description":"Heimas\u00ed\u00f0an hj\u00e1 \u00cdSF setir kendum og minni kendum f\u00f3lki nakrar spurningar um \u00edtr\u00f3tt og r\u00f8rslu: J\u00f3gvan Skor\u00f0heim er borgarstj\u00f3ri \u00ed [&hellip;]","og_url":"https:\/\/isf.fo\/en\/itrotturin-eg\/jogvan-skorheim\/","og_site_name":"\u00cdtr\u00f3ttasamband F\u00f8roya","article_publisher":"https:\/\/www.facebook.com\/itrottasambandid","article_modified_time":"2017-03-31T14:06:59+00:00","og_image":[{"url":"https:\/\/isf.fo\/wp-content\/uploads\/2015\/12\/JS-300x300.jpg","type":"","width":"","height":""}],"twitter_card":"summary_large_image","twitter_misc":{"Est. reading time":"2 minutes"},"schema":{"@context":"https:\/\/schema.org","@graph":[{"@type":"WebPage","@id":"https:\/\/isf.fo\/itrotturin-eg\/jogvan-skorheim\/","url":"https:\/\/isf.fo\/itrotturin-eg\/jogvan-skorheim\/","name":"J\u00f3gvan Skorheim - \u00cdtr\u00f3ttasamband F\u00f8roya","isPartOf":{"@id":"https:\/\/isf.fo\/#website"},"primaryImageOfPage":{"@id":"https:\/\/isf.fo\/itrotturin-eg\/jogvan-skorheim\/#primaryimage"},"image":{"@id":"https:\/\/isf.fo\/itrotturin-eg\/jogvan-skorheim\/#primaryimage"},"thumbnailUrl":"https:\/\/isf.fo\/wp-content\/uploads\/2015\/12\/JS-300x300.jpg","datePublished":"2015-12-12T17:06:46+00:00","dateModified":"2017-03-31T14:06:59+00:00","breadcrumb":{"@id":"https:\/\/isf.fo\/itrotturin-eg\/jogvan-skorheim\/#breadcrumb"},"inLanguage":"en-US","potentialAction":[{"@type":"ReadAction","target":["https:\/\/isf.fo\/itrotturin-eg\/jogvan-skorheim\/"]}]},{"@type":"ImageObject","inLanguage":"en-US","@id":"https:\/\/isf.fo\/itrotturin-eg\/jogvan-skorheim\/#primaryimage","url":"https:\/\/isf.fo\/wp-content\/uploads\/2015\/12\/JS-300x300.jpg","contentUrl":"https:\/\/isf.fo\/wp-content\/uploads\/2015\/12\/JS-300x300.jpg"},{"@type":"BreadcrumbList","@id":"https:\/\/isf.fo\/itrotturin-eg\/jogvan-skorheim\/#breadcrumb","itemListElement":[{"@type":"ListItem","position":1,"name":"Home","item":"https:\/\/isf.fo\/"},{"@type":"ListItem","position":2,"name":"\u00cdtr\u00f3tturin &#038; eg","item":"https:\/\/isf.fo\/itrotturin-eg\/"},{"@type":"ListItem","position":3,"name":"J\u00f3gvan Skorheim"}]},{"@type":"WebSite","@id":"https:\/\/isf.fo\/#website","url":"https:\/\/isf.fo\/","name":"\u00cdtr\u00f3ttasamband F\u00f8roya","description":"","publisher":{"@id":"https:\/\/isf.fo\/#organization"},"potentialAction":[{"@type":"SearchAction","target":{"@type":"EntryPoint","urlTemplate":"https:\/\/isf.fo\/?s={search_term_string}"},"query-input":{"@type":"PropertyValueSpecification","valueRequired":true,"valueName":"search_term_string"}}],"inLanguage":"en-US"},{"@type":"Organization","@id":"https:\/\/isf.fo\/#organization","name":"\u00cdtr\u00f3ttasamband F\u00f8roya","url":"https:\/\/isf.fo\/","logo":{"@type":"ImageObject","inLanguage":"en-US","@id":"https:\/\/isf.fo\/#\/schema\/logo\/image\/","url":"https:\/\/isf.fo\/wp-content\/uploads\/2025\/06\/ISF_Olympic-Committee-logo.png","contentUrl":"https:\/\/isf.fo\/wp-content\/uploads\/2025\/06\/ISF_Olympic-Committee-logo.png","width":618,"height":121,"caption":"\u00cdtr\u00f3ttasamband F\u00f8roya"},"image":{"@id":"https:\/\/isf.fo\/#\/schema\/logo\/image\/"},"sameAs":["https:\/\/www.facebook.com\/itrottasambandid"]}]}},"_links":{"self":[{"href":"https:\/\/isf.fo\/en\/wp-json\/wp\/v2\/pages\/4063","targetHints":{"allow":["GET"]}}],"collection":[{"href":"https:\/\/isf.fo\/en\/wp-json\/wp\/v2\/pages"}],"about":[{"href":"https:\/\/isf.fo\/en\/wp-json\/wp\/v2\/types\/page"}],"author":[{"embeddable":true,"href":"https:\/\/isf.fo\/en\/wp-json\/wp\/v2\/users\/6"}],"replies":[{"embeddable":true,"href":"https:\/\/isf.fo\/en\/wp-json\/wp\/v2\/comments?post=4063"}],"version-history":[{"count":5,"href":"https:\/\/isf.fo\/en\/wp-json\/wp\/v2\/pages\/4063\/revisions"}],"predecessor-version":[{"id":5354,"href":"https:\/\/isf.fo\/en\/wp-json\/wp\/v2\/pages\/4063\/revisions\/5354"}],"up":[{"embeddable":true,"href":"https:\/\/isf.fo\/en\/wp-json\/wp\/v2\/pages\/1251"}],"wp:attachment":[{"href":"https:\/\/isf.fo\/en\/wp-json\/wp\/v2\/media?parent=4063"}],"curies":[{"name":"wp","href":"https:\/\/api.w.org\/{rel}","templated":true}]}}