{"id":407,"date":"2008-06-16T14:57:01","date_gmt":"2008-06-16T13:57:01","guid":{"rendered":"http:\/\/www.solvihansen.com\/isf\/?page_id=29"},"modified":"2017-05-04T13:29:09","modified_gmt":"2017-05-04T13:29:09","slug":"starvsnevnd","status":"publish","type":"page","link":"https:\/\/isf.fo\/en\/bygnadur\/starvsnevnd\/","title":{"rendered":"The board"},"content":{"rendered":"<style>\t\t\t\/*  div wrapped around entire staff list  *\/\r\n\t\t\tdiv.staff-member-listing {\r\n\t\t\t}\r\n\t\t\t\/*  div wrapped around each staff member  *\/\r\n\t\t\tdiv.staff-member {\r\n\t\t\t\tpadding-bottom: 2em;\r\n\t\t\t\tborder-bottom: thin dotted #aaa;\r\n\t\t\t}\r\n\t\t\t\/*  &quot;Even&quot; staff member  *\/\r\n\t\t\tdiv.staff-member.even {\r\nmargin-top: 2em;\r\n\t\t\t}\r\n\t\t\t\/*  &quot;Odd&quot; staff member  *\/\r\n\t\t\tdiv.staff-member.odd {\r\n\t\t\t\tmargin-top: 2em;\r\n\t\t\t}\r\n\t\t\t\/*  Last staff member  *\/\r\n\t\t\tdiv.staff-member.last {\r\n\t\t\t\tpadding-bottom: 0;\r\n\t\t\t\tborder: none;\r\n\t\t\t}\r\n\t\t\t\/*  Wrap around staff info  *\/\r\n\t\t\t.staff-member-info-wrap {\r\n\t\t\t}\r\n\t\t\t\/*  [staff-bio-formatted]  *\/\r\n\t\t\tdiv.staff-member-bio {\r\n\t\t\t}\r\n\t\t\t\/*  p tags within [staff-bio-formatted]  *\/\r\n\t\t\tdiv.staff-member-bio p {\r\n\t\t\t}\r\n\t\t\t\/*  [staff-photo]  *\/\r\n\t\t\timg.staff-member-photo {\r\n\t\t\t}\r\n\t\t\t\/*  [staff-email-link]  *\/\r\n\t\t\t.staff-member-email {\r\ndisplay:block;\r\n\t\t\t}\r\n\t\t\t\/*  [staff-name-formatted]  *\/\r\n\t\t\tdiv.staff-member-listing h3.staff-member-name {\r\n\t\t\t\tmargin: 0;\r\n\t\t\t}\r\n\t\t\t\/*  [staff-position-formatted]  *\/\r\n\t\t\tdiv.staff-member-listing h4.staff-member-position {\r\n\t\t\t\tmargin: 0;\r\n\t\t\t\tfont-style: italic;\r\n\t\t\t}\r\n\t\t\t\/* Clearfix for div.staff-member *\/\r\n\t\t\tdiv.staff-member:after {\r\n\t\t\t\tcontent: &quot;&quot;;\r\n\t\t\t\tdisplay: block;\r\n\t\t\t\tclear: both;\r\n\t\t\t}\r\n\t\t\t\/* Clearfix for &lt;= IE7 *\/\r\n\t\t\t* html div.staff-member { height: 1%; }\r\n\t\t\tdiv.staff-member { display: block; }\r\n\t\t<\/style><div class=\"staff-member-listing starvsnevnd\"><div class=\"staff-member even \">\r\n<div class=\"col-lg-3 col-md-4 col-sm-5 col-xs-3\">\r\n\t\t\t<img decoding=\"async\" class=\"staff-member-photo lazyload\" data-src=\"https:\/\/isf.fo\/wp-content\/uploads\/2016\/12\/Elin_RED.webp\" alt=\"Elin He\u00f0insd\u00f3ttir Joensen : Forseti\" src=\"data:image\/svg+xml;base64,PHN2ZyB3aWR0aD0iMSIgaGVpZ2h0PSIxIiB4bWxucz0iaHR0cDovL3d3dy53My5vcmcvMjAwMC9zdmciPjwvc3ZnPg==\" style=\"--smush-placeholder-width: 600px; --smush-placeholder-aspect-ratio: 600\/600;\">\r\n<\/div>\r\n\t\t\t<div class=\"staff-member-info-wrap col-lg-9 col-md-8 col-sm-7 col-xs-9\">\r\n\t\t\t\t<h3 class=\"staff-member-name\">Elin He\u00f0insd\u00f3ttir Joensen<\/h3>\r\n\t\t\t\t<h4 class=\"staff-member-position\">Forseti<\/h4>\r\n\t\t\t\t\r\n\r\n\t\t\t\t<a class=\"staff-member-email\" href=\"mailto:el&#105;n&#064;&#105;sf.f&#111;\" title=\"Email Elin He\u00f0insd\u00f3ttir Joensen\">e&#108;&#105;n&#064;&#105;s&#102;&#046;f&#111;<\/a>\r\n\t\t\t<\/div>\r\n\t\t<\/div> <!-- Close staff-member --><div class=\"staff-member odd \">\r\n<div class=\"col-lg-3 col-md-4 col-sm-5 col-xs-3\">\r\n\t\t\t<img decoding=\"async\" class=\"staff-member-photo lazyload\" data-src=\"https:\/\/isf.fo\/wp-content\/uploads\/2016\/12\/Magnus_RED.webp\" alt=\"Magnus Tausen : Varaforseti\" src=\"data:image\/svg+xml;base64,PHN2ZyB3aWR0aD0iMSIgaGVpZ2h0PSIxIiB4bWxucz0iaHR0cDovL3d3dy53My5vcmcvMjAwMC9zdmciPjwvc3ZnPg==\" style=\"--smush-placeholder-width: 740px; --smush-placeholder-aspect-ratio: 740\/739;\">\r\n<\/div>\r\n\t\t\t<div class=\"staff-member-info-wrap col-lg-9 col-md-8 col-sm-7 col-xs-9\">\r\n\t\t\t\t<h3 class=\"staff-member-name\">Magnus Tausen<\/h3>\r\n\t\t\t\t<h4 class=\"staff-member-position\">Varaforseti<\/h4>\r\n\t\t\t\t\r\n\r\n\t\t\t\t<a class=\"staff-member-email\" href=\"mailto:&#109;a&#103;nu&#115;&#064;isf.fo\" title=\"Email Magnus Tausen\">&#109;ag&#110;u&#115;&#064;&#105;&#115;f&#046;fo<\/a>\r\n\t\t\t<\/div>\r\n\t\t<\/div> <!-- Close staff-member --><div class=\"staff-member even \">\r\n<div class=\"col-lg-3 col-md-4 col-sm-5 col-xs-3\">\r\n\t\t\t<img decoding=\"async\" class=\"staff-member-photo lazyload\" data-src=\"https:\/\/isf.fo\/wp-content\/uploads\/2016\/12\/Kerstin_RED.webp\" alt=\"Kerstin Laks\u00e1foss : Nevndarlimur\" src=\"data:image\/svg+xml;base64,PHN2ZyB3aWR0aD0iMSIgaGVpZ2h0PSIxIiB4bWxucz0iaHR0cDovL3d3dy53My5vcmcvMjAwMC9zdmciPjwvc3ZnPg==\" style=\"--smush-placeholder-width: 386px; --smush-placeholder-aspect-ratio: 386\/387;\">\r\n<\/div>\r\n\t\t\t<div class=\"staff-member-info-wrap col-lg-9 col-md-8 col-sm-7 col-xs-9\">\r\n\t\t\t\t<h3 class=\"staff-member-name\">Kerstin Laks\u00e1foss<\/h3>\r\n\t\t\t\t<h4 class=\"staff-member-position\">Nevndarlimur<\/h4>\r\n\t\t\t\t\r\n\r\n\t\t\t\t<a class=\"staff-member-email\" href=\"mailto:&#107;ersti&#110;&#064;i&#115;f.fo\" title=\"Email Kerstin Laks\u00e1foss\">ker&#115;tin&#064;i&#115;&#102;&#046;&#102;o<\/a>\r\n\t\t\t<\/div>\r\n\t\t<\/div> <!-- Close staff-member --><div class=\"staff-member odd \">\r\n<div class=\"col-lg-3 col-md-4 col-sm-5 col-xs-3\">\r\n\t\t\t<img decoding=\"async\" class=\"staff-member-photo lazyload\" data-src=\"https:\/\/isf.fo\/wp-content\/uploads\/2016\/12\/Anna_Maria-RED-1.webp\" alt=\"Anna Maria Toftegaard : Nevndarlimur\" src=\"data:image\/svg+xml;base64,PHN2ZyB3aWR0aD0iMSIgaGVpZ2h0PSIxIiB4bWxucz0iaHR0cDovL3d3dy53My5vcmcvMjAwMC9zdmciPjwvc3ZnPg==\" style=\"--smush-placeholder-width: 535px; --smush-placeholder-aspect-ratio: 535\/535;\">\r\n<\/div>\r\n\t\t\t<div class=\"staff-member-info-wrap col-lg-9 col-md-8 col-sm-7 col-xs-9\">\r\n\t\t\t\t<h3 class=\"staff-member-name\">Anna Maria Toftegaard<\/h3>\r\n\t\t\t\t<h4 class=\"staff-member-position\">Nevndarlimur<\/h4>\r\n\t\t\t\t\r\n\r\n\t\t\t\t<a class=\"staff-member-email\" href=\"mailto:&#097;&#110;nam&#097;ri&#097;&#064;&#105;s&#102;&#046;f&#111;\" title=\"Email Anna Maria Toftegaard\">anna&#109;ar&#105;&#097;&#064;&#105;&#115;&#102;&#046;f&#111;<\/a>\r\n\t\t\t<\/div>\r\n\t\t<\/div> <!-- Close staff-member --><div class=\"staff-member even \">\r\n<div class=\"col-lg-3 col-md-4 col-sm-5 col-xs-3\">\r\n\t\t\t<img decoding=\"async\" class=\"staff-member-photo lazyload\" data-src=\"https:\/\/isf.fo\/wp-content\/uploads\/2022\/11\/Edna_MariaSH.png\" alt=\"Edna Maria Debes : Nevndarlimur (\u00cd\u00f0karanevnd)\" src=\"data:image\/svg+xml;base64,PHN2ZyB3aWR0aD0iMSIgaGVpZ2h0PSIxIiB4bWxucz0iaHR0cDovL3d3dy53My5vcmcvMjAwMC9zdmciPjwvc3ZnPg==\" style=\"--smush-placeholder-width: 274px; --smush-placeholder-aspect-ratio: 274\/288;\">\r\n<\/div>\r\n\t\t\t<div class=\"staff-member-info-wrap col-lg-9 col-md-8 col-sm-7 col-xs-9\">\r\n\t\t\t\t<h3 class=\"staff-member-name\">Edna Maria Debes<\/h3>\r\n\t\t\t\t<h4 class=\"staff-member-position\">Nevndarlimur (\u00cd\u00f0karanevnd)<\/h4>\r\n\t\t\t\t\r\n\r\n\t\t\t\t<a class=\"staff-member-email\" href=\"mailto:&#101;&#100;&#110;am&#097;&#114;&#105;&#097;&#064;i&#115;&#102;&#046;fo\" title=\"Email Edna Maria Debes\">&#101;d&#110;&#097;m&#097;r&#105;&#097;&#064;i&#115;f&#046;f&#111;<\/a>\r\n\t\t\t<\/div>\r\n\t\t<\/div> <!-- Close staff-member --><div class=\"staff-member odd  last\">\r\n<div class=\"col-lg-3 col-md-4 col-sm-5 col-xs-3\">\r\n\t\t\t<img decoding=\"async\" class=\"staff-member-photo lazyload\" data-src=\"https:\/\/isf.fo\/wp-content\/uploads\/2024\/06\/Eva.png\" alt=\"Eva Vilhelm : Nevndarlimur\" src=\"data:image\/svg+xml;base64,PHN2ZyB3aWR0aD0iMSIgaGVpZ2h0PSIxIiB4bWxucz0iaHR0cDovL3d3dy53My5vcmcvMjAwMC9zdmciPjwvc3ZnPg==\" style=\"--smush-placeholder-width: 116px; --smush-placeholder-aspect-ratio: 116\/117;\">\r\n<\/div>\r\n\t\t\t<div class=\"staff-member-info-wrap col-lg-9 col-md-8 col-sm-7 col-xs-9\">\r\n\t\t\t\t<h3 class=\"staff-member-name\">Eva Vilhelm<\/h3>\r\n\t\t\t\t<h4 class=\"staff-member-position\">Nevndarlimur<\/h4>\r\n\t\t\t\t\r\n\r\n\t\t\t\t<a class=\"staff-member-email\" href=\"mailto:e&#118;a&#064;&#105;sf.fo\" title=\"Email Eva Vilhelm\">&#101;&#118;&#097;&#064;i&#115;f.&#102;o<\/a>\r\n\t\t\t<\/div>\r\n\t\t<\/div> <!-- Close staff-member --><\/div> <!-- Close staff-member-listing -->\n","protected":false},"excerpt":{"rendered":"","protected":false},"author":6,"featured_media":0,"parent":402,"menu_order":1,"comment_status":"open","ping_status":"closed","template":"","meta":{"_acf_changed":false,"_relevanssi_hide_post":"","_relevanssi_hide_content":"","_relevanssi_pin_for_all":"","_relevanssi_pin_keywords":"","_relevanssi_unpin_keywords":"","_relevanssi_related_keywords":"","_relevanssi_related_include_ids":"","_relevanssi_related_exclude_ids":"","_relevanssi_related_no_append":"","_relevanssi_related_not_related":"","_relevanssi_related_posts":"","_relevanssi_noindex_reason":"","inline_featured_image":false,"footnotes":""},"class_list":["post-407","page","type-page","status-publish","hentry"],"acf":[],"yoast_head":"<!-- This site is optimized with the Yoast SEO plugin v27.5 - https:\/\/yoast.com\/product\/yoast-seo-wordpress\/ -->\n<title>Starvsnevnd - \u00cdtr\u00f3ttasamband F\u00f8roya<\/title>\n<meta name=\"robots\" content=\"index, follow, max-snippet:-1, max-image-preview:large, max-video-preview:-1\" \/>\n<link rel=\"canonical\" href=\"https:\/\/isf.fo\/en\/bygnadur\/starvsnevnd\/\" \/>\n<meta property=\"og:locale\" content=\"en_US\" \/>\n<meta property=\"og:type\" content=\"article\" \/>\n<meta property=\"og:title\" content=\"Starvsnevnd - \u00cdtr\u00f3ttasamband F\u00f8roya\" \/>\n<meta property=\"og:url\" content=\"https:\/\/isf.fo\/en\/bygnadur\/starvsnevnd\/\" \/>\n<meta property=\"og:site_name\" content=\"\u00cdtr\u00f3ttasamband F\u00f8roya\" \/>\n<meta property=\"article:publisher\" content=\"https:\/\/www.facebook.com\/itrottasambandid\" \/>\n<meta property=\"article:modified_time\" content=\"2017-05-04T13:29:09+00:00\" \/>\n<meta name=\"twitter:card\" content=\"summary_large_image\" \/>\n<script type=\"application\/ld+json\" class=\"yoast-schema-graph\">{\"@context\":\"https:\\\/\\\/schema.org\",\"@graph\":[{\"@type\":\"WebPage\",\"@id\":\"https:\\\/\\\/isf.fo\\\/bygnadur\\\/starvsnevnd\\\/\",\"url\":\"https:\\\/\\\/isf.fo\\\/bygnadur\\\/starvsnevnd\\\/\",\"name\":\"Starvsnevnd - \u00cdtr\u00f3ttasamband F\u00f8roya\",\"isPartOf\":{\"@id\":\"https:\\\/\\\/isf.fo\\\/#website\"},\"datePublished\":\"2008-06-16T13:57:01+00:00\",\"dateModified\":\"2017-05-04T13:29:09+00:00\",\"breadcrumb\":{\"@id\":\"https:\\\/\\\/isf.fo\\\/bygnadur\\\/starvsnevnd\\\/#breadcrumb\"},\"inLanguage\":\"en-US\",\"potentialAction\":[{\"@type\":\"ReadAction\",\"target\":[\"https:\\\/\\\/isf.fo\\\/bygnadur\\\/starvsnevnd\\\/\"]}]},{\"@type\":\"BreadcrumbList\",\"@id\":\"https:\\\/\\\/isf.fo\\\/bygnadur\\\/starvsnevnd\\\/#breadcrumb\",\"itemListElement\":[{\"@type\":\"ListItem\",\"position\":1,\"name\":\"Home\",\"item\":\"https:\\\/\\\/isf.fo\\\/\"},{\"@type\":\"ListItem\",\"position\":2,\"name\":\"Bygna\u00f0ur\",\"item\":\"https:\\\/\\\/isf.fo\\\/bygnadur\\\/\"},{\"@type\":\"ListItem\",\"position\":3,\"name\":\"Starvsnevnd\"}]},{\"@type\":\"WebSite\",\"@id\":\"https:\\\/\\\/isf.fo\\\/#website\",\"url\":\"https:\\\/\\\/isf.fo\\\/\",\"name\":\"\u00cdtr\u00f3ttasamband F\u00f8roya\",\"description\":\"\",\"publisher\":{\"@id\":\"https:\\\/\\\/isf.fo\\\/#organization\"},\"potentialAction\":[{\"@type\":\"SearchAction\",\"target\":{\"@type\":\"EntryPoint\",\"urlTemplate\":\"https:\\\/\\\/isf.fo\\\/?s={search_term_string}\"},\"query-input\":{\"@type\":\"PropertyValueSpecification\",\"valueRequired\":true,\"valueName\":\"search_term_string\"}}],\"inLanguage\":\"en-US\"},{\"@type\":\"Organization\",\"@id\":\"https:\\\/\\\/isf.fo\\\/#organization\",\"name\":\"\u00cdtr\u00f3ttasamband F\u00f8roya\",\"url\":\"https:\\\/\\\/isf.fo\\\/\",\"logo\":{\"@type\":\"ImageObject\",\"inLanguage\":\"en-US\",\"@id\":\"https:\\\/\\\/isf.fo\\\/#\\\/schema\\\/logo\\\/image\\\/\",\"url\":\"https:\\\/\\\/isf.fo\\\/wp-content\\\/uploads\\\/2025\\\/06\\\/ISF_Olympic-Committee-logo.png\",\"contentUrl\":\"https:\\\/\\\/isf.fo\\\/wp-content\\\/uploads\\\/2025\\\/06\\\/ISF_Olympic-Committee-logo.png\",\"width\":618,\"height\":121,\"caption\":\"\u00cdtr\u00f3ttasamband F\u00f8roya\"},\"image\":{\"@id\":\"https:\\\/\\\/isf.fo\\\/#\\\/schema\\\/logo\\\/image\\\/\"},\"sameAs\":[\"https:\\\/\\\/www.facebook.com\\\/itrottasambandid\"]}]}<\/script>\n<!-- \/ Yoast SEO plugin. -->","yoast_head_json":{"title":"Starvsnevnd - \u00cdtr\u00f3ttasamband F\u00f8roya","robots":{"index":"index","follow":"follow","max-snippet":"max-snippet:-1","max-image-preview":"max-image-preview:large","max-video-preview":"max-video-preview:-1"},"canonical":"https:\/\/isf.fo\/en\/bygnadur\/starvsnevnd\/","og_locale":"en_US","og_type":"article","og_title":"Starvsnevnd - \u00cdtr\u00f3ttasamband F\u00f8roya","og_url":"https:\/\/isf.fo\/en\/bygnadur\/starvsnevnd\/","og_site_name":"\u00cdtr\u00f3ttasamband F\u00f8roya","article_publisher":"https:\/\/www.facebook.com\/itrottasambandid","article_modified_time":"2017-05-04T13:29:09+00:00","twitter_card":"summary_large_image","schema":{"@context":"https:\/\/schema.org","@graph":[{"@type":"WebPage","@id":"https:\/\/isf.fo\/bygnadur\/starvsnevnd\/","url":"https:\/\/isf.fo\/bygnadur\/starvsnevnd\/","name":"Starvsnevnd - \u00cdtr\u00f3ttasamband F\u00f8roya","isPartOf":{"@id":"https:\/\/isf.fo\/#website"},"datePublished":"2008-06-16T13:57:01+00:00","dateModified":"2017-05-04T13:29:09+00:00","breadcrumb":{"@id":"https:\/\/isf.fo\/bygnadur\/starvsnevnd\/#breadcrumb"},"inLanguage":"en-US","potentialAction":[{"@type":"ReadAction","target":["https:\/\/isf.fo\/bygnadur\/starvsnevnd\/"]}]},{"@type":"BreadcrumbList","@id":"https:\/\/isf.fo\/bygnadur\/starvsnevnd\/#breadcrumb","itemListElement":[{"@type":"ListItem","position":1,"name":"Home","item":"https:\/\/isf.fo\/"},{"@type":"ListItem","position":2,"name":"Bygna\u00f0ur","item":"https:\/\/isf.fo\/bygnadur\/"},{"@type":"ListItem","position":3,"name":"Starvsnevnd"}]},{"@type":"WebSite","@id":"https:\/\/isf.fo\/#website","url":"https:\/\/isf.fo\/","name":"\u00cdtr\u00f3ttasamband F\u00f8roya","description":"","publisher":{"@id":"https:\/\/isf.fo\/#organization"},"potentialAction":[{"@type":"SearchAction","target":{"@type":"EntryPoint","urlTemplate":"https:\/\/isf.fo\/?s={search_term_string}"},"query-input":{"@type":"PropertyValueSpecification","valueRequired":true,"valueName":"search_term_string"}}],"inLanguage":"en-US"},{"@type":"Organization","@id":"https:\/\/isf.fo\/#organization","name":"\u00cdtr\u00f3ttasamband F\u00f8roya","url":"https:\/\/isf.fo\/","logo":{"@type":"ImageObject","inLanguage":"en-US","@id":"https:\/\/isf.fo\/#\/schema\/logo\/image\/","url":"https:\/\/isf.fo\/wp-content\/uploads\/2025\/06\/ISF_Olympic-Committee-logo.png","contentUrl":"https:\/\/isf.fo\/wp-content\/uploads\/2025\/06\/ISF_Olympic-Committee-logo.png","width":618,"height":121,"caption":"\u00cdtr\u00f3ttasamband F\u00f8roya"},"image":{"@id":"https:\/\/isf.fo\/#\/schema\/logo\/image\/"},"sameAs":["https:\/\/www.facebook.com\/itrottasambandid"]}]}},"_links":{"self":[{"href":"https:\/\/isf.fo\/en\/wp-json\/wp\/v2\/pages\/407","targetHints":{"allow":["GET"]}}],"collection":[{"href":"https:\/\/isf.fo\/en\/wp-json\/wp\/v2\/pages"}],"about":[{"href":"https:\/\/isf.fo\/en\/wp-json\/wp\/v2\/types\/page"}],"author":[{"embeddable":true,"href":"https:\/\/isf.fo\/en\/wp-json\/wp\/v2\/users\/6"}],"replies":[{"embeddable":true,"href":"https:\/\/isf.fo\/en\/wp-json\/wp\/v2\/comments?post=407"}],"version-history":[{"count":4,"href":"https:\/\/isf.fo\/en\/wp-json\/wp\/v2\/pages\/407\/revisions"}],"predecessor-version":[{"id":11674,"href":"https:\/\/isf.fo\/en\/wp-json\/wp\/v2\/pages\/407\/revisions\/11674"}],"up":[{"embeddable":true,"href":"https:\/\/isf.fo\/en\/wp-json\/wp\/v2\/pages\/402"}],"wp:attachment":[{"href":"https:\/\/isf.fo\/en\/wp-json\/wp\/v2\/media?parent=407"}],"curies":[{"name":"wp","href":"https:\/\/api.w.org\/{rel}","templated":true}]}}