{"id":418,"date":"2008-06-16T15:01:06","date_gmt":"2008-06-16T14:01:06","guid":{"rendered":"http:\/\/www.solvihansen.com\/isf\/?page_id=41"},"modified":"2016-12-10T12:47:37","modified_gmt":"2016-12-10T12:47:37","slug":"hei%c3%b0urskrossur","status":"publish","type":"page","link":"https:\/\/isf.fo\/en\/bygnadur\/soga\/hei%c3%b0urskrossur\/","title":{"rendered":"Hei\u00f0urskrossur"},"content":{"rendered":"<p>Stj\u00f3rn \u00cdSF stovna\u00f0i \u00ed 1999 eina hei\u00f0ursvi\u00f0urkenning, sum er ein krossur at bera \u00e1 bringuni, l\u00edkur krossinum \u00ed \u00cdSF-merkinum.\u00a0<\/p>\n<p>Hendan vi\u00f0urkenning kann latast n\u00faverandi og fyrrverandi \u00edtr\u00f3ttalei\u00f0arum.\u00a0<\/p>\n<p>Stj\u00f3rnin samtykti at hei\u00f0ra fimm f\u00f3lk fyri starv teirra f\u00f8royskum \u00edtr\u00f3tti at frama.<\/p>\n\n<table id=\"tablepress-7\" class=\"tablepress tablepress-id-7\">\n<thead>\n<tr class=\"row-1\">\n\t<th class=\"column-1\">Navn<\/th><th class=\"column-2\">Heiti<\/th><th class=\"column-3\">\u00c1r<\/th>\n<\/tr>\n<\/thead>\n<tbody class=\"row-striping row-hover\">\n<tr class=\"row-2\">\n\t<td class=\"column-1\">J\u00f3gvan Arge<\/td><td class=\"column-2\">\u00cdtr\u00f3ttafr\u00e1s\u00f8guma\u00f0ur og fyrrverandi forseti \u00cdSF<\/td><td class=\"column-3\">2008<\/td>\n<\/tr>\n<tr class=\"row-3\">\n\t<td class=\"column-1\">Hans Holm<\/td><td class=\"column-2\">Venjari og kappingarstj\u00f3ri \u00ed hondb\u00f3lti eitt mannaminni<\/td><td class=\"column-3\">2008<\/td>\n<\/tr>\n<tr class=\"row-4\">\n\t<td class=\"column-1\">T\u00f3rleif Sigur\u00f0sson<\/td><td class=\"column-2\">Forma\u00f0ur \u00ed F\u00f3tb\u00f3ltssambandi F\u00f8roya<\/td><td class=\"column-3\">2008<\/td>\n<\/tr>\n<tr class=\"row-5\">\n\t<td class=\"column-1\">Sverre Midjord<\/td><td class=\"column-2\">Varaforma\u00f0ur og stj\u00f3rnarlimur \u00ed \u00cdSF \u00ed ein mansaldur<\/td><td class=\"column-3\">2008<\/td>\n<\/tr>\n<tr class=\"row-6\">\n\t<td class=\"column-1\">He\u00f0in Mortensen<\/td><td class=\"column-2\">Forseti \u00ed \u00cdSF 1980-2008<\/td><td class=\"column-3\">2008<\/td>\n<\/tr>\n<tr class=\"row-7\">\n\t<td class=\"column-1\">J\u00f3gvan \"Egga\" Jensen<\/td><td class=\"column-2\">Forma\u00f0ur \u00ed Parasport<\/td><td class=\"column-3\">2020<\/td>\n<\/tr>\n<tr class=\"row-8\">\n\t<td class=\"column-1\">John Kj\u00e6r<\/td><td class=\"column-2\">Stj\u00f3rnarlimur \u00ed \u00cdSF og Sambondum, hei\u00f0urslimur og nevndarlimur umframt forma\u00f0ur \u00ed IIGA<\/td><td class=\"column-3\">2024<\/td>\n<\/tr>\n<\/tbody>\n<\/table>\n<!-- #tablepress-7 from cache -->","protected":false},"excerpt":{"rendered":"<p>Stj\u00f3rn \u00cdSF stovna\u00f0i \u00ed 1999 eina hei\u00f0ursvi\u00f0urkenning, sum er ein krossur at bera \u00e1 bringuni, l\u00edkur krossinum \u00ed \u00cdSF-merkinum.\u00a0 Hendan [&hellip;]<\/p>\n","protected":false},"author":6,"featured_media":0,"parent":404,"menu_order":4,"comment_status":"open","ping_status":"closed","template":"","meta":{"_acf_changed":false,"_relevanssi_hide_post":"","_relevanssi_hide_content":"","_relevanssi_pin_for_all":"","_relevanssi_pin_keywords":"","_relevanssi_unpin_keywords":"","_relevanssi_related_keywords":"","_relevanssi_related_include_ids":"","_relevanssi_related_exclude_ids":"","_relevanssi_related_no_append":"","_relevanssi_related_not_related":"","_relevanssi_related_posts":"","_relevanssi_noindex_reason":"","inline_featured_image":false,"footnotes":""},"class_list":["post-418","page","type-page","status-publish","hentry"],"acf":[],"yoast_head":"<!-- This site is optimized with the Yoast SEO plugin v27.3 - https:\/\/yoast.com\/product\/yoast-seo-wordpress\/ -->\n<title>Hei\u00f0urskrossur - \u00cdtr\u00f3ttasamband F\u00f8roya<\/title>\n<meta name=\"robots\" content=\"index, follow, max-snippet:-1, max-image-preview:large, max-video-preview:-1\" \/>\n<link rel=\"canonical\" href=\"https:\/\/isf.fo\/en\/bygnadur\/soga\/hei\u00f0urskrossur\/\" \/>\n<meta property=\"og:locale\" content=\"en_US\" \/>\n<meta property=\"og:type\" content=\"article\" \/>\n<meta property=\"og:title\" content=\"Hei\u00f0urskrossur - \u00cdtr\u00f3ttasamband F\u00f8roya\" \/>\n<meta property=\"og:description\" content=\"Stj\u00f3rn \u00cdSF stovna\u00f0i \u00ed 1999 eina hei\u00f0ursvi\u00f0urkenning, sum er ein krossur at bera \u00e1 bringuni, l\u00edkur krossinum \u00ed \u00cdSF-merkinum.\u00a0 Hendan [&hellip;]\" \/>\n<meta property=\"og:url\" content=\"https:\/\/isf.fo\/en\/bygnadur\/soga\/hei\u00f0urskrossur\/\" \/>\n<meta property=\"og:site_name\" content=\"\u00cdtr\u00f3ttasamband F\u00f8roya\" \/>\n<meta property=\"article:publisher\" content=\"https:\/\/www.facebook.com\/itrottasambandid\" \/>\n<meta property=\"article:modified_time\" content=\"2016-12-10T12:47:37+00:00\" \/>\n<meta name=\"twitter:card\" content=\"summary_large_image\" \/>\n<script type=\"application\/ld+json\" class=\"yoast-schema-graph\">{\"@context\":\"https:\\\/\\\/schema.org\",\"@graph\":[{\"@type\":\"WebPage\",\"@id\":\"https:\\\/\\\/isf.fo\\\/bygnadur\\\/soga\\\/hei%c3%b0urskrossur\\\/\",\"url\":\"https:\\\/\\\/isf.fo\\\/bygnadur\\\/soga\\\/hei%c3%b0urskrossur\\\/\",\"name\":\"Hei\u00f0urskrossur - \u00cdtr\u00f3ttasamband F\u00f8roya\",\"isPartOf\":{\"@id\":\"https:\\\/\\\/isf.fo\\\/#website\"},\"datePublished\":\"2008-06-16T14:01:06+00:00\",\"dateModified\":\"2016-12-10T12:47:37+00:00\",\"breadcrumb\":{\"@id\":\"https:\\\/\\\/isf.fo\\\/bygnadur\\\/soga\\\/hei%c3%b0urskrossur\\\/#breadcrumb\"},\"inLanguage\":\"en-US\",\"potentialAction\":[{\"@type\":\"ReadAction\",\"target\":[\"https:\\\/\\\/isf.fo\\\/bygnadur\\\/soga\\\/hei%c3%b0urskrossur\\\/\"]}]},{\"@type\":\"BreadcrumbList\",\"@id\":\"https:\\\/\\\/isf.fo\\\/bygnadur\\\/soga\\\/hei%c3%b0urskrossur\\\/#breadcrumb\",\"itemListElement\":[{\"@type\":\"ListItem\",\"position\":1,\"name\":\"Home\",\"item\":\"https:\\\/\\\/isf.fo\\\/\"},{\"@type\":\"ListItem\",\"position\":2,\"name\":\"Bygna\u00f0ur\",\"item\":\"https:\\\/\\\/isf.fo\\\/bygnadur\\\/\"},{\"@type\":\"ListItem\",\"position\":3,\"name\":\"S\u00f8ga\",\"item\":\"https:\\\/\\\/isf.fo\\\/bygnadur\\\/soga\\\/\"},{\"@type\":\"ListItem\",\"position\":4,\"name\":\"Hei\u00f0urskrossur\"}]},{\"@type\":\"WebSite\",\"@id\":\"https:\\\/\\\/isf.fo\\\/#website\",\"url\":\"https:\\\/\\\/isf.fo\\\/\",\"name\":\"\u00cdtr\u00f3ttasamband F\u00f8roya\",\"description\":\"\",\"publisher\":{\"@id\":\"https:\\\/\\\/isf.fo\\\/#organization\"},\"potentialAction\":[{\"@type\":\"SearchAction\",\"target\":{\"@type\":\"EntryPoint\",\"urlTemplate\":\"https:\\\/\\\/isf.fo\\\/?s={search_term_string}\"},\"query-input\":{\"@type\":\"PropertyValueSpecification\",\"valueRequired\":true,\"valueName\":\"search_term_string\"}}],\"inLanguage\":\"en-US\"},{\"@type\":\"Organization\",\"@id\":\"https:\\\/\\\/isf.fo\\\/#organization\",\"name\":\"\u00cdtr\u00f3ttasamband F\u00f8roya\",\"url\":\"https:\\\/\\\/isf.fo\\\/\",\"logo\":{\"@type\":\"ImageObject\",\"inLanguage\":\"en-US\",\"@id\":\"https:\\\/\\\/isf.fo\\\/#\\\/schema\\\/logo\\\/image\\\/\",\"url\":\"https:\\\/\\\/isf.fo\\\/wp-content\\\/uploads\\\/2025\\\/06\\\/ISF_Olympic-Committee-logo.png\",\"contentUrl\":\"https:\\\/\\\/isf.fo\\\/wp-content\\\/uploads\\\/2025\\\/06\\\/ISF_Olympic-Committee-logo.png\",\"width\":618,\"height\":121,\"caption\":\"\u00cdtr\u00f3ttasamband F\u00f8roya\"},\"image\":{\"@id\":\"https:\\\/\\\/isf.fo\\\/#\\\/schema\\\/logo\\\/image\\\/\"},\"sameAs\":[\"https:\\\/\\\/www.facebook.com\\\/itrottasambandid\"]}]}<\/script>\n<!-- \/ Yoast SEO plugin. -->","yoast_head_json":{"title":"Hei\u00f0urskrossur - \u00cdtr\u00f3ttasamband F\u00f8roya","robots":{"index":"index","follow":"follow","max-snippet":"max-snippet:-1","max-image-preview":"max-image-preview:large","max-video-preview":"max-video-preview:-1"},"canonical":"https:\/\/isf.fo\/en\/bygnadur\/soga\/hei\u00f0urskrossur\/","og_locale":"en_US","og_type":"article","og_title":"Hei\u00f0urskrossur - \u00cdtr\u00f3ttasamband F\u00f8roya","og_description":"Stj\u00f3rn \u00cdSF stovna\u00f0i \u00ed 1999 eina hei\u00f0ursvi\u00f0urkenning, sum er ein krossur at bera \u00e1 bringuni, l\u00edkur krossinum \u00ed \u00cdSF-merkinum.\u00a0 Hendan [&hellip;]","og_url":"https:\/\/isf.fo\/en\/bygnadur\/soga\/hei\u00f0urskrossur\/","og_site_name":"\u00cdtr\u00f3ttasamband F\u00f8roya","article_publisher":"https:\/\/www.facebook.com\/itrottasambandid","article_modified_time":"2016-12-10T12:47:37+00:00","twitter_card":"summary_large_image","schema":{"@context":"https:\/\/schema.org","@graph":[{"@type":"WebPage","@id":"https:\/\/isf.fo\/bygnadur\/soga\/hei%c3%b0urskrossur\/","url":"https:\/\/isf.fo\/bygnadur\/soga\/hei%c3%b0urskrossur\/","name":"Hei\u00f0urskrossur - \u00cdtr\u00f3ttasamband F\u00f8roya","isPartOf":{"@id":"https:\/\/isf.fo\/#website"},"datePublished":"2008-06-16T14:01:06+00:00","dateModified":"2016-12-10T12:47:37+00:00","breadcrumb":{"@id":"https:\/\/isf.fo\/bygnadur\/soga\/hei%c3%b0urskrossur\/#breadcrumb"},"inLanguage":"en-US","potentialAction":[{"@type":"ReadAction","target":["https:\/\/isf.fo\/bygnadur\/soga\/hei%c3%b0urskrossur\/"]}]},{"@type":"BreadcrumbList","@id":"https:\/\/isf.fo\/bygnadur\/soga\/hei%c3%b0urskrossur\/#breadcrumb","itemListElement":[{"@type":"ListItem","position":1,"name":"Home","item":"https:\/\/isf.fo\/"},{"@type":"ListItem","position":2,"name":"Bygna\u00f0ur","item":"https:\/\/isf.fo\/bygnadur\/"},{"@type":"ListItem","position":3,"name":"S\u00f8ga","item":"https:\/\/isf.fo\/bygnadur\/soga\/"},{"@type":"ListItem","position":4,"name":"Hei\u00f0urskrossur"}]},{"@type":"WebSite","@id":"https:\/\/isf.fo\/#website","url":"https:\/\/isf.fo\/","name":"\u00cdtr\u00f3ttasamband F\u00f8roya","description":"","publisher":{"@id":"https:\/\/isf.fo\/#organization"},"potentialAction":[{"@type":"SearchAction","target":{"@type":"EntryPoint","urlTemplate":"https:\/\/isf.fo\/?s={search_term_string}"},"query-input":{"@type":"PropertyValueSpecification","valueRequired":true,"valueName":"search_term_string"}}],"inLanguage":"en-US"},{"@type":"Organization","@id":"https:\/\/isf.fo\/#organization","name":"\u00cdtr\u00f3ttasamband F\u00f8roya","url":"https:\/\/isf.fo\/","logo":{"@type":"ImageObject","inLanguage":"en-US","@id":"https:\/\/isf.fo\/#\/schema\/logo\/image\/","url":"https:\/\/isf.fo\/wp-content\/uploads\/2025\/06\/ISF_Olympic-Committee-logo.png","contentUrl":"https:\/\/isf.fo\/wp-content\/uploads\/2025\/06\/ISF_Olympic-Committee-logo.png","width":618,"height":121,"caption":"\u00cdtr\u00f3ttasamband F\u00f8roya"},"image":{"@id":"https:\/\/isf.fo\/#\/schema\/logo\/image\/"},"sameAs":["https:\/\/www.facebook.com\/itrottasambandid"]}]}},"_links":{"self":[{"href":"https:\/\/isf.fo\/en\/wp-json\/wp\/v2\/pages\/418","targetHints":{"allow":["GET"]}}],"collection":[{"href":"https:\/\/isf.fo\/en\/wp-json\/wp\/v2\/pages"}],"about":[{"href":"https:\/\/isf.fo\/en\/wp-json\/wp\/v2\/types\/page"}],"author":[{"embeddable":true,"href":"https:\/\/isf.fo\/en\/wp-json\/wp\/v2\/users\/6"}],"replies":[{"embeddable":true,"href":"https:\/\/isf.fo\/en\/wp-json\/wp\/v2\/comments?post=418"}],"version-history":[{"count":1,"href":"https:\/\/isf.fo\/en\/wp-json\/wp\/v2\/pages\/418\/revisions"}],"predecessor-version":[{"id":4960,"href":"https:\/\/isf.fo\/en\/wp-json\/wp\/v2\/pages\/418\/revisions\/4960"}],"up":[{"embeddable":true,"href":"https:\/\/isf.fo\/en\/wp-json\/wp\/v2\/pages\/404"}],"wp:attachment":[{"href":"https:\/\/isf.fo\/en\/wp-json\/wp\/v2\/media?parent=418"}],"curies":[{"name":"wp","href":"https:\/\/api.w.org\/{rel}","templated":true}]}}