{"id":419,"date":"2008-06-16T15:01:31","date_gmt":"2008-06-16T14:01:31","guid":{"rendered":"http:\/\/www.solvihansen.com\/isf\/?page_id=42"},"modified":"2021-01-26T10:31:35","modified_gmt":"2021-01-26T10:31:35","slug":"heidursskjal-poul-e-petersen","status":"publish","type":"page","link":"https:\/\/isf.fo\/en\/bygnadur\/soga\/heidursskjal-poul-e-petersen\/","title":{"rendered":"Hei\u00f0ursskjal Poul E. Petersen"},"content":{"rendered":"<table id=\"tablepress-8\" class=\"tablepress tablepress-id-8\">\n<thead>\n<tr class=\"row-1\">\n\t<th class=\"column-1\">Dagfesting<\/th><th class=\"column-2\">Navn<\/th>\n<\/tr>\n<\/thead>\n<tbody class=\"row-striping row-hover\">\n<tr class=\"row-2\">\n\t<td class=\"column-1\">29. desember 2001<\/td><td class=\"column-2\">Birgit Hestoy, svimjing<\/td>\n<\/tr>\n<tr class=\"row-3\">\n\t<td class=\"column-1\">29. desember 2001<\/td><td class=\"column-2\">Niels J\u00e1kup Jakobsen, fr\u00e6lsur \u00edtr\u00f3ttur<\/td>\n<\/tr>\n<tr class=\"row-4\">\n\t<td class=\"column-1\">desember 2002<\/td><td class=\"column-2\">Kaj Aage Troest, fimleikur<\/td>\n<\/tr>\n<tr class=\"row-5\">\n\t<td class=\"column-1\">27. oktober 2004<\/td><td class=\"column-2\">J\u00f3gvan \u00e1 La\u00f0, f\u00f3tb\u00f3ltur<\/td>\n<\/tr>\n<tr class=\"row-6\">\n\t<td class=\"column-1\">5. mai 2018<\/td><td class=\"column-2\">Guttormur S\u00f8rensen, fr\u00e6lsur \u00edtr\u00f3ttur<\/td>\n<\/tr>\n<tr class=\"row-7\">\n\t<td class=\"column-1\">1. februar 2019<\/td><td class=\"column-2\">Peter Hentze Niclasen, bor\u00f0tennis<\/td>\n<\/tr>\n<tr class=\"row-8\">\n\t<td class=\"column-1\">28. desember 2019<\/td><td class=\"column-2\">S\u00fasanna \"Ussa\" Krossteig Hansen, hondb\u00f3ltur<\/td>\n<\/tr>\n<tr class=\"row-9\">\n\t<td class=\"column-1\">13. februar 2021<\/td><td class=\"column-2\">J\u00f3hanna Troest, fimleikur<\/td>\n<\/tr>\n<tr class=\"row-10\">\n\t<td class=\"column-1\">5. februar 2022<\/td><td class=\"column-2\">J\u00e1kup Mortensen, f\u00f3tb\u00f3ltur<\/td>\n<\/tr>\n<tr class=\"row-11\">\n\t<td class=\"column-1\">4. februar 2023<\/td><td class=\"column-2\">Hansina \u00e1 Pl\u00f3gv, r\u00f3gving<\/td>\n<\/tr>\n<tr class=\"row-12\">\n\t<td class=\"column-1\">10. februar 2024<\/td><td class=\"column-2\">Jan G\u00fcnther, judo<\/td>\n<\/tr>\n<tr class=\"row-13\">\n\t<td class=\"column-1\">1. februar 2025<\/td><td class=\"column-2\">Niklas \u00e1 L\u00ed\u00f0arenda, f\u00f3tb\u00f3ltur<\/td>\n<\/tr>\n<tr class=\"row-14\">\n\t<td class=\"column-1\">7. februar 2026<\/td><td class=\"column-2\">J\u00fastines Justinussen, hondb\u00f3ltur<\/td>\n<\/tr>\n<\/tbody>\n<\/table>\n<!-- #tablepress-8 from cache -->","protected":false},"excerpt":{"rendered":"","protected":false},"author":6,"featured_media":0,"parent":404,"menu_order":3,"comment_status":"closed","ping_status":"closed","template":"","meta":{"_acf_changed":false,"_relevanssi_hide_post":"","_relevanssi_hide_content":"","_relevanssi_pin_for_all":"","_relevanssi_pin_keywords":"","_relevanssi_unpin_keywords":"","_relevanssi_related_keywords":"","_relevanssi_related_include_ids":"","_relevanssi_related_exclude_ids":"","_relevanssi_related_no_append":"","_relevanssi_related_not_related":"","_relevanssi_related_posts":"","_relevanssi_noindex_reason":"","inline_featured_image":false,"footnotes":""},"class_list":["post-419","page","type-page","status-publish","hentry"],"acf":[],"yoast_head":"<!-- This site is optimized with the Yoast SEO plugin v27.5 - https:\/\/yoast.com\/product\/yoast-seo-wordpress\/ -->\n<title>Hei\u00f0ursskjal Poul E. Petersen - \u00cdtr\u00f3ttasamband F\u00f8roya<\/title>\n<meta name=\"robots\" content=\"index, follow, max-snippet:-1, max-image-preview:large, max-video-preview:-1\" \/>\n<link rel=\"canonical\" href=\"https:\/\/isf.fo\/en\/bygnadur\/soga\/heidursskjal-poul-e-petersen\/\" \/>\n<meta property=\"og:locale\" content=\"en_US\" \/>\n<meta property=\"og:type\" content=\"article\" \/>\n<meta property=\"og:title\" content=\"Hei\u00f0ursskjal Poul E. Petersen - \u00cdtr\u00f3ttasamband F\u00f8roya\" \/>\n<meta property=\"og:url\" content=\"https:\/\/isf.fo\/en\/bygnadur\/soga\/heidursskjal-poul-e-petersen\/\" \/>\n<meta property=\"og:site_name\" content=\"\u00cdtr\u00f3ttasamband F\u00f8roya\" \/>\n<meta property=\"article:publisher\" content=\"https:\/\/www.facebook.com\/itrottasambandid\" \/>\n<meta property=\"article:modified_time\" content=\"2021-01-26T10:31:35+00:00\" \/>\n<meta name=\"twitter:card\" content=\"summary_large_image\" \/>\n<script type=\"application\/ld+json\" class=\"yoast-schema-graph\">{\"@context\":\"https:\\\/\\\/schema.org\",\"@graph\":[{\"@type\":\"WebPage\",\"@id\":\"https:\\\/\\\/isf.fo\\\/bygnadur\\\/soga\\\/heidursskjal-poul-e-petersen\\\/\",\"url\":\"https:\\\/\\\/isf.fo\\\/bygnadur\\\/soga\\\/heidursskjal-poul-e-petersen\\\/\",\"name\":\"Hei\u00f0ursskjal Poul E. Petersen - \u00cdtr\u00f3ttasamband F\u00f8roya\",\"isPartOf\":{\"@id\":\"https:\\\/\\\/isf.fo\\\/#website\"},\"datePublished\":\"2008-06-16T14:01:31+00:00\",\"dateModified\":\"2021-01-26T10:31:35+00:00\",\"breadcrumb\":{\"@id\":\"https:\\\/\\\/isf.fo\\\/bygnadur\\\/soga\\\/heidursskjal-poul-e-petersen\\\/#breadcrumb\"},\"inLanguage\":\"en-US\",\"potentialAction\":[{\"@type\":\"ReadAction\",\"target\":[\"https:\\\/\\\/isf.fo\\\/bygnadur\\\/soga\\\/heidursskjal-poul-e-petersen\\\/\"]}]},{\"@type\":\"BreadcrumbList\",\"@id\":\"https:\\\/\\\/isf.fo\\\/bygnadur\\\/soga\\\/heidursskjal-poul-e-petersen\\\/#breadcrumb\",\"itemListElement\":[{\"@type\":\"ListItem\",\"position\":1,\"name\":\"Home\",\"item\":\"https:\\\/\\\/isf.fo\\\/\"},{\"@type\":\"ListItem\",\"position\":2,\"name\":\"Bygna\u00f0ur\",\"item\":\"https:\\\/\\\/isf.fo\\\/bygnadur\\\/\"},{\"@type\":\"ListItem\",\"position\":3,\"name\":\"S\u00f8ga\",\"item\":\"https:\\\/\\\/isf.fo\\\/bygnadur\\\/soga\\\/\"},{\"@type\":\"ListItem\",\"position\":4,\"name\":\"Hei\u00f0ursskjal Poul E. Petersen\"}]},{\"@type\":\"WebSite\",\"@id\":\"https:\\\/\\\/isf.fo\\\/#website\",\"url\":\"https:\\\/\\\/isf.fo\\\/\",\"name\":\"\u00cdtr\u00f3ttasamband F\u00f8roya\",\"description\":\"\",\"publisher\":{\"@id\":\"https:\\\/\\\/isf.fo\\\/#organization\"},\"potentialAction\":[{\"@type\":\"SearchAction\",\"target\":{\"@type\":\"EntryPoint\",\"urlTemplate\":\"https:\\\/\\\/isf.fo\\\/?s={search_term_string}\"},\"query-input\":{\"@type\":\"PropertyValueSpecification\",\"valueRequired\":true,\"valueName\":\"search_term_string\"}}],\"inLanguage\":\"en-US\"},{\"@type\":\"Organization\",\"@id\":\"https:\\\/\\\/isf.fo\\\/#organization\",\"name\":\"\u00cdtr\u00f3ttasamband F\u00f8roya\",\"url\":\"https:\\\/\\\/isf.fo\\\/\",\"logo\":{\"@type\":\"ImageObject\",\"inLanguage\":\"en-US\",\"@id\":\"https:\\\/\\\/isf.fo\\\/#\\\/schema\\\/logo\\\/image\\\/\",\"url\":\"https:\\\/\\\/isf.fo\\\/wp-content\\\/uploads\\\/2025\\\/06\\\/ISF_Olympic-Committee-logo.png\",\"contentUrl\":\"https:\\\/\\\/isf.fo\\\/wp-content\\\/uploads\\\/2025\\\/06\\\/ISF_Olympic-Committee-logo.png\",\"width\":618,\"height\":121,\"caption\":\"\u00cdtr\u00f3ttasamband F\u00f8roya\"},\"image\":{\"@id\":\"https:\\\/\\\/isf.fo\\\/#\\\/schema\\\/logo\\\/image\\\/\"},\"sameAs\":[\"https:\\\/\\\/www.facebook.com\\\/itrottasambandid\"]}]}<\/script>\n<!-- \/ Yoast SEO plugin. -->","yoast_head_json":{"title":"Hei\u00f0ursskjal Poul E. Petersen - \u00cdtr\u00f3ttasamband F\u00f8roya","robots":{"index":"index","follow":"follow","max-snippet":"max-snippet:-1","max-image-preview":"max-image-preview:large","max-video-preview":"max-video-preview:-1"},"canonical":"https:\/\/isf.fo\/en\/bygnadur\/soga\/heidursskjal-poul-e-petersen\/","og_locale":"en_US","og_type":"article","og_title":"Hei\u00f0ursskjal Poul E. Petersen - \u00cdtr\u00f3ttasamband F\u00f8roya","og_url":"https:\/\/isf.fo\/en\/bygnadur\/soga\/heidursskjal-poul-e-petersen\/","og_site_name":"\u00cdtr\u00f3ttasamband F\u00f8roya","article_publisher":"https:\/\/www.facebook.com\/itrottasambandid","article_modified_time":"2021-01-26T10:31:35+00:00","twitter_card":"summary_large_image","schema":{"@context":"https:\/\/schema.org","@graph":[{"@type":"WebPage","@id":"https:\/\/isf.fo\/bygnadur\/soga\/heidursskjal-poul-e-petersen\/","url":"https:\/\/isf.fo\/bygnadur\/soga\/heidursskjal-poul-e-petersen\/","name":"Hei\u00f0ursskjal Poul E. Petersen - \u00cdtr\u00f3ttasamband F\u00f8roya","isPartOf":{"@id":"https:\/\/isf.fo\/#website"},"datePublished":"2008-06-16T14:01:31+00:00","dateModified":"2021-01-26T10:31:35+00:00","breadcrumb":{"@id":"https:\/\/isf.fo\/bygnadur\/soga\/heidursskjal-poul-e-petersen\/#breadcrumb"},"inLanguage":"en-US","potentialAction":[{"@type":"ReadAction","target":["https:\/\/isf.fo\/bygnadur\/soga\/heidursskjal-poul-e-petersen\/"]}]},{"@type":"BreadcrumbList","@id":"https:\/\/isf.fo\/bygnadur\/soga\/heidursskjal-poul-e-petersen\/#breadcrumb","itemListElement":[{"@type":"ListItem","position":1,"name":"Home","item":"https:\/\/isf.fo\/"},{"@type":"ListItem","position":2,"name":"Bygna\u00f0ur","item":"https:\/\/isf.fo\/bygnadur\/"},{"@type":"ListItem","position":3,"name":"S\u00f8ga","item":"https:\/\/isf.fo\/bygnadur\/soga\/"},{"@type":"ListItem","position":4,"name":"Hei\u00f0ursskjal Poul E. Petersen"}]},{"@type":"WebSite","@id":"https:\/\/isf.fo\/#website","url":"https:\/\/isf.fo\/","name":"\u00cdtr\u00f3ttasamband F\u00f8roya","description":"","publisher":{"@id":"https:\/\/isf.fo\/#organization"},"potentialAction":[{"@type":"SearchAction","target":{"@type":"EntryPoint","urlTemplate":"https:\/\/isf.fo\/?s={search_term_string}"},"query-input":{"@type":"PropertyValueSpecification","valueRequired":true,"valueName":"search_term_string"}}],"inLanguage":"en-US"},{"@type":"Organization","@id":"https:\/\/isf.fo\/#organization","name":"\u00cdtr\u00f3ttasamband F\u00f8roya","url":"https:\/\/isf.fo\/","logo":{"@type":"ImageObject","inLanguage":"en-US","@id":"https:\/\/isf.fo\/#\/schema\/logo\/image\/","url":"https:\/\/isf.fo\/wp-content\/uploads\/2025\/06\/ISF_Olympic-Committee-logo.png","contentUrl":"https:\/\/isf.fo\/wp-content\/uploads\/2025\/06\/ISF_Olympic-Committee-logo.png","width":618,"height":121,"caption":"\u00cdtr\u00f3ttasamband F\u00f8roya"},"image":{"@id":"https:\/\/isf.fo\/#\/schema\/logo\/image\/"},"sameAs":["https:\/\/www.facebook.com\/itrottasambandid"]}]}},"_links":{"self":[{"href":"https:\/\/isf.fo\/en\/wp-json\/wp\/v2\/pages\/419","targetHints":{"allow":["GET"]}}],"collection":[{"href":"https:\/\/isf.fo\/en\/wp-json\/wp\/v2\/pages"}],"about":[{"href":"https:\/\/isf.fo\/en\/wp-json\/wp\/v2\/types\/page"}],"author":[{"embeddable":true,"href":"https:\/\/isf.fo\/en\/wp-json\/wp\/v2\/users\/6"}],"replies":[{"embeddable":true,"href":"https:\/\/isf.fo\/en\/wp-json\/wp\/v2\/comments?post=419"}],"version-history":[{"count":2,"href":"https:\/\/isf.fo\/en\/wp-json\/wp\/v2\/pages\/419\/revisions"}],"predecessor-version":[{"id":8258,"href":"https:\/\/isf.fo\/en\/wp-json\/wp\/v2\/pages\/419\/revisions\/8258"}],"up":[{"embeddable":true,"href":"https:\/\/isf.fo\/en\/wp-json\/wp\/v2\/pages\/404"}],"wp:attachment":[{"href":"https:\/\/isf.fo\/en\/wp-json\/wp\/v2\/media?parent=419"}],"curies":[{"name":"wp","href":"https:\/\/api.w.org\/{rel}","templated":true}]}}