{"id":425,"date":"2008-06-16T15:05:23","date_gmt":"2008-06-16T14:05:23","guid":{"rendered":"http:\/\/www.solvihansen.com\/isf\/?page_id=47"},"modified":"2022-11-06T14:43:26","modified_gmt":"2022-11-06T14:43:26","slug":"fyribyrging","status":"publish","type":"page","link":"https:\/\/isf.fo\/en\/tilfar\/fyribyrging\/","title":{"rendered":"Faldari: G\u00f3\u00f0ur atbur\u00f0ur"},"content":{"rendered":"<h2>Faldari um g\u00f3\u00f0an atbur\u00f0<\/h2>\n<p>N\u00faverandi tilfar fr\u00e1 2008 um g\u00f3\u00f0an atbur\u00f0 kann takast ni\u00f0ur her: <strong><a href=\"https:\/\/d21ockg4ri0hhk.cloudfront.net\/wp-content\/uploads\/2008\/06\/30193141\/godur_atburdur.pdf\">Faldari um g\u00f3\u00f0an atbur\u00f0<\/a>.<\/strong><\/p>\n<p>Ein partur av \u00e6tlanini hj\u00e1 \u00cdSF: &#8220;\u00cd felag fram \u00edm\u00f3ti felags m\u00e1lum&#8221; sn\u00fdr seg um, at vit skulu gera meira fyri at tryggja g\u00f3\u00f0an atbur\u00f0 \u00ed f\u00f8roysum \u00edtr\u00f3tti.<\/p>\n<p>N\u00e6stu t\u00ed\u00f0ina arbei\u00f0a vit vi\u00f0 at menna tilfar og at menna eina \u00edtr\u00f3ttar\u00e1\u00f0geving, har alt vi\u00f0komandi tilfar ver\u00f0ur t\u00f3kt.<\/p>\n<p>T\u00f3nin skal setast fr\u00e1 ovastu lei\u00f0slu, og ta\u00f0 skal gerast greitt, at vit g\u00f3\u00f0taka ikki lj\u00f3tan og \u00f3gvusligan m\u00e1lbur\u00f0 ella verbal \u00e1lop. \u00cdtr\u00f3ttafelagsskapurin skal vera g\u00f3\u00f0ur og tryggur fyri \u00f8ll &#8211; heilt fr\u00e1 sm\u00e6stu \u00ed\u00f0karunum til vaksin, og fr\u00e1 venjarum til d\u00f3marar, \u00e1sko\u00f0arar og hj\u00e1lparf\u00f3lk. T\u00ed or\u00f0a vit okkum alt\u00ed\u00f0 vir\u00f0iliga. \u00d8ll somul. \u00cd\u00f0karin, sum vit vilja menna, er r\u00famligur, fyrikomandi og hj\u00e1lpsamur, og \u00f8ll, sum eru partur av venjingum og kappingum, eiga at vera fyrimyndir til tess at n\u00e1a hesum m\u00e1li. Vit sta\u00f0festa, at ta\u00f0 er null-tolsemi, t\u00e1 talan er um happing, ringan m\u00e1lbur\u00f0 og \u00fatih\u00fdsing innan \u00edtr\u00f3ttafelagsskapin \u00ed F\u00f8royum. Kunnandi \u00e1tak og uppl\u00fdsandi tilfar skal gerast, og ta\u00f0 eru lei\u00f0slurnar \u00ed fel\u00f8gunum, sum hava \u00e1byrgdina av, at null-hugsj\u00f3nin ver\u00f0ur fylgd.<\/p>\n<p>Les meira um komandi \u00e6tlanina hj\u00e1 \u00cdSF: &#8220;<em><a href=\"https:\/\/d21ockg4ri0hhk.cloudfront.net\/wp-content\/uploads\/2022\/05\/30191931\/2022-19-05-Strategi-faldari-isf-2022-einkultsidur.pdf\">Together towards common goals<\/a>&#8220;<\/em><\/p>","protected":false},"excerpt":{"rendered":"<p>Faldari um g\u00f3\u00f0an atbur\u00f0 N\u00faverandi tilfar fr\u00e1 2008 um g\u00f3\u00f0an atbur\u00f0 kann takast ni\u00f0ur her: Faldari um g\u00f3\u00f0an atbur\u00f0. Ein [&hellip;]<\/p>\n","protected":false},"author":6,"featured_media":0,"parent":422,"menu_order":4,"comment_status":"closed","ping_status":"closed","template":"","meta":{"_acf_changed":false,"_relevanssi_hide_post":"","_relevanssi_hide_content":"","_relevanssi_pin_for_all":"","_relevanssi_pin_keywords":"","_relevanssi_unpin_keywords":"","_relevanssi_related_keywords":"","_relevanssi_related_include_ids":"","_relevanssi_related_exclude_ids":"","_relevanssi_related_no_append":"","_relevanssi_related_not_related":"","_relevanssi_related_posts":"","_relevanssi_noindex_reason":"","inline_featured_image":false,"footnotes":""},"class_list":["post-425","page","type-page","status-publish","hentry"],"acf":[],"yoast_head":"<!-- This site is optimized with the Yoast SEO plugin v27.5 - https:\/\/yoast.com\/product\/yoast-seo-wordpress\/ -->\n<title>Faldari: G\u00f3\u00f0ur atbur\u00f0ur - \u00cdtr\u00f3ttasamband F\u00f8roya<\/title>\n<meta name=\"robots\" content=\"index, follow, max-snippet:-1, max-image-preview:large, max-video-preview:-1\" \/>\n<link rel=\"canonical\" href=\"https:\/\/isf.fo\/en\/tilfar\/fyribyrging\/\" \/>\n<meta property=\"og:locale\" content=\"en_US\" \/>\n<meta property=\"og:type\" content=\"article\" \/>\n<meta property=\"og:title\" content=\"Faldari: G\u00f3\u00f0ur atbur\u00f0ur - \u00cdtr\u00f3ttasamband F\u00f8roya\" \/>\n<meta property=\"og:description\" content=\"Faldari um g\u00f3\u00f0an atbur\u00f0 N\u00faverandi tilfar fr\u00e1 2008 um g\u00f3\u00f0an atbur\u00f0 kann takast ni\u00f0ur her: Faldari um g\u00f3\u00f0an atbur\u00f0. Ein [&hellip;]\" \/>\n<meta property=\"og:url\" content=\"https:\/\/isf.fo\/en\/tilfar\/fyribyrging\/\" \/>\n<meta property=\"og:site_name\" content=\"\u00cdtr\u00f3ttasamband F\u00f8roya\" \/>\n<meta property=\"article:publisher\" content=\"https:\/\/www.facebook.com\/itrottasambandid\" \/>\n<meta property=\"article:modified_time\" content=\"2022-11-06T14:43:26+00:00\" \/>\n<meta name=\"twitter:card\" content=\"summary_large_image\" \/>\n<meta name=\"twitter:label1\" content=\"Est. reading time\" \/>\n\t<meta name=\"twitter:data1\" content=\"2 minutes\" \/>\n<script type=\"application\/ld+json\" class=\"yoast-schema-graph\">{\"@context\":\"https:\\\/\\\/schema.org\",\"@graph\":[{\"@type\":\"WebPage\",\"@id\":\"https:\\\/\\\/isf.fo\\\/tilfar\\\/fyribyrging\\\/\",\"url\":\"https:\\\/\\\/isf.fo\\\/tilfar\\\/fyribyrging\\\/\",\"name\":\"Faldari: G\u00f3\u00f0ur atbur\u00f0ur - \u00cdtr\u00f3ttasamband F\u00f8roya\",\"isPartOf\":{\"@id\":\"https:\\\/\\\/isf.fo\\\/#website\"},\"datePublished\":\"2008-06-16T14:05:23+00:00\",\"dateModified\":\"2022-11-06T14:43:26+00:00\",\"breadcrumb\":{\"@id\":\"https:\\\/\\\/isf.fo\\\/tilfar\\\/fyribyrging\\\/#breadcrumb\"},\"inLanguage\":\"en-US\",\"potentialAction\":[{\"@type\":\"ReadAction\",\"target\":[\"https:\\\/\\\/isf.fo\\\/tilfar\\\/fyribyrging\\\/\"]}]},{\"@type\":\"BreadcrumbList\",\"@id\":\"https:\\\/\\\/isf.fo\\\/tilfar\\\/fyribyrging\\\/#breadcrumb\",\"itemListElement\":[{\"@type\":\"ListItem\",\"position\":1,\"name\":\"Home\",\"item\":\"https:\\\/\\\/isf.fo\\\/\"},{\"@type\":\"ListItem\",\"position\":2,\"name\":\"Tilfar\",\"item\":\"https:\\\/\\\/isf.fo\\\/tilfar\\\/\"},{\"@type\":\"ListItem\",\"position\":3,\"name\":\"Faldari: G\u00f3\u00f0ur atbur\u00f0ur\"}]},{\"@type\":\"WebSite\",\"@id\":\"https:\\\/\\\/isf.fo\\\/#website\",\"url\":\"https:\\\/\\\/isf.fo\\\/\",\"name\":\"\u00cdtr\u00f3ttasamband F\u00f8roya\",\"description\":\"\",\"publisher\":{\"@id\":\"https:\\\/\\\/isf.fo\\\/#organization\"},\"potentialAction\":[{\"@type\":\"SearchAction\",\"target\":{\"@type\":\"EntryPoint\",\"urlTemplate\":\"https:\\\/\\\/isf.fo\\\/?s={search_term_string}\"},\"query-input\":{\"@type\":\"PropertyValueSpecification\",\"valueRequired\":true,\"valueName\":\"search_term_string\"}}],\"inLanguage\":\"en-US\"},{\"@type\":\"Organization\",\"@id\":\"https:\\\/\\\/isf.fo\\\/#organization\",\"name\":\"\u00cdtr\u00f3ttasamband F\u00f8roya\",\"url\":\"https:\\\/\\\/isf.fo\\\/\",\"logo\":{\"@type\":\"ImageObject\",\"inLanguage\":\"en-US\",\"@id\":\"https:\\\/\\\/isf.fo\\\/#\\\/schema\\\/logo\\\/image\\\/\",\"url\":\"https:\\\/\\\/isf.fo\\\/wp-content\\\/uploads\\\/2025\\\/06\\\/ISF_Olympic-Committee-logo.png\",\"contentUrl\":\"https:\\\/\\\/isf.fo\\\/wp-content\\\/uploads\\\/2025\\\/06\\\/ISF_Olympic-Committee-logo.png\",\"width\":618,\"height\":121,\"caption\":\"\u00cdtr\u00f3ttasamband F\u00f8roya\"},\"image\":{\"@id\":\"https:\\\/\\\/isf.fo\\\/#\\\/schema\\\/logo\\\/image\\\/\"},\"sameAs\":[\"https:\\\/\\\/www.facebook.com\\\/itrottasambandid\"]}]}<\/script>\n<!-- \/ Yoast SEO plugin. -->","yoast_head_json":{"title":"Faldari: G\u00f3\u00f0ur atbur\u00f0ur - \u00cdtr\u00f3ttasamband F\u00f8roya","robots":{"index":"index","follow":"follow","max-snippet":"max-snippet:-1","max-image-preview":"max-image-preview:large","max-video-preview":"max-video-preview:-1"},"canonical":"https:\/\/isf.fo\/en\/tilfar\/fyribyrging\/","og_locale":"en_US","og_type":"article","og_title":"Faldari: G\u00f3\u00f0ur atbur\u00f0ur - \u00cdtr\u00f3ttasamband F\u00f8roya","og_description":"Faldari um g\u00f3\u00f0an atbur\u00f0 N\u00faverandi tilfar fr\u00e1 2008 um g\u00f3\u00f0an atbur\u00f0 kann takast ni\u00f0ur her: Faldari um g\u00f3\u00f0an atbur\u00f0. Ein [&hellip;]","og_url":"https:\/\/isf.fo\/en\/tilfar\/fyribyrging\/","og_site_name":"\u00cdtr\u00f3ttasamband F\u00f8roya","article_publisher":"https:\/\/www.facebook.com\/itrottasambandid","article_modified_time":"2022-11-06T14:43:26+00:00","twitter_card":"summary_large_image","twitter_misc":{"Est. reading time":"2 minutes"},"schema":{"@context":"https:\/\/schema.org","@graph":[{"@type":"WebPage","@id":"https:\/\/isf.fo\/tilfar\/fyribyrging\/","url":"https:\/\/isf.fo\/tilfar\/fyribyrging\/","name":"Faldari: G\u00f3\u00f0ur atbur\u00f0ur - \u00cdtr\u00f3ttasamband F\u00f8roya","isPartOf":{"@id":"https:\/\/isf.fo\/#website"},"datePublished":"2008-06-16T14:05:23+00:00","dateModified":"2022-11-06T14:43:26+00:00","breadcrumb":{"@id":"https:\/\/isf.fo\/tilfar\/fyribyrging\/#breadcrumb"},"inLanguage":"en-US","potentialAction":[{"@type":"ReadAction","target":["https:\/\/isf.fo\/tilfar\/fyribyrging\/"]}]},{"@type":"BreadcrumbList","@id":"https:\/\/isf.fo\/tilfar\/fyribyrging\/#breadcrumb","itemListElement":[{"@type":"ListItem","position":1,"name":"Home","item":"https:\/\/isf.fo\/"},{"@type":"ListItem","position":2,"name":"Tilfar","item":"https:\/\/isf.fo\/tilfar\/"},{"@type":"ListItem","position":3,"name":"Faldari: G\u00f3\u00f0ur atbur\u00f0ur"}]},{"@type":"WebSite","@id":"https:\/\/isf.fo\/#website","url":"https:\/\/isf.fo\/","name":"\u00cdtr\u00f3ttasamband F\u00f8roya","description":"","publisher":{"@id":"https:\/\/isf.fo\/#organization"},"potentialAction":[{"@type":"SearchAction","target":{"@type":"EntryPoint","urlTemplate":"https:\/\/isf.fo\/?s={search_term_string}"},"query-input":{"@type":"PropertyValueSpecification","valueRequired":true,"valueName":"search_term_string"}}],"inLanguage":"en-US"},{"@type":"Organization","@id":"https:\/\/isf.fo\/#organization","name":"\u00cdtr\u00f3ttasamband F\u00f8roya","url":"https:\/\/isf.fo\/","logo":{"@type":"ImageObject","inLanguage":"en-US","@id":"https:\/\/isf.fo\/#\/schema\/logo\/image\/","url":"https:\/\/isf.fo\/wp-content\/uploads\/2025\/06\/ISF_Olympic-Committee-logo.png","contentUrl":"https:\/\/isf.fo\/wp-content\/uploads\/2025\/06\/ISF_Olympic-Committee-logo.png","width":618,"height":121,"caption":"\u00cdtr\u00f3ttasamband F\u00f8roya"},"image":{"@id":"https:\/\/isf.fo\/#\/schema\/logo\/image\/"},"sameAs":["https:\/\/www.facebook.com\/itrottasambandid"]}]}},"_links":{"self":[{"href":"https:\/\/isf.fo\/en\/wp-json\/wp\/v2\/pages\/425","targetHints":{"allow":["GET"]}}],"collection":[{"href":"https:\/\/isf.fo\/en\/wp-json\/wp\/v2\/pages"}],"about":[{"href":"https:\/\/isf.fo\/en\/wp-json\/wp\/v2\/types\/page"}],"author":[{"embeddable":true,"href":"https:\/\/isf.fo\/en\/wp-json\/wp\/v2\/users\/6"}],"replies":[{"embeddable":true,"href":"https:\/\/isf.fo\/en\/wp-json\/wp\/v2\/comments?post=425"}],"version-history":[{"count":14,"href":"https:\/\/isf.fo\/en\/wp-json\/wp\/v2\/pages\/425\/revisions"}],"predecessor-version":[{"id":10908,"href":"https:\/\/isf.fo\/en\/wp-json\/wp\/v2\/pages\/425\/revisions\/10908"}],"up":[{"embeddable":true,"href":"https:\/\/isf.fo\/en\/wp-json\/wp\/v2\/pages\/422"}],"wp:attachment":[{"href":"https:\/\/isf.fo\/en\/wp-json\/wp\/v2\/media?parent=425"}],"curies":[{"name":"wp","href":"https:\/\/api.w.org\/{rel}","templated":true}]}}