{"id":426,"date":"2008-06-16T15:05:40","date_gmt":"2008-06-16T14:05:40","guid":{"rendered":"http:\/\/www.solvihansen.com\/isf\/?page_id=48"},"modified":"2026-05-12T10:45:37","modified_gmt":"2026-05-12T10:45:37","slug":"formansfragrei%c3%b0ingar","status":"publish","type":"page","link":"https:\/\/isf.fo\/en\/tilfar\/formansfragrei%c3%b0ingar\/","title":{"rendered":"Formansfr\u00e1grei\u00f0ingar"},"content":{"rendered":"<ul>\n<li><a href=\"https:\/\/isf.fo\/wp-content\/uploads\/2026\/05\/ISF-arsfragreiding-2026.pdf\">\u00c1rsfr\u00e1grei\u00f0ing 2025\/26<\/a><\/li>\n<li><a href=\"https:\/\/isf.fo\/wp-content\/uploads\/2025\/05\/ISF-arsfragreiding-2025.pdf\">\u00c1rsfr\u00e1grei\u00f0ing 2024\/25<\/a><\/li>\n<li><a href=\"https:\/\/isf.fo\/wp-content\/uploads\/2024\/05\/ISF-arsfragreiding-2024.pdf\">\u00c1rsfr\u00e1grei\u00f0ing 2023\/24<\/a><\/li>\n<li><a href=\"https:\/\/d21ockg4ri0hhk.cloudfront.net\/wp-content\/uploads\/2023\/05\/02104734\/ISF-arsfragreiding-2023.pdf\">\u00c1rsfr\u00e1grei\u00f0ing 2022\/23<\/a><\/li>\n<li><a href=\"https:\/\/d21ockg4ri0hhk.cloudfront.net\/wp-content\/uploads\/2022\/05\/30191929\/I%CC%81SF-a%CC%81rsfra%CC%81greiding-2021.pdf\" target=\"_blank\" rel=\"noopener\">\u00c1rsfr\u00e1grei\u00f0ing 2021\/22<\/a><\/li>\n<li><a href=\"https:\/\/d21ockg4ri0hhk.cloudfront.net\/wp-content\/uploads\/2021\/05\/30192453\/ISF-Arsfragreiding2020-low.pdf\" target=\"_blank\" rel=\"noopener\">\u00c1rsfr\u00e1grei\u00f0ing 2020\/21<\/a><\/li>\n<li><a href=\"https:\/\/d21ockg4ri0hhk.cloudfront.net\/wp-content\/uploads\/2020\/06\/30192811\/R%C3%86TTA%C3%90-VERSI%C3%93N-%C3%81rsfr%C3%A1grei%C3%B0ing-%C3%8DSF-2019.pdf\" target=\"_blank\" rel=\"noopener noreferrer\">\u00c1rsfr\u00e1grei\u00f0ing 2019\/20<\/a><\/li>\n<li><a href=\"https:\/\/d21ockg4ri0hhk.cloudfront.net\/wp-content\/uploads\/2019\/04\/30192944\/%C3%8DSF-%C3%81rsfr%C3%A1grei%C3%B0ing-2018.pdf\" target=\"_blank\" rel=\"noopener noreferrer\">\u00c1rsfr\u00e1grei\u00f0ing 2018\/19<\/a><\/li>\n<li><a href=\"https:\/\/d21ockg4ri0hhk.cloudfront.net\/wp-content\/uploads\/2018\/05\/30193024\/Arsfragreiding_Adalfundur_2018-1.pdf\" target=\"_blank\" rel=\"noopener noreferrer\">\u00c1rsfr\u00e1grei\u00f0ing 2017\/18<\/a><\/li>\n<li><a href=\"https:\/\/d21ockg4ri0hhk.cloudfront.net\/wp-content\/uploads\/2017\/05\/30193122\/%C3%8DSF-%C3%A1rsfr%C3%A1grei%C3%B0ing-2017.pdf\">\u00c1rsfr\u00e1grei\u00f0ing 2016\/17<\/a><\/li>\n<li><a href=\"https:\/\/d21ockg4ri0hhk.cloudfront.net\/wp-content\/uploads\/2017\/04\/30193143\/Formansfragreiding-2015-16.pdf\">Formansfr\u00e1grei\u00f0ing 2015-16<\/a><\/li>\n<li><a href=\"https:\/\/d21ockg4ri0hhk.cloudfront.net\/wp-content\/uploads\/2017\/04\/30193142\/formansfragreiding-ISF-2014-15.pdf\">Formansfr\u00e1grei\u00f0ing 2014-15<\/a><\/li>\n<li><a href=\"https:\/\/d21ockg4ri0hhk.cloudfront.net\/wp-content\/uploads\/2017\/04\/30193143\/Formansfragr2014.pdf\">Formansfr\u00e1grei\u00f0ing 2013-2014<\/a><\/li>\n<li><a href=\"https:\/\/d21ockg4ri0hhk.cloudfront.net\/wp-content\/uploads\/2017\/04\/30193144\/ISF-Formansfragr-2013.pdf\">Formansfr\u00e1grei\u00f0ing 2012-2013<\/a><\/li>\n<li><a href=\"https:\/\/d21ockg4ri0hhk.cloudfront.net\/wp-content\/uploads\/2018\/02\/30193042\/%C3%8DSF-Formansfr%C3%A1grei%C3%B0ing-2011-2012.pdf\">Formansfr\u00e1grei\u00f0ing-2011-2012<\/a><\/li>\n<li><a href=\"https:\/\/isf.fo\/wp-content\/uploads\/2011\/05\/ISF_Formansfragr_2011.pdf\">Formansfr\u00e1grei\u00f0ing 2010-2011<\/a><\/li>\n<li><a href=\"https:\/\/isf.fo\/wp-content\/uploads\/2010\/07\/formansfragr2010.pdf\">Formansfr\u00e1grei\u00f0ing 2009-2010<\/a><\/li>\n<li><a href=\"https:\/\/isf.fo\/wp-content\/uploads\/2009\/05\/formansfragreiding0809.pdf\">Formansfr\u00e1grei\u00f0ing 2008-2009<\/a><\/li>\n<li><a href=\"https:\/\/isf.fo\/wp-content\/uploads\/2008\/08\/isf_formansfragr_0708.pdf\">Formansfr\u00e1grei\u00f0ing 2007-2008<\/a><\/li>\n<li><a href=\"https:\/\/isf.fo\/wp-content\/uploads\/2008\/08\/isf_adalfundur_2007.pdf\">Formansfr\u00e1grei\u00f0ing 2006-2007<\/a><\/li>\n<li><a href=\"https:\/\/isf.fo\/wp-content\/uploads\/2008\/08\/isf_adalfund_2006.pdf\">Formansfr\u00e1grei\u00f0ing 2005-2006<\/a><\/li>\n<li><a href=\"https:\/\/isf.fo\/wp-content\/uploads\/2008\/08\/formansfragr2005.pdf\">Formansfr\u00e1grei\u00f0ing 2004-2005<\/a><\/li>\n<li><a href=\"https:\/\/isf.fo\/wp-content\/uploads\/2008\/08\/formansfragr2004.pdf\">Formansfr\u00e1grei\u00f0ing 2003-2004<\/a><\/li>\n<li><a href=\"https:\/\/isf.fo\/wp-content\/uploads\/2008\/08\/formansfragr2003.pdf\">Formansfr\u00e1grei\u00f0ing 2002-2003<\/a><\/li>\n<li><a href=\"https:\/\/isf.fo\/wp-content\/uploads\/2008\/08\/formansfragr2002.pdf\">Formansfr\u00e1grei\u00f0ing 2001-2002<\/a><\/li>\n<li><a href=\"https:\/\/isf.fo\/wp-content\/uploads\/2008\/08\/formansfragr2001.pdf\">Formansfr\u00e1grei\u00f0ing 2000-2001<\/a><\/li>\n<li><a href=\"https:\/\/drive.google.com\/file\/d\/1LB3Foypfk2XjkDBGsou9-OOmNgi4NYOd\/view\" target=\"_blank\" rel=\"noopener noreferrer\">A\u00f0alfundur 2000<\/a><\/li>\n<li><a href=\"https:\/\/isf.fo\/wp-content\/uploads\/2008\/08\/formansfragr2000.pdf\">Formansfr\u00e1grei\u00f0ing 1999-2000<\/a><\/li>\n<li><a href=\"https:\/\/drive.google.com\/file\/d\/1DDDzPVaLz2z-1FTP2EH9OSpLtLotinXr\/view\" target=\"_blank\" rel=\"noopener noreferrer\">A\u00f0alfundur 1999<\/a><\/li>\n<li><a href=\"https:\/\/drive.google.com\/file\/d\/1ALMpAAA_Ru92O6t7gQsmNi4Sitn9qvBp\/view\" target=\"_blank\" rel=\"noopener noreferrer\">A\u00f0alfundur 1998<\/a><\/li>\n<li><a href=\"https:\/\/drive.google.com\/file\/d\/1sMGVSSpuQs3lcgeFJl0a9Pbugsj9Mfho\/view\" target=\"_blank\" rel=\"noopener noreferrer\">A\u00f0alfundur 1997<\/a><\/li>\n<li><a href=\"https:\/\/drive.google.com\/file\/d\/1OT7M8hyIN3cbd3AfsqkYke-eCqzEyapp\/view\" target=\"_blank\" rel=\"noopener noreferrer\">A\u00f0alfundur 1996<\/a><\/li>\n<li><a href=\"https:\/\/drive.google.com\/file\/d\/1OT7M8hyIN3cbd3AfsqkYke-eCqzEyapp\/view\" target=\"_blank\" rel=\"noopener noreferrer\">A\u00f0alfundur 1995<\/a><\/li>\n<li><a href=\"https:\/\/drive.google.com\/file\/d\/1V_gz55HZdmnz6SaNgwPA2k2RxhZyeL_R\/view\" target=\"_blank\" rel=\"noopener noreferrer\">A\u00f0alfundur 1993<\/a><\/li>\n<li><a href=\"https:\/\/drive.google.com\/file\/d\/1onoOmcHT52HKBhSWX_zT0GxN5yfUgA7y\/view\" target=\"_blank\" rel=\"noopener noreferrer\">A\u00f0alfundur 1992<\/a><\/li>\n<li><a href=\"https:\/\/drive.google.com\/file\/d\/120NFzkOQaENOFHR5L64__Af4QWfKiFIi\/view\" target=\"_blank\" rel=\"noopener noreferrer\">A\u00f0alfundur 1991<\/a><\/li>\n<li><a href=\"https:\/\/drive.google.com\/file\/d\/1oFbI2Wif_IC9i5Aa3TCBt0dp1uxE50sx\/view\" target=\"_blank\" rel=\"noopener noreferrer\">A\u00f0alfundur 1990<\/a><\/li>\n<\/ul>\n<p><em><strong>A\u00f0alfundir 1989 og \u00e1\u00f0renn:<\/strong><\/em> s\u00ed\u00f0ur vi\u00f0 \u00farslitum, fer\u00f0afr\u00e1sagnum v.m. hj\u00e1 ymsu \u00edtr\u00f3ttagreinunum eru ikki skanna\u00f0ar<\/p>\n<ul>\n<li><a href=\"https:\/\/drive.google.com\/file\/d\/1szJ5ZYnXchHvfIh2P4dLLtqoPaFLVEX1\/view\" target=\"_blank\" rel=\"noopener noreferrer\">Fr\u00e1grei\u00f0ing formansins til a\u00f0alfundin 1989<\/a><\/li>\n<li><a href=\"https:\/\/drive.google.com\/file\/d\/1uRC6w_8qh0ziFYDpW0FhyZ-qLR_Vx6_U\/view\" target=\"_blank\" rel=\"noopener noreferrer\">Fr\u00e1grei\u00f0ing formansins til a\u00f0alfundin 1988<\/a><\/li>\n<li><a href=\"https:\/\/drive.google.com\/file\/d\/1I_T6V_9RhcL_NslxEehzQuBvOlQKCWiX\/view\" target=\"_blank\" rel=\"noopener noreferrer\">Fr\u00e1grei\u00f0ing formansins til a\u00f0alfundin 1987<\/a><\/li>\n<li><a href=\"https:\/\/drive.google.com\/file\/d\/1xQD7Cklwssem9lL68CDO3lzo7e6o7_oF\/view\" target=\"_blank\" rel=\"noopener noreferrer\">Fr\u00e1grei\u00f0ing formansins til a\u00f0alfundin 1986<\/a><\/li>\n<li><a href=\"https:\/\/drive.google.com\/file\/d\/1UtmZZPijNtpR5l_pwPInnb3Ox-Qomcys\/view\" target=\"_blank\" rel=\"noopener noreferrer\">Fr\u00e1grei\u00f0ing formansins til a\u00f0alfundin 1985<\/a><\/li>\n<li><a href=\"https:\/\/drive.google.com\/file\/d\/1umIKgAAKUfmoTA_WtQ1EzPOhcTnGaE0i\/view\" target=\"_blank\" rel=\"noopener noreferrer\">Fr\u00e1grei\u00f0ing formansins til a\u00f0alfundin 1984<\/a><\/li>\n<li><a href=\"https:\/\/drive.google.com\/file\/d\/1upUo5xkCOaumBAOk-SWxAhRiXRjP3LI7\/view\" target=\"_blank\" rel=\"noopener noreferrer\">Fr\u00e1grei\u00f0ing formansins til a\u00f0alfundin 1983<\/a><\/li>\n<li><a href=\"https:\/\/drive.google.com\/file\/d\/1GuZwa01jA7vaAf8MOs7e1PEjy8-ok2Lo\/view\" target=\"_blank\" rel=\"noopener noreferrer\">Fr\u00e1grei\u00f0ing formansins til a\u00f0alfundin 1982<\/a><\/li>\n<li><a href=\"https:\/\/drive.google.com\/file\/d\/1Lpbvj5INbZAk1iimjr14ShKdWZ7PifX9\/view\" target=\"_blank\" rel=\"noopener noreferrer\">Fr\u00e1grei\u00f0ing formansins til a\u00f0alfundin 1981<\/a><\/li>\n<\/ul>","protected":false},"excerpt":{"rendered":"<p>\u00c1rsfr\u00e1grei\u00f0ing 2025\/26 \u00c1rsfr\u00e1grei\u00f0ing 2024\/25 \u00c1rsfr\u00e1grei\u00f0ing 2023\/24 \u00c1rsfr\u00e1grei\u00f0ing 2022\/23 \u00c1rsfr\u00e1grei\u00f0ing 2021\/22 \u00c1rsfr\u00e1grei\u00f0ing 2020\/21 \u00c1rsfr\u00e1grei\u00f0ing 2019\/20 \u00c1rsfr\u00e1grei\u00f0ing 2018\/19 \u00c1rsfr\u00e1grei\u00f0ing 2017\/18 \u00c1rsfr\u00e1grei\u00f0ing 2016\/17 [&hellip;]<\/p>\n","protected":false},"author":6,"featured_media":0,"parent":422,"menu_order":11,"comment_status":"closed","ping_status":"closed","template":"","meta":{"_acf_changed":false,"_relevanssi_hide_post":"","_relevanssi_hide_content":"","_relevanssi_pin_for_all":"","_relevanssi_pin_keywords":"","_relevanssi_unpin_keywords":"","_relevanssi_related_keywords":"","_relevanssi_related_include_ids":"","_relevanssi_related_exclude_ids":"","_relevanssi_related_no_append":"","_relevanssi_related_not_related":"","_relevanssi_related_posts":"","_relevanssi_noindex_reason":"","inline_featured_image":false,"footnotes":""},"class_list":["post-426","page","type-page","status-publish","hentry"],"acf":[],"yoast_head":"<!-- This site is optimized with the Yoast SEO plugin v27.6 - https:\/\/yoast.com\/product\/yoast-seo-wordpress\/ -->\n<title>Formansfr\u00e1grei\u00f0ingar - \u00cdtr\u00f3ttasamband F\u00f8roya<\/title>\n<meta name=\"robots\" content=\"index, follow, max-snippet:-1, max-image-preview:large, max-video-preview:-1\" \/>\n<link rel=\"canonical\" href=\"https:\/\/isf.fo\/en\/tilfar\/formansfragrei\u00f0ingar\/\" \/>\n<meta property=\"og:locale\" content=\"en_US\" \/>\n<meta property=\"og:type\" content=\"article\" \/>\n<meta property=\"og:title\" content=\"Formansfr\u00e1grei\u00f0ingar - \u00cdtr\u00f3ttasamband F\u00f8roya\" \/>\n<meta property=\"og:description\" content=\"\u00c1rsfr\u00e1grei\u00f0ing 2025\/26 \u00c1rsfr\u00e1grei\u00f0ing 2024\/25 \u00c1rsfr\u00e1grei\u00f0ing 2023\/24 \u00c1rsfr\u00e1grei\u00f0ing 2022\/23 \u00c1rsfr\u00e1grei\u00f0ing 2021\/22 \u00c1rsfr\u00e1grei\u00f0ing 2020\/21 \u00c1rsfr\u00e1grei\u00f0ing 2019\/20 \u00c1rsfr\u00e1grei\u00f0ing 2018\/19 \u00c1rsfr\u00e1grei\u00f0ing 2017\/18 \u00c1rsfr\u00e1grei\u00f0ing 2016\/17 [&hellip;]\" \/>\n<meta property=\"og:url\" content=\"https:\/\/isf.fo\/en\/tilfar\/formansfragrei\u00f0ingar\/\" \/>\n<meta property=\"og:site_name\" content=\"\u00cdtr\u00f3ttasamband F\u00f8roya\" \/>\n<meta property=\"article:publisher\" content=\"https:\/\/www.facebook.com\/itrottasambandid\" \/>\n<meta property=\"article:modified_time\" content=\"2026-05-12T10:45:37+00:00\" \/>\n<meta name=\"twitter:card\" content=\"summary_large_image\" \/>\n<meta name=\"twitter:label1\" content=\"Est. reading time\" \/>\n\t<meta name=\"twitter:data1\" content=\"1 minute\" \/>\n<script type=\"application\/ld+json\" class=\"yoast-schema-graph\">{\"@context\":\"https:\\\/\\\/schema.org\",\"@graph\":[{\"@type\":\"WebPage\",\"@id\":\"https:\\\/\\\/isf.fo\\\/tilfar\\\/formansfragrei%c3%b0ingar\\\/\",\"url\":\"https:\\\/\\\/isf.fo\\\/tilfar\\\/formansfragrei%c3%b0ingar\\\/\",\"name\":\"Formansfr\u00e1grei\u00f0ingar - \u00cdtr\u00f3ttasamband F\u00f8roya\",\"isPartOf\":{\"@id\":\"https:\\\/\\\/isf.fo\\\/#website\"},\"datePublished\":\"2008-06-16T14:05:40+00:00\",\"dateModified\":\"2026-05-12T10:45:37+00:00\",\"breadcrumb\":{\"@id\":\"https:\\\/\\\/isf.fo\\\/tilfar\\\/formansfragrei%c3%b0ingar\\\/#breadcrumb\"},\"inLanguage\":\"en-US\",\"potentialAction\":[{\"@type\":\"ReadAction\",\"target\":[\"https:\\\/\\\/isf.fo\\\/tilfar\\\/formansfragrei%c3%b0ingar\\\/\"]}]},{\"@type\":\"BreadcrumbList\",\"@id\":\"https:\\\/\\\/isf.fo\\\/tilfar\\\/formansfragrei%c3%b0ingar\\\/#breadcrumb\",\"itemListElement\":[{\"@type\":\"ListItem\",\"position\":1,\"name\":\"Home\",\"item\":\"https:\\\/\\\/isf.fo\\\/\"},{\"@type\":\"ListItem\",\"position\":2,\"name\":\"Tilfar\",\"item\":\"https:\\\/\\\/isf.fo\\\/tilfar\\\/\"},{\"@type\":\"ListItem\",\"position\":3,\"name\":\"Formansfr\u00e1grei\u00f0ingar\"}]},{\"@type\":\"WebSite\",\"@id\":\"https:\\\/\\\/isf.fo\\\/#website\",\"url\":\"https:\\\/\\\/isf.fo\\\/\",\"name\":\"\u00cdtr\u00f3ttasamband F\u00f8roya\",\"description\":\"\",\"publisher\":{\"@id\":\"https:\\\/\\\/isf.fo\\\/#organization\"},\"potentialAction\":[{\"@type\":\"SearchAction\",\"target\":{\"@type\":\"EntryPoint\",\"urlTemplate\":\"https:\\\/\\\/isf.fo\\\/?s={search_term_string}\"},\"query-input\":{\"@type\":\"PropertyValueSpecification\",\"valueRequired\":true,\"valueName\":\"search_term_string\"}}],\"inLanguage\":\"en-US\"},{\"@type\":\"Organization\",\"@id\":\"https:\\\/\\\/isf.fo\\\/#organization\",\"name\":\"\u00cdtr\u00f3ttasamband F\u00f8roya\",\"url\":\"https:\\\/\\\/isf.fo\\\/\",\"logo\":{\"@type\":\"ImageObject\",\"inLanguage\":\"en-US\",\"@id\":\"https:\\\/\\\/isf.fo\\\/#\\\/schema\\\/logo\\\/image\\\/\",\"url\":\"https:\\\/\\\/isf.fo\\\/wp-content\\\/uploads\\\/2025\\\/06\\\/ISF_Olympic-Committee-logo.png\",\"contentUrl\":\"https:\\\/\\\/isf.fo\\\/wp-content\\\/uploads\\\/2025\\\/06\\\/ISF_Olympic-Committee-logo.png\",\"width\":618,\"height\":121,\"caption\":\"\u00cdtr\u00f3ttasamband F\u00f8roya\"},\"image\":{\"@id\":\"https:\\\/\\\/isf.fo\\\/#\\\/schema\\\/logo\\\/image\\\/\"},\"sameAs\":[\"https:\\\/\\\/www.facebook.com\\\/itrottasambandid\"]}]}<\/script>\n<!-- \/ Yoast SEO plugin. -->","yoast_head_json":{"title":"Formansfr\u00e1grei\u00f0ingar - \u00cdtr\u00f3ttasamband F\u00f8roya","robots":{"index":"index","follow":"follow","max-snippet":"max-snippet:-1","max-image-preview":"max-image-preview:large","max-video-preview":"max-video-preview:-1"},"canonical":"https:\/\/isf.fo\/en\/tilfar\/formansfragrei\u00f0ingar\/","og_locale":"en_US","og_type":"article","og_title":"Formansfr\u00e1grei\u00f0ingar - \u00cdtr\u00f3ttasamband F\u00f8roya","og_description":"\u00c1rsfr\u00e1grei\u00f0ing 2025\/26 \u00c1rsfr\u00e1grei\u00f0ing 2024\/25 \u00c1rsfr\u00e1grei\u00f0ing 2023\/24 \u00c1rsfr\u00e1grei\u00f0ing 2022\/23 \u00c1rsfr\u00e1grei\u00f0ing 2021\/22 \u00c1rsfr\u00e1grei\u00f0ing 2020\/21 \u00c1rsfr\u00e1grei\u00f0ing 2019\/20 \u00c1rsfr\u00e1grei\u00f0ing 2018\/19 \u00c1rsfr\u00e1grei\u00f0ing 2017\/18 \u00c1rsfr\u00e1grei\u00f0ing 2016\/17 [&hellip;]","og_url":"https:\/\/isf.fo\/en\/tilfar\/formansfragrei\u00f0ingar\/","og_site_name":"\u00cdtr\u00f3ttasamband F\u00f8roya","article_publisher":"https:\/\/www.facebook.com\/itrottasambandid","article_modified_time":"2026-05-12T10:45:37+00:00","twitter_card":"summary_large_image","twitter_misc":{"Est. reading time":"1 minute"},"schema":{"@context":"https:\/\/schema.org","@graph":[{"@type":"WebPage","@id":"https:\/\/isf.fo\/tilfar\/formansfragrei%c3%b0ingar\/","url":"https:\/\/isf.fo\/tilfar\/formansfragrei%c3%b0ingar\/","name":"Formansfr\u00e1grei\u00f0ingar - \u00cdtr\u00f3ttasamband F\u00f8roya","isPartOf":{"@id":"https:\/\/isf.fo\/#website"},"datePublished":"2008-06-16T14:05:40+00:00","dateModified":"2026-05-12T10:45:37+00:00","breadcrumb":{"@id":"https:\/\/isf.fo\/tilfar\/formansfragrei%c3%b0ingar\/#breadcrumb"},"inLanguage":"en-US","potentialAction":[{"@type":"ReadAction","target":["https:\/\/isf.fo\/tilfar\/formansfragrei%c3%b0ingar\/"]}]},{"@type":"BreadcrumbList","@id":"https:\/\/isf.fo\/tilfar\/formansfragrei%c3%b0ingar\/#breadcrumb","itemListElement":[{"@type":"ListItem","position":1,"name":"Home","item":"https:\/\/isf.fo\/"},{"@type":"ListItem","position":2,"name":"Tilfar","item":"https:\/\/isf.fo\/tilfar\/"},{"@type":"ListItem","position":3,"name":"Formansfr\u00e1grei\u00f0ingar"}]},{"@type":"WebSite","@id":"https:\/\/isf.fo\/#website","url":"https:\/\/isf.fo\/","name":"\u00cdtr\u00f3ttasamband F\u00f8roya","description":"","publisher":{"@id":"https:\/\/isf.fo\/#organization"},"potentialAction":[{"@type":"SearchAction","target":{"@type":"EntryPoint","urlTemplate":"https:\/\/isf.fo\/?s={search_term_string}"},"query-input":{"@type":"PropertyValueSpecification","valueRequired":true,"valueName":"search_term_string"}}],"inLanguage":"en-US"},{"@type":"Organization","@id":"https:\/\/isf.fo\/#organization","name":"\u00cdtr\u00f3ttasamband F\u00f8roya","url":"https:\/\/isf.fo\/","logo":{"@type":"ImageObject","inLanguage":"en-US","@id":"https:\/\/isf.fo\/#\/schema\/logo\/image\/","url":"https:\/\/isf.fo\/wp-content\/uploads\/2025\/06\/ISF_Olympic-Committee-logo.png","contentUrl":"https:\/\/isf.fo\/wp-content\/uploads\/2025\/06\/ISF_Olympic-Committee-logo.png","width":618,"height":121,"caption":"\u00cdtr\u00f3ttasamband F\u00f8roya"},"image":{"@id":"https:\/\/isf.fo\/#\/schema\/logo\/image\/"},"sameAs":["https:\/\/www.facebook.com\/itrottasambandid"]}]}},"_links":{"self":[{"href":"https:\/\/isf.fo\/en\/wp-json\/wp\/v2\/pages\/426","targetHints":{"allow":["GET"]}}],"collection":[{"href":"https:\/\/isf.fo\/en\/wp-json\/wp\/v2\/pages"}],"about":[{"href":"https:\/\/isf.fo\/en\/wp-json\/wp\/v2\/types\/page"}],"author":[{"embeddable":true,"href":"https:\/\/isf.fo\/en\/wp-json\/wp\/v2\/users\/6"}],"replies":[{"embeddable":true,"href":"https:\/\/isf.fo\/en\/wp-json\/wp\/v2\/comments?post=426"}],"version-history":[{"count":46,"href":"https:\/\/isf.fo\/en\/wp-json\/wp\/v2\/pages\/426\/revisions"}],"predecessor-version":[{"id":13641,"href":"https:\/\/isf.fo\/en\/wp-json\/wp\/v2\/pages\/426\/revisions\/13641"}],"up":[{"embeddable":true,"href":"https:\/\/isf.fo\/en\/wp-json\/wp\/v2\/pages\/422"}],"wp:attachment":[{"href":"https:\/\/isf.fo\/en\/wp-json\/wp\/v2\/media?parent=426"}],"curies":[{"name":"wp","href":"https:\/\/api.w.org\/{rel}","templated":true}]}}