{"id":492,"date":"2008-08-05T21:16:12","date_gmt":"2008-08-05T20:16:12","guid":{"rendered":"https:\/\/isf.fo\/?page_id=492"},"modified":"2017-04-05T14:22:07","modified_gmt":"2017-04-05T14:22:07","slug":"grundreglur-um-fer%c3%b0al%c3%b8g","status":"publish","type":"page","link":"https:\/\/isf.fo\/en\/logir\/grundreglur-um-fer%c3%b0al%c3%b8g\/","title":{"rendered":"Grundreglur um fer\u00f0al\u00f8g"},"content":{"rendered":"<h2>Grundreglur \u00cdSF um fer\u00f0al\u00f8g innan- og uttanlands<\/h2>\n<p>&nbsp;<\/p>\n<p>Grein 1<br \/>\n\u00cdtr\u00f3ttaf\u00f3lk, fer\u00f0alei\u00f0arar og venjarar skulu alt\u00ed\u00f0 vera til fyrimyndar \u00ed \u00f8llum atbur\u00f0i, vera fr\u00e1haldandi, f\u00f3lkalig og si\u00f0ilig \u00ed framfer\u00f0 \u00e1 leikv\u00f8llum og a\u00f0rasta\u00f0ni.<\/p>\n<p>Grein 2<br \/>\nH\u00e6gsta myndugleika, me\u00f0an fer\u00f0in varir, hava fer\u00f0alei\u00f0ararnir. Fer\u00f0alei\u00f0arin skal f\u00f8ra dagb\u00f3k um fer\u00f0ina og geva avvar\u00f0andi fr\u00e1grei\u00f0ing \u00ed seinasta lagi 15 dagar eftir heimkomu.<br \/>\n\u00cdtr\u00f3ttarf\u00f3lk og onnur \u00ed fer\u00f0alagnum skulu eisini akta venjararnar og onnur, sum fer\u00f0alei\u00f0arin gevur myndugleika.<\/p>\n<p>Grein 3<br \/>\nFer\u00f0alei\u00f0arar skulu hava vaki\u00f0 eyga vi\u00f0 atbur\u00f0i hj\u00e1 \u00f8llum \u00ed fer\u00f0alagnum og tala at, um naka\u00f0 er at finnast at atbur\u00f0i teirra. Teir hava myndugleika at reka \u00edtr\u00f3ttarf\u00f3lk fr\u00e1 kappingum ella s\u00fdningum, og eisini at senda tey heim, um ein fer\u00f0alei\u00f0ari metir, at talan er um veruligt brot. Er ta\u00f0 so, eftir hvat fer\u00f0alei\u00f0arin metir, kann hann v\u00edsa t\u00ed seka til avvar\u00f0andi d\u00f3mst\u00f3l og f\u00e1a \u00farskur\u00f0 gj\u00f8rdan.<\/p>\n<p>Grein 4<br \/>\nTey, sum taka lut \u00ed kappingum, kunna, t\u00e1 i\u00f0 tey koma heimaftur, k\u00e6ra framfer\u00f0 fer\u00f0alei\u00f0arans til avvar\u00f0andi d\u00f3mst\u00f3l, um tey meta, hann hevur bori\u00f0 seg skeivt at.<\/p>\n<p>Grein 5<br \/>\nValdi\u00f0 skal vera \u00f3skert hj\u00e1 t\u00ed myndugleika, sum stendur fyri fer\u00f0ini, og \u00f8\u00f0rum, sum samb\u00e6rt D\u00f3ms- og revsiavger\u00f0um \u00cdSF hava r\u00e6tt at fremja revsiavger\u00f0ir, eftir at fer\u00f0alagi\u00f0 er heimkomi\u00f0, h\u00f3ast fer\u00f0alei\u00f0arin ikki hevur n\u00fdtt tann myndugleika, hann eigur samb\u00e6rt 3. grein.<\/p>\n<p><em>Samtykt av stj\u00f3rn \u00cdSF 20. februar 1982.<\/em><\/p>","protected":false},"excerpt":{"rendered":"<p>Grundreglur \u00cdSF um fer\u00f0al\u00f8g innan- og uttanlands &nbsp; Grein 1 \u00cdtr\u00f3ttaf\u00f3lk, fer\u00f0alei\u00f0arar og venjarar skulu alt\u00ed\u00f0 vera til fyrimyndar \u00ed [&hellip;]<\/p>\n","protected":false},"author":6,"featured_media":0,"parent":405,"menu_order":7,"comment_status":"open","ping_status":"closed","template":"","meta":{"_acf_changed":false,"_relevanssi_hide_post":"","_relevanssi_hide_content":"","_relevanssi_pin_for_all":"","_relevanssi_pin_keywords":"","_relevanssi_unpin_keywords":"","_relevanssi_related_keywords":"","_relevanssi_related_include_ids":"","_relevanssi_related_exclude_ids":"","_relevanssi_related_no_append":"","_relevanssi_related_not_related":"","_relevanssi_related_posts":"","_relevanssi_noindex_reason":"","inline_featured_image":false,"footnotes":""},"class_list":["post-492","page","type-page","status-publish","hentry"],"acf":[],"yoast_head":"<!-- This site is optimized with the Yoast SEO plugin v27.5 - https:\/\/yoast.com\/product\/yoast-seo-wordpress\/ -->\n<title>Grundreglur um fer\u00f0al\u00f8g - \u00cdtr\u00f3ttasamband F\u00f8roya<\/title>\n<meta name=\"robots\" content=\"index, follow, max-snippet:-1, max-image-preview:large, max-video-preview:-1\" \/>\n<link rel=\"canonical\" href=\"https:\/\/isf.fo\/en\/logir\/grundreglur-um-fer\u00f0al\u00f8g\/\" \/>\n<meta property=\"og:locale\" content=\"en_US\" \/>\n<meta property=\"og:type\" content=\"article\" \/>\n<meta property=\"og:title\" content=\"Grundreglur um fer\u00f0al\u00f8g - \u00cdtr\u00f3ttasamband F\u00f8roya\" \/>\n<meta property=\"og:description\" content=\"Grundreglur \u00cdSF um fer\u00f0al\u00f8g innan- og uttanlands &nbsp; Grein 1 \u00cdtr\u00f3ttaf\u00f3lk, fer\u00f0alei\u00f0arar og venjarar skulu alt\u00ed\u00f0 vera til fyrimyndar \u00ed [&hellip;]\" \/>\n<meta property=\"og:url\" content=\"https:\/\/isf.fo\/en\/logir\/grundreglur-um-fer\u00f0al\u00f8g\/\" \/>\n<meta property=\"og:site_name\" content=\"\u00cdtr\u00f3ttasamband F\u00f8roya\" \/>\n<meta property=\"article:publisher\" content=\"https:\/\/www.facebook.com\/itrottasambandid\" \/>\n<meta property=\"article:modified_time\" content=\"2017-04-05T14:22:07+00:00\" \/>\n<meta name=\"twitter:card\" content=\"summary_large_image\" \/>\n<meta name=\"twitter:label1\" content=\"Est. reading time\" \/>\n\t<meta name=\"twitter:data1\" content=\"1 minute\" \/>\n<script type=\"application\/ld+json\" class=\"yoast-schema-graph\">{\"@context\":\"https:\\\/\\\/schema.org\",\"@graph\":[{\"@type\":\"WebPage\",\"@id\":\"https:\\\/\\\/isf.fo\\\/logir\\\/grundreglur-um-fer%c3%b0al%c3%b8g\\\/\",\"url\":\"https:\\\/\\\/isf.fo\\\/logir\\\/grundreglur-um-fer%c3%b0al%c3%b8g\\\/\",\"name\":\"Grundreglur um fer\u00f0al\u00f8g - \u00cdtr\u00f3ttasamband F\u00f8roya\",\"isPartOf\":{\"@id\":\"https:\\\/\\\/isf.fo\\\/#website\"},\"datePublished\":\"2008-08-05T20:16:12+00:00\",\"dateModified\":\"2017-04-05T14:22:07+00:00\",\"breadcrumb\":{\"@id\":\"https:\\\/\\\/isf.fo\\\/logir\\\/grundreglur-um-fer%c3%b0al%c3%b8g\\\/#breadcrumb\"},\"inLanguage\":\"en-US\",\"potentialAction\":[{\"@type\":\"ReadAction\",\"target\":[\"https:\\\/\\\/isf.fo\\\/logir\\\/grundreglur-um-fer%c3%b0al%c3%b8g\\\/\"]}]},{\"@type\":\"BreadcrumbList\",\"@id\":\"https:\\\/\\\/isf.fo\\\/logir\\\/grundreglur-um-fer%c3%b0al%c3%b8g\\\/#breadcrumb\",\"itemListElement\":[{\"@type\":\"ListItem\",\"position\":1,\"name\":\"Home\",\"item\":\"https:\\\/\\\/isf.fo\\\/\"},{\"@type\":\"ListItem\",\"position\":2,\"name\":\"L\u00f3gir\",\"item\":\"https:\\\/\\\/isf.fo\\\/logir\\\/\"},{\"@type\":\"ListItem\",\"position\":3,\"name\":\"Grundreglur um fer\u00f0al\u00f8g\"}]},{\"@type\":\"WebSite\",\"@id\":\"https:\\\/\\\/isf.fo\\\/#website\",\"url\":\"https:\\\/\\\/isf.fo\\\/\",\"name\":\"\u00cdtr\u00f3ttasamband F\u00f8roya\",\"description\":\"\",\"publisher\":{\"@id\":\"https:\\\/\\\/isf.fo\\\/#organization\"},\"potentialAction\":[{\"@type\":\"SearchAction\",\"target\":{\"@type\":\"EntryPoint\",\"urlTemplate\":\"https:\\\/\\\/isf.fo\\\/?s={search_term_string}\"},\"query-input\":{\"@type\":\"PropertyValueSpecification\",\"valueRequired\":true,\"valueName\":\"search_term_string\"}}],\"inLanguage\":\"en-US\"},{\"@type\":\"Organization\",\"@id\":\"https:\\\/\\\/isf.fo\\\/#organization\",\"name\":\"\u00cdtr\u00f3ttasamband F\u00f8roya\",\"url\":\"https:\\\/\\\/isf.fo\\\/\",\"logo\":{\"@type\":\"ImageObject\",\"inLanguage\":\"en-US\",\"@id\":\"https:\\\/\\\/isf.fo\\\/#\\\/schema\\\/logo\\\/image\\\/\",\"url\":\"https:\\\/\\\/isf.fo\\\/wp-content\\\/uploads\\\/2025\\\/06\\\/ISF_Olympic-Committee-logo.png\",\"contentUrl\":\"https:\\\/\\\/isf.fo\\\/wp-content\\\/uploads\\\/2025\\\/06\\\/ISF_Olympic-Committee-logo.png\",\"width\":618,\"height\":121,\"caption\":\"\u00cdtr\u00f3ttasamband F\u00f8roya\"},\"image\":{\"@id\":\"https:\\\/\\\/isf.fo\\\/#\\\/schema\\\/logo\\\/image\\\/\"},\"sameAs\":[\"https:\\\/\\\/www.facebook.com\\\/itrottasambandid\"]}]}<\/script>\n<!-- \/ Yoast SEO plugin. -->","yoast_head_json":{"title":"Grundreglur um fer\u00f0al\u00f8g - \u00cdtr\u00f3ttasamband F\u00f8roya","robots":{"index":"index","follow":"follow","max-snippet":"max-snippet:-1","max-image-preview":"max-image-preview:large","max-video-preview":"max-video-preview:-1"},"canonical":"https:\/\/isf.fo\/en\/logir\/grundreglur-um-fer\u00f0al\u00f8g\/","og_locale":"en_US","og_type":"article","og_title":"Grundreglur um fer\u00f0al\u00f8g - \u00cdtr\u00f3ttasamband F\u00f8roya","og_description":"Grundreglur \u00cdSF um fer\u00f0al\u00f8g innan- og uttanlands &nbsp; Grein 1 \u00cdtr\u00f3ttaf\u00f3lk, fer\u00f0alei\u00f0arar og venjarar skulu alt\u00ed\u00f0 vera til fyrimyndar \u00ed [&hellip;]","og_url":"https:\/\/isf.fo\/en\/logir\/grundreglur-um-fer\u00f0al\u00f8g\/","og_site_name":"\u00cdtr\u00f3ttasamband F\u00f8roya","article_publisher":"https:\/\/www.facebook.com\/itrottasambandid","article_modified_time":"2017-04-05T14:22:07+00:00","twitter_card":"summary_large_image","twitter_misc":{"Est. reading time":"1 minute"},"schema":{"@context":"https:\/\/schema.org","@graph":[{"@type":"WebPage","@id":"https:\/\/isf.fo\/logir\/grundreglur-um-fer%c3%b0al%c3%b8g\/","url":"https:\/\/isf.fo\/logir\/grundreglur-um-fer%c3%b0al%c3%b8g\/","name":"Grundreglur um fer\u00f0al\u00f8g - \u00cdtr\u00f3ttasamband F\u00f8roya","isPartOf":{"@id":"https:\/\/isf.fo\/#website"},"datePublished":"2008-08-05T20:16:12+00:00","dateModified":"2017-04-05T14:22:07+00:00","breadcrumb":{"@id":"https:\/\/isf.fo\/logir\/grundreglur-um-fer%c3%b0al%c3%b8g\/#breadcrumb"},"inLanguage":"en-US","potentialAction":[{"@type":"ReadAction","target":["https:\/\/isf.fo\/logir\/grundreglur-um-fer%c3%b0al%c3%b8g\/"]}]},{"@type":"BreadcrumbList","@id":"https:\/\/isf.fo\/logir\/grundreglur-um-fer%c3%b0al%c3%b8g\/#breadcrumb","itemListElement":[{"@type":"ListItem","position":1,"name":"Home","item":"https:\/\/isf.fo\/"},{"@type":"ListItem","position":2,"name":"L\u00f3gir","item":"https:\/\/isf.fo\/logir\/"},{"@type":"ListItem","position":3,"name":"Grundreglur um fer\u00f0al\u00f8g"}]},{"@type":"WebSite","@id":"https:\/\/isf.fo\/#website","url":"https:\/\/isf.fo\/","name":"\u00cdtr\u00f3ttasamband F\u00f8roya","description":"","publisher":{"@id":"https:\/\/isf.fo\/#organization"},"potentialAction":[{"@type":"SearchAction","target":{"@type":"EntryPoint","urlTemplate":"https:\/\/isf.fo\/?s={search_term_string}"},"query-input":{"@type":"PropertyValueSpecification","valueRequired":true,"valueName":"search_term_string"}}],"inLanguage":"en-US"},{"@type":"Organization","@id":"https:\/\/isf.fo\/#organization","name":"\u00cdtr\u00f3ttasamband F\u00f8roya","url":"https:\/\/isf.fo\/","logo":{"@type":"ImageObject","inLanguage":"en-US","@id":"https:\/\/isf.fo\/#\/schema\/logo\/image\/","url":"https:\/\/isf.fo\/wp-content\/uploads\/2025\/06\/ISF_Olympic-Committee-logo.png","contentUrl":"https:\/\/isf.fo\/wp-content\/uploads\/2025\/06\/ISF_Olympic-Committee-logo.png","width":618,"height":121,"caption":"\u00cdtr\u00f3ttasamband F\u00f8roya"},"image":{"@id":"https:\/\/isf.fo\/#\/schema\/logo\/image\/"},"sameAs":["https:\/\/www.facebook.com\/itrottasambandid"]}]}},"_links":{"self":[{"href":"https:\/\/isf.fo\/en\/wp-json\/wp\/v2\/pages\/492","targetHints":{"allow":["GET"]}}],"collection":[{"href":"https:\/\/isf.fo\/en\/wp-json\/wp\/v2\/pages"}],"about":[{"href":"https:\/\/isf.fo\/en\/wp-json\/wp\/v2\/types\/page"}],"author":[{"embeddable":true,"href":"https:\/\/isf.fo\/en\/wp-json\/wp\/v2\/users\/6"}],"replies":[{"embeddable":true,"href":"https:\/\/isf.fo\/en\/wp-json\/wp\/v2\/comments?post=492"}],"version-history":[{"count":3,"href":"https:\/\/isf.fo\/en\/wp-json\/wp\/v2\/pages\/492\/revisions"}],"predecessor-version":[{"id":5533,"href":"https:\/\/isf.fo\/en\/wp-json\/wp\/v2\/pages\/492\/revisions\/5533"}],"up":[{"embeddable":true,"href":"https:\/\/isf.fo\/en\/wp-json\/wp\/v2\/pages\/405"}],"wp:attachment":[{"href":"https:\/\/isf.fo\/en\/wp-json\/wp\/v2\/media?parent=492"}],"curies":[{"name":"wp","href":"https:\/\/api.w.org\/{rel}","templated":true}]}}