{"id":493,"date":"2008-08-05T21:17:02","date_gmt":"2008-08-05T20:17:02","guid":{"rendered":"https:\/\/isf.fo\/?page_id=493"},"modified":"2021-06-10T07:57:23","modified_gmt":"2021-06-10T07:57:23","slug":"reglur-fyri-domsnevndir","status":"publish","type":"page","link":"https:\/\/isf.fo\/en\/logir\/reglur-fyri-domsnevndir\/","title":{"rendered":"Reglur fyri d\u00f3msnevndir"},"content":{"rendered":"<p><strong>Reglur fyri vi\u00f0ger\u00f0 av k\u00e6rum og d\u00f3msnevndir innan \u00cdSF<\/strong><\/p>\n<p><strong>Grein 1.<\/strong><br \/>\nHv\u00f8rt Samband innan \u00cdSF, i\u00f0 hevur kappingar\u00edtr\u00f3tt \u00e1 skr\u00e1nni, hevur r\u00e6tt at hava egnu d\u00f3msnevnd.<\/p>\n<p><strong>Grein 2.<\/strong><br \/>\nD\u00f3msnevndin hevur tr\u00edggjar limir, i\u00f0 ver\u00f0a valdir \u00e1 a\u00f0alfundinum hj\u00e1 sambandi. Teir sita tvey \u00e1r \u00ed senn, solei\u00f0is at tveir ver\u00f0a valdir eitt \u00e1r og ein \u00e1ri\u00f0 eftir. Fyri hv\u00f8nn av nevndarlimunum ver\u00f0ur valdur varalimur at sita sama t\u00ed\u00f0arskei\u00f0 sum nevndarlimurin. Nevndin skipar seg sj\u00e1lv. R\u00e6tt at skj\u00f3ta upp nevndarlim hava fel\u00f8gini, i\u00f0 eru umbo\u00f0a\u00f0 \u00e1 a\u00f0alfundinum, og nevnd sambandsins. Um so er, at eingin \u00e1rsfundur hevur veri\u00f0, ella at \u00edtr\u00f3ttagreinin ikki hevur sj\u00e1lvst\u00f8\u00f0ugt samband, velur starvsnevnd \u00cdSF\u2019s d\u00f3msnevndina.<\/p>\n<p><strong>Grein 3.<\/strong><br \/>\nEin og hv\u00f8r luttakari ella eitt og hv\u00f8rt felag, i\u00f0 beinlei\u00f0is ella \u00f3beinlei\u00f0is ver\u00f0ur rakt av onkrum tilbur\u00f0i ella avger\u00f0 \u00ed sambandi vi\u00f0 kapping ella anna\u00f0 virki hj\u00e1 sambandinum, kann k\u00e6ra tilbur\u00f0in ella avger\u00f0ina.<\/p>\n<p><strong>Grein 4.<\/strong><br \/>\nK\u00e6ran ver\u00f0ur skrivliga at senda saman vi\u00f0 kr. 500 til sambandi\u00f0 innan tvey samd\u00f8gur eftir at avger\u00f0in ella tilbur\u00f0urin er komin til kunnleika hj\u00e1 vi\u00f0komandi. Um so er, at \u00edtr\u00f3ttagreinin ikki hevur sj\u00e1lvst\u00f8\u00f0ugt samband, ver\u00f0ur k\u00e6ran at senda til starvsnevnd \u00cdSF. Vinnur k\u00e6ran s\u00f8mdir, ver\u00f0a kr. 500 afturgoldnar. Samband kann eisini av egnum \u00e1vum taka eina avger\u00f0 ella tilbur\u00f0 upp til vi\u00f0ger\u00f0ar, og skulu partarnir \u00ed m\u00e1linum ta hava bo\u00f0 um hetta, \u00e1\u00f0renn n\u00f8kur avger\u00f0 ver\u00f0ur tikin.<\/p>\n<p><strong>Grein 5.<\/strong><br \/>\n\u00cd sambandi vi\u00f0 avger\u00f0 av k\u00e6rum skal sambandi\u00f0, \u00e1\u00f0renn hon ger \u00farskur\u00f0, skrivliga bi\u00f0ja um fr\u00e1grei\u00f0ing fr\u00e1 fel\u00f8gum ella einstaklingum, sum k\u00e6rt er um. Henda fr\u00e1grei\u00f0ing, sum skal vera skrivlig, skal vera sambandinum \u00ed hendi \u00ed seinasta lagi fimm dagar eftir umb\u00f8nina. Sambandi\u00f0 skal, t\u00e1 bi\u00f0i\u00f0 ver\u00f0ur um sl\u00edka skrivliga fr\u00e1grei\u00f0ing, leggja vi\u00f0 avrit av k\u00e6ruskrivinum.<\/p>\n<p><strong>Grein 6.<\/strong><br \/>\nSambandi\u00f0 skal skj\u00f3tast til ber, og \u00ed seinasta lagi eina viku aftan\u00e1 at alt ney\u00f0ugt tilfar \u00ed m\u00e1linum er \u00fatvega\u00f0, gera \u00farskur\u00f0 og gera partarnar kunnugar vi\u00f0 hann \u00ed beinlei\u00f0is skrivi og vi\u00f0 telduposti.<\/p>\n<p><strong>Grein 7.<\/strong><br \/>\n\u00darskur\u00f0ur sambandsins kann av p\u00f8rtunum k\u00e6rast til d\u00f3msnevndina, og skal hetta ver\u00f0a gj\u00f8rt \u00ed seinasta lagi sjey samd\u00f8gur eftir, at partarnir hava fingi\u00f0 kunnleika um \u00farskur\u00f0in.<\/p>\n<p><strong>Grein 8.<\/strong><br \/>\nT\u00e1 i\u00f0 k\u00e6ran er komin til d\u00f3msnevndina, skal hon, \u00e1\u00f0renn k\u00e6ran ver\u00f0ur vi\u00f0gj\u00f8rd, avgera, um limur ella limir nevndarinnar eru lutt\u00f8kuf\u00f8rir. Kemur nevndin til ta\u00f0 \u00farslit, at onkur av limum hennara ikki er lutt\u00f8kuf\u00f8rur, taka varalimir s\u00e6ti \u00ed nevndini, me\u00f0an m\u00e1li\u00f0 ver\u00f0ur vi\u00f0gj\u00f8rt. \u00cd sambandi vi\u00f0 vi\u00f0ger\u00f0ina av k\u00e6rum kann d\u00f3msnevndin bi\u00f0ja um skrivliga fr\u00e1grei\u00f0ing fr\u00e1 p\u00f8rtum, d\u00f3mara ella \u00f8\u00f0rum. Eisini kann d\u00f3msnevndin um ney\u00f0ugt bi\u00f0ja um sakk\u00f8na hj\u00e1lp, t.d. fr\u00e1 metingarmonnum, l\u00f8gfr\u00f8\u00f0ingum e.\u00f8.. \u00cd seinasta lagi tv\u00e6r vikur aftan\u00e1, at d\u00f3msnevndin hevur m\u00f3ttiki\u00f0 k\u00e6runa, skal hon gera \u00farskur\u00f0 og kunna partarnar um hann \u00ed innskriva\u00f0um br\u00e6vi.<\/p>\n<p><strong>Grein 9.<\/strong><br \/>\nSambond ella d\u00f3msnevndir kunnu gera \u00farskur\u00f0 vi\u00f0v\u00edkjandi \u00f8llum virksemi og leiki innan sambandi\u00f0 \u00edrokna\u00f0 tulking av l\u00f3gum og samtyktum, fr\u00e1tiki\u00f0 t\u00f3: 1. At strika meistaraheiti 2. At broyta meting d\u00f3marans \u00ed kapping 3. D\u00f3marans g\u00f3\u00f0kenning ella ikki g\u00f3\u00f0kenning av kappingarv\u00f8lli og umst\u00f8\u00f0um.<br \/>\nFyri kappr\u00f3\u00f0ur er t\u00f3 galdandi fyri pkt. 2: At broyta meting d\u00f3marans \u00ed kapping, t\u00f3 kann d\u00f3msnevnd RSF\u2019s taka st\u00f8\u00f0u til d\u00f8ming um ra\u00f0fylgju samb\u00e6rt videouppt\u00f8kum \u00e1 m\u00e1linum.<\/p>\n<p><strong>Grein 10.<\/strong><br \/>\nAvger\u00f0ir hj\u00e1 d\u00f3msnevndini eru endaligar og kunnu ikki broytast av \u00f8\u00f0rum myndugleika enn \u00cdtr\u00f3ttad\u00f3mst\u00f3li \u00cdSF. Avger\u00f0ir, i\u00f0 reka fel\u00f8g ella einstaklingar \u00far ISF, kunnu t\u00f3 leggjast fyri a\u00f0alfundin. K\u00e6rufreistin til \u00cdtr\u00f3ttad\u00f3mst\u00f3lin er samb\u00e6rt grein 7 \u00ed hesi regluger\u00f0.<\/p>\n<p><strong>Grein 11.<\/strong><br \/>\nD\u00f3msnevndin st\u00edlar fyri, at \u00farskur\u00f0urin \u00ed stuttum ver\u00f0ur endurgivin og festur \u00e1 bla\u00f0 til br\u00fak fyri seinni l\u00edknandi m\u00e1l.<\/p>\n<p><strong>Grein 12.<\/strong><br \/>\nT\u00e1 ta\u00f0 oman fyri nevnda ver\u00f0ur samtykt, fara allar reglur, i\u00f0 str\u00ed\u00f0a \u00edm\u00f3ti framman fyri standandi vi\u00f0v\u00edkjandi d\u00f3msnevndum og k\u00e6rum annars \u00far gildi\u00f0.<\/p>\n<p><em>Samtykt \u00e1 a\u00f0alfundi 22. mai 1991. Broytt \u00e1 a\u00f0alfundi 30. mai 1998, \u00e1 a\u00f0alfundi 2014 og seinast \u00e1 a\u00f0alfundi 29. mai 2021.<\/em><\/p>\n<p><a href=\"https:\/\/d21ockg4ri0hhk.cloudfront.net\/wp-content\/uploads\/2021\/06\/30192452\/2021-05-29-Domsnevndir.pdf\">Regluger\u00f0in sum pdf<\/a><\/p>","protected":false},"excerpt":{"rendered":"<p>Reglur fyri vi\u00f0ger\u00f0 av k\u00e6rum og d\u00f3msnevndir innan \u00cdSF Grein 1. Hv\u00f8rt Samband innan \u00cdSF, i\u00f0 hevur kappingar\u00edtr\u00f3tt \u00e1 skr\u00e1nni, [&hellip;]<\/p>\n","protected":false},"author":6,"featured_media":0,"parent":405,"menu_order":6,"comment_status":"open","ping_status":"closed","template":"","meta":{"_acf_changed":false,"_relevanssi_hide_post":"","_relevanssi_hide_content":"","_relevanssi_pin_for_all":"","_relevanssi_pin_keywords":"","_relevanssi_unpin_keywords":"","_relevanssi_related_keywords":"","_relevanssi_related_include_ids":"","_relevanssi_related_exclude_ids":"","_relevanssi_related_no_append":"","_relevanssi_related_not_related":"","_relevanssi_related_posts":"","_relevanssi_noindex_reason":"","inline_featured_image":false,"footnotes":""},"class_list":["post-493","page","type-page","status-publish","hentry"],"acf":[],"yoast_head":"<!-- This site is optimized with the Yoast SEO plugin v27.5 - https:\/\/yoast.com\/product\/yoast-seo-wordpress\/ -->\n<title>Reglur fyri d\u00f3msnevndir - \u00cdtr\u00f3ttasamband F\u00f8roya<\/title>\n<meta name=\"robots\" content=\"index, follow, max-snippet:-1, max-image-preview:large, max-video-preview:-1\" \/>\n<link rel=\"canonical\" href=\"https:\/\/isf.fo\/en\/logir\/reglur-fyri-domsnevndir\/\" \/>\n<meta property=\"og:locale\" content=\"en_US\" \/>\n<meta property=\"og:type\" content=\"article\" \/>\n<meta property=\"og:title\" content=\"Reglur fyri d\u00f3msnevndir - \u00cdtr\u00f3ttasamband F\u00f8roya\" \/>\n<meta property=\"og:description\" content=\"Reglur fyri vi\u00f0ger\u00f0 av k\u00e6rum og d\u00f3msnevndir innan \u00cdSF Grein 1. Hv\u00f8rt Samband innan \u00cdSF, i\u00f0 hevur kappingar\u00edtr\u00f3tt \u00e1 skr\u00e1nni, [&hellip;]\" \/>\n<meta property=\"og:url\" content=\"https:\/\/isf.fo\/en\/logir\/reglur-fyri-domsnevndir\/\" \/>\n<meta property=\"og:site_name\" content=\"\u00cdtr\u00f3ttasamband F\u00f8roya\" \/>\n<meta property=\"article:publisher\" content=\"https:\/\/www.facebook.com\/itrottasambandid\" \/>\n<meta property=\"article:modified_time\" content=\"2021-06-10T07:57:23+00:00\" \/>\n<meta name=\"twitter:card\" content=\"summary_large_image\" \/>\n<meta name=\"twitter:label1\" content=\"Est. reading time\" \/>\n\t<meta name=\"twitter:data1\" content=\"4 minutes\" \/>\n<script type=\"application\/ld+json\" class=\"yoast-schema-graph\">{\"@context\":\"https:\\\/\\\/schema.org\",\"@graph\":[{\"@type\":\"WebPage\",\"@id\":\"https:\\\/\\\/isf.fo\\\/logir\\\/reglur-fyri-domsnevndir\\\/\",\"url\":\"https:\\\/\\\/isf.fo\\\/logir\\\/reglur-fyri-domsnevndir\\\/\",\"name\":\"Reglur fyri d\u00f3msnevndir - \u00cdtr\u00f3ttasamband F\u00f8roya\",\"isPartOf\":{\"@id\":\"https:\\\/\\\/isf.fo\\\/#website\"},\"datePublished\":\"2008-08-05T20:17:02+00:00\",\"dateModified\":\"2021-06-10T07:57:23+00:00\",\"breadcrumb\":{\"@id\":\"https:\\\/\\\/isf.fo\\\/logir\\\/reglur-fyri-domsnevndir\\\/#breadcrumb\"},\"inLanguage\":\"en-US\",\"potentialAction\":[{\"@type\":\"ReadAction\",\"target\":[\"https:\\\/\\\/isf.fo\\\/logir\\\/reglur-fyri-domsnevndir\\\/\"]}]},{\"@type\":\"BreadcrumbList\",\"@id\":\"https:\\\/\\\/isf.fo\\\/logir\\\/reglur-fyri-domsnevndir\\\/#breadcrumb\",\"itemListElement\":[{\"@type\":\"ListItem\",\"position\":1,\"name\":\"Home\",\"item\":\"https:\\\/\\\/isf.fo\\\/\"},{\"@type\":\"ListItem\",\"position\":2,\"name\":\"L\u00f3gir\",\"item\":\"https:\\\/\\\/isf.fo\\\/logir\\\/\"},{\"@type\":\"ListItem\",\"position\":3,\"name\":\"Reglur fyri d\u00f3msnevndir\"}]},{\"@type\":\"WebSite\",\"@id\":\"https:\\\/\\\/isf.fo\\\/#website\",\"url\":\"https:\\\/\\\/isf.fo\\\/\",\"name\":\"\u00cdtr\u00f3ttasamband F\u00f8roya\",\"description\":\"\",\"publisher\":{\"@id\":\"https:\\\/\\\/isf.fo\\\/#organization\"},\"potentialAction\":[{\"@type\":\"SearchAction\",\"target\":{\"@type\":\"EntryPoint\",\"urlTemplate\":\"https:\\\/\\\/isf.fo\\\/?s={search_term_string}\"},\"query-input\":{\"@type\":\"PropertyValueSpecification\",\"valueRequired\":true,\"valueName\":\"search_term_string\"}}],\"inLanguage\":\"en-US\"},{\"@type\":\"Organization\",\"@id\":\"https:\\\/\\\/isf.fo\\\/#organization\",\"name\":\"\u00cdtr\u00f3ttasamband F\u00f8roya\",\"url\":\"https:\\\/\\\/isf.fo\\\/\",\"logo\":{\"@type\":\"ImageObject\",\"inLanguage\":\"en-US\",\"@id\":\"https:\\\/\\\/isf.fo\\\/#\\\/schema\\\/logo\\\/image\\\/\",\"url\":\"https:\\\/\\\/isf.fo\\\/wp-content\\\/uploads\\\/2025\\\/06\\\/ISF_Olympic-Committee-logo.png\",\"contentUrl\":\"https:\\\/\\\/isf.fo\\\/wp-content\\\/uploads\\\/2025\\\/06\\\/ISF_Olympic-Committee-logo.png\",\"width\":618,\"height\":121,\"caption\":\"\u00cdtr\u00f3ttasamband F\u00f8roya\"},\"image\":{\"@id\":\"https:\\\/\\\/isf.fo\\\/#\\\/schema\\\/logo\\\/image\\\/\"},\"sameAs\":[\"https:\\\/\\\/www.facebook.com\\\/itrottasambandid\"]}]}<\/script>\n<!-- \/ Yoast SEO plugin. -->","yoast_head_json":{"title":"Reglur fyri d\u00f3msnevndir - \u00cdtr\u00f3ttasamband F\u00f8roya","robots":{"index":"index","follow":"follow","max-snippet":"max-snippet:-1","max-image-preview":"max-image-preview:large","max-video-preview":"max-video-preview:-1"},"canonical":"https:\/\/isf.fo\/en\/logir\/reglur-fyri-domsnevndir\/","og_locale":"en_US","og_type":"article","og_title":"Reglur fyri d\u00f3msnevndir - \u00cdtr\u00f3ttasamband F\u00f8roya","og_description":"Reglur fyri vi\u00f0ger\u00f0 av k\u00e6rum og d\u00f3msnevndir innan \u00cdSF Grein 1. Hv\u00f8rt Samband innan \u00cdSF, i\u00f0 hevur kappingar\u00edtr\u00f3tt \u00e1 skr\u00e1nni, [&hellip;]","og_url":"https:\/\/isf.fo\/en\/logir\/reglur-fyri-domsnevndir\/","og_site_name":"\u00cdtr\u00f3ttasamband F\u00f8roya","article_publisher":"https:\/\/www.facebook.com\/itrottasambandid","article_modified_time":"2021-06-10T07:57:23+00:00","twitter_card":"summary_large_image","twitter_misc":{"Est. reading time":"4 minutes"},"schema":{"@context":"https:\/\/schema.org","@graph":[{"@type":"WebPage","@id":"https:\/\/isf.fo\/logir\/reglur-fyri-domsnevndir\/","url":"https:\/\/isf.fo\/logir\/reglur-fyri-domsnevndir\/","name":"Reglur fyri d\u00f3msnevndir - \u00cdtr\u00f3ttasamband F\u00f8roya","isPartOf":{"@id":"https:\/\/isf.fo\/#website"},"datePublished":"2008-08-05T20:17:02+00:00","dateModified":"2021-06-10T07:57:23+00:00","breadcrumb":{"@id":"https:\/\/isf.fo\/logir\/reglur-fyri-domsnevndir\/#breadcrumb"},"inLanguage":"en-US","potentialAction":[{"@type":"ReadAction","target":["https:\/\/isf.fo\/logir\/reglur-fyri-domsnevndir\/"]}]},{"@type":"BreadcrumbList","@id":"https:\/\/isf.fo\/logir\/reglur-fyri-domsnevndir\/#breadcrumb","itemListElement":[{"@type":"ListItem","position":1,"name":"Home","item":"https:\/\/isf.fo\/"},{"@type":"ListItem","position":2,"name":"L\u00f3gir","item":"https:\/\/isf.fo\/logir\/"},{"@type":"ListItem","position":3,"name":"Reglur fyri d\u00f3msnevndir"}]},{"@type":"WebSite","@id":"https:\/\/isf.fo\/#website","url":"https:\/\/isf.fo\/","name":"\u00cdtr\u00f3ttasamband F\u00f8roya","description":"","publisher":{"@id":"https:\/\/isf.fo\/#organization"},"potentialAction":[{"@type":"SearchAction","target":{"@type":"EntryPoint","urlTemplate":"https:\/\/isf.fo\/?s={search_term_string}"},"query-input":{"@type":"PropertyValueSpecification","valueRequired":true,"valueName":"search_term_string"}}],"inLanguage":"en-US"},{"@type":"Organization","@id":"https:\/\/isf.fo\/#organization","name":"\u00cdtr\u00f3ttasamband F\u00f8roya","url":"https:\/\/isf.fo\/","logo":{"@type":"ImageObject","inLanguage":"en-US","@id":"https:\/\/isf.fo\/#\/schema\/logo\/image\/","url":"https:\/\/isf.fo\/wp-content\/uploads\/2025\/06\/ISF_Olympic-Committee-logo.png","contentUrl":"https:\/\/isf.fo\/wp-content\/uploads\/2025\/06\/ISF_Olympic-Committee-logo.png","width":618,"height":121,"caption":"\u00cdtr\u00f3ttasamband F\u00f8roya"},"image":{"@id":"https:\/\/isf.fo\/#\/schema\/logo\/image\/"},"sameAs":["https:\/\/www.facebook.com\/itrottasambandid"]}]}},"_links":{"self":[{"href":"https:\/\/isf.fo\/en\/wp-json\/wp\/v2\/pages\/493","targetHints":{"allow":["GET"]}}],"collection":[{"href":"https:\/\/isf.fo\/en\/wp-json\/wp\/v2\/pages"}],"about":[{"href":"https:\/\/isf.fo\/en\/wp-json\/wp\/v2\/types\/page"}],"author":[{"embeddable":true,"href":"https:\/\/isf.fo\/en\/wp-json\/wp\/v2\/users\/6"}],"replies":[{"embeddable":true,"href":"https:\/\/isf.fo\/en\/wp-json\/wp\/v2\/comments?post=493"}],"version-history":[{"count":8,"href":"https:\/\/isf.fo\/en\/wp-json\/wp\/v2\/pages\/493\/revisions"}],"predecessor-version":[{"id":8790,"href":"https:\/\/isf.fo\/en\/wp-json\/wp\/v2\/pages\/493\/revisions\/8790"}],"up":[{"embeddable":true,"href":"https:\/\/isf.fo\/en\/wp-json\/wp\/v2\/pages\/405"}],"wp:attachment":[{"href":"https:\/\/isf.fo\/en\/wp-json\/wp\/v2\/media?parent=493"}],"curies":[{"name":"wp","href":"https:\/\/api.w.org\/{rel}","templated":true}]}}