{"id":494,"date":"2008-08-05T21:17:45","date_gmt":"2008-08-05T20:17:45","guid":{"rendered":"https:\/\/isf.fo\/?page_id=494"},"modified":"2017-04-05T14:22:50","modified_gmt":"2017-04-05T14:22:50","slug":"stevnumi%c3%b0-um-rusdrekka-og-itrott","status":"publish","type":"page","link":"https:\/\/isf.fo\/en\/logir\/stevnumi%c3%b0-um-rusdrekka-og-itrott\/","title":{"rendered":"Stevnumi\u00f0 um r\u00fasevni og \u00edtr\u00f3tt"},"content":{"rendered":"<h2>Stevnumi\u00f0 um r\u00fasevni og \u00edtr\u00f3tt<\/h2>\n<p>&nbsp;<\/p>\n<p>1. \u00cdtr\u00f3ttasamband F\u00f8roya, \u00cdSF, arbei\u00f0ir \u00edm\u00f3ti r\u00fasevnan\u00fdtlsu \u00ed sambandi vi\u00f0 \u00edtr\u00f3tt.<\/p>\n<p>2. B\u00f8rn og ung, sum \u00ed\u00f0ka \u00edtr\u00f3tt, skulu trygt kunna koma til venjingar og kappingar \u00ed einum r\u00fasfr\u00edum umhv\u00f8rvi. Venjarar, lei\u00f0arar og \u00edtr\u00f3ttaf\u00f3lk skulu vera ein g\u00f3\u00f0 fyrimynd fyri onnur b\u00f8rn og ung og eiga ikki at br\u00faka r\u00fasdrekka ella r\u00fasevni \u00ed hesum samstarvi.<\/p>\n<p>3. Allir limir felagsins skulu kunnast um tey ska\u00f0a\u00e1rin, sum r\u00fasdrekka og onnur r\u00fasevni hava \u00e1 \u00edtr\u00f3ttaavrikini, trygdina og felagsandan innan \u00edtr\u00f3ttina.<\/p>\n<p>4. \u00cd st\u00f8rsta mun skal \u00e1sko\u00f0aramentanin vera trygg og familjuvinarlig. \u00cd \u00edtr\u00f3ttarfelagsh\u00f8lunum skulu galdandi l\u00f3gir og reglur haldast.<\/p>\n<p>5. \u00cdtr\u00f3ttin eigur at hava ein t\u00e1lmandi hugbur\u00f0 \u00ed samstarvinum vi\u00f0 fel\u00f8g og virki, sum hava t\u00fd\u00f0andi part av virkseminum kn\u00fdtt at r\u00fasdrekka. Allar deildir, sersambond og fel\u00f8g \u00ed sambandinum skulu fylgja landsins l\u00f3gum um r\u00fasdrekka. \u00cd l\u00fdsingum \u00e1 leikv\u00f8llum, \u00ed hallum, felagsh\u00f8lum og \u00e1 \u00edtr\u00f3ttab\u00fanum er ikki loyvt at l\u00fdsa vi\u00f0 r\u00fasandi evnum. Einki er hinvegin, sum for\u00f0ar einst\u00f8ku fel\u00f8gunum ella sersambondunum at \u00e1seta strangari reglur fyri teirra \u00edtr\u00f3ttargreinar hesum vi\u00f0v\u00edkjandi. Sersambondini og deildarsambondini hava \u00e1byrgd av at kunna \u00f8ll fel\u00f8g um r\u00fasevnapolitikkin.<\/p>\n<p>6. \u00cdSF skal \u00ed altj\u00f3\u00f0a samstarvi eisini arbei\u00f0a vi\u00f0 at fremja henda r\u00fasevnapolitikk.<br \/>\n<em><br \/>\nSamtykt av stj\u00f3rn \u00cdSF 09.02.12<\/em><\/p>","protected":false},"excerpt":{"rendered":"<p>Stevnumi\u00f0 um r\u00fasevni og \u00edtr\u00f3tt &nbsp; 1. \u00cdtr\u00f3ttasamband F\u00f8roya, \u00cdSF, arbei\u00f0ir \u00edm\u00f3ti r\u00fasevnan\u00fdtlsu \u00ed sambandi vi\u00f0 \u00edtr\u00f3tt. 2. B\u00f8rn og [&hellip;]<\/p>\n","protected":false},"author":6,"featured_media":0,"parent":405,"menu_order":10,"comment_status":"open","ping_status":"closed","template":"","meta":{"_acf_changed":false,"_relevanssi_hide_post":"","_relevanssi_hide_content":"","_relevanssi_pin_for_all":"","_relevanssi_pin_keywords":"","_relevanssi_unpin_keywords":"","_relevanssi_related_keywords":"","_relevanssi_related_include_ids":"","_relevanssi_related_exclude_ids":"","_relevanssi_related_no_append":"","_relevanssi_related_not_related":"","_relevanssi_related_posts":"","_relevanssi_noindex_reason":"","inline_featured_image":false,"footnotes":""},"class_list":["post-494","page","type-page","status-publish","hentry"],"acf":[],"yoast_head":"<!-- This site is optimized with the Yoast SEO plugin v27.5 - https:\/\/yoast.com\/product\/yoast-seo-wordpress\/ -->\n<title>Stevnumi\u00f0 um r\u00fasevni og \u00edtr\u00f3tt - \u00cdtr\u00f3ttasamband F\u00f8roya<\/title>\n<meta name=\"robots\" content=\"index, follow, max-snippet:-1, max-image-preview:large, max-video-preview:-1\" \/>\n<link rel=\"canonical\" href=\"https:\/\/isf.fo\/en\/logir\/stevnumi\u00f0-um-rusdrekka-og-itrott\/\" \/>\n<meta property=\"og:locale\" content=\"en_US\" \/>\n<meta property=\"og:type\" content=\"article\" \/>\n<meta property=\"og:title\" content=\"Stevnumi\u00f0 um r\u00fasevni og \u00edtr\u00f3tt - \u00cdtr\u00f3ttasamband F\u00f8roya\" \/>\n<meta property=\"og:description\" content=\"Stevnumi\u00f0 um r\u00fasevni og \u00edtr\u00f3tt &nbsp; 1. \u00cdtr\u00f3ttasamband F\u00f8roya, \u00cdSF, arbei\u00f0ir \u00edm\u00f3ti r\u00fasevnan\u00fdtlsu \u00ed sambandi vi\u00f0 \u00edtr\u00f3tt. 2. B\u00f8rn og [&hellip;]\" \/>\n<meta property=\"og:url\" content=\"https:\/\/isf.fo\/en\/logir\/stevnumi\u00f0-um-rusdrekka-og-itrott\/\" \/>\n<meta property=\"og:site_name\" content=\"\u00cdtr\u00f3ttasamband F\u00f8roya\" \/>\n<meta property=\"article:publisher\" content=\"https:\/\/www.facebook.com\/itrottasambandid\" \/>\n<meta property=\"article:modified_time\" content=\"2017-04-05T14:22:50+00:00\" \/>\n<meta name=\"twitter:card\" content=\"summary_large_image\" \/>\n<meta name=\"twitter:label1\" content=\"Est. reading time\" \/>\n\t<meta name=\"twitter:data1\" content=\"1 minute\" \/>\n<script type=\"application\/ld+json\" class=\"yoast-schema-graph\">{\"@context\":\"https:\\\/\\\/schema.org\",\"@graph\":[{\"@type\":\"WebPage\",\"@id\":\"https:\\\/\\\/isf.fo\\\/logir\\\/stevnumi%c3%b0-um-rusdrekka-og-itrott\\\/\",\"url\":\"https:\\\/\\\/isf.fo\\\/logir\\\/stevnumi%c3%b0-um-rusdrekka-og-itrott\\\/\",\"name\":\"Stevnumi\u00f0 um r\u00fasevni og \u00edtr\u00f3tt - \u00cdtr\u00f3ttasamband F\u00f8roya\",\"isPartOf\":{\"@id\":\"https:\\\/\\\/isf.fo\\\/#website\"},\"datePublished\":\"2008-08-05T20:17:45+00:00\",\"dateModified\":\"2017-04-05T14:22:50+00:00\",\"breadcrumb\":{\"@id\":\"https:\\\/\\\/isf.fo\\\/logir\\\/stevnumi%c3%b0-um-rusdrekka-og-itrott\\\/#breadcrumb\"},\"inLanguage\":\"en-US\",\"potentialAction\":[{\"@type\":\"ReadAction\",\"target\":[\"https:\\\/\\\/isf.fo\\\/logir\\\/stevnumi%c3%b0-um-rusdrekka-og-itrott\\\/\"]}]},{\"@type\":\"BreadcrumbList\",\"@id\":\"https:\\\/\\\/isf.fo\\\/logir\\\/stevnumi%c3%b0-um-rusdrekka-og-itrott\\\/#breadcrumb\",\"itemListElement\":[{\"@type\":\"ListItem\",\"position\":1,\"name\":\"Home\",\"item\":\"https:\\\/\\\/isf.fo\\\/\"},{\"@type\":\"ListItem\",\"position\":2,\"name\":\"L\u00f3gir\",\"item\":\"https:\\\/\\\/isf.fo\\\/logir\\\/\"},{\"@type\":\"ListItem\",\"position\":3,\"name\":\"Stevnumi\u00f0 um r\u00fasevni og \u00edtr\u00f3tt\"}]},{\"@type\":\"WebSite\",\"@id\":\"https:\\\/\\\/isf.fo\\\/#website\",\"url\":\"https:\\\/\\\/isf.fo\\\/\",\"name\":\"\u00cdtr\u00f3ttasamband F\u00f8roya\",\"description\":\"\",\"publisher\":{\"@id\":\"https:\\\/\\\/isf.fo\\\/#organization\"},\"potentialAction\":[{\"@type\":\"SearchAction\",\"target\":{\"@type\":\"EntryPoint\",\"urlTemplate\":\"https:\\\/\\\/isf.fo\\\/?s={search_term_string}\"},\"query-input\":{\"@type\":\"PropertyValueSpecification\",\"valueRequired\":true,\"valueName\":\"search_term_string\"}}],\"inLanguage\":\"en-US\"},{\"@type\":\"Organization\",\"@id\":\"https:\\\/\\\/isf.fo\\\/#organization\",\"name\":\"\u00cdtr\u00f3ttasamband F\u00f8roya\",\"url\":\"https:\\\/\\\/isf.fo\\\/\",\"logo\":{\"@type\":\"ImageObject\",\"inLanguage\":\"en-US\",\"@id\":\"https:\\\/\\\/isf.fo\\\/#\\\/schema\\\/logo\\\/image\\\/\",\"url\":\"https:\\\/\\\/isf.fo\\\/wp-content\\\/uploads\\\/2025\\\/06\\\/ISF_Olympic-Committee-logo.png\",\"contentUrl\":\"https:\\\/\\\/isf.fo\\\/wp-content\\\/uploads\\\/2025\\\/06\\\/ISF_Olympic-Committee-logo.png\",\"width\":618,\"height\":121,\"caption\":\"\u00cdtr\u00f3ttasamband F\u00f8roya\"},\"image\":{\"@id\":\"https:\\\/\\\/isf.fo\\\/#\\\/schema\\\/logo\\\/image\\\/\"},\"sameAs\":[\"https:\\\/\\\/www.facebook.com\\\/itrottasambandid\"]}]}<\/script>\n<!-- \/ Yoast SEO plugin. -->","yoast_head_json":{"title":"Stevnumi\u00f0 um r\u00fasevni og \u00edtr\u00f3tt - \u00cdtr\u00f3ttasamband F\u00f8roya","robots":{"index":"index","follow":"follow","max-snippet":"max-snippet:-1","max-image-preview":"max-image-preview:large","max-video-preview":"max-video-preview:-1"},"canonical":"https:\/\/isf.fo\/en\/logir\/stevnumi\u00f0-um-rusdrekka-og-itrott\/","og_locale":"en_US","og_type":"article","og_title":"Stevnumi\u00f0 um r\u00fasevni og \u00edtr\u00f3tt - \u00cdtr\u00f3ttasamband F\u00f8roya","og_description":"Stevnumi\u00f0 um r\u00fasevni og \u00edtr\u00f3tt &nbsp; 1. \u00cdtr\u00f3ttasamband F\u00f8roya, \u00cdSF, arbei\u00f0ir \u00edm\u00f3ti r\u00fasevnan\u00fdtlsu \u00ed sambandi vi\u00f0 \u00edtr\u00f3tt. 2. B\u00f8rn og [&hellip;]","og_url":"https:\/\/isf.fo\/en\/logir\/stevnumi\u00f0-um-rusdrekka-og-itrott\/","og_site_name":"\u00cdtr\u00f3ttasamband F\u00f8roya","article_publisher":"https:\/\/www.facebook.com\/itrottasambandid","article_modified_time":"2017-04-05T14:22:50+00:00","twitter_card":"summary_large_image","twitter_misc":{"Est. reading time":"1 minute"},"schema":{"@context":"https:\/\/schema.org","@graph":[{"@type":"WebPage","@id":"https:\/\/isf.fo\/logir\/stevnumi%c3%b0-um-rusdrekka-og-itrott\/","url":"https:\/\/isf.fo\/logir\/stevnumi%c3%b0-um-rusdrekka-og-itrott\/","name":"Stevnumi\u00f0 um r\u00fasevni og \u00edtr\u00f3tt - \u00cdtr\u00f3ttasamband F\u00f8roya","isPartOf":{"@id":"https:\/\/isf.fo\/#website"},"datePublished":"2008-08-05T20:17:45+00:00","dateModified":"2017-04-05T14:22:50+00:00","breadcrumb":{"@id":"https:\/\/isf.fo\/logir\/stevnumi%c3%b0-um-rusdrekka-og-itrott\/#breadcrumb"},"inLanguage":"en-US","potentialAction":[{"@type":"ReadAction","target":["https:\/\/isf.fo\/logir\/stevnumi%c3%b0-um-rusdrekka-og-itrott\/"]}]},{"@type":"BreadcrumbList","@id":"https:\/\/isf.fo\/logir\/stevnumi%c3%b0-um-rusdrekka-og-itrott\/#breadcrumb","itemListElement":[{"@type":"ListItem","position":1,"name":"Home","item":"https:\/\/isf.fo\/"},{"@type":"ListItem","position":2,"name":"L\u00f3gir","item":"https:\/\/isf.fo\/logir\/"},{"@type":"ListItem","position":3,"name":"Stevnumi\u00f0 um r\u00fasevni og \u00edtr\u00f3tt"}]},{"@type":"WebSite","@id":"https:\/\/isf.fo\/#website","url":"https:\/\/isf.fo\/","name":"\u00cdtr\u00f3ttasamband F\u00f8roya","description":"","publisher":{"@id":"https:\/\/isf.fo\/#organization"},"potentialAction":[{"@type":"SearchAction","target":{"@type":"EntryPoint","urlTemplate":"https:\/\/isf.fo\/?s={search_term_string}"},"query-input":{"@type":"PropertyValueSpecification","valueRequired":true,"valueName":"search_term_string"}}],"inLanguage":"en-US"},{"@type":"Organization","@id":"https:\/\/isf.fo\/#organization","name":"\u00cdtr\u00f3ttasamband F\u00f8roya","url":"https:\/\/isf.fo\/","logo":{"@type":"ImageObject","inLanguage":"en-US","@id":"https:\/\/isf.fo\/#\/schema\/logo\/image\/","url":"https:\/\/isf.fo\/wp-content\/uploads\/2025\/06\/ISF_Olympic-Committee-logo.png","contentUrl":"https:\/\/isf.fo\/wp-content\/uploads\/2025\/06\/ISF_Olympic-Committee-logo.png","width":618,"height":121,"caption":"\u00cdtr\u00f3ttasamband F\u00f8roya"},"image":{"@id":"https:\/\/isf.fo\/#\/schema\/logo\/image\/"},"sameAs":["https:\/\/www.facebook.com\/itrottasambandid"]}]}},"_links":{"self":[{"href":"https:\/\/isf.fo\/en\/wp-json\/wp\/v2\/pages\/494","targetHints":{"allow":["GET"]}}],"collection":[{"href":"https:\/\/isf.fo\/en\/wp-json\/wp\/v2\/pages"}],"about":[{"href":"https:\/\/isf.fo\/en\/wp-json\/wp\/v2\/types\/page"}],"author":[{"embeddable":true,"href":"https:\/\/isf.fo\/en\/wp-json\/wp\/v2\/users\/6"}],"replies":[{"embeddable":true,"href":"https:\/\/isf.fo\/en\/wp-json\/wp\/v2\/comments?post=494"}],"version-history":[{"count":4,"href":"https:\/\/isf.fo\/en\/wp-json\/wp\/v2\/pages\/494\/revisions"}],"predecessor-version":[{"id":5534,"href":"https:\/\/isf.fo\/en\/wp-json\/wp\/v2\/pages\/494\/revisions\/5534"}],"up":[{"embeddable":true,"href":"https:\/\/isf.fo\/en\/wp-json\/wp\/v2\/pages\/405"}],"wp:attachment":[{"href":"https:\/\/isf.fo\/en\/wp-json\/wp\/v2\/media?parent=494"}],"curies":[{"name":"wp","href":"https:\/\/api.w.org\/{rel}","templated":true}]}}