{"id":495,"date":"2008-08-05T21:18:26","date_gmt":"2008-08-05T20:18:26","guid":{"rendered":"https:\/\/isf.fo\/?page_id=495"},"modified":"2017-04-05T14:23:11","modified_gmt":"2017-04-05T14:23:11","slug":"regluger%c3%b0-fyri-itrottadomstol-isf","status":"publish","type":"page","link":"https:\/\/isf.fo\/en\/logir\/regluger%c3%b0-fyri-itrottadomstol-isf\/","title":{"rendered":"Regluger\u00f0 fyri \u00edtr\u00f3ttad\u00f3mst\u00f3l \u00cdSF"},"content":{"rendered":"<h2>Regluger\u00f0 fyri \u00cdtr\u00f3ttad\u00f3mst\u00f3l \u00cdSF<\/h2>\n<p>&nbsp;<\/p>\n<p>\u00a7 1<br \/>\nStk. 1. M\u00e1l kunnu leggjast fyri \u00cdtr\u00f3ttad\u00f3mst\u00f3lin av einum pers\u00f3ni ella felag, i\u00f0 var partur \u00ed m\u00e1linum \u00e1 fyrra sakarm\u00e1lsvi\u00f0ger\u00f0ini, treyta\u00f0 av at pers\u00f3nurin ella felagi\u00f0 eru limir \u00ed \u00cdSF.<br \/>\nStk. 2. \u00cdtr\u00f3ttad\u00f3mst\u00f3lurin kann \u00ed serst\u00f8kum f\u00f8rum vi\u00f0gera eitt m\u00e1l, sum ver\u00f0ur fr\u00e1bo\u00f0a\u00f0 av einum, sum hevur grunda\u00f0an \u00e1huga \u00ed tiknu avger\u00f0ini, h\u00f3ast vi\u00f0komandi ikki var partur \u00ed m\u00e1linum \u00ed fyrra m\u00e1lsvi\u00f0ger\u00f0ini.<br \/>\nStk. 3. M\u00e1li\u00f0 skal vera avgrei\u00f0sluskrivstovu \u00cdSF&#8217;s \u00ed hendi innan \u00e1settu freistina samb\u00e6rt &#8220;Reglur fyri d\u00f3msnevndir innan \u00cdSF&#8221; og vi\u00f0ger\u00f0 av k\u00e6rum&#8221; Grein 10.<\/p>\n<p>\u00a7 2<br \/>\nT\u00e1 i\u00f0 m\u00e1li\u00f0 er innkomi\u00f0, ger forma\u00f0urin av, alt eftir, hvussu m\u00e1li\u00f0 er h\u00e1tta, og hvussu umfatandi ta\u00f0 er, um \u00cdtr\u00f3ttad\u00f3mst\u00f3lurin skal hava tr\u00edggjar ella fimm limir.<\/p>\n<p>\u00a7 3<br \/>\nEingin kann taka lut \u00ed eini sakarm\u00e1lsvi\u00f0ger\u00f0, sum ber \u00ed s\u00e6r umst\u00f8\u00f0ur, i\u00f0 kunnu s\u00e1a iva, um vi\u00f0komandi er p\u00fara gegnigur.<\/p>\n<p>\u00a7 4<br \/>\nStk. 1. Forma\u00f0urin kann gera av, at annar ella b\u00e1\u00f0ir partar skulu veita trygd fyri sakarm\u00e1ls\u00fatrei\u00f0slunum.<br \/>\nStk. 2. Er annar parturin ein stovnur undir \u00cdSF, kann sakf\u00f8rari ver\u00f0a tilnevndur hinum partinum.<\/p>\n<p>\u00a7 5<br \/>\nStk. 1. \u00cdtr\u00f3ttad\u00f3mst\u00f3lurin vi\u00f0ger\u00f0 sakarm\u00e1li\u00f0 munnliga, um annar parturin, forma\u00f0urin ella tveir nevndarlimir bi\u00f0ja um ta\u00f0.<br \/>\nStk. 2. Forma\u00f0urin kann t\u00f3 gera av, at avgrei\u00f0slum\u00e1l (formalitetssp.) ver\u00f0a vi\u00f0gj\u00f8rd skrivliga.<br \/>\nStk. 3. Um ney\u00f0ugt kann nevndin \u00fatvega s\u00e6r sakk\u00f8na hj\u00e1lp.<\/p>\n<p>\u00a7 6<br \/>\nStk. 1. Munnliga sakarm\u00e1lsvi\u00f0ger\u00f0in hj\u00e1 \u00cdtr\u00f3ttad\u00f3mst\u00f3linum er almenn. Ikki er loyvt at taka myndir, filma ella gera lj\u00f3\u00f0uppt\u00f8kur av samr\u00e1\u00f0ingunum.<\/p>\n<p>\u00a7 7<br \/>\n\u00cdtr\u00f3ttad\u00f3mst\u00f3lurin tekur avger\u00f0ir vi\u00f0 vanligum atkv\u00f8\u00f0umeirluta.<\/p>\n<p>\u00a7 8<br \/>\nT\u00e1 i\u00f0 avger\u00f0 er tikin \u00ed sakarm\u00e1linum, kann nevndin \u00e1seta, hvussu sakarm\u00e1ls\u00fatrei\u00f0slurnar skulu b\u00fdtast millum partarnar ella kanska millum teir og \u00cdSF. Sakarm\u00e1ls\u00fatrei\u00f0slurnar kunnu m\u00f8guliga umfata \u00fatrei\u00f0slur av kanningum \u00ed m\u00e1linum.<\/p>\n<p>\u00a7 9<br \/>\nStk. 1. Sakarm\u00e1l, sum \u00cdtr\u00f3ttad\u00f3mst\u00f3lurin hevur avgreitt, kann bara undir heilt serligum umst\u00f8\u00f0um ver\u00f0a tiki\u00f0 uppaftur til n\u00fdggja vi\u00f0ger\u00f0.<br \/>\nStk. 2. Ein tikin avger\u00f0 hj\u00e1 \u00cdtr\u00f3ttad\u00f3mst\u00f3linum kann ikki skj\u00f3tast inn fyri nakran annan stovn innan \u00cdSF.<\/p>\n<p>\u00a7 10<br \/>\n\u00cdtr\u00f3ttad\u00f3mst\u00f3lurin \u00e1setir annars sj\u00e1lvur reglur fyri sakarm\u00e1lsvi\u00f0ger\u00f0ina.<\/p>\n<p><em>Solei\u00f0is samtykt \u00e1 stj\u00f3rnarfundi 12. Mei 2000<\/em><\/p>","protected":false},"excerpt":{"rendered":"<p>Regluger\u00f0 fyri \u00cdtr\u00f3ttad\u00f3mst\u00f3l \u00cdSF &nbsp; \u00a7 1 Stk. 1. M\u00e1l kunnu leggjast fyri \u00cdtr\u00f3ttad\u00f3mst\u00f3lin av einum pers\u00f3ni ella felag, i\u00f0 [&hellip;]<\/p>\n","protected":false},"author":6,"featured_media":0,"parent":405,"menu_order":11,"comment_status":"open","ping_status":"closed","template":"","meta":{"_acf_changed":false,"_relevanssi_hide_post":"","_relevanssi_hide_content":"","_relevanssi_pin_for_all":"","_relevanssi_pin_keywords":"","_relevanssi_unpin_keywords":"","_relevanssi_related_keywords":"","_relevanssi_related_include_ids":"","_relevanssi_related_exclude_ids":"","_relevanssi_related_no_append":"","_relevanssi_related_not_related":"","_relevanssi_related_posts":"","_relevanssi_noindex_reason":"","inline_featured_image":false,"footnotes":""},"class_list":["post-495","page","type-page","status-publish","hentry"],"acf":[],"yoast_head":"<!-- This site is optimized with the Yoast SEO plugin v27.3 - https:\/\/yoast.com\/product\/yoast-seo-wordpress\/ -->\n<title>Regluger\u00f0 fyri \u00edtr\u00f3ttad\u00f3mst\u00f3l \u00cdSF - \u00cdtr\u00f3ttasamband F\u00f8roya<\/title>\n<meta name=\"robots\" content=\"index, follow, max-snippet:-1, max-image-preview:large, max-video-preview:-1\" \/>\n<link rel=\"canonical\" href=\"https:\/\/isf.fo\/en\/logir\/regluger\u00f0-fyri-itrottadomstol-isf\/\" \/>\n<meta property=\"og:locale\" content=\"en_US\" \/>\n<meta property=\"og:type\" content=\"article\" \/>\n<meta property=\"og:title\" content=\"Regluger\u00f0 fyri \u00edtr\u00f3ttad\u00f3mst\u00f3l \u00cdSF - \u00cdtr\u00f3ttasamband F\u00f8roya\" \/>\n<meta property=\"og:description\" content=\"Regluger\u00f0 fyri \u00cdtr\u00f3ttad\u00f3mst\u00f3l \u00cdSF &nbsp; \u00a7 1 Stk. 1. M\u00e1l kunnu leggjast fyri \u00cdtr\u00f3ttad\u00f3mst\u00f3lin av einum pers\u00f3ni ella felag, i\u00f0 [&hellip;]\" \/>\n<meta property=\"og:url\" content=\"https:\/\/isf.fo\/en\/logir\/regluger\u00f0-fyri-itrottadomstol-isf\/\" \/>\n<meta property=\"og:site_name\" content=\"\u00cdtr\u00f3ttasamband F\u00f8roya\" \/>\n<meta property=\"article:publisher\" content=\"https:\/\/www.facebook.com\/itrottasambandid\" \/>\n<meta property=\"article:modified_time\" content=\"2017-04-05T14:23:11+00:00\" \/>\n<meta name=\"twitter:card\" content=\"summary_large_image\" \/>\n<meta name=\"twitter:label1\" content=\"Est. reading time\" \/>\n\t<meta name=\"twitter:data1\" content=\"2 minutes\" \/>\n<script type=\"application\/ld+json\" class=\"yoast-schema-graph\">{\"@context\":\"https:\\\/\\\/schema.org\",\"@graph\":[{\"@type\":\"WebPage\",\"@id\":\"https:\\\/\\\/isf.fo\\\/logir\\\/regluger%c3%b0-fyri-itrottadomstol-isf\\\/\",\"url\":\"https:\\\/\\\/isf.fo\\\/logir\\\/regluger%c3%b0-fyri-itrottadomstol-isf\\\/\",\"name\":\"Regluger\u00f0 fyri \u00edtr\u00f3ttad\u00f3mst\u00f3l \u00cdSF - \u00cdtr\u00f3ttasamband F\u00f8roya\",\"isPartOf\":{\"@id\":\"https:\\\/\\\/isf.fo\\\/#website\"},\"datePublished\":\"2008-08-05T20:18:26+00:00\",\"dateModified\":\"2017-04-05T14:23:11+00:00\",\"breadcrumb\":{\"@id\":\"https:\\\/\\\/isf.fo\\\/logir\\\/regluger%c3%b0-fyri-itrottadomstol-isf\\\/#breadcrumb\"},\"inLanguage\":\"en-US\",\"potentialAction\":[{\"@type\":\"ReadAction\",\"target\":[\"https:\\\/\\\/isf.fo\\\/logir\\\/regluger%c3%b0-fyri-itrottadomstol-isf\\\/\"]}]},{\"@type\":\"BreadcrumbList\",\"@id\":\"https:\\\/\\\/isf.fo\\\/logir\\\/regluger%c3%b0-fyri-itrottadomstol-isf\\\/#breadcrumb\",\"itemListElement\":[{\"@type\":\"ListItem\",\"position\":1,\"name\":\"Home\",\"item\":\"https:\\\/\\\/isf.fo\\\/\"},{\"@type\":\"ListItem\",\"position\":2,\"name\":\"L\u00f3gir\",\"item\":\"https:\\\/\\\/isf.fo\\\/logir\\\/\"},{\"@type\":\"ListItem\",\"position\":3,\"name\":\"Regluger\u00f0 fyri \u00edtr\u00f3ttad\u00f3mst\u00f3l \u00cdSF\"}]},{\"@type\":\"WebSite\",\"@id\":\"https:\\\/\\\/isf.fo\\\/#website\",\"url\":\"https:\\\/\\\/isf.fo\\\/\",\"name\":\"\u00cdtr\u00f3ttasamband F\u00f8roya\",\"description\":\"\",\"publisher\":{\"@id\":\"https:\\\/\\\/isf.fo\\\/#organization\"},\"potentialAction\":[{\"@type\":\"SearchAction\",\"target\":{\"@type\":\"EntryPoint\",\"urlTemplate\":\"https:\\\/\\\/isf.fo\\\/?s={search_term_string}\"},\"query-input\":{\"@type\":\"PropertyValueSpecification\",\"valueRequired\":true,\"valueName\":\"search_term_string\"}}],\"inLanguage\":\"en-US\"},{\"@type\":\"Organization\",\"@id\":\"https:\\\/\\\/isf.fo\\\/#organization\",\"name\":\"\u00cdtr\u00f3ttasamband F\u00f8roya\",\"url\":\"https:\\\/\\\/isf.fo\\\/\",\"logo\":{\"@type\":\"ImageObject\",\"inLanguage\":\"en-US\",\"@id\":\"https:\\\/\\\/isf.fo\\\/#\\\/schema\\\/logo\\\/image\\\/\",\"url\":\"https:\\\/\\\/isf.fo\\\/wp-content\\\/uploads\\\/2025\\\/06\\\/ISF_Olympic-Committee-logo.png\",\"contentUrl\":\"https:\\\/\\\/isf.fo\\\/wp-content\\\/uploads\\\/2025\\\/06\\\/ISF_Olympic-Committee-logo.png\",\"width\":618,\"height\":121,\"caption\":\"\u00cdtr\u00f3ttasamband F\u00f8roya\"},\"image\":{\"@id\":\"https:\\\/\\\/isf.fo\\\/#\\\/schema\\\/logo\\\/image\\\/\"},\"sameAs\":[\"https:\\\/\\\/www.facebook.com\\\/itrottasambandid\"]}]}<\/script>\n<!-- \/ Yoast SEO plugin. -->","yoast_head_json":{"title":"Regluger\u00f0 fyri \u00edtr\u00f3ttad\u00f3mst\u00f3l \u00cdSF - \u00cdtr\u00f3ttasamband F\u00f8roya","robots":{"index":"index","follow":"follow","max-snippet":"max-snippet:-1","max-image-preview":"max-image-preview:large","max-video-preview":"max-video-preview:-1"},"canonical":"https:\/\/isf.fo\/en\/logir\/regluger\u00f0-fyri-itrottadomstol-isf\/","og_locale":"en_US","og_type":"article","og_title":"Regluger\u00f0 fyri \u00edtr\u00f3ttad\u00f3mst\u00f3l \u00cdSF - \u00cdtr\u00f3ttasamband F\u00f8roya","og_description":"Regluger\u00f0 fyri \u00cdtr\u00f3ttad\u00f3mst\u00f3l \u00cdSF &nbsp; \u00a7 1 Stk. 1. M\u00e1l kunnu leggjast fyri \u00cdtr\u00f3ttad\u00f3mst\u00f3lin av einum pers\u00f3ni ella felag, i\u00f0 [&hellip;]","og_url":"https:\/\/isf.fo\/en\/logir\/regluger\u00f0-fyri-itrottadomstol-isf\/","og_site_name":"\u00cdtr\u00f3ttasamband F\u00f8roya","article_publisher":"https:\/\/www.facebook.com\/itrottasambandid","article_modified_time":"2017-04-05T14:23:11+00:00","twitter_card":"summary_large_image","twitter_misc":{"Est. reading time":"2 minutes"},"schema":{"@context":"https:\/\/schema.org","@graph":[{"@type":"WebPage","@id":"https:\/\/isf.fo\/logir\/regluger%c3%b0-fyri-itrottadomstol-isf\/","url":"https:\/\/isf.fo\/logir\/regluger%c3%b0-fyri-itrottadomstol-isf\/","name":"Regluger\u00f0 fyri \u00edtr\u00f3ttad\u00f3mst\u00f3l \u00cdSF - \u00cdtr\u00f3ttasamband F\u00f8roya","isPartOf":{"@id":"https:\/\/isf.fo\/#website"},"datePublished":"2008-08-05T20:18:26+00:00","dateModified":"2017-04-05T14:23:11+00:00","breadcrumb":{"@id":"https:\/\/isf.fo\/logir\/regluger%c3%b0-fyri-itrottadomstol-isf\/#breadcrumb"},"inLanguage":"en-US","potentialAction":[{"@type":"ReadAction","target":["https:\/\/isf.fo\/logir\/regluger%c3%b0-fyri-itrottadomstol-isf\/"]}]},{"@type":"BreadcrumbList","@id":"https:\/\/isf.fo\/logir\/regluger%c3%b0-fyri-itrottadomstol-isf\/#breadcrumb","itemListElement":[{"@type":"ListItem","position":1,"name":"Home","item":"https:\/\/isf.fo\/"},{"@type":"ListItem","position":2,"name":"L\u00f3gir","item":"https:\/\/isf.fo\/logir\/"},{"@type":"ListItem","position":3,"name":"Regluger\u00f0 fyri \u00edtr\u00f3ttad\u00f3mst\u00f3l \u00cdSF"}]},{"@type":"WebSite","@id":"https:\/\/isf.fo\/#website","url":"https:\/\/isf.fo\/","name":"\u00cdtr\u00f3ttasamband F\u00f8roya","description":"","publisher":{"@id":"https:\/\/isf.fo\/#organization"},"potentialAction":[{"@type":"SearchAction","target":{"@type":"EntryPoint","urlTemplate":"https:\/\/isf.fo\/?s={search_term_string}"},"query-input":{"@type":"PropertyValueSpecification","valueRequired":true,"valueName":"search_term_string"}}],"inLanguage":"en-US"},{"@type":"Organization","@id":"https:\/\/isf.fo\/#organization","name":"\u00cdtr\u00f3ttasamband F\u00f8roya","url":"https:\/\/isf.fo\/","logo":{"@type":"ImageObject","inLanguage":"en-US","@id":"https:\/\/isf.fo\/#\/schema\/logo\/image\/","url":"https:\/\/isf.fo\/wp-content\/uploads\/2025\/06\/ISF_Olympic-Committee-logo.png","contentUrl":"https:\/\/isf.fo\/wp-content\/uploads\/2025\/06\/ISF_Olympic-Committee-logo.png","width":618,"height":121,"caption":"\u00cdtr\u00f3ttasamband F\u00f8roya"},"image":{"@id":"https:\/\/isf.fo\/#\/schema\/logo\/image\/"},"sameAs":["https:\/\/www.facebook.com\/itrottasambandid"]}]}},"_links":{"self":[{"href":"https:\/\/isf.fo\/en\/wp-json\/wp\/v2\/pages\/495","targetHints":{"allow":["GET"]}}],"collection":[{"href":"https:\/\/isf.fo\/en\/wp-json\/wp\/v2\/pages"}],"about":[{"href":"https:\/\/isf.fo\/en\/wp-json\/wp\/v2\/types\/page"}],"author":[{"embeddable":true,"href":"https:\/\/isf.fo\/en\/wp-json\/wp\/v2\/users\/6"}],"replies":[{"embeddable":true,"href":"https:\/\/isf.fo\/en\/wp-json\/wp\/v2\/comments?post=495"}],"version-history":[{"count":3,"href":"https:\/\/isf.fo\/en\/wp-json\/wp\/v2\/pages\/495\/revisions"}],"predecessor-version":[{"id":5535,"href":"https:\/\/isf.fo\/en\/wp-json\/wp\/v2\/pages\/495\/revisions\/5535"}],"up":[{"embeddable":true,"href":"https:\/\/isf.fo\/en\/wp-json\/wp\/v2\/pages\/405"}],"wp:attachment":[{"href":"https:\/\/isf.fo\/en\/wp-json\/wp\/v2\/media?parent=495"}],"curies":[{"name":"wp","href":"https:\/\/api.w.org\/{rel}","templated":true}]}}