{"id":497,"date":"2008-08-05T21:19:54","date_gmt":"2008-08-05T20:19:54","guid":{"rendered":"https:\/\/isf.fo\/?page_id=497"},"modified":"2024-09-23T13:46:27","modified_gmt":"2024-09-23T13:46:27","slug":"standardlogir-fyri-nyggj-itrottafel%c3%b8g","status":"publish","type":"page","link":"https:\/\/isf.fo\/en\/logir\/standardlogir-fyri-nyggj-itrottafel%c3%b8g\/","title":{"rendered":"Standardl\u00f3gir fyri n\u00fdggj \u00edtr\u00f3ttafel\u00f8g"},"content":{"rendered":"<p><strong><a href=\"https:\/\/d21ockg4ri0hhk.cloudfront.net\/wp-content\/uploads\/2008\/08\/30193203\/Standard-l%C3%B3gir-fyri-n%C3%BDggj-fel%C3%B8g.pdf\">Standard l\u00f3gir fyri n\u00fdggj fel\u00f8g<\/a><br \/>\n<\/strong><strong>Stj\u00f3rn \u00cdSF&#8217;s hevur samtykt n\u00fdggjar standard l\u00f3gir,<br \/>\nsum fel\u00f8gini kunnu n\u00fdta&#8230;<\/strong><\/p>\n<p>\u00a7 1 Navn og heimsta\u00f0ur.<br \/>\nNavn felagsins er ____________ , og heimsta\u00f0ur felagsins er __________________<\/p>\n<p>\u00a7 2 Endam\u00e1l.<br \/>\nEndam\u00e1l felagsins er ________________________________ _______________________________ .<\/p>\n<p>\u00a7 3 Limaskapur.<br \/>\nEin og hv\u00f8r kann gerast limur vi\u00f0 at venda s\u00e6r til anna\u00f0hv\u00f8rt ein nevndarlim ella venjara. Ein samd nevnd kann nokta pers\u00f3ni limaskap. Ver\u00f0ur pers\u00f3ni nokta\u00f0ur limaskapur, kann hann leggja spurningin fyri fyrstkomandi a\u00f0alfund til st\u00f8\u00f0utakan.<br \/>\nFel\u00f8g og onnur \u00e1huga\u00f0i, kunnu gerast hv\u00edlandi limir.<br \/>\nNevndin \u00e1setur st\u00f8ddina \u00e1 limagjaldinum fyri virknar-, hv\u00edlandi- og ungd\u00f3mslimir. Limur kann siga limaskap s\u00edn upp vi\u00f0 einum m\u00e1na\u00f0a freist til ein 1. \u00ed einum m\u00e1na\u00f0i. Nevndin kann koyra lim \u00far felagnum, um vi\u00f0komandi er \u00ed eftirst\u00f8\u00f0u vi\u00f0 limagjaldi \u00ed meira enn 1 \u00e1r, hevur broti\u00f0 vi\u00f0t\u00f8kur felagsins ella \u00e1 annan h\u00e1tt grovt hevur forbroti\u00f0 seg. Vi\u00f0komandi limur kann leggja spurningin fyri fyrstkomandi a\u00f0alfund til st\u00f8\u00f0utakan.<br \/>\nFelagi\u00f0 kann \u00fatnevna hei\u00f0urslimir.<\/p>\n<p>\u00a7 4 A\u00f0alfundir.<br \/>\nA\u00f0alfundurin, sum ver\u00f0ur hildin \u00ed heimsta\u00f0i felagsins, er h\u00e6gsti myndugleiki felagsins. \u00c1rsa\u00f0alfundur ver\u00f0ur hildin \u00e1\u00f0renn __________ m\u00e1na\u00f0ur er farin.<br \/>\nNevndin kallar inn til a\u00f0alfundar skrivliga og\/ella vi\u00f0 uppslagi vi\u00f0 \u00ed minsta lagi 14 daga varningi. \u00cd innkallingini skal ver\u00f0a sagt fr\u00e1 fundarsta\u00f0i, -t\u00ed\u00f0 og -skr\u00e1.<br \/>\nM\u00e1l, sum limir vilja hava til vi\u00f0ger\u00f0ar, skulu vera nevndini \u00ed hendi \u00ed minsta lagi 12 dagar undan a\u00f0alfundinum. \u00cd fundarbo\u00f0unum ver\u00f0a innkomin m\u00e1l stutt endurgivin, men skulu liggja frammi \u00ed fullum l\u00edki \u00e1 skrivstovu felagsins \u00ed minsta lagi 8 dagar undan fundinum.<\/p>\n<p>\u00c1 \u00e1rsa\u00f0alfundinum er fundarskr\u00e1in hendan:<br \/>\n* Val av fundarstj\u00f3ra.<br \/>\n* Fr\u00e1grei\u00f0ing nevndarinnar fyri farna \u00e1ri\u00f0.<br \/>\n* Framl\u00f8ga av roknskapi og f\u00edggjarst\u00f8\u00f0u til g\u00f3\u00f0kenningar.<br \/>\n* Val av nevndarlimum og tiltakslimum.<br \/>\n* Val av grannsko\u00f0ara.<br \/>\n* Innkomin m\u00e1l.<br \/>\n* Ymiskt.<\/p>\n<p>Fundarstj\u00f3rin ger av \u00ed \u00f8llum ivaspurningum \u00e1 fundinum. Hann kann vera nevndarlimur. Atkv\u00f8\u00f0ugrei\u00f0sla fer fram skrivliga, um ikki a\u00f0alfundurin g\u00f3\u00f0kennir annan atkv\u00f8\u00f0uh\u00e1tt. Atkv\u00f8\u00f0ast kann samb\u00e6rt fulltr\u00fa. Fundarstj\u00f3rin ger av gildi hennara.<br \/>\nBert limir, sum hava fylt 14 \u00e1r, hava atkv\u00f8\u00f0ur\u00e6tt. Valb\u00e6rur er limur, sum er fyltur 18 \u00e1r.<br \/>\nHv\u00edlandi limir hava m\u00f8ti- og talur\u00e6tt, men t\u00f3 ikki atkv\u00f8\u00f0ur\u00e6tt.<\/p>\n<p>\u00a7 5 Eykaa\u00f0alfundir.<br \/>\nEykaa\u00f0alfundur ver\u00f0ur hildin, t\u00e1 i\u00f0 nevndin heldur ta\u00f0 vera ney\u00f0ugt ella t\u00e1 i\u00f0 _____ limir krevja ta\u00f0. Mannagongdin \u00e1 eykaa\u00f0alfundi er tann sama sum \u00e1 \u00e1rsa\u00f0alfundi.<\/p>\n<p>\u00a7 6 Nevndin<br \/>\nFelagi\u00f0 ver\u00f0ur st\u00fdrt av eini( minst 3) manna nevnd. Nevndarlimir ver\u00f0a valdir anna\u00f0hv\u00f8rt \u00e1r. Solei\u00f0is at anna\u00f0hv\u00f8rt \u00e1r standa 1 (ella fleiri ) fyri vali og anna\u00f0hv\u00f8rt \u00e1r standa 2 (ella fleiri) fyri vali. Nevndin skipar seg sj\u00e1lv.<br \/>\nTiltakslimir ver\u00f0a valdir fyri sama t\u00ed\u00f0arskei\u00f0. Nevndin heldur fund, so ofta hon heldur ta\u00f0 vera ney\u00f0ugt. Nevndin er vi\u00f0t\u00f8kuf\u00f8r, t\u00e1 i\u00f0 ______ nevndarlimir eru \u00e1 fundi.<br \/>\nNevndin kann gera regluger\u00f0 fyri virksemi s\u00edtt. Fer nevndarlimur fr\u00e1 \u00ed \u00fart\u00ed\u00f0, kemur fyrstvaldi tiltakslimur \u00ed hansara sta\u00f0.<br \/>\nGer\u00f0ab\u00f3k ver\u00f0ur f\u00f8rd fyri allar a\u00f0al- og nevndarfundir.<\/p>\n<p>\u00a7 7 Tekningarreglur.<br \/>\nFelagi\u00f0 ver\u00f0ur tekna\u00f0 av \u00ed minsta lagi av tveimum nevndarlimum. Til keyp, s\u00f8lu ella ve\u00f0seting av f\u00f8stum ognum krevst b\u00e6\u00f0i nevndar- og a\u00f0alfundarsamtykt.<\/p>\n<p>\u00a7 8 Heftilsi.<br \/>\nFelagi\u00f0 heftir bert fyri skyldum s\u00ednum vi\u00f0 teimum til eina og hv\u00f8rja t\u00ed\u00f0 verandi ognum, sum hoyra felagnum til. Limirnir ella nevndin hefta ikki pers\u00f3nliga fyri felagsins skyldum, men bert vi\u00f0 s\u00ednum limagjaldi.<\/p>\n<p>\u00a7 9 Roknskapur.<br \/>\nRoknskapar\u00e1r felagsins er fr\u00e1 _________ og til _________ . Fyrsta roknskapar\u00e1r er fr\u00e1 stovnan felagsins og til ____________.<br \/>\nRoknskapurin ver\u00f0ur grannsko\u00f0a\u00f0ur av einum \u00e1 a\u00f0alfundi valdum grannsko\u00f0ara, sum hevur r\u00e6tt at kanna felagsins b\u00f8kur og skj\u00f8l, t\u00e1 i\u00f0 hann ynskir ta\u00f0.<\/p>\n<p>\u00a7 10 Vi\u00f0t\u00f8kubroytingar.<br \/>\nAt broyta vi\u00f0t\u00f8kurnar krevst, at \u00ed minsta lagi 2\/3 av m\u00f8ttu limunum atkv\u00f8\u00f0a fyri.<\/p>\n<p>\u00a7 11 Avt\u00f8ka.<br \/>\nAt taka felagi\u00f0 av krevst, at \u00ed minsta lagi 2\/3 av limum felagsins eru \u00e1 fundi og samstundis eisini atkv\u00f8\u00f0a fyri. Er ikki ney\u00f0ugi meirilutin av limunum \u00e1 fundi, kann nevndin kalla inn til eykaa\u00f0alfundar, har felagi\u00f0 kann ver\u00f0a tiki\u00f0 av, um 2\/3 av givnum atkv\u00f8\u00f0um eru fyri, l\u00edkamiki\u00f0 hvussu n\u00f3gvir limir eru m\u00f8ttir.<br \/>\nVer\u00f0ur felagi\u00f0 tiki\u00f0 av, velur a\u00f0alfundurin ein ella fleiri likvidatorar. Eitt m\u00f8guligt avlop skal n\u00fdtast til eitthv\u00f8rt \u00edtr\u00f3ttarligt ella v\u00e6lgerandi endam\u00e1l.<\/p>\n<p>Solei\u00f0is samtykt \u00e1 stovnandi a\u00f0alfundi<br \/>\n_________ tann __________<\/p>\n<p>Nevndin:<br \/>\n______________<br \/>\n_____________________<br \/>\n_________________________<\/p>","protected":false},"excerpt":{"rendered":"<p>Standard l\u00f3gir fyri n\u00fdggj fel\u00f8g Stj\u00f3rn \u00cdSF&#8217;s hevur samtykt n\u00fdggjar standard l\u00f3gir, sum fel\u00f8gini kunnu n\u00fdta&#8230; \u00a7 1 Navn og [&hellip;]<\/p>\n","protected":false},"author":6,"featured_media":0,"parent":405,"menu_order":2,"comment_status":"open","ping_status":"closed","template":"","meta":{"_acf_changed":false,"_relevanssi_hide_post":"","_relevanssi_hide_content":"","_relevanssi_pin_for_all":"","_relevanssi_pin_keywords":"","_relevanssi_unpin_keywords":"","_relevanssi_related_keywords":"","_relevanssi_related_include_ids":"","_relevanssi_related_exclude_ids":"","_relevanssi_related_no_append":"","_relevanssi_related_not_related":"","_relevanssi_related_posts":"","_relevanssi_noindex_reason":"","inline_featured_image":false,"footnotes":""},"class_list":["post-497","page","type-page","status-publish","hentry"],"acf":[],"yoast_head":"<!-- This site is optimized with the Yoast SEO plugin v27.3 - https:\/\/yoast.com\/product\/yoast-seo-wordpress\/ -->\n<title>Standardl\u00f3gir fyri n\u00fdggj \u00edtr\u00f3ttafel\u00f8g - \u00cdtr\u00f3ttasamband F\u00f8roya<\/title>\n<meta name=\"robots\" content=\"index, follow, max-snippet:-1, max-image-preview:large, max-video-preview:-1\" \/>\n<link rel=\"canonical\" href=\"https:\/\/isf.fo\/en\/logir\/standardlogir-fyri-nyggj-itrottafel\u00f8g\/\" \/>\n<meta property=\"og:locale\" content=\"en_US\" \/>\n<meta property=\"og:type\" content=\"article\" \/>\n<meta property=\"og:title\" content=\"Standardl\u00f3gir fyri n\u00fdggj \u00edtr\u00f3ttafel\u00f8g - \u00cdtr\u00f3ttasamband F\u00f8roya\" \/>\n<meta property=\"og:description\" content=\"Standard l\u00f3gir fyri n\u00fdggj fel\u00f8g Stj\u00f3rn \u00cdSF&#8217;s hevur samtykt n\u00fdggjar standard l\u00f3gir, sum fel\u00f8gini kunnu n\u00fdta&#8230; \u00a7 1 Navn og [&hellip;]\" \/>\n<meta property=\"og:url\" content=\"https:\/\/isf.fo\/en\/logir\/standardlogir-fyri-nyggj-itrottafel\u00f8g\/\" \/>\n<meta property=\"og:site_name\" content=\"\u00cdtr\u00f3ttasamband F\u00f8roya\" \/>\n<meta property=\"article:publisher\" content=\"https:\/\/www.facebook.com\/itrottasambandid\" \/>\n<meta property=\"article:modified_time\" content=\"2024-09-23T13:46:27+00:00\" \/>\n<meta name=\"twitter:card\" content=\"summary_large_image\" \/>\n<meta name=\"twitter:label1\" content=\"Est. reading time\" \/>\n\t<meta name=\"twitter:data1\" content=\"4 minutes\" \/>\n<script type=\"application\/ld+json\" class=\"yoast-schema-graph\">{\"@context\":\"https:\\\/\\\/schema.org\",\"@graph\":[{\"@type\":\"WebPage\",\"@id\":\"https:\\\/\\\/isf.fo\\\/logir\\\/standardlogir-fyri-nyggj-itrottafel%c3%b8g\\\/\",\"url\":\"https:\\\/\\\/isf.fo\\\/logir\\\/standardlogir-fyri-nyggj-itrottafel%c3%b8g\\\/\",\"name\":\"Standardl\u00f3gir fyri n\u00fdggj \u00edtr\u00f3ttafel\u00f8g - \u00cdtr\u00f3ttasamband F\u00f8roya\",\"isPartOf\":{\"@id\":\"https:\\\/\\\/isf.fo\\\/#website\"},\"datePublished\":\"2008-08-05T20:19:54+00:00\",\"dateModified\":\"2024-09-23T13:46:27+00:00\",\"breadcrumb\":{\"@id\":\"https:\\\/\\\/isf.fo\\\/logir\\\/standardlogir-fyri-nyggj-itrottafel%c3%b8g\\\/#breadcrumb\"},\"inLanguage\":\"en-US\",\"potentialAction\":[{\"@type\":\"ReadAction\",\"target\":[\"https:\\\/\\\/isf.fo\\\/logir\\\/standardlogir-fyri-nyggj-itrottafel%c3%b8g\\\/\"]}]},{\"@type\":\"BreadcrumbList\",\"@id\":\"https:\\\/\\\/isf.fo\\\/logir\\\/standardlogir-fyri-nyggj-itrottafel%c3%b8g\\\/#breadcrumb\",\"itemListElement\":[{\"@type\":\"ListItem\",\"position\":1,\"name\":\"Home\",\"item\":\"https:\\\/\\\/isf.fo\\\/\"},{\"@type\":\"ListItem\",\"position\":2,\"name\":\"L\u00f3gir\",\"item\":\"https:\\\/\\\/isf.fo\\\/logir\\\/\"},{\"@type\":\"ListItem\",\"position\":3,\"name\":\"Standardl\u00f3gir fyri n\u00fdggj \u00edtr\u00f3ttafel\u00f8g\"}]},{\"@type\":\"WebSite\",\"@id\":\"https:\\\/\\\/isf.fo\\\/#website\",\"url\":\"https:\\\/\\\/isf.fo\\\/\",\"name\":\"\u00cdtr\u00f3ttasamband F\u00f8roya\",\"description\":\"\",\"publisher\":{\"@id\":\"https:\\\/\\\/isf.fo\\\/#organization\"},\"potentialAction\":[{\"@type\":\"SearchAction\",\"target\":{\"@type\":\"EntryPoint\",\"urlTemplate\":\"https:\\\/\\\/isf.fo\\\/?s={search_term_string}\"},\"query-input\":{\"@type\":\"PropertyValueSpecification\",\"valueRequired\":true,\"valueName\":\"search_term_string\"}}],\"inLanguage\":\"en-US\"},{\"@type\":\"Organization\",\"@id\":\"https:\\\/\\\/isf.fo\\\/#organization\",\"name\":\"\u00cdtr\u00f3ttasamband F\u00f8roya\",\"url\":\"https:\\\/\\\/isf.fo\\\/\",\"logo\":{\"@type\":\"ImageObject\",\"inLanguage\":\"en-US\",\"@id\":\"https:\\\/\\\/isf.fo\\\/#\\\/schema\\\/logo\\\/image\\\/\",\"url\":\"https:\\\/\\\/isf.fo\\\/wp-content\\\/uploads\\\/2025\\\/06\\\/ISF_Olympic-Committee-logo.png\",\"contentUrl\":\"https:\\\/\\\/isf.fo\\\/wp-content\\\/uploads\\\/2025\\\/06\\\/ISF_Olympic-Committee-logo.png\",\"width\":618,\"height\":121,\"caption\":\"\u00cdtr\u00f3ttasamband F\u00f8roya\"},\"image\":{\"@id\":\"https:\\\/\\\/isf.fo\\\/#\\\/schema\\\/logo\\\/image\\\/\"},\"sameAs\":[\"https:\\\/\\\/www.facebook.com\\\/itrottasambandid\"]}]}<\/script>\n<!-- \/ Yoast SEO plugin. -->","yoast_head_json":{"title":"Standardl\u00f3gir fyri n\u00fdggj \u00edtr\u00f3ttafel\u00f8g - \u00cdtr\u00f3ttasamband F\u00f8roya","robots":{"index":"index","follow":"follow","max-snippet":"max-snippet:-1","max-image-preview":"max-image-preview:large","max-video-preview":"max-video-preview:-1"},"canonical":"https:\/\/isf.fo\/en\/logir\/standardlogir-fyri-nyggj-itrottafel\u00f8g\/","og_locale":"en_US","og_type":"article","og_title":"Standardl\u00f3gir fyri n\u00fdggj \u00edtr\u00f3ttafel\u00f8g - \u00cdtr\u00f3ttasamband F\u00f8roya","og_description":"Standard l\u00f3gir fyri n\u00fdggj fel\u00f8g Stj\u00f3rn \u00cdSF&#8217;s hevur samtykt n\u00fdggjar standard l\u00f3gir, sum fel\u00f8gini kunnu n\u00fdta&#8230; \u00a7 1 Navn og [&hellip;]","og_url":"https:\/\/isf.fo\/en\/logir\/standardlogir-fyri-nyggj-itrottafel\u00f8g\/","og_site_name":"\u00cdtr\u00f3ttasamband F\u00f8roya","article_publisher":"https:\/\/www.facebook.com\/itrottasambandid","article_modified_time":"2024-09-23T13:46:27+00:00","twitter_card":"summary_large_image","twitter_misc":{"Est. reading time":"4 minutes"},"schema":{"@context":"https:\/\/schema.org","@graph":[{"@type":"WebPage","@id":"https:\/\/isf.fo\/logir\/standardlogir-fyri-nyggj-itrottafel%c3%b8g\/","url":"https:\/\/isf.fo\/logir\/standardlogir-fyri-nyggj-itrottafel%c3%b8g\/","name":"Standardl\u00f3gir fyri n\u00fdggj \u00edtr\u00f3ttafel\u00f8g - \u00cdtr\u00f3ttasamband F\u00f8roya","isPartOf":{"@id":"https:\/\/isf.fo\/#website"},"datePublished":"2008-08-05T20:19:54+00:00","dateModified":"2024-09-23T13:46:27+00:00","breadcrumb":{"@id":"https:\/\/isf.fo\/logir\/standardlogir-fyri-nyggj-itrottafel%c3%b8g\/#breadcrumb"},"inLanguage":"en-US","potentialAction":[{"@type":"ReadAction","target":["https:\/\/isf.fo\/logir\/standardlogir-fyri-nyggj-itrottafel%c3%b8g\/"]}]},{"@type":"BreadcrumbList","@id":"https:\/\/isf.fo\/logir\/standardlogir-fyri-nyggj-itrottafel%c3%b8g\/#breadcrumb","itemListElement":[{"@type":"ListItem","position":1,"name":"Home","item":"https:\/\/isf.fo\/"},{"@type":"ListItem","position":2,"name":"L\u00f3gir","item":"https:\/\/isf.fo\/logir\/"},{"@type":"ListItem","position":3,"name":"Standardl\u00f3gir fyri n\u00fdggj \u00edtr\u00f3ttafel\u00f8g"}]},{"@type":"WebSite","@id":"https:\/\/isf.fo\/#website","url":"https:\/\/isf.fo\/","name":"\u00cdtr\u00f3ttasamband F\u00f8roya","description":"","publisher":{"@id":"https:\/\/isf.fo\/#organization"},"potentialAction":[{"@type":"SearchAction","target":{"@type":"EntryPoint","urlTemplate":"https:\/\/isf.fo\/?s={search_term_string}"},"query-input":{"@type":"PropertyValueSpecification","valueRequired":true,"valueName":"search_term_string"}}],"inLanguage":"en-US"},{"@type":"Organization","@id":"https:\/\/isf.fo\/#organization","name":"\u00cdtr\u00f3ttasamband F\u00f8roya","url":"https:\/\/isf.fo\/","logo":{"@type":"ImageObject","inLanguage":"en-US","@id":"https:\/\/isf.fo\/#\/schema\/logo\/image\/","url":"https:\/\/isf.fo\/wp-content\/uploads\/2025\/06\/ISF_Olympic-Committee-logo.png","contentUrl":"https:\/\/isf.fo\/wp-content\/uploads\/2025\/06\/ISF_Olympic-Committee-logo.png","width":618,"height":121,"caption":"\u00cdtr\u00f3ttasamband F\u00f8roya"},"image":{"@id":"https:\/\/isf.fo\/#\/schema\/logo\/image\/"},"sameAs":["https:\/\/www.facebook.com\/itrottasambandid"]}]}},"_links":{"self":[{"href":"https:\/\/isf.fo\/en\/wp-json\/wp\/v2\/pages\/497","targetHints":{"allow":["GET"]}}],"collection":[{"href":"https:\/\/isf.fo\/en\/wp-json\/wp\/v2\/pages"}],"about":[{"href":"https:\/\/isf.fo\/en\/wp-json\/wp\/v2\/types\/page"}],"author":[{"embeddable":true,"href":"https:\/\/isf.fo\/en\/wp-json\/wp\/v2\/users\/6"}],"replies":[{"embeddable":true,"href":"https:\/\/isf.fo\/en\/wp-json\/wp\/v2\/comments?post=497"}],"version-history":[{"count":4,"href":"https:\/\/isf.fo\/en\/wp-json\/wp\/v2\/pages\/497\/revisions"}],"predecessor-version":[{"id":11880,"href":"https:\/\/isf.fo\/en\/wp-json\/wp\/v2\/pages\/497\/revisions\/11880"}],"up":[{"embeddable":true,"href":"https:\/\/isf.fo\/en\/wp-json\/wp\/v2\/pages\/405"}],"wp:attachment":[{"href":"https:\/\/isf.fo\/en\/wp-json\/wp\/v2\/media?parent=497"}],"curies":[{"name":"wp","href":"https:\/\/api.w.org\/{rel}","templated":true}]}}