{"id":498,"date":"2008-08-05T21:20:33","date_gmt":"2008-08-05T20:20:33","guid":{"rendered":"https:\/\/isf.fo\/?page_id=498"},"modified":"2017-04-20T13:04:35","modified_gmt":"2017-04-20T13:04:35","slug":"reglur-fyri-itrottagrunn-f%c3%b8roya","status":"publish","type":"page","link":"https:\/\/isf.fo\/en\/logir\/reglur-fyri-itrottagrunn-f%c3%b8roya\/","title":{"rendered":"Reglur fyri \u00cdtr\u00f3ttagrunn F\u00f8roya"},"content":{"rendered":"<h2>Regluger\u00f0 fyri \u00cdtr\u00f3ttagrunn F\u00f8roya<\/h2>\n<p>&nbsp;<\/p>\n<p><strong>Grein 1. Navn og heimsta\u00f0ur<\/strong><br \/>\nFyrireikingarnevndin fyri Oyggjaleikir \u00ed F\u00f8royum 1989 og \u00cdtr\u00f3ttasamband F\u00f8roya hava avgj\u00f8rt at seta \u00e1 stovn ein grunn vi\u00f0 navninum \u201c\u00cdtr\u00f3ttagrunnur F\u00f8roya\u201d. Heimsta\u00f0ur grunnsins er T\u00f3rshavn.<\/p>\n<p><strong>Grein 2. Endam\u00e1l<\/strong><br \/>\nEndam\u00e1li\u00f0 vi\u00f0 hesum grunni er at stu\u00f0la f\u00f8royska \u00edtr\u00f3ttaf\u00f3lkinum \u00ed sambandi vi\u00f0 oyggjaleikir, olympiskar og paraolympiskar leikir ella l\u00edknandi kappingar, har f\u00f8royskir luttakarar eru vi\u00f0 \u00ed fleiri \u00edtr\u00f3ttagreinum. Stu\u00f0ulin ver\u00f0ur at n\u00fdta til \u00fatrei\u00f0slur til fer\u00f0ing, uppihald, venjarahj\u00e1lp og a\u00f0rar eftir nevndarinnar meting ney\u00f0ugar \u00fatrei\u00f0slur \u00ed sambandi vi\u00f0 lutt\u00f8ku.<\/p>\n<p><strong>Grein 3. Stovnsf\u00e6, innt\u00f8kur og n\u00fdtsla<\/strong><br \/>\nOgn grunnsins er vi\u00f0 stovnanina eitt kontant innskot, sum sett ver\u00f0ur \u00e1 b\u00f3k \u00ed peningastovni ella l\u00edka trygg vir\u00f0isbr\u00f8v.<br \/>\nInnskoti\u00f0 er 2\/3 av avlopinum \u00ed sambandi vi\u00f0 Oyggjaleikirnar 1989.<\/p>\n<p><strong>Grein 4.<\/strong><br \/>\n\u00c1rliga avlopi\u00f0 hj\u00e1 grunninum ver\u00f0ur, t\u00e1 nevndin metir hetta r\u00edmiligt, at n\u00fdta \u00ed samb\u00e6rt \u00e1setingunum \u00ed grein 2.<br \/>\nHesin stu\u00f0ul skal t\u00f3 ongant\u00ed\u00f0 vera st\u00f8rri enn 90% av \u00e1rliga nettoavlopinum. Nettoavkasti\u00f0 er avmarka\u00f0 til \u00e1rligu rentutilskriving \u2013 f\u00edggjarognaravgjald og rentuskatt.<br \/>\nF\u00e6r grunnurin innskot fr\u00e1 tri\u00f0jamanni, ver\u00f0ur hetta at leggja aftur at stovnsf\u00e6num.<\/p>\n<p><strong>Grein 5.<\/strong><br \/>\nOgn grunnsins skal alt\u00ed\u00f0 var\u00f0veitast og m\u00e1 ikki ver\u00f0a n\u00fdtt \u00f8\u00f0rv\u00edsi enn samb\u00e6rt endam\u00e1li grunnsins samb\u00e6rt grein 4. Tann parturin av avlopinum, sum ikki ver\u00f0ur n\u00fdttur samb\u00e6rt framman fyri standandi reglum, skal leggjast aftur at grunninum.<\/p>\n<p><strong>Grein 6. Fr\u00e1bo\u00f0an<\/strong><br \/>\nEftir nevndarinnar avger\u00f0 kann ver\u00f0a kunngj\u00f8rt \u00ed almennum f\u00f8royskum bl\u00f8\u00f0um, um oog n\u00e6r stu\u00f0ul ver\u00f0ur veittur.<\/p>\n<p><strong>Grein 7. Nevnd<\/strong><br \/>\nGrunnurin hevur eina nevnd vi\u00f0 fimm limum. Hesir ver\u00f0a valdir \u00e1 a\u00f0alfundi \u00cdtr\u00f3ttasambands F\u00f8roya. Tr\u00edggir ver\u00f0a valdir eftir tilm\u00e6li fr\u00e1 starvsnevnd \u00cdSF og tveir beinlei\u00f0is av a\u00f0alfundinum. Teir ver\u00f0a valdir at sita f\u00fdra \u00e1r, tveir fj\u00f3r\u00f0a hv\u00f8rt \u00e1r og tr\u00edggir fj\u00f3r\u00f0a hv\u00f8rt \u00e1r.<br \/>\nValdir ver\u00f0a eykalimir fyri hv\u00f8nn nevndarlim at sita sama t\u00ed\u00f0arskei\u00f0 sum hesin.<br \/>\n\u00cd fyrstu nevnd grunnsins ver\u00f0a valdir tveir limir og tveir eykalimir eftir tilm\u00e6li fr\u00e1 fyrireikingarnevndini av Oyggjaleikunum \u00ed F\u00f8royum 1989 og tr\u00edggir limir og tr\u00edggir eykalimir eftir tilm\u00e6li fr\u00e1 stj\u00f3rn \u00cdSF. Nevndarlimirnir avgera vi\u00f0 lutakasti, hv\u00f8r teirra stendur fyri vali.<br \/>\nFyrst valda nevndin ver\u00f0ur sitandi til a\u00f0alfund \u00cdSF 1995.<\/p>\n<p><strong>Grein 8.<\/strong><br \/>\nNevndin skipar seg sj\u00e1lv vi\u00f0 formanni, n\u00e6stformanni\/skrivara og kassameistara.<br \/>\nT\u00e1 atkv\u00f8tt ver\u00f0ur, er vanligur meiriluti galdandi. Stendur \u00e1 j\u00f8vnum \u00ed atkv\u00f8\u00f0ugrei\u00f0slu, er atkv\u00f8\u00f0a formannsins avgerandi.<br \/>\nNevndin hevur fund so ofta ein limur ynskir hetta og \u00ed minsta lagi eina fer\u00f0 um \u00e1ri\u00f0.<\/p>\n<p><strong>Grein 9. Umsiting<\/strong><br \/>\nNevndin umsitur grunnin \u00ed felag. Nevndarlimir f\u00e1a onga l\u00f8n fyri st\u00f8rv s\u00edni.<\/p>\n<p><strong>Grein 10. Roknskapur, grannsko\u00f0an og \u00e1rsfr\u00e1grei\u00f0ing<\/strong><br \/>\nNevndin f\u00f8rir\u00a0ger\u00f0ab\u00f3k yvir allar fundir og tann \u00e1rliga roknskapin. Roknskapirnir ver\u00f0a grannsko\u00f0a\u00f0ir av einum av \u00cdSF a\u00f0alfundinum valdum uttanvelta\u00f0um grannsko\u00f0ara.<br \/>\nRoknskapar\u00e1ri\u00f0 er \u00e1lmanakka\u00e1ri\u00f0.<br \/>\nRoknskapir og fr\u00e1grei\u00f0ing um virki grunnsins ver\u00f0a \u00e1 hv\u00f8rjum \u00e1ri l\u00f8gd fyri a\u00f0alfund \u00cdSF, og ver\u00f0a grannsko\u00f0a\u00f0ur roknskapur og fr\u00e1grei\u00f0ing um virki grunnsins send landsst\u00fdrinun.<\/p>\n<p><strong>Grein 11. Tekningarreglur<\/strong><br \/>\nGrunnurin ver\u00f0ur m\u00f3tvegis tri\u00f0jamanni bundin av tveimum nevndarlimum \u00ed felag.<\/p>\n<p><strong>Grein 12. Broyting<\/strong><br \/>\nBroytingar \u00ed reglunum fyri grunnin kunnu bert gerast, t\u00e1 nevndin er samd og vi\u00f0 g\u00f3\u00f0kenning fr\u00e1 starvsnevnd \u00cdSF og landsst\u00fdrinum.<\/p>\n<p><strong>Grein 13. Avt\u00f8ka<\/strong><br \/>\nEr nevndin samd um at avtaka grunnin, og hetta uppskot ver\u00f0ur g\u00f3\u00f0kent av a\u00f0alfundi \u00cdSF, so kann sl\u00edk avger\u00f0 bert setast \u00ed verk vi\u00f0 samtykt fr\u00e1 landsst\u00fdrinum.<br \/>\nVer\u00f0ur grunnurin avtikin, avger landsst\u00fdri\u00f0, hvat f\u00e6i\u00f0 skal b\u00fdtast til.<\/p>\n<p><strong>Grein 14.<\/strong><br \/>\nTa\u00f0 ber til at v\u00edkja fr\u00e1 vi\u00f0t\u00f8kum grunnsins vi\u00f0 samtykt fr\u00e1 landsst\u00fdrinum.<\/p>\n<p><em>G\u00f3\u00f0kent av landsst\u00fdri.num 4. oktober 1995<\/em><\/p>","protected":false},"excerpt":{"rendered":"<p>Regluger\u00f0 fyri \u00cdtr\u00f3ttagrunn F\u00f8roya &nbsp; Grein 1. Navn og heimsta\u00f0ur Fyrireikingarnevndin fyri Oyggjaleikir \u00ed F\u00f8royum 1989 og \u00cdtr\u00f3ttasamband F\u00f8roya hava [&hellip;]<\/p>\n","protected":false},"author":6,"featured_media":0,"parent":405,"menu_order":5,"comment_status":"open","ping_status":"closed","template":"","meta":{"_acf_changed":false,"_relevanssi_hide_post":"","_relevanssi_hide_content":"","_relevanssi_pin_for_all":"","_relevanssi_pin_keywords":"","_relevanssi_unpin_keywords":"","_relevanssi_related_keywords":"","_relevanssi_related_include_ids":"","_relevanssi_related_exclude_ids":"","_relevanssi_related_no_append":"","_relevanssi_related_not_related":"","_relevanssi_related_posts":"","_relevanssi_noindex_reason":"","inline_featured_image":false,"footnotes":""},"class_list":["post-498","page","type-page","status-publish","hentry"],"acf":[],"yoast_head":"<!-- This site is optimized with the Yoast SEO plugin v27.3 - https:\/\/yoast.com\/product\/yoast-seo-wordpress\/ -->\n<title>Reglur fyri \u00cdtr\u00f3ttagrunn F\u00f8roya - \u00cdtr\u00f3ttasamband F\u00f8roya<\/title>\n<meta name=\"robots\" content=\"index, follow, max-snippet:-1, max-image-preview:large, max-video-preview:-1\" \/>\n<link rel=\"canonical\" href=\"https:\/\/isf.fo\/en\/logir\/reglur-fyri-itrottagrunn-f\u00f8roya\/\" \/>\n<meta property=\"og:locale\" content=\"en_US\" \/>\n<meta property=\"og:type\" content=\"article\" \/>\n<meta property=\"og:title\" content=\"Reglur fyri \u00cdtr\u00f3ttagrunn F\u00f8roya - \u00cdtr\u00f3ttasamband F\u00f8roya\" \/>\n<meta property=\"og:description\" content=\"Regluger\u00f0 fyri \u00cdtr\u00f3ttagrunn F\u00f8roya &nbsp; Grein 1. Navn og heimsta\u00f0ur Fyrireikingarnevndin fyri Oyggjaleikir \u00ed F\u00f8royum 1989 og \u00cdtr\u00f3ttasamband F\u00f8roya hava [&hellip;]\" \/>\n<meta property=\"og:url\" content=\"https:\/\/isf.fo\/en\/logir\/reglur-fyri-itrottagrunn-f\u00f8roya\/\" \/>\n<meta property=\"og:site_name\" content=\"\u00cdtr\u00f3ttasamband F\u00f8roya\" \/>\n<meta property=\"article:publisher\" content=\"https:\/\/www.facebook.com\/itrottasambandid\" \/>\n<meta property=\"article:modified_time\" content=\"2017-04-20T13:04:35+00:00\" \/>\n<meta name=\"twitter:card\" content=\"summary_large_image\" \/>\n<meta name=\"twitter:label1\" content=\"Est. reading time\" \/>\n\t<meta name=\"twitter:data1\" content=\"3 minutes\" \/>\n<script type=\"application\/ld+json\" class=\"yoast-schema-graph\">{\"@context\":\"https:\\\/\\\/schema.org\",\"@graph\":[{\"@type\":\"WebPage\",\"@id\":\"https:\\\/\\\/isf.fo\\\/logir\\\/reglur-fyri-itrottagrunn-f%c3%b8roya\\\/\",\"url\":\"https:\\\/\\\/isf.fo\\\/logir\\\/reglur-fyri-itrottagrunn-f%c3%b8roya\\\/\",\"name\":\"Reglur fyri \u00cdtr\u00f3ttagrunn F\u00f8roya - \u00cdtr\u00f3ttasamband F\u00f8roya\",\"isPartOf\":{\"@id\":\"https:\\\/\\\/isf.fo\\\/#website\"},\"datePublished\":\"2008-08-05T20:20:33+00:00\",\"dateModified\":\"2017-04-20T13:04:35+00:00\",\"breadcrumb\":{\"@id\":\"https:\\\/\\\/isf.fo\\\/logir\\\/reglur-fyri-itrottagrunn-f%c3%b8roya\\\/#breadcrumb\"},\"inLanguage\":\"en-US\",\"potentialAction\":[{\"@type\":\"ReadAction\",\"target\":[\"https:\\\/\\\/isf.fo\\\/logir\\\/reglur-fyri-itrottagrunn-f%c3%b8roya\\\/\"]}]},{\"@type\":\"BreadcrumbList\",\"@id\":\"https:\\\/\\\/isf.fo\\\/logir\\\/reglur-fyri-itrottagrunn-f%c3%b8roya\\\/#breadcrumb\",\"itemListElement\":[{\"@type\":\"ListItem\",\"position\":1,\"name\":\"Home\",\"item\":\"https:\\\/\\\/isf.fo\\\/\"},{\"@type\":\"ListItem\",\"position\":2,\"name\":\"L\u00f3gir\",\"item\":\"https:\\\/\\\/isf.fo\\\/logir\\\/\"},{\"@type\":\"ListItem\",\"position\":3,\"name\":\"Reglur fyri \u00cdtr\u00f3ttagrunn F\u00f8roya\"}]},{\"@type\":\"WebSite\",\"@id\":\"https:\\\/\\\/isf.fo\\\/#website\",\"url\":\"https:\\\/\\\/isf.fo\\\/\",\"name\":\"\u00cdtr\u00f3ttasamband F\u00f8roya\",\"description\":\"\",\"publisher\":{\"@id\":\"https:\\\/\\\/isf.fo\\\/#organization\"},\"potentialAction\":[{\"@type\":\"SearchAction\",\"target\":{\"@type\":\"EntryPoint\",\"urlTemplate\":\"https:\\\/\\\/isf.fo\\\/?s={search_term_string}\"},\"query-input\":{\"@type\":\"PropertyValueSpecification\",\"valueRequired\":true,\"valueName\":\"search_term_string\"}}],\"inLanguage\":\"en-US\"},{\"@type\":\"Organization\",\"@id\":\"https:\\\/\\\/isf.fo\\\/#organization\",\"name\":\"\u00cdtr\u00f3ttasamband F\u00f8roya\",\"url\":\"https:\\\/\\\/isf.fo\\\/\",\"logo\":{\"@type\":\"ImageObject\",\"inLanguage\":\"en-US\",\"@id\":\"https:\\\/\\\/isf.fo\\\/#\\\/schema\\\/logo\\\/image\\\/\",\"url\":\"https:\\\/\\\/isf.fo\\\/wp-content\\\/uploads\\\/2025\\\/06\\\/ISF_Olympic-Committee-logo.png\",\"contentUrl\":\"https:\\\/\\\/isf.fo\\\/wp-content\\\/uploads\\\/2025\\\/06\\\/ISF_Olympic-Committee-logo.png\",\"width\":618,\"height\":121,\"caption\":\"\u00cdtr\u00f3ttasamband F\u00f8roya\"},\"image\":{\"@id\":\"https:\\\/\\\/isf.fo\\\/#\\\/schema\\\/logo\\\/image\\\/\"},\"sameAs\":[\"https:\\\/\\\/www.facebook.com\\\/itrottasambandid\"]}]}<\/script>\n<!-- \/ Yoast SEO plugin. -->","yoast_head_json":{"title":"Reglur fyri \u00cdtr\u00f3ttagrunn F\u00f8roya - \u00cdtr\u00f3ttasamband F\u00f8roya","robots":{"index":"index","follow":"follow","max-snippet":"max-snippet:-1","max-image-preview":"max-image-preview:large","max-video-preview":"max-video-preview:-1"},"canonical":"https:\/\/isf.fo\/en\/logir\/reglur-fyri-itrottagrunn-f\u00f8roya\/","og_locale":"en_US","og_type":"article","og_title":"Reglur fyri \u00cdtr\u00f3ttagrunn F\u00f8roya - \u00cdtr\u00f3ttasamband F\u00f8roya","og_description":"Regluger\u00f0 fyri \u00cdtr\u00f3ttagrunn F\u00f8roya &nbsp; Grein 1. Navn og heimsta\u00f0ur Fyrireikingarnevndin fyri Oyggjaleikir \u00ed F\u00f8royum 1989 og \u00cdtr\u00f3ttasamband F\u00f8roya hava [&hellip;]","og_url":"https:\/\/isf.fo\/en\/logir\/reglur-fyri-itrottagrunn-f\u00f8roya\/","og_site_name":"\u00cdtr\u00f3ttasamband F\u00f8roya","article_publisher":"https:\/\/www.facebook.com\/itrottasambandid","article_modified_time":"2017-04-20T13:04:35+00:00","twitter_card":"summary_large_image","twitter_misc":{"Est. reading time":"3 minutes"},"schema":{"@context":"https:\/\/schema.org","@graph":[{"@type":"WebPage","@id":"https:\/\/isf.fo\/logir\/reglur-fyri-itrottagrunn-f%c3%b8roya\/","url":"https:\/\/isf.fo\/logir\/reglur-fyri-itrottagrunn-f%c3%b8roya\/","name":"Reglur fyri \u00cdtr\u00f3ttagrunn F\u00f8roya - \u00cdtr\u00f3ttasamband F\u00f8roya","isPartOf":{"@id":"https:\/\/isf.fo\/#website"},"datePublished":"2008-08-05T20:20:33+00:00","dateModified":"2017-04-20T13:04:35+00:00","breadcrumb":{"@id":"https:\/\/isf.fo\/logir\/reglur-fyri-itrottagrunn-f%c3%b8roya\/#breadcrumb"},"inLanguage":"en-US","potentialAction":[{"@type":"ReadAction","target":["https:\/\/isf.fo\/logir\/reglur-fyri-itrottagrunn-f%c3%b8roya\/"]}]},{"@type":"BreadcrumbList","@id":"https:\/\/isf.fo\/logir\/reglur-fyri-itrottagrunn-f%c3%b8roya\/#breadcrumb","itemListElement":[{"@type":"ListItem","position":1,"name":"Home","item":"https:\/\/isf.fo\/"},{"@type":"ListItem","position":2,"name":"L\u00f3gir","item":"https:\/\/isf.fo\/logir\/"},{"@type":"ListItem","position":3,"name":"Reglur fyri \u00cdtr\u00f3ttagrunn F\u00f8roya"}]},{"@type":"WebSite","@id":"https:\/\/isf.fo\/#website","url":"https:\/\/isf.fo\/","name":"\u00cdtr\u00f3ttasamband F\u00f8roya","description":"","publisher":{"@id":"https:\/\/isf.fo\/#organization"},"potentialAction":[{"@type":"SearchAction","target":{"@type":"EntryPoint","urlTemplate":"https:\/\/isf.fo\/?s={search_term_string}"},"query-input":{"@type":"PropertyValueSpecification","valueRequired":true,"valueName":"search_term_string"}}],"inLanguage":"en-US"},{"@type":"Organization","@id":"https:\/\/isf.fo\/#organization","name":"\u00cdtr\u00f3ttasamband F\u00f8roya","url":"https:\/\/isf.fo\/","logo":{"@type":"ImageObject","inLanguage":"en-US","@id":"https:\/\/isf.fo\/#\/schema\/logo\/image\/","url":"https:\/\/isf.fo\/wp-content\/uploads\/2025\/06\/ISF_Olympic-Committee-logo.png","contentUrl":"https:\/\/isf.fo\/wp-content\/uploads\/2025\/06\/ISF_Olympic-Committee-logo.png","width":618,"height":121,"caption":"\u00cdtr\u00f3ttasamband F\u00f8roya"},"image":{"@id":"https:\/\/isf.fo\/#\/schema\/logo\/image\/"},"sameAs":["https:\/\/www.facebook.com\/itrottasambandid"]}]}},"_links":{"self":[{"href":"https:\/\/isf.fo\/en\/wp-json\/wp\/v2\/pages\/498","targetHints":{"allow":["GET"]}}],"collection":[{"href":"https:\/\/isf.fo\/en\/wp-json\/wp\/v2\/pages"}],"about":[{"href":"https:\/\/isf.fo\/en\/wp-json\/wp\/v2\/types\/page"}],"author":[{"embeddable":true,"href":"https:\/\/isf.fo\/en\/wp-json\/wp\/v2\/users\/6"}],"replies":[{"embeddable":true,"href":"https:\/\/isf.fo\/en\/wp-json\/wp\/v2\/comments?post=498"}],"version-history":[{"count":3,"href":"https:\/\/isf.fo\/en\/wp-json\/wp\/v2\/pages\/498\/revisions"}],"predecessor-version":[{"id":5558,"href":"https:\/\/isf.fo\/en\/wp-json\/wp\/v2\/pages\/498\/revisions\/5558"}],"up":[{"embeddable":true,"href":"https:\/\/isf.fo\/en\/wp-json\/wp\/v2\/pages\/405"}],"wp:attachment":[{"href":"https:\/\/isf.fo\/en\/wp-json\/wp\/v2\/media?parent=498"}],"curies":[{"name":"wp","href":"https:\/\/api.w.org\/{rel}","templated":true}]}}