{"id":5058,"date":"2017-02-22T11:03:20","date_gmt":"2017-02-22T11:03:20","guid":{"rendered":"http:\/\/new.isf.fo\/?page_id=5058"},"modified":"2025-05-13T11:25:13","modified_gmt":"2025-05-13T11:25:13","slug":"itrottaravtalan","status":"publish","type":"page","link":"https:\/\/isf.fo\/en\/tilfar\/itrottaravtalan\/","title":{"rendered":"Sports agreement"},"content":{"rendered":"<p class=\"p1\"><span class=\"s1\">Udl\u00e6ndingestyrelsen i\u00f0 avgrei\u00f0ir \u00f8ll hesi m\u00e1l, hevur n\u00fa gj\u00f8rt eina gj\u00f8lliga veglei\u00f0ing til \u00edtr\u00f3ttarfel\u00f8g og ums\u00f8kjarar.<\/span><\/p>\n<p class=\"p1\"><span class=\"s1\">Udl\u00e6ndingestyrelsen\u00a0hevur sett s\u00e6r fyri, at hesi m\u00e1l kunnu ver\u00f0a avgreidd upp\u00e1 uml. 1 m\u00e1na\u00f0a, treyta\u00f0 av, at ums\u00f3knin, setanaravtalen \u00edrokna\u00f0, er fult uppl\u00fdst og eingir m\u00f3tsigandi uppl\u00fdsingar eru \u00ed innsendu skj\u00f8linum.<\/span><\/p>\n<p class=\"p1\"><span class=\"s1\">Gev g\u00e6tur, at hetta sn\u00fdr seg um sonevndu \u00edtr\u00f3ttaravtaluna. Ums\u00f3knir um fullt\u00ed\u00f0arsett \u00edtr\u00f3ttarf\u00f3lk koma undir vanligu reglurnar.<\/span><\/p>\n<p class=\"p1\"><span class=\"s1\">Veglei\u00f0ingin s\u00e6st\u00a0<a href=\"https:\/\/www.nyidanmark.dk\/da\/Du-vil-ans\u00f8ge\/F\u00e6r\u00f8erne-og-Gr\u00f8nland\/Arbejde-p\u00e5-F\u00e6r\u00f8erne\/Arbejde-p\u00e5-F\u00e6r\u00f8erne---ej-EU\" target=\"_blank\" rel=\"noopener noreferrer\"><strong>HER<\/strong><\/a><\/span><\/p>\n<p><span lang=\"NO-BOK\"><span style=\"color: #000000;\">Dagf\u00f8rdu satsirnir eru galdandi fyri allar setanars\u00e1ttm\u00e1lar, i\u00f0 eru undirskriva\u00f0ir eftir at henda kunning er fr\u00e1bo\u00f0a\u00f0 \u00e1 heimas\u00ed\u00f0uni hj\u00e1 \u00datlendingastovuni.<\/span><\/span><\/p>\n<p><span lang=\"NO-BOK\"><span style=\"color: #000000;\">Fyri longu givin \u00edtr\u00f3ttarloyvir, eru t\u00e6r upph\u00e6ddir framvegis galdandi, sum givna loyvi\u00f0 var grunda\u00f0 \u00e1.<\/span><\/span><\/p>\n<p><strong><span lang=\"EN-US\"><span style=\"color: #000000;\">Fr\u00e1 1. mai 2025 eru fylgjandi upph\u00e6ddir galdandi:<\/span><\/span><\/strong><\/p>\n<p><span lang=\"NO-BOK\"><span style=\"color: #000000;\">Minstakravi\u00f0 til innt\u00f8kuna fr\u00e1 \u00edtr\u00f3ttarfelagnum er: <strong><u><span style=\"margin: 0px;\">l\u00f8n pr. m\u00f0r. kr. 14.582,39<\/span><\/u><\/strong>\u00a0<\/span><\/span><\/p>\n<p><span lang=\"NO-BOK\"><span style=\"color: #000000;\">Mest loyvda innt\u00f8ka fyri hj\u00e1vinnustarvi\u00f0 er \u00edalt: <strong><u><span style=\"margin: 0px;\">l\u00f8n pr. m\u00f0r. kr. 13.460,67<\/span><\/u><\/strong><\/span><\/span><\/p>\n<p><strong><span lang=\"EN-US\"><span style=\"color: #000000;\">Fr\u00e1 1. mai 2024 eru fylgjandi upph\u00e6ddir galdandi:<\/span><\/span><\/strong><\/p>\n<p><span lang=\"NO-BOK\"><span style=\"color: #000000;\">Minstakravi\u00f0 til innt\u00f8kuna fr\u00e1 \u00edtr\u00f3ttarfelagnum er: <strong><u><span style=\"margin: 0px;\">l\u00f8n pr. m\u00f0r. kr. 13.830,69<\/span><\/u><\/strong>\u00a0<\/span><\/span><\/p>\n<p><span lang=\"NO-BOK\"><span style=\"color: #000000;\">Mest loyvda innt\u00f8ka fyri hj\u00e1vinnustarvi\u00f0 er \u00edalt: <strong><u><span style=\"margin: 0px;\">l\u00f8n pr. m\u00f0r. kr. 12.766,80<\/span><\/u><\/strong><\/span><\/span><\/p>\n<p><strong><span lang=\"EN-US\"><span style=\"color: #000000;\">Fr\u00e1 1. mai 2023 eru fylgjandi upph\u00e6ddir galdandi:<\/span><\/span><\/strong><\/p>\n<p><span lang=\"NO-BOK\"><span style=\"color: #000000;\">Minstakravi\u00f0 til innt\u00f8kuna fr\u00e1 \u00edtr\u00f3ttarfelagnum er: <strong><u><span style=\"margin: 0px;\">l\u00f8n pr. m\u00f0r. kr. 13.068,18<\/span><\/u><\/strong>\u00a0<\/span><\/span><\/p>\n<p><span lang=\"NO-BOK\"><span style=\"color: #000000;\">Mest loyvda innt\u00f8ka fyri hj\u00e1vinnustarvi\u00f0 er \u00edalt: <strong><u><span style=\"margin: 0px;\">l\u00f8n pr. m\u00f0r. kr. 12.062,94<\/span><\/u><\/strong><\/span><\/span><\/p>\n<p><strong><span lang=\"EN-US\"><span style=\"color: #000000;\">Fr\u00e1 1. mai 2022 eru fylgjandi upph\u00e6ddir galdandi:<\/span><\/span><\/strong><\/p>\n<p><span lang=\"NO-BOK\"><span style=\"color: #000000;\">Minstakravi\u00f0 til innt\u00f8kuna fr\u00e1 \u00edtr\u00f3ttarfelagnum er: <strong><u><span style=\"margin: 0px;\">l\u00f8n pr. m\u00f0r. kr. 12.645,46<\/span><\/u><\/strong>\u00a0<\/span><\/span><\/p>\n<p><span lang=\"NO-BOK\"><span style=\"color: #000000;\">Mest loyvda innt\u00f8ka fyri hj\u00e1vinnustarvi\u00f0 er \u00edalt: <strong><u><span style=\"margin: 0px;\">l\u00f8n pr. m\u00f0r. kr. 11.672,74<\/span><\/u><\/strong><\/span><\/span><\/p>\n<p><strong><span lang=\"EN-US\"><span style=\"color: #000000;\">Fr\u00e1 1. mai 2021 eru fylgjandi upph\u00e6ddir galdandi:<\/span><\/span><\/strong><\/p>\n<p><span lang=\"NO-BOK\"><span style=\"color: #000000;\">Minstakravi\u00f0 til innt\u00f8kuna fr\u00e1 \u00edtr\u00f3ttarfelagnum er: <strong><u><span style=\"margin: 0px;\">l\u00f8n pr. m\u00f0r. kr. 12.218,24<\/span><\/u><\/strong>\u00a0<\/span><\/span><\/p>\n<p><span lang=\"NO-BOK\"><span style=\"color: #000000;\">Mest loyvda innt\u00f8ka fyri hj\u00e1vinnustarvi\u00f0 er \u00edalt: <strong><u><span style=\"margin: 0px;\">l\u00f8n pr. m\u00f0r. kr. 11.278,37<\/span><\/u><\/strong><\/span><\/span><\/p>\n<p><strong><span lang=\"EN-US\"><span style=\"color: #000000;\">Fr\u00e1 1. august 2020 eru fylgjandi upph\u00e6ddir galdandi:<\/span><\/span><\/strong><\/p>\n<p><span lang=\"NO-BOK\"><span style=\"color: #000000;\">Minstakravi\u00f0 til innt\u00f8kuna fr\u00e1 \u00edtr\u00f3ttarfelagnum er: <strong><u><span style=\"margin: 0px;\">l\u00f8n pr. m\u00f0r. kr. 12.067,72<\/span><\/u><\/strong>\u00a0<\/span><\/span><\/p>\n<p><span lang=\"NO-BOK\"><span style=\"color: #000000;\">Mest loyvda innt\u00f8ka fyri hj\u00e1vinnustarvi\u00f0 er \u00edalt: <strong><u><span style=\"margin: 0px;\">l\u00f8n pr. m\u00f0r. kr. 11.139,43<\/span><\/u><\/strong><\/span><\/span><\/p>","protected":false},"excerpt":{"rendered":"<p>Udl\u00e6ndingestyrelsen i\u00f0 avgrei\u00f0ir \u00f8ll hesi m\u00e1l, hevur n\u00fa gj\u00f8rt eina gj\u00f8lliga veglei\u00f0ing til \u00edtr\u00f3ttarfel\u00f8g og ums\u00f8kjarar. Udl\u00e6ndingestyrelsen\u00a0hevur sett s\u00e6r fyri, [&hellip;]<\/p>\n","protected":false},"author":6,"featured_media":0,"parent":422,"menu_order":0,"comment_status":"closed","ping_status":"closed","template":"","meta":{"_acf_changed":false,"_relevanssi_hide_post":"","_relevanssi_hide_content":"","_relevanssi_pin_for_all":"","_relevanssi_pin_keywords":"","_relevanssi_unpin_keywords":"","_relevanssi_related_keywords":"","_relevanssi_related_include_ids":"","_relevanssi_related_exclude_ids":"","_relevanssi_related_no_append":"","_relevanssi_related_not_related":"","_relevanssi_related_posts":"","_relevanssi_noindex_reason":"","inline_featured_image":false,"footnotes":""},"class_list":["post-5058","page","type-page","status-publish","hentry"],"acf":[],"yoast_head":"<!-- This site is optimized with the Yoast SEO plugin v27.5 - https:\/\/yoast.com\/product\/yoast-seo-wordpress\/ -->\n<title>\u00cdtr\u00f3ttaravtalan - \u00cdtr\u00f3ttasamband F\u00f8roya<\/title>\n<meta name=\"robots\" content=\"index, follow, max-snippet:-1, max-image-preview:large, max-video-preview:-1\" \/>\n<link rel=\"canonical\" href=\"https:\/\/isf.fo\/en\/tilfar\/itrottaravtalan\/\" \/>\n<meta property=\"og:locale\" content=\"en_US\" \/>\n<meta property=\"og:type\" content=\"article\" \/>\n<meta property=\"og:title\" content=\"\u00cdtr\u00f3ttaravtalan - \u00cdtr\u00f3ttasamband F\u00f8roya\" \/>\n<meta property=\"og:description\" content=\"Udl\u00e6ndingestyrelsen i\u00f0 avgrei\u00f0ir \u00f8ll hesi m\u00e1l, hevur n\u00fa gj\u00f8rt eina gj\u00f8lliga veglei\u00f0ing til \u00edtr\u00f3ttarfel\u00f8g og ums\u00f8kjarar. Udl\u00e6ndingestyrelsen\u00a0hevur sett s\u00e6r fyri, [&hellip;]\" \/>\n<meta property=\"og:url\" content=\"https:\/\/isf.fo\/en\/tilfar\/itrottaravtalan\/\" \/>\n<meta property=\"og:site_name\" content=\"\u00cdtr\u00f3ttasamband F\u00f8roya\" \/>\n<meta property=\"article:publisher\" content=\"https:\/\/www.facebook.com\/itrottasambandid\" \/>\n<meta property=\"article:modified_time\" content=\"2025-05-13T11:25:13+00:00\" \/>\n<meta name=\"twitter:card\" content=\"summary_large_image\" \/>\n<meta name=\"twitter:label1\" content=\"Est. reading time\" \/>\n\t<meta name=\"twitter:data1\" content=\"2 minutes\" \/>\n<script type=\"application\/ld+json\" class=\"yoast-schema-graph\">{\"@context\":\"https:\\\/\\\/schema.org\",\"@graph\":[{\"@type\":\"WebPage\",\"@id\":\"https:\\\/\\\/isf.fo\\\/tilfar\\\/itrottaravtalan\\\/\",\"url\":\"https:\\\/\\\/isf.fo\\\/tilfar\\\/itrottaravtalan\\\/\",\"name\":\"\u00cdtr\u00f3ttaravtalan - \u00cdtr\u00f3ttasamband F\u00f8roya\",\"isPartOf\":{\"@id\":\"https:\\\/\\\/isf.fo\\\/#website\"},\"datePublished\":\"2017-02-22T11:03:20+00:00\",\"dateModified\":\"2025-05-13T11:25:13+00:00\",\"breadcrumb\":{\"@id\":\"https:\\\/\\\/isf.fo\\\/tilfar\\\/itrottaravtalan\\\/#breadcrumb\"},\"inLanguage\":\"en-US\",\"potentialAction\":[{\"@type\":\"ReadAction\",\"target\":[\"https:\\\/\\\/isf.fo\\\/tilfar\\\/itrottaravtalan\\\/\"]}]},{\"@type\":\"BreadcrumbList\",\"@id\":\"https:\\\/\\\/isf.fo\\\/tilfar\\\/itrottaravtalan\\\/#breadcrumb\",\"itemListElement\":[{\"@type\":\"ListItem\",\"position\":1,\"name\":\"Home\",\"item\":\"https:\\\/\\\/isf.fo\\\/\"},{\"@type\":\"ListItem\",\"position\":2,\"name\":\"Tilfar\",\"item\":\"https:\\\/\\\/isf.fo\\\/tilfar\\\/\"},{\"@type\":\"ListItem\",\"position\":3,\"name\":\"\u00cdtr\u00f3ttaravtalan\"}]},{\"@type\":\"WebSite\",\"@id\":\"https:\\\/\\\/isf.fo\\\/#website\",\"url\":\"https:\\\/\\\/isf.fo\\\/\",\"name\":\"\u00cdtr\u00f3ttasamband F\u00f8roya\",\"description\":\"\",\"publisher\":{\"@id\":\"https:\\\/\\\/isf.fo\\\/#organization\"},\"potentialAction\":[{\"@type\":\"SearchAction\",\"target\":{\"@type\":\"EntryPoint\",\"urlTemplate\":\"https:\\\/\\\/isf.fo\\\/?s={search_term_string}\"},\"query-input\":{\"@type\":\"PropertyValueSpecification\",\"valueRequired\":true,\"valueName\":\"search_term_string\"}}],\"inLanguage\":\"en-US\"},{\"@type\":\"Organization\",\"@id\":\"https:\\\/\\\/isf.fo\\\/#organization\",\"name\":\"\u00cdtr\u00f3ttasamband F\u00f8roya\",\"url\":\"https:\\\/\\\/isf.fo\\\/\",\"logo\":{\"@type\":\"ImageObject\",\"inLanguage\":\"en-US\",\"@id\":\"https:\\\/\\\/isf.fo\\\/#\\\/schema\\\/logo\\\/image\\\/\",\"url\":\"https:\\\/\\\/isf.fo\\\/wp-content\\\/uploads\\\/2025\\\/06\\\/ISF_Olympic-Committee-logo.png\",\"contentUrl\":\"https:\\\/\\\/isf.fo\\\/wp-content\\\/uploads\\\/2025\\\/06\\\/ISF_Olympic-Committee-logo.png\",\"width\":618,\"height\":121,\"caption\":\"\u00cdtr\u00f3ttasamband F\u00f8roya\"},\"image\":{\"@id\":\"https:\\\/\\\/isf.fo\\\/#\\\/schema\\\/logo\\\/image\\\/\"},\"sameAs\":[\"https:\\\/\\\/www.facebook.com\\\/itrottasambandid\"]}]}<\/script>\n<!-- \/ Yoast SEO plugin. -->","yoast_head_json":{"title":"\u00cdtr\u00f3ttaravtalan - \u00cdtr\u00f3ttasamband F\u00f8roya","robots":{"index":"index","follow":"follow","max-snippet":"max-snippet:-1","max-image-preview":"max-image-preview:large","max-video-preview":"max-video-preview:-1"},"canonical":"https:\/\/isf.fo\/en\/tilfar\/itrottaravtalan\/","og_locale":"en_US","og_type":"article","og_title":"\u00cdtr\u00f3ttaravtalan - \u00cdtr\u00f3ttasamband F\u00f8roya","og_description":"Udl\u00e6ndingestyrelsen i\u00f0 avgrei\u00f0ir \u00f8ll hesi m\u00e1l, hevur n\u00fa gj\u00f8rt eina gj\u00f8lliga veglei\u00f0ing til \u00edtr\u00f3ttarfel\u00f8g og ums\u00f8kjarar. Udl\u00e6ndingestyrelsen\u00a0hevur sett s\u00e6r fyri, [&hellip;]","og_url":"https:\/\/isf.fo\/en\/tilfar\/itrottaravtalan\/","og_site_name":"\u00cdtr\u00f3ttasamband F\u00f8roya","article_publisher":"https:\/\/www.facebook.com\/itrottasambandid","article_modified_time":"2025-05-13T11:25:13+00:00","twitter_card":"summary_large_image","twitter_misc":{"Est. reading time":"2 minutes"},"schema":{"@context":"https:\/\/schema.org","@graph":[{"@type":"WebPage","@id":"https:\/\/isf.fo\/tilfar\/itrottaravtalan\/","url":"https:\/\/isf.fo\/tilfar\/itrottaravtalan\/","name":"\u00cdtr\u00f3ttaravtalan - \u00cdtr\u00f3ttasamband F\u00f8roya","isPartOf":{"@id":"https:\/\/isf.fo\/#website"},"datePublished":"2017-02-22T11:03:20+00:00","dateModified":"2025-05-13T11:25:13+00:00","breadcrumb":{"@id":"https:\/\/isf.fo\/tilfar\/itrottaravtalan\/#breadcrumb"},"inLanguage":"en-US","potentialAction":[{"@type":"ReadAction","target":["https:\/\/isf.fo\/tilfar\/itrottaravtalan\/"]}]},{"@type":"BreadcrumbList","@id":"https:\/\/isf.fo\/tilfar\/itrottaravtalan\/#breadcrumb","itemListElement":[{"@type":"ListItem","position":1,"name":"Home","item":"https:\/\/isf.fo\/"},{"@type":"ListItem","position":2,"name":"Tilfar","item":"https:\/\/isf.fo\/tilfar\/"},{"@type":"ListItem","position":3,"name":"\u00cdtr\u00f3ttaravtalan"}]},{"@type":"WebSite","@id":"https:\/\/isf.fo\/#website","url":"https:\/\/isf.fo\/","name":"\u00cdtr\u00f3ttasamband F\u00f8roya","description":"","publisher":{"@id":"https:\/\/isf.fo\/#organization"},"potentialAction":[{"@type":"SearchAction","target":{"@type":"EntryPoint","urlTemplate":"https:\/\/isf.fo\/?s={search_term_string}"},"query-input":{"@type":"PropertyValueSpecification","valueRequired":true,"valueName":"search_term_string"}}],"inLanguage":"en-US"},{"@type":"Organization","@id":"https:\/\/isf.fo\/#organization","name":"\u00cdtr\u00f3ttasamband F\u00f8roya","url":"https:\/\/isf.fo\/","logo":{"@type":"ImageObject","inLanguage":"en-US","@id":"https:\/\/isf.fo\/#\/schema\/logo\/image\/","url":"https:\/\/isf.fo\/wp-content\/uploads\/2025\/06\/ISF_Olympic-Committee-logo.png","contentUrl":"https:\/\/isf.fo\/wp-content\/uploads\/2025\/06\/ISF_Olympic-Committee-logo.png","width":618,"height":121,"caption":"\u00cdtr\u00f3ttasamband F\u00f8roya"},"image":{"@id":"https:\/\/isf.fo\/#\/schema\/logo\/image\/"},"sameAs":["https:\/\/www.facebook.com\/itrottasambandid"]}]}},"_links":{"self":[{"href":"https:\/\/isf.fo\/en\/wp-json\/wp\/v2\/pages\/5058","targetHints":{"allow":["GET"]}}],"collection":[{"href":"https:\/\/isf.fo\/en\/wp-json\/wp\/v2\/pages"}],"about":[{"href":"https:\/\/isf.fo\/en\/wp-json\/wp\/v2\/types\/page"}],"author":[{"embeddable":true,"href":"https:\/\/isf.fo\/en\/wp-json\/wp\/v2\/users\/6"}],"replies":[{"embeddable":true,"href":"https:\/\/isf.fo\/en\/wp-json\/wp\/v2\/comments?post=5058"}],"version-history":[{"count":12,"href":"https:\/\/isf.fo\/en\/wp-json\/wp\/v2\/pages\/5058\/revisions"}],"predecessor-version":[{"id":12551,"href":"https:\/\/isf.fo\/en\/wp-json\/wp\/v2\/pages\/5058\/revisions\/12551"}],"up":[{"embeddable":true,"href":"https:\/\/isf.fo\/en\/wp-json\/wp\/v2\/pages\/422"}],"wp:attachment":[{"href":"https:\/\/isf.fo\/en\/wp-json\/wp\/v2\/media?parent=5058"}],"curies":[{"name":"wp","href":"https:\/\/api.w.org\/{rel}","templated":true}]}}