{"id":506,"date":"2008-08-11T13:35:00","date_gmt":"2008-08-11T13:35:00","guid":{"rendered":"https:\/\/isf.fo\/?page_id=506"},"modified":"2026-04-15T12:13:14","modified_gmt":"2026-04-15T12:13:14","slug":"felags-vanlukkutryggingin","status":"publish","type":"page","link":"https:\/\/isf.fo\/en\/tilfar\/felags-vanlukkutryggingin\/","title":{"rendered":"Common accident insurance"},"content":{"rendered":"<p><em>Tak ni\u00f0ur:<\/em><\/p>\n<ul>\n<li><a href=\"https:\/\/isf.fo\/wp-content\/uploads\/2025\/06\/2021-03-24_Skadafragreiding_ISF.pdf\">Vanlukkufr\u00e1bo\u00f0an \u00cdSF (myndug)<\/a><\/li>\n<li><a href=\"https:\/\/isf.fo\/wp-content\/uploads\/2025\/06\/2021-03-24_Skadafragreiding-ISF_omyndug.pdf\">Vanlukkufr\u00e1bo\u00f0an \u00cdSF (\u00f3myndug)<\/a><\/li>\n<li><a href=\"https:\/\/isf.fo\/wp-content\/uploads\/2025\/06\/Laeknavattan.pdf\">L\u00e6knav\u00e1ttan<\/a><\/li>\n<li><a href=\"https:\/\/isf.fo\/wp-content\/uploads\/2025\/06\/Tannlaeknavattan.pdf\" target=\"_blank\" rel=\"noopener\">Tannl\u00e6knav\u00e1ttan<\/a><\/li>\n<li><a href=\"https:\/\/isf.fo\/wp-content\/uploads\/2025\/06\/Vanlukkutrygging_treytir_mars_2019.pdf\" target=\"_blank\" rel=\"noopener\">Vanlukkutrygging vanligar treytir (mars 2019)<\/a><\/li>\n<li><a href=\"https:\/\/isf.fo\/wp-content\/uploads\/2025\/06\/2018-02-15-Tryggingarmoguleikar-fyri-itrottarfelog.pdf\" target=\"_blank\" rel=\"noopener\">A\u00f0rir tryggingarm\u00f8guleikar fyri \u00edtr\u00f3ttarfel\u00f8g<\/a><\/li>\n<li><a href=\"https:\/\/isf.fo\/wp-content\/uploads\/2025\/06\/2018-05-17-Betri_framloega_var_2018.pdf\" target=\"_blank\" rel=\"noopener\">Framl\u00f8ga Betri Trygging mai 2018<\/a><\/li>\n<\/ul>\n<p><strong>Felags Vanlukkutryggingin hj\u00e1 \u00cdtr\u00f3ttasambandi F\u00f8roya:<\/strong><\/p>\n<p>\u00cdtr\u00f3ttasamband F\u00f8roya hevur endurn\u00fdggja\u00f0 vanlukkutryggingina 1. apr\u00edl 2018 fyri s\u00ednar \u00ed\u00f0kandi limir.<br \/>\nEin vanlukkutilbur\u00f0ur merkir \u201cein br\u00e1dlig hending, i\u00f0 elvir til likamsska\u00f0a\u201d.<br \/>\n<strong>Endurgjald ver\u00f0ur veitt v\u00edsandi til tryggingartreytirnar.<br \/>\nTryggingarh\u00e6dd fyri hv\u00f8nn einstakan lim:<\/strong><br \/>\n-250.000 kr vi\u00f0 dey\u00f0a. T\u00f3 kr. 25.000 kr. vi\u00f0 dey\u00f0a hj\u00e1 b\u00f8rnum yngri enn 18 \u00e1r<br \/>\n-500.000 kr vi\u00f0 avlamni.<\/p>\n<p>Tryggingaravtalan umfatar IKKI dagpening fyri eitt n\u00fa mista arbei\u00f0sinnt\u00f8ku.<\/p>\n<p><strong>Hv\u00f8r er tryggja\u00f0ur:<\/strong><br \/>\nTryggingin fevnir um allar virknar limir og venjarar innan \u00cdtr\u00f3ttasamband F\u00f8roya, t.e. limir \u00ed (f\u00f8royskum) <strong>\u00edtr\u00f3ttafel\u00f8gum<\/strong> undir \u00cdtr\u00f3ttasambandi F\u00f8roya, sum hava limagjaldsvi\u00f0urskifti s\u00edni \u00ed lagi. H\u00f3ast \u00e1setingarnar \u00ed tryggingartreytunum, er tryggingin v\u00ed\u00f0ka\u00f0 til at fevna um judo og boksing.<\/p>\n<p><strong>Umfatar IKKI:<\/strong><br \/>\nTeir sp\u00e6larar, i\u00f0 eru s\u00e1ttm\u00e1lasettir, og onnur, i\u00f0 eru \u00ed starvi hj\u00e1 felagnum. <em>(og umfatar sostatt heldur ikki teir \u00ed\u00f0karar, sum \u00ed\u00f0ka \u00ed \u00fatlendskum fel\u00f8gum)<\/em><\/p>\n<p><strong>Hvar tekur tryggingin vi\u00f0:<\/strong><br \/>\nTryggingin tekur vi\u00f0 undir \u00edtr\u00f3ttakapping ella venjing, \u00ed F\u00f8royum, sum er fyriskipa\u00f0 av tryggingartakaranum, t.e. \u00cdSF ella tess sersambondum (<em><strong>GG<\/strong>: at hetta enn bert er gladandi fyri \u00ed\u00f0karar, sum eru limir f\u00f8royskum \u00edtr\u00f3ttafel\u00f8gum, s\u00ed uppiyvir &#8220;Hv\u00f8r er tryggja\u00f0ur&#8221;<\/em>). Somulei\u00f0is tekur tryggingin vi\u00f0 undir vanligari fer\u00f0ing ella flutningi beinlei\u00f0is til og fr\u00e1 heimsta\u00f0num hj\u00e1 \u00edtr\u00f3ttafelagnum \u00ed samband vi\u00f0 kapping ella venjing, sum fer fram uttan fyri kommunumark. Tryggingin tekur bert vi\u00f0 \u00ed F\u00f8royum.<\/p>\n<p><strong>Hvar tekur tryggingin ikki vi\u00f0:<\/strong><br \/>\nTryggingin tekur ikki vi\u00f0, t\u00e1 eitt \u00edtr\u00f3ttafelag sj\u00e1lvt skipar fyri eini kapping, tvs. einari kapping sum ikki er fyriskipa\u00f0 \u00ed samstarvi vi\u00f0 avvar\u00f0andi sersamband. \u00cd samband vi\u00f0 landsli\u00f0svenjing og landsli\u00f0skapping er flutningur og fer\u00f0ing ikki umfata\u00f0.<\/p>\n<p><strong>Vi\u00f0ger\u00f0ar- og flutnings\u00fatrei\u00f0slur:<\/strong><br \/>\nTryggingin fevnir um vi\u00f0ger\u00f0ar- og flutnings\u00fatrei\u00f0slur, t\u00f3 ver\u00f0ur \u00fatgoldi\u00f0 \u00ed mesta lagi 5.000 kr.<\/p>\n<p><strong>\u00c1byrgd:<\/strong><br \/>\nTa\u00f0 \u00e1liggur tryggingartakaranum at fyriskipa trygdarreglur \u00ed sambandi vi\u00f0 hv\u00f8rja einstaka \u00edtr\u00f3ttargrein. \u00cdtr\u00f3ttarfel\u00f8gini bera \u00e1byrgdina av, at hesar ver\u00f0a fylgdar.<\/p>\n<p><strong>Fr\u00e1bo\u00f0an og treytir:<\/strong><br \/>\nFr\u00e1bo\u00f0ast skal skj\u00f3tast gj\u00f8rligt. Fr\u00e1bo\u00f0anartreytin er t\u00f3 annars inniverandi \u00e1r + tvey kalendara\u00e1r.<\/p>\n<p>Heinta vanlukkufr\u00e1bo\u00f0anarskjal og s\u00ed meira um tryggingartreytirnar ovast a hesi s\u00ed\u00f0uni.<\/p>\n<p><strong>Tryggingarvi\u00f0urskifti annars:<\/strong><br \/>\n\u00cdtr\u00f3ttasamband F\u00f8roya metir ta\u00f0 vera av sera st\u00f3rum t\u00fddningi, at trygdin er \u00ed lagi og heitir t\u00edskil \u00e1 \u00edtr\u00f3ttafel\u00f8gini um at hava tryggingarvi\u00f0urskiftini \u00ed lagi, t\u00e1 tey sj\u00e1lv skipa fyri kappingum. Vit heita \u00e1 \u00edtr\u00f3ttafel\u00f8gini at hava tryggingarvi\u00f0urskiftini \u00ed lagi fyri allar s\u00ednar limir, hj\u00e1lparf\u00f3lk og starvsf\u00f3lk.<\/p>\n<p>S\u00ed a\u00f0rar tryggingarm\u00f8guleikar fyri \u00edtr\u00f3ttafel\u00f8g \u00ed leinkjuni ovast \u00e1 hesi s\u00ed\u00f0uni.<\/p>","protected":false},"excerpt":{"rendered":"<p>Tak ni\u00f0ur: Vanlukkufr\u00e1bo\u00f0an \u00cdSF (myndug) Vanlukkufr\u00e1bo\u00f0an \u00cdSF (\u00f3myndug) L\u00e6knav\u00e1ttan Tannl\u00e6knav\u00e1ttan Vanlukkutrygging vanligar treytir (mars 2019) A\u00f0rir tryggingarm\u00f8guleikar fyri \u00edtr\u00f3ttarfel\u00f8g Framl\u00f8ga [&hellip;]<\/p>\n","protected":false},"author":6,"featured_media":12628,"parent":422,"menu_order":2,"comment_status":"closed","ping_status":"closed","template":"","meta":{"_acf_changed":false,"_relevanssi_hide_post":"","_relevanssi_hide_content":"","_relevanssi_pin_for_all":"","_relevanssi_pin_keywords":"","_relevanssi_unpin_keywords":"","_relevanssi_related_keywords":"","_relevanssi_related_include_ids":"","_relevanssi_related_exclude_ids":"","_relevanssi_related_no_append":"","_relevanssi_related_not_related":"","_relevanssi_related_posts":"","_relevanssi_noindex_reason":"","inline_featured_image":false,"footnotes":""},"class_list":["post-506","page","type-page","status-publish","has-post-thumbnail","hentry"],"acf":[],"yoast_head":"<!-- This site is optimized with the Yoast SEO plugin v27.5 - https:\/\/yoast.com\/product\/yoast-seo-wordpress\/ -->\n<title>Felags vanlukkutryggingin - \u00cdtr\u00f3ttasamband F\u00f8roya<\/title>\n<meta name=\"robots\" content=\"index, follow, max-snippet:-1, max-image-preview:large, max-video-preview:-1\" \/>\n<link rel=\"canonical\" href=\"https:\/\/isf.fo\/en\/tilfar\/felags-vanlukkutryggingin\/\" \/>\n<meta property=\"og:locale\" content=\"en_US\" \/>\n<meta property=\"og:type\" content=\"article\" \/>\n<meta property=\"og:title\" content=\"Felags vanlukkutryggingin - \u00cdtr\u00f3ttasamband F\u00f8roya\" \/>\n<meta property=\"og:description\" content=\"Tak ni\u00f0ur: Vanlukkufr\u00e1bo\u00f0an \u00cdSF (myndug) Vanlukkufr\u00e1bo\u00f0an \u00cdSF (\u00f3myndug) L\u00e6knav\u00e1ttan Tannl\u00e6knav\u00e1ttan Vanlukkutrygging vanligar treytir (mars 2019) A\u00f0rir tryggingarm\u00f8guleikar fyri \u00edtr\u00f3ttarfel\u00f8g Framl\u00f8ga [&hellip;]\" \/>\n<meta property=\"og:url\" content=\"https:\/\/isf.fo\/en\/tilfar\/felags-vanlukkutryggingin\/\" \/>\n<meta property=\"og:site_name\" content=\"\u00cdtr\u00f3ttasamband F\u00f8roya\" \/>\n<meta property=\"article:publisher\" content=\"https:\/\/www.facebook.com\/itrottasambandid\" \/>\n<meta property=\"article:modified_time\" content=\"2026-04-15T12:13:14+00:00\" \/>\n<meta property=\"og:image\" content=\"https:\/\/isf.fo\/wp-content\/uploads\/2025\/06\/skeid-isf.webp\" \/>\n\t<meta property=\"og:image:width\" content=\"600\" \/>\n\t<meta property=\"og:image:height\" content=\"345\" \/>\n\t<meta property=\"og:image:type\" content=\"image\/webp\" \/>\n<meta name=\"twitter:card\" content=\"summary_large_image\" \/>\n<meta name=\"twitter:label1\" content=\"Est. reading time\" \/>\n\t<meta name=\"twitter:data1\" content=\"3 minutes\" \/>\n<script type=\"application\/ld+json\" class=\"yoast-schema-graph\">{\"@context\":\"https:\\\/\\\/schema.org\",\"@graph\":[{\"@type\":\"WebPage\",\"@id\":\"https:\\\/\\\/isf.fo\\\/tilfar\\\/felags-vanlukkutryggingin\\\/\",\"url\":\"https:\\\/\\\/isf.fo\\\/tilfar\\\/felags-vanlukkutryggingin\\\/\",\"name\":\"Felags vanlukkutryggingin - \u00cdtr\u00f3ttasamband F\u00f8roya\",\"isPartOf\":{\"@id\":\"https:\\\/\\\/isf.fo\\\/#website\"},\"primaryImageOfPage\":{\"@id\":\"https:\\\/\\\/isf.fo\\\/tilfar\\\/felags-vanlukkutryggingin\\\/#primaryimage\"},\"image\":{\"@id\":\"https:\\\/\\\/isf.fo\\\/tilfar\\\/felags-vanlukkutryggingin\\\/#primaryimage\"},\"thumbnailUrl\":\"https:\\\/\\\/isf.fo\\\/wp-content\\\/uploads\\\/2025\\\/06\\\/skeid-isf.webp\",\"datePublished\":\"2008-08-11T13:35:00+00:00\",\"dateModified\":\"2026-04-15T12:13:14+00:00\",\"breadcrumb\":{\"@id\":\"https:\\\/\\\/isf.fo\\\/tilfar\\\/felags-vanlukkutryggingin\\\/#breadcrumb\"},\"inLanguage\":\"en-US\",\"potentialAction\":[{\"@type\":\"ReadAction\",\"target\":[\"https:\\\/\\\/isf.fo\\\/tilfar\\\/felags-vanlukkutryggingin\\\/\"]}]},{\"@type\":\"ImageObject\",\"inLanguage\":\"en-US\",\"@id\":\"https:\\\/\\\/isf.fo\\\/tilfar\\\/felags-vanlukkutryggingin\\\/#primaryimage\",\"url\":\"https:\\\/\\\/isf.fo\\\/wp-content\\\/uploads\\\/2025\\\/06\\\/skeid-isf.webp\",\"contentUrl\":\"https:\\\/\\\/isf.fo\\\/wp-content\\\/uploads\\\/2025\\\/06\\\/skeid-isf.webp\",\"width\":600,\"height\":345},{\"@type\":\"BreadcrumbList\",\"@id\":\"https:\\\/\\\/isf.fo\\\/tilfar\\\/felags-vanlukkutryggingin\\\/#breadcrumb\",\"itemListElement\":[{\"@type\":\"ListItem\",\"position\":1,\"name\":\"Home\",\"item\":\"https:\\\/\\\/isf.fo\\\/\"},{\"@type\":\"ListItem\",\"position\":2,\"name\":\"Tilfar\",\"item\":\"https:\\\/\\\/isf.fo\\\/tilfar\\\/\"},{\"@type\":\"ListItem\",\"position\":3,\"name\":\"Felags vanlukkutryggingin\"}]},{\"@type\":\"WebSite\",\"@id\":\"https:\\\/\\\/isf.fo\\\/#website\",\"url\":\"https:\\\/\\\/isf.fo\\\/\",\"name\":\"\u00cdtr\u00f3ttasamband F\u00f8roya\",\"description\":\"\",\"publisher\":{\"@id\":\"https:\\\/\\\/isf.fo\\\/#organization\"},\"potentialAction\":[{\"@type\":\"SearchAction\",\"target\":{\"@type\":\"EntryPoint\",\"urlTemplate\":\"https:\\\/\\\/isf.fo\\\/?s={search_term_string}\"},\"query-input\":{\"@type\":\"PropertyValueSpecification\",\"valueRequired\":true,\"valueName\":\"search_term_string\"}}],\"inLanguage\":\"en-US\"},{\"@type\":\"Organization\",\"@id\":\"https:\\\/\\\/isf.fo\\\/#organization\",\"name\":\"\u00cdtr\u00f3ttasamband F\u00f8roya\",\"url\":\"https:\\\/\\\/isf.fo\\\/\",\"logo\":{\"@type\":\"ImageObject\",\"inLanguage\":\"en-US\",\"@id\":\"https:\\\/\\\/isf.fo\\\/#\\\/schema\\\/logo\\\/image\\\/\",\"url\":\"https:\\\/\\\/isf.fo\\\/wp-content\\\/uploads\\\/2025\\\/06\\\/ISF_Olympic-Committee-logo.png\",\"contentUrl\":\"https:\\\/\\\/isf.fo\\\/wp-content\\\/uploads\\\/2025\\\/06\\\/ISF_Olympic-Committee-logo.png\",\"width\":618,\"height\":121,\"caption\":\"\u00cdtr\u00f3ttasamband F\u00f8roya\"},\"image\":{\"@id\":\"https:\\\/\\\/isf.fo\\\/#\\\/schema\\\/logo\\\/image\\\/\"},\"sameAs\":[\"https:\\\/\\\/www.facebook.com\\\/itrottasambandid\"]}]}<\/script>\n<!-- \/ Yoast SEO plugin. -->","yoast_head_json":{"title":"Felags vanlukkutryggingin - \u00cdtr\u00f3ttasamband F\u00f8roya","robots":{"index":"index","follow":"follow","max-snippet":"max-snippet:-1","max-image-preview":"max-image-preview:large","max-video-preview":"max-video-preview:-1"},"canonical":"https:\/\/isf.fo\/en\/tilfar\/felags-vanlukkutryggingin\/","og_locale":"en_US","og_type":"article","og_title":"Felags vanlukkutryggingin - \u00cdtr\u00f3ttasamband F\u00f8roya","og_description":"Tak ni\u00f0ur: Vanlukkufr\u00e1bo\u00f0an \u00cdSF (myndug) Vanlukkufr\u00e1bo\u00f0an \u00cdSF (\u00f3myndug) L\u00e6knav\u00e1ttan Tannl\u00e6knav\u00e1ttan Vanlukkutrygging vanligar treytir (mars 2019) A\u00f0rir tryggingarm\u00f8guleikar fyri \u00edtr\u00f3ttarfel\u00f8g Framl\u00f8ga [&hellip;]","og_url":"https:\/\/isf.fo\/en\/tilfar\/felags-vanlukkutryggingin\/","og_site_name":"\u00cdtr\u00f3ttasamband F\u00f8roya","article_publisher":"https:\/\/www.facebook.com\/itrottasambandid","article_modified_time":"2026-04-15T12:13:14+00:00","og_image":[{"width":600,"height":345,"url":"https:\/\/isf.fo\/wp-content\/uploads\/2025\/06\/skeid-isf.webp","type":"image\/webp"}],"twitter_card":"summary_large_image","twitter_misc":{"Est. reading time":"3 minutes"},"schema":{"@context":"https:\/\/schema.org","@graph":[{"@type":"WebPage","@id":"https:\/\/isf.fo\/tilfar\/felags-vanlukkutryggingin\/","url":"https:\/\/isf.fo\/tilfar\/felags-vanlukkutryggingin\/","name":"Felags vanlukkutryggingin - \u00cdtr\u00f3ttasamband F\u00f8roya","isPartOf":{"@id":"https:\/\/isf.fo\/#website"},"primaryImageOfPage":{"@id":"https:\/\/isf.fo\/tilfar\/felags-vanlukkutryggingin\/#primaryimage"},"image":{"@id":"https:\/\/isf.fo\/tilfar\/felags-vanlukkutryggingin\/#primaryimage"},"thumbnailUrl":"https:\/\/isf.fo\/wp-content\/uploads\/2025\/06\/skeid-isf.webp","datePublished":"2008-08-11T13:35:00+00:00","dateModified":"2026-04-15T12:13:14+00:00","breadcrumb":{"@id":"https:\/\/isf.fo\/tilfar\/felags-vanlukkutryggingin\/#breadcrumb"},"inLanguage":"en-US","potentialAction":[{"@type":"ReadAction","target":["https:\/\/isf.fo\/tilfar\/felags-vanlukkutryggingin\/"]}]},{"@type":"ImageObject","inLanguage":"en-US","@id":"https:\/\/isf.fo\/tilfar\/felags-vanlukkutryggingin\/#primaryimage","url":"https:\/\/isf.fo\/wp-content\/uploads\/2025\/06\/skeid-isf.webp","contentUrl":"https:\/\/isf.fo\/wp-content\/uploads\/2025\/06\/skeid-isf.webp","width":600,"height":345},{"@type":"BreadcrumbList","@id":"https:\/\/isf.fo\/tilfar\/felags-vanlukkutryggingin\/#breadcrumb","itemListElement":[{"@type":"ListItem","position":1,"name":"Home","item":"https:\/\/isf.fo\/"},{"@type":"ListItem","position":2,"name":"Tilfar","item":"https:\/\/isf.fo\/tilfar\/"},{"@type":"ListItem","position":3,"name":"Felags vanlukkutryggingin"}]},{"@type":"WebSite","@id":"https:\/\/isf.fo\/#website","url":"https:\/\/isf.fo\/","name":"\u00cdtr\u00f3ttasamband F\u00f8roya","description":"","publisher":{"@id":"https:\/\/isf.fo\/#organization"},"potentialAction":[{"@type":"SearchAction","target":{"@type":"EntryPoint","urlTemplate":"https:\/\/isf.fo\/?s={search_term_string}"},"query-input":{"@type":"PropertyValueSpecification","valueRequired":true,"valueName":"search_term_string"}}],"inLanguage":"en-US"},{"@type":"Organization","@id":"https:\/\/isf.fo\/#organization","name":"\u00cdtr\u00f3ttasamband F\u00f8roya","url":"https:\/\/isf.fo\/","logo":{"@type":"ImageObject","inLanguage":"en-US","@id":"https:\/\/isf.fo\/#\/schema\/logo\/image\/","url":"https:\/\/isf.fo\/wp-content\/uploads\/2025\/06\/ISF_Olympic-Committee-logo.png","contentUrl":"https:\/\/isf.fo\/wp-content\/uploads\/2025\/06\/ISF_Olympic-Committee-logo.png","width":618,"height":121,"caption":"\u00cdtr\u00f3ttasamband F\u00f8roya"},"image":{"@id":"https:\/\/isf.fo\/#\/schema\/logo\/image\/"},"sameAs":["https:\/\/www.facebook.com\/itrottasambandid"]}]}},"_links":{"self":[{"href":"https:\/\/isf.fo\/en\/wp-json\/wp\/v2\/pages\/506","targetHints":{"allow":["GET"]}}],"collection":[{"href":"https:\/\/isf.fo\/en\/wp-json\/wp\/v2\/pages"}],"about":[{"href":"https:\/\/isf.fo\/en\/wp-json\/wp\/v2\/types\/page"}],"author":[{"embeddable":true,"href":"https:\/\/isf.fo\/en\/wp-json\/wp\/v2\/users\/6"}],"replies":[{"embeddable":true,"href":"https:\/\/isf.fo\/en\/wp-json\/wp\/v2\/comments?post=506"}],"version-history":[{"count":21,"href":"https:\/\/isf.fo\/en\/wp-json\/wp\/v2\/pages\/506\/revisions"}],"predecessor-version":[{"id":13595,"href":"https:\/\/isf.fo\/en\/wp-json\/wp\/v2\/pages\/506\/revisions\/13595"}],"up":[{"embeddable":true,"href":"https:\/\/isf.fo\/en\/wp-json\/wp\/v2\/pages\/422"}],"wp:featuredmedia":[{"embeddable":true,"href":"https:\/\/isf.fo\/en\/wp-json\/wp\/v2\/media\/12628"}],"wp:attachment":[{"href":"https:\/\/isf.fo\/en\/wp-json\/wp\/v2\/media?parent=506"}],"curies":[{"name":"wp","href":"https:\/\/api.w.org\/{rel}","templated":true}]}}