{"id":5714,"date":"2017-08-22T12:48:08","date_gmt":"2017-08-22T12:48:08","guid":{"rendered":"https:\/\/isf.fo\/?page_id=5714"},"modified":"2017-08-22T12:55:52","modified_gmt":"2017-08-22T12:55:52","slug":"dennis-holm","status":"publish","type":"page","link":"https:\/\/isf.fo\/en\/itrotturin-eg\/dennis-holm\/","title":{"rendered":"Dennis Holm"},"content":{"rendered":"<p><strong>Dennis Holm<\/strong><br \/>\n<strong> Borgarsj\u00f3ri \u00ed V\u00e1gs Kommunu og forma\u00f0ur \u00ed F\u00f8roya Kommunufelag.<\/strong><\/p>\n<h1><\/h1>\n<h1>Br\u00fakar n\u00f3gva t\u00ed\u00f0 upp\u00e1 \u00edtr\u00f3tt<img decoding=\"async\" class=\"size-medium wp-image-5710 alignright lazyload\" data-src=\"https:\/\/d21ockg4ri0hhk.cloudfront.net\/wp-content\/uploads\/2017\/08\/30193112\/DennisHolm2016-300x195.jpg\" alt=\"\" width=\"300\" height=\"195\" data-srcset=\"https:\/\/d21ockg4ri0hhk.cloudfront.net\/wp-content\/uploads\/2017\/08\/30193112\/DennisHolm2016-300x195.jpg 300w, https:\/\/d21ockg4ri0hhk.cloudfront.net\/wp-content\/uploads\/2017\/08\/30193112\/DennisHolm2016-768x500.jpg 768w, https:\/\/d21ockg4ri0hhk.cloudfront.net\/wp-content\/uploads\/2017\/08\/30193112\/DennisHolm2016-700x456.jpg 700w, https:\/\/d21ockg4ri0hhk.cloudfront.net\/wp-content\/uploads\/2017\/08\/30193112\/DennisHolm2016.jpg 2000w\" data-sizes=\"(max-width: 300px) 100vw, 300px\" src=\"data:image\/svg+xml;base64,PHN2ZyB3aWR0aD0iMSIgaGVpZ2h0PSIxIiB4bWxucz0iaHR0cDovL3d3dy53My5vcmcvMjAwMC9zdmciPjwvc3ZnPg==\" style=\"--smush-placeholder-width: 300px; --smush-placeholder-aspect-ratio: 300\/195;\" \/><\/h1>\n<p><strong>Hvat gert t\u00fa fyri at halda teg \u00ed form?<\/strong><\/p>\n<p>Eg havi tey n\u00f3gvu seinastu \u00e1rini runni\u00f0. Renni vanliga 2-3 fer\u00f0ir um vikuna, og hv\u00f8rt \u00e1r royni eg at hava sum m\u00e1l, at renna eitt \u00bd maraton.<br \/>\nOnki kann samanberast vi\u00f0 ein rennit\u00far, har f\u00f8royska n\u00e1tt\u00faran er leikpallurin \u2013 \u00ed veruleikanum er hetta venjing fyri b\u00e6\u00f0i kropp, s\u00e1l og sinn.<\/p>\n<p><strong>Ert t\u00fa limur \u00ed \u00edtr\u00f3ttarfelag?<\/strong><\/p>\n<p>Ja, eg eri limur \u00ed R\u00f8rslufelagi\u00f0 Hvistan, \u00ed VB (hondb\u00f3ltur) og \u00ed FC Su\u00f0uroy (f\u00f3tb\u00f3ltur).<\/p>\n<p><strong>\u00cd\u00f0ka\u00f0i t\u00fa \u00edtr\u00f3tt sum barn?<\/strong><\/p>\n<p>Ja, eg \u00ed\u00f0ka\u00f0i \u00edtr\u00f3tt sum barn. Serliga hondb\u00f3lt, men sp\u00e6ldi eisini f\u00f3tb\u00f3lt og svam eitt t\u00ed\u00f0arskei\u00f0.<br \/>\n\u00cdtr\u00f3ttur hevur annars alt\u00ed\u00f0 veri\u00f0 ein partur av m\u00ednum l\u00edvi, og havi eg eisini sp\u00e6lt b\u00e6\u00f0i flogb\u00f3lt, tennis og badminton \u00ed fr\u00edt\u00ed\u00f0ini.<\/p>\n<p><strong>Hv\u00f8nn t\u00fddning hevur \u00edtr\u00f3ttur og r\u00f8rsla fyri teg og samfelagi\u00f0?<\/strong><\/p>\n<p>\u00cdtr\u00f3ttur og r\u00f8rsla eru heilt avgerandi b\u00e6\u00f0i fyri samfelagi\u00f0 og fyri einstaklingar, eisini fyri meg.<br \/>\nHj\u00e1 okkum \u00f8llum er \u00edtr\u00f3ttur og r\u00f8rsla ein t\u00fd\u00f0andi partur av at fyribyrgja trupulleikar vi\u00f0 heilsuni. \u00cdtr\u00f3ttur og r\u00f8rsla hava eisini st\u00f3ran t\u00fddning fyri trivna\u00f0in og samanhald.<br \/>\n\u00cdtr\u00f3ttur og r\u00f8rsla hava eisini annan t\u00fddning. Til d\u00f8mis fyri b\u00e6\u00f0i innl\u00e6ringsevnini og bindindi hj\u00e1 okkara b\u00f8rnum og ungu. \u00cdtr\u00f3ttar-og r\u00f8rslufelagsskapir hava eisini st\u00f3ran t\u00fddning \u00ed samband vi\u00f0 sosialisering av b\u00f8rnum og ungum, tey l\u00e6ra at ver\u00f0a \u00ed einum b\u00f3lki, taka \u00edm\u00f3ti bo\u00f0um fr\u00e1 lei\u00f0arum, seta s\u00e6r felags m\u00e1l \u2013 seta egin m\u00e1l og virkin arbei\u00f0a fram \u00edm\u00f3ti at r\u00f8kka m\u00e1lunum.<br \/>\nUmvegis \u00edtr\u00f3ttina l\u00e6rir t\u00fa teg sj\u00e1lvan at kenna, men l\u00e6rir eisini eina r\u00fagvu av n\u00fdggjum f\u00f3lkum at kenna, sum t\u00fa f\u00e6r eina felags \u201cs\u00f8gu\u201d vi\u00f0. -\u00d8ll \u00edtr\u00f3ttaf\u00f3lk kennast vi\u00f0 hetta, at man m\u00f8tir onkrum, sum man hevur sp\u00e6lt f\u00f3tb\u00f3lt ella hondb\u00f3lt saman vi\u00f0 ella \u00edm\u00f3ti \u00ed barna- og ungd\u00f3ms\u00e1runum.<br \/>\nEg br\u00faki n\u00f3gva t\u00ed\u00f0 upp\u00e1 \u00edtr\u00f3tt, kanska mest sum \u00e1sko\u00f0ari, men sj\u00e1lvur nj\u00f3ti eg eisini l\u00f8turnar \u00e1 rennit\u00fari framvi\u00f0 landsvegnum. Rennit\u00fararnir gera, at eg havi betri orku, b\u00e6\u00f0i kropsliga og mental \u2013 \u00ed \u00ed arbei\u00f0sh\u00f8pi og ikki minst, t\u00e1 eg eri saman vi\u00f0 familjuni.<\/p>","protected":false},"excerpt":{"rendered":"<p>Dennis Holm Borgarsj\u00f3ri \u00ed V\u00e1gs Kommunu og forma\u00f0ur \u00ed F\u00f8roya Kommunufelag. Br\u00fakar n\u00f3gva t\u00ed\u00f0 upp\u00e1 \u00edtr\u00f3tt Hvat gert t\u00fa fyri [&hellip;]<\/p>\n","protected":false},"author":6,"featured_media":0,"parent":1251,"menu_order":7,"comment_status":"closed","ping_status":"closed","template":"","meta":{"_acf_changed":false,"_relevanssi_hide_post":"","_relevanssi_hide_content":"","_relevanssi_pin_for_all":"","_relevanssi_pin_keywords":"","_relevanssi_unpin_keywords":"","_relevanssi_related_keywords":"","_relevanssi_related_include_ids":"","_relevanssi_related_exclude_ids":"","_relevanssi_related_no_append":"","_relevanssi_related_not_related":"","_relevanssi_related_posts":"","_relevanssi_noindex_reason":"","inline_featured_image":false,"footnotes":""},"class_list":["post-5714","page","type-page","status-publish","hentry"],"acf":[],"yoast_head":"<!-- This site is optimized with the Yoast SEO plugin v27.5 - https:\/\/yoast.com\/product\/yoast-seo-wordpress\/ -->\n<title>Dennis Holm - \u00cdtr\u00f3ttasamband F\u00f8roya<\/title>\n<meta name=\"robots\" content=\"index, follow, max-snippet:-1, max-image-preview:large, max-video-preview:-1\" \/>\n<link rel=\"canonical\" href=\"https:\/\/isf.fo\/en\/itrotturin-eg\/dennis-holm\/\" \/>\n<meta property=\"og:locale\" content=\"en_US\" \/>\n<meta property=\"og:type\" content=\"article\" \/>\n<meta property=\"og:title\" content=\"Dennis Holm - \u00cdtr\u00f3ttasamband F\u00f8roya\" \/>\n<meta property=\"og:description\" content=\"Dennis Holm Borgarsj\u00f3ri \u00ed V\u00e1gs Kommunu og forma\u00f0ur \u00ed F\u00f8roya Kommunufelag. Br\u00fakar n\u00f3gva t\u00ed\u00f0 upp\u00e1 \u00edtr\u00f3tt Hvat gert t\u00fa fyri [&hellip;]\" \/>\n<meta property=\"og:url\" content=\"https:\/\/isf.fo\/en\/itrotturin-eg\/dennis-holm\/\" \/>\n<meta property=\"og:site_name\" content=\"\u00cdtr\u00f3ttasamband F\u00f8roya\" \/>\n<meta property=\"article:publisher\" content=\"https:\/\/www.facebook.com\/itrottasambandid\" \/>\n<meta property=\"article:modified_time\" content=\"2017-08-22T12:55:52+00:00\" \/>\n<meta property=\"og:image\" content=\"https:\/\/isf.fo\/wp-content\/uploads\/2017\/08\/DennisHolm2016-300x195.jpg\" \/>\n<meta name=\"twitter:card\" content=\"summary_large_image\" \/>\n<meta name=\"twitter:label1\" content=\"Est. reading time\" \/>\n\t<meta name=\"twitter:data1\" content=\"2 minutes\" \/>\n<script type=\"application\/ld+json\" class=\"yoast-schema-graph\">{\"@context\":\"https:\\\/\\\/schema.org\",\"@graph\":[{\"@type\":\"WebPage\",\"@id\":\"https:\\\/\\\/isf.fo\\\/itrotturin-eg\\\/dennis-holm\\\/\",\"url\":\"https:\\\/\\\/isf.fo\\\/itrotturin-eg\\\/dennis-holm\\\/\",\"name\":\"Dennis Holm - \u00cdtr\u00f3ttasamband F\u00f8roya\",\"isPartOf\":{\"@id\":\"https:\\\/\\\/isf.fo\\\/#website\"},\"primaryImageOfPage\":{\"@id\":\"https:\\\/\\\/isf.fo\\\/itrotturin-eg\\\/dennis-holm\\\/#primaryimage\"},\"image\":{\"@id\":\"https:\\\/\\\/isf.fo\\\/itrotturin-eg\\\/dennis-holm\\\/#primaryimage\"},\"thumbnailUrl\":\"https:\\\/\\\/isf.fo\\\/wp-content\\\/uploads\\\/2017\\\/08\\\/DennisHolm2016-300x195.jpg\",\"datePublished\":\"2017-08-22T12:48:08+00:00\",\"dateModified\":\"2017-08-22T12:55:52+00:00\",\"breadcrumb\":{\"@id\":\"https:\\\/\\\/isf.fo\\\/itrotturin-eg\\\/dennis-holm\\\/#breadcrumb\"},\"inLanguage\":\"en-US\",\"potentialAction\":[{\"@type\":\"ReadAction\",\"target\":[\"https:\\\/\\\/isf.fo\\\/itrotturin-eg\\\/dennis-holm\\\/\"]}]},{\"@type\":\"ImageObject\",\"inLanguage\":\"en-US\",\"@id\":\"https:\\\/\\\/isf.fo\\\/itrotturin-eg\\\/dennis-holm\\\/#primaryimage\",\"url\":\"https:\\\/\\\/isf.fo\\\/wp-content\\\/uploads\\\/2017\\\/08\\\/DennisHolm2016-300x195.jpg\",\"contentUrl\":\"https:\\\/\\\/isf.fo\\\/wp-content\\\/uploads\\\/2017\\\/08\\\/DennisHolm2016-300x195.jpg\"},{\"@type\":\"BreadcrumbList\",\"@id\":\"https:\\\/\\\/isf.fo\\\/itrotturin-eg\\\/dennis-holm\\\/#breadcrumb\",\"itemListElement\":[{\"@type\":\"ListItem\",\"position\":1,\"name\":\"Home\",\"item\":\"https:\\\/\\\/isf.fo\\\/\"},{\"@type\":\"ListItem\",\"position\":2,\"name\":\"\u00cdtr\u00f3tturin &#038; eg\",\"item\":\"https:\\\/\\\/isf.fo\\\/itrotturin-eg\\\/\"},{\"@type\":\"ListItem\",\"position\":3,\"name\":\"Dennis Holm\"}]},{\"@type\":\"WebSite\",\"@id\":\"https:\\\/\\\/isf.fo\\\/#website\",\"url\":\"https:\\\/\\\/isf.fo\\\/\",\"name\":\"\u00cdtr\u00f3ttasamband F\u00f8roya\",\"description\":\"\",\"publisher\":{\"@id\":\"https:\\\/\\\/isf.fo\\\/#organization\"},\"potentialAction\":[{\"@type\":\"SearchAction\",\"target\":{\"@type\":\"EntryPoint\",\"urlTemplate\":\"https:\\\/\\\/isf.fo\\\/?s={search_term_string}\"},\"query-input\":{\"@type\":\"PropertyValueSpecification\",\"valueRequired\":true,\"valueName\":\"search_term_string\"}}],\"inLanguage\":\"en-US\"},{\"@type\":\"Organization\",\"@id\":\"https:\\\/\\\/isf.fo\\\/#organization\",\"name\":\"\u00cdtr\u00f3ttasamband F\u00f8roya\",\"url\":\"https:\\\/\\\/isf.fo\\\/\",\"logo\":{\"@type\":\"ImageObject\",\"inLanguage\":\"en-US\",\"@id\":\"https:\\\/\\\/isf.fo\\\/#\\\/schema\\\/logo\\\/image\\\/\",\"url\":\"https:\\\/\\\/isf.fo\\\/wp-content\\\/uploads\\\/2025\\\/06\\\/ISF_Olympic-Committee-logo.png\",\"contentUrl\":\"https:\\\/\\\/isf.fo\\\/wp-content\\\/uploads\\\/2025\\\/06\\\/ISF_Olympic-Committee-logo.png\",\"width\":618,\"height\":121,\"caption\":\"\u00cdtr\u00f3ttasamband F\u00f8roya\"},\"image\":{\"@id\":\"https:\\\/\\\/isf.fo\\\/#\\\/schema\\\/logo\\\/image\\\/\"},\"sameAs\":[\"https:\\\/\\\/www.facebook.com\\\/itrottasambandid\"]}]}<\/script>\n<!-- \/ Yoast SEO plugin. -->","yoast_head_json":{"title":"Dennis Holm - \u00cdtr\u00f3ttasamband F\u00f8roya","robots":{"index":"index","follow":"follow","max-snippet":"max-snippet:-1","max-image-preview":"max-image-preview:large","max-video-preview":"max-video-preview:-1"},"canonical":"https:\/\/isf.fo\/en\/itrotturin-eg\/dennis-holm\/","og_locale":"en_US","og_type":"article","og_title":"Dennis Holm - \u00cdtr\u00f3ttasamband F\u00f8roya","og_description":"Dennis Holm Borgarsj\u00f3ri \u00ed V\u00e1gs Kommunu og forma\u00f0ur \u00ed F\u00f8roya Kommunufelag. Br\u00fakar n\u00f3gva t\u00ed\u00f0 upp\u00e1 \u00edtr\u00f3tt Hvat gert t\u00fa fyri [&hellip;]","og_url":"https:\/\/isf.fo\/en\/itrotturin-eg\/dennis-holm\/","og_site_name":"\u00cdtr\u00f3ttasamband F\u00f8roya","article_publisher":"https:\/\/www.facebook.com\/itrottasambandid","article_modified_time":"2017-08-22T12:55:52+00:00","og_image":[{"url":"https:\/\/isf.fo\/wp-content\/uploads\/2017\/08\/DennisHolm2016-300x195.jpg","type":"","width":"","height":""}],"twitter_card":"summary_large_image","twitter_misc":{"Est. reading time":"2 minutes"},"schema":{"@context":"https:\/\/schema.org","@graph":[{"@type":"WebPage","@id":"https:\/\/isf.fo\/itrotturin-eg\/dennis-holm\/","url":"https:\/\/isf.fo\/itrotturin-eg\/dennis-holm\/","name":"Dennis Holm - \u00cdtr\u00f3ttasamband F\u00f8roya","isPartOf":{"@id":"https:\/\/isf.fo\/#website"},"primaryImageOfPage":{"@id":"https:\/\/isf.fo\/itrotturin-eg\/dennis-holm\/#primaryimage"},"image":{"@id":"https:\/\/isf.fo\/itrotturin-eg\/dennis-holm\/#primaryimage"},"thumbnailUrl":"https:\/\/isf.fo\/wp-content\/uploads\/2017\/08\/DennisHolm2016-300x195.jpg","datePublished":"2017-08-22T12:48:08+00:00","dateModified":"2017-08-22T12:55:52+00:00","breadcrumb":{"@id":"https:\/\/isf.fo\/itrotturin-eg\/dennis-holm\/#breadcrumb"},"inLanguage":"en-US","potentialAction":[{"@type":"ReadAction","target":["https:\/\/isf.fo\/itrotturin-eg\/dennis-holm\/"]}]},{"@type":"ImageObject","inLanguage":"en-US","@id":"https:\/\/isf.fo\/itrotturin-eg\/dennis-holm\/#primaryimage","url":"https:\/\/isf.fo\/wp-content\/uploads\/2017\/08\/DennisHolm2016-300x195.jpg","contentUrl":"https:\/\/isf.fo\/wp-content\/uploads\/2017\/08\/DennisHolm2016-300x195.jpg"},{"@type":"BreadcrumbList","@id":"https:\/\/isf.fo\/itrotturin-eg\/dennis-holm\/#breadcrumb","itemListElement":[{"@type":"ListItem","position":1,"name":"Home","item":"https:\/\/isf.fo\/"},{"@type":"ListItem","position":2,"name":"\u00cdtr\u00f3tturin &#038; eg","item":"https:\/\/isf.fo\/itrotturin-eg\/"},{"@type":"ListItem","position":3,"name":"Dennis Holm"}]},{"@type":"WebSite","@id":"https:\/\/isf.fo\/#website","url":"https:\/\/isf.fo\/","name":"\u00cdtr\u00f3ttasamband F\u00f8roya","description":"","publisher":{"@id":"https:\/\/isf.fo\/#organization"},"potentialAction":[{"@type":"SearchAction","target":{"@type":"EntryPoint","urlTemplate":"https:\/\/isf.fo\/?s={search_term_string}"},"query-input":{"@type":"PropertyValueSpecification","valueRequired":true,"valueName":"search_term_string"}}],"inLanguage":"en-US"},{"@type":"Organization","@id":"https:\/\/isf.fo\/#organization","name":"\u00cdtr\u00f3ttasamband F\u00f8roya","url":"https:\/\/isf.fo\/","logo":{"@type":"ImageObject","inLanguage":"en-US","@id":"https:\/\/isf.fo\/#\/schema\/logo\/image\/","url":"https:\/\/isf.fo\/wp-content\/uploads\/2025\/06\/ISF_Olympic-Committee-logo.png","contentUrl":"https:\/\/isf.fo\/wp-content\/uploads\/2025\/06\/ISF_Olympic-Committee-logo.png","width":618,"height":121,"caption":"\u00cdtr\u00f3ttasamband F\u00f8roya"},"image":{"@id":"https:\/\/isf.fo\/#\/schema\/logo\/image\/"},"sameAs":["https:\/\/www.facebook.com\/itrottasambandid"]}]}},"_links":{"self":[{"href":"https:\/\/isf.fo\/en\/wp-json\/wp\/v2\/pages\/5714","targetHints":{"allow":["GET"]}}],"collection":[{"href":"https:\/\/isf.fo\/en\/wp-json\/wp\/v2\/pages"}],"about":[{"href":"https:\/\/isf.fo\/en\/wp-json\/wp\/v2\/types\/page"}],"author":[{"embeddable":true,"href":"https:\/\/isf.fo\/en\/wp-json\/wp\/v2\/users\/6"}],"replies":[{"embeddable":true,"href":"https:\/\/isf.fo\/en\/wp-json\/wp\/v2\/comments?post=5714"}],"version-history":[{"count":4,"href":"https:\/\/isf.fo\/en\/wp-json\/wp\/v2\/pages\/5714\/revisions"}],"predecessor-version":[{"id":5718,"href":"https:\/\/isf.fo\/en\/wp-json\/wp\/v2\/pages\/5714\/revisions\/5718"}],"up":[{"embeddable":true,"href":"https:\/\/isf.fo\/en\/wp-json\/wp\/v2\/pages\/1251"}],"wp:attachment":[{"href":"https:\/\/isf.fo\/en\/wp-json\/wp\/v2\/media?parent=5714"}],"curies":[{"name":"wp","href":"https:\/\/api.w.org\/{rel}","templated":true}]}}