{"id":5742,"date":"2017-09-05T09:02:55","date_gmt":"2017-09-05T09:02:55","guid":{"rendered":"https:\/\/isf.fo\/tilfar\/test\/"},"modified":"2025-10-29T11:27:29","modified_gmt":"2025-10-29T11:27:29","slug":"urskurdir_itrottadomstolsins","status":"publish","type":"page","link":"https:\/\/isf.fo\/en\/tilfar\/urskurdir_itrottadomstolsins\/","title":{"rendered":"\u00darskur\u00f0ir \u00cdtr\u00f3ttad\u00f3mst\u00f3lsins"},"content":{"rendered":"<p><\/p>\n\n\n<p><a href=\"https:\/\/isf.fo\/wp-content\/uploads\/2025\/10\/2025-10-15-Urskurdur-Itrottadomstolsins-vidv-kaeru-fra-SIF-um-urskurdi-hja-domsnevnd-RSF.pdf\" rel=\"attachment wp-att-13130\">2025-10-15 U\u0301rskur\u00f0ur I\u0301tro\u0301ttado\u0301msto\u0301lsins vi\u00f0v. k\u00e6ru fra\u0301 SI\u0301F um u\u0301rskur\u00f0 hja\u0301 do\u0301msnevnd RSF<\/a><\/p>\n<p><a href=\"https:\/\/isf.fo\/wp-content\/uploads\/2025\/03\/Urskurdur-Itrottadomstolsins-TB-KIF-Flogboltur.pdf\">2025-03-06 \u00darskur\u00f0ur \u00cdtr\u00f3ttad\u00f3mst\u00f3lsins vi\u00f0v. k\u00e6ru fr\u00e1 flogb\u00f3ltsfelagnum TB um \u00farskur\u00f0in hj\u00e1 D\u00f3msnevndini hj\u00e1 Flogb\u00f3ltsambandi F\u00f8roya<\/a><\/p>\n<p><a href=\"https:\/\/isf.fo\/wp-content\/uploads\/2023\/11\/2023-11-16-ID-urskurdur-HS-um-avgerd-hja-SSF.pdf\">2023-11-16 \u00darskur\u00f0ur \u00cdtr\u00f3ttad\u00f3mst\u00f3lins vi\u00f0v. k\u00e6ru fr\u00e1 Havnar Svimjifelg um \u00farskur\u00f0in hj\u00e1 D\u00f3msnevndini hj\u00e1 Svimjisambandi F\u00f8roya<\/a><\/p>\n<p><a href=\"https:\/\/d21ockg4ri0hhk.cloudfront.net\/wp-content\/uploads\/2022\/07\/30191910\/2022-07-26-U%CC%81rskurdur-I%CC%81D-vidv.-kaeru-um-gult-kort-til-Pa%CC%81ll-Fanga-6-mf-menn-a%CC%81-Fjardastevnu-2022.pdf\">2022-07-26 U\u0301rskur\u00f0ur \u00cdtr\u00f3ttad\u00f3mst\u00f3lsins vi\u00f0v. k\u00e6ru um gult kort til Pa\u0301ll Fanga 6-mf menn a\u0301 Fjar\u00f0astevnu<\/a><\/p>\n<p><a href=\"https:\/\/d21ockg4ri0hhk.cloudfront.net\/wp-content\/uploads\/2020\/12\/30192704\/2020-12-12-Urskurdur-ID-vidv-kaeru-fra-Neistanum-og-VIF.pdf\">2020-12-12 \u00darskur\u00f0ur \u00cdtr\u00f3ttad\u00f3mst\u00f3lsins vi\u00f0v\u00edkjandi k\u00e6ru fr\u00e1 hondb\u00f3ltsfel\u00f8gunum Neistin og V\u00ccF<\/a><\/p>\n<p><a href=\"https:\/\/d21ockg4ri0hhk.cloudfront.net\/wp-content\/uploads\/2020\/07\/30192755\/2020-07-27-%C3%9Arskur%C3%B0ur-%C3%8Dtr%C3%B3ttad%C3%B3mst%C3%B3lsins-vi%C3%B0v%C3%ADkjandi-k%C3%A6ru-fr%C3%A1-Fro%C3%B0biar-S%C3%B3knar-R%C3%B3%C3%B0rarfelag.pdf\">2020-07-27 \u00darskur\u00f0ur \u00cdtr\u00f3ttad\u00f3mst\u00f3lsins vi\u00f0v\u00edkjandi k\u00e6ru fr\u00e1 Fro\u00f0biar S\u00f3knar R\u00f3\u00f0rarfelag<\/a><\/p>\n<p><a href=\"https:\/\/d21ockg4ri0hhk.cloudfront.net\/wp-content\/uploads\/2020\/02\/30192837\/2020-02-25-%C3%9Arskur%C3%B0ur-%C3%8Dtr%C3%B3ttad%C3%B3mst%C3%B3lsins-vi%C3%B0v%C3%ADkjandi-k%C3%A6ru-fr%C3%A1-%C3%8DF-Flogb%C3%B3lti.pdf\">2020-02-25 \u00darskur\u00f0ur \u00cdtr\u00f3ttad\u00f3mst\u00f3lsins vi\u00f0v\u00edkjandi k\u00e6ru fr\u00e1 \u00cdF-Flogb\u00f3lti<\/a><\/p>\n<p><a href=\"https:\/\/d21ockg4ri0hhk.cloudfront.net\/wp-content\/uploads\/2018\/07\/30193020\/2018-07-14-%C3%9Arskur%C3%B0ur-%C3%8Dtr%C3%B3ttad%C3%B3mst%C3%B3lsins-vi%C3%B0v-gentur%C3%B3%C3%B0rinum-%C3%A1-Eystanstevnu-2018.pdf\">2018-07-14 K\u00e6ra fr\u00e1 R\u00f3\u00f0rafelagnum Kn\u00f8rrur vi\u00f0v gentur\u00f3\u00f0rinum \u00e1 Eystanstevnu 2018<\/a><\/p>\n<p><a href=\"https:\/\/d21ockg4ri0hhk.cloudfront.net\/wp-content\/uploads\/2017\/10\/30193054\/2017-10-02-K%C3%A6ra-fr%C3%A1-R%C3%B3%C3%B0rarfelag-Kn%C3%B8rrur.pdf\">2017-10-02 K\u00e6ra fr\u00e1 R\u00f3\u00f0rarfelagnum Kn\u00f8rrur um \u00farskur\u00f0 hj\u00e1 d\u00f3msnevndini hj\u00e1 RSF<\/a><\/p>\n<p><a href=\"https:\/\/d21ockg4ri0hhk.cloudfront.net\/wp-content\/uploads\/2017\/09\/30193108\/2017-08-31-K%C3%A6ra-fr%C3%A1-Klaksv%C3%ADkar-R%C3%B3%C3%B0rarfelag-vi%C3%B0v-Orminum-Langa.pdf\">2017-08-31 K\u00e6ra fr\u00e1 Klaksv\u00edkar R\u00f3\u00f0rarfelag vi\u00f0v Orminum Langa<\/a><\/p>\n<p><a href=\"https:\/\/d21ockg4ri0hhk.cloudfront.net\/wp-content\/uploads\/2017\/09\/30193108\/2014-07-11-K%C3%A6ra-fr%C3%A1-HR-vegna-Gongur%C3%B3lvur-%C3%A1-Sundalagsstevnu.pdf\">2014-07-11 K\u00e6ra fr\u00e1 HR vegna Gongur\u00f3lvur \u00e1 Sundalagsstevnu<\/a><\/p>\n<p><a href=\"https:\/\/d21ockg4ri0hhk.cloudfront.net\/wp-content\/uploads\/2017\/09\/30193108\/2013-11-06-K%C3%A6ra-fr%C3%A1-V%C3%8DF-kappr%C3%B3%C3%B0ur-um-umr%C3%B3%C3%B0ur-%C3%A1-%C3%93lavs%C3%B8ku.pdf\">2013-11-06 K\u00e6ra fr\u00e1 V\u00cdF kappr\u00f3\u00f0ur um umr\u00f3\u00f0ur \u00e1 \u00d3lavs\u00f8ku<\/a><\/p>\n<p><a href=\"https:\/\/d21ockg4ri0hhk.cloudfront.net\/wp-content\/uploads\/2017\/09\/30193109\/2012-04-13-K%C3%A6ra-fr%C3%A1-Neistanum-um-atbur%C3%B0-hj%C3%A1-asko%C3%B0arum-og-heimildarf%C3%B3lki-hj%C3%A1-Stj%C3%B8rnuni.pdf\">2012-04-13 K\u00e6ra fr\u00e1 Neistanum um atbur\u00f0 hj\u00e1 asko\u00f0arum og heimildarf\u00f3lki hj\u00e1 Stj\u00f8rnuni<\/a><\/p>\n<p><a href=\"https:\/\/d21ockg4ri0hhk.cloudfront.net\/wp-content\/uploads\/2018\/07\/30193020\/2010-07-28-K%C3%A6ra-fr%C3%A1-Mi%C3%B0v%C3%A1gs-R%C3%B3%C3%B0rarfelag-vi%C3%B0v%C3%ADkjandi-P%C3%A1ll-Fanga.pdf\">2010-07-28 K\u00e6ra fr\u00e1 Mi\u00f0v\u00e1gs R\u00f3\u00f0rarfelag vi\u00f0v\u00edkjandi P\u00e1ll Fanga<\/a><\/p>\n<p><a href=\"https:\/\/d21ockg4ri0hhk.cloudfront.net\/wp-content\/uploads\/2018\/07\/30193020\/2010-03-31-K%C3%A6ra-fr%C3%A1-Neistanum-um-dyst-G14-Neistin-b-Kyndil-a.pdf\">2010-03-31 K\u00e6ra fr\u00e1 Neistanum um dyst G14 Neistin b &#8211; Kyndil a<\/a><\/p>\n<p><a href=\"https:\/\/d21ockg4ri0hhk.cloudfront.net\/wp-content\/uploads\/2018\/07\/30193020\/2009-03-01-K%C3%A6ra-fr%C3%A1-Neistanum-um-dyst-Neistin-V%C3%8DF.pdf\">2009-03-01 K\u00e6ra fr\u00e1 Neistanum um dyst Neistin &#8211; V\u00cdF<\/a><\/p>\n<p><a href=\"https:\/\/d21ockg4ri0hhk.cloudfront.net\/wp-content\/uploads\/2018\/07\/30193020\/2006-06-30-K%C3%A6ra-fr%C3%A1-HB-um-sp%C3%A6liloyvi-hj%C3%A1-P%C3%A1ll-Joensen.pdf\">2006-06-30 K\u00e6ra fr\u00e1 HB um sp\u00e6liloyvi hj\u00e1 P\u00e1ll Joensen<\/a><\/p>\n<p><a href=\"https:\/\/d21ockg4ri0hhk.cloudfront.net\/wp-content\/uploads\/2018\/07\/30193020\/2006-03-24-K%C3%A6ra-fr%C3%A1-Neistanum-um-dyst-Neistin-Stj%C3%B8rnan.pdf\">2006-03-24 K\u00e6ra fr\u00e1 Neistanum um dyst Neistin &#8211; Stj\u00f8rnan<\/a><\/p>\n<p><a href=\"https:\/\/d21ockg4ri0hhk.cloudfront.net\/wp-content\/uploads\/2018\/07\/30193020\/2005-06-30-K%C3%A6ra-fr%C3%A1-B36-um-sp%C3%A6liloyvi-hj%C3%A1-Ey%C3%B0un-H%C3%B8jgaard.pdf\">2005-06-30 K\u00e6ra fr\u00e1 B36 um sp\u00e6liloyvi hj\u00e1 Ey\u00f0un H\u00f8jgaard<\/a><\/p>\n<p><a href=\"https:\/\/d21ockg4ri0hhk.cloudfront.net\/wp-content\/uploads\/2018\/07\/30193020\/2004-12-28-K%C3%A6ra-fr%C3%A1-Finnur-Helmsdal-um-FS-V%C3%A1gar.pdf\">2004-12-28 K\u00e6ra fr\u00e1 Finnur Helmsdal um FS V\u00e1gar<\/a><\/p>\n<p><a href=\"https:\/\/d21ockg4ri0hhk.cloudfront.net\/wp-content\/uploads\/2018\/07\/30193019\/2004-02-03-K%C3%A6ra-fr%C3%A1-%C3%8DF-m%C3%B3ti-Dr%C3%A1tti.pdf\">2004-02-03 K\u00e6ra fr\u00e1 \u00cdF m\u00f3ti Dr\u00e1tti<\/a><\/p>\n\n\n<p><\/p>","protected":false},"excerpt":{"rendered":"<p>2025-10-15 U\u0301rskur\u00f0ur I\u0301tro\u0301ttado\u0301msto\u0301lsins vi\u00f0v. k\u00e6ru fra\u0301 SI\u0301F um u\u0301rskur\u00f0 hja\u0301 do\u0301msnevnd RSF 2025-03-06 \u00darskur\u00f0ur \u00cdtr\u00f3ttad\u00f3mst\u00f3lsins vi\u00f0v. k\u00e6ru fr\u00e1 flogb\u00f3ltsfelagnum TB [&hellip;]<\/p>\n","protected":false},"author":6,"featured_media":0,"parent":422,"menu_order":8,"comment_status":"closed","ping_status":"closed","template":"","meta":{"_acf_changed":false,"_relevanssi_hide_post":"","_relevanssi_hide_content":"","_relevanssi_pin_for_all":"","_relevanssi_pin_keywords":"","_relevanssi_unpin_keywords":"","_relevanssi_related_keywords":"","_relevanssi_related_include_ids":"","_relevanssi_related_exclude_ids":"","_relevanssi_related_no_append":"","_relevanssi_related_not_related":"","_relevanssi_related_posts":"","_relevanssi_noindex_reason":"","inline_featured_image":false,"footnotes":""},"class_list":["post-5742","page","type-page","status-publish","hentry"],"acf":[],"yoast_head":"<!-- This site is optimized with the Yoast SEO plugin v27.3 - https:\/\/yoast.com\/product\/yoast-seo-wordpress\/ -->\n<title>\u00darskur\u00f0ir \u00cdtr\u00f3ttad\u00f3mst\u00f3lsins - \u00cdtr\u00f3ttasamband F\u00f8roya<\/title>\n<meta name=\"robots\" content=\"index, follow, max-snippet:-1, max-image-preview:large, max-video-preview:-1\" \/>\n<link rel=\"canonical\" href=\"https:\/\/isf.fo\/en\/tilfar\/urskurdir_itrottadomstolsins\/\" \/>\n<meta property=\"og:locale\" content=\"en_US\" \/>\n<meta property=\"og:type\" content=\"article\" \/>\n<meta property=\"og:title\" content=\"\u00darskur\u00f0ir \u00cdtr\u00f3ttad\u00f3mst\u00f3lsins - \u00cdtr\u00f3ttasamband F\u00f8roya\" \/>\n<meta property=\"og:description\" content=\"2025-10-15 U\u0301rskur\u00f0ur I\u0301tro\u0301ttado\u0301msto\u0301lsins vi\u00f0v. k\u00e6ru fra\u0301 SI\u0301F um u\u0301rskur\u00f0 hja\u0301 do\u0301msnevnd RSF 2025-03-06 \u00darskur\u00f0ur \u00cdtr\u00f3ttad\u00f3mst\u00f3lsins vi\u00f0v. k\u00e6ru fr\u00e1 flogb\u00f3ltsfelagnum TB [&hellip;]\" \/>\n<meta property=\"og:url\" content=\"https:\/\/isf.fo\/en\/tilfar\/urskurdir_itrottadomstolsins\/\" \/>\n<meta property=\"og:site_name\" content=\"\u00cdtr\u00f3ttasamband F\u00f8roya\" \/>\n<meta property=\"article:publisher\" content=\"https:\/\/www.facebook.com\/itrottasambandid\" \/>\n<meta property=\"article:modified_time\" content=\"2025-10-29T11:27:29+00:00\" \/>\n<meta name=\"twitter:card\" content=\"summary_large_image\" \/>\n<meta name=\"twitter:label1\" content=\"Est. reading time\" \/>\n\t<meta name=\"twitter:data1\" content=\"2 minutes\" \/>\n<script type=\"application\/ld+json\" class=\"yoast-schema-graph\">{\"@context\":\"https:\\\/\\\/schema.org\",\"@graph\":[{\"@type\":\"WebPage\",\"@id\":\"https:\\\/\\\/isf.fo\\\/tilfar\\\/urskurdir_itrottadomstolsins\\\/\",\"url\":\"https:\\\/\\\/isf.fo\\\/tilfar\\\/urskurdir_itrottadomstolsins\\\/\",\"name\":\"\u00darskur\u00f0ir \u00cdtr\u00f3ttad\u00f3mst\u00f3lsins - \u00cdtr\u00f3ttasamband F\u00f8roya\",\"isPartOf\":{\"@id\":\"https:\\\/\\\/isf.fo\\\/#website\"},\"datePublished\":\"2017-09-05T09:02:55+00:00\",\"dateModified\":\"2025-10-29T11:27:29+00:00\",\"breadcrumb\":{\"@id\":\"https:\\\/\\\/isf.fo\\\/tilfar\\\/urskurdir_itrottadomstolsins\\\/#breadcrumb\"},\"inLanguage\":\"en-US\",\"potentialAction\":[{\"@type\":\"ReadAction\",\"target\":[\"https:\\\/\\\/isf.fo\\\/tilfar\\\/urskurdir_itrottadomstolsins\\\/\"]}]},{\"@type\":\"BreadcrumbList\",\"@id\":\"https:\\\/\\\/isf.fo\\\/tilfar\\\/urskurdir_itrottadomstolsins\\\/#breadcrumb\",\"itemListElement\":[{\"@type\":\"ListItem\",\"position\":1,\"name\":\"Home\",\"item\":\"https:\\\/\\\/isf.fo\\\/\"},{\"@type\":\"ListItem\",\"position\":2,\"name\":\"Tilfar\",\"item\":\"https:\\\/\\\/isf.fo\\\/tilfar\\\/\"},{\"@type\":\"ListItem\",\"position\":3,\"name\":\"\u00darskur\u00f0ir \u00cdtr\u00f3ttad\u00f3mst\u00f3lsins\"}]},{\"@type\":\"WebSite\",\"@id\":\"https:\\\/\\\/isf.fo\\\/#website\",\"url\":\"https:\\\/\\\/isf.fo\\\/\",\"name\":\"\u00cdtr\u00f3ttasamband F\u00f8roya\",\"description\":\"\",\"publisher\":{\"@id\":\"https:\\\/\\\/isf.fo\\\/#organization\"},\"potentialAction\":[{\"@type\":\"SearchAction\",\"target\":{\"@type\":\"EntryPoint\",\"urlTemplate\":\"https:\\\/\\\/isf.fo\\\/?s={search_term_string}\"},\"query-input\":{\"@type\":\"PropertyValueSpecification\",\"valueRequired\":true,\"valueName\":\"search_term_string\"}}],\"inLanguage\":\"en-US\"},{\"@type\":\"Organization\",\"@id\":\"https:\\\/\\\/isf.fo\\\/#organization\",\"name\":\"\u00cdtr\u00f3ttasamband F\u00f8roya\",\"url\":\"https:\\\/\\\/isf.fo\\\/\",\"logo\":{\"@type\":\"ImageObject\",\"inLanguage\":\"en-US\",\"@id\":\"https:\\\/\\\/isf.fo\\\/#\\\/schema\\\/logo\\\/image\\\/\",\"url\":\"https:\\\/\\\/isf.fo\\\/wp-content\\\/uploads\\\/2025\\\/06\\\/ISF_Olympic-Committee-logo.png\",\"contentUrl\":\"https:\\\/\\\/isf.fo\\\/wp-content\\\/uploads\\\/2025\\\/06\\\/ISF_Olympic-Committee-logo.png\",\"width\":618,\"height\":121,\"caption\":\"\u00cdtr\u00f3ttasamband F\u00f8roya\"},\"image\":{\"@id\":\"https:\\\/\\\/isf.fo\\\/#\\\/schema\\\/logo\\\/image\\\/\"},\"sameAs\":[\"https:\\\/\\\/www.facebook.com\\\/itrottasambandid\"]}]}<\/script>\n<!-- \/ Yoast SEO plugin. -->","yoast_head_json":{"title":"\u00darskur\u00f0ir \u00cdtr\u00f3ttad\u00f3mst\u00f3lsins - \u00cdtr\u00f3ttasamband F\u00f8roya","robots":{"index":"index","follow":"follow","max-snippet":"max-snippet:-1","max-image-preview":"max-image-preview:large","max-video-preview":"max-video-preview:-1"},"canonical":"https:\/\/isf.fo\/en\/tilfar\/urskurdir_itrottadomstolsins\/","og_locale":"en_US","og_type":"article","og_title":"\u00darskur\u00f0ir \u00cdtr\u00f3ttad\u00f3mst\u00f3lsins - \u00cdtr\u00f3ttasamband F\u00f8roya","og_description":"2025-10-15 U\u0301rskur\u00f0ur I\u0301tro\u0301ttado\u0301msto\u0301lsins vi\u00f0v. k\u00e6ru fra\u0301 SI\u0301F um u\u0301rskur\u00f0 hja\u0301 do\u0301msnevnd RSF 2025-03-06 \u00darskur\u00f0ur \u00cdtr\u00f3ttad\u00f3mst\u00f3lsins vi\u00f0v. k\u00e6ru fr\u00e1 flogb\u00f3ltsfelagnum TB [&hellip;]","og_url":"https:\/\/isf.fo\/en\/tilfar\/urskurdir_itrottadomstolsins\/","og_site_name":"\u00cdtr\u00f3ttasamband F\u00f8roya","article_publisher":"https:\/\/www.facebook.com\/itrottasambandid","article_modified_time":"2025-10-29T11:27:29+00:00","twitter_card":"summary_large_image","twitter_misc":{"Est. reading time":"2 minutes"},"schema":{"@context":"https:\/\/schema.org","@graph":[{"@type":"WebPage","@id":"https:\/\/isf.fo\/tilfar\/urskurdir_itrottadomstolsins\/","url":"https:\/\/isf.fo\/tilfar\/urskurdir_itrottadomstolsins\/","name":"\u00darskur\u00f0ir \u00cdtr\u00f3ttad\u00f3mst\u00f3lsins - \u00cdtr\u00f3ttasamband F\u00f8roya","isPartOf":{"@id":"https:\/\/isf.fo\/#website"},"datePublished":"2017-09-05T09:02:55+00:00","dateModified":"2025-10-29T11:27:29+00:00","breadcrumb":{"@id":"https:\/\/isf.fo\/tilfar\/urskurdir_itrottadomstolsins\/#breadcrumb"},"inLanguage":"en-US","potentialAction":[{"@type":"ReadAction","target":["https:\/\/isf.fo\/tilfar\/urskurdir_itrottadomstolsins\/"]}]},{"@type":"BreadcrumbList","@id":"https:\/\/isf.fo\/tilfar\/urskurdir_itrottadomstolsins\/#breadcrumb","itemListElement":[{"@type":"ListItem","position":1,"name":"Home","item":"https:\/\/isf.fo\/"},{"@type":"ListItem","position":2,"name":"Tilfar","item":"https:\/\/isf.fo\/tilfar\/"},{"@type":"ListItem","position":3,"name":"\u00darskur\u00f0ir \u00cdtr\u00f3ttad\u00f3mst\u00f3lsins"}]},{"@type":"WebSite","@id":"https:\/\/isf.fo\/#website","url":"https:\/\/isf.fo\/","name":"\u00cdtr\u00f3ttasamband F\u00f8roya","description":"","publisher":{"@id":"https:\/\/isf.fo\/#organization"},"potentialAction":[{"@type":"SearchAction","target":{"@type":"EntryPoint","urlTemplate":"https:\/\/isf.fo\/?s={search_term_string}"},"query-input":{"@type":"PropertyValueSpecification","valueRequired":true,"valueName":"search_term_string"}}],"inLanguage":"en-US"},{"@type":"Organization","@id":"https:\/\/isf.fo\/#organization","name":"\u00cdtr\u00f3ttasamband F\u00f8roya","url":"https:\/\/isf.fo\/","logo":{"@type":"ImageObject","inLanguage":"en-US","@id":"https:\/\/isf.fo\/#\/schema\/logo\/image\/","url":"https:\/\/isf.fo\/wp-content\/uploads\/2025\/06\/ISF_Olympic-Committee-logo.png","contentUrl":"https:\/\/isf.fo\/wp-content\/uploads\/2025\/06\/ISF_Olympic-Committee-logo.png","width":618,"height":121,"caption":"\u00cdtr\u00f3ttasamband F\u00f8roya"},"image":{"@id":"https:\/\/isf.fo\/#\/schema\/logo\/image\/"},"sameAs":["https:\/\/www.facebook.com\/itrottasambandid"]}]}},"_links":{"self":[{"href":"https:\/\/isf.fo\/en\/wp-json\/wp\/v2\/pages\/5742","targetHints":{"allow":["GET"]}}],"collection":[{"href":"https:\/\/isf.fo\/en\/wp-json\/wp\/v2\/pages"}],"about":[{"href":"https:\/\/isf.fo\/en\/wp-json\/wp\/v2\/types\/page"}],"author":[{"embeddable":true,"href":"https:\/\/isf.fo\/en\/wp-json\/wp\/v2\/users\/6"}],"replies":[{"embeddable":true,"href":"https:\/\/isf.fo\/en\/wp-json\/wp\/v2\/comments?post=5742"}],"version-history":[{"count":30,"href":"https:\/\/isf.fo\/en\/wp-json\/wp\/v2\/pages\/5742\/revisions"}],"predecessor-version":[{"id":13132,"href":"https:\/\/isf.fo\/en\/wp-json\/wp\/v2\/pages\/5742\/revisions\/13132"}],"up":[{"embeddable":true,"href":"https:\/\/isf.fo\/en\/wp-json\/wp\/v2\/pages\/422"}],"wp:attachment":[{"href":"https:\/\/isf.fo\/en\/wp-json\/wp\/v2\/media?parent=5742"}],"curies":[{"name":"wp","href":"https:\/\/api.w.org\/{rel}","templated":true}]}}