{"id":5885,"date":"2017-09-28T10:55:56","date_gmt":"2017-09-28T10:55:56","guid":{"rendered":"https:\/\/isf.fo\/?page_id=5885"},"modified":"2022-08-25T12:07:06","modified_gmt":"2022-08-25T12:07:06","slug":"tiltok","status":"publish","type":"page","link":"https:\/\/isf.fo\/en\/tiltok\/","title":{"rendered":"Events"},"content":{"rendered":"<p><iframe data-src=\"https:\/\/calendar.google.com\/calendar\/embed?height=700&amp;wkst=2&amp;bgcolor=%23ffffff&amp;ctz=Atlantic%2FFaroe&amp;title=Tilt%C3%B8k%2C%20%C3%8DSF&amp;src=aXNmLmZvX25ubG51cmZ1b3BvNWdkbHIxZHAwcTcxZzcwQGdyb3VwLmNhbGVuZGFyLmdvb2dsZS5jb20&amp;src=aXNmLmZvXzNnbjlyOGppcWI4OG1pdWw2aDVjNGI3ZGhnQGdyb3VwLmNhbGVuZGFyLmdvb2dsZS5jb20&amp;src=aXNmLmZvX2Zoa2dnczhwdTMwYW5tZ3NrcG05bDlwcHE0QGdyb3VwLmNhbGVuZGFyLmdvb2dsZS5jb20&amp;src=aXNmLmZvX2tlcjJmNGd0NDdpdTFrMjBtbDNscHVzbWw4QGdyb3VwLmNhbGVuZGFyLmdvb2dsZS5jb20&amp;src=aXNmLmZvX240NnAzMGR0ZnBrbmg0cHJtNmFydjk4aDZzQGdyb3VwLmNhbGVuZGFyLmdvb2dsZS5jb20&amp;src=aXNmLmZvXzhscGUwZWJqNzI0cjBmYmsyNzlsODBnY2c0QGdyb3VwLmNhbGVuZGFyLmdvb2dsZS5jb20&amp;src=aXNmLmZvX2JrNGI3ZDRrZXExdTM3YzFxcmVsdnI5NjQ0QGdyb3VwLmNhbGVuZGFyLmdvb2dsZS5jb20&amp;src=Y182NmdmbjU5azVqbDk0Nms1ODEwMXNiZnFqY0Bncm91cC5jYWxlbmRhci5nb29nbGUuY29t&amp;src=aXNmLmZvXzl1aTA4amtkcnQxaDdkM2cxNzRya2s2YTI4QGdyb3VwLmNhbGVuZGFyLmdvb2dsZS5jb20&amp;src=Y19mNHRqOXNmMnFydWNjcWc5c2JiYWdtZW42c0Bncm91cC5jYWxlbmRhci5nb29nbGUuY29t&amp;src=dGlsdG9rQGlzZi5mbw&amp;src=NjJzYW5yNG81djZnZmdib2FuZzU0b3NqaWtAZ3JvdXAuY2FsZW5kYXIuZ29vZ2xlLmNvbQ&amp;src=ZWQ5cWl0ZmJpZG00aWVvbmR0NTM4amE0Z2tAZ3JvdXAuY2FsZW5kYXIuZ29vZ2xlLmNvbQ&amp;src=YmZvcm95YUBnbWFpbC5jb20&amp;src=YnRzZjE5ODBAZ21haWwuY29t&amp;src=aHNmQGhzZi5mbw&amp;src=anVkb0BqdWRvLmZv&amp;src=cGFyYXNwb3J0Zm9yb3lhckBnbWFpbC5jb20&amp;src=cnNmQHJzZi5mbw&amp;src=c2tqb3Rpc2FtYmFuZEBnbWFpbC5jb20&amp;src=c3ZpbWZvckBnbWFpbC5jb20&amp;color=%23AD1457&amp;color=%23C0CA33&amp;color=%23E67C73&amp;color=%23009688&amp;color=%233F51B5&amp;color=%23D81B60&amp;color=%23795548&amp;color=%237986CB&amp;color=%23039BE5&amp;color=%23B39DDB&amp;color=%23009688&amp;color=%23A79B8E&amp;color=%23616161&amp;color=%23AD1457&amp;color=%23C0CA33&amp;color=%23EF6C00&amp;color=%23D50000&amp;color=%234285F4&amp;color=%237986CB&amp;color=%239E69AF&amp;color=%23E4C441\" style=\"border:solid 1px #777\" width=\"800\" height=\"700\" frameborder=\"0\" scrolling=\"no\" src=\"data:image\/svg+xml;base64,PHN2ZyB3aWR0aD0iMSIgaGVpZ2h0PSIxIiB4bWxucz0iaHR0cDovL3d3dy53My5vcmcvMjAwMC9zdmciPjwvc3ZnPg==\" class=\"lazyload\" data-load-mode=\"1\"><\/iframe><\/p>","protected":false},"excerpt":{"rendered":"","protected":false},"author":6,"featured_media":0,"parent":0,"menu_order":28,"comment_status":"closed","ping_status":"closed","template":"","meta":{"_acf_changed":false,"_relevanssi_hide_post":"","_relevanssi_hide_content":"","_relevanssi_pin_for_all":"","_relevanssi_pin_keywords":"","_relevanssi_unpin_keywords":"","_relevanssi_related_keywords":"","_relevanssi_related_include_ids":"","_relevanssi_related_exclude_ids":"","_relevanssi_related_no_append":"","_relevanssi_related_not_related":"","_relevanssi_related_posts":"","_relevanssi_noindex_reason":"","inline_featured_image":false,"footnotes":""},"class_list":["post-5885","page","type-page","status-publish","hentry"],"acf":[],"yoast_head":"<!-- This site is optimized with the Yoast SEO plugin v27.5 - https:\/\/yoast.com\/product\/yoast-seo-wordpress\/ -->\n<title>Tilt\u00f8k - \u00cdtr\u00f3ttasamband F\u00f8roya<\/title>\n<meta name=\"robots\" content=\"index, follow, max-snippet:-1, max-image-preview:large, max-video-preview:-1\" \/>\n<link rel=\"canonical\" href=\"https:\/\/isf.fo\/en\/tiltok\/\" \/>\n<meta property=\"og:locale\" content=\"en_US\" \/>\n<meta property=\"og:type\" content=\"article\" \/>\n<meta property=\"og:title\" content=\"Tilt\u00f8k - \u00cdtr\u00f3ttasamband F\u00f8roya\" \/>\n<meta property=\"og:url\" content=\"https:\/\/isf.fo\/en\/tiltok\/\" \/>\n<meta property=\"og:site_name\" content=\"\u00cdtr\u00f3ttasamband F\u00f8roya\" \/>\n<meta property=\"article:publisher\" content=\"https:\/\/www.facebook.com\/itrottasambandid\" \/>\n<meta property=\"article:modified_time\" content=\"2022-08-25T12:07:06+00:00\" \/>\n<meta name=\"twitter:card\" content=\"summary_large_image\" \/>\n<script type=\"application\/ld+json\" class=\"yoast-schema-graph\">{\"@context\":\"https:\\\/\\\/schema.org\",\"@graph\":[{\"@type\":\"WebPage\",\"@id\":\"https:\\\/\\\/isf.fo\\\/tiltok\\\/\",\"url\":\"https:\\\/\\\/isf.fo\\\/tiltok\\\/\",\"name\":\"Tilt\u00f8k - \u00cdtr\u00f3ttasamband F\u00f8roya\",\"isPartOf\":{\"@id\":\"https:\\\/\\\/isf.fo\\\/#website\"},\"datePublished\":\"2017-09-28T10:55:56+00:00\",\"dateModified\":\"2022-08-25T12:07:06+00:00\",\"breadcrumb\":{\"@id\":\"https:\\\/\\\/isf.fo\\\/tiltok\\\/#breadcrumb\"},\"inLanguage\":\"en-US\",\"potentialAction\":[{\"@type\":\"ReadAction\",\"target\":[\"https:\\\/\\\/isf.fo\\\/tiltok\\\/\"]}]},{\"@type\":\"BreadcrumbList\",\"@id\":\"https:\\\/\\\/isf.fo\\\/tiltok\\\/#breadcrumb\",\"itemListElement\":[{\"@type\":\"ListItem\",\"position\":1,\"name\":\"Home\",\"item\":\"https:\\\/\\\/isf.fo\\\/\"},{\"@type\":\"ListItem\",\"position\":2,\"name\":\"Tilt\u00f8k\"}]},{\"@type\":\"WebSite\",\"@id\":\"https:\\\/\\\/isf.fo\\\/#website\",\"url\":\"https:\\\/\\\/isf.fo\\\/\",\"name\":\"\u00cdtr\u00f3ttasamband F\u00f8roya\",\"description\":\"\",\"publisher\":{\"@id\":\"https:\\\/\\\/isf.fo\\\/#organization\"},\"potentialAction\":[{\"@type\":\"SearchAction\",\"target\":{\"@type\":\"EntryPoint\",\"urlTemplate\":\"https:\\\/\\\/isf.fo\\\/?s={search_term_string}\"},\"query-input\":{\"@type\":\"PropertyValueSpecification\",\"valueRequired\":true,\"valueName\":\"search_term_string\"}}],\"inLanguage\":\"en-US\"},{\"@type\":\"Organization\",\"@id\":\"https:\\\/\\\/isf.fo\\\/#organization\",\"name\":\"\u00cdtr\u00f3ttasamband F\u00f8roya\",\"url\":\"https:\\\/\\\/isf.fo\\\/\",\"logo\":{\"@type\":\"ImageObject\",\"inLanguage\":\"en-US\",\"@id\":\"https:\\\/\\\/isf.fo\\\/#\\\/schema\\\/logo\\\/image\\\/\",\"url\":\"https:\\\/\\\/isf.fo\\\/wp-content\\\/uploads\\\/2025\\\/06\\\/ISF_Olympic-Committee-logo.png\",\"contentUrl\":\"https:\\\/\\\/isf.fo\\\/wp-content\\\/uploads\\\/2025\\\/06\\\/ISF_Olympic-Committee-logo.png\",\"width\":618,\"height\":121,\"caption\":\"\u00cdtr\u00f3ttasamband F\u00f8roya\"},\"image\":{\"@id\":\"https:\\\/\\\/isf.fo\\\/#\\\/schema\\\/logo\\\/image\\\/\"},\"sameAs\":[\"https:\\\/\\\/www.facebook.com\\\/itrottasambandid\"]}]}<\/script>\n<!-- \/ Yoast SEO plugin. -->","yoast_head_json":{"title":"Tilt\u00f8k - \u00cdtr\u00f3ttasamband F\u00f8roya","robots":{"index":"index","follow":"follow","max-snippet":"max-snippet:-1","max-image-preview":"max-image-preview:large","max-video-preview":"max-video-preview:-1"},"canonical":"https:\/\/isf.fo\/en\/tiltok\/","og_locale":"en_US","og_type":"article","og_title":"Tilt\u00f8k - \u00cdtr\u00f3ttasamband F\u00f8roya","og_url":"https:\/\/isf.fo\/en\/tiltok\/","og_site_name":"\u00cdtr\u00f3ttasamband F\u00f8roya","article_publisher":"https:\/\/www.facebook.com\/itrottasambandid","article_modified_time":"2022-08-25T12:07:06+00:00","twitter_card":"summary_large_image","schema":{"@context":"https:\/\/schema.org","@graph":[{"@type":"WebPage","@id":"https:\/\/isf.fo\/tiltok\/","url":"https:\/\/isf.fo\/tiltok\/","name":"Tilt\u00f8k - \u00cdtr\u00f3ttasamband F\u00f8roya","isPartOf":{"@id":"https:\/\/isf.fo\/#website"},"datePublished":"2017-09-28T10:55:56+00:00","dateModified":"2022-08-25T12:07:06+00:00","breadcrumb":{"@id":"https:\/\/isf.fo\/tiltok\/#breadcrumb"},"inLanguage":"en-US","potentialAction":[{"@type":"ReadAction","target":["https:\/\/isf.fo\/tiltok\/"]}]},{"@type":"BreadcrumbList","@id":"https:\/\/isf.fo\/tiltok\/#breadcrumb","itemListElement":[{"@type":"ListItem","position":1,"name":"Home","item":"https:\/\/isf.fo\/"},{"@type":"ListItem","position":2,"name":"Tilt\u00f8k"}]},{"@type":"WebSite","@id":"https:\/\/isf.fo\/#website","url":"https:\/\/isf.fo\/","name":"\u00cdtr\u00f3ttasamband F\u00f8roya","description":"","publisher":{"@id":"https:\/\/isf.fo\/#organization"},"potentialAction":[{"@type":"SearchAction","target":{"@type":"EntryPoint","urlTemplate":"https:\/\/isf.fo\/?s={search_term_string}"},"query-input":{"@type":"PropertyValueSpecification","valueRequired":true,"valueName":"search_term_string"}}],"inLanguage":"en-US"},{"@type":"Organization","@id":"https:\/\/isf.fo\/#organization","name":"\u00cdtr\u00f3ttasamband F\u00f8roya","url":"https:\/\/isf.fo\/","logo":{"@type":"ImageObject","inLanguage":"en-US","@id":"https:\/\/isf.fo\/#\/schema\/logo\/image\/","url":"https:\/\/isf.fo\/wp-content\/uploads\/2025\/06\/ISF_Olympic-Committee-logo.png","contentUrl":"https:\/\/isf.fo\/wp-content\/uploads\/2025\/06\/ISF_Olympic-Committee-logo.png","width":618,"height":121,"caption":"\u00cdtr\u00f3ttasamband F\u00f8roya"},"image":{"@id":"https:\/\/isf.fo\/#\/schema\/logo\/image\/"},"sameAs":["https:\/\/www.facebook.com\/itrottasambandid"]}]}},"_links":{"self":[{"href":"https:\/\/isf.fo\/en\/wp-json\/wp\/v2\/pages\/5885","targetHints":{"allow":["GET"]}}],"collection":[{"href":"https:\/\/isf.fo\/en\/wp-json\/wp\/v2\/pages"}],"about":[{"href":"https:\/\/isf.fo\/en\/wp-json\/wp\/v2\/types\/page"}],"author":[{"embeddable":true,"href":"https:\/\/isf.fo\/en\/wp-json\/wp\/v2\/users\/6"}],"replies":[{"embeddable":true,"href":"https:\/\/isf.fo\/en\/wp-json\/wp\/v2\/comments?post=5885"}],"version-history":[{"count":55,"href":"https:\/\/isf.fo\/en\/wp-json\/wp\/v2\/pages\/5885\/revisions"}],"predecessor-version":[{"id":10083,"href":"https:\/\/isf.fo\/en\/wp-json\/wp\/v2\/pages\/5885\/revisions\/10083"}],"wp:attachment":[{"href":"https:\/\/isf.fo\/en\/wp-json\/wp\/v2\/media?parent=5885"}],"curies":[{"name":"wp","href":"https:\/\/api.w.org\/{rel}","templated":true}]}}