{"id":5945,"date":"2017-11-01T12:32:51","date_gmt":"2017-11-01T12:32:51","guid":{"rendered":"https:\/\/isf.fo\/logir\/standard-vidtokur-fyri-nyggj-menningarsambond-2\/"},"modified":"2017-12-08T14:14:59","modified_gmt":"2017-12-08T14:14:59","slug":"standard-vidtokur-fyri-nyggj-menningarsambond-2","status":"publish","type":"page","link":"https:\/\/isf.fo\/en\/logir\/standard-vidtokur-fyri-nyggj-menningarsambond-2\/","title":{"rendered":"Standard vi\u00f0t\u00f8kur fyri n\u00fdggj menningarsambond"},"content":{"rendered":"<p><strong><a href=\"https:\/\/d21ockg4ri0hhk.cloudfront.net\/wp-content\/uploads\/2017\/11\/30193052\/2017-11-01-Standard-vi%C3%B0t%C3%B8kur-fyri-n%C3%BDggj-menningarsambond.docx\">2017-11-01 Standard vi\u00f0t\u00f8kur fyri n\u00fdggj menningarsambond<\/a><\/strong><\/p>\n<p><strong>STANDARD VI\u00d0T\u00d8KUR\u00a0 <\/strong><strong>fyri <\/strong><strong>MENNINGARSAMBOND INNAN \u00cdSF<\/strong><\/p>\n<p><strong>\u00a7 1 Navn og heimsta\u00f0ur<\/strong><\/p>\n<p>Navn sambandsins er __________ , og heimsta\u00f0urin er___________ .<\/p>\n<p><b>\u00a7 <\/b><strong>2 <\/strong><strong>Menningarsamband<\/strong><\/p>\n<p>Sambandi\u00f0 ver\u00f0ur skipa\u00f0 sum eitt ,,Menningarsamband\u201d samb\u00e6rt Evstu l\u00f3g \u00cdSF\u2019s kap. 4 orsaka\u00f0 av, at sambandi\u00f0 vi\u00f0 stovnan ikki l\u00fdkur treytirnar \u00ed nevndu Evstu l\u00f3g fyri at gerast sj\u00e1lvst\u00f8\u00f0ugt sersamband.<\/p>\n<p><strong>\u00a7<\/strong> <strong>3 <\/strong><strong>Endam\u00e1l<\/strong><\/p>\n<p>Endam\u00e1li\u00f0 er at __________________________________<\/p>\n<p><strong>\u00a7 4 <\/strong><strong>Limaskapur<\/strong><\/p>\n<p>Fel\u00f8g, sum \u00ed\u00f0ka \u00edtr\u00f3tt innan______, kunnu gerast limir samb\u00e6rt skrivligari ums\u00f3kn til nevnd sambandsins. Ver\u00f0ur nokta\u00f0 ums\u00f8kjara limaskap, kann ums\u00f8kjari leggja spurningin um limaskap fyri a\u00f0alfundin.<\/p>\n<p><strong>\u00a7 5 <\/strong><strong>Limaskyldur og -r\u00e6ttindir<\/strong><\/p>\n<p>Limir hava skyldu til at fylgja t\u00ed til hv\u00f8rja t\u00ed\u00f0 galdandi regluverki hj\u00e1 sambandinum og annars at fylgja teimum \u00e1setingum og bo\u00f0um, sum sambandi\u00f0 gevur limunum, herundir at gjalda ta\u00f0 limagjald, sum er \u00e1lagt limunum av sambandinum.<\/p>\n<p>Hinvegin nj\u00f3ta limirnir \u00f8ll tey r\u00e6ttindir, sum fylgja av limaskapinum, herundir at m\u00f8ta \u00e1 a\u00f0alfundi og at luttaka \u00ed \u00f8llum t\u00ed virksemi, sum sambandi\u00f0 fyriskipar.<\/p>\n<p><strong>\u00a7 6 <\/strong><strong>Upps\u00f8gn<\/strong><\/p>\n<p>Limur kann siga limaskap s\u00edn upp vi\u00f0 einum m\u00e1na\u00f0 freist til ein 1. \u00ed einum m\u00e1na\u00f0i. Limur kann eisini koyrast \u00far sambandinum, um limur grovt hevur forbroti\u00f0 seg, herundir ikki hevur goldi\u00f0 gjaldkomi\u00f0 limagjald \u00ed minsta lagi \u00ed eitt \u00e1r og broti\u00f0 vi\u00f0t\u00f8kur sambandsins. Limur, sum ver\u00f0ur koyrdur \u00far sambandinum, kann leggja spurningin fyri fyrstkomandi a\u00f0alfund til st\u00f8\u00f0utakan.<\/p>\n<p>H\u00f3ast upps\u00f8gn, b\u00e6\u00f0i fr\u00e1 limi sj\u00e1lvum og av sambandinum, heftir limur t\u00f3 fyri gjaldkomi\u00f0 limagjald fram til uppathald av limaskapinum.<\/p>\n<p><strong>\u00a7 7 A\u00f0alfundir<\/strong><\/p>\n<p>A\u00f0alfundurin, sum ver\u00f0ur hildin \u00ed heimsta\u00f0i felagsins, er h\u00e6gsti myndugleiki sambandsins. \u00c1rsa\u00f0alfundur ver\u00f0ur hildin, \u00e1\u00f0renn________ er farin. Nevndin innkallar til a\u00f0alfund vi\u00f0 skrivligari fr\u00e1bo\u00f0an til allar limir sambandsins vi\u00f0 \u00ed minsta lagi 14 daga varningi. M\u00e1l, sum limir vilja hava til vi\u00f0ger\u00f0ar, skulu vera nevndini \u00ed hendi \u00ed minsta lagi 12 dagar undan a\u00f0alfundinum. M\u00e1l fr\u00e1 limum, sum ikki eru send \u00fat saman vi\u00f0 fundarinnkallingini, ver\u00f0a fr\u00e1bo\u00f0a\u00f0 limum skrivliga \u00ed \u00a0minsta lagi 8 dagar undan a\u00f0alfundinum, samstundis sum fr\u00e1bo\u00f0a\u00f0 ver\u00f0ur, at fullf\u00edggja\u00f0 uppskot liggja frammi til gj\u00f8gnumgongd \u00e1 skrivstovu sambandsins somulei\u00f0is 8 dagar undan a\u00f0alfundinum.<\/p>\n<p>Starvsnevnd \u00cdSF\u00b4s hevur m\u00f8ti- og talur\u00e6tt \u00e1 a\u00f0alfundinum og ver\u00f0ur at innkalla\u00f0 til a\u00f0alfundar eftir somu reglum sum omanfyri.<\/p>\n<p>Fundarskr\u00e1in \u00e1 \u00e1rsa\u00f0alfundi er henda:<\/p>\n<ol>\n<li>Val av fundarstj\u00f3ra<\/li>\n<li>Fr\u00e1grei\u00f0ing nevndarinnar fyri farna \u00e1ri\u00f0<\/li>\n<li>Framl\u00f8ga av roknskapi og f\u00edggjarst\u00f8\u00f0u til g\u00f3\u00f0kenningar<\/li>\n<li>Val av nevndarlimum og m\u00f8guligum eykalimum<\/li>\n<li>Val av grannsko\u00f0ara<\/li>\n<li>Innkomin m\u00e1l<\/li>\n<li>Ymiskt<\/li>\n<\/ol>\n<p>Fundarstj\u00f3rin, sum kann vera nevndarlimur, ger av allar ivaspurningar \u00e1 fundinum, herundir eisini, hvussu atkv\u00f8\u00f0ugrei\u00f0sla fer fram. Atkv\u00f8\u00f0ast kann samb\u00e6rt fulltr\u00fa. Fundarstj\u00f3rin ger av gildi hennara.<\/p>\n<p>Eykaa\u00f0alfundur ver\u00f0ur hildin, t\u00e1 nevndin heldur ta\u00f0 vera ney\u00f0ugt, og eftir ynski fr\u00e1 minst helvtini av limunum. Innkallingar- og framl\u00f8gufreistir og mannagongd annars er tann sama sum \u00e1 vanligum \u00e1rsa\u00f0alfundi.<\/p>\n<p><strong>\u00a7 8 Nevndin<\/strong><\/p>\n<p>Felagi\u00f0 ver\u00f0ur st\u00fdrt av einari nevnd, sum hevur tr\u00edggjar &#8211; fimm limir. Eykalimir kunnu veljast. Nevndarlimir ver\u00f0a valdir anna\u00f0hv\u00f8rt \u00e1r, solei\u00f0is at anna\u00f0hv\u00f8rt \u00e1r stendur ein, \u00e1vikavist tveir nevndarlimur fyri vali, me\u00f0an anna\u00f0hv\u00f8rt \u00e1r standa tveir limir \u00e1v\u00edvavist tr\u00edggir limir fyri vali. Nevndin skipar seg sj\u00e1lv.<\/p>\n<p>Nevndin kann gera regluger\u00f0 fyri virksemi s\u00ednum.<\/p>\n<p>Fer nevndarlimur fr\u00e1 \u00ed \u00fart\u00ed\u00f0, ver\u00f0ur innkalla\u00f0 til eykaa\u00f0alfund til val av n\u00fdggjum nevndarlimi, um eingin eykalimur er valdur.<\/p>\n<p>Ger\u00f0ab\u00f3k ver\u00f0ur f\u00f8rd fyri allar a\u00f0al- og nevndarfundir.<\/p>\n<p><strong>\u00a7 9 D\u00f3msnevndin<\/strong><\/p>\n<p>D\u00f3msnevndin vi\u00f0ger\u00f0 k\u00e6rur av avger\u00f0um, sum nevnd sambandsins hevur tiki\u00f0.<\/p>\n<p>Samansetingin av d\u00f3msnevndini og vi\u00f0ger\u00f0in fer fram samb\u00e6rt teimum til hv\u00f8rja t\u00ed\u00f0 galdandi reglum fyri d\u00f3msnevndina innan \u00cdSF og vi\u00f0ger\u00f0 av k\u00e6rum.<\/p>\n<p><strong>\u00a7 10 Tekningarreglur<\/strong><\/p>\n<p>Felagi\u00f0 ver\u00f0ur tekna\u00f0 av \u00ed minsta lagi tveimum nevndarlimum. Til keyp, s\u00f8lu ella ve\u00f0seting av f\u00f8stum ognum krevst b\u00e6\u00f0i nevndar- og a\u00f0alfundarsamtykt.<\/p>\n<p><strong>\u00a7 11 Heftilsi<\/strong><\/p>\n<p>Sambandi\u00f0 heftir bert fyri skyldum s\u00ednum vi\u00f0 teimum til eina og hv\u00f8rja t\u00ed\u00f0 verandi ognum, sum hoyra sambandinum til. Limirnir \u00ed sambandinum og nevndin hefta ikki pers\u00f3nliga fyri felagsins skyldum, men bert vi\u00f0 s\u00ednum limagjaldi.<\/p>\n<p><strong>\u00a7 12 Roknskapur<\/strong><\/p>\n<p>Roknskapar\u00e1r sambandsins er vanligt \u00e1lmanakka\u00e1r. Fyrsta roknskapar\u00e1r er fr\u00e1 stovnan sambandsins<\/p>\n<p>til___________. Roknskapurin ver\u00f0ur grannsko\u00f0a\u00f0ur av einum \u00e1 a\u00f0alfundi valdum grannsko\u00f0ara, sum hevur r\u00e6tt at kanna felagsins b\u00f8kur og skj\u00f8l, t\u00e1 i\u00f0 hann ynskir ta\u00f0.<\/p>\n<p><strong>\u00a7 13 Vi\u00f0t\u00f8kubroytingar<\/strong><\/p>\n<p>Fyri at broyta vi\u00f0t\u00f8kurnar krevst a\u00f0alfundarsamtykt, har \u00ed minsta lagi 2\/3 av m\u00f8ttu limunum atkv\u00f8\u00f0a fyri.<\/p>\n<p><strong>\u00a7 14 Avt\u00f8ka<\/strong><\/p>\n<p>Fyri at taka sambandi\u00f0 av krevst a\u00f0alfundarsamtykt vi\u00f0, at \u00ed minsta lagi 3\/4 av limum felagsins eru \u00e1 fundi og samstundis eisini atkv\u00f8\u00f0a fyri.<\/p>\n<p>Ver\u00f0ur sambandi\u00f0 tiki\u00f0 av, velur a\u00f0alfundurin ein ella fleiri avt\u00f8kustj\u00f3rar. Eitt m\u00f8guligt avlop, aftan\u00e1 at allir krav\u00e1nararnir hj\u00e1 sambandinum hava fingi\u00f0 fulna, skal n\u00fdtast til eitthv\u00f8rt virksemi, sum hevur samband vi\u00f0 endam\u00e1l sambandsins.<\/p>\n<p>Solei\u00f0is samtykt \u00e1 stovnandi a\u00f0alfundi \u00ed___________tann____________<\/p>\n<p>Nevndin:<\/p>\n<p>_____________________<\/p>\n<p>&nbsp;<\/p>\n<p>_____________________\u00a0\u00a0\u00a0\u00a0\u00a0\u00a0\u00a0\u00a0\u00a0\u00a0\u00a0\u00a0\u00a0\u00a0\u00a0\u00a0\u00a0\u00a0\u00a0 _____________________<\/p>\n<p>&nbsp;<\/p>\n<p>_____________________\u00a0\u00a0\u00a0\u00a0\u00a0\u00a0\u00a0\u00a0\u00a0\u00a0\u00a0\u00a0\u00a0\u00a0\u00a0\u00a0 _____________________<\/p>\n<p>&nbsp;<\/p>","protected":false},"excerpt":{"rendered":"<p>2017-11-01 Standard vi\u00f0t\u00f8kur fyri n\u00fdggj menningarsambond STANDARD VI\u00d0T\u00d8KUR\u00a0 fyri MENNINGARSAMBOND INNAN \u00cdSF \u00a7 1 Navn og heimsta\u00f0ur Navn sambandsins er [&hellip;]<\/p>\n","protected":false},"author":7,"featured_media":0,"parent":405,"menu_order":0,"comment_status":"closed","ping_status":"closed","template":"","meta":{"_acf_changed":false,"_relevanssi_hide_post":"","_relevanssi_hide_content":"","_relevanssi_pin_for_all":"","_relevanssi_pin_keywords":"","_relevanssi_unpin_keywords":"","_relevanssi_related_keywords":"","_relevanssi_related_include_ids":"","_relevanssi_related_exclude_ids":"","_relevanssi_related_no_append":"","_relevanssi_related_not_related":"","_relevanssi_related_posts":"","_relevanssi_noindex_reason":"","inline_featured_image":false,"footnotes":""},"class_list":["post-5945","page","type-page","status-publish","hentry"],"acf":[],"yoast_head":"<!-- This site is optimized with the Yoast SEO plugin v27.5 - https:\/\/yoast.com\/product\/yoast-seo-wordpress\/ -->\n<title>Standard vi\u00f0t\u00f8kur fyri n\u00fdggj menningarsambond - \u00cdtr\u00f3ttasamband F\u00f8roya<\/title>\n<meta name=\"robots\" content=\"index, follow, max-snippet:-1, max-image-preview:large, max-video-preview:-1\" \/>\n<link rel=\"canonical\" href=\"https:\/\/isf.fo\/en\/logir\/standard-vidtokur-fyri-nyggj-menningarsambond-2\/\" \/>\n<meta property=\"og:locale\" content=\"en_US\" \/>\n<meta property=\"og:type\" content=\"article\" \/>\n<meta property=\"og:title\" content=\"Standard vi\u00f0t\u00f8kur fyri n\u00fdggj menningarsambond - \u00cdtr\u00f3ttasamband F\u00f8roya\" \/>\n<meta property=\"og:description\" content=\"2017-11-01 Standard vi\u00f0t\u00f8kur fyri n\u00fdggj menningarsambond STANDARD VI\u00d0T\u00d8KUR\u00a0 fyri MENNINGARSAMBOND INNAN \u00cdSF \u00a7 1 Navn og heimsta\u00f0ur Navn sambandsins er [&hellip;]\" \/>\n<meta property=\"og:url\" content=\"https:\/\/isf.fo\/en\/logir\/standard-vidtokur-fyri-nyggj-menningarsambond-2\/\" \/>\n<meta property=\"og:site_name\" content=\"\u00cdtr\u00f3ttasamband F\u00f8roya\" \/>\n<meta property=\"article:publisher\" content=\"https:\/\/www.facebook.com\/itrottasambandid\" \/>\n<meta property=\"article:modified_time\" content=\"2017-12-08T14:14:59+00:00\" \/>\n<meta name=\"twitter:card\" content=\"summary_large_image\" \/>\n<meta name=\"twitter:label1\" content=\"Est. reading time\" \/>\n\t<meta name=\"twitter:data1\" content=\"4 minutes\" \/>\n<script type=\"application\/ld+json\" class=\"yoast-schema-graph\">{\"@context\":\"https:\\\/\\\/schema.org\",\"@graph\":[{\"@type\":\"WebPage\",\"@id\":\"https:\\\/\\\/isf.fo\\\/logir\\\/standard-vidtokur-fyri-nyggj-menningarsambond-2\\\/\",\"url\":\"https:\\\/\\\/isf.fo\\\/logir\\\/standard-vidtokur-fyri-nyggj-menningarsambond-2\\\/\",\"name\":\"Standard vi\u00f0t\u00f8kur fyri n\u00fdggj menningarsambond - \u00cdtr\u00f3ttasamband F\u00f8roya\",\"isPartOf\":{\"@id\":\"https:\\\/\\\/isf.fo\\\/#website\"},\"datePublished\":\"2017-11-01T12:32:51+00:00\",\"dateModified\":\"2017-12-08T14:14:59+00:00\",\"breadcrumb\":{\"@id\":\"https:\\\/\\\/isf.fo\\\/logir\\\/standard-vidtokur-fyri-nyggj-menningarsambond-2\\\/#breadcrumb\"},\"inLanguage\":\"en-US\",\"potentialAction\":[{\"@type\":\"ReadAction\",\"target\":[\"https:\\\/\\\/isf.fo\\\/logir\\\/standard-vidtokur-fyri-nyggj-menningarsambond-2\\\/\"]}]},{\"@type\":\"BreadcrumbList\",\"@id\":\"https:\\\/\\\/isf.fo\\\/logir\\\/standard-vidtokur-fyri-nyggj-menningarsambond-2\\\/#breadcrumb\",\"itemListElement\":[{\"@type\":\"ListItem\",\"position\":1,\"name\":\"Home\",\"item\":\"https:\\\/\\\/isf.fo\\\/\"},{\"@type\":\"ListItem\",\"position\":2,\"name\":\"L\u00f3gir\",\"item\":\"https:\\\/\\\/isf.fo\\\/logir\\\/\"},{\"@type\":\"ListItem\",\"position\":3,\"name\":\"Standard vi\u00f0t\u00f8kur fyri n\u00fdggj menningarsambond\"}]},{\"@type\":\"WebSite\",\"@id\":\"https:\\\/\\\/isf.fo\\\/#website\",\"url\":\"https:\\\/\\\/isf.fo\\\/\",\"name\":\"\u00cdtr\u00f3ttasamband F\u00f8roya\",\"description\":\"\",\"publisher\":{\"@id\":\"https:\\\/\\\/isf.fo\\\/#organization\"},\"potentialAction\":[{\"@type\":\"SearchAction\",\"target\":{\"@type\":\"EntryPoint\",\"urlTemplate\":\"https:\\\/\\\/isf.fo\\\/?s={search_term_string}\"},\"query-input\":{\"@type\":\"PropertyValueSpecification\",\"valueRequired\":true,\"valueName\":\"search_term_string\"}}],\"inLanguage\":\"en-US\"},{\"@type\":\"Organization\",\"@id\":\"https:\\\/\\\/isf.fo\\\/#organization\",\"name\":\"\u00cdtr\u00f3ttasamband F\u00f8roya\",\"url\":\"https:\\\/\\\/isf.fo\\\/\",\"logo\":{\"@type\":\"ImageObject\",\"inLanguage\":\"en-US\",\"@id\":\"https:\\\/\\\/isf.fo\\\/#\\\/schema\\\/logo\\\/image\\\/\",\"url\":\"https:\\\/\\\/isf.fo\\\/wp-content\\\/uploads\\\/2025\\\/06\\\/ISF_Olympic-Committee-logo.png\",\"contentUrl\":\"https:\\\/\\\/isf.fo\\\/wp-content\\\/uploads\\\/2025\\\/06\\\/ISF_Olympic-Committee-logo.png\",\"width\":618,\"height\":121,\"caption\":\"\u00cdtr\u00f3ttasamband F\u00f8roya\"},\"image\":{\"@id\":\"https:\\\/\\\/isf.fo\\\/#\\\/schema\\\/logo\\\/image\\\/\"},\"sameAs\":[\"https:\\\/\\\/www.facebook.com\\\/itrottasambandid\"]}]}<\/script>\n<!-- \/ Yoast SEO plugin. -->","yoast_head_json":{"title":"Standard vi\u00f0t\u00f8kur fyri n\u00fdggj menningarsambond - \u00cdtr\u00f3ttasamband F\u00f8roya","robots":{"index":"index","follow":"follow","max-snippet":"max-snippet:-1","max-image-preview":"max-image-preview:large","max-video-preview":"max-video-preview:-1"},"canonical":"https:\/\/isf.fo\/en\/logir\/standard-vidtokur-fyri-nyggj-menningarsambond-2\/","og_locale":"en_US","og_type":"article","og_title":"Standard vi\u00f0t\u00f8kur fyri n\u00fdggj menningarsambond - \u00cdtr\u00f3ttasamband F\u00f8roya","og_description":"2017-11-01 Standard vi\u00f0t\u00f8kur fyri n\u00fdggj menningarsambond STANDARD VI\u00d0T\u00d8KUR\u00a0 fyri MENNINGARSAMBOND INNAN \u00cdSF \u00a7 1 Navn og heimsta\u00f0ur Navn sambandsins er [&hellip;]","og_url":"https:\/\/isf.fo\/en\/logir\/standard-vidtokur-fyri-nyggj-menningarsambond-2\/","og_site_name":"\u00cdtr\u00f3ttasamband F\u00f8roya","article_publisher":"https:\/\/www.facebook.com\/itrottasambandid","article_modified_time":"2017-12-08T14:14:59+00:00","twitter_card":"summary_large_image","twitter_misc":{"Est. reading time":"4 minutes"},"schema":{"@context":"https:\/\/schema.org","@graph":[{"@type":"WebPage","@id":"https:\/\/isf.fo\/logir\/standard-vidtokur-fyri-nyggj-menningarsambond-2\/","url":"https:\/\/isf.fo\/logir\/standard-vidtokur-fyri-nyggj-menningarsambond-2\/","name":"Standard vi\u00f0t\u00f8kur fyri n\u00fdggj menningarsambond - \u00cdtr\u00f3ttasamband F\u00f8roya","isPartOf":{"@id":"https:\/\/isf.fo\/#website"},"datePublished":"2017-11-01T12:32:51+00:00","dateModified":"2017-12-08T14:14:59+00:00","breadcrumb":{"@id":"https:\/\/isf.fo\/logir\/standard-vidtokur-fyri-nyggj-menningarsambond-2\/#breadcrumb"},"inLanguage":"en-US","potentialAction":[{"@type":"ReadAction","target":["https:\/\/isf.fo\/logir\/standard-vidtokur-fyri-nyggj-menningarsambond-2\/"]}]},{"@type":"BreadcrumbList","@id":"https:\/\/isf.fo\/logir\/standard-vidtokur-fyri-nyggj-menningarsambond-2\/#breadcrumb","itemListElement":[{"@type":"ListItem","position":1,"name":"Home","item":"https:\/\/isf.fo\/"},{"@type":"ListItem","position":2,"name":"L\u00f3gir","item":"https:\/\/isf.fo\/logir\/"},{"@type":"ListItem","position":3,"name":"Standard vi\u00f0t\u00f8kur fyri n\u00fdggj menningarsambond"}]},{"@type":"WebSite","@id":"https:\/\/isf.fo\/#website","url":"https:\/\/isf.fo\/","name":"\u00cdtr\u00f3ttasamband F\u00f8roya","description":"","publisher":{"@id":"https:\/\/isf.fo\/#organization"},"potentialAction":[{"@type":"SearchAction","target":{"@type":"EntryPoint","urlTemplate":"https:\/\/isf.fo\/?s={search_term_string}"},"query-input":{"@type":"PropertyValueSpecification","valueRequired":true,"valueName":"search_term_string"}}],"inLanguage":"en-US"},{"@type":"Organization","@id":"https:\/\/isf.fo\/#organization","name":"\u00cdtr\u00f3ttasamband F\u00f8roya","url":"https:\/\/isf.fo\/","logo":{"@type":"ImageObject","inLanguage":"en-US","@id":"https:\/\/isf.fo\/#\/schema\/logo\/image\/","url":"https:\/\/isf.fo\/wp-content\/uploads\/2025\/06\/ISF_Olympic-Committee-logo.png","contentUrl":"https:\/\/isf.fo\/wp-content\/uploads\/2025\/06\/ISF_Olympic-Committee-logo.png","width":618,"height":121,"caption":"\u00cdtr\u00f3ttasamband F\u00f8roya"},"image":{"@id":"https:\/\/isf.fo\/#\/schema\/logo\/image\/"},"sameAs":["https:\/\/www.facebook.com\/itrottasambandid"]}]}},"_links":{"self":[{"href":"https:\/\/isf.fo\/en\/wp-json\/wp\/v2\/pages\/5945","targetHints":{"allow":["GET"]}}],"collection":[{"href":"https:\/\/isf.fo\/en\/wp-json\/wp\/v2\/pages"}],"about":[{"href":"https:\/\/isf.fo\/en\/wp-json\/wp\/v2\/types\/page"}],"author":[{"embeddable":true,"href":"https:\/\/isf.fo\/en\/wp-json\/wp\/v2\/users\/7"}],"replies":[{"embeddable":true,"href":"https:\/\/isf.fo\/en\/wp-json\/wp\/v2\/comments?post=5945"}],"version-history":[{"count":3,"href":"https:\/\/isf.fo\/en\/wp-json\/wp\/v2\/pages\/5945\/revisions"}],"predecessor-version":[{"id":6020,"href":"https:\/\/isf.fo\/en\/wp-json\/wp\/v2\/pages\/5945\/revisions\/6020"}],"up":[{"embeddable":true,"href":"https:\/\/isf.fo\/en\/wp-json\/wp\/v2\/pages\/405"}],"wp:attachment":[{"href":"https:\/\/isf.fo\/en\/wp-json\/wp\/v2\/media?parent=5945"}],"curies":[{"name":"wp","href":"https:\/\/api.w.org\/{rel}","templated":true}]}}