{"id":6008,"date":"2017-12-07T11:32:04","date_gmt":"2017-12-07T11:32:04","guid":{"rendered":"https:\/\/isf.fo\/logir\/reglugerd-altjoda-kappingar\/"},"modified":"2025-10-28T11:23:07","modified_gmt":"2025-10-28T11:23:07","slug":"reglugerd_altjoda_kappingar","status":"publish","type":"page","link":"https:\/\/isf.fo\/en\/logir\/reglugerd_altjoda_kappingar\/","title":{"rendered":"Regluger\u00f0 altj\u00f3\u00f0a kappingar \u00ed F\u00f8royum"},"content":{"rendered":"<p><strong>Regluger\u00f0 fyri stu\u00f0ul til altj\u00f3\u00f0a kappingar \u00ed F\u00f8royum<\/strong><\/p>\n<p>Hendan regluger\u00f0 vi\u00f0ger\u00f0 treytir fyri at f\u00e1a peningaligan stu\u00f0ul til at skipa fyri altj\u00f3\u00f0a kappingum \u00ed F\u00f8royum.<\/p>\n<p><span style=\"font-weight: 400;\">Stu\u00f0ul kann s\u00f8kjast til altj\u00f3\u00f0a kappingar, sum ser- og menningarsambond skipa fyri \u00ed F\u00f8royum. Sum meginregla skulu hesar treytir ver\u00f0a uppfyltar.<\/span><\/p>\n<ol>\n<li style=\"font-weight: 400;\" aria-level=\"1\"><span style=\"font-weight: 400;\">Talan skal ver\u00f0a um altj\u00f3\u00f0a kapping, sum er fyriskipa\u00f0 og g\u00f3\u00f0kend av altj\u00f3\u00f0a sambandi<\/span><\/li>\n<li style=\"font-weight: 400;\" aria-level=\"1\"><span style=\"font-weight: 400;\">Kappingin skal vera \u00e1 NM-st\u00f8\u00f0i ella \u00e1 l\u00edknandi ella h\u00e6gri st\u00f8\u00f0i.<\/span><\/li>\n<li style=\"font-weight: 400;\" aria-level=\"1\"><span style=\"font-weight: 400;\">Kappingin kann vera fyri junior ella vaksin.<\/span><\/li>\n<li style=\"font-weight: 400;\" aria-level=\"1\"><span style=\"font-weight: 400;\">\u00cd minsta lagi 4 lond skulu luttaka \u00ed kappingini.<\/span><\/li>\n<li style=\"font-weight: 400;\" aria-level=\"1\"><span style=\"font-weight: 400;\">\u00cd mun til uppsetta f\u00edggjar\u00e6tlan kann ein undirskotstrygd setast.<\/span><\/li>\n<li style=\"font-weight: 400;\" aria-level=\"1\"><span style=\"font-weight: 400;\">Ums\u00f3knarfreistin er 15. november \u00e1ri\u00f0 fyri<\/span><\/li>\n<li style=\"font-weight: 400;\" aria-level=\"1\"><span style=\"font-weight: 400;\">Uppger\u00f0 vi\u00f0 skjalpr\u00f3gvum fyri \u00fatrei\u00f0slurnar skal innlatast \u00cdSF seinast tveir m\u00e1na\u00f0ir eftir, at kappingin hevur veri\u00f0.<\/span><\/li>\n<\/ol>\n<p><i><span style=\"font-weight: 400;\">Samtykt \u00e1 starvsnevndarfundi 4. desember 2017, og seinast tillaga\u00f0 \u00e1 starvsnevndarfundi 27. oktober 2025<\/span><\/i><\/p>\n<ul>\n<li><a href=\"https:\/\/isf.fo\/wp-content\/uploads\/2025\/10\/2025-10-27-Reglugerd-altjoda-kappingar-i-Foroyum.pdf\"><strong>Regluger\u00f0 &#8211; Altj\u00f3\u00f0a kappingar \u00ed F\u00f8royum<\/strong><\/a><\/li>\n<li><a href=\"https:\/\/isf.fo\/wp-content\/uploads\/2025\/10\/Skjal-til-UMSOKN_Altjoda_og-EM_HM_kappingar_i_FO_2026.xlsx\"><strong>Ums\u00f3knarskjal<\/strong><\/a><\/li>\n<li><a href=\"https:\/\/isf.fo\/wp-content\/uploads\/2025\/10\/Skjal_til-UPPGERD_Altjoda_og-EM_HM_kappingar-2026.xlsx\"><strong>Skjal til uppger\u00f0<\/strong><\/a><\/li>\n<li><a href=\"https:\/\/isf.fo\/wp-content\/uploads\/2025\/10\/2025-10-27-Vegleiding-til-uppgerd-Altjoda-kappingar.pdf\"><strong>Veglei\u00f0ing til uppger\u00f0<\/strong><\/a><\/li>\n<\/ul>","protected":false},"excerpt":{"rendered":"<p>Regluger\u00f0 fyri stu\u00f0ul til altj\u00f3\u00f0a kappingar \u00ed F\u00f8royum Hendan regluger\u00f0 vi\u00f0ger\u00f0 treytir fyri at f\u00e1a peningaligan stu\u00f0ul til at skipa [&hellip;]<\/p>\n","protected":false},"author":7,"featured_media":0,"parent":405,"menu_order":12,"comment_status":"closed","ping_status":"closed","template":"","meta":{"_acf_changed":false,"_relevanssi_hide_post":"","_relevanssi_hide_content":"","_relevanssi_pin_for_all":"","_relevanssi_pin_keywords":"","_relevanssi_unpin_keywords":"","_relevanssi_related_keywords":"","_relevanssi_related_include_ids":"","_relevanssi_related_exclude_ids":"","_relevanssi_related_no_append":"","_relevanssi_related_not_related":"","_relevanssi_related_posts":"","_relevanssi_noindex_reason":"","inline_featured_image":false,"footnotes":""},"class_list":["post-6008","page","type-page","status-publish","hentry"],"acf":[],"yoast_head":"<!-- This site is optimized with the Yoast SEO plugin v27.3 - https:\/\/yoast.com\/product\/yoast-seo-wordpress\/ -->\n<title>Regluger\u00f0 altj\u00f3\u00f0a kappingar \u00ed F\u00f8royum - \u00cdtr\u00f3ttasamband F\u00f8roya<\/title>\n<meta name=\"robots\" content=\"index, follow, max-snippet:-1, max-image-preview:large, max-video-preview:-1\" \/>\n<link rel=\"canonical\" href=\"https:\/\/isf.fo\/en\/logir\/reglugerd_altjoda_kappingar\/\" \/>\n<meta property=\"og:locale\" content=\"en_US\" \/>\n<meta property=\"og:type\" content=\"article\" \/>\n<meta property=\"og:title\" content=\"Regluger\u00f0 altj\u00f3\u00f0a kappingar \u00ed F\u00f8royum - \u00cdtr\u00f3ttasamband F\u00f8roya\" \/>\n<meta property=\"og:description\" content=\"Regluger\u00f0 fyri stu\u00f0ul til altj\u00f3\u00f0a kappingar \u00ed F\u00f8royum Hendan regluger\u00f0 vi\u00f0ger\u00f0 treytir fyri at f\u00e1a peningaligan stu\u00f0ul til at skipa [&hellip;]\" \/>\n<meta property=\"og:url\" content=\"https:\/\/isf.fo\/en\/logir\/reglugerd_altjoda_kappingar\/\" \/>\n<meta property=\"og:site_name\" content=\"\u00cdtr\u00f3ttasamband F\u00f8roya\" \/>\n<meta property=\"article:publisher\" content=\"https:\/\/www.facebook.com\/itrottasambandid\" \/>\n<meta property=\"article:modified_time\" content=\"2025-10-28T11:23:07+00:00\" \/>\n<meta name=\"twitter:card\" content=\"summary_large_image\" \/>\n<meta name=\"twitter:label1\" content=\"Est. reading time\" \/>\n\t<meta name=\"twitter:data1\" content=\"1 minute\" \/>\n<script type=\"application\/ld+json\" class=\"yoast-schema-graph\">{\"@context\":\"https:\\\/\\\/schema.org\",\"@graph\":[{\"@type\":\"WebPage\",\"@id\":\"https:\\\/\\\/isf.fo\\\/logir\\\/reglugerd_altjoda_kappingar\\\/\",\"url\":\"https:\\\/\\\/isf.fo\\\/logir\\\/reglugerd_altjoda_kappingar\\\/\",\"name\":\"Regluger\u00f0 altj\u00f3\u00f0a kappingar \u00ed F\u00f8royum - \u00cdtr\u00f3ttasamband F\u00f8roya\",\"isPartOf\":{\"@id\":\"https:\\\/\\\/isf.fo\\\/#website\"},\"datePublished\":\"2017-12-07T11:32:04+00:00\",\"dateModified\":\"2025-10-28T11:23:07+00:00\",\"breadcrumb\":{\"@id\":\"https:\\\/\\\/isf.fo\\\/logir\\\/reglugerd_altjoda_kappingar\\\/#breadcrumb\"},\"inLanguage\":\"en-US\",\"potentialAction\":[{\"@type\":\"ReadAction\",\"target\":[\"https:\\\/\\\/isf.fo\\\/logir\\\/reglugerd_altjoda_kappingar\\\/\"]}]},{\"@type\":\"BreadcrumbList\",\"@id\":\"https:\\\/\\\/isf.fo\\\/logir\\\/reglugerd_altjoda_kappingar\\\/#breadcrumb\",\"itemListElement\":[{\"@type\":\"ListItem\",\"position\":1,\"name\":\"Home\",\"item\":\"https:\\\/\\\/isf.fo\\\/\"},{\"@type\":\"ListItem\",\"position\":2,\"name\":\"L\u00f3gir\",\"item\":\"https:\\\/\\\/isf.fo\\\/logir\\\/\"},{\"@type\":\"ListItem\",\"position\":3,\"name\":\"Regluger\u00f0 altj\u00f3\u00f0a kappingar \u00ed F\u00f8royum\"}]},{\"@type\":\"WebSite\",\"@id\":\"https:\\\/\\\/isf.fo\\\/#website\",\"url\":\"https:\\\/\\\/isf.fo\\\/\",\"name\":\"\u00cdtr\u00f3ttasamband F\u00f8roya\",\"description\":\"\",\"publisher\":{\"@id\":\"https:\\\/\\\/isf.fo\\\/#organization\"},\"potentialAction\":[{\"@type\":\"SearchAction\",\"target\":{\"@type\":\"EntryPoint\",\"urlTemplate\":\"https:\\\/\\\/isf.fo\\\/?s={search_term_string}\"},\"query-input\":{\"@type\":\"PropertyValueSpecification\",\"valueRequired\":true,\"valueName\":\"search_term_string\"}}],\"inLanguage\":\"en-US\"},{\"@type\":\"Organization\",\"@id\":\"https:\\\/\\\/isf.fo\\\/#organization\",\"name\":\"\u00cdtr\u00f3ttasamband F\u00f8roya\",\"url\":\"https:\\\/\\\/isf.fo\\\/\",\"logo\":{\"@type\":\"ImageObject\",\"inLanguage\":\"en-US\",\"@id\":\"https:\\\/\\\/isf.fo\\\/#\\\/schema\\\/logo\\\/image\\\/\",\"url\":\"https:\\\/\\\/isf.fo\\\/wp-content\\\/uploads\\\/2025\\\/06\\\/ISF_Olympic-Committee-logo.png\",\"contentUrl\":\"https:\\\/\\\/isf.fo\\\/wp-content\\\/uploads\\\/2025\\\/06\\\/ISF_Olympic-Committee-logo.png\",\"width\":618,\"height\":121,\"caption\":\"\u00cdtr\u00f3ttasamband F\u00f8roya\"},\"image\":{\"@id\":\"https:\\\/\\\/isf.fo\\\/#\\\/schema\\\/logo\\\/image\\\/\"},\"sameAs\":[\"https:\\\/\\\/www.facebook.com\\\/itrottasambandid\"]}]}<\/script>\n<!-- \/ Yoast SEO plugin. -->","yoast_head_json":{"title":"Regluger\u00f0 altj\u00f3\u00f0a kappingar \u00ed F\u00f8royum - \u00cdtr\u00f3ttasamband F\u00f8roya","robots":{"index":"index","follow":"follow","max-snippet":"max-snippet:-1","max-image-preview":"max-image-preview:large","max-video-preview":"max-video-preview:-1"},"canonical":"https:\/\/isf.fo\/en\/logir\/reglugerd_altjoda_kappingar\/","og_locale":"en_US","og_type":"article","og_title":"Regluger\u00f0 altj\u00f3\u00f0a kappingar \u00ed F\u00f8royum - \u00cdtr\u00f3ttasamband F\u00f8roya","og_description":"Regluger\u00f0 fyri stu\u00f0ul til altj\u00f3\u00f0a kappingar \u00ed F\u00f8royum Hendan regluger\u00f0 vi\u00f0ger\u00f0 treytir fyri at f\u00e1a peningaligan stu\u00f0ul til at skipa [&hellip;]","og_url":"https:\/\/isf.fo\/en\/logir\/reglugerd_altjoda_kappingar\/","og_site_name":"\u00cdtr\u00f3ttasamband F\u00f8roya","article_publisher":"https:\/\/www.facebook.com\/itrottasambandid","article_modified_time":"2025-10-28T11:23:07+00:00","twitter_card":"summary_large_image","twitter_misc":{"Est. reading time":"1 minute"},"schema":{"@context":"https:\/\/schema.org","@graph":[{"@type":"WebPage","@id":"https:\/\/isf.fo\/logir\/reglugerd_altjoda_kappingar\/","url":"https:\/\/isf.fo\/logir\/reglugerd_altjoda_kappingar\/","name":"Regluger\u00f0 altj\u00f3\u00f0a kappingar \u00ed F\u00f8royum - \u00cdtr\u00f3ttasamband F\u00f8roya","isPartOf":{"@id":"https:\/\/isf.fo\/#website"},"datePublished":"2017-12-07T11:32:04+00:00","dateModified":"2025-10-28T11:23:07+00:00","breadcrumb":{"@id":"https:\/\/isf.fo\/logir\/reglugerd_altjoda_kappingar\/#breadcrumb"},"inLanguage":"en-US","potentialAction":[{"@type":"ReadAction","target":["https:\/\/isf.fo\/logir\/reglugerd_altjoda_kappingar\/"]}]},{"@type":"BreadcrumbList","@id":"https:\/\/isf.fo\/logir\/reglugerd_altjoda_kappingar\/#breadcrumb","itemListElement":[{"@type":"ListItem","position":1,"name":"Home","item":"https:\/\/isf.fo\/"},{"@type":"ListItem","position":2,"name":"L\u00f3gir","item":"https:\/\/isf.fo\/logir\/"},{"@type":"ListItem","position":3,"name":"Regluger\u00f0 altj\u00f3\u00f0a kappingar \u00ed F\u00f8royum"}]},{"@type":"WebSite","@id":"https:\/\/isf.fo\/#website","url":"https:\/\/isf.fo\/","name":"\u00cdtr\u00f3ttasamband F\u00f8roya","description":"","publisher":{"@id":"https:\/\/isf.fo\/#organization"},"potentialAction":[{"@type":"SearchAction","target":{"@type":"EntryPoint","urlTemplate":"https:\/\/isf.fo\/?s={search_term_string}"},"query-input":{"@type":"PropertyValueSpecification","valueRequired":true,"valueName":"search_term_string"}}],"inLanguage":"en-US"},{"@type":"Organization","@id":"https:\/\/isf.fo\/#organization","name":"\u00cdtr\u00f3ttasamband F\u00f8roya","url":"https:\/\/isf.fo\/","logo":{"@type":"ImageObject","inLanguage":"en-US","@id":"https:\/\/isf.fo\/#\/schema\/logo\/image\/","url":"https:\/\/isf.fo\/wp-content\/uploads\/2025\/06\/ISF_Olympic-Committee-logo.png","contentUrl":"https:\/\/isf.fo\/wp-content\/uploads\/2025\/06\/ISF_Olympic-Committee-logo.png","width":618,"height":121,"caption":"\u00cdtr\u00f3ttasamband F\u00f8roya"},"image":{"@id":"https:\/\/isf.fo\/#\/schema\/logo\/image\/"},"sameAs":["https:\/\/www.facebook.com\/itrottasambandid"]}]}},"_links":{"self":[{"href":"https:\/\/isf.fo\/en\/wp-json\/wp\/v2\/pages\/6008","targetHints":{"allow":["GET"]}}],"collection":[{"href":"https:\/\/isf.fo\/en\/wp-json\/wp\/v2\/pages"}],"about":[{"href":"https:\/\/isf.fo\/en\/wp-json\/wp\/v2\/types\/page"}],"author":[{"embeddable":true,"href":"https:\/\/isf.fo\/en\/wp-json\/wp\/v2\/users\/7"}],"replies":[{"embeddable":true,"href":"https:\/\/isf.fo\/en\/wp-json\/wp\/v2\/comments?post=6008"}],"version-history":[{"count":11,"href":"https:\/\/isf.fo\/en\/wp-json\/wp\/v2\/pages\/6008\/revisions"}],"predecessor-version":[{"id":13109,"href":"https:\/\/isf.fo\/en\/wp-json\/wp\/v2\/pages\/6008\/revisions\/13109"}],"up":[{"embeddable":true,"href":"https:\/\/isf.fo\/en\/wp-json\/wp\/v2\/pages\/405"}],"wp:attachment":[{"href":"https:\/\/isf.fo\/en\/wp-json\/wp\/v2\/media?parent=6008"}],"curies":[{"name":"wp","href":"https:\/\/api.w.org\/{rel}","templated":true}]}}