{"id":6059,"date":"2018-01-12T10:51:57","date_gmt":"2018-01-12T10:51:57","guid":{"rendered":"https:\/\/isf.fo\/tilfar\/flagg-og-tjodsangur\/"},"modified":"2025-03-14T13:08:51","modified_gmt":"2025-03-14T13:08:51","slug":"flagg-og-tjodsangur","status":"publish","type":"page","link":"https:\/\/isf.fo\/en\/tilfar\/flagg-og-tjodsangur\/","title":{"rendered":"Flag and national anthem"},"content":{"rendered":"<p><strong>Tj\u00f3\u00f0sangurin \/ The national anthem of Faroe Islands innsp\u00e6ldur av F\u00f8roya Symfoniorkestur 2023:<\/strong><\/p>\n<p style=\"text-align: left;\"><a href=\"https:\/\/drive.google.com\/file\/d\/1Agtudxy2HuBwAxMB87iEotuMKwznGjd7\/view?usp=sharing\" target=\"_blank\" rel=\"noopener noreferrer\">T\u00fa alfagra land m\u00edtt &#8211; K\u00e1ri B\u00e6k<\/a><\/p>\n<p><a href=\"https:\/\/drive.google.com\/file\/d\/1HISsphQdPGm0SdAsOlCp83qPB-SWJNtl\/view?usp=sharing\" target=\"_blank\" rel=\"noopener noreferrer\">T\u00fa alfagra land m\u00edtt &#8211; Sunleif Rasmussen<\/a><\/p>\n<p><strong>Merki\u00f0:<\/strong><\/p>\n<p>Litir samb\u00e6rt Ll. um flaggi\u00f0 \u00a7 1:<\/p>\n<p>\u201c<em>F\u00f8roya flagg er hv\u00edtt krossmerki. Krossurin er fagurrey\u00f0ur (PMS 032) og azurbl\u00e1randa\u00f0ur (PMS 300). Rey\u00f0i liturin er\u00a0<\/em><em>1\/8 av flaggsins breidd og bl\u00e1u rendurnar\u00a01\/2 av rey\u00f0a litinum.\u00a0<\/em><em>Teir hv\u00edtu teigarnir eru ferhyrndir. Teir n\u00e6st stongini javnli\u00f0a\u00f0ir, men hinir tv\u00e6r fer\u00f0ir so langir. Munurin millum breidd og longd flaggsins er sum 8-11.<\/em>\u201c<\/p>\n<p>Leinkja til flagg-l\u00f3gina: <a href=\"http:\/\/www.logir.fo\/Logtingslog\/42-fra-17-07-1959-um-flaggid-sum-broytt-vid-logtingslog-nr-109-fra-29-desember\">http:\/\/www.logir.fo\/Logtingslog\/42-fra-17-07-1959-um-flaggid-sum-broytt-vid-logtingslog-nr-109-fra-29-desember<\/a><\/p>\n<p><img decoding=\"async\" class=\"alignnone size-medium wp-image-6062 lazyload\" data-src=\"https:\/\/d21ockg4ri0hhk.cloudfront.net\/wp-content\/uploads\/2018\/01\/30193044\/Merkid_foroyska_flaggid-1-300x218.png\" alt=\"\" width=\"300\" height=\"218\" data-srcset=\"https:\/\/d21ockg4ri0hhk.cloudfront.net\/wp-content\/uploads\/2018\/01\/30193044\/Merkid_foroyska_flaggid-1-300x218.png 300w, https:\/\/d21ockg4ri0hhk.cloudfront.net\/wp-content\/uploads\/2018\/01\/30193044\/Merkid_foroyska_flaggid-1-768x558.png 768w, https:\/\/d21ockg4ri0hhk.cloudfront.net\/wp-content\/uploads\/2018\/01\/30193044\/Merkid_foroyska_flaggid-1-700x509.png 700w, https:\/\/d21ockg4ri0hhk.cloudfront.net\/wp-content\/uploads\/2018\/01\/30193044\/Merkid_foroyska_flaggid-1.png 1098w\" data-sizes=\"(max-width: 300px) 100vw, 300px\" src=\"data:image\/svg+xml;base64,PHN2ZyB3aWR0aD0iMSIgaGVpZ2h0PSIxIiB4bWxucz0iaHR0cDovL3d3dy53My5vcmcvMjAwMC9zdmciPjwvc3ZnPg==\" style=\"--smush-placeholder-width: 300px; --smush-placeholder-aspect-ratio: 300\/218;\" \/><\/p>\n<p><b>The flag of Faroe Islands\u00a0<\/b><\/p>\n<p>Colors and measures: (source: <a href=\"https:\/\/www.norden.org\/en\/information\/faroese-flag\" target=\"_blank\" rel=\"noopener noreferrer\">https:\/\/www.norden.org\/en\/information\/faroese-flag<\/a> )<\/p>\n<p>The official red colour is Pantone 032, which corresponds fairly accurately to the digital colours:<br \/>\nR:244\u00a0 G41\u00a0 B:65<br \/>\nC:0\u00a0 M:96\u00a0 Y:74\u00a0 K:0<\/p>\n<p>The official blue colour is Pantone 300, which corresponds fairly accurately to the digital colours:<br \/>\nR:0\u00a0 G:103\u00a0 B:197<br \/>\nC:100\u00a0 M:56\u00a0 Y:2\u00a0 K:0<\/p>\n<p>The proportional measurements for the length are: 6,1,2,1,12<br \/>\nThe proportional measurements for the height are: 6,1,2,1,6<\/p>","protected":false},"excerpt":{"rendered":"<p>Tj\u00f3\u00f0sangurin \/ The national anthem of Faroe Islands innsp\u00e6ldur av F\u00f8roya Symfoniorkestur 2023: T\u00fa alfagra land m\u00edtt &#8211; K\u00e1ri B\u00e6k [&hellip;]<\/p>\n","protected":false},"author":7,"featured_media":0,"parent":422,"menu_order":9,"comment_status":"closed","ping_status":"closed","template":"","meta":{"_acf_changed":false,"_relevanssi_hide_post":"","_relevanssi_hide_content":"","_relevanssi_pin_for_all":"","_relevanssi_pin_keywords":"","_relevanssi_unpin_keywords":"","_relevanssi_related_keywords":"","_relevanssi_related_include_ids":"","_relevanssi_related_exclude_ids":"","_relevanssi_related_no_append":"","_relevanssi_related_not_related":"","_relevanssi_related_posts":"","_relevanssi_noindex_reason":"","inline_featured_image":false,"footnotes":""},"class_list":["post-6059","page","type-page","status-publish","hentry"],"acf":[],"yoast_head":"<!-- This site is optimized with the Yoast SEO plugin v27.3 - https:\/\/yoast.com\/product\/yoast-seo-wordpress\/ -->\n<title>Flagg og tj\u00f3\u00f0sangur - \u00cdtr\u00f3ttasamband F\u00f8roya<\/title>\n<meta name=\"robots\" content=\"index, follow, max-snippet:-1, max-image-preview:large, max-video-preview:-1\" \/>\n<link rel=\"canonical\" href=\"https:\/\/isf.fo\/en\/tilfar\/flagg-og-tjodsangur\/\" \/>\n<meta property=\"og:locale\" content=\"en_US\" \/>\n<meta property=\"og:type\" content=\"article\" \/>\n<meta property=\"og:title\" content=\"Flagg og tj\u00f3\u00f0sangur - \u00cdtr\u00f3ttasamband F\u00f8roya\" \/>\n<meta property=\"og:description\" content=\"Tj\u00f3\u00f0sangurin \/ The national anthem of Faroe Islands innsp\u00e6ldur av F\u00f8roya Symfoniorkestur 2023: T\u00fa alfagra land m\u00edtt &#8211; K\u00e1ri B\u00e6k [&hellip;]\" \/>\n<meta property=\"og:url\" content=\"https:\/\/isf.fo\/en\/tilfar\/flagg-og-tjodsangur\/\" \/>\n<meta property=\"og:site_name\" content=\"\u00cdtr\u00f3ttasamband F\u00f8roya\" \/>\n<meta property=\"article:publisher\" content=\"https:\/\/www.facebook.com\/itrottasambandid\" \/>\n<meta property=\"article:modified_time\" content=\"2025-03-14T13:08:51+00:00\" \/>\n<meta property=\"og:image\" content=\"https:\/\/isf.fo\/wp-content\/uploads\/2018\/01\/Merkid_foroyska_flaggid-1-300x218.png\" \/>\n<meta name=\"twitter:card\" content=\"summary_large_image\" \/>\n<meta name=\"twitter:label1\" content=\"Est. reading time\" \/>\n\t<meta name=\"twitter:data1\" content=\"2 minutes\" \/>\n<script type=\"application\/ld+json\" class=\"yoast-schema-graph\">{\"@context\":\"https:\\\/\\\/schema.org\",\"@graph\":[{\"@type\":\"WebPage\",\"@id\":\"https:\\\/\\\/isf.fo\\\/tilfar\\\/flagg-og-tjodsangur\\\/\",\"url\":\"https:\\\/\\\/isf.fo\\\/tilfar\\\/flagg-og-tjodsangur\\\/\",\"name\":\"Flagg og tj\u00f3\u00f0sangur - \u00cdtr\u00f3ttasamband F\u00f8roya\",\"isPartOf\":{\"@id\":\"https:\\\/\\\/isf.fo\\\/#website\"},\"primaryImageOfPage\":{\"@id\":\"https:\\\/\\\/isf.fo\\\/tilfar\\\/flagg-og-tjodsangur\\\/#primaryimage\"},\"image\":{\"@id\":\"https:\\\/\\\/isf.fo\\\/tilfar\\\/flagg-og-tjodsangur\\\/#primaryimage\"},\"thumbnailUrl\":\"https:\\\/\\\/isf.fo\\\/wp-content\\\/uploads\\\/2018\\\/01\\\/Merkid_foroyska_flaggid-1-300x218.png\",\"datePublished\":\"2018-01-12T10:51:57+00:00\",\"dateModified\":\"2025-03-14T13:08:51+00:00\",\"breadcrumb\":{\"@id\":\"https:\\\/\\\/isf.fo\\\/tilfar\\\/flagg-og-tjodsangur\\\/#breadcrumb\"},\"inLanguage\":\"en-US\",\"potentialAction\":[{\"@type\":\"ReadAction\",\"target\":[\"https:\\\/\\\/isf.fo\\\/tilfar\\\/flagg-og-tjodsangur\\\/\"]}]},{\"@type\":\"ImageObject\",\"inLanguage\":\"en-US\",\"@id\":\"https:\\\/\\\/isf.fo\\\/tilfar\\\/flagg-og-tjodsangur\\\/#primaryimage\",\"url\":\"https:\\\/\\\/isf.fo\\\/wp-content\\\/uploads\\\/2018\\\/01\\\/Merkid_foroyska_flaggid-1-300x218.png\",\"contentUrl\":\"https:\\\/\\\/isf.fo\\\/wp-content\\\/uploads\\\/2018\\\/01\\\/Merkid_foroyska_flaggid-1-300x218.png\"},{\"@type\":\"BreadcrumbList\",\"@id\":\"https:\\\/\\\/isf.fo\\\/tilfar\\\/flagg-og-tjodsangur\\\/#breadcrumb\",\"itemListElement\":[{\"@type\":\"ListItem\",\"position\":1,\"name\":\"Home\",\"item\":\"https:\\\/\\\/isf.fo\\\/\"},{\"@type\":\"ListItem\",\"position\":2,\"name\":\"Tilfar\",\"item\":\"https:\\\/\\\/isf.fo\\\/tilfar\\\/\"},{\"@type\":\"ListItem\",\"position\":3,\"name\":\"Flagg og tj\u00f3\u00f0sangur\"}]},{\"@type\":\"WebSite\",\"@id\":\"https:\\\/\\\/isf.fo\\\/#website\",\"url\":\"https:\\\/\\\/isf.fo\\\/\",\"name\":\"\u00cdtr\u00f3ttasamband F\u00f8roya\",\"description\":\"\",\"publisher\":{\"@id\":\"https:\\\/\\\/isf.fo\\\/#organization\"},\"potentialAction\":[{\"@type\":\"SearchAction\",\"target\":{\"@type\":\"EntryPoint\",\"urlTemplate\":\"https:\\\/\\\/isf.fo\\\/?s={search_term_string}\"},\"query-input\":{\"@type\":\"PropertyValueSpecification\",\"valueRequired\":true,\"valueName\":\"search_term_string\"}}],\"inLanguage\":\"en-US\"},{\"@type\":\"Organization\",\"@id\":\"https:\\\/\\\/isf.fo\\\/#organization\",\"name\":\"\u00cdtr\u00f3ttasamband F\u00f8roya\",\"url\":\"https:\\\/\\\/isf.fo\\\/\",\"logo\":{\"@type\":\"ImageObject\",\"inLanguage\":\"en-US\",\"@id\":\"https:\\\/\\\/isf.fo\\\/#\\\/schema\\\/logo\\\/image\\\/\",\"url\":\"https:\\\/\\\/isf.fo\\\/wp-content\\\/uploads\\\/2025\\\/06\\\/ISF_Olympic-Committee-logo.png\",\"contentUrl\":\"https:\\\/\\\/isf.fo\\\/wp-content\\\/uploads\\\/2025\\\/06\\\/ISF_Olympic-Committee-logo.png\",\"width\":618,\"height\":121,\"caption\":\"\u00cdtr\u00f3ttasamband F\u00f8roya\"},\"image\":{\"@id\":\"https:\\\/\\\/isf.fo\\\/#\\\/schema\\\/logo\\\/image\\\/\"},\"sameAs\":[\"https:\\\/\\\/www.facebook.com\\\/itrottasambandid\"]}]}<\/script>\n<!-- \/ Yoast SEO plugin. -->","yoast_head_json":{"title":"Flagg og tj\u00f3\u00f0sangur - \u00cdtr\u00f3ttasamband F\u00f8roya","robots":{"index":"index","follow":"follow","max-snippet":"max-snippet:-1","max-image-preview":"max-image-preview:large","max-video-preview":"max-video-preview:-1"},"canonical":"https:\/\/isf.fo\/en\/tilfar\/flagg-og-tjodsangur\/","og_locale":"en_US","og_type":"article","og_title":"Flagg og tj\u00f3\u00f0sangur - \u00cdtr\u00f3ttasamband F\u00f8roya","og_description":"Tj\u00f3\u00f0sangurin \/ The national anthem of Faroe Islands innsp\u00e6ldur av F\u00f8roya Symfoniorkestur 2023: T\u00fa alfagra land m\u00edtt &#8211; K\u00e1ri B\u00e6k [&hellip;]","og_url":"https:\/\/isf.fo\/en\/tilfar\/flagg-og-tjodsangur\/","og_site_name":"\u00cdtr\u00f3ttasamband F\u00f8roya","article_publisher":"https:\/\/www.facebook.com\/itrottasambandid","article_modified_time":"2025-03-14T13:08:51+00:00","og_image":[{"url":"https:\/\/isf.fo\/wp-content\/uploads\/2018\/01\/Merkid_foroyska_flaggid-1-300x218.png","type":"","width":"","height":""}],"twitter_card":"summary_large_image","twitter_misc":{"Est. reading time":"2 minutes"},"schema":{"@context":"https:\/\/schema.org","@graph":[{"@type":"WebPage","@id":"https:\/\/isf.fo\/tilfar\/flagg-og-tjodsangur\/","url":"https:\/\/isf.fo\/tilfar\/flagg-og-tjodsangur\/","name":"Flagg og tj\u00f3\u00f0sangur - \u00cdtr\u00f3ttasamband F\u00f8roya","isPartOf":{"@id":"https:\/\/isf.fo\/#website"},"primaryImageOfPage":{"@id":"https:\/\/isf.fo\/tilfar\/flagg-og-tjodsangur\/#primaryimage"},"image":{"@id":"https:\/\/isf.fo\/tilfar\/flagg-og-tjodsangur\/#primaryimage"},"thumbnailUrl":"https:\/\/isf.fo\/wp-content\/uploads\/2018\/01\/Merkid_foroyska_flaggid-1-300x218.png","datePublished":"2018-01-12T10:51:57+00:00","dateModified":"2025-03-14T13:08:51+00:00","breadcrumb":{"@id":"https:\/\/isf.fo\/tilfar\/flagg-og-tjodsangur\/#breadcrumb"},"inLanguage":"en-US","potentialAction":[{"@type":"ReadAction","target":["https:\/\/isf.fo\/tilfar\/flagg-og-tjodsangur\/"]}]},{"@type":"ImageObject","inLanguage":"en-US","@id":"https:\/\/isf.fo\/tilfar\/flagg-og-tjodsangur\/#primaryimage","url":"https:\/\/isf.fo\/wp-content\/uploads\/2018\/01\/Merkid_foroyska_flaggid-1-300x218.png","contentUrl":"https:\/\/isf.fo\/wp-content\/uploads\/2018\/01\/Merkid_foroyska_flaggid-1-300x218.png"},{"@type":"BreadcrumbList","@id":"https:\/\/isf.fo\/tilfar\/flagg-og-tjodsangur\/#breadcrumb","itemListElement":[{"@type":"ListItem","position":1,"name":"Home","item":"https:\/\/isf.fo\/"},{"@type":"ListItem","position":2,"name":"Tilfar","item":"https:\/\/isf.fo\/tilfar\/"},{"@type":"ListItem","position":3,"name":"Flagg og tj\u00f3\u00f0sangur"}]},{"@type":"WebSite","@id":"https:\/\/isf.fo\/#website","url":"https:\/\/isf.fo\/","name":"\u00cdtr\u00f3ttasamband F\u00f8roya","description":"","publisher":{"@id":"https:\/\/isf.fo\/#organization"},"potentialAction":[{"@type":"SearchAction","target":{"@type":"EntryPoint","urlTemplate":"https:\/\/isf.fo\/?s={search_term_string}"},"query-input":{"@type":"PropertyValueSpecification","valueRequired":true,"valueName":"search_term_string"}}],"inLanguage":"en-US"},{"@type":"Organization","@id":"https:\/\/isf.fo\/#organization","name":"\u00cdtr\u00f3ttasamband F\u00f8roya","url":"https:\/\/isf.fo\/","logo":{"@type":"ImageObject","inLanguage":"en-US","@id":"https:\/\/isf.fo\/#\/schema\/logo\/image\/","url":"https:\/\/isf.fo\/wp-content\/uploads\/2025\/06\/ISF_Olympic-Committee-logo.png","contentUrl":"https:\/\/isf.fo\/wp-content\/uploads\/2025\/06\/ISF_Olympic-Committee-logo.png","width":618,"height":121,"caption":"\u00cdtr\u00f3ttasamband F\u00f8roya"},"image":{"@id":"https:\/\/isf.fo\/#\/schema\/logo\/image\/"},"sameAs":["https:\/\/www.facebook.com\/itrottasambandid"]}]}},"_links":{"self":[{"href":"https:\/\/isf.fo\/en\/wp-json\/wp\/v2\/pages\/6059","targetHints":{"allow":["GET"]}}],"collection":[{"href":"https:\/\/isf.fo\/en\/wp-json\/wp\/v2\/pages"}],"about":[{"href":"https:\/\/isf.fo\/en\/wp-json\/wp\/v2\/types\/page"}],"author":[{"embeddable":true,"href":"https:\/\/isf.fo\/en\/wp-json\/wp\/v2\/users\/7"}],"replies":[{"embeddable":true,"href":"https:\/\/isf.fo\/en\/wp-json\/wp\/v2\/comments?post=6059"}],"version-history":[{"count":6,"href":"https:\/\/isf.fo\/en\/wp-json\/wp\/v2\/pages\/6059\/revisions"}],"predecessor-version":[{"id":12431,"href":"https:\/\/isf.fo\/en\/wp-json\/wp\/v2\/pages\/6059\/revisions\/12431"}],"up":[{"embeddable":true,"href":"https:\/\/isf.fo\/en\/wp-json\/wp\/v2\/pages\/422"}],"wp:attachment":[{"href":"https:\/\/isf.fo\/en\/wp-json\/wp\/v2\/media?parent=6059"}],"curies":[{"name":"wp","href":"https:\/\/api.w.org\/{rel}","templated":true}]}}