{"id":623,"date":"2009-03-18T15:05:06","date_gmt":"2009-03-18T14:05:06","guid":{"rendered":"https:\/\/isf.fo\/?page_id=623"},"modified":"2009-03-18T15:05:06","modified_gmt":"2009-03-18T14:05:06","slug":"su%c3%b0urstreymoy","status":"publish","type":"page","link":"https:\/\/isf.fo\/en\/felog\/su%c3%b0urstreymoy\/","title":{"rendered":"Su\u00f0urstreymoy"},"content":{"rendered":"<p><a name=\"top\"><\/a><br \/>\nYvirlit yvir nevndir v.m. hj\u00e1 \u00edtr\u00f3ttafel\u00f8gum \u00ed Su\u00f0urstreymoy.<\/p>\n<p><a href=\"#67\">Argja B\u00f3ltfelag<\/a><br \/>\n<a href=\"#70\">Argja R\u00f3\u00f0rarfelag<\/a><br \/>\n<a href=\"#63\">Badmintonfelagi\u00f0 \u00ed Havn<\/a><br \/>\n<a href=\"#53\">Bogaskj\u00f3tifelagi\u00f0 TAMBAR<\/a><br \/>\n<a href=\"#51\">Bor\u00f0tennisfelagi\u00f0 T\u00f3r<\/a><br \/>\n<a href=\"#68\">Bragdi\u00f0<\/a><br \/>\n<a href=\"#122\">FC Giza<\/a><br \/>\n<a href=\"#46\">Fimleikafelagi\u00f0 Lj\u00f3si\u00f0<\/a><br \/>\n<a href=\"#72\">Flogb\u00f3ltsfelagi\u00f0 Fleyr<\/a><br \/>\n<a href=\"#47\">F\u00f3tb\u00f3ltsfelagi\u00f0 B36<\/a><br \/>\n<a href=\"#64\">F\u00f3tb\u00f3ltsfelagi\u00f0 Fram<\/a><br \/>\n<a href=\"#57\">F\u00f8roya R\u00ed\u00f0ingarfelag<\/a><br \/>\n<a href=\"#69\">F\u00f8roya Sey\u00f0ahundafelag<\/a><br \/>\n<a href=\"#52\">F\u00f8roya Triathlon Felag<\/a><br \/>\n<a href=\"#50\">F\u00f8royskt \u00cdslandsrossafelag<\/a><br \/>\n<a href=\"#59\">Havnar B\u00f3ltfelag<\/a><br \/>\n<a href=\"#58\">Havnar Fimleikafelag<\/a><br \/>\n<a href=\"#65\">Havnar Judofelag<\/a><br \/>\n<a href=\"#55\">Havnar R\u00f3\u00f0rarfelag<\/a><br \/>\n<a href=\"#48\">Havnar Tennisfelag<\/a><br \/>\n<a href=\"#54\">Hondb\u00f3ltsfelagi\u00f0 Kyndil<\/a><br \/>\n<a href=\"#56\">Hondb\u00f3ltsfelagi\u00f0 Neistin<\/a><br \/>\n<a href=\"#116\">\u00cdtr\u00f3ttafelagi\u00f0 H 71<\/a><br \/>\n<a href=\"#49\">\u00cdtr\u00f3ttafelagi\u00f0 Hvirlan<\/a><br \/>\n<a href=\"#127\">\u00cdtr\u00f3ttafelagi\u00f0 Sm\u00e6ran<\/a><br \/>\n<a href=\"#73\">Kurvab\u00f3ltsfelagi\u00f0 Hamar<\/a><br \/>\n<a href=\"#95\">N\u00f3lsoyar \u00edtr\u00f3ttarfelag &#8211; N\u00cdF<\/a><br \/>\n<a href=\"#60\">R\u00f3\u00f0rarfelagi\u00f0 Kn\u00f8rrur<\/a><br \/>\n<a href=\"#123\">T\u00f3rshavnar Flogb\u00f3ltsfelag<\/a><br \/>\n<a href=\"#71\">T\u00f3rshavnar Froskmannafelag<\/a><br \/>\n<a href=\"#62\">T\u00f3rshavnar Golffelag<\/a><br \/>\n<a href=\"#61\">T\u00f3rshavnar S\u00fakklufelag<\/a><br \/>\n<a href=\"#121\">Undri\u00f0 FF<\/a><br \/>\n<a href=\"#66\">Vei\u00f0ifelagi\u00f0 Byrsum\u00fali<\/a><\/p>\n<p><a name=\"67\"><\/a>[TABLE=67]<a href=\"#top\">Upp<\/a><br \/>\n<a name=\"70\"><\/a>[TABLE=70]<a href=\"#top\">Upp<\/a><br \/>\n<a name=\"63\"><\/a>[TABLE=63]<a href=\"#top\">Upp<\/a><br \/>\n<a name=\"53\"><\/a>[TABLE=53]<a href=\"#top\">Upp<\/a><br \/>\n<a name=\"51\"><\/a>[TABLE=51]<a href=\"#top\">Upp<\/a><br \/>\n<a name=\"68\"><\/a>[TABLE=68]<a href=\"#top\">Upp<\/a><br \/>\n<a name=\"122\"><\/a>[TABLE=122]<a href=\"#top\">Upp<\/a><br \/>\n<a name=\"46\"><\/a>[TABLE=46]<a href=\"#top\">Upp<\/a><br \/>\n<a name=\"72\"><\/a>[TABLE=72]<a href=\"#top\">Upp<\/a><br \/>\n<a name=\"47\"><\/a>[TABLE=47]<a href=\"#top\">Upp<\/a><br \/>\n<a name=\"64\"><\/a>[TABLE=64]<a href=\"#top\">Upp<\/a><br \/>\n<a name=\"57\"><\/a>[TABLE=57]<a href=\"#top\">Upp<\/a><br \/>\n<a name=\"69\"><\/a>[TABLE=69]<a href=\"#top\">Upp<\/a><br \/>\n<a name=\"52\"><\/a>[TABLE=52]<a href=\"#top\">Upp<\/a><br \/>\n<a name=\"50\"><\/a>[TABLE=50]<a href=\"#top\">Upp<\/a><br \/>\n<a name=\"59\"><\/a>[TABLE=59]<a href=\"#top\">Upp<\/a><br \/>\n<a name=\"58\"><\/a>[TABLE=58]<a href=\"#top\">Upp<\/a><br \/>\n<a name=\"65\"><\/a>[TABLE=65]<a href=\"#top\">Upp<\/a><br \/>\n<a name=\"55\"><\/a>[TABLE=55]<a href=\"#top\">Upp<\/a><br \/>\n<a name=\"48\"><\/a>[TABLE=48]<a href=\"#top\">Upp<\/a><br \/>\n<a name=\"54\"><\/a>[TABLE=54]<a href=\"#top\">Upp<\/a><br \/>\n<a name=\"56\"><\/a>[TABLE=56]<a href=\"#top\">Upp<\/a><br \/>\n<a name=\"116\"><\/a>[TABLE=116]<a href=\"#top\">Upp<\/a><br \/>\n<a name=\"49\"><\/a>[TABLE=49]<a href=\"#top\">Upp<\/a><br \/>\n<a name=\"127\"><\/a>[TABLE=127]<a href=\"#top\">Upp<\/a><br \/>\n<a name=\"73\"><\/a>[TABLE=73]<a href=\"#top\">Upp<\/a><br \/>\n<a name=\"95\"><\/a>[TABLE=95]<a href=\"#top\">Upp<\/a><br \/>\n<a name=\"60\"><\/a>[TABLE=60]<a href=\"#top\">Upp<\/a><br \/>\n<a name=\"123\"><\/a>[TABLE=123]<a href=\"#top\">Upp<\/a><br \/>\n<a name=\"71\"><\/a>[TABLE=71]<a href=\"#top\">Upp<\/a><br \/>\n<a name=\"62\"><\/a>[TABLE=62]<a href=\"#top\">Upp<\/a><br \/>\n<a name=\"61\"><\/a>[TABLE=61]<a href=\"#top\">Upp<\/a><br \/>\n<a name=\"121\"><\/a>[TABLE=121]<a href=\"#top\">Upp<\/a><br \/>\n<a name=\"66\"><\/a>[TABLE=66]<a href=\"#top\">Upp<\/a><\/p>\n","protected":false},"excerpt":{"rendered":"<p>Yvirlit yvir nevndir v.m. hj\u00e1 \u00edtr\u00f3ttafel\u00f8gum \u00ed Su\u00f0urstreymoy. Argja B\u00f3ltfelag Argja R\u00f3\u00f0rarfelag Badmintonfelagi\u00f0 \u00ed Havn Bogaskj\u00f3tifelagi\u00f0 TAMBAR Bor\u00f0tennisfelagi\u00f0 T\u00f3r Bragdi\u00f0 [&hellip;]<\/p>\n","protected":false},"author":6,"featured_media":0,"parent":410,"menu_order":6,"comment_status":"open","ping_status":"closed","template":"","meta":{"_acf_changed":false,"_relevanssi_hide_post":"","_relevanssi_hide_content":"","_relevanssi_pin_for_all":"","_relevanssi_pin_keywords":"","_relevanssi_unpin_keywords":"","_relevanssi_related_keywords":"","_relevanssi_related_include_ids":"","_relevanssi_related_exclude_ids":"","_relevanssi_related_no_append":"","_relevanssi_related_not_related":"","_relevanssi_related_posts":"","_relevanssi_noindex_reason":"","inline_featured_image":false,"footnotes":""},"class_list":["post-623","page","type-page","status-publish","hentry"],"acf":[],"yoast_head":"<!-- This site is optimized with the Yoast SEO plugin v27.3 - https:\/\/yoast.com\/product\/yoast-seo-wordpress\/ -->\n<title>Su\u00f0urstreymoy - \u00cdtr\u00f3ttasamband F\u00f8roya<\/title>\n<meta name=\"robots\" content=\"index, follow, max-snippet:-1, max-image-preview:large, max-video-preview:-1\" \/>\n<link rel=\"canonical\" href=\"https:\/\/isf.fo\/en\/felog\/su\u00f0urstreymoy\/\" \/>\n<meta property=\"og:locale\" content=\"en_US\" \/>\n<meta property=\"og:type\" content=\"article\" \/>\n<meta property=\"og:title\" content=\"Su\u00f0urstreymoy - \u00cdtr\u00f3ttasamband F\u00f8roya\" \/>\n<meta property=\"og:description\" content=\"Yvirlit yvir nevndir v.m. hj\u00e1 \u00edtr\u00f3ttafel\u00f8gum \u00ed Su\u00f0urstreymoy. Argja B\u00f3ltfelag Argja R\u00f3\u00f0rarfelag Badmintonfelagi\u00f0 \u00ed Havn Bogaskj\u00f3tifelagi\u00f0 TAMBAR Bor\u00f0tennisfelagi\u00f0 T\u00f3r Bragdi\u00f0 [&hellip;]\" \/>\n<meta property=\"og:url\" content=\"https:\/\/isf.fo\/en\/felog\/su\u00f0urstreymoy\/\" \/>\n<meta property=\"og:site_name\" content=\"\u00cdtr\u00f3ttasamband F\u00f8roya\" \/>\n<meta property=\"article:publisher\" content=\"https:\/\/www.facebook.com\/itrottasambandid\" \/>\n<meta name=\"twitter:card\" content=\"summary_large_image\" \/>\n<meta name=\"twitter:label1\" content=\"Est. reading time\" \/>\n\t<meta name=\"twitter:data1\" content=\"1 minute\" \/>\n<script type=\"application\/ld+json\" class=\"yoast-schema-graph\">{\"@context\":\"https:\\\/\\\/schema.org\",\"@graph\":[{\"@type\":\"WebPage\",\"@id\":\"https:\\\/\\\/isf.fo\\\/felog\\\/su%c3%b0urstreymoy\\\/\",\"url\":\"https:\\\/\\\/isf.fo\\\/felog\\\/su%c3%b0urstreymoy\\\/\",\"name\":\"Su\u00f0urstreymoy - \u00cdtr\u00f3ttasamband F\u00f8roya\",\"isPartOf\":{\"@id\":\"https:\\\/\\\/isf.fo\\\/#website\"},\"datePublished\":\"2009-03-18T14:05:06+00:00\",\"breadcrumb\":{\"@id\":\"https:\\\/\\\/isf.fo\\\/felog\\\/su%c3%b0urstreymoy\\\/#breadcrumb\"},\"inLanguage\":\"en-US\",\"potentialAction\":[{\"@type\":\"ReadAction\",\"target\":[\"https:\\\/\\\/isf.fo\\\/felog\\\/su%c3%b0urstreymoy\\\/\"]}]},{\"@type\":\"BreadcrumbList\",\"@id\":\"https:\\\/\\\/isf.fo\\\/felog\\\/su%c3%b0urstreymoy\\\/#breadcrumb\",\"itemListElement\":[{\"@type\":\"ListItem\",\"position\":1,\"name\":\"Home\",\"item\":\"https:\\\/\\\/isf.fo\\\/\"},{\"@type\":\"ListItem\",\"position\":2,\"name\":\"Fel\u00f8g\",\"item\":\"https:\\\/\\\/isf.fo\\\/felog\\\/\"},{\"@type\":\"ListItem\",\"position\":3,\"name\":\"Su\u00f0urstreymoy\"}]},{\"@type\":\"WebSite\",\"@id\":\"https:\\\/\\\/isf.fo\\\/#website\",\"url\":\"https:\\\/\\\/isf.fo\\\/\",\"name\":\"\u00cdtr\u00f3ttasamband F\u00f8roya\",\"description\":\"\",\"publisher\":{\"@id\":\"https:\\\/\\\/isf.fo\\\/#organization\"},\"potentialAction\":[{\"@type\":\"SearchAction\",\"target\":{\"@type\":\"EntryPoint\",\"urlTemplate\":\"https:\\\/\\\/isf.fo\\\/?s={search_term_string}\"},\"query-input\":{\"@type\":\"PropertyValueSpecification\",\"valueRequired\":true,\"valueName\":\"search_term_string\"}}],\"inLanguage\":\"en-US\"},{\"@type\":\"Organization\",\"@id\":\"https:\\\/\\\/isf.fo\\\/#organization\",\"name\":\"\u00cdtr\u00f3ttasamband F\u00f8roya\",\"url\":\"https:\\\/\\\/isf.fo\\\/\",\"logo\":{\"@type\":\"ImageObject\",\"inLanguage\":\"en-US\",\"@id\":\"https:\\\/\\\/isf.fo\\\/#\\\/schema\\\/logo\\\/image\\\/\",\"url\":\"https:\\\/\\\/isf.fo\\\/wp-content\\\/uploads\\\/2025\\\/06\\\/ISF_Olympic-Committee-logo.png\",\"contentUrl\":\"https:\\\/\\\/isf.fo\\\/wp-content\\\/uploads\\\/2025\\\/06\\\/ISF_Olympic-Committee-logo.png\",\"width\":618,\"height\":121,\"caption\":\"\u00cdtr\u00f3ttasamband F\u00f8roya\"},\"image\":{\"@id\":\"https:\\\/\\\/isf.fo\\\/#\\\/schema\\\/logo\\\/image\\\/\"},\"sameAs\":[\"https:\\\/\\\/www.facebook.com\\\/itrottasambandid\"]}]}<\/script>\n<!-- \/ Yoast SEO plugin. -->","yoast_head_json":{"title":"Su\u00f0urstreymoy - \u00cdtr\u00f3ttasamband F\u00f8roya","robots":{"index":"index","follow":"follow","max-snippet":"max-snippet:-1","max-image-preview":"max-image-preview:large","max-video-preview":"max-video-preview:-1"},"canonical":"https:\/\/isf.fo\/en\/felog\/su\u00f0urstreymoy\/","og_locale":"en_US","og_type":"article","og_title":"Su\u00f0urstreymoy - \u00cdtr\u00f3ttasamband F\u00f8roya","og_description":"Yvirlit yvir nevndir v.m. hj\u00e1 \u00edtr\u00f3ttafel\u00f8gum \u00ed Su\u00f0urstreymoy. Argja B\u00f3ltfelag Argja R\u00f3\u00f0rarfelag Badmintonfelagi\u00f0 \u00ed Havn Bogaskj\u00f3tifelagi\u00f0 TAMBAR Bor\u00f0tennisfelagi\u00f0 T\u00f3r Bragdi\u00f0 [&hellip;]","og_url":"https:\/\/isf.fo\/en\/felog\/su\u00f0urstreymoy\/","og_site_name":"\u00cdtr\u00f3ttasamband F\u00f8roya","article_publisher":"https:\/\/www.facebook.com\/itrottasambandid","twitter_card":"summary_large_image","twitter_misc":{"Est. reading time":"1 minute"},"schema":{"@context":"https:\/\/schema.org","@graph":[{"@type":"WebPage","@id":"https:\/\/isf.fo\/felog\/su%c3%b0urstreymoy\/","url":"https:\/\/isf.fo\/felog\/su%c3%b0urstreymoy\/","name":"Su\u00f0urstreymoy - \u00cdtr\u00f3ttasamband F\u00f8roya","isPartOf":{"@id":"https:\/\/isf.fo\/#website"},"datePublished":"2009-03-18T14:05:06+00:00","breadcrumb":{"@id":"https:\/\/isf.fo\/felog\/su%c3%b0urstreymoy\/#breadcrumb"},"inLanguage":"en-US","potentialAction":[{"@type":"ReadAction","target":["https:\/\/isf.fo\/felog\/su%c3%b0urstreymoy\/"]}]},{"@type":"BreadcrumbList","@id":"https:\/\/isf.fo\/felog\/su%c3%b0urstreymoy\/#breadcrumb","itemListElement":[{"@type":"ListItem","position":1,"name":"Home","item":"https:\/\/isf.fo\/"},{"@type":"ListItem","position":2,"name":"Fel\u00f8g","item":"https:\/\/isf.fo\/felog\/"},{"@type":"ListItem","position":3,"name":"Su\u00f0urstreymoy"}]},{"@type":"WebSite","@id":"https:\/\/isf.fo\/#website","url":"https:\/\/isf.fo\/","name":"\u00cdtr\u00f3ttasamband F\u00f8roya","description":"","publisher":{"@id":"https:\/\/isf.fo\/#organization"},"potentialAction":[{"@type":"SearchAction","target":{"@type":"EntryPoint","urlTemplate":"https:\/\/isf.fo\/?s={search_term_string}"},"query-input":{"@type":"PropertyValueSpecification","valueRequired":true,"valueName":"search_term_string"}}],"inLanguage":"en-US"},{"@type":"Organization","@id":"https:\/\/isf.fo\/#organization","name":"\u00cdtr\u00f3ttasamband F\u00f8roya","url":"https:\/\/isf.fo\/","logo":{"@type":"ImageObject","inLanguage":"en-US","@id":"https:\/\/isf.fo\/#\/schema\/logo\/image\/","url":"https:\/\/isf.fo\/wp-content\/uploads\/2025\/06\/ISF_Olympic-Committee-logo.png","contentUrl":"https:\/\/isf.fo\/wp-content\/uploads\/2025\/06\/ISF_Olympic-Committee-logo.png","width":618,"height":121,"caption":"\u00cdtr\u00f3ttasamband F\u00f8roya"},"image":{"@id":"https:\/\/isf.fo\/#\/schema\/logo\/image\/"},"sameAs":["https:\/\/www.facebook.com\/itrottasambandid"]}]}},"_links":{"self":[{"href":"https:\/\/isf.fo\/en\/wp-json\/wp\/v2\/pages\/623","targetHints":{"allow":["GET"]}}],"collection":[{"href":"https:\/\/isf.fo\/en\/wp-json\/wp\/v2\/pages"}],"about":[{"href":"https:\/\/isf.fo\/en\/wp-json\/wp\/v2\/types\/page"}],"author":[{"embeddable":true,"href":"https:\/\/isf.fo\/en\/wp-json\/wp\/v2\/users\/6"}],"replies":[{"embeddable":true,"href":"https:\/\/isf.fo\/en\/wp-json\/wp\/v2\/comments?post=623"}],"version-history":[{"count":1,"href":"https:\/\/isf.fo\/en\/wp-json\/wp\/v2\/pages\/623\/revisions"}],"predecessor-version":[{"id":5284,"href":"https:\/\/isf.fo\/en\/wp-json\/wp\/v2\/pages\/623\/revisions\/5284"}],"up":[{"embeddable":true,"href":"https:\/\/isf.fo\/en\/wp-json\/wp\/v2\/pages\/410"}],"wp:attachment":[{"href":"https:\/\/isf.fo\/en\/wp-json\/wp\/v2\/media?parent=623"}],"curies":[{"name":"wp","href":"https:\/\/api.w.org\/{rel}","templated":true}]}}