{"id":630,"date":"2009-03-18T16:43:02","date_gmt":"2009-03-18T15:43:02","guid":{"rendered":"https:\/\/isf.fo\/?page_id=630"},"modified":"2009-03-18T16:43:02","modified_gmt":"2009-03-18T15:43:02","slug":"fotboltssambandi%c3%b0","status":"publish","type":"page","link":"https:\/\/isf.fo\/en\/fotboltssambandi%c3%b0\/","title":{"rendered":"F\u00f3tb\u00f3ltssambandi\u00f0"},"content":{"rendered":"<p><a name=\"top\"><\/a><br \/>\nYvirlit yvir nevndir v.m. hj\u00e1 F\u00f3tb\u00f3ltssambandinum og limafel\u00f8gum tess.<\/p>\n<p><a href=\"#117\">F\u00f3tb\u00f3ltssamband F\u00f8roya<\/a><br \/>\n<a href=\"#24\">07 Vestur<\/a><br \/>\n<a href=\"#67\">Argja B\u00f3ltfela<\/a><br \/>\n<a href=\"#78\">B\u00f3ltfelagi\u00f0 Royn<\/a><br \/>\n<a href=\"#35\">EB\/STREYMUR<\/a><br \/>\n<a href=\"#122\">FC Giza<\/a><br \/>\n<a href=\"#47\">F\u00f3tb\u00f3ltsfelagi\u00f0 &#8211; B36<\/a><br \/>\n<a href=\"#64\">FC Hoyv\u00edk<\/a><br \/>\n<a href=\"#59\">Havnar B\u00f3ltfelag<\/a><br \/>\n<a href=\"#10\">\u00cdtr\u00f3ttafelag Fuglafjar\u00f0ar<\/a><br \/>\n<a href=\"#82\">Klaksv\u00edkar \u00cdtr\u00f3ttafelag<\/a><br \/>\n<a href=\"#22\">Mi\u00f0v\u00e1gs B\u00f3ltfelag &#8211; MB<\/a><br \/>\n<a href=\"#21\">NS\u00cd &#8211; Runav\u00edk FC<\/a><br \/>\n<a href=\"#32\">Sandav\u00e1gs \u00cdtr\u00f3ttarfelag &#8211; S\u00cdF<\/a><br \/>\n<a href=\"#34\">Sandoyar \u00cdtr\u00f3ttarfelag &#8211; B71<\/a><br \/>\n<a href=\"#29\">S\u00f8rv\u00e1gs \u00cdtr\u00f3ttarfelag &#8211; S\u00cd<\/a><br \/>\n<a href=\"#6\">Tofta \u00cdtr\u00f3ttafelag<\/a><br \/>\n<a href=\"#79\">Tv\u00f8royar B\u00f3ltfelag<\/a><br \/>\n<a href=\"#121\">Undri\u00f0 FF<\/a><br \/>\n<a href=\"#76\">FC Su\u00f0uroy<\/a><br \/>\n<a href=\"#2\">V\u00edkingur<\/a><br \/>\n<a href=\"#141\">Sk\u00e1la \u00cdtr\u00f3ttafelag<\/a><\/p>\n<p><a name=\"117\"><\/a>[TABLE=117]<a href=\"#top\">Upp<\/a><br \/>\n<a name=\"24\"><\/a>[TABLE=24]<a href=\"#top\">Upp<\/a><br \/>\n<a name=\"67\"><\/a>[TABLE=67]<a href=\"#top\">Upp<\/a><br \/>\n<a name=\"78\"><\/a>[TABLE=78]<a href=\"#top\">Upp<\/a><br \/>\n<a name=\"35\"><\/a>[TABLE=35]<a href=\"#top\">Upp<\/a><br \/>\n<a name=\"122\"><\/a>[TABLE=122]<a href=\"#top\">Upp<\/a><br \/>\n<a name=\"47\"><\/a>[TABLE=47]<a href=\"#top\">Upp<\/a><br \/>\n<a name=\"64\"><\/a>[TABLE=64]<a href=\"#top\">Upp<\/a><br \/>\n<a name=\"59\"><\/a>[TABLE=59]<a href=\"#top\">Upp<\/a><br \/>\n<a name=\"10\"><\/a>[TABLE=10]<a href=\"#top\">Upp<\/a><br \/>\n<a name=\"82\"><\/a>[TABLE=82]<a href=\"#top\">Upp<\/a><br \/>\n<a name=\"22\"><\/a>[TABLE=22]<a href=\"#top\">Upp<\/a><br \/>\n<a name=\"21\"><\/a>[TABLE=21]<a href=\"#top\">Upp<\/a><br \/>\n<a name=\"32\"><\/a>[TABLE=32]<a href=\"#top\">Upp<\/a><br \/>\n<a name=\"34\"><\/a>[TABLE=34]<a href=\"#top\">Upp<\/a><br \/>\n<a name=\"29\"><\/a>[TABLE=29]<a href=\"#top\">Upp<\/a><br \/>\n<a name=\"6\"><\/a>[TABLE=6]<a href=\"#top\">Upp<\/a><br \/>\n<a name=\"79\"><\/a>[TABLE=79]<a href=\"#top\">Upp<\/a><br \/>\n<a name=\"121\"><\/a>[TABLE=121]<a href=\"#top\">Upp<\/a><br \/>\n<a name=\"76\"><\/a>[TABLE=76]<a href=\"#top\">Upp<\/a><br \/>\n<a name=\"2\"><\/a>[TABLE=2]<a href=\"#top\">Upp<\/a><br \/>\n<a name=\"141\"><\/a>[TABLE=141]<a href=\"#top\">Upp<\/a><\/p>\n","protected":false},"excerpt":{"rendered":"<p>Yvirlit yvir nevndir v.m. hj\u00e1 F\u00f3tb\u00f3ltssambandinum og limafel\u00f8gum tess. F\u00f3tb\u00f3ltssamband F\u00f8roya 07 Vestur Argja B\u00f3ltfela B\u00f3ltfelagi\u00f0 Royn EB\/STREYMUR FC Giza [&hellip;]<\/p>\n","protected":false},"author":6,"featured_media":0,"parent":0,"menu_order":55,"comment_status":"open","ping_status":"closed","template":"","meta":{"_acf_changed":false,"_relevanssi_hide_post":"","_relevanssi_hide_content":"","_relevanssi_pin_for_all":"","_relevanssi_pin_keywords":"","_relevanssi_unpin_keywords":"","_relevanssi_related_keywords":"","_relevanssi_related_include_ids":"","_relevanssi_related_exclude_ids":"","_relevanssi_related_no_append":"","_relevanssi_related_not_related":"","_relevanssi_related_posts":"","_relevanssi_noindex_reason":"","inline_featured_image":false,"footnotes":""},"class_list":["post-630","page","type-page","status-publish","hentry"],"acf":[],"yoast_head":"<!-- This site is optimized with the Yoast SEO plugin v27.5 - https:\/\/yoast.com\/product\/yoast-seo-wordpress\/ -->\n<title>F\u00f3tb\u00f3ltssambandi\u00f0 - \u00cdtr\u00f3ttasamband F\u00f8roya<\/title>\n<meta name=\"robots\" content=\"index, follow, max-snippet:-1, max-image-preview:large, max-video-preview:-1\" \/>\n<link rel=\"canonical\" href=\"https:\/\/isf.fo\/en\/fotboltssambandi\u00f0\/\" \/>\n<meta property=\"og:locale\" content=\"en_US\" \/>\n<meta property=\"og:type\" content=\"article\" \/>\n<meta property=\"og:title\" content=\"F\u00f3tb\u00f3ltssambandi\u00f0 - \u00cdtr\u00f3ttasamband F\u00f8roya\" \/>\n<meta property=\"og:description\" content=\"Yvirlit yvir nevndir v.m. hj\u00e1 F\u00f3tb\u00f3ltssambandinum og limafel\u00f8gum tess. F\u00f3tb\u00f3ltssamband F\u00f8roya 07 Vestur Argja B\u00f3ltfela B\u00f3ltfelagi\u00f0 Royn EB\/STREYMUR FC Giza [&hellip;]\" \/>\n<meta property=\"og:url\" content=\"https:\/\/isf.fo\/en\/fotboltssambandi\u00f0\/\" \/>\n<meta property=\"og:site_name\" content=\"\u00cdtr\u00f3ttasamband F\u00f8roya\" \/>\n<meta property=\"article:publisher\" content=\"https:\/\/www.facebook.com\/itrottasambandid\" \/>\n<meta name=\"twitter:card\" content=\"summary_large_image\" \/>\n<meta name=\"twitter:label1\" content=\"Est. reading time\" \/>\n\t<meta name=\"twitter:data1\" content=\"1 minute\" \/>\n<script type=\"application\/ld+json\" class=\"yoast-schema-graph\">{\"@context\":\"https:\\\/\\\/schema.org\",\"@graph\":[{\"@type\":\"WebPage\",\"@id\":\"https:\\\/\\\/isf.fo\\\/fotboltssambandi%c3%b0\\\/\",\"url\":\"https:\\\/\\\/isf.fo\\\/fotboltssambandi%c3%b0\\\/\",\"name\":\"F\u00f3tb\u00f3ltssambandi\u00f0 - \u00cdtr\u00f3ttasamband F\u00f8roya\",\"isPartOf\":{\"@id\":\"https:\\\/\\\/isf.fo\\\/#website\"},\"datePublished\":\"2009-03-18T15:43:02+00:00\",\"breadcrumb\":{\"@id\":\"https:\\\/\\\/isf.fo\\\/fotboltssambandi%c3%b0\\\/#breadcrumb\"},\"inLanguage\":\"en-US\",\"potentialAction\":[{\"@type\":\"ReadAction\",\"target\":[\"https:\\\/\\\/isf.fo\\\/fotboltssambandi%c3%b0\\\/\"]}]},{\"@type\":\"BreadcrumbList\",\"@id\":\"https:\\\/\\\/isf.fo\\\/fotboltssambandi%c3%b0\\\/#breadcrumb\",\"itemListElement\":[{\"@type\":\"ListItem\",\"position\":1,\"name\":\"Home\",\"item\":\"https:\\\/\\\/isf.fo\\\/\"},{\"@type\":\"ListItem\",\"position\":2,\"name\":\"F\u00f3tb\u00f3ltssambandi\u00f0\"}]},{\"@type\":\"WebSite\",\"@id\":\"https:\\\/\\\/isf.fo\\\/#website\",\"url\":\"https:\\\/\\\/isf.fo\\\/\",\"name\":\"\u00cdtr\u00f3ttasamband F\u00f8roya\",\"description\":\"\",\"publisher\":{\"@id\":\"https:\\\/\\\/isf.fo\\\/#organization\"},\"potentialAction\":[{\"@type\":\"SearchAction\",\"target\":{\"@type\":\"EntryPoint\",\"urlTemplate\":\"https:\\\/\\\/isf.fo\\\/?s={search_term_string}\"},\"query-input\":{\"@type\":\"PropertyValueSpecification\",\"valueRequired\":true,\"valueName\":\"search_term_string\"}}],\"inLanguage\":\"en-US\"},{\"@type\":\"Organization\",\"@id\":\"https:\\\/\\\/isf.fo\\\/#organization\",\"name\":\"\u00cdtr\u00f3ttasamband F\u00f8roya\",\"url\":\"https:\\\/\\\/isf.fo\\\/\",\"logo\":{\"@type\":\"ImageObject\",\"inLanguage\":\"en-US\",\"@id\":\"https:\\\/\\\/isf.fo\\\/#\\\/schema\\\/logo\\\/image\\\/\",\"url\":\"https:\\\/\\\/isf.fo\\\/wp-content\\\/uploads\\\/2025\\\/06\\\/ISF_Olympic-Committee-logo.png\",\"contentUrl\":\"https:\\\/\\\/isf.fo\\\/wp-content\\\/uploads\\\/2025\\\/06\\\/ISF_Olympic-Committee-logo.png\",\"width\":618,\"height\":121,\"caption\":\"\u00cdtr\u00f3ttasamband F\u00f8roya\"},\"image\":{\"@id\":\"https:\\\/\\\/isf.fo\\\/#\\\/schema\\\/logo\\\/image\\\/\"},\"sameAs\":[\"https:\\\/\\\/www.facebook.com\\\/itrottasambandid\"]}]}<\/script>\n<!-- \/ Yoast SEO plugin. -->","yoast_head_json":{"title":"F\u00f3tb\u00f3ltssambandi\u00f0 - \u00cdtr\u00f3ttasamband F\u00f8roya","robots":{"index":"index","follow":"follow","max-snippet":"max-snippet:-1","max-image-preview":"max-image-preview:large","max-video-preview":"max-video-preview:-1"},"canonical":"https:\/\/isf.fo\/en\/fotboltssambandi\u00f0\/","og_locale":"en_US","og_type":"article","og_title":"F\u00f3tb\u00f3ltssambandi\u00f0 - \u00cdtr\u00f3ttasamband F\u00f8roya","og_description":"Yvirlit yvir nevndir v.m. hj\u00e1 F\u00f3tb\u00f3ltssambandinum og limafel\u00f8gum tess. F\u00f3tb\u00f3ltssamband F\u00f8roya 07 Vestur Argja B\u00f3ltfela B\u00f3ltfelagi\u00f0 Royn EB\/STREYMUR FC Giza [&hellip;]","og_url":"https:\/\/isf.fo\/en\/fotboltssambandi\u00f0\/","og_site_name":"\u00cdtr\u00f3ttasamband F\u00f8roya","article_publisher":"https:\/\/www.facebook.com\/itrottasambandid","twitter_card":"summary_large_image","twitter_misc":{"Est. reading time":"1 minute"},"schema":{"@context":"https:\/\/schema.org","@graph":[{"@type":"WebPage","@id":"https:\/\/isf.fo\/fotboltssambandi%c3%b0\/","url":"https:\/\/isf.fo\/fotboltssambandi%c3%b0\/","name":"F\u00f3tb\u00f3ltssambandi\u00f0 - \u00cdtr\u00f3ttasamband F\u00f8roya","isPartOf":{"@id":"https:\/\/isf.fo\/#website"},"datePublished":"2009-03-18T15:43:02+00:00","breadcrumb":{"@id":"https:\/\/isf.fo\/fotboltssambandi%c3%b0\/#breadcrumb"},"inLanguage":"en-US","potentialAction":[{"@type":"ReadAction","target":["https:\/\/isf.fo\/fotboltssambandi%c3%b0\/"]}]},{"@type":"BreadcrumbList","@id":"https:\/\/isf.fo\/fotboltssambandi%c3%b0\/#breadcrumb","itemListElement":[{"@type":"ListItem","position":1,"name":"Home","item":"https:\/\/isf.fo\/"},{"@type":"ListItem","position":2,"name":"F\u00f3tb\u00f3ltssambandi\u00f0"}]},{"@type":"WebSite","@id":"https:\/\/isf.fo\/#website","url":"https:\/\/isf.fo\/","name":"\u00cdtr\u00f3ttasamband F\u00f8roya","description":"","publisher":{"@id":"https:\/\/isf.fo\/#organization"},"potentialAction":[{"@type":"SearchAction","target":{"@type":"EntryPoint","urlTemplate":"https:\/\/isf.fo\/?s={search_term_string}"},"query-input":{"@type":"PropertyValueSpecification","valueRequired":true,"valueName":"search_term_string"}}],"inLanguage":"en-US"},{"@type":"Organization","@id":"https:\/\/isf.fo\/#organization","name":"\u00cdtr\u00f3ttasamband F\u00f8roya","url":"https:\/\/isf.fo\/","logo":{"@type":"ImageObject","inLanguage":"en-US","@id":"https:\/\/isf.fo\/#\/schema\/logo\/image\/","url":"https:\/\/isf.fo\/wp-content\/uploads\/2025\/06\/ISF_Olympic-Committee-logo.png","contentUrl":"https:\/\/isf.fo\/wp-content\/uploads\/2025\/06\/ISF_Olympic-Committee-logo.png","width":618,"height":121,"caption":"\u00cdtr\u00f3ttasamband F\u00f8roya"},"image":{"@id":"https:\/\/isf.fo\/#\/schema\/logo\/image\/"},"sameAs":["https:\/\/www.facebook.com\/itrottasambandid"]}]}},"_links":{"self":[{"href":"https:\/\/isf.fo\/en\/wp-json\/wp\/v2\/pages\/630","targetHints":{"allow":["GET"]}}],"collection":[{"href":"https:\/\/isf.fo\/en\/wp-json\/wp\/v2\/pages"}],"about":[{"href":"https:\/\/isf.fo\/en\/wp-json\/wp\/v2\/types\/page"}],"author":[{"embeddable":true,"href":"https:\/\/isf.fo\/en\/wp-json\/wp\/v2\/users\/6"}],"replies":[{"embeddable":true,"href":"https:\/\/isf.fo\/en\/wp-json\/wp\/v2\/comments?post=630"}],"version-history":[{"count":1,"href":"https:\/\/isf.fo\/en\/wp-json\/wp\/v2\/pages\/630\/revisions"}],"predecessor-version":[{"id":5274,"href":"https:\/\/isf.fo\/en\/wp-json\/wp\/v2\/pages\/630\/revisions\/5274"}],"wp:attachment":[{"href":"https:\/\/isf.fo\/en\/wp-json\/wp\/v2\/media?parent=630"}],"curies":[{"name":"wp","href":"https:\/\/api.w.org\/{rel}","templated":true}]}}