{"id":639,"date":"2009-03-03T01:53:03","date_gmt":"2009-03-03T00:53:03","guid":{"rendered":"https:\/\/isf.fo\/?page_id=639"},"modified":"2009-03-03T01:53:03","modified_gmt":"2009-03-03T00:53:03","slug":"ro%c3%b0rarsambandi%c3%b0","status":"publish","type":"page","link":"https:\/\/isf.fo\/en\/ro%c3%b0rarsambandi%c3%b0\/","title":{"rendered":"R\u00f3\u00f0rarsambandi\u00f0"},"content":{"rendered":"<p><a name=\"top\"><\/a><br \/>\nYvirlit yvir nevndir v.m. hj\u00e1 R\u00f3\u00f0rarsambandinum og limafel\u00f8gum tess.<\/p>\n<p><a href=\"#94\">R\u00f3\u00f0rarsamband F\u00f8roya<\/a><br \/>\n<a href=\"#70\">Argja R\u00f3\u00f0rarfelag<\/a><br \/>\n<a href=\"#55\">Havnar R\u00f3\u00f0rarfelag<\/a><br \/>\n<a href=\"#44\">H\u00f3sv\u00edkar R\u00f3\u00f0rarfelag &#8211; HVR<\/a><br \/>\n<a href=\"#38\">\u00cdF &#8211; Kappr\u00f3\u00f0ur<\/a><br \/>\n<a href=\"#5\">Kappr\u00f3\u00f0rarfelagi\u00f0 NS\u00cd<\/a><br \/>\n<a href=\"#136\">Klaksv\u00edkar R\u00f3\u00f0rarfelag<\/a><br \/>\n<a href=\"#43\">Kollafjar\u00f0ar \u00cdtr\u00f3ttarfelag &#8211; K\u00cdF<\/a><br \/>\n<a href=\"#45\">Kv\u00edv\u00edkar S\u00f3knar R\u00f3\u00f0rarfelag &#8211; K.S.R.<\/a><br \/>\n<a href=\"#23\">Mi\u00f0v\u00e1gs Kappr\u00f3\u00f0rarfelag<\/a><br \/>\n<a href=\"#83\">Nor\u00f0depils-Hvannasunds R\u00f3\u00f0rarfelag<\/a><br \/>\n<a href=\"#95\">N\u00f3lsoyar \u00cdtr\u00f3ttarfelag &#8211; N\u00cdF<\/a><br \/>\n<a href=\"#30\">Oyndarfjar\u00f0ar \u00cdtr\u00f3ttafelag<\/a><br \/>\n<a href=\"#60\">R\u00f3\u00f0rarfelagi\u00f0 Kn\u00f8rrur<\/a><br \/>\n<a href=\"#32\">Sandav\u00e1gs \u00cdtr\u00f3ttarfelag &#8211; S\u00cdF<\/a><br \/>\n<a href=\"#8\">Sk\u00e1la R\u00f3\u00f0rarfelag<\/a><br \/>\n<a href=\"#13\">Str\u00e1lan<\/a><br \/>\n<a href=\"#85\">Sunda R\u00f3\u00f0rarfelag &#8211; SU.R.F.<\/a><br \/>\n<a href=\"#25\">S\u00f8rv\u00e1gs R\u00f3\u00f0rarfelag &#8211; SR<\/a><br \/>\n<a href=\"#97\">V\u00e1gs Kappr\u00f3\u00f0rarfelag &#8211; VK<\/a><br \/>\n<a href=\"#137\">Hvalv\u00edkar Streymnesar R\u00f3\u00f0rarfelag<\/a><br \/>\n<a href=\"#138\">Fro\u00f0biar S\u00f3knar R\u00f3\u00f0rarfelag<\/a><br \/>\n<a href=\"#139\">Su\u00f0uroyar Kappr\u00f3\u00f0rarfelag<\/a><br \/>\n<a href=\"#142\">Vestmanna \u00cdtr\u00f3ttafelag &#8211; V\u00cdF<\/a><\/p>\n<p><a name=\"94\"><\/a>[TABLE=94]<a href=\"#top\">Upp<\/a><br \/>\n<a name=\"70\"><\/a>[TABLE=70]<a href=\"#top\">Upp<\/a><br \/>\n<a name=\"55\"><\/a>[TABLE=55]<a href=\"#top\">Upp<\/a><br \/>\n<a name=\"44\"><\/a>[TABLE=44]<a href=\"#top\">Upp<\/a><br \/>\n<a name=\"38\"><\/a>[TABLE=38]<a href=\"#top\">Upp<\/a><br \/>\n<a name=\"5\"><\/a>[TABLE=5]<a href=\"#top\">Upp<\/a><br \/>\n<a name=\"136\"><\/a>[TABLE=136]<a href=\"#top\">Upp<\/a><br \/>\n<a name=\"43\"><\/a>[TABLE=43]<a href=\"#top\">Upp<\/a><br \/>\n<a name=\"45\"><\/a>[TABLE=45]<a href=\"#top\">Upp<\/a><br \/>\n<a name=\"23\"><\/a>[TABLE=23]<a href=\"#top\">Upp<\/a><br \/>\n<a name=\"83\"><\/a>[TABLE=83]<a href=\"#top\">Upp<\/a><br \/>\n<a name=\"95\"><\/a>[TABLE=95]<a href=\"#top\">Upp<\/a><br \/>\n<a name=\"30\"><\/a>[TABLE=30]<a href=\"#top\">Upp<\/a><br \/>\n<a name=\"60\"><\/a>[TABLE=60]<a href=\"#top\">Upp<\/a><br \/>\n<a name=\"32\"><\/a>[TABLE=32]<a href=\"#top\">Upp<\/a><br \/>\n<a name=\"8\"><\/a>[TABLE=8]<a href=\"#top\">Upp<\/a><br \/>\n<a name=\"13\"><\/a>[TABLE=13]<a href=\"#top\">Upp<\/a><br \/>\n<a name=\"85\"><\/a>[TABLE=85]<a href=\"#top\">Upp<\/a><br \/>\n<a name=\"25\"><\/a>[TABLE=25]<a href=\"#top\">Upp<\/a><br \/>\n<a name=\"97\"><\/a>[TABLE=97]<a href=\"#top\">Upp<\/a><br \/>\n<a name=\"42\"><\/a>[TABLE=42]<a href=\"#top\">Upp<\/a><br \/>\n<a name=\"137\"><\/a>[TABLE=137]<a href=\"#top\">Upp<\/a><br \/>\n<a name=\"138\"><\/a>[TABLE=138]<a href=\"#top\">Upp<\/a><br \/>\n<a name=\"139\"><\/a>[TABLE=139]<a href=\"#top\">Upp<\/a><br \/>\n<a name=\"142\"><\/a>[TABLE=142]<a href=\"#top\">Upp<\/a><\/p>","protected":false},"excerpt":{"rendered":"<p>Yvirlit yvir nevndir v.m. hj\u00e1 R\u00f3\u00f0rarsambandinum og limafel\u00f8gum tess. R\u00f3\u00f0rarsamband F\u00f8roya Argja R\u00f3\u00f0rarfelag Havnar R\u00f3\u00f0rarfelag H\u00f3sv\u00edkar R\u00f3\u00f0rarfelag &#8211; HVR \u00cdF [&hellip;]<\/p>","protected":false},"author":6,"featured_media":0,"parent":0,"menu_order":45,"comment_status":"open","ping_status":"closed","template":"","meta":{"_acf_changed":false,"_relevanssi_hide_post":"","_relevanssi_hide_content":"","_relevanssi_pin_for_all":"","_relevanssi_pin_keywords":"","_relevanssi_unpin_keywords":"","_relevanssi_related_keywords":"","_relevanssi_related_include_ids":"","_relevanssi_related_exclude_ids":"","_relevanssi_related_no_append":"","_relevanssi_related_not_related":"","_relevanssi_related_posts":"","_relevanssi_noindex_reason":"","inline_featured_image":false,"footnotes":""},"class_list":["post-639","page","type-page","status-publish","hentry"],"acf":[],"yoast_head":"<!-- This site is optimized with the Yoast SEO plugin v26.6 - https:\/\/yoast.com\/wordpress\/plugins\/seo\/ -->\n<title>R\u00f3\u00f0rarsambandi\u00f0 - \u00cdtr\u00f3ttasamband F\u00f8roya<\/title>\n<meta name=\"robots\" content=\"index, follow, max-snippet:-1, max-image-preview:large, max-video-preview:-1\" \/>\n<link rel=\"canonical\" href=\"https:\/\/isf.fo\/en\/ro\u00f0rarsambandi\u00f0\/\" \/>\n<meta property=\"og:locale\" content=\"en_US\" \/>\n<meta property=\"og:type\" content=\"article\" \/>\n<meta property=\"og:title\" content=\"R\u00f3\u00f0rarsambandi\u00f0 - \u00cdtr\u00f3ttasamband F\u00f8roya\" \/>\n<meta property=\"og:description\" content=\"Yvirlit yvir nevndir v.m. hj\u00e1 R\u00f3\u00f0rarsambandinum og limafel\u00f8gum tess. R\u00f3\u00f0rarsamband F\u00f8roya Argja R\u00f3\u00f0rarfelag Havnar R\u00f3\u00f0rarfelag H\u00f3sv\u00edkar R\u00f3\u00f0rarfelag &#8211; HVR \u00cdF [&hellip;]\" \/>\n<meta property=\"og:url\" content=\"https:\/\/isf.fo\/en\/ro\u00f0rarsambandi\u00f0\/\" \/>\n<meta property=\"og:site_name\" content=\"\u00cdtr\u00f3ttasamband F\u00f8roya\" \/>\n<meta property=\"article:publisher\" content=\"https:\/\/www.facebook.com\/itrottasambandid\" \/>\n<meta name=\"twitter:card\" content=\"summary_large_image\" \/>\n<meta name=\"twitter:label1\" content=\"Est. reading time\" \/>\n\t<meta name=\"twitter:data1\" content=\"1 minute\" \/>\n<script type=\"application\/ld+json\" class=\"yoast-schema-graph\">{\"@context\":\"https:\/\/schema.org\",\"@graph\":[{\"@type\":\"WebPage\",\"@id\":\"https:\/\/isf.fo\/ro%c3%b0rarsambandi%c3%b0\/\",\"url\":\"https:\/\/isf.fo\/ro%c3%b0rarsambandi%c3%b0\/\",\"name\":\"R\u00f3\u00f0rarsambandi\u00f0 - \u00cdtr\u00f3ttasamband F\u00f8roya\",\"isPartOf\":{\"@id\":\"https:\/\/isf.fo\/#website\"},\"datePublished\":\"2009-03-03T00:53:03+00:00\",\"breadcrumb\":{\"@id\":\"https:\/\/isf.fo\/ro%c3%b0rarsambandi%c3%b0\/#breadcrumb\"},\"inLanguage\":\"en-US\",\"potentialAction\":[{\"@type\":\"ReadAction\",\"target\":[\"https:\/\/isf.fo\/ro%c3%b0rarsambandi%c3%b0\/\"]}]},{\"@type\":\"BreadcrumbList\",\"@id\":\"https:\/\/isf.fo\/ro%c3%b0rarsambandi%c3%b0\/#breadcrumb\",\"itemListElement\":[{\"@type\":\"ListItem\",\"position\":1,\"name\":\"Home\",\"item\":\"https:\/\/isf.fo\/\"},{\"@type\":\"ListItem\",\"position\":2,\"name\":\"R\u00f3\u00f0rarsambandi\u00f0\"}]},{\"@type\":\"WebSite\",\"@id\":\"https:\/\/isf.fo\/#website\",\"url\":\"https:\/\/isf.fo\/\",\"name\":\"\u00cdtr\u00f3ttasamband F\u00f8roya\",\"description\":\"\",\"publisher\":{\"@id\":\"https:\/\/isf.fo\/#organization\"},\"potentialAction\":[{\"@type\":\"SearchAction\",\"target\":{\"@type\":\"EntryPoint\",\"urlTemplate\":\"https:\/\/isf.fo\/?s={search_term_string}\"},\"query-input\":{\"@type\":\"PropertyValueSpecification\",\"valueRequired\":true,\"valueName\":\"search_term_string\"}}],\"inLanguage\":\"en-US\"},{\"@type\":\"Organization\",\"@id\":\"https:\/\/isf.fo\/#organization\",\"name\":\"\u00cdtr\u00f3ttasamband F\u00f8roya\",\"url\":\"https:\/\/isf.fo\/\",\"logo\":{\"@type\":\"ImageObject\",\"inLanguage\":\"en-US\",\"@id\":\"https:\/\/isf.fo\/#\/schema\/logo\/image\/\",\"url\":\"https:\/\/isf.fo\/wp-content\/uploads\/2025\/06\/ISF_Olympic-Committee-logo.png\",\"contentUrl\":\"https:\/\/isf.fo\/wp-content\/uploads\/2025\/06\/ISF_Olympic-Committee-logo.png\",\"width\":618,\"height\":121,\"caption\":\"\u00cdtr\u00f3ttasamband F\u00f8roya\"},\"image\":{\"@id\":\"https:\/\/isf.fo\/#\/schema\/logo\/image\/\"},\"sameAs\":[\"https:\/\/www.facebook.com\/itrottasambandid\"]}]}<\/script>\n<!-- \/ Yoast SEO plugin. -->","yoast_head_json":{"title":"R\u00f3\u00f0rarsambandi\u00f0 - \u00cdtr\u00f3ttasamband F\u00f8roya","robots":{"index":"index","follow":"follow","max-snippet":"max-snippet:-1","max-image-preview":"max-image-preview:large","max-video-preview":"max-video-preview:-1"},"canonical":"https:\/\/isf.fo\/en\/ro\u00f0rarsambandi\u00f0\/","og_locale":"en_US","og_type":"article","og_title":"R\u00f3\u00f0rarsambandi\u00f0 - \u00cdtr\u00f3ttasamband F\u00f8roya","og_description":"Yvirlit yvir nevndir v.m. hj\u00e1 R\u00f3\u00f0rarsambandinum og limafel\u00f8gum tess. R\u00f3\u00f0rarsamband F\u00f8roya Argja R\u00f3\u00f0rarfelag Havnar R\u00f3\u00f0rarfelag H\u00f3sv\u00edkar R\u00f3\u00f0rarfelag &#8211; HVR \u00cdF [&hellip;]","og_url":"https:\/\/isf.fo\/en\/ro\u00f0rarsambandi\u00f0\/","og_site_name":"\u00cdtr\u00f3ttasamband F\u00f8roya","article_publisher":"https:\/\/www.facebook.com\/itrottasambandid","twitter_card":"summary_large_image","twitter_misc":{"Est. reading time":"1 minute"},"schema":{"@context":"https:\/\/schema.org","@graph":[{"@type":"WebPage","@id":"https:\/\/isf.fo\/ro%c3%b0rarsambandi%c3%b0\/","url":"https:\/\/isf.fo\/ro%c3%b0rarsambandi%c3%b0\/","name":"R\u00f3\u00f0rarsambandi\u00f0 - \u00cdtr\u00f3ttasamband F\u00f8roya","isPartOf":{"@id":"https:\/\/isf.fo\/#website"},"datePublished":"2009-03-03T00:53:03+00:00","breadcrumb":{"@id":"https:\/\/isf.fo\/ro%c3%b0rarsambandi%c3%b0\/#breadcrumb"},"inLanguage":"en-US","potentialAction":[{"@type":"ReadAction","target":["https:\/\/isf.fo\/ro%c3%b0rarsambandi%c3%b0\/"]}]},{"@type":"BreadcrumbList","@id":"https:\/\/isf.fo\/ro%c3%b0rarsambandi%c3%b0\/#breadcrumb","itemListElement":[{"@type":"ListItem","position":1,"name":"Home","item":"https:\/\/isf.fo\/"},{"@type":"ListItem","position":2,"name":"R\u00f3\u00f0rarsambandi\u00f0"}]},{"@type":"WebSite","@id":"https:\/\/isf.fo\/#website","url":"https:\/\/isf.fo\/","name":"\u00cdtr\u00f3ttasamband F\u00f8roya","description":"","publisher":{"@id":"https:\/\/isf.fo\/#organization"},"potentialAction":[{"@type":"SearchAction","target":{"@type":"EntryPoint","urlTemplate":"https:\/\/isf.fo\/?s={search_term_string}"},"query-input":{"@type":"PropertyValueSpecification","valueRequired":true,"valueName":"search_term_string"}}],"inLanguage":"en-US"},{"@type":"Organization","@id":"https:\/\/isf.fo\/#organization","name":"\u00cdtr\u00f3ttasamband F\u00f8roya","url":"https:\/\/isf.fo\/","logo":{"@type":"ImageObject","inLanguage":"en-US","@id":"https:\/\/isf.fo\/#\/schema\/logo\/image\/","url":"https:\/\/isf.fo\/wp-content\/uploads\/2025\/06\/ISF_Olympic-Committee-logo.png","contentUrl":"https:\/\/isf.fo\/wp-content\/uploads\/2025\/06\/ISF_Olympic-Committee-logo.png","width":618,"height":121,"caption":"\u00cdtr\u00f3ttasamband F\u00f8roya"},"image":{"@id":"https:\/\/isf.fo\/#\/schema\/logo\/image\/"},"sameAs":["https:\/\/www.facebook.com\/itrottasambandid"]}]}},"_links":{"self":[{"href":"https:\/\/isf.fo\/en\/wp-json\/wp\/v2\/pages\/639","targetHints":{"allow":["GET"]}}],"collection":[{"href":"https:\/\/isf.fo\/en\/wp-json\/wp\/v2\/pages"}],"about":[{"href":"https:\/\/isf.fo\/en\/wp-json\/wp\/v2\/types\/page"}],"author":[{"embeddable":true,"href":"https:\/\/isf.fo\/en\/wp-json\/wp\/v2\/users\/6"}],"replies":[{"embeddable":true,"href":"https:\/\/isf.fo\/en\/wp-json\/wp\/v2\/comments?post=639"}],"version-history":[{"count":1,"href":"https:\/\/isf.fo\/en\/wp-json\/wp\/v2\/pages\/639\/revisions"}],"predecessor-version":[{"id":5264,"href":"https:\/\/isf.fo\/en\/wp-json\/wp\/v2\/pages\/639\/revisions\/5264"}],"wp:attachment":[{"href":"https:\/\/isf.fo\/en\/wp-json\/wp\/v2\/media?parent=639"}],"curies":[{"name":"wp","href":"https:\/\/api.w.org\/{rel}","templated":true}]}}