{"id":7862,"date":"2020-10-07T10:44:58","date_gmt":"2020-10-07T10:44:58","guid":{"rendered":"https:\/\/isf.fo\/logir\/reglugerd-covid-19\/"},"modified":"2020-10-07T10:52:36","modified_gmt":"2020-10-07T10:52:36","slug":"reglugerd-covid-19","status":"publish","type":"page","link":"https:\/\/isf.fo\/en\/logir\/reglugerd-covid-19\/","title":{"rendered":"Regluger\u00f0 Covid-19"},"content":{"rendered":"<p><strong>Regluger\u00f0 fyri stu\u00f0ul til mistar innt\u00f8kur \u00ed samband vi\u00f0 COVID-19 <\/strong><\/p>\n<p>Hendan regluger\u00f0 vi\u00f0ger\u00f0 treytir hj\u00e1 \u00edtr\u00f3ttafelagsskapum fyri at f\u00e1a peningaligan stu\u00f0ul \u00ed samband vi\u00f0 mistar innt\u00f8kur av COVID-19.<\/p>\n<p><em>N\u00fdtslu\u00f8ki<\/em><\/p>\n<p><strong>\u00a71<\/strong>\u00a0Regluger\u00f0in fevnir um \u00edtr\u00f3ttafelagsskapir, hv\u00f8rs tilt\u00f8k eru avl\u00fdst ella n\u00f3gv avmarka\u00f0 vegna almennu tilm\u00e6lini av COVID-19.<\/p>\n<p><strong>\u00a72<\/strong>\u00a0\u00cdtr\u00f3ttafelagsskapir samb\u00e6rt hesi regluger\u00f0 eru sambondini \u00ed \u00cdSF og limafel\u00f8g tess.<\/p>\n<p><em>Upph\u00e6dd<\/em><\/p>\n<p><strong>\u00a73<\/strong>\u00a0L\u00f8gtingi\u00f0 hevur j\u00e1tta\u00f0 \u00cdSF 4.000.000 kr., i\u00f0 eru oyramerktar til stu\u00f0ul til mistar innt\u00f8kur hj\u00e1 \u00edtr\u00f3ttafelagsskapum \u00ed samband vi\u00f0 COVID-19.<\/p>\n<p><em>Tilt\u00f8k fyriskipa\u00f0 av \u00edtr\u00f3ttafelagsskapum<\/em><\/p>\n<p><strong>\u00a74<\/strong>\u00a0Tilt\u00f8k fyriskipa\u00f0 av \u00edtr\u00f3ttafelagssskapum eru tilt\u00f8k, har almenningurin hevur atgongd ella kann luttaka m\u00f3ti atgongugjaldi, t\u00f3 uttan at talan er um vinnuligt virksemi.<\/p>\n<p><strong>\u00a75<\/strong>\u00a0Til \u00edtr\u00f3ttafelagsskapir, hv\u00f8rs tilt\u00f8k sbrt. \u00a7 4 eru avl\u00fdst ella n\u00f3gv avmarka\u00f0 vegna almennu tilm\u00e6lini um fyribyrging av COVID-19 i t\u00ed\u00f0arskei\u00f0inum 12. mars til 30. juni 2020, ver\u00f0ur stu\u00f0ul latin til at endurrinda mista innt\u00f8ku.<\/p>\n<p><em>\u00a0 Stk. 2.<\/em> Stu\u00f0ulin sbrt. stk. 1 ver\u00f0ur endaliga sta\u00f0festur vi\u00f0 st\u00f8\u00f0i \u00ed g\u00f3\u00f0kendum ums\u00f3knum, men kann ongant\u00ed\u00f0 ver\u00f0a meira enn 250.000 kr. fyri hv\u00f8nn \u00edtr\u00f3ttafelagsskap. Mista innt\u00f8kan ver\u00f0ur \u00fatrokna\u00f0 vi\u00f0 st\u00f8\u00f0i \u00ed mi\u00f0al innt\u00f8kuni fyri \u00e1rini 2019 og 2018, sum skal vera skjalpr\u00f3gva\u00f0 og sta\u00f0fest.<\/p>\n<p><em>\u00a0 Stk. 3.<\/em> Er ikki gj\u00f8rligt at rokna mistu innt\u00f8kuna sbrt. stk. 2, f\u00e6r \u00edtr\u00f3ttafelagsskapurin stu\u00f0ul sbrt. skjalpr\u00f3gva\u00f0um og sta\u00f0festum \u00fatrei\u00f0slum.<\/p>\n<p><em>\u00a0 Stk. 4.<\/em> Stu\u00f0ulin sbrt. stk. 1 er treyta\u00f0ur av, at avl\u00fdstu tilt\u00f8kini ikki ver\u00f0a hildin seinni \u00ed 2020.<\/p>\n<p><em>\u00a0 Stk. 5.<\/em> Harumframt er stu\u00f0ul sbrt. stk. 1 treyta\u00f0ur av, at metta innt\u00f8kan sbrt. stk. 2 er \u00ed minsta lagi 20.000 kr. Er talan um \u00edtr\u00f3ttafelagsskap i\u00f0 hevur fleiri sm\u00e6rri tilt\u00f8k, skal innt\u00f8kan fyri tilt\u00f8kini til samans vera \u00ed minsta lagi 20.000 kr.<\/p>\n<p><em>\u00a0 Stk. 6.<\/em> Hevur vi\u00f0komandi \u00edtr\u00f3ttafelagsskapur fingi\u00f0 stu\u00f0ul \u00far a\u00f0rari almennari stu\u00f0ulsskipan, ver\u00f0ur hesin stu\u00f0ul m\u00f3trokna\u00f0ur \u00ed stu\u00f0li sbrt. stk. 2.<\/p>\n<p><em>Ums\u00f3kn<\/em><\/p>\n<p><strong>\u00a76<\/strong>\u00a0Ums\u00f3kn um stu\u00f0ul skal latast inn til \u00cdSF \u00ed seinasta lagi 31. august 2020.<\/p>\n<p><em>Umsiting<\/em><\/p>\n<p><strong>\u00a77<\/strong>\u00a0Umsitingin \u00ed \u00cdSF innstillar til starvsnevnd \u00cdSF um hv\u00f8r f\u00e6r stu\u00f0ul sbrt. regluger\u00f0ini. Starvnevnd \u00cdSF tekur endaliga avger\u00f0 um hv\u00f8r f\u00e6r stu\u00f0ul.<\/p>\n<p><em>Eftirlit og afturrindan av stu\u00f0li<\/em><\/p>\n<p><strong>\u00a78 <\/strong>\u00cdSF hevur eftirlit vi\u00f0, at \u00e1setingarnar \u00ed regluger\u00f0ini ver\u00f0a fylgdar, og at tey sum f\u00e1a stu\u00f0ul, l\u00faka treytirnar \u00ed regluger\u00f0ini.<\/p>\n<p><em>\u00a0 Stk. 2. <\/em>L\u00fdkur ein \u00edtr\u00f3ttafelagsskapur ikki longur treytirnar fyri at f\u00e1a stu\u00f0ul, skal stu\u00f0ulin heilt ella lutv\u00edst rindast aftur.<\/p>\n<p><em>\u00a0 Stk. 3.<\/em> Hevur ein \u00edtr\u00f3ttafelagsskapur \u00ed sambandi vi\u00f0 ums\u00f3kn ikki givi\u00f0 r\u00f8ttu uppl\u00fdsingar ella m\u00f3ti betri vitan av \u00f3r\u00f8ttum fingi\u00f0 stu\u00f0ul, skal vi\u00f0komandi \u00edtr\u00f3ttafelagsskapur gjalda aftur ta upph\u00e6dd, sum er fingin av \u00f3r\u00f8ttum.<\/p>\n<p><em>Samtykt \u00e1 starvsnevndarfundi 3. juli 2020<\/em><\/p>\n<p><strong><a href=\"https:\/\/d21ockg4ri0hhk.cloudfront.net\/wp-content\/uploads\/2020\/10\/30192728\/2020-07-02-Reglugerd-korona-studul-fyri-mistar-inntokur.pdf\">2020-07-02 Regluger\u00f0 korona stu\u00f0ul fyri mistar innt\u00f8kur<\/a><\/strong><\/p>","protected":false},"excerpt":{"rendered":"<p>Regluger\u00f0 fyri stu\u00f0ul til mistar innt\u00f8kur \u00ed samband vi\u00f0 COVID-19 Hendan regluger\u00f0 vi\u00f0ger\u00f0 treytir hj\u00e1 \u00edtr\u00f3ttafelagsskapum fyri at f\u00e1a peningaligan [&hellip;]<\/p>\n","protected":false},"author":7,"featured_media":0,"parent":405,"menu_order":14,"comment_status":"closed","ping_status":"closed","template":"","meta":{"_acf_changed":false,"_relevanssi_hide_post":"","_relevanssi_hide_content":"","_relevanssi_pin_for_all":"","_relevanssi_pin_keywords":"","_relevanssi_unpin_keywords":"","_relevanssi_related_keywords":"","_relevanssi_related_include_ids":"","_relevanssi_related_exclude_ids":"","_relevanssi_related_no_append":"","_relevanssi_related_not_related":"","_relevanssi_related_posts":"","_relevanssi_noindex_reason":"","inline_featured_image":false,"footnotes":""},"class_list":["post-7862","page","type-page","status-publish","hentry"],"acf":[],"yoast_head":"<!-- This site is optimized with the Yoast SEO plugin v27.3 - https:\/\/yoast.com\/product\/yoast-seo-wordpress\/ -->\n<title>Regluger\u00f0 Covid-19 - \u00cdtr\u00f3ttasamband F\u00f8roya<\/title>\n<meta name=\"robots\" content=\"index, follow, max-snippet:-1, max-image-preview:large, max-video-preview:-1\" \/>\n<link rel=\"canonical\" href=\"https:\/\/isf.fo\/en\/logir\/reglugerd-covid-19\/\" \/>\n<meta property=\"og:locale\" content=\"en_US\" \/>\n<meta property=\"og:type\" content=\"article\" \/>\n<meta property=\"og:title\" content=\"Regluger\u00f0 Covid-19 - \u00cdtr\u00f3ttasamband F\u00f8roya\" \/>\n<meta property=\"og:description\" content=\"Regluger\u00f0 fyri stu\u00f0ul til mistar innt\u00f8kur \u00ed samband vi\u00f0 COVID-19 Hendan regluger\u00f0 vi\u00f0ger\u00f0 treytir hj\u00e1 \u00edtr\u00f3ttafelagsskapum fyri at f\u00e1a peningaligan [&hellip;]\" \/>\n<meta property=\"og:url\" content=\"https:\/\/isf.fo\/en\/logir\/reglugerd-covid-19\/\" \/>\n<meta property=\"og:site_name\" content=\"\u00cdtr\u00f3ttasamband F\u00f8roya\" \/>\n<meta property=\"article:publisher\" content=\"https:\/\/www.facebook.com\/itrottasambandid\" \/>\n<meta property=\"article:modified_time\" content=\"2020-10-07T10:52:36+00:00\" \/>\n<meta name=\"twitter:card\" content=\"summary_large_image\" \/>\n<meta name=\"twitter:label1\" content=\"Est. reading time\" \/>\n\t<meta name=\"twitter:data1\" content=\"2 minutes\" \/>\n<script type=\"application\/ld+json\" class=\"yoast-schema-graph\">{\"@context\":\"https:\\\/\\\/schema.org\",\"@graph\":[{\"@type\":\"WebPage\",\"@id\":\"https:\\\/\\\/isf.fo\\\/logir\\\/reglugerd-covid-19\\\/\",\"url\":\"https:\\\/\\\/isf.fo\\\/logir\\\/reglugerd-covid-19\\\/\",\"name\":\"Regluger\u00f0 Covid-19 - \u00cdtr\u00f3ttasamband F\u00f8roya\",\"isPartOf\":{\"@id\":\"https:\\\/\\\/isf.fo\\\/#website\"},\"datePublished\":\"2020-10-07T10:44:58+00:00\",\"dateModified\":\"2020-10-07T10:52:36+00:00\",\"breadcrumb\":{\"@id\":\"https:\\\/\\\/isf.fo\\\/logir\\\/reglugerd-covid-19\\\/#breadcrumb\"},\"inLanguage\":\"en-US\",\"potentialAction\":[{\"@type\":\"ReadAction\",\"target\":[\"https:\\\/\\\/isf.fo\\\/logir\\\/reglugerd-covid-19\\\/\"]}]},{\"@type\":\"BreadcrumbList\",\"@id\":\"https:\\\/\\\/isf.fo\\\/logir\\\/reglugerd-covid-19\\\/#breadcrumb\",\"itemListElement\":[{\"@type\":\"ListItem\",\"position\":1,\"name\":\"Home\",\"item\":\"https:\\\/\\\/isf.fo\\\/\"},{\"@type\":\"ListItem\",\"position\":2,\"name\":\"L\u00f3gir\",\"item\":\"https:\\\/\\\/isf.fo\\\/logir\\\/\"},{\"@type\":\"ListItem\",\"position\":3,\"name\":\"Regluger\u00f0 Covid-19\"}]},{\"@type\":\"WebSite\",\"@id\":\"https:\\\/\\\/isf.fo\\\/#website\",\"url\":\"https:\\\/\\\/isf.fo\\\/\",\"name\":\"\u00cdtr\u00f3ttasamband F\u00f8roya\",\"description\":\"\",\"publisher\":{\"@id\":\"https:\\\/\\\/isf.fo\\\/#organization\"},\"potentialAction\":[{\"@type\":\"SearchAction\",\"target\":{\"@type\":\"EntryPoint\",\"urlTemplate\":\"https:\\\/\\\/isf.fo\\\/?s={search_term_string}\"},\"query-input\":{\"@type\":\"PropertyValueSpecification\",\"valueRequired\":true,\"valueName\":\"search_term_string\"}}],\"inLanguage\":\"en-US\"},{\"@type\":\"Organization\",\"@id\":\"https:\\\/\\\/isf.fo\\\/#organization\",\"name\":\"\u00cdtr\u00f3ttasamband F\u00f8roya\",\"url\":\"https:\\\/\\\/isf.fo\\\/\",\"logo\":{\"@type\":\"ImageObject\",\"inLanguage\":\"en-US\",\"@id\":\"https:\\\/\\\/isf.fo\\\/#\\\/schema\\\/logo\\\/image\\\/\",\"url\":\"https:\\\/\\\/isf.fo\\\/wp-content\\\/uploads\\\/2025\\\/06\\\/ISF_Olympic-Committee-logo.png\",\"contentUrl\":\"https:\\\/\\\/isf.fo\\\/wp-content\\\/uploads\\\/2025\\\/06\\\/ISF_Olympic-Committee-logo.png\",\"width\":618,\"height\":121,\"caption\":\"\u00cdtr\u00f3ttasamband F\u00f8roya\"},\"image\":{\"@id\":\"https:\\\/\\\/isf.fo\\\/#\\\/schema\\\/logo\\\/image\\\/\"},\"sameAs\":[\"https:\\\/\\\/www.facebook.com\\\/itrottasambandid\"]}]}<\/script>\n<!-- \/ Yoast SEO plugin. -->","yoast_head_json":{"title":"Regluger\u00f0 Covid-19 - \u00cdtr\u00f3ttasamband F\u00f8roya","robots":{"index":"index","follow":"follow","max-snippet":"max-snippet:-1","max-image-preview":"max-image-preview:large","max-video-preview":"max-video-preview:-1"},"canonical":"https:\/\/isf.fo\/en\/logir\/reglugerd-covid-19\/","og_locale":"en_US","og_type":"article","og_title":"Regluger\u00f0 Covid-19 - \u00cdtr\u00f3ttasamband F\u00f8roya","og_description":"Regluger\u00f0 fyri stu\u00f0ul til mistar innt\u00f8kur \u00ed samband vi\u00f0 COVID-19 Hendan regluger\u00f0 vi\u00f0ger\u00f0 treytir hj\u00e1 \u00edtr\u00f3ttafelagsskapum fyri at f\u00e1a peningaligan [&hellip;]","og_url":"https:\/\/isf.fo\/en\/logir\/reglugerd-covid-19\/","og_site_name":"\u00cdtr\u00f3ttasamband F\u00f8roya","article_publisher":"https:\/\/www.facebook.com\/itrottasambandid","article_modified_time":"2020-10-07T10:52:36+00:00","twitter_card":"summary_large_image","twitter_misc":{"Est. reading time":"2 minutes"},"schema":{"@context":"https:\/\/schema.org","@graph":[{"@type":"WebPage","@id":"https:\/\/isf.fo\/logir\/reglugerd-covid-19\/","url":"https:\/\/isf.fo\/logir\/reglugerd-covid-19\/","name":"Regluger\u00f0 Covid-19 - \u00cdtr\u00f3ttasamband F\u00f8roya","isPartOf":{"@id":"https:\/\/isf.fo\/#website"},"datePublished":"2020-10-07T10:44:58+00:00","dateModified":"2020-10-07T10:52:36+00:00","breadcrumb":{"@id":"https:\/\/isf.fo\/logir\/reglugerd-covid-19\/#breadcrumb"},"inLanguage":"en-US","potentialAction":[{"@type":"ReadAction","target":["https:\/\/isf.fo\/logir\/reglugerd-covid-19\/"]}]},{"@type":"BreadcrumbList","@id":"https:\/\/isf.fo\/logir\/reglugerd-covid-19\/#breadcrumb","itemListElement":[{"@type":"ListItem","position":1,"name":"Home","item":"https:\/\/isf.fo\/"},{"@type":"ListItem","position":2,"name":"L\u00f3gir","item":"https:\/\/isf.fo\/logir\/"},{"@type":"ListItem","position":3,"name":"Regluger\u00f0 Covid-19"}]},{"@type":"WebSite","@id":"https:\/\/isf.fo\/#website","url":"https:\/\/isf.fo\/","name":"\u00cdtr\u00f3ttasamband F\u00f8roya","description":"","publisher":{"@id":"https:\/\/isf.fo\/#organization"},"potentialAction":[{"@type":"SearchAction","target":{"@type":"EntryPoint","urlTemplate":"https:\/\/isf.fo\/?s={search_term_string}"},"query-input":{"@type":"PropertyValueSpecification","valueRequired":true,"valueName":"search_term_string"}}],"inLanguage":"en-US"},{"@type":"Organization","@id":"https:\/\/isf.fo\/#organization","name":"\u00cdtr\u00f3ttasamband F\u00f8roya","url":"https:\/\/isf.fo\/","logo":{"@type":"ImageObject","inLanguage":"en-US","@id":"https:\/\/isf.fo\/#\/schema\/logo\/image\/","url":"https:\/\/isf.fo\/wp-content\/uploads\/2025\/06\/ISF_Olympic-Committee-logo.png","contentUrl":"https:\/\/isf.fo\/wp-content\/uploads\/2025\/06\/ISF_Olympic-Committee-logo.png","width":618,"height":121,"caption":"\u00cdtr\u00f3ttasamband F\u00f8roya"},"image":{"@id":"https:\/\/isf.fo\/#\/schema\/logo\/image\/"},"sameAs":["https:\/\/www.facebook.com\/itrottasambandid"]}]}},"_links":{"self":[{"href":"https:\/\/isf.fo\/en\/wp-json\/wp\/v2\/pages\/7862","targetHints":{"allow":["GET"]}}],"collection":[{"href":"https:\/\/isf.fo\/en\/wp-json\/wp\/v2\/pages"}],"about":[{"href":"https:\/\/isf.fo\/en\/wp-json\/wp\/v2\/types\/page"}],"author":[{"embeddable":true,"href":"https:\/\/isf.fo\/en\/wp-json\/wp\/v2\/users\/7"}],"replies":[{"embeddable":true,"href":"https:\/\/isf.fo\/en\/wp-json\/wp\/v2\/comments?post=7862"}],"version-history":[{"count":3,"href":"https:\/\/isf.fo\/en\/wp-json\/wp\/v2\/pages\/7862\/revisions"}],"predecessor-version":[{"id":7866,"href":"https:\/\/isf.fo\/en\/wp-json\/wp\/v2\/pages\/7862\/revisions\/7866"}],"up":[{"embeddable":true,"href":"https:\/\/isf.fo\/en\/wp-json\/wp\/v2\/pages\/405"}],"wp:attachment":[{"href":"https:\/\/isf.fo\/en\/wp-json\/wp\/v2\/media?parent=7862"}],"curies":[{"name":"wp","href":"https:\/\/api.w.org\/{rel}","templated":true}]}}