{"id":7893,"date":"2020-10-28T12:48:51","date_gmt":"2020-10-28T12:48:51","guid":{"rendered":"https:\/\/isf.fo\/bygnadur\/soga\/oyggjaleikir\/"},"modified":"2020-10-29T10:50:19","modified_gmt":"2020-10-29T10:50:19","slug":"oyggjaleikir","status":"publish","type":"page","link":"https:\/\/isf.fo\/en\/bygnadur\/soga\/oyggjaleikir\/","title":{"rendered":"Oyggjaleikir"},"content":{"rendered":"<p style=\"padding-left: 40px;\"><strong>Oyggjaleikir:<\/strong><\/p>\n<ul>\n<li><a href=\"https:\/\/drive.google.com\/file\/d\/1gmlNTWBYJnY95-GvnvV9XALACNhXxDpW\/view?usp=sharing\" target=\"_blank\" rel=\"noopener noreferrer\">2017 Gotland<\/a><\/li>\n<li><a href=\"https:\/\/drive.google.com\/file\/d\/1hOOkMl0iNrsv7-9qiqSUZiZMbESfrH-T\/view?usp=sharing\" target=\"_blank\" rel=\"noopener noreferrer\">2015 Jersey<\/a><\/li>\n<li><a href=\"https:\/\/drive.google.com\/file\/d\/1hRkUiyn06tXVW0FFkVQXfM1V9O1ekvFq\/view?usp=sharing\" target=\"_blank\" rel=\"noopener noreferrer\">2013 Bermuda<\/a><\/li>\n<li><a href=\"https:\/\/drive.google.com\/file\/d\/1hWDsWw-RG99agZUU7j8SnHBSD_Ke-l_I\/view?usp=sharing\" target=\"_blank\" rel=\"noopener noreferrer\">2011 Isle of Wight<\/a><\/li>\n<li><a href=\"https:\/\/drive.google.com\/file\/d\/1hXdjiNtICjtHXw4Bmpc5psdoelf_n6vA\/view?usp=sharing\" target=\"_blank\" rel=\"noopener noreferrer\">2009 \u00c1land<\/a><\/li>\n<li><a href=\"https:\/\/drive.google.com\/file\/d\/1h_qu6XtiZXEsP2swRpuZVY7I3VP-KYHz\/view?usp=sharing\" target=\"_blank\" rel=\"noopener noreferrer\">2007 Rhodos<\/a><\/li>\n<li><a href=\"https:\/\/drive.google.com\/file\/d\/1hbVv9knFBl9QBY1ktyk7ywVnhGFauYGP\/view?usp=sharing\" target=\"_blank\" rel=\"noopener noreferrer\">2005 Hetland<\/a><\/li>\n<li><a href=\"https:\/\/drive.google.com\/file\/d\/1gpkEFKUyBfRAwGprXVQp4AUYGrg1S-bk\/view?usp=sharing\" target=\"_blank\" rel=\"noopener noreferrer\">2003 Guernsey<\/a><\/li>\n<li><a href=\"https:\/\/drive.google.com\/file\/d\/1gshY77lRyEHGifIctgbHD2E8OewaatHA\/view?usp=sharing\" target=\"_blank\" rel=\"noopener noreferrer\">2001 Isle of Man<\/a><\/li>\n<li><a href=\"https:\/\/drive.google.com\/file\/d\/1gx0Gjd5kjCD4N9Rr2fVBVeXlH0AvT6iy\/view?usp=sharing\" target=\"_blank\" rel=\"noopener noreferrer\">1999 Gotland<\/a><\/li>\n<li><a href=\"https:\/\/drive.google.com\/file\/d\/1gzAYDLGeh9c7XQDbGgd7Xa9lsyD_bN6e\/view?usp=sharing\" target=\"_blank\" rel=\"noopener noreferrer\">1997 Jersey<\/a><\/li>\n<li><a href=\"https:\/\/drive.google.com\/file\/d\/1h4peclY8XkEmnYAKBWQ3Fo12kne5xkum\/view?usp=sharing\" target=\"_blank\" rel=\"noopener noreferrer\">1995 Gibraltar<\/a><\/li>\n<li><a href=\"https:\/\/drive.google.com\/file\/d\/1hA2NwRx9122mVbh280zrcbG8l6ExFhWg\/view?usp=sharing\" target=\"_blank\" rel=\"noopener noreferrer\">1993 Isle of Wight<\/a><\/li>\n<li><a href=\"https:\/\/drive.google.com\/file\/d\/1hAQ75cEnnF1CG5uIdKmwMjKmmMmIsNzt\/view?usp=sharing\" target=\"_blank\" rel=\"noopener noreferrer\">1991 \u00c1land<\/a><\/li>\n<li><a href=\"https:\/\/drive.google.com\/file\/d\/1hGU4_Hh4n_cKJ2v1gD6AJY_vHXOOXhJ_\/view?usp=sharing\" target=\"_blank\" rel=\"noopener noreferrer\">1989 F\u00f8royar<\/a><\/li>\n<li><a href=\"https:\/\/drive.google.com\/file\/d\/1hIfAGGmGV9koPbbKPBc1XLHiUlhBx1Br\/view?usp=sharing\" target=\"_blank\" rel=\"noopener noreferrer\">1987 Guernsey<\/a><\/li>\n<li><a href=\"https:\/\/drive.google.com\/file\/d\/1hNKR6vDhrWi5dJhbLevDLNr18jtT9xPk\/view?usp=sharing\" target=\"_blank\" rel=\"noopener noreferrer\">1985 Isle of Man<\/a><\/li>\n<\/ul>","protected":false},"excerpt":{"rendered":"<p>Oyggjaleikir: 2017 Gotland 2015 Jersey 2013 Bermuda 2011 Isle of Wight 2009 \u00c1land 2007 Rhodos 2005 Hetland 2003 Guernsey 2001 [&hellip;]<\/p>\n","protected":false},"author":7,"featured_media":0,"parent":404,"menu_order":10,"comment_status":"closed","ping_status":"closed","template":"","meta":{"_acf_changed":false,"_relevanssi_hide_post":"","_relevanssi_hide_content":"","_relevanssi_pin_for_all":"","_relevanssi_pin_keywords":"","_relevanssi_unpin_keywords":"","_relevanssi_related_keywords":"","_relevanssi_related_include_ids":"","_relevanssi_related_exclude_ids":"","_relevanssi_related_no_append":"","_relevanssi_related_not_related":"","_relevanssi_related_posts":"","_relevanssi_noindex_reason":"","inline_featured_image":false,"footnotes":""},"class_list":["post-7893","page","type-page","status-publish","hentry"],"acf":[],"yoast_head":"<!-- This site is optimized with the Yoast SEO plugin v27.5 - https:\/\/yoast.com\/product\/yoast-seo-wordpress\/ -->\n<title>Oyggjaleikir - \u00cdtr\u00f3ttasamband F\u00f8roya<\/title>\n<meta name=\"robots\" content=\"index, follow, max-snippet:-1, max-image-preview:large, max-video-preview:-1\" \/>\n<link rel=\"canonical\" href=\"https:\/\/isf.fo\/en\/bygnadur\/soga\/oyggjaleikir\/\" \/>\n<meta property=\"og:locale\" content=\"en_US\" \/>\n<meta property=\"og:type\" content=\"article\" \/>\n<meta property=\"og:title\" content=\"Oyggjaleikir - \u00cdtr\u00f3ttasamband F\u00f8roya\" \/>\n<meta property=\"og:description\" content=\"Oyggjaleikir: 2017 Gotland 2015 Jersey 2013 Bermuda 2011 Isle of Wight 2009 \u00c1land 2007 Rhodos 2005 Hetland 2003 Guernsey 2001 [&hellip;]\" \/>\n<meta property=\"og:url\" content=\"https:\/\/isf.fo\/en\/bygnadur\/soga\/oyggjaleikir\/\" \/>\n<meta property=\"og:site_name\" content=\"\u00cdtr\u00f3ttasamband F\u00f8roya\" \/>\n<meta property=\"article:publisher\" content=\"https:\/\/www.facebook.com\/itrottasambandid\" \/>\n<meta property=\"article:modified_time\" content=\"2020-10-29T10:50:19+00:00\" \/>\n<meta name=\"twitter:card\" content=\"summary_large_image\" \/>\n<script type=\"application\/ld+json\" class=\"yoast-schema-graph\">{\"@context\":\"https:\\\/\\\/schema.org\",\"@graph\":[{\"@type\":\"WebPage\",\"@id\":\"https:\\\/\\\/isf.fo\\\/bygnadur\\\/soga\\\/oyggjaleikir\\\/\",\"url\":\"https:\\\/\\\/isf.fo\\\/bygnadur\\\/soga\\\/oyggjaleikir\\\/\",\"name\":\"Oyggjaleikir - \u00cdtr\u00f3ttasamband F\u00f8roya\",\"isPartOf\":{\"@id\":\"https:\\\/\\\/isf.fo\\\/#website\"},\"datePublished\":\"2020-10-28T12:48:51+00:00\",\"dateModified\":\"2020-10-29T10:50:19+00:00\",\"breadcrumb\":{\"@id\":\"https:\\\/\\\/isf.fo\\\/bygnadur\\\/soga\\\/oyggjaleikir\\\/#breadcrumb\"},\"inLanguage\":\"en-US\",\"potentialAction\":[{\"@type\":\"ReadAction\",\"target\":[\"https:\\\/\\\/isf.fo\\\/bygnadur\\\/soga\\\/oyggjaleikir\\\/\"]}]},{\"@type\":\"BreadcrumbList\",\"@id\":\"https:\\\/\\\/isf.fo\\\/bygnadur\\\/soga\\\/oyggjaleikir\\\/#breadcrumb\",\"itemListElement\":[{\"@type\":\"ListItem\",\"position\":1,\"name\":\"Home\",\"item\":\"https:\\\/\\\/isf.fo\\\/\"},{\"@type\":\"ListItem\",\"position\":2,\"name\":\"Bygna\u00f0ur\",\"item\":\"https:\\\/\\\/isf.fo\\\/bygnadur\\\/\"},{\"@type\":\"ListItem\",\"position\":3,\"name\":\"S\u00f8ga\",\"item\":\"https:\\\/\\\/isf.fo\\\/bygnadur\\\/soga\\\/\"},{\"@type\":\"ListItem\",\"position\":4,\"name\":\"Oyggjaleikir\"}]},{\"@type\":\"WebSite\",\"@id\":\"https:\\\/\\\/isf.fo\\\/#website\",\"url\":\"https:\\\/\\\/isf.fo\\\/\",\"name\":\"\u00cdtr\u00f3ttasamband F\u00f8roya\",\"description\":\"\",\"publisher\":{\"@id\":\"https:\\\/\\\/isf.fo\\\/#organization\"},\"potentialAction\":[{\"@type\":\"SearchAction\",\"target\":{\"@type\":\"EntryPoint\",\"urlTemplate\":\"https:\\\/\\\/isf.fo\\\/?s={search_term_string}\"},\"query-input\":{\"@type\":\"PropertyValueSpecification\",\"valueRequired\":true,\"valueName\":\"search_term_string\"}}],\"inLanguage\":\"en-US\"},{\"@type\":\"Organization\",\"@id\":\"https:\\\/\\\/isf.fo\\\/#organization\",\"name\":\"\u00cdtr\u00f3ttasamband F\u00f8roya\",\"url\":\"https:\\\/\\\/isf.fo\\\/\",\"logo\":{\"@type\":\"ImageObject\",\"inLanguage\":\"en-US\",\"@id\":\"https:\\\/\\\/isf.fo\\\/#\\\/schema\\\/logo\\\/image\\\/\",\"url\":\"https:\\\/\\\/isf.fo\\\/wp-content\\\/uploads\\\/2025\\\/06\\\/ISF_Olympic-Committee-logo.png\",\"contentUrl\":\"https:\\\/\\\/isf.fo\\\/wp-content\\\/uploads\\\/2025\\\/06\\\/ISF_Olympic-Committee-logo.png\",\"width\":618,\"height\":121,\"caption\":\"\u00cdtr\u00f3ttasamband F\u00f8roya\"},\"image\":{\"@id\":\"https:\\\/\\\/isf.fo\\\/#\\\/schema\\\/logo\\\/image\\\/\"},\"sameAs\":[\"https:\\\/\\\/www.facebook.com\\\/itrottasambandid\"]}]}<\/script>\n<!-- \/ Yoast SEO plugin. -->","yoast_head_json":{"title":"Oyggjaleikir - \u00cdtr\u00f3ttasamband F\u00f8roya","robots":{"index":"index","follow":"follow","max-snippet":"max-snippet:-1","max-image-preview":"max-image-preview:large","max-video-preview":"max-video-preview:-1"},"canonical":"https:\/\/isf.fo\/en\/bygnadur\/soga\/oyggjaleikir\/","og_locale":"en_US","og_type":"article","og_title":"Oyggjaleikir - \u00cdtr\u00f3ttasamband F\u00f8roya","og_description":"Oyggjaleikir: 2017 Gotland 2015 Jersey 2013 Bermuda 2011 Isle of Wight 2009 \u00c1land 2007 Rhodos 2005 Hetland 2003 Guernsey 2001 [&hellip;]","og_url":"https:\/\/isf.fo\/en\/bygnadur\/soga\/oyggjaleikir\/","og_site_name":"\u00cdtr\u00f3ttasamband F\u00f8roya","article_publisher":"https:\/\/www.facebook.com\/itrottasambandid","article_modified_time":"2020-10-29T10:50:19+00:00","twitter_card":"summary_large_image","schema":{"@context":"https:\/\/schema.org","@graph":[{"@type":"WebPage","@id":"https:\/\/isf.fo\/bygnadur\/soga\/oyggjaleikir\/","url":"https:\/\/isf.fo\/bygnadur\/soga\/oyggjaleikir\/","name":"Oyggjaleikir - \u00cdtr\u00f3ttasamband F\u00f8roya","isPartOf":{"@id":"https:\/\/isf.fo\/#website"},"datePublished":"2020-10-28T12:48:51+00:00","dateModified":"2020-10-29T10:50:19+00:00","breadcrumb":{"@id":"https:\/\/isf.fo\/bygnadur\/soga\/oyggjaleikir\/#breadcrumb"},"inLanguage":"en-US","potentialAction":[{"@type":"ReadAction","target":["https:\/\/isf.fo\/bygnadur\/soga\/oyggjaleikir\/"]}]},{"@type":"BreadcrumbList","@id":"https:\/\/isf.fo\/bygnadur\/soga\/oyggjaleikir\/#breadcrumb","itemListElement":[{"@type":"ListItem","position":1,"name":"Home","item":"https:\/\/isf.fo\/"},{"@type":"ListItem","position":2,"name":"Bygna\u00f0ur","item":"https:\/\/isf.fo\/bygnadur\/"},{"@type":"ListItem","position":3,"name":"S\u00f8ga","item":"https:\/\/isf.fo\/bygnadur\/soga\/"},{"@type":"ListItem","position":4,"name":"Oyggjaleikir"}]},{"@type":"WebSite","@id":"https:\/\/isf.fo\/#website","url":"https:\/\/isf.fo\/","name":"\u00cdtr\u00f3ttasamband F\u00f8roya","description":"","publisher":{"@id":"https:\/\/isf.fo\/#organization"},"potentialAction":[{"@type":"SearchAction","target":{"@type":"EntryPoint","urlTemplate":"https:\/\/isf.fo\/?s={search_term_string}"},"query-input":{"@type":"PropertyValueSpecification","valueRequired":true,"valueName":"search_term_string"}}],"inLanguage":"en-US"},{"@type":"Organization","@id":"https:\/\/isf.fo\/#organization","name":"\u00cdtr\u00f3ttasamband F\u00f8roya","url":"https:\/\/isf.fo\/","logo":{"@type":"ImageObject","inLanguage":"en-US","@id":"https:\/\/isf.fo\/#\/schema\/logo\/image\/","url":"https:\/\/isf.fo\/wp-content\/uploads\/2025\/06\/ISF_Olympic-Committee-logo.png","contentUrl":"https:\/\/isf.fo\/wp-content\/uploads\/2025\/06\/ISF_Olympic-Committee-logo.png","width":618,"height":121,"caption":"\u00cdtr\u00f3ttasamband F\u00f8roya"},"image":{"@id":"https:\/\/isf.fo\/#\/schema\/logo\/image\/"},"sameAs":["https:\/\/www.facebook.com\/itrottasambandid"]}]}},"_links":{"self":[{"href":"https:\/\/isf.fo\/en\/wp-json\/wp\/v2\/pages\/7893","targetHints":{"allow":["GET"]}}],"collection":[{"href":"https:\/\/isf.fo\/en\/wp-json\/wp\/v2\/pages"}],"about":[{"href":"https:\/\/isf.fo\/en\/wp-json\/wp\/v2\/types\/page"}],"author":[{"embeddable":true,"href":"https:\/\/isf.fo\/en\/wp-json\/wp\/v2\/users\/7"}],"replies":[{"embeddable":true,"href":"https:\/\/isf.fo\/en\/wp-json\/wp\/v2\/comments?post=7893"}],"version-history":[{"count":5,"href":"https:\/\/isf.fo\/en\/wp-json\/wp\/v2\/pages\/7893\/revisions"}],"predecessor-version":[{"id":7899,"href":"https:\/\/isf.fo\/en\/wp-json\/wp\/v2\/pages\/7893\/revisions\/7899"}],"up":[{"embeddable":true,"href":"https:\/\/isf.fo\/en\/wp-json\/wp\/v2\/pages\/404"}],"wp:attachment":[{"href":"https:\/\/isf.fo\/en\/wp-json\/wp\/v2\/media?parent=7893"}],"curies":[{"name":"wp","href":"https:\/\/api.w.org\/{rel}","templated":true}]}}