{"id":7909,"date":"2020-10-30T11:47:25","date_gmt":"2020-10-30T11:47:25","guid":{"rendered":"https:\/\/isf.fo\/bygnadur\/soga\/isf-80-ar-framsyning\/"},"modified":"2025-06-12T08:29:55","modified_gmt":"2025-06-12T08:29:55","slug":"isf-80-ar-framsyning","status":"publish","type":"page","link":"https:\/\/isf.fo\/en\/bygnadur\/soga\/isf-80-ar-framsyning\/","title":{"rendered":"\u00cdSF 80 \u00e1r &#8211; frams\u00fdning"},"content":{"rendered":"<p><em><strong>Yvirlit yvir frams\u00fdning, sum var \u00ed SMS 2019, t\u00e1 \u00cdSF tann 4. mai fylti 80 \u00e1r:<\/strong><\/em><\/p>\n<ul>\n<li><a href=\"https:\/\/drive.google.com\/file\/d\/1s9areaRIt1edvELnBQj74Nyw1e8KOwj2\/view?usp=sharing\" target=\"_blank\" rel=\"noopener noreferrer\">\u00c1rini 776(fk)-1944<\/a><\/li>\n<li><a href=\"https:\/\/drive.google.com\/file\/d\/1ryHOHgidzeO2uwM3l7Yq20CFp5NuUEL6\/view?usp=sharing\" target=\"_blank\" rel=\"noopener noreferrer\">1948-1975<\/a><\/li>\n<li><a href=\"https:\/\/drive.google.com\/file\/d\/1rwlAzGvGRmUxNy61MagmJIAbgB0obbf0\/view?usp=sharing\" target=\"_blank\" rel=\"noopener noreferrer\">1976-1984<\/a><\/li>\n<li><a href=\"https:\/\/drive.google.com\/file\/d\/1rv4Yh3weMpKO2mAcOflVqZrIHh5kxfGZ\/view?usp=sharing\" target=\"_blank\" rel=\"noopener noreferrer\">1985-1990<\/a><\/li>\n<li><a href=\"https:\/\/drive.google.com\/file\/d\/1rWzPBwbsZfUvSojCONxkbPcwABlsTxVz\/view?usp=sharing\" target=\"_blank\" rel=\"noopener noreferrer\">1990<\/a><\/li>\n<li><a href=\"https:\/\/drive.google.com\/file\/d\/1rPRMpekMLRjAvpaw-6z-ZAoTUEwxLtu-\/view?usp=sharing\" target=\"_blank\" rel=\"noopener noreferrer\">1993-1997<\/a><\/li>\n<li><a href=\"https:\/\/drive.google.com\/file\/d\/1rL1ChInx1jxgt8peKKiCZQTo_FSjUBbN\/view?usp=sharing\" target=\"_blank\" rel=\"noopener noreferrer\">1997-1999<\/a><\/li>\n<li><a href=\"https:\/\/drive.google.com\/file\/d\/1rDpu7RfAWSQzlK2I82Dwc_n9BMfDcXxZ\/view?usp=sharing\" target=\"_blank\" rel=\"noopener noreferrer\">2001-2005<\/a><\/li>\n<li><a href=\"https:\/\/drive.google.com\/file\/d\/1rDiuxf7fZLStvCbNo7GzAPwiI9ZI4ibJ\/view?usp=sharing\" target=\"_blank\" rel=\"noopener noreferrer\">2008<\/a><\/li>\n<li><a href=\"https:\/\/drive.google.com\/file\/d\/1rC0s-1hqjYxJwNSYYH6E3pIxH98RbmH4\/view?usp=sharing\" target=\"_blank\" rel=\"noopener noreferrer\">2009<\/a><\/li>\n<li><a href=\"https:\/\/drive.google.com\/file\/d\/1sMqwab42wlR7QN_MKJ5tSL25TNipyRPY\/view?usp=sharing\" target=\"_blank\" rel=\"noopener noreferrer\">2010-2013<\/a><\/li>\n<li><a href=\"https:\/\/drive.google.com\/file\/d\/1sBU8Kom2xySb9X5S1CnHe9TLLAfMC7SV\/view?usp=sharing\" target=\"_blank\" rel=\"noopener noreferrer\">2014-2015<\/a><\/li>\n<li><a href=\"https:\/\/drive.google.com\/file\/d\/1rsYRd1nv-fFDg2nUAsWZSwIrG2SM2pVu\/view?usp=sharing\" target=\"_blank\" rel=\"noopener noreferrer\">2016-2019<\/a><\/li>\n<li><a href=\"https:\/\/drive.google.com\/file\/d\/1rrBkiH8DDSgDHqp76YQaf4TF8vLykaCZ\/view?usp=sharing\" target=\"_blank\" rel=\"noopener noreferrer\">\u00cdSF-myndir 1<\/a><\/li>\n<li><a href=\"https:\/\/drive.google.com\/file\/d\/1rjlgVgKXf5jfTbHxG0attYX0qYC_qoqR\/view?usp=sharing\" target=\"_blank\" rel=\"noopener noreferrer\">\u00cdSF-myndir 2<\/a><\/li>\n<li><a href=\"https:\/\/drive.google.com\/file\/d\/1rjao7aeXCeIM7ifLeXHNh2GMm1_0f1t7\/view?usp=sharing\" target=\"_blank\" rel=\"noopener noreferrer\">\u00cdSF-myndir 3<\/a><\/li>\n<li><a href=\"https:\/\/drive.google.com\/file\/d\/1reme7h00-YQoji2zwgh6p2zks4gK1CNk\/view?usp=sharing\" target=\"_blank\" rel=\"noopener noreferrer\">\u00cdSF-myndir 4<\/a><\/li>\n<li><a href=\"https:\/\/drive.google.com\/file\/d\/1raUFF4wP9ZVimyaC0Ao2l4azOm0eBZ0z\/view?usp=sharing\" target=\"_blank\" rel=\"noopener noreferrer\">Myndir fr\u00e1 Oyggjaleikum 1<\/a><\/li>\n<li><a href=\"https:\/\/drive.google.com\/file\/d\/1raJ2l9jLso0tvOqojIWV_NbfG5k9TBSj\/view?usp=sharing\" target=\"_blank\" rel=\"noopener noreferrer\">Myndir fr\u00e1 Oyggjaleikum 2<\/a><\/li>\n<li><a href=\"https:\/\/drive.google.com\/file\/d\/1rcIrmwF03buk8saJJr1mYDaDAVEUGcKK\/view?usp=sharing\" target=\"_blank\" rel=\"noopener noreferrer\">Reportari \u00e1 Oyggjaleikum<\/a><\/li>\n<li><a href=\"https:\/\/isf.fo\/en\/bygnadur\/soga\/oyggjaleikir\/\" target=\"_blank\" rel=\"noopener noreferrer\">Anna\u00f0 fr\u00e1 Oyggjaleikum<\/a><\/li>\n<\/ul>","protected":false},"excerpt":{"rendered":"<p>Yvirlit yvir frams\u00fdning, sum var \u00ed SMS 2019, t\u00e1 \u00cdSF tann 4. mai fylti 80 \u00e1r: \u00c1rini 776(fk)-1944 1948-1975 1976-1984 [&hellip;]<\/p>\n","protected":false},"author":7,"featured_media":12678,"parent":404,"menu_order":11,"comment_status":"closed","ping_status":"closed","template":"","meta":{"_acf_changed":false,"_relevanssi_hide_post":"","_relevanssi_hide_content":"","_relevanssi_pin_for_all":"","_relevanssi_pin_keywords":"","_relevanssi_unpin_keywords":"","_relevanssi_related_keywords":"","_relevanssi_related_include_ids":"","_relevanssi_related_exclude_ids":"","_relevanssi_related_no_append":"","_relevanssi_related_not_related":"","_relevanssi_related_posts":"","_relevanssi_noindex_reason":"","inline_featured_image":false,"footnotes":""},"class_list":["post-7909","page","type-page","status-publish","has-post-thumbnail","hentry"],"acf":[],"yoast_head":"<!-- This site is optimized with the Yoast SEO plugin v27.5 - https:\/\/yoast.com\/product\/yoast-seo-wordpress\/ -->\n<title>\u00cdSF 80 \u00e1r - frams\u00fdning - \u00cdtr\u00f3ttasamband F\u00f8roya<\/title>\n<meta name=\"robots\" content=\"index, follow, max-snippet:-1, max-image-preview:large, max-video-preview:-1\" \/>\n<link rel=\"canonical\" href=\"https:\/\/isf.fo\/en\/bygnadur\/soga\/isf-80-ar-framsyning\/\" \/>\n<meta property=\"og:locale\" content=\"en_US\" \/>\n<meta property=\"og:type\" content=\"article\" \/>\n<meta property=\"og:title\" content=\"\u00cdSF 80 \u00e1r - frams\u00fdning - \u00cdtr\u00f3ttasamband F\u00f8roya\" \/>\n<meta property=\"og:description\" content=\"Yvirlit yvir frams\u00fdning, sum var \u00ed SMS 2019, t\u00e1 \u00cdSF tann 4. mai fylti 80 \u00e1r: \u00c1rini 776(fk)-1944 1948-1975 1976-1984 [&hellip;]\" \/>\n<meta property=\"og:url\" content=\"https:\/\/isf.fo\/en\/bygnadur\/soga\/isf-80-ar-framsyning\/\" \/>\n<meta property=\"og:site_name\" content=\"\u00cdtr\u00f3ttasamband F\u00f8roya\" \/>\n<meta property=\"article:publisher\" content=\"https:\/\/www.facebook.com\/itrottasambandid\" \/>\n<meta property=\"article:modified_time\" content=\"2025-06-12T08:29:55+00:00\" \/>\n<meta property=\"og:image\" content=\"https:\/\/isf.fo\/wp-content\/uploads\/2025\/06\/ISF_80_ar.webp\" \/>\n\t<meta property=\"og:image:width\" content=\"1006\" \/>\n\t<meta property=\"og:image:height\" content=\"396\" \/>\n\t<meta property=\"og:image:type\" content=\"image\/webp\" \/>\n<meta name=\"twitter:card\" content=\"summary_large_image\" \/>\n<meta name=\"twitter:label1\" content=\"Est. reading time\" \/>\n\t<meta name=\"twitter:data1\" content=\"1 minute\" \/>\n<script type=\"application\/ld+json\" class=\"yoast-schema-graph\">{\"@context\":\"https:\\\/\\\/schema.org\",\"@graph\":[{\"@type\":\"WebPage\",\"@id\":\"https:\\\/\\\/isf.fo\\\/bygnadur\\\/soga\\\/isf-80-ar-framsyning\\\/\",\"url\":\"https:\\\/\\\/isf.fo\\\/bygnadur\\\/soga\\\/isf-80-ar-framsyning\\\/\",\"name\":\"\u00cdSF 80 \u00e1r - frams\u00fdning - \u00cdtr\u00f3ttasamband F\u00f8roya\",\"isPartOf\":{\"@id\":\"https:\\\/\\\/isf.fo\\\/#website\"},\"primaryImageOfPage\":{\"@id\":\"https:\\\/\\\/isf.fo\\\/bygnadur\\\/soga\\\/isf-80-ar-framsyning\\\/#primaryimage\"},\"image\":{\"@id\":\"https:\\\/\\\/isf.fo\\\/bygnadur\\\/soga\\\/isf-80-ar-framsyning\\\/#primaryimage\"},\"thumbnailUrl\":\"https:\\\/\\\/isf.fo\\\/wp-content\\\/uploads\\\/2025\\\/06\\\/ISF_80_ar.webp\",\"datePublished\":\"2020-10-30T11:47:25+00:00\",\"dateModified\":\"2025-06-12T08:29:55+00:00\",\"breadcrumb\":{\"@id\":\"https:\\\/\\\/isf.fo\\\/bygnadur\\\/soga\\\/isf-80-ar-framsyning\\\/#breadcrumb\"},\"inLanguage\":\"en-US\",\"potentialAction\":[{\"@type\":\"ReadAction\",\"target\":[\"https:\\\/\\\/isf.fo\\\/bygnadur\\\/soga\\\/isf-80-ar-framsyning\\\/\"]}]},{\"@type\":\"ImageObject\",\"inLanguage\":\"en-US\",\"@id\":\"https:\\\/\\\/isf.fo\\\/bygnadur\\\/soga\\\/isf-80-ar-framsyning\\\/#primaryimage\",\"url\":\"https:\\\/\\\/isf.fo\\\/wp-content\\\/uploads\\\/2025\\\/06\\\/ISF_80_ar.webp\",\"contentUrl\":\"https:\\\/\\\/isf.fo\\\/wp-content\\\/uploads\\\/2025\\\/06\\\/ISF_80_ar.webp\",\"width\":1006,\"height\":396},{\"@type\":\"BreadcrumbList\",\"@id\":\"https:\\\/\\\/isf.fo\\\/bygnadur\\\/soga\\\/isf-80-ar-framsyning\\\/#breadcrumb\",\"itemListElement\":[{\"@type\":\"ListItem\",\"position\":1,\"name\":\"Home\",\"item\":\"https:\\\/\\\/isf.fo\\\/\"},{\"@type\":\"ListItem\",\"position\":2,\"name\":\"Bygna\u00f0ur\",\"item\":\"https:\\\/\\\/isf.fo\\\/bygnadur\\\/\"},{\"@type\":\"ListItem\",\"position\":3,\"name\":\"S\u00f8ga\",\"item\":\"https:\\\/\\\/isf.fo\\\/bygnadur\\\/soga\\\/\"},{\"@type\":\"ListItem\",\"position\":4,\"name\":\"\u00cdSF 80 \u00e1r &#8211; frams\u00fdning\"}]},{\"@type\":\"WebSite\",\"@id\":\"https:\\\/\\\/isf.fo\\\/#website\",\"url\":\"https:\\\/\\\/isf.fo\\\/\",\"name\":\"\u00cdtr\u00f3ttasamband F\u00f8roya\",\"description\":\"\",\"publisher\":{\"@id\":\"https:\\\/\\\/isf.fo\\\/#organization\"},\"potentialAction\":[{\"@type\":\"SearchAction\",\"target\":{\"@type\":\"EntryPoint\",\"urlTemplate\":\"https:\\\/\\\/isf.fo\\\/?s={search_term_string}\"},\"query-input\":{\"@type\":\"PropertyValueSpecification\",\"valueRequired\":true,\"valueName\":\"search_term_string\"}}],\"inLanguage\":\"en-US\"},{\"@type\":\"Organization\",\"@id\":\"https:\\\/\\\/isf.fo\\\/#organization\",\"name\":\"\u00cdtr\u00f3ttasamband F\u00f8roya\",\"url\":\"https:\\\/\\\/isf.fo\\\/\",\"logo\":{\"@type\":\"ImageObject\",\"inLanguage\":\"en-US\",\"@id\":\"https:\\\/\\\/isf.fo\\\/#\\\/schema\\\/logo\\\/image\\\/\",\"url\":\"https:\\\/\\\/isf.fo\\\/wp-content\\\/uploads\\\/2025\\\/06\\\/ISF_Olympic-Committee-logo.png\",\"contentUrl\":\"https:\\\/\\\/isf.fo\\\/wp-content\\\/uploads\\\/2025\\\/06\\\/ISF_Olympic-Committee-logo.png\",\"width\":618,\"height\":121,\"caption\":\"\u00cdtr\u00f3ttasamband F\u00f8roya\"},\"image\":{\"@id\":\"https:\\\/\\\/isf.fo\\\/#\\\/schema\\\/logo\\\/image\\\/\"},\"sameAs\":[\"https:\\\/\\\/www.facebook.com\\\/itrottasambandid\"]}]}<\/script>\n<!-- \/ Yoast SEO plugin. -->","yoast_head_json":{"title":"\u00cdSF 80 \u00e1r - frams\u00fdning - \u00cdtr\u00f3ttasamband F\u00f8roya","robots":{"index":"index","follow":"follow","max-snippet":"max-snippet:-1","max-image-preview":"max-image-preview:large","max-video-preview":"max-video-preview:-1"},"canonical":"https:\/\/isf.fo\/en\/bygnadur\/soga\/isf-80-ar-framsyning\/","og_locale":"en_US","og_type":"article","og_title":"\u00cdSF 80 \u00e1r - frams\u00fdning - \u00cdtr\u00f3ttasamband F\u00f8roya","og_description":"Yvirlit yvir frams\u00fdning, sum var \u00ed SMS 2019, t\u00e1 \u00cdSF tann 4. mai fylti 80 \u00e1r: \u00c1rini 776(fk)-1944 1948-1975 1976-1984 [&hellip;]","og_url":"https:\/\/isf.fo\/en\/bygnadur\/soga\/isf-80-ar-framsyning\/","og_site_name":"\u00cdtr\u00f3ttasamband F\u00f8roya","article_publisher":"https:\/\/www.facebook.com\/itrottasambandid","article_modified_time":"2025-06-12T08:29:55+00:00","og_image":[{"width":1006,"height":396,"url":"https:\/\/isf.fo\/wp-content\/uploads\/2025\/06\/ISF_80_ar.webp","type":"image\/webp"}],"twitter_card":"summary_large_image","twitter_misc":{"Est. reading time":"1 minute"},"schema":{"@context":"https:\/\/schema.org","@graph":[{"@type":"WebPage","@id":"https:\/\/isf.fo\/bygnadur\/soga\/isf-80-ar-framsyning\/","url":"https:\/\/isf.fo\/bygnadur\/soga\/isf-80-ar-framsyning\/","name":"\u00cdSF 80 \u00e1r - frams\u00fdning - \u00cdtr\u00f3ttasamband F\u00f8roya","isPartOf":{"@id":"https:\/\/isf.fo\/#website"},"primaryImageOfPage":{"@id":"https:\/\/isf.fo\/bygnadur\/soga\/isf-80-ar-framsyning\/#primaryimage"},"image":{"@id":"https:\/\/isf.fo\/bygnadur\/soga\/isf-80-ar-framsyning\/#primaryimage"},"thumbnailUrl":"https:\/\/isf.fo\/wp-content\/uploads\/2025\/06\/ISF_80_ar.webp","datePublished":"2020-10-30T11:47:25+00:00","dateModified":"2025-06-12T08:29:55+00:00","breadcrumb":{"@id":"https:\/\/isf.fo\/bygnadur\/soga\/isf-80-ar-framsyning\/#breadcrumb"},"inLanguage":"en-US","potentialAction":[{"@type":"ReadAction","target":["https:\/\/isf.fo\/bygnadur\/soga\/isf-80-ar-framsyning\/"]}]},{"@type":"ImageObject","inLanguage":"en-US","@id":"https:\/\/isf.fo\/bygnadur\/soga\/isf-80-ar-framsyning\/#primaryimage","url":"https:\/\/isf.fo\/wp-content\/uploads\/2025\/06\/ISF_80_ar.webp","contentUrl":"https:\/\/isf.fo\/wp-content\/uploads\/2025\/06\/ISF_80_ar.webp","width":1006,"height":396},{"@type":"BreadcrumbList","@id":"https:\/\/isf.fo\/bygnadur\/soga\/isf-80-ar-framsyning\/#breadcrumb","itemListElement":[{"@type":"ListItem","position":1,"name":"Home","item":"https:\/\/isf.fo\/"},{"@type":"ListItem","position":2,"name":"Bygna\u00f0ur","item":"https:\/\/isf.fo\/bygnadur\/"},{"@type":"ListItem","position":3,"name":"S\u00f8ga","item":"https:\/\/isf.fo\/bygnadur\/soga\/"},{"@type":"ListItem","position":4,"name":"\u00cdSF 80 \u00e1r &#8211; frams\u00fdning"}]},{"@type":"WebSite","@id":"https:\/\/isf.fo\/#website","url":"https:\/\/isf.fo\/","name":"\u00cdtr\u00f3ttasamband F\u00f8roya","description":"","publisher":{"@id":"https:\/\/isf.fo\/#organization"},"potentialAction":[{"@type":"SearchAction","target":{"@type":"EntryPoint","urlTemplate":"https:\/\/isf.fo\/?s={search_term_string}"},"query-input":{"@type":"PropertyValueSpecification","valueRequired":true,"valueName":"search_term_string"}}],"inLanguage":"en-US"},{"@type":"Organization","@id":"https:\/\/isf.fo\/#organization","name":"\u00cdtr\u00f3ttasamband F\u00f8roya","url":"https:\/\/isf.fo\/","logo":{"@type":"ImageObject","inLanguage":"en-US","@id":"https:\/\/isf.fo\/#\/schema\/logo\/image\/","url":"https:\/\/isf.fo\/wp-content\/uploads\/2025\/06\/ISF_Olympic-Committee-logo.png","contentUrl":"https:\/\/isf.fo\/wp-content\/uploads\/2025\/06\/ISF_Olympic-Committee-logo.png","width":618,"height":121,"caption":"\u00cdtr\u00f3ttasamband F\u00f8roya"},"image":{"@id":"https:\/\/isf.fo\/#\/schema\/logo\/image\/"},"sameAs":["https:\/\/www.facebook.com\/itrottasambandid"]}]}},"_links":{"self":[{"href":"https:\/\/isf.fo\/en\/wp-json\/wp\/v2\/pages\/7909","targetHints":{"allow":["GET"]}}],"collection":[{"href":"https:\/\/isf.fo\/en\/wp-json\/wp\/v2\/pages"}],"about":[{"href":"https:\/\/isf.fo\/en\/wp-json\/wp\/v2\/types\/page"}],"author":[{"embeddable":true,"href":"https:\/\/isf.fo\/en\/wp-json\/wp\/v2\/users\/7"}],"replies":[{"embeddable":true,"href":"https:\/\/isf.fo\/en\/wp-json\/wp\/v2\/comments?post=7909"}],"version-history":[{"count":11,"href":"https:\/\/isf.fo\/en\/wp-json\/wp\/v2\/pages\/7909\/revisions"}],"predecessor-version":[{"id":7940,"href":"https:\/\/isf.fo\/en\/wp-json\/wp\/v2\/pages\/7909\/revisions\/7940"}],"up":[{"embeddable":true,"href":"https:\/\/isf.fo\/en\/wp-json\/wp\/v2\/pages\/404"}],"wp:featuredmedia":[{"embeddable":true,"href":"https:\/\/isf.fo\/en\/wp-json\/wp\/v2\/media\/12678"}],"wp:attachment":[{"href":"https:\/\/isf.fo\/en\/wp-json\/wp\/v2\/media?parent=7909"}],"curies":[{"name":"wp","href":"https:\/\/api.w.org\/{rel}","templated":true}]}}