{"id":7980,"date":"2020-11-19T11:54:57","date_gmt":"2020-11-19T11:54:57","guid":{"rendered":"https:\/\/isf.fo\/tilfar\/datuverndarlogin\/"},"modified":"2025-06-17T13:26:50","modified_gmt":"2025-06-17T13:26:50","slug":"datuverndarlogin","status":"publish","type":"page","link":"https:\/\/isf.fo\/en\/tilfar\/datuverndarlogin\/","title":{"rendered":"GDPR"},"content":{"rendered":"<p><strong>D\u00e1tuverndarl\u00f3gin galdandi fr\u00e1 1. januar 2021<\/strong><\/p>\n<p>Kunning\/veglei\u00f0ing og tilfar til \u00edtr\u00f3ttarfel\u00f8g og sambond:<\/p>\n<ul>\n<li><span style=\"color: #0000ff;\"><a style=\"color: #0000ff;\" href=\"https:\/\/isf.fo\/wp-content\/uploads\/2025\/06\/Kunning-og-vegleiding-til-itrottarfelogini-vidvikjandi-vidgerd-av-personupplysingum.pdf\" target=\"_blank\" rel=\"noopener noreferrer\"><strong>Kunning og veglei\u00f0ing<\/strong><\/a><\/span> til \u00edtr\u00f3ttarfel\u00f8gini vi\u00f0v\u00edkjandi vi\u00f0ger\u00f0 av pers\u00f3nuppl\u00fdsingum<\/li>\n<li><a href=\"https:\/\/isf.fo\/wp-content\/uploads\/2025\/06\/Fylgiskjal-1-til-vegleiding-Privatlivspolitikkur-skabelon.docx\" target=\"_blank\" rel=\"noopener noreferrer\">Fylgiskjal 1: <span style=\"color: #0000ff;\"><strong>Privatl\u00edvspolitikkur<\/strong> <\/span><\/a>(<em>sum fel\u00f8gini skulu fylla \u00fat og almannakunngera fyri s\u00ednum limum o.\u00f8<\/em>)<\/li>\n<li><a href=\"https:\/\/isf.fo\/wp-content\/uploads\/2025\/06\/Fylgiskjal-2-til-vegleidiing-Yvirlit-yvir-vidgerdir-av-personupplysingum-skabelon.docx\" target=\"_blank\" rel=\"noopener noreferrer\">Fylgiskjal 2: <span style=\"color: #0000ff;\"><strong>Yvirlit yvir vi\u00f0ger\u00f0ir av pers\u00f3nuppl\u00fdsingum<\/strong><\/span><\/a> (<em>her skulu fel\u00f8gini skjalpr\u00f3gva, hvussu pers\u00f3nsuppl\u00fdsingarnar ver\u00f0a vi\u00f0gj\u00f8rdir<\/em>)<\/li>\n<li><a href=\"https:\/\/isf.fo\/wp-content\/uploads\/2025\/06\/Fylgiskjal-3-til-vegleiding-Datuvidgeraravtala-skabelon.docx\" target=\"_blank\" rel=\"noopener noreferrer\">Fylgiskjal 3: <span style=\"color: #0000ff;\"><strong>D\u00e1tuvi\u00f0geraravtala <\/strong><\/span><\/a>(<em>flestu d\u00e1tuvi\u00f0gerar hava standardavtalur, og er hetta ein alternativ, um d\u00e1tuvi\u00f0gerin ikki hevur eina<\/em>)<\/li>\n<\/ul>\n<p><strong>GG:<\/strong> at sambond \u00ed \u00e1v\u00edsan mun vi\u00f0gera pers\u00f3nuppl\u00fdsingar, og eiga t\u00ed eisini at seta seg inn \u00ed og br\u00faka tilfari\u00f0.<\/p>\n<p>Fel\u00f8g og sambond eru meira enn v\u00e6lkomin at seta seg \u00ed samband vi\u00f0 skrivstovuna hj\u00e1 \u00cdSF vi\u00f0 ivam\u00e1lum og spurningum.<\/p>\n<p><span style=\"color: #0000ff;\"><strong><a style=\"color: #0000ff;\" href=\"https:\/\/www.logir.fo\/Logtingslog\/80-fra-07-06-2020-um-vernd-av-personupplysingum\" target=\"_blank\" rel=\"noopener noreferrer\">D\u00e1tuverndarl\u00f3gin<\/a><\/strong><\/span><\/p>\n<p>Veglei\u00f0ingar til reglurnar \u00ed D\u00e1tuverndarl\u00f3gini finna tit<span style=\"color: #0000ff;\"><strong> <a style=\"color: #0000ff;\" href=\"https:\/\/www.dat.fo\/fyritoekur-og-stovnar\/ahugafeloeg\" target=\"_blank\" rel=\"noopener noreferrer\">her<\/a><\/strong><\/span><\/p>","protected":false},"excerpt":{"rendered":"<p>D\u00e1tuverndarl\u00f3gin galdandi fr\u00e1 1. januar 2021 Kunning\/veglei\u00f0ing og tilfar til \u00edtr\u00f3ttarfel\u00f8g og sambond: Kunning og veglei\u00f0ing til \u00edtr\u00f3ttarfel\u00f8gini vi\u00f0v\u00edkjandi vi\u00f0ger\u00f0 [&hellip;]<\/p>\n","protected":false},"author":7,"featured_media":0,"parent":422,"menu_order":3,"comment_status":"closed","ping_status":"closed","template":"","meta":{"_acf_changed":false,"_relevanssi_hide_post":"","_relevanssi_hide_content":"","_relevanssi_pin_for_all":"","_relevanssi_pin_keywords":"","_relevanssi_unpin_keywords":"","_relevanssi_related_keywords":"","_relevanssi_related_include_ids":"","_relevanssi_related_exclude_ids":"","_relevanssi_related_no_append":"","_relevanssi_related_not_related":"","_relevanssi_related_posts":"","_relevanssi_noindex_reason":"","inline_featured_image":false,"footnotes":""},"class_list":["post-7980","page","type-page","status-publish","hentry"],"acf":[],"yoast_head":"<!-- This site is optimized with the Yoast SEO plugin v27.5 - https:\/\/yoast.com\/product\/yoast-seo-wordpress\/ -->\n<title>D\u00e1tuverndarl\u00f3gin (GDPR) - \u00cdtr\u00f3ttasamband F\u00f8roya<\/title>\n<meta name=\"robots\" content=\"index, follow, max-snippet:-1, max-image-preview:large, max-video-preview:-1\" \/>\n<link rel=\"canonical\" href=\"https:\/\/isf.fo\/en\/tilfar\/datuverndarlogin\/\" \/>\n<meta property=\"og:locale\" content=\"en_US\" \/>\n<meta property=\"og:type\" content=\"article\" \/>\n<meta property=\"og:title\" content=\"D\u00e1tuverndarl\u00f3gin (GDPR) - \u00cdtr\u00f3ttasamband F\u00f8roya\" \/>\n<meta property=\"og:description\" content=\"D\u00e1tuverndarl\u00f3gin galdandi fr\u00e1 1. januar 2021 Kunning\/veglei\u00f0ing og tilfar til \u00edtr\u00f3ttarfel\u00f8g og sambond: Kunning og veglei\u00f0ing til \u00edtr\u00f3ttarfel\u00f8gini vi\u00f0v\u00edkjandi vi\u00f0ger\u00f0 [&hellip;]\" \/>\n<meta property=\"og:url\" content=\"https:\/\/isf.fo\/en\/tilfar\/datuverndarlogin\/\" \/>\n<meta property=\"og:site_name\" content=\"\u00cdtr\u00f3ttasamband F\u00f8roya\" \/>\n<meta property=\"article:publisher\" content=\"https:\/\/www.facebook.com\/itrottasambandid\" \/>\n<meta property=\"article:modified_time\" content=\"2025-06-17T13:26:50+00:00\" \/>\n<meta name=\"twitter:card\" content=\"summary_large_image\" \/>\n<meta name=\"twitter:label1\" content=\"Est. reading time\" \/>\n\t<meta name=\"twitter:data1\" content=\"1 minute\" \/>\n<script type=\"application\/ld+json\" class=\"yoast-schema-graph\">{\"@context\":\"https:\\\/\\\/schema.org\",\"@graph\":[{\"@type\":\"WebPage\",\"@id\":\"https:\\\/\\\/isf.fo\\\/tilfar\\\/datuverndarlogin\\\/\",\"url\":\"https:\\\/\\\/isf.fo\\\/tilfar\\\/datuverndarlogin\\\/\",\"name\":\"D\u00e1tuverndarl\u00f3gin (GDPR) - \u00cdtr\u00f3ttasamband F\u00f8roya\",\"isPartOf\":{\"@id\":\"https:\\\/\\\/isf.fo\\\/#website\"},\"datePublished\":\"2020-11-19T11:54:57+00:00\",\"dateModified\":\"2025-06-17T13:26:50+00:00\",\"breadcrumb\":{\"@id\":\"https:\\\/\\\/isf.fo\\\/tilfar\\\/datuverndarlogin\\\/#breadcrumb\"},\"inLanguage\":\"en-US\",\"potentialAction\":[{\"@type\":\"ReadAction\",\"target\":[\"https:\\\/\\\/isf.fo\\\/tilfar\\\/datuverndarlogin\\\/\"]}]},{\"@type\":\"BreadcrumbList\",\"@id\":\"https:\\\/\\\/isf.fo\\\/tilfar\\\/datuverndarlogin\\\/#breadcrumb\",\"itemListElement\":[{\"@type\":\"ListItem\",\"position\":1,\"name\":\"Home\",\"item\":\"https:\\\/\\\/isf.fo\\\/\"},{\"@type\":\"ListItem\",\"position\":2,\"name\":\"Tilfar\",\"item\":\"https:\\\/\\\/isf.fo\\\/tilfar\\\/\"},{\"@type\":\"ListItem\",\"position\":3,\"name\":\"D\u00e1tuverndarl\u00f3gin (GDPR)\"}]},{\"@type\":\"WebSite\",\"@id\":\"https:\\\/\\\/isf.fo\\\/#website\",\"url\":\"https:\\\/\\\/isf.fo\\\/\",\"name\":\"\u00cdtr\u00f3ttasamband F\u00f8roya\",\"description\":\"\",\"publisher\":{\"@id\":\"https:\\\/\\\/isf.fo\\\/#organization\"},\"potentialAction\":[{\"@type\":\"SearchAction\",\"target\":{\"@type\":\"EntryPoint\",\"urlTemplate\":\"https:\\\/\\\/isf.fo\\\/?s={search_term_string}\"},\"query-input\":{\"@type\":\"PropertyValueSpecification\",\"valueRequired\":true,\"valueName\":\"search_term_string\"}}],\"inLanguage\":\"en-US\"},{\"@type\":\"Organization\",\"@id\":\"https:\\\/\\\/isf.fo\\\/#organization\",\"name\":\"\u00cdtr\u00f3ttasamband F\u00f8roya\",\"url\":\"https:\\\/\\\/isf.fo\\\/\",\"logo\":{\"@type\":\"ImageObject\",\"inLanguage\":\"en-US\",\"@id\":\"https:\\\/\\\/isf.fo\\\/#\\\/schema\\\/logo\\\/image\\\/\",\"url\":\"https:\\\/\\\/isf.fo\\\/wp-content\\\/uploads\\\/2025\\\/06\\\/ISF_Olympic-Committee-logo.png\",\"contentUrl\":\"https:\\\/\\\/isf.fo\\\/wp-content\\\/uploads\\\/2025\\\/06\\\/ISF_Olympic-Committee-logo.png\",\"width\":618,\"height\":121,\"caption\":\"\u00cdtr\u00f3ttasamband F\u00f8roya\"},\"image\":{\"@id\":\"https:\\\/\\\/isf.fo\\\/#\\\/schema\\\/logo\\\/image\\\/\"},\"sameAs\":[\"https:\\\/\\\/www.facebook.com\\\/itrottasambandid\"]}]}<\/script>\n<!-- \/ Yoast SEO plugin. -->","yoast_head_json":{"title":"D\u00e1tuverndarl\u00f3gin (GDPR) - \u00cdtr\u00f3ttasamband F\u00f8roya","robots":{"index":"index","follow":"follow","max-snippet":"max-snippet:-1","max-image-preview":"max-image-preview:large","max-video-preview":"max-video-preview:-1"},"canonical":"https:\/\/isf.fo\/en\/tilfar\/datuverndarlogin\/","og_locale":"en_US","og_type":"article","og_title":"D\u00e1tuverndarl\u00f3gin (GDPR) - \u00cdtr\u00f3ttasamband F\u00f8roya","og_description":"D\u00e1tuverndarl\u00f3gin galdandi fr\u00e1 1. januar 2021 Kunning\/veglei\u00f0ing og tilfar til \u00edtr\u00f3ttarfel\u00f8g og sambond: Kunning og veglei\u00f0ing til \u00edtr\u00f3ttarfel\u00f8gini vi\u00f0v\u00edkjandi vi\u00f0ger\u00f0 [&hellip;]","og_url":"https:\/\/isf.fo\/en\/tilfar\/datuverndarlogin\/","og_site_name":"\u00cdtr\u00f3ttasamband F\u00f8roya","article_publisher":"https:\/\/www.facebook.com\/itrottasambandid","article_modified_time":"2025-06-17T13:26:50+00:00","twitter_card":"summary_large_image","twitter_misc":{"Est. reading time":"1 minute"},"schema":{"@context":"https:\/\/schema.org","@graph":[{"@type":"WebPage","@id":"https:\/\/isf.fo\/tilfar\/datuverndarlogin\/","url":"https:\/\/isf.fo\/tilfar\/datuverndarlogin\/","name":"D\u00e1tuverndarl\u00f3gin (GDPR) - \u00cdtr\u00f3ttasamband F\u00f8roya","isPartOf":{"@id":"https:\/\/isf.fo\/#website"},"datePublished":"2020-11-19T11:54:57+00:00","dateModified":"2025-06-17T13:26:50+00:00","breadcrumb":{"@id":"https:\/\/isf.fo\/tilfar\/datuverndarlogin\/#breadcrumb"},"inLanguage":"en-US","potentialAction":[{"@type":"ReadAction","target":["https:\/\/isf.fo\/tilfar\/datuverndarlogin\/"]}]},{"@type":"BreadcrumbList","@id":"https:\/\/isf.fo\/tilfar\/datuverndarlogin\/#breadcrumb","itemListElement":[{"@type":"ListItem","position":1,"name":"Home","item":"https:\/\/isf.fo\/"},{"@type":"ListItem","position":2,"name":"Tilfar","item":"https:\/\/isf.fo\/tilfar\/"},{"@type":"ListItem","position":3,"name":"D\u00e1tuverndarl\u00f3gin (GDPR)"}]},{"@type":"WebSite","@id":"https:\/\/isf.fo\/#website","url":"https:\/\/isf.fo\/","name":"\u00cdtr\u00f3ttasamband F\u00f8roya","description":"","publisher":{"@id":"https:\/\/isf.fo\/#organization"},"potentialAction":[{"@type":"SearchAction","target":{"@type":"EntryPoint","urlTemplate":"https:\/\/isf.fo\/?s={search_term_string}"},"query-input":{"@type":"PropertyValueSpecification","valueRequired":true,"valueName":"search_term_string"}}],"inLanguage":"en-US"},{"@type":"Organization","@id":"https:\/\/isf.fo\/#organization","name":"\u00cdtr\u00f3ttasamband F\u00f8roya","url":"https:\/\/isf.fo\/","logo":{"@type":"ImageObject","inLanguage":"en-US","@id":"https:\/\/isf.fo\/#\/schema\/logo\/image\/","url":"https:\/\/isf.fo\/wp-content\/uploads\/2025\/06\/ISF_Olympic-Committee-logo.png","contentUrl":"https:\/\/isf.fo\/wp-content\/uploads\/2025\/06\/ISF_Olympic-Committee-logo.png","width":618,"height":121,"caption":"\u00cdtr\u00f3ttasamband F\u00f8roya"},"image":{"@id":"https:\/\/isf.fo\/#\/schema\/logo\/image\/"},"sameAs":["https:\/\/www.facebook.com\/itrottasambandid"]}]}},"_links":{"self":[{"href":"https:\/\/isf.fo\/en\/wp-json\/wp\/v2\/pages\/7980","targetHints":{"allow":["GET"]}}],"collection":[{"href":"https:\/\/isf.fo\/en\/wp-json\/wp\/v2\/pages"}],"about":[{"href":"https:\/\/isf.fo\/en\/wp-json\/wp\/v2\/types\/page"}],"author":[{"embeddable":true,"href":"https:\/\/isf.fo\/en\/wp-json\/wp\/v2\/users\/7"}],"replies":[{"embeddable":true,"href":"https:\/\/isf.fo\/en\/wp-json\/wp\/v2\/comments?post=7980"}],"version-history":[{"count":12,"href":"https:\/\/isf.fo\/en\/wp-json\/wp\/v2\/pages\/7980\/revisions"}],"predecessor-version":[{"id":12837,"href":"https:\/\/isf.fo\/en\/wp-json\/wp\/v2\/pages\/7980\/revisions\/12837"}],"up":[{"embeddable":true,"href":"https:\/\/isf.fo\/en\/wp-json\/wp\/v2\/pages\/422"}],"wp:attachment":[{"href":"https:\/\/isf.fo\/en\/wp-json\/wp\/v2\/media?parent=7980"}],"curies":[{"name":"wp","href":"https:\/\/api.w.org\/{rel}","templated":true}]}}