{"id":8047,"date":"2020-12-14T10:23:12","date_gmt":"2020-12-14T10:23:12","guid":{"rendered":"https:\/\/isf.fo\/tilfar\/itrottafagnadurin\/"},"modified":"2025-02-03T10:48:51","modified_gmt":"2025-02-03T10:48:51","slug":"itrottafagnadurin","status":"publish","type":"page","link":"https:\/\/isf.fo\/en\/tilfar\/itrottafagnadurin\/","title":{"rendered":"Sports Galla"},"content":{"rendered":"<p><strong>Sports Galla<\/strong><\/p>\n<p><strong>\u00c1rligu \u00edtr\u00f3ttahei\u00f0ursl\u00f8nirnar:<\/strong><\/p>\n<p>\u00c1 <strong>\u00cdtr\u00f3ttaFAGNA\u00d0INUM<\/strong>, sum \u00cdSF skipar fyri \u00e1 hv\u00f8rjum \u00e1ri, hei\u00f0ra vit okkara \u00f3tr\u00faligu \u00edtr\u00f3ttatalentum og \u00f3f\u00f8ru sj\u00e1lvbodnu hj\u00e1lparum, lei\u00f0arum, venjarum og elds\u00e1lum, i\u00f0 hv\u00f8nn dag gera eitt st\u00f3rt arbei\u00f0i \u00fati \u00ed fel\u00f8gunum og sambondunum.<\/p>\n<p>\u00cd\u00f0karar, serliga \u00farvals\u00ed\u00f0karar, hava dreymir um at standa ovast \u00e1 tindunum. At klatra upp \u00e1 tindarnar krevur eitt mi\u00f0v\u00edst arbei\u00f0i, og krevur samstundis n\u00f3gva t\u00ed\u00f0 og n\u00f3gv orku, og st\u00f3rt yvirskot. \u00cdSF fagnar \u00e1 hv\u00f8rjum \u00e1ri eitt<strong> \u00cdtr\u00f3ttaNAVN<\/strong> og eitt<strong> \u00cdtr\u00f3ttaSTJ\u00d8RNUSKOT,<\/strong> i\u00f0 hava skara\u00f0 fram\u00far.<\/p>\n<p>T\u00e1 okkara bestu \u00ed\u00f0karar ver\u00f0a fagna\u00f0ir fyri s\u00edni \u00edtr\u00f3ttarligu avrik, eru tey aloftast aldir upp \u00ed \u00edtr\u00f3ttarfel\u00f8gum, og ta\u00f0 er her, at vegurin til medaljur og hei\u00f0ur annars er lagdur. Men \u00edtr\u00f3ttarfel\u00f8gini eru ikki bara kapping og elita, tey eru eisini r\u00f8rsla, moti\u00f3n, sunnheit og hugni, og har kunnu \u00f8ll vera vi\u00f0 &#8211; \u00f3ans\u00e6\u00f0 kyn, aldur og sannf\u00f8ring. Felags\u00edtr\u00f3ttin hevur \u00f8ll vi\u00f0 og skapar eina savningarmegi, sum hevur st\u00f3ran t\u00fddning fyri alt samfelagi\u00f0. \u00cdSF ynskir at vir\u00f0ismeta alt ta\u00f0 st\u00f3ra arbei\u00f0i, i\u00f0 ver\u00f0ur gj\u00f8rt \u2013 ofta \u00f3l\u00f8nt &#8211; innan f\u00f8royskan \u00edtr\u00f3tt, og sum samstundis hevur alst\u00f3ran t\u00fddning \u00ed f\u00f8royska samfelagnum..<\/p>\n<p>Her kann talan vera um eitt felag ella samband sum heild, ella um ein pers\u00f3n, sum leggur n\u00f3gv fyri at skapa m\u00f8guleikar og trivna. <strong>\u00cdtr\u00f3ttaFELAGSSKAPURIN <\/strong>er eitt v\u00e6lvirkandi felagsskapur, sum tekur \u00e1byrgd og leggja lunnar undir einum g\u00f3\u00f0um og mennandi umhv\u00f8rvi fyri s\u00edni limafel\u00f8g og\/ella fyri teirra \u00ed\u00f0karar, venjarar, nevndarlimir, sj\u00e1lvbo\u00f0in v.m. Hei\u00f0ra\u00f0i felagsskapurin ger eitt sera gott \u00edtr\u00f3ttaligt og samfelagsligt arbei\u00f0i. Haraftrat ver\u00f0ur hei\u00f0ursl\u00f8nin sum<strong> \u00cdtr\u00f3ttaVENJARI<\/strong> latin venjara, sum leggur dent \u00e1 r\u00f8rsluf\u00f8ri og -gle\u00f0i, samstundis sum hon\/hann arbei\u00f0ir fram \u00edm\u00f3ti g\u00f3\u00f0um \u00farslitum. Tann, i\u00f0 f\u00e6r hei\u00f0urin, mennir \u00ed\u00f0kararnar b\u00e6\u00f0i sum \u00edtr\u00f3ttaf\u00f3lk og sum menniskju. Hann stimbrar og motiverar &#8211; og f\u00e6r \u00e1 tann h\u00e1tt \u00edtr\u00f3ttagle\u00f0ina fram hj\u00e1 s\u00ednum \u00ed\u00f0karum<\/p>\n<p><img decoding=\"async\" class=\"alignnone size-full wp-image-7171 lazyload\" data-src=\"https:\/\/d21ockg4ri0hhk.cloudfront.net\/wp-content\/uploads\/2020\/01\/30192856\/Galla-1-scaled.jpg\" alt=\"\" width=\"2560\" height=\"1707\" data-srcset=\"https:\/\/d21ockg4ri0hhk.cloudfront.net\/wp-content\/uploads\/2020\/01\/30192856\/Galla-1-scaled.jpg 2560w, https:\/\/d21ockg4ri0hhk.cloudfront.net\/wp-content\/uploads\/2020\/01\/30192856\/Galla-1-300x200.jpg 300w, https:\/\/d21ockg4ri0hhk.cloudfront.net\/wp-content\/uploads\/2020\/01\/30192856\/Galla-1-700x467.jpg 700w, https:\/\/d21ockg4ri0hhk.cloudfront.net\/wp-content\/uploads\/2020\/01\/30192856\/Galla-1-768x512.jpg 768w, https:\/\/d21ockg4ri0hhk.cloudfront.net\/wp-content\/uploads\/2020\/01\/30192856\/Galla-1-1536x1024.jpg 1536w, https:\/\/d21ockg4ri0hhk.cloudfront.net\/wp-content\/uploads\/2020\/01\/30192856\/Galla-1-2048x1365.jpg 2048w, https:\/\/d21ockg4ri0hhk.cloudfront.net\/wp-content\/uploads\/2020\/01\/30192856\/Galla-1-24x16.jpg 24w, https:\/\/d21ockg4ri0hhk.cloudfront.net\/wp-content\/uploads\/2020\/01\/30192856\/Galla-1-36x24.jpg 36w, https:\/\/d21ockg4ri0hhk.cloudfront.net\/wp-content\/uploads\/2020\/01\/30192856\/Galla-1-48x32.jpg 48w, https:\/\/d21ockg4ri0hhk.cloudfront.net\/wp-content\/uploads\/2020\/01\/30192856\/Galla-1-272x182.jpg 272w\" data-sizes=\"(max-width: 2560px) 100vw, 2560px\" src=\"data:image\/svg+xml;base64,PHN2ZyB3aWR0aD0iMSIgaGVpZ2h0PSIxIiB4bWxucz0iaHR0cDovL3d3dy53My5vcmcvMjAwMC9zdmciPjwvc3ZnPg==\" style=\"--smush-placeholder-width: 2560px; --smush-placeholder-aspect-ratio: 2560\/1707;\" \/><\/p>\n<p>Felags\u00edtr\u00f3tturin hevur \u00f8ll vi\u00f0 og skapar eina savningarmegi, sum hevur st\u00f3ran t\u00fddning fyri alt samfelagi\u00f0. Ein avbj\u00f3\u00f0ing, sum flest \u00f8ll fel\u00f8g kenna til, er, at \u00ed\u00f0karar fella fr\u00e1 og ofta gevast \u00ed tann\u00e1runum. Kanningar sta\u00f0festa, at eitt, sum f\u00e6r ung at st\u00f8\u00f0ast \u00ed einum felagi er, at tey eisini tr\u00edvast sosialt, og at gott samanhald er \u00e1 li\u00f0num ella \u00ed felagnum. Hei\u00f0urin sum<strong> \u00cdtr\u00f3ttaELDS\u00c1LIN<\/strong> ver\u00f0ur latin einum \u00ed\u00f0kara, venjara, li\u00f0lei\u00f0ara, nevndarlimi v.m., sum \u00ed inniverandi \u00e1ri\u00f0 hevur skapa\u00f0 l\u00edv og gle\u00f0i \u00e1 li\u00f0num ella \u00ed felagnum, og sum hevur virka\u00f0 fyri ta\u00f0 g\u00f3\u00f0a vinarlagi\u00f0 \u00f3ans\u00e6\u00f0, um li\u00f0i\u00f0 tapir ella vinnur. Elds\u00e1lin er ein sj\u00e1lvbo\u00f0in venjari, li\u00f0lei\u00f0ari, stevnu\u00e1byrgdari, nevndarlimur, samskipari ella annar, i\u00f0 vi\u00f0 serligum innsatsi hevur vi\u00f0virka\u00f0 til samanhaldi\u00f0 \u00ed s\u00ednum \u00edtr\u00f3ttafelagi seinasta \u00e1ri\u00f0.<\/p>\n<p>\u00c1rsins <strong>\u00cdtr\u00f3ttaS\u00d3LSTR\u00c1LA<\/strong> er ein n\u00fdggj hei\u00f0ursl\u00f8n, \u00e6tla\u00f0 eini ungari elds\u00e1l 20 \u00e1r og yngri, i\u00f0 er ein g\u00f3\u00f0 fyrimynd, sum vi\u00f0 s\u00ednum g\u00f3\u00f0a li\u00f0- og felagsanda ger s\u00edtt \u00edkast til, at hini \u00e1 li\u00f0num ella \u00ed felagnum kenna seg v\u00e6lkomin, s\u00e6dd og sum ein umr\u00e1\u00f0andi part av li\u00f0num\/felagnum. Vi\u00f0komandi leggur lunnar undir tann g\u00f3\u00f0a felagsskapin<\/p>\n<p>Uttan \u00f8ll tey, sum br\u00faka s\u00edna fr\u00edt\u00ed\u00f0 \u00f3l\u00f8nt at arbei\u00f0a fyri \u00edtr\u00f3ttin, ber als ikki til. Elds\u00e1lirnar hava st\u00f3ran t\u00fddning, b\u00e6\u00f0i fyri \u00edtr\u00f3ttarfel\u00f8gini, og fyri \u00edtr\u00f3ttin yvirh\u00f8vur: Ta\u00f0 eru elds\u00e1lirnar, sum leggja \u00f3metaliga orku \u00ed arbei\u00f0i fyri, at \u00edtr\u00f3ttarfel\u00f8gini kunnu virka. Uttanlands fr\u00e6tta vit, at tali\u00f0 av sj\u00e1lvbodnum er f\u00e6kkandi. Ney\u00f0ugt er, at hetta \u00f3l\u00f8nta arbei\u00f0i\u00f0 ver\u00f0ur vir\u00f0ismett, og t\u00ed letur \u00cdSF hei\u00f0urskjal til eina elds\u00e1l, sum hevur gj\u00f8rt s\u00edtt til, at felagsskapurin enn virkar; vit mugu ikki gloyma felagsskapin \u00ed strembanini eftir tindunum. <strong>Hei\u00f0ursskjal Poul E. Petersen<\/strong>\u00a0ver\u00f0ur lati\u00f0 eini elds\u00e1l, sum \u00ed eitt mannaminni hevur t\u00e6nt \u00edtr\u00f3ttinum \u00e1 serstakan h\u00e1tt.<\/p>\n<p>Ta\u00f0, at gera naka\u00f0 fyri felagsskapin, er vi\u00f0 til at styrkja s\u00e1larligu heilsuna og skapar trivna\u00f0 fyri einstaka menniskja \u2013 hetta er partur av t\u00ed, sum ger l\u00edvi\u00f0 vert at liva \u2013 og er hetta eisini av teirri ors\u00f8k t\u00fddningarmiki\u00f0 at varpa lj\u00f3s \u00e1, n\u00fa alt fleiri \u00ed n\u00fat\u00ed\u00f0ar samfelagnum dragast vi\u00f0 strongd, depressi\u00f3n v.m. V\u00f3nandi fara vit framyvir at s\u00edggja fleiri, sum \u00e1taka s\u00e6r ymiskar \u00f3l\u00f8ntar uppg\u00e1vur \u00ed fel\u00f8gunum \u2013 b\u00e6\u00f0i s\u00e6r sj\u00e1lvum og \u00edtr\u00f3ttinum til gagns. T\u00ed j\u00fa fleiri j\u00fa betri, solei\u00f0is, at f\u00e1u elds\u00e1lirnar ikki alt ov skj\u00f3tt skulu brenna \u00fat.<\/p>\n<p><strong><a href=\"https:\/\/isf.fo\/en\/bygnadur\/soga\/itrottafagnadurin-vinnarar\/\">Yvirlit yvir vinnarar av hei\u00f0ursl\u00f8nunum<\/a> <\/strong><em>(h<\/em><em>ar eru eisini myndir fr\u00e1 \u00f8llum fagna\u00f0unum)<\/em><\/p>\n<p>\u00c1 \u00cdtr\u00f3ttaFAGNA\u00d0INUM 2020, sum var v\u00edstur beinlei\u00f0is \u00ed kringvarpinum leygarkv\u00f8ldi\u00f0 13. februar 2021, var m.a. hetta innslagi\u00f0 um Poul E. Petersen, fyrsta forseta hj\u00e1 og stovnari av \u00cdSF:<br \/>\n<strong><a href=\"https:\/\/drive.google.com\/file\/d\/1xVBbS1IBEpRlzwxi53nrr4lBIvGw_afk\/view?usp=sharing\">Poul E. Petersen<\/a><\/strong><\/p>\n<p><strong><a href=\"https:\/\/isf.fo\/en\/tilfar\/itrottafagnadurin\/itrottafagnadur-heidurslonirnar\/\">Lei\u00f0reglur til innstillingar<\/a><\/strong><\/p>","protected":false},"excerpt":{"rendered":"<p>\u00cdtr\u00f3ttaFAGNA\u00d0URIN \u00c1rligu \u00edtr\u00f3ttahei\u00f0ursl\u00f8nirnar: \u00c1 \u00cdtr\u00f3ttaFAGNA\u00d0INUM, sum \u00cdSF skipar fyri \u00e1 hv\u00f8rjum \u00e1ri, hei\u00f0ra vit okkara \u00f3tr\u00faligu \u00edtr\u00f3ttatalentum og \u00f3f\u00f8ru sj\u00e1lvbodnu [&hellip;]<\/p>\n","protected":false},"author":7,"featured_media":9454,"parent":422,"menu_order":12,"comment_status":"closed","ping_status":"closed","template":"","meta":{"_acf_changed":false,"_relevanssi_hide_post":"","_relevanssi_hide_content":"","_relevanssi_pin_for_all":"","_relevanssi_pin_keywords":"","_relevanssi_unpin_keywords":"","_relevanssi_related_keywords":"","_relevanssi_related_include_ids":"","_relevanssi_related_exclude_ids":"","_relevanssi_related_no_append":"","_relevanssi_related_not_related":"","_relevanssi_related_posts":"","_relevanssi_noindex_reason":"","inline_featured_image":false,"footnotes":""},"class_list":["post-8047","page","type-page","status-publish","has-post-thumbnail","hentry"],"acf":[],"yoast_head":"<!-- This site is optimized with the Yoast SEO plugin v27.6 - https:\/\/yoast.com\/product\/yoast-seo-wordpress\/ -->\n<title>\u00cdtr\u00f3ttaFAGNA\u00d0URIN - \u00cdtr\u00f3ttasamband F\u00f8roya<\/title>\n<meta name=\"robots\" content=\"index, follow, max-snippet:-1, max-image-preview:large, max-video-preview:-1\" \/>\n<link rel=\"canonical\" href=\"https:\/\/isf.fo\/en\/tilfar\/itrottafagnadurin\/\" \/>\n<meta property=\"og:locale\" content=\"en_US\" \/>\n<meta property=\"og:type\" content=\"article\" \/>\n<meta property=\"og:title\" content=\"\u00cdtr\u00f3ttaFAGNA\u00d0URIN - \u00cdtr\u00f3ttasamband F\u00f8roya\" \/>\n<meta property=\"og:description\" content=\"\u00cdtr\u00f3ttaFAGNA\u00d0URIN \u00c1rligu \u00edtr\u00f3ttahei\u00f0ursl\u00f8nirnar: \u00c1 \u00cdtr\u00f3ttaFAGNA\u00d0INUM, sum \u00cdSF skipar fyri \u00e1 hv\u00f8rjum \u00e1ri, hei\u00f0ra vit okkara \u00f3tr\u00faligu \u00edtr\u00f3ttatalentum og \u00f3f\u00f8ru sj\u00e1lvbodnu [&hellip;]\" \/>\n<meta property=\"og:url\" content=\"https:\/\/isf.fo\/en\/tilfar\/itrottafagnadurin\/\" \/>\n<meta property=\"og:site_name\" content=\"\u00cdtr\u00f3ttasamband F\u00f8roya\" \/>\n<meta property=\"article:publisher\" content=\"https:\/\/www.facebook.com\/itrottasambandid\" \/>\n<meta property=\"article:modified_time\" content=\"2025-02-03T10:48:51+00:00\" \/>\n<meta property=\"og:image\" content=\"https:\/\/d21ockg4ri0hhk.cloudfront.net\/wp-content\/uploads\/2021\/11\/30192341\/InkedLogo_Fagnadur_2020_LI.jpg\" \/>\n\t<meta property=\"og:image:width\" content=\"1754\" \/>\n\t<meta property=\"og:image:height\" content=\"1239\" \/>\n\t<meta property=\"og:image:type\" content=\"image\/jpeg\" \/>\n<meta name=\"twitter:card\" content=\"summary_large_image\" \/>\n<meta name=\"twitter:label1\" content=\"Est. reading time\" \/>\n\t<meta name=\"twitter:data1\" content=\"5 minutes\" \/>\n<script type=\"application\/ld+json\" class=\"yoast-schema-graph\">{\"@context\":\"https:\\\/\\\/schema.org\",\"@graph\":[{\"@type\":\"WebPage\",\"@id\":\"https:\\\/\\\/isf.fo\\\/tilfar\\\/itrottafagnadurin\\\/\",\"url\":\"https:\\\/\\\/isf.fo\\\/tilfar\\\/itrottafagnadurin\\\/\",\"name\":\"\u00cdtr\u00f3ttaFAGNA\u00d0URIN - \u00cdtr\u00f3ttasamband F\u00f8roya\",\"isPartOf\":{\"@id\":\"https:\\\/\\\/isf.fo\\\/#website\"},\"primaryImageOfPage\":{\"@id\":\"https:\\\/\\\/isf.fo\\\/tilfar\\\/itrottafagnadurin\\\/#primaryimage\"},\"image\":{\"@id\":\"https:\\\/\\\/isf.fo\\\/tilfar\\\/itrottafagnadurin\\\/#primaryimage\"},\"thumbnailUrl\":\"https:\\\/\\\/d21ockg4ri0hhk.cloudfront.net\\\/wp-content\\\/uploads\\\/2021\\\/11\\\/30192341\\\/InkedLogo_Fagnadur_2020_LI.jpg\",\"datePublished\":\"2020-12-14T10:23:12+00:00\",\"dateModified\":\"2025-02-03T10:48:51+00:00\",\"breadcrumb\":{\"@id\":\"https:\\\/\\\/isf.fo\\\/tilfar\\\/itrottafagnadurin\\\/#breadcrumb\"},\"inLanguage\":\"en-US\",\"potentialAction\":[{\"@type\":\"ReadAction\",\"target\":[\"https:\\\/\\\/isf.fo\\\/tilfar\\\/itrottafagnadurin\\\/\"]}]},{\"@type\":\"ImageObject\",\"inLanguage\":\"en-US\",\"@id\":\"https:\\\/\\\/isf.fo\\\/tilfar\\\/itrottafagnadurin\\\/#primaryimage\",\"url\":\"https:\\\/\\\/d21ockg4ri0hhk.cloudfront.net\\\/wp-content\\\/uploads\\\/2021\\\/11\\\/30192341\\\/InkedLogo_Fagnadur_2020_LI.jpg\",\"contentUrl\":\"https:\\\/\\\/d21ockg4ri0hhk.cloudfront.net\\\/wp-content\\\/uploads\\\/2021\\\/11\\\/30192341\\\/InkedLogo_Fagnadur_2020_LI.jpg\",\"width\":1754,\"height\":1239},{\"@type\":\"BreadcrumbList\",\"@id\":\"https:\\\/\\\/isf.fo\\\/tilfar\\\/itrottafagnadurin\\\/#breadcrumb\",\"itemListElement\":[{\"@type\":\"ListItem\",\"position\":1,\"name\":\"Home\",\"item\":\"https:\\\/\\\/isf.fo\\\/\"},{\"@type\":\"ListItem\",\"position\":2,\"name\":\"Tilfar\",\"item\":\"https:\\\/\\\/isf.fo\\\/tilfar\\\/\"},{\"@type\":\"ListItem\",\"position\":3,\"name\":\"\u00cdtr\u00f3ttaFAGNA\u00d0URIN\"}]},{\"@type\":\"WebSite\",\"@id\":\"https:\\\/\\\/isf.fo\\\/#website\",\"url\":\"https:\\\/\\\/isf.fo\\\/\",\"name\":\"\u00cdtr\u00f3ttasamband F\u00f8roya\",\"description\":\"\",\"publisher\":{\"@id\":\"https:\\\/\\\/isf.fo\\\/#organization\"},\"potentialAction\":[{\"@type\":\"SearchAction\",\"target\":{\"@type\":\"EntryPoint\",\"urlTemplate\":\"https:\\\/\\\/isf.fo\\\/?s={search_term_string}\"},\"query-input\":{\"@type\":\"PropertyValueSpecification\",\"valueRequired\":true,\"valueName\":\"search_term_string\"}}],\"inLanguage\":\"en-US\"},{\"@type\":\"Organization\",\"@id\":\"https:\\\/\\\/isf.fo\\\/#organization\",\"name\":\"\u00cdtr\u00f3ttasamband F\u00f8roya\",\"url\":\"https:\\\/\\\/isf.fo\\\/\",\"logo\":{\"@type\":\"ImageObject\",\"inLanguage\":\"en-US\",\"@id\":\"https:\\\/\\\/isf.fo\\\/#\\\/schema\\\/logo\\\/image\\\/\",\"url\":\"https:\\\/\\\/isf.fo\\\/wp-content\\\/uploads\\\/2025\\\/06\\\/ISF_Olympic-Committee-logo.png\",\"contentUrl\":\"https:\\\/\\\/isf.fo\\\/wp-content\\\/uploads\\\/2025\\\/06\\\/ISF_Olympic-Committee-logo.png\",\"width\":618,\"height\":121,\"caption\":\"\u00cdtr\u00f3ttasamband F\u00f8roya\"},\"image\":{\"@id\":\"https:\\\/\\\/isf.fo\\\/#\\\/schema\\\/logo\\\/image\\\/\"},\"sameAs\":[\"https:\\\/\\\/www.facebook.com\\\/itrottasambandid\"]}]}<\/script>\n<!-- \/ Yoast SEO plugin. -->","yoast_head_json":{"title":"\u00cdtr\u00f3ttaFAGNA\u00d0URIN - \u00cdtr\u00f3ttasamband F\u00f8roya","robots":{"index":"index","follow":"follow","max-snippet":"max-snippet:-1","max-image-preview":"max-image-preview:large","max-video-preview":"max-video-preview:-1"},"canonical":"https:\/\/isf.fo\/en\/tilfar\/itrottafagnadurin\/","og_locale":"en_US","og_type":"article","og_title":"\u00cdtr\u00f3ttaFAGNA\u00d0URIN - \u00cdtr\u00f3ttasamband F\u00f8roya","og_description":"\u00cdtr\u00f3ttaFAGNA\u00d0URIN \u00c1rligu \u00edtr\u00f3ttahei\u00f0ursl\u00f8nirnar: \u00c1 \u00cdtr\u00f3ttaFAGNA\u00d0INUM, sum \u00cdSF skipar fyri \u00e1 hv\u00f8rjum \u00e1ri, hei\u00f0ra vit okkara \u00f3tr\u00faligu \u00edtr\u00f3ttatalentum og \u00f3f\u00f8ru sj\u00e1lvbodnu [&hellip;]","og_url":"https:\/\/isf.fo\/en\/tilfar\/itrottafagnadurin\/","og_site_name":"\u00cdtr\u00f3ttasamband F\u00f8roya","article_publisher":"https:\/\/www.facebook.com\/itrottasambandid","article_modified_time":"2025-02-03T10:48:51+00:00","og_image":[{"width":1754,"height":1239,"url":"https:\/\/d21ockg4ri0hhk.cloudfront.net\/wp-content\/uploads\/2021\/11\/30192341\/InkedLogo_Fagnadur_2020_LI.jpg","type":"image\/jpeg"}],"twitter_card":"summary_large_image","twitter_misc":{"Est. reading time":"5 minutes"},"schema":{"@context":"https:\/\/schema.org","@graph":[{"@type":"WebPage","@id":"https:\/\/isf.fo\/tilfar\/itrottafagnadurin\/","url":"https:\/\/isf.fo\/tilfar\/itrottafagnadurin\/","name":"\u00cdtr\u00f3ttaFAGNA\u00d0URIN - \u00cdtr\u00f3ttasamband F\u00f8roya","isPartOf":{"@id":"https:\/\/isf.fo\/#website"},"primaryImageOfPage":{"@id":"https:\/\/isf.fo\/tilfar\/itrottafagnadurin\/#primaryimage"},"image":{"@id":"https:\/\/isf.fo\/tilfar\/itrottafagnadurin\/#primaryimage"},"thumbnailUrl":"https:\/\/d21ockg4ri0hhk.cloudfront.net\/wp-content\/uploads\/2021\/11\/30192341\/InkedLogo_Fagnadur_2020_LI.jpg","datePublished":"2020-12-14T10:23:12+00:00","dateModified":"2025-02-03T10:48:51+00:00","breadcrumb":{"@id":"https:\/\/isf.fo\/tilfar\/itrottafagnadurin\/#breadcrumb"},"inLanguage":"en-US","potentialAction":[{"@type":"ReadAction","target":["https:\/\/isf.fo\/tilfar\/itrottafagnadurin\/"]}]},{"@type":"ImageObject","inLanguage":"en-US","@id":"https:\/\/isf.fo\/tilfar\/itrottafagnadurin\/#primaryimage","url":"https:\/\/d21ockg4ri0hhk.cloudfront.net\/wp-content\/uploads\/2021\/11\/30192341\/InkedLogo_Fagnadur_2020_LI.jpg","contentUrl":"https:\/\/d21ockg4ri0hhk.cloudfront.net\/wp-content\/uploads\/2021\/11\/30192341\/InkedLogo_Fagnadur_2020_LI.jpg","width":1754,"height":1239},{"@type":"BreadcrumbList","@id":"https:\/\/isf.fo\/tilfar\/itrottafagnadurin\/#breadcrumb","itemListElement":[{"@type":"ListItem","position":1,"name":"Home","item":"https:\/\/isf.fo\/"},{"@type":"ListItem","position":2,"name":"Tilfar","item":"https:\/\/isf.fo\/tilfar\/"},{"@type":"ListItem","position":3,"name":"\u00cdtr\u00f3ttaFAGNA\u00d0URIN"}]},{"@type":"WebSite","@id":"https:\/\/isf.fo\/#website","url":"https:\/\/isf.fo\/","name":"\u00cdtr\u00f3ttasamband F\u00f8roya","description":"","publisher":{"@id":"https:\/\/isf.fo\/#organization"},"potentialAction":[{"@type":"SearchAction","target":{"@type":"EntryPoint","urlTemplate":"https:\/\/isf.fo\/?s={search_term_string}"},"query-input":{"@type":"PropertyValueSpecification","valueRequired":true,"valueName":"search_term_string"}}],"inLanguage":"en-US"},{"@type":"Organization","@id":"https:\/\/isf.fo\/#organization","name":"\u00cdtr\u00f3ttasamband F\u00f8roya","url":"https:\/\/isf.fo\/","logo":{"@type":"ImageObject","inLanguage":"en-US","@id":"https:\/\/isf.fo\/#\/schema\/logo\/image\/","url":"https:\/\/isf.fo\/wp-content\/uploads\/2025\/06\/ISF_Olympic-Committee-logo.png","contentUrl":"https:\/\/isf.fo\/wp-content\/uploads\/2025\/06\/ISF_Olympic-Committee-logo.png","width":618,"height":121,"caption":"\u00cdtr\u00f3ttasamband F\u00f8roya"},"image":{"@id":"https:\/\/isf.fo\/#\/schema\/logo\/image\/"},"sameAs":["https:\/\/www.facebook.com\/itrottasambandid"]}]}},"_links":{"self":[{"href":"https:\/\/isf.fo\/en\/wp-json\/wp\/v2\/pages\/8047","targetHints":{"allow":["GET"]}}],"collection":[{"href":"https:\/\/isf.fo\/en\/wp-json\/wp\/v2\/pages"}],"about":[{"href":"https:\/\/isf.fo\/en\/wp-json\/wp\/v2\/types\/page"}],"author":[{"embeddable":true,"href":"https:\/\/isf.fo\/en\/wp-json\/wp\/v2\/users\/7"}],"replies":[{"embeddable":true,"href":"https:\/\/isf.fo\/en\/wp-json\/wp\/v2\/comments?post=8047"}],"version-history":[{"count":16,"href":"https:\/\/isf.fo\/en\/wp-json\/wp\/v2\/pages\/8047\/revisions"}],"predecessor-version":[{"id":12159,"href":"https:\/\/isf.fo\/en\/wp-json\/wp\/v2\/pages\/8047\/revisions\/12159"}],"up":[{"embeddable":true,"href":"https:\/\/isf.fo\/en\/wp-json\/wp\/v2\/pages\/422"}],"wp:featuredmedia":[{"embeddable":true,"href":"https:\/\/isf.fo\/en\/wp-json\/wp\/v2\/media\/9454"}],"wp:attachment":[{"href":"https:\/\/isf.fo\/en\/wp-json\/wp\/v2\/media?parent=8047"}],"curies":[{"name":"wp","href":"https:\/\/api.w.org\/{rel}","templated":true}]}}