{"id":8050,"date":"2020-12-14T10:29:43","date_gmt":"2020-12-14T10:29:43","guid":{"rendered":"https:\/\/isf.fo\/tilfar\/itrottafagnadurin\/itrottafagnadurin-2020\/"},"modified":"2026-01-26T13:44:19","modified_gmt":"2026-01-26T13:44:19","slug":"itrottafagnadur-heidurslonirnar","status":"publish","type":"page","link":"https:\/\/isf.fo\/en\/tilfar\/itrottafagnadurin\/itrottafagnadur-heidurslonirnar\/","title":{"rendered":"\u00cdtr\u00f3ttaHEI\u00d0URSL\u00d8NIR"},"content":{"rendered":"<h2 style=\"text-align: center;\">\u00cdtr\u00f3ttaFAGNA\u00d0URIN 2025 ver\u00f0ur<\/h2>\n<h2 style=\"text-align: center;\">leygardagin tann 7. februar 2026<\/h2>\n<p>&#8212;&#8212;&#8212;&#8212;&#8212;&#8212;&#8212;&#8212;&#8212;&#8212;&#8212;&#8212;&#8212;&#8212;&#8212;&#8212;&#8212;&#8212;&#8212;&#8212;&#8212;&#8212;&#8212;&#8212;&#8212;&#8212;&#8212;&#8212;&#8212;&#8212;-<\/p>\n<h2 style=\"text-align: left;\"><strong><em>Hei\u00f0ursl\u00f8nir 2026: <\/em><em>(sum ver\u00f0a latnar februar 2027)<\/em><\/strong><\/h2>\n<p>&#8212;&#8212;&#8212;&#8212;&#8212;&#8212;&#8212;&#8212;&#8212;&#8212;&#8212;&#8212;&#8212;&#8212;&#8212;&#8212;&#8212;&#8212;&#8212;&#8212;&#8212;&#8212;&#8212;&#8212;&#8212;&#8212;&#8212;&#8212;&#8212;&#8212;-<\/p>\n<h4><span style=\"color: #000000;\"><strong><em>Hei\u00f0ursskjal Poul E. Petersen<\/em><\/strong><\/span><\/h4>\n<p style=\"padding-left: 40px;\">&#8211; ver\u00f0ur lati\u00f0 eini elds\u00e1l, sum \u00ed ein mansaldur hevur t\u00e6nt f\u00f8royskum \u00edtr\u00f3tti \u00e1 fyrimyndarligan, \u00f3sj\u00e1lvs\u00f8knan h\u00e1tt<\/p>\n<ul>\n<li><a href=\"https:\/\/isf.fo\/wp-content\/uploads\/2023\/11\/2023-10-26-PEP.pdf\"><strong><em>Lei\u00f0reglur<\/em><\/strong><\/a><\/li>\n<li><strong>\u00d8ll<\/strong> kunnu <strong>innstilla <a href=\"https:\/\/forms.gle\/fYet1cDHBpG8cuQg7\">her<\/a><\/strong> &#8211; freistin er <strong>01.12.26<\/strong><\/li>\n<\/ul>\n<h4><strong><em>\u00cdtr\u00f3ttaFELAGSSKAPURIN<\/em><\/strong><\/h4>\n<p style=\"padding-left: 40px;\">&#8211; er ein v\u00e6lvirkandi og sunnur felagsskapur, sum tekur \u00e1byrgd og leggur lunnar undir eitt gott og mennandi umhv\u00f8rvi fyri s\u00edni limafel\u00f8g ella \u00ed\u00f0karar, venjarar, nevndarlimir, sj\u00e1lvbo\u00f0in o.o. \u00ed \u00edtr\u00f3ttinum<\/p>\n<ul>\n<li><a href=\"https:\/\/isf.fo\/wp-content\/uploads\/2023\/11\/2023-10-26-ItrottaFELAGSSKAPURIN.pdf\"><strong><em>Lei\u00f0reglur<\/em><\/strong><\/a><\/li>\n<li><strong>\u00d8ll<\/strong> kunnu <strong>innstilla <a href=\"https:\/\/docs.google.com\/forms\/d\/e\/1FAIpQLSdBQPPKzyQd2EtrLxRNsu_g3dsPhIZD7aCz33PvfHPfn2-blw\/viewform?usp=sharing&amp;ouid=102140370939974988805\">her<\/a> <\/strong>&#8211; freistin er <strong>01.12.26<\/strong><\/li>\n<\/ul>\n<h4><strong><em>\u00cdtr\u00f3ttaVENJARIN<\/em><\/strong><\/h4>\n<p style=\"padding-left: 40px;\">&#8211; skapar eitt \u00edtr\u00f3ttaumhv\u00f8rvi\u00f0, i\u00f0 r\u00famar b\u00e6\u00f0i breidd og \u00farval, har \u00f8ll tr\u00edvast saman, og har \u00ed\u00f0kararnar vilja gera s\u00edtt besta til venjing og til dystir\/kappingar<\/p>\n<ul>\n<li><strong><em><a href=\"https:\/\/isf.fo\/wp-content\/uploads\/2023\/11\/2023-10-26-ItrottaVENJARIN-1.pdf\">Lei\u00f0reglur<\/a>\u00a0<\/em><\/strong><\/li>\n<li><strong>\u00d8ll<\/strong> kunnu <strong>innstilla<\/strong> <a href=\"https:\/\/forms.gle\/GFjmniMJWHxPbcHSA\"><strong>her<\/strong><\/a> &#8211; freistin er <strong>01.12.26<\/strong><\/li>\n<\/ul>\n<h4><strong><em>\u00cdtr\u00f3ttaELDS\u00c1LIN<\/em><\/strong><\/h4>\n<p style=\"padding-left: 40px;\">&#8211; er ein sj\u00e1lvbo\u00f0in venjari, li\u00f0lei\u00f0ari, stevnu\u00e1byrgdari, nevndarlimur, samskipari ella onkur annar, i\u00f0 vi\u00f0 serligum innsatsi hevur vi\u00f0virka\u00f0 til samanhaldi\u00f0 \u00ed s\u00ednum \u00edtr\u00f3ttafelag seinastu \u00e1rini<\/p>\n<ul>\n<li><a href=\"https:\/\/isf.fo\/wp-content\/uploads\/2024\/09\/2024-09-25-ItrottaELDSALIN.pdf\"><strong><em>Lei\u00f0reglur<\/em><\/strong><\/a><\/li>\n<li><strong>\u00d8ll<\/strong> kunnu <strong>innstilla<\/strong> <a href=\"https:\/\/forms.gle\/xkzKof7Pontxiei2A\"><strong>her<\/strong><\/a> &#8211; freistin er <strong>01.12.25<\/strong><\/li>\n<\/ul>\n<h4><strong><em>\u00cdtr\u00f3ttaS\u00d3LSTR\u00c1LAN<\/em><\/strong><\/h4>\n<p style=\"padding-left: 40px;\">&#8211; er ein ungur pers\u00f3nur &#8211; 20 \u00e1r ella yngri &#8211; i\u00f0 vi\u00f0 s\u00ednum g\u00f3\u00f0a li\u00f0- og felagsanda ger s\u00edtt \u00edkast til, at hini \u00e1 li\u00f0num ella \u00ed felagnum f\u00f8la seg v\u00e6lkomnan, s\u00e6ddan og sum ein umr\u00e1\u00f0andi part av li\u00f0num\/felagnum.<\/p>\n<ul>\n<li><a href=\"https:\/\/isf.fo\/wp-content\/uploads\/2024\/09\/2023-11-23-ItrottaSOLSTRALAN.pdf\"><strong><em>Lei\u00f0reglur<\/em><\/strong><\/a><\/li>\n<li><strong>\u00d8ll<\/strong> kunnu <strong>innstilla<\/strong> <a href=\"https:\/\/forms.gle\/1tVaEAsiVDpLzcSQ6\"><strong>her<\/strong><\/a> &#8211; freistin var <strong>01.12.26<\/strong><\/li>\n<\/ul>\n<h4><strong><em>\u00cdtr\u00f3ttaL\u00d8TAN<\/em><\/strong><\/h4>\n<p style=\"padding-left: 40px;\">&#8211; er ein heilt serlig l\u00f8ta, sum vit minnast serliga v\u00e6l fr\u00e1 hesum \u00edtr\u00f3tta\u00e1rinum. Hetta kann vera \u00ed eini \u00e1v\u00edsari kapping\/dysti, ella burtur\u00far einum kappingar\u00e1ri, sum hevur veri\u00f0 heilt serligt allan vegin \u00edgj\u00f8gnum.<\/p>\n<ul>\n<li><a href=\"https:\/\/isf.fo\/wp-content\/uploads\/2025\/11\/2025-11-13-ItrottaLOTAN-.pdf\"><strong><em>Lei\u00f0reglur<\/em><\/strong><\/a><\/li>\n<li><strong>\u00d8ll<\/strong> kunnu <strong>innstilla<\/strong> <a href=\"https:\/\/forms.gle\/iL3cWDSZ83BJLeH3A\"><strong>her<\/strong><\/a> &#8211; freistin er <strong>01.01.27 <\/strong><em>(\u00d8ll tey, sum hava veri\u00f0 vi\u00f0 \u00ed atkv\u00f8\u00f0ugrei\u00f0sluni \u00e1 Sona eru vi\u00f0 \u00ed lutakasti um ein vinning<\/em><em style=\"color: initial;\">)<\/em><\/li>\n<\/ul>\n<p><strong style=\"color: revert; font-size: revert;\"><em>\u00cdtr\u00f3ttaNAVNI\u00d0<\/em><\/strong><\/p>\n<p style=\"padding-left: 40px;\">&#8211; er eitt \u00edtr\u00f3ttaf\u00f3lk ella -li\u00f0, sum hevur skara\u00f0 fram\u00far undanfarna \u00e1ri\u00f0, og hava gj\u00f8rt vart vi\u00f0 seg \u00e1 altj\u00f3\u00f0a stigi<\/p>\n<ul>\n<li><a href=\"https:\/\/isf.fo\/wp-content\/uploads\/2025\/11\/2025-11-05-ItrottaNAVNID.pdf\"><strong><em>Lei\u00f0reglur<\/em><\/strong><\/a><\/li>\n<li><strong>Sambondini og starvsnevndin hj\u00e1 \u00cdSF<\/strong> kunnu innstilla &#8211; freistin er <strong>01.12.26<\/strong><strong>\u00a0<\/strong><em>(leinkja ver\u00f0ur<\/em><em> send seinni \u00ed \u00e1r vi\u00f0 telduposti)<\/em><\/li>\n<\/ul>\n<h4><strong><em>\u00cdtr\u00f3ttaSTJ\u00d8RNUSKOTI\u00d0<\/em><\/strong><\/h4>\n<p style=\"padding-left: 40px;\">&#8211; arbei\u00f0ir hart og mi\u00f0v\u00edst at r\u00f8kku s\u00ednum m\u00e1lum h\u00f3ast ungan aldur, og hevur v\u00edst potentiali til at n\u00e1a h\u00f8gum st\u00f8\u00f0i altj\u00f3\u00f0a \u00ed n\u00e6rmastu framt\u00ed\u00f0<\/p>\n<ul>\n<li><strong><em><a href=\"https:\/\/isf.fo\/wp-content\/uploads\/2023\/11\/2023-10-26-ItrottaSTJORNUSKOTID.pdf\">Lei\u00f0reglur<\/a>\u00a0<\/em><\/strong><\/li>\n<li><strong>Sambondini og starvsnevndin hj\u00e1 \u00cdSF<\/strong> kunnu innstilla &#8211; freistin er <strong>01.12.26<\/strong><strong>\u00a0<\/strong><em>(leinkja ver\u00f0ur<\/em><em> send seinni \u00ed \u00e1r vi\u00f0 telduposti)<\/em><\/li>\n<\/ul>\n<h5><strong><a href=\"https:\/\/isf.fo\/en\/tilfar\/itrottafagnadurin\/\" target=\"_blank\" rel=\"noopener noreferrer\">N\u00e6rri fr\u00e1grei\u00f0ing um \u00cdtr\u00f3ttaFAGNA\u00d0IN<\/a><\/strong><\/h5>\n<h5><strong><a href=\"https:\/\/isf.fo\/en\/bygnadur\/soga\/itrottafagnadurin-vinnarar\/\">Yvirlit yvir vinnarar av hei\u00f0ursl\u00f8nunum<\/a><\/strong><\/h5>","protected":false},"excerpt":{"rendered":"<p>\u00cdtr\u00f3ttaFAGNA\u00d0URIN 2025 ver\u00f0ur leygardagin tann 7. februar 2026 &#8212;&#8212;&#8212;&#8212;&#8212;&#8212;&#8212;&#8212;&#8212;&#8212;&#8212;&#8212;&#8212;&#8212;&#8212;&#8212;&#8212;&#8212;&#8212;&#8212;&#8212;&#8212;&#8212;&#8212;&#8212;&#8212;&#8212;&#8212;&#8212;&#8212;- Hei\u00f0ursl\u00f8nir 2026: (sum ver\u00f0a latnar februar 2027) &#8212;&#8212;&#8212;&#8212;&#8212;&#8212;&#8212;&#8212;&#8212;&#8212;&#8212;&#8212;&#8212;&#8212;&#8212;&#8212;&#8212;&#8212;&#8212;&#8212;&#8212;&#8212;&#8212;&#8212;&#8212;&#8212;&#8212;&#8212;&#8212;&#8212;- Hei\u00f0ursskjal Poul E. [&hellip;]<\/p>\n","protected":false},"author":7,"featured_media":11905,"parent":8047,"menu_order":0,"comment_status":"closed","ping_status":"closed","template":"","meta":{"_acf_changed":false,"_relevanssi_hide_post":"","_relevanssi_hide_content":"","_relevanssi_pin_for_all":"","_relevanssi_pin_keywords":"","_relevanssi_unpin_keywords":"","_relevanssi_related_keywords":"","_relevanssi_related_include_ids":"","_relevanssi_related_exclude_ids":"","_relevanssi_related_no_append":"","_relevanssi_related_not_related":"","_relevanssi_related_posts":"","_relevanssi_noindex_reason":"","inline_featured_image":false,"footnotes":""},"class_list":["post-8050","page","type-page","status-publish","has-post-thumbnail","hentry"],"acf":[],"yoast_head":"<!-- This site is optimized with the Yoast SEO plugin v27.3 - https:\/\/yoast.com\/product\/yoast-seo-wordpress\/ -->\n<title>\u00cdtr\u00f3ttaHEI\u00d0URSL\u00d8NIR - \u00cdtr\u00f3ttasamband F\u00f8roya<\/title>\n<meta name=\"robots\" content=\"index, follow, max-snippet:-1, max-image-preview:large, max-video-preview:-1\" \/>\n<link rel=\"canonical\" href=\"https:\/\/isf.fo\/en\/tilfar\/itrottafagnadurin\/itrottafagnadur-heidurslonirnar\/\" \/>\n<meta property=\"og:locale\" content=\"en_US\" \/>\n<meta property=\"og:type\" content=\"article\" \/>\n<meta property=\"og:title\" content=\"\u00cdtr\u00f3ttaHEI\u00d0URSL\u00d8NIR - \u00cdtr\u00f3ttasamband F\u00f8roya\" \/>\n<meta property=\"og:description\" content=\"\u00cdtr\u00f3ttaFAGNA\u00d0URIN 2025 ver\u00f0ur leygardagin tann 7. februar 2026 &#8212;&#8212;&#8212;&#8212;&#8212;&#8212;&#8212;&#8212;&#8212;&#8212;&#8212;&#8212;&#8212;&#8212;&#8212;&#8212;&#8212;&#8212;&#8212;&#8212;&#8212;&#8212;&#8212;&#8212;&#8212;&#8212;&#8212;&#8212;&#8212;&#8212;- Hei\u00f0ursl\u00f8nir 2026: (sum ver\u00f0a latnar februar 2027) &#8212;&#8212;&#8212;&#8212;&#8212;&#8212;&#8212;&#8212;&#8212;&#8212;&#8212;&#8212;&#8212;&#8212;&#8212;&#8212;&#8212;&#8212;&#8212;&#8212;&#8212;&#8212;&#8212;&#8212;&#8212;&#8212;&#8212;&#8212;&#8212;&#8212;- Hei\u00f0ursskjal Poul E. [&hellip;]\" \/>\n<meta property=\"og:url\" content=\"https:\/\/isf.fo\/en\/tilfar\/itrottafagnadurin\/itrottafagnadur-heidurslonirnar\/\" \/>\n<meta property=\"og:site_name\" content=\"\u00cdtr\u00f3ttasamband F\u00f8roya\" \/>\n<meta property=\"article:publisher\" content=\"https:\/\/www.facebook.com\/itrottasambandid\" \/>\n<meta property=\"article:modified_time\" content=\"2026-01-26T13:44:19+00:00\" \/>\n<meta property=\"og:image\" content=\"https:\/\/isf.fo\/wp-content\/uploads\/2024\/09\/2023-02-04-ItrottaFAGNADUR-2022_B3A5740-Pano-2.jpg\" \/>\n\t<meta property=\"og:image:width\" content=\"2200\" \/>\n\t<meta property=\"og:image:height\" content=\"764\" \/>\n\t<meta property=\"og:image:type\" content=\"image\/jpeg\" \/>\n<meta name=\"twitter:card\" content=\"summary_large_image\" \/>\n<meta name=\"twitter:label1\" content=\"Est. reading time\" \/>\n\t<meta name=\"twitter:data1\" content=\"3 minutes\" \/>\n<script type=\"application\/ld+json\" class=\"yoast-schema-graph\">{\"@context\":\"https:\\\/\\\/schema.org\",\"@graph\":[{\"@type\":\"WebPage\",\"@id\":\"https:\\\/\\\/isf.fo\\\/tilfar\\\/itrottafagnadurin\\\/itrottafagnadur-heidurslonirnar\\\/\",\"url\":\"https:\\\/\\\/isf.fo\\\/tilfar\\\/itrottafagnadurin\\\/itrottafagnadur-heidurslonirnar\\\/\",\"name\":\"\u00cdtr\u00f3ttaHEI\u00d0URSL\u00d8NIR - \u00cdtr\u00f3ttasamband F\u00f8roya\",\"isPartOf\":{\"@id\":\"https:\\\/\\\/isf.fo\\\/#website\"},\"primaryImageOfPage\":{\"@id\":\"https:\\\/\\\/isf.fo\\\/tilfar\\\/itrottafagnadurin\\\/itrottafagnadur-heidurslonirnar\\\/#primaryimage\"},\"image\":{\"@id\":\"https:\\\/\\\/isf.fo\\\/tilfar\\\/itrottafagnadurin\\\/itrottafagnadur-heidurslonirnar\\\/#primaryimage\"},\"thumbnailUrl\":\"https:\\\/\\\/isf.fo\\\/wp-content\\\/uploads\\\/2024\\\/09\\\/2023-02-04-ItrottaFAGNADUR-2022_B3A5740-Pano-2.jpg\",\"datePublished\":\"2020-12-14T10:29:43+00:00\",\"dateModified\":\"2026-01-26T13:44:19+00:00\",\"breadcrumb\":{\"@id\":\"https:\\\/\\\/isf.fo\\\/tilfar\\\/itrottafagnadurin\\\/itrottafagnadur-heidurslonirnar\\\/#breadcrumb\"},\"inLanguage\":\"en-US\",\"potentialAction\":[{\"@type\":\"ReadAction\",\"target\":[\"https:\\\/\\\/isf.fo\\\/tilfar\\\/itrottafagnadurin\\\/itrottafagnadur-heidurslonirnar\\\/\"]}]},{\"@type\":\"ImageObject\",\"inLanguage\":\"en-US\",\"@id\":\"https:\\\/\\\/isf.fo\\\/tilfar\\\/itrottafagnadurin\\\/itrottafagnadur-heidurslonirnar\\\/#primaryimage\",\"url\":\"https:\\\/\\\/isf.fo\\\/wp-content\\\/uploads\\\/2024\\\/09\\\/2023-02-04-ItrottaFAGNADUR-2022_B3A5740-Pano-2.jpg\",\"contentUrl\":\"https:\\\/\\\/isf.fo\\\/wp-content\\\/uploads\\\/2024\\\/09\\\/2023-02-04-ItrottaFAGNADUR-2022_B3A5740-Pano-2.jpg\",\"width\":2200,\"height\":764},{\"@type\":\"BreadcrumbList\",\"@id\":\"https:\\\/\\\/isf.fo\\\/tilfar\\\/itrottafagnadurin\\\/itrottafagnadur-heidurslonirnar\\\/#breadcrumb\",\"itemListElement\":[{\"@type\":\"ListItem\",\"position\":1,\"name\":\"Home\",\"item\":\"https:\\\/\\\/isf.fo\\\/\"},{\"@type\":\"ListItem\",\"position\":2,\"name\":\"Tilfar\",\"item\":\"https:\\\/\\\/isf.fo\\\/tilfar\\\/\"},{\"@type\":\"ListItem\",\"position\":3,\"name\":\"\u00cdtr\u00f3ttaFAGNA\u00d0URIN\",\"item\":\"https:\\\/\\\/isf.fo\\\/tilfar\\\/itrottafagnadurin\\\/\"},{\"@type\":\"ListItem\",\"position\":4,\"name\":\"\u00cdtr\u00f3ttaHEI\u00d0URSL\u00d8NIR\"}]},{\"@type\":\"WebSite\",\"@id\":\"https:\\\/\\\/isf.fo\\\/#website\",\"url\":\"https:\\\/\\\/isf.fo\\\/\",\"name\":\"\u00cdtr\u00f3ttasamband F\u00f8roya\",\"description\":\"\",\"publisher\":{\"@id\":\"https:\\\/\\\/isf.fo\\\/#organization\"},\"potentialAction\":[{\"@type\":\"SearchAction\",\"target\":{\"@type\":\"EntryPoint\",\"urlTemplate\":\"https:\\\/\\\/isf.fo\\\/?s={search_term_string}\"},\"query-input\":{\"@type\":\"PropertyValueSpecification\",\"valueRequired\":true,\"valueName\":\"search_term_string\"}}],\"inLanguage\":\"en-US\"},{\"@type\":\"Organization\",\"@id\":\"https:\\\/\\\/isf.fo\\\/#organization\",\"name\":\"\u00cdtr\u00f3ttasamband F\u00f8roya\",\"url\":\"https:\\\/\\\/isf.fo\\\/\",\"logo\":{\"@type\":\"ImageObject\",\"inLanguage\":\"en-US\",\"@id\":\"https:\\\/\\\/isf.fo\\\/#\\\/schema\\\/logo\\\/image\\\/\",\"url\":\"https:\\\/\\\/isf.fo\\\/wp-content\\\/uploads\\\/2025\\\/06\\\/ISF_Olympic-Committee-logo.png\",\"contentUrl\":\"https:\\\/\\\/isf.fo\\\/wp-content\\\/uploads\\\/2025\\\/06\\\/ISF_Olympic-Committee-logo.png\",\"width\":618,\"height\":121,\"caption\":\"\u00cdtr\u00f3ttasamband F\u00f8roya\"},\"image\":{\"@id\":\"https:\\\/\\\/isf.fo\\\/#\\\/schema\\\/logo\\\/image\\\/\"},\"sameAs\":[\"https:\\\/\\\/www.facebook.com\\\/itrottasambandid\"]}]}<\/script>\n<!-- \/ Yoast SEO plugin. -->","yoast_head_json":{"title":"\u00cdtr\u00f3ttaHEI\u00d0URSL\u00d8NIR - \u00cdtr\u00f3ttasamband F\u00f8roya","robots":{"index":"index","follow":"follow","max-snippet":"max-snippet:-1","max-image-preview":"max-image-preview:large","max-video-preview":"max-video-preview:-1"},"canonical":"https:\/\/isf.fo\/en\/tilfar\/itrottafagnadurin\/itrottafagnadur-heidurslonirnar\/","og_locale":"en_US","og_type":"article","og_title":"\u00cdtr\u00f3ttaHEI\u00d0URSL\u00d8NIR - \u00cdtr\u00f3ttasamband F\u00f8roya","og_description":"\u00cdtr\u00f3ttaFAGNA\u00d0URIN 2025 ver\u00f0ur leygardagin tann 7. februar 2026 &#8212;&#8212;&#8212;&#8212;&#8212;&#8212;&#8212;&#8212;&#8212;&#8212;&#8212;&#8212;&#8212;&#8212;&#8212;&#8212;&#8212;&#8212;&#8212;&#8212;&#8212;&#8212;&#8212;&#8212;&#8212;&#8212;&#8212;&#8212;&#8212;&#8212;- Hei\u00f0ursl\u00f8nir 2026: (sum ver\u00f0a latnar februar 2027) &#8212;&#8212;&#8212;&#8212;&#8212;&#8212;&#8212;&#8212;&#8212;&#8212;&#8212;&#8212;&#8212;&#8212;&#8212;&#8212;&#8212;&#8212;&#8212;&#8212;&#8212;&#8212;&#8212;&#8212;&#8212;&#8212;&#8212;&#8212;&#8212;&#8212;- Hei\u00f0ursskjal Poul E. [&hellip;]","og_url":"https:\/\/isf.fo\/en\/tilfar\/itrottafagnadurin\/itrottafagnadur-heidurslonirnar\/","og_site_name":"\u00cdtr\u00f3ttasamband F\u00f8roya","article_publisher":"https:\/\/www.facebook.com\/itrottasambandid","article_modified_time":"2026-01-26T13:44:19+00:00","og_image":[{"width":2200,"height":764,"url":"https:\/\/isf.fo\/wp-content\/uploads\/2024\/09\/2023-02-04-ItrottaFAGNADUR-2022_B3A5740-Pano-2.jpg","type":"image\/jpeg"}],"twitter_card":"summary_large_image","twitter_misc":{"Est. reading time":"3 minutes"},"schema":{"@context":"https:\/\/schema.org","@graph":[{"@type":"WebPage","@id":"https:\/\/isf.fo\/tilfar\/itrottafagnadurin\/itrottafagnadur-heidurslonirnar\/","url":"https:\/\/isf.fo\/tilfar\/itrottafagnadurin\/itrottafagnadur-heidurslonirnar\/","name":"\u00cdtr\u00f3ttaHEI\u00d0URSL\u00d8NIR - \u00cdtr\u00f3ttasamband F\u00f8roya","isPartOf":{"@id":"https:\/\/isf.fo\/#website"},"primaryImageOfPage":{"@id":"https:\/\/isf.fo\/tilfar\/itrottafagnadurin\/itrottafagnadur-heidurslonirnar\/#primaryimage"},"image":{"@id":"https:\/\/isf.fo\/tilfar\/itrottafagnadurin\/itrottafagnadur-heidurslonirnar\/#primaryimage"},"thumbnailUrl":"https:\/\/isf.fo\/wp-content\/uploads\/2024\/09\/2023-02-04-ItrottaFAGNADUR-2022_B3A5740-Pano-2.jpg","datePublished":"2020-12-14T10:29:43+00:00","dateModified":"2026-01-26T13:44:19+00:00","breadcrumb":{"@id":"https:\/\/isf.fo\/tilfar\/itrottafagnadurin\/itrottafagnadur-heidurslonirnar\/#breadcrumb"},"inLanguage":"en-US","potentialAction":[{"@type":"ReadAction","target":["https:\/\/isf.fo\/tilfar\/itrottafagnadurin\/itrottafagnadur-heidurslonirnar\/"]}]},{"@type":"ImageObject","inLanguage":"en-US","@id":"https:\/\/isf.fo\/tilfar\/itrottafagnadurin\/itrottafagnadur-heidurslonirnar\/#primaryimage","url":"https:\/\/isf.fo\/wp-content\/uploads\/2024\/09\/2023-02-04-ItrottaFAGNADUR-2022_B3A5740-Pano-2.jpg","contentUrl":"https:\/\/isf.fo\/wp-content\/uploads\/2024\/09\/2023-02-04-ItrottaFAGNADUR-2022_B3A5740-Pano-2.jpg","width":2200,"height":764},{"@type":"BreadcrumbList","@id":"https:\/\/isf.fo\/tilfar\/itrottafagnadurin\/itrottafagnadur-heidurslonirnar\/#breadcrumb","itemListElement":[{"@type":"ListItem","position":1,"name":"Home","item":"https:\/\/isf.fo\/"},{"@type":"ListItem","position":2,"name":"Tilfar","item":"https:\/\/isf.fo\/tilfar\/"},{"@type":"ListItem","position":3,"name":"\u00cdtr\u00f3ttaFAGNA\u00d0URIN","item":"https:\/\/isf.fo\/tilfar\/itrottafagnadurin\/"},{"@type":"ListItem","position":4,"name":"\u00cdtr\u00f3ttaHEI\u00d0URSL\u00d8NIR"}]},{"@type":"WebSite","@id":"https:\/\/isf.fo\/#website","url":"https:\/\/isf.fo\/","name":"\u00cdtr\u00f3ttasamband F\u00f8roya","description":"","publisher":{"@id":"https:\/\/isf.fo\/#organization"},"potentialAction":[{"@type":"SearchAction","target":{"@type":"EntryPoint","urlTemplate":"https:\/\/isf.fo\/?s={search_term_string}"},"query-input":{"@type":"PropertyValueSpecification","valueRequired":true,"valueName":"search_term_string"}}],"inLanguage":"en-US"},{"@type":"Organization","@id":"https:\/\/isf.fo\/#organization","name":"\u00cdtr\u00f3ttasamband F\u00f8roya","url":"https:\/\/isf.fo\/","logo":{"@type":"ImageObject","inLanguage":"en-US","@id":"https:\/\/isf.fo\/#\/schema\/logo\/image\/","url":"https:\/\/isf.fo\/wp-content\/uploads\/2025\/06\/ISF_Olympic-Committee-logo.png","contentUrl":"https:\/\/isf.fo\/wp-content\/uploads\/2025\/06\/ISF_Olympic-Committee-logo.png","width":618,"height":121,"caption":"\u00cdtr\u00f3ttasamband F\u00f8roya"},"image":{"@id":"https:\/\/isf.fo\/#\/schema\/logo\/image\/"},"sameAs":["https:\/\/www.facebook.com\/itrottasambandid"]}]}},"_links":{"self":[{"href":"https:\/\/isf.fo\/en\/wp-json\/wp\/v2\/pages\/8050","targetHints":{"allow":["GET"]}}],"collection":[{"href":"https:\/\/isf.fo\/en\/wp-json\/wp\/v2\/pages"}],"about":[{"href":"https:\/\/isf.fo\/en\/wp-json\/wp\/v2\/types\/page"}],"author":[{"embeddable":true,"href":"https:\/\/isf.fo\/en\/wp-json\/wp\/v2\/users\/7"}],"replies":[{"embeddable":true,"href":"https:\/\/isf.fo\/en\/wp-json\/wp\/v2\/comments?post=8050"}],"version-history":[{"count":76,"href":"https:\/\/isf.fo\/en\/wp-json\/wp\/v2\/pages\/8050\/revisions"}],"predecessor-version":[{"id":13359,"href":"https:\/\/isf.fo\/en\/wp-json\/wp\/v2\/pages\/8050\/revisions\/13359"}],"up":[{"embeddable":true,"href":"https:\/\/isf.fo\/en\/wp-json\/wp\/v2\/pages\/8047"}],"wp:featuredmedia":[{"embeddable":true,"href":"https:\/\/isf.fo\/en\/wp-json\/wp\/v2\/media\/11905"}],"wp:attachment":[{"href":"https:\/\/isf.fo\/en\/wp-json\/wp\/v2\/media?parent=8050"}],"curies":[{"name":"wp","href":"https:\/\/api.w.org\/{rel}","templated":true}]}}