{"id":8143,"date":"2021-01-05T12:50:39","date_gmt":"2021-01-05T12:50:39","guid":{"rendered":"https:\/\/isf.fo\/bygnadur\/soga\/itrottafagnadurin-vinnarar\/"},"modified":"2026-02-10T12:31:06","modified_gmt":"2026-02-10T12:31:06","slug":"itrottafagnadurin-vinnarar","status":"publish","type":"page","link":"https:\/\/isf.fo\/en\/bygnadur\/soga\/itrottafagnadurin-vinnarar\/","title":{"rendered":"Sports Galla winners"},"content":{"rendered":"<h3>Hesi hava vunni\u00f0 \u00e1rsins hei\u00f0ursl\u00f8nir:<\/h3>\n<h4>\u00cdtr\u00f3ttaFELAGSSKAPUR<\/h4>\n<ul>\n<li>2019 Taekwondosamband F\u00f8roya<\/li>\n<li>2020 Hondb\u00f3ltssamband F\u00f8roya<\/li>\n<li>2021 F\u00f8roya Styrkisamband<\/li>\n<li>2022 V\u00edkingur<\/li>\n<li>2023 B71<\/li>\n<li>2024 Ternan<\/li>\n<li>2025 H\u00f3sv\u00edkar R\u00f3\u00f0rarfelag<\/li>\n<\/ul>\n<h4>\u00cdtr\u00f3ttaELDS\u00c1L (2019-2022: FYRIMYND)<\/h4>\n<ul>\n<li>2019 H\u00f8gni Kunoy D\u00e1vason, taekwondo<\/li>\n<li>2020 Guri\u00f0 Krossl\u00e1 Augustinussen, hondb\u00f3ltur<\/li>\n<li>2021 Brynjar Poulsen, f\u00f3tb\u00f3ltur<\/li>\n<li>2022 J\u00f3gvan Kristiansson Glerfoss, fr\u00e6lsur \u00edtr\u00f3ttur<\/li>\n<li>2023 Ey\u00f0dis Ellendersen, f\u00f3tb\u00f3ltur<\/li>\n<li>2024 Hildigar\u00f0 Eliasen, f\u00f3tb\u00f3ltur<\/li>\n<li>2025 J\u00f3run Frimannsd\u00f3ttir Jacobsen og J\u00f3run Biskupst\u00f8, f\u00f3tb\u00f3ltur<\/li>\n<\/ul>\n<h4>\u00cdtr\u00f3ttaNAVN<\/h4>\n<ul>\n<li>2018 Torkil Veye, s\u00fakkling<\/li>\n<li>2019 Sverri Sandberg Nielsen, r\u00f3gving<\/li>\n<li>2020 Sverri Sandberg Nielsen, r\u00f3gving<\/li>\n<li>2021 Elias Ellefsen \u00e1 Skipag\u00f8tu, hondb\u00f3ltur<\/li>\n<li>2022 H\u00e1kun West av Teigum, hondb\u00f3ltur<\/li>\n<li>2023 A-landsli\u00f0i\u00f0 menn, hondb\u00f3ltur<\/li>\n<li>2024 A-landsli\u00f0 kvinnur, hondb\u00f3ltur<\/li>\n<li>2025 Jana Mitt\u00fan, hondb\u00f3ltur<\/li>\n<\/ul>\n<h4>\u00cdtr\u00f3ttaSTJ\u00d8RNUSKOT<\/h4>\n<ul>\n<li>2019 Elias Ellefsen \u00e1 Skipag\u00f8tu, hondb\u00f3ltur<\/li>\n<li>2020 Samuel Johansen Chukwudi, f\u00f3tb\u00f3ltur<\/li>\n<li>2021 Elisabeth Erlendsd\u00f3ttir, svimjing<\/li>\n<li>2022 \u00d3li Mitt\u00fan, hondb\u00f3ltur<\/li>\n<li>2023 J\u00f3nas Gunnleivsson Djurhuus, fr\u00e6lsur \u00edtr\u00f3ttur<\/li>\n<li>2024 L\u00edggjas Joensen, svimjing<\/li>\n<li>2025 U21 menn landsli\u00f0, hondb\u00f3ltur<\/li>\n<\/ul>\n<h4>\u00cdtr\u00f3ttaS\u00d3LSTR\u00c1LA<\/h4>\n<ul>\n<li>2023 Gy\u00f0a B. Dj\u00f3nad\u00f3ttir og J\u00f3hanna \u00d8ster\u00f8, hondb\u00f3ltur<\/li>\n<li>2024 Lea Sundberg Eliasen, fimleikur<\/li>\n<li>2025 Hansina Nes\u00e1, fimleikur<\/li>\n<\/ul>\n<h4>\u00cdtr\u00f3ttaVENJARI<\/h4>\n<ul>\n<li>2023 Heri Ziska, fr\u00e6lsur \u00edtr\u00f3ttur v.m.<\/li>\n<li>2024 J\u00f3han Petur Poulsen, f\u00f3tb\u00f3ltur<\/li>\n<li>2025 Hjalti Mohr Jacobsen og Dj\u00f3ni Gaard Joensen, hondb\u00f3ltur<\/li>\n<\/ul>\n<h4><strong>\u00cdtr\u00f3ttaL\u00d8TAN<\/strong><\/h4>\n<ul>\n<li>2025 Sigursr\u00fasurin, t\u00e1 hondsb\u00f3ltskvinnur vunnu \u00e1 Spania til HM\u00a0<\/li>\n<\/ul>\n<h4><strong>\u00cdtr\u00f3tta\u00c1TAK (2018-2022)<\/strong><\/h4>\n<ul>\n<li>2018 Flogb\u00f8rn (FBF)<\/li>\n<li>2019 Eydnudeild F\u00f8royar<\/li>\n<li>2020 Faroe Islands Handball Cup<\/li>\n<li>2021 F\u00f3tb\u00f3ltssk\u00falin vi\u00f0 St\u00f3r\u00e1<\/li>\n<li>2022 Special Olympics f\u00f3tb\u00f3ltsli\u00f0i\u00f0 hj\u00e1 HB<\/li>\n<\/ul>\n<p><strong>Hei\u00f0ursskjal Poul E. Petersen<\/strong>\u00a0ver\u00f0ur eisini lati\u00f0 \u00ed samband vi\u00f0 \u00e1rliga \u00cdtr\u00f3ttaFAGNA\u00d0IN. Yvirlit yvir tey, sum hava fingi\u00f0 hei\u00f0ursskjali\u00f0 s\u00e6st <a href=\"https:\/\/isf.fo\/en\/bygnadur\/soga\/heidursskjal-poul-e-petersen\/\" target=\"_blank\" rel=\"noopener\"><strong>her<\/strong><\/a><\/p>\n<p><strong><a href=\"https:\/\/isf.fo\/en\/tilfar\/itrottafagnadurin\/\">Um tiltaki\u00f0 \u00cdtr\u00f3ttaFAGNA\u00d0URIN<\/a><\/strong><\/p>\n<ul>\n<li><strong><a href=\"https:\/\/isf.fo\/en\/itrottafagnadur-2022-myndir\/\">Myndir fr\u00e1 tiltakinum 2022<\/a><\/strong>\u00a0\u00ed Nor\u00f0urlandah\u00fasinum<\/li>\n<li><a href=\"https:\/\/isf.fo\/en\/itrottafagnadur-2021-myndir\/\"><strong>Myndir fr\u00e1 tiltakinum 2021<\/strong><\/a> \u00e1 Hotel Hilton<\/li>\n<li><a href=\"https:\/\/isf.fo\/en\/itrottafagnadur-2020-myndir\/\"><strong>Myndir fr\u00e1 tiltakinum 2020<\/strong><\/a>\u00a0\u00ed Mentanarh\u00fasinum \u00ed Fuglafir\u00f0i<\/li>\n<li><a href=\"https:\/\/isf.fo\/en\/itrottafagnadur-2019-myndir\/\"><strong>Myndir fr\u00e1 tiltakinum 2019<\/strong><\/a> \u00ed M\u00fcller&#8217;s Pakkh\u00fas<\/li>\n<li><a href=\"https:\/\/isf.fo\/en\/itrottafagnadur-2018-myndir\/\"><strong>Myndir fr\u00e1 tiltakinum 2018<\/strong><\/a> \u00ed Sm\u00e6runi<\/li>\n<\/ul>\n<h5>\u00a0<\/h5>\n\n\n<p><\/p>","protected":false},"excerpt":{"rendered":"<p>Hesi hava vunni\u00f0 \u00e1rsins hei\u00f0ursl\u00f8nir: \u00cdtr\u00f3ttaFELAGSSKAPUR 2019 Taekwondosamband F\u00f8roya 2020 Hondb\u00f3ltssamband F\u00f8roya 2021 F\u00f8roya Styrkisamband 2022 V\u00edkingur 2023 B71 2024 [&hellip;]<\/p>\n","protected":false},"author":7,"featured_media":0,"parent":404,"menu_order":12,"comment_status":"closed","ping_status":"closed","template":"","meta":{"_acf_changed":false,"_relevanssi_hide_post":"","_relevanssi_hide_content":"","_relevanssi_pin_for_all":"","_relevanssi_pin_keywords":"","_relevanssi_unpin_keywords":"","_relevanssi_related_keywords":"","_relevanssi_related_include_ids":"","_relevanssi_related_exclude_ids":"","_relevanssi_related_no_append":"","_relevanssi_related_not_related":"","_relevanssi_related_posts":"","_relevanssi_noindex_reason":"","inline_featured_image":false,"footnotes":""},"class_list":["post-8143","page","type-page","status-publish","hentry"],"acf":[],"yoast_head":"<!-- This site is optimized with the Yoast SEO plugin v27.5 - https:\/\/yoast.com\/product\/yoast-seo-wordpress\/ -->\n<title>\u00cdtr\u00f3ttaFAGNA\u00d0URIN vinnarar - \u00cdtr\u00f3ttasamband F\u00f8roya<\/title>\n<meta name=\"robots\" content=\"index, follow, max-snippet:-1, max-image-preview:large, max-video-preview:-1\" \/>\n<link rel=\"canonical\" href=\"https:\/\/isf.fo\/en\/bygnadur\/soga\/itrottafagnadurin-vinnarar\/\" \/>\n<meta property=\"og:locale\" content=\"en_US\" \/>\n<meta property=\"og:type\" content=\"article\" \/>\n<meta property=\"og:title\" content=\"\u00cdtr\u00f3ttaFAGNA\u00d0URIN vinnarar - \u00cdtr\u00f3ttasamband F\u00f8roya\" \/>\n<meta property=\"og:description\" content=\"Hesi hava vunni\u00f0 \u00e1rsins hei\u00f0ursl\u00f8nir: \u00cdtr\u00f3ttaFELAGSSKAPUR 2019 Taekwondosamband F\u00f8roya 2020 Hondb\u00f3ltssamband F\u00f8roya 2021 F\u00f8roya Styrkisamband 2022 V\u00edkingur 2023 B71 2024 [&hellip;]\" \/>\n<meta property=\"og:url\" content=\"https:\/\/isf.fo\/en\/bygnadur\/soga\/itrottafagnadurin-vinnarar\/\" \/>\n<meta property=\"og:site_name\" content=\"\u00cdtr\u00f3ttasamband F\u00f8roya\" \/>\n<meta property=\"article:publisher\" content=\"https:\/\/www.facebook.com\/itrottasambandid\" \/>\n<meta property=\"article:modified_time\" content=\"2026-02-10T12:31:06+00:00\" \/>\n<meta name=\"twitter:card\" content=\"summary_large_image\" \/>\n<meta name=\"twitter:label1\" content=\"Est. reading time\" \/>\n\t<meta name=\"twitter:data1\" content=\"2 minutes\" \/>\n<script type=\"application\/ld+json\" class=\"yoast-schema-graph\">{\"@context\":\"https:\\\/\\\/schema.org\",\"@graph\":[{\"@type\":\"WebPage\",\"@id\":\"https:\\\/\\\/isf.fo\\\/bygnadur\\\/soga\\\/itrottafagnadurin-vinnarar\\\/\",\"url\":\"https:\\\/\\\/isf.fo\\\/bygnadur\\\/soga\\\/itrottafagnadurin-vinnarar\\\/\",\"name\":\"\u00cdtr\u00f3ttaFAGNA\u00d0URIN vinnarar - \u00cdtr\u00f3ttasamband F\u00f8roya\",\"isPartOf\":{\"@id\":\"https:\\\/\\\/isf.fo\\\/#website\"},\"datePublished\":\"2021-01-05T12:50:39+00:00\",\"dateModified\":\"2026-02-10T12:31:06+00:00\",\"breadcrumb\":{\"@id\":\"https:\\\/\\\/isf.fo\\\/bygnadur\\\/soga\\\/itrottafagnadurin-vinnarar\\\/#breadcrumb\"},\"inLanguage\":\"en-US\",\"potentialAction\":[{\"@type\":\"ReadAction\",\"target\":[\"https:\\\/\\\/isf.fo\\\/bygnadur\\\/soga\\\/itrottafagnadurin-vinnarar\\\/\"]}]},{\"@type\":\"BreadcrumbList\",\"@id\":\"https:\\\/\\\/isf.fo\\\/bygnadur\\\/soga\\\/itrottafagnadurin-vinnarar\\\/#breadcrumb\",\"itemListElement\":[{\"@type\":\"ListItem\",\"position\":1,\"name\":\"Home\",\"item\":\"https:\\\/\\\/isf.fo\\\/\"},{\"@type\":\"ListItem\",\"position\":2,\"name\":\"Bygna\u00f0ur\",\"item\":\"https:\\\/\\\/isf.fo\\\/bygnadur\\\/\"},{\"@type\":\"ListItem\",\"position\":3,\"name\":\"S\u00f8ga\",\"item\":\"https:\\\/\\\/isf.fo\\\/bygnadur\\\/soga\\\/\"},{\"@type\":\"ListItem\",\"position\":4,\"name\":\"\u00cdtr\u00f3ttaFAGNA\u00d0URIN vinnarar\"}]},{\"@type\":\"WebSite\",\"@id\":\"https:\\\/\\\/isf.fo\\\/#website\",\"url\":\"https:\\\/\\\/isf.fo\\\/\",\"name\":\"\u00cdtr\u00f3ttasamband F\u00f8roya\",\"description\":\"\",\"publisher\":{\"@id\":\"https:\\\/\\\/isf.fo\\\/#organization\"},\"potentialAction\":[{\"@type\":\"SearchAction\",\"target\":{\"@type\":\"EntryPoint\",\"urlTemplate\":\"https:\\\/\\\/isf.fo\\\/?s={search_term_string}\"},\"query-input\":{\"@type\":\"PropertyValueSpecification\",\"valueRequired\":true,\"valueName\":\"search_term_string\"}}],\"inLanguage\":\"en-US\"},{\"@type\":\"Organization\",\"@id\":\"https:\\\/\\\/isf.fo\\\/#organization\",\"name\":\"\u00cdtr\u00f3ttasamband F\u00f8roya\",\"url\":\"https:\\\/\\\/isf.fo\\\/\",\"logo\":{\"@type\":\"ImageObject\",\"inLanguage\":\"en-US\",\"@id\":\"https:\\\/\\\/isf.fo\\\/#\\\/schema\\\/logo\\\/image\\\/\",\"url\":\"https:\\\/\\\/isf.fo\\\/wp-content\\\/uploads\\\/2025\\\/06\\\/ISF_Olympic-Committee-logo.png\",\"contentUrl\":\"https:\\\/\\\/isf.fo\\\/wp-content\\\/uploads\\\/2025\\\/06\\\/ISF_Olympic-Committee-logo.png\",\"width\":618,\"height\":121,\"caption\":\"\u00cdtr\u00f3ttasamband F\u00f8roya\"},\"image\":{\"@id\":\"https:\\\/\\\/isf.fo\\\/#\\\/schema\\\/logo\\\/image\\\/\"},\"sameAs\":[\"https:\\\/\\\/www.facebook.com\\\/itrottasambandid\"]}]}<\/script>\n<!-- \/ Yoast SEO plugin. -->","yoast_head_json":{"title":"\u00cdtr\u00f3ttaFAGNA\u00d0URIN vinnarar - \u00cdtr\u00f3ttasamband F\u00f8roya","robots":{"index":"index","follow":"follow","max-snippet":"max-snippet:-1","max-image-preview":"max-image-preview:large","max-video-preview":"max-video-preview:-1"},"canonical":"https:\/\/isf.fo\/en\/bygnadur\/soga\/itrottafagnadurin-vinnarar\/","og_locale":"en_US","og_type":"article","og_title":"\u00cdtr\u00f3ttaFAGNA\u00d0URIN vinnarar - \u00cdtr\u00f3ttasamband F\u00f8roya","og_description":"Hesi hava vunni\u00f0 \u00e1rsins hei\u00f0ursl\u00f8nir: \u00cdtr\u00f3ttaFELAGSSKAPUR 2019 Taekwondosamband F\u00f8roya 2020 Hondb\u00f3ltssamband F\u00f8roya 2021 F\u00f8roya Styrkisamband 2022 V\u00edkingur 2023 B71 2024 [&hellip;]","og_url":"https:\/\/isf.fo\/en\/bygnadur\/soga\/itrottafagnadurin-vinnarar\/","og_site_name":"\u00cdtr\u00f3ttasamband F\u00f8roya","article_publisher":"https:\/\/www.facebook.com\/itrottasambandid","article_modified_time":"2026-02-10T12:31:06+00:00","twitter_card":"summary_large_image","twitter_misc":{"Est. reading time":"2 minutes"},"schema":{"@context":"https:\/\/schema.org","@graph":[{"@type":"WebPage","@id":"https:\/\/isf.fo\/bygnadur\/soga\/itrottafagnadurin-vinnarar\/","url":"https:\/\/isf.fo\/bygnadur\/soga\/itrottafagnadurin-vinnarar\/","name":"\u00cdtr\u00f3ttaFAGNA\u00d0URIN vinnarar - \u00cdtr\u00f3ttasamband F\u00f8roya","isPartOf":{"@id":"https:\/\/isf.fo\/#website"},"datePublished":"2021-01-05T12:50:39+00:00","dateModified":"2026-02-10T12:31:06+00:00","breadcrumb":{"@id":"https:\/\/isf.fo\/bygnadur\/soga\/itrottafagnadurin-vinnarar\/#breadcrumb"},"inLanguage":"en-US","potentialAction":[{"@type":"ReadAction","target":["https:\/\/isf.fo\/bygnadur\/soga\/itrottafagnadurin-vinnarar\/"]}]},{"@type":"BreadcrumbList","@id":"https:\/\/isf.fo\/bygnadur\/soga\/itrottafagnadurin-vinnarar\/#breadcrumb","itemListElement":[{"@type":"ListItem","position":1,"name":"Home","item":"https:\/\/isf.fo\/"},{"@type":"ListItem","position":2,"name":"Bygna\u00f0ur","item":"https:\/\/isf.fo\/bygnadur\/"},{"@type":"ListItem","position":3,"name":"S\u00f8ga","item":"https:\/\/isf.fo\/bygnadur\/soga\/"},{"@type":"ListItem","position":4,"name":"\u00cdtr\u00f3ttaFAGNA\u00d0URIN vinnarar"}]},{"@type":"WebSite","@id":"https:\/\/isf.fo\/#website","url":"https:\/\/isf.fo\/","name":"\u00cdtr\u00f3ttasamband F\u00f8roya","description":"","publisher":{"@id":"https:\/\/isf.fo\/#organization"},"potentialAction":[{"@type":"SearchAction","target":{"@type":"EntryPoint","urlTemplate":"https:\/\/isf.fo\/?s={search_term_string}"},"query-input":{"@type":"PropertyValueSpecification","valueRequired":true,"valueName":"search_term_string"}}],"inLanguage":"en-US"},{"@type":"Organization","@id":"https:\/\/isf.fo\/#organization","name":"\u00cdtr\u00f3ttasamband F\u00f8roya","url":"https:\/\/isf.fo\/","logo":{"@type":"ImageObject","inLanguage":"en-US","@id":"https:\/\/isf.fo\/#\/schema\/logo\/image\/","url":"https:\/\/isf.fo\/wp-content\/uploads\/2025\/06\/ISF_Olympic-Committee-logo.png","contentUrl":"https:\/\/isf.fo\/wp-content\/uploads\/2025\/06\/ISF_Olympic-Committee-logo.png","width":618,"height":121,"caption":"\u00cdtr\u00f3ttasamband F\u00f8roya"},"image":{"@id":"https:\/\/isf.fo\/#\/schema\/logo\/image\/"},"sameAs":["https:\/\/www.facebook.com\/itrottasambandid"]}]}},"_links":{"self":[{"href":"https:\/\/isf.fo\/en\/wp-json\/wp\/v2\/pages\/8143","targetHints":{"allow":["GET"]}}],"collection":[{"href":"https:\/\/isf.fo\/en\/wp-json\/wp\/v2\/pages"}],"about":[{"href":"https:\/\/isf.fo\/en\/wp-json\/wp\/v2\/types\/page"}],"author":[{"embeddable":true,"href":"https:\/\/isf.fo\/en\/wp-json\/wp\/v2\/users\/7"}],"replies":[{"embeddable":true,"href":"https:\/\/isf.fo\/en\/wp-json\/wp\/v2\/comments?post=8143"}],"version-history":[{"count":26,"href":"https:\/\/isf.fo\/en\/wp-json\/wp\/v2\/pages\/8143\/revisions"}],"predecessor-version":[{"id":13382,"href":"https:\/\/isf.fo\/en\/wp-json\/wp\/v2\/pages\/8143\/revisions\/13382"}],"up":[{"embeddable":true,"href":"https:\/\/isf.fo\/en\/wp-json\/wp\/v2\/pages\/404"}],"wp:attachment":[{"href":"https:\/\/isf.fo\/en\/wp-json\/wp\/v2\/media?parent=8143"}],"curies":[{"name":"wp","href":"https:\/\/api.w.org\/{rel}","templated":true}]}}